{"id":1279,"date":"2024-05-09T10:30:18","date_gmt":"2024-05-09T08:30:18","guid":{"rendered":"https:\/\/monitorykomercyjne.pl\/?page_id=1279"},"modified":"2024-05-10T11:53:02","modified_gmt":"2024-05-10T09:53:02","slug":"formularz-kontaktowy","status":"publish","type":"page","link":"https:\/\/monitorykomercyjne.pl\/index.php\/formularz-kontaktowy\/","title":{"rendered":"Formularz kontaktowy"},"content":{"rendered":"\n<form id=\"contactForm\" action=\"https:\/\/portal.promitel.pl\/Kontakt_PHPMailer.php\" method=\"post\">\n      <label for=\"productName\">Nazwa produktu:<\/label>\n\n      <input type=\"text\" id=\"productName\" name=\"productName\" required \/>\n\n      <label for=\"surname\">Imi\u0119 i nazwisko:<\/label>\n      <input type=\"text\" id=\"name\" name=\"name\" required \/>\n\n      <label for=\"company\">Firma:<\/label>\n      <input type=\"text\" id=\"company\" name=\"company\" required \/>\n\n      <label for=\"tel\">Numer telefonu:<\/label>\n      <input type=\"tel\" id=\"tel\" name=\"tel\" required \/>\n\n      <label for=\"email\">Adres email:<\/label>\n      <input type=\"email\" id=\"email\" name=\"email\" required \/>\n\n<input type=\"hidden\" id=\"site\" name=\"site\" required value=\"https:\/\/monitorykomercyjne.pl\/index.php\/strona-koncowa\"\/>\n\n      <label for=\"message\">Wiadomo\u015b\u0107:<\/label>\n      <textarea id=\"message\" name=\"message\" rows=\"4\" required><\/textarea>\n\n      <button class=\"button_form\" type=\"submit\">Wy\u015blij<\/button>\n    <\/form>\n\n    <script>\n      document.addEventListener(\"DOMContentLoaded\", function () {\n        \/\/ Odczytujemy nazw\u0119 produktu z localStorage\n        var productName = localStorage.getItem(\"productName\");\n\n        \/\/ Wype\u0142niamy pole formularza je\u015bli nazwa produktu jest dost\u0119pna\n        if (productName) {\n          document.getElementById(\"productName\").value = productName;\n        }\n      });\n    <\/script>\n    <style>\n      \/* Stylizacja formularza (opcjonalna) *\/\n      form {\n        max-width: 600px;\n        margin: 0 auto;\ndisplay:flex;\nflex-direction: column;\n      }\n      label,\n      input,\n      textarea {\n        display: block;\n        margin-bottom: 10px;\n      }\n    <\/style>\n","protected":false},"excerpt":{"rendered":"<p>Nazwa produktu: Imi\u0119 i nazwisko: Firma: Numer telefonu: Adres email: Wiadomo\u015b\u0107: Wy\u015blij<\/p>\n","protected":false},"author":1,"featured_media":0,"parent":0,"menu_order":0,"comment_status":"closed","ping_status":"closed","template":"","meta":{"inline_featured_image":false,"neve_meta_sidebar":"","neve_meta_container":"","neve_meta_enable_content_width":"","neve_meta_content_width":0,"neve_meta_title_alignment":"","neve_meta_author_avatar":"","neve_post_elements_order":"","neve_meta_disable_header":"","neve_meta_disable_footer":"","neve_meta_disable_title":"on","footnotes":""},"yoast_head":"<!-- This site is optimized with the Yoast SEO plugin v22.6 - https:\/\/yoast.com\/wordpress\/plugins\/seo\/ -->\n<title>Formularz kontaktowy - Monitory Komercyjne Monitory komercyjne<\/title>\n<meta name=\"robots\" content=\"index, follow, max-snippet:-1, max-image-preview:large, max-video-preview:-1\" \/>\n<link rel=\"canonical\" href=\"https:\/\/monitorykomercyjne.pl\/index.php\/formularz-kontaktowy\/\" \/>\n<meta property=\"og:locale\" content=\"pl_PL\" \/>\n<meta property=\"og:type\" content=\"article\" \/>\n<meta property=\"og:title\" content=\"Formularz kontaktowy - Monitory Komercyjne Monitory komercyjne\" \/>\n<meta property=\"og:description\" content=\"Nazwa produktu: Imi\u0119 i nazwisko: Firma: Numer telefonu: Adres email: Wiadomo\u015b\u0107: Wy\u015blij\" \/>\n<meta property=\"og:url\" content=\"https:\/\/monitorykomercyjne.pl\/index.php\/formularz-kontaktowy\/\" \/>\n<meta property=\"og:site_name\" content=\"Monitory Komercyjne\" \/>\n<meta property=\"article:modified_time\" content=\"2024-05-10T09:53:02+00:00\" \/>\n<meta name=\"twitter:card\" content=\"summary_large_image\" \/>\n<meta name=\"twitter:label1\" content=\"Szacowany czas czytania\" \/>\n\t<meta name=\"twitter:data1\" content=\"1 minuta\" \/>\n<script type=\"application\/ld+json\" class=\"yoast-schema-graph\">{\"@context\":\"https:\/\/schema.org\",\"@graph\":[{\"@type\":\"WebPage\",\"@id\":\"https:\/\/monitorykomercyjne.pl\/index.php\/formularz-kontaktowy\/\",\"url\":\"https:\/\/monitorykomercyjne.pl\/index.php\/formularz-kontaktowy\/\",\"name\":\"Formularz kontaktowy - Monitory Komercyjne Monitory komercyjne\",\"isPartOf\":{\"@id\":\"https:\/\/monitorykomercyjne.pl\/#website\"},\"datePublished\":\"2024-05-09T08:30:18+00:00\",\"dateModified\":\"2024-05-10T09:53:02+00:00\",\"breadcrumb\":{\"@id\":\"https:\/\/monitorykomercyjne.pl\/index.php\/formularz-kontaktowy\/#breadcrumb\"},\"inLanguage\":\"pl-PL\",\"potentialAction\":[{\"@type\":\"ReadAction\",\"target\":[\"https:\/\/monitorykomercyjne.pl\/index.php\/formularz-kontaktowy\/\"]}]},{\"@type\":\"BreadcrumbList\",\"@id\":\"https:\/\/monitorykomercyjne.pl\/index.php\/formularz-kontaktowy\/#breadcrumb\",\"itemListElement\":[{\"@type\":\"ListItem\",\"position\":1,\"name\":\"Strona g\u0142\u00f3wna\",\"item\":\"https:\/\/monitorykomercyjne.pl\/\"},{\"@type\":\"ListItem\",\"position\":2,\"name\":\"Formularz kontaktowy\"}]},{\"@type\":\"WebSite\",\"@id\":\"https:\/\/monitorykomercyjne.pl\/#website\",\"url\":\"https:\/\/monitorykomercyjne.pl\/\",\"name\":\"Monitory Komercyjne\",\"description\":\"\",\"potentialAction\":[{\"@type\":\"SearchAction\",\"target\":{\"@type\":\"EntryPoint\",\"urlTemplate\":\"https:\/\/monitorykomercyjne.pl\/?s={search_term_string}\"},\"query-input\":\"required name=search_term_string\"}],\"inLanguage\":\"pl-PL\"}]}<\/script>\n<!-- \/ Yoast SEO plugin. -->","yoast_head_json":{"title":"Formularz kontaktowy - Monitory Komercyjne Monitory komercyjne","robots":{"index":"index","follow":"follow","max-snippet":"max-snippet:-1","max-image-preview":"max-image-preview:large","max-video-preview":"max-video-preview:-1"},"canonical":"https:\/\/monitorykomercyjne.pl\/index.php\/formularz-kontaktowy\/","og_locale":"pl_PL","og_type":"article","og_title":"Formularz kontaktowy - Monitory Komercyjne Monitory komercyjne","og_description":"Nazwa produktu: Imi\u0119 i nazwisko: Firma: Numer telefonu: Adres email: Wiadomo\u015b\u0107: Wy\u015blij","og_url":"https:\/\/monitorykomercyjne.pl\/index.php\/formularz-kontaktowy\/","og_site_name":"Monitory Komercyjne","article_modified_time":"2024-05-10T09:53:02+00:00","twitter_card":"summary_large_image","twitter_misc":{"Szacowany czas czytania":"1 minuta"},"schema":{"@context":"https:\/\/schema.org","@graph":[{"@type":"WebPage","@id":"https:\/\/monitorykomercyjne.pl\/index.php\/formularz-kontaktowy\/","url":"https:\/\/monitorykomercyjne.pl\/index.php\/formularz-kontaktowy\/","name":"Formularz kontaktowy - Monitory Komercyjne Monitory komercyjne","isPartOf":{"@id":"https:\/\/monitorykomercyjne.pl\/#website"},"datePublished":"2024-05-09T08:30:18+00:00","dateModified":"2024-05-10T09:53:02+00:00","breadcrumb":{"@id":"https:\/\/monitorykomercyjne.pl\/index.php\/formularz-kontaktowy\/#breadcrumb"},"inLanguage":"pl-PL","potentialAction":[{"@type":"ReadAction","target":["https:\/\/monitorykomercyjne.pl\/index.php\/formularz-kontaktowy\/"]}]},{"@type":"BreadcrumbList","@id":"https:\/\/monitorykomercyjne.pl\/index.php\/formularz-kontaktowy\/#breadcrumb","itemListElement":[{"@type":"ListItem","position":1,"name":"Strona g\u0142\u00f3wna","item":"https:\/\/monitorykomercyjne.pl\/"},{"@type":"ListItem","position":2,"name":"Formularz kontaktowy"}]},{"@type":"WebSite","@id":"https:\/\/monitorykomercyjne.pl\/#website","url":"https:\/\/monitorykomercyjne.pl\/","name":"Monitory Komercyjne","description":"","potentialAction":[{"@type":"SearchAction","target":{"@type":"EntryPoint","urlTemplate":"https:\/\/monitorykomercyjne.pl\/?s={search_term_string}"},"query-input":"required name=search_term_string"}],"inLanguage":"pl-PL"}]}},"_links":{"self":[{"href":"https:\/\/monitorykomercyjne.pl\/index.php\/wp-json\/wp\/v2\/pages\/1279"}],"collection":[{"href":"https:\/\/monitorykomercyjne.pl\/index.php\/wp-json\/wp\/v2\/pages"}],"about":[{"href":"https:\/\/monitorykomercyjne.pl\/index.php\/wp-json\/wp\/v2\/types\/page"}],"author":[{"embeddable":true,"href":"https:\/\/monitorykomercyjne.pl\/index.php\/wp-json\/wp\/v2\/users\/1"}],"replies":[{"embeddable":true,"href":"https:\/\/monitorykomercyjne.pl\/index.php\/wp-json\/wp\/v2\/comments?post=1279"}],"version-history":[{"count":19,"href":"https:\/\/monitorykomercyjne.pl\/index.php\/wp-json\/wp\/v2\/pages\/1279\/revisions"}],"predecessor-version":[{"id":1317,"href":"https:\/\/monitorykomercyjne.pl\/index.php\/wp-json\/wp\/v2\/pages\/1279\/revisions\/1317"}],"wp:attachment":[{"href":"https:\/\/monitorykomercyjne.pl\/index.php\/wp-json\/wp\/v2\/media?parent=1279"}],"curies":[{"name":"wp","href":"https:\/\/api.w.org\/{rel}","templated":true}]}}