{"id":316,"date":"2024-02-22T12:34:11","date_gmt":"2024-02-22T11:34:11","guid":{"rendered":"https:\/\/monitorykomercyjne.pl\/?post_type=product&#038;p=316"},"modified":"2024-05-09T09:39:57","modified_gmt":"2024-05-09T07:39:57","slug":"ds-d42v16-n-kontroler-led","status":"publish","type":"product","link":"https:\/\/monitorykomercyjne.pl\/index.php\/produkt\/ds-d42v16-n-kontroler-led\/","title":{"rendered":"DS-D42V16-N &#8211; Kontroler LED"},"content":{"rendered":"\n<div class=\"panel-body\">\n<div class=\"preserveFormatting\">\n<h4 class=\"promitel_function_header\">\n                     <span style=\"font-size: 18px\"><br \/>\n                       <strong>Kontroler LED    <\/strong><br \/>\n                     <\/span><br \/>\n                   <\/h4>\n<hr class=\"line\" \/>\n<ul class=\"product_description_item-list\">\n<li class=\"product_description_item\"> <span class=\"prodcuct_description_dot\"> <\/span> <font style=\"vertical-align: inherit;\"> <font style=\"vertical-align: inherit;\">16 port\u00f3w wyj\u015bciowych Ethernet obs\u0142uguje do 10 400 000 pikseli <\/font> <\/font> <\/li>\n<li class=\"product_description_item\"> <span class=\"prodcuct_description_dot\"> <\/span> <font style=\"vertical-align: inherit;\"> <font style=\"vertical-align: inherit;\">Maksymalnie 4 wej\u015bcia DVI mog\u0105 tworzy\u0107 niezale\u017cne \u017ar\u00f3d\u0142o sygna\u0142u wej\u015bciowego, czyli mozaik\u0119 DVI <\/font> <\/font> <\/li>\n<li class=\"product_description_item\"> <span class=\"prodcuct_description_dot\"> <\/span> <font style=\"vertical-align: inherit;\"> <font style=\"vertical-align: inherit;\">Obs\u0142ugiwane cz\u0119stotliwo\u015bci klatek obejmuj\u0105 23,98 Hz, 29,97 Hz, 47,95 Hz, 59,94 Hz, 71,93 Hz i 119,88 Hz. <\/font> <\/font> <\/li>\n<li class=\"product_description_item\"> <span class=\"prodcuct_description_dot\"> <\/span> <font style=\"vertical-align: inherit;\"> <font style=\"vertical-align: inherit;\">Mo\u017cna po\u0142\u0105czy\u0107 maksymalnie 4 urz\u0105dzenia, aby za\u0142adowa\u0107 bardzo du\u017cy ekran, je\u015bli s\u0105 u\u017cywane razem z dystrybutorem wideo <\/font> <\/font> <\/li>\n<li class=\"product_description_item\"> <span class=\"prodcuct_description_dot\"> <\/span> <font style=\"vertical-align: inherit;\"> <font style=\"vertical-align: inherit;\">Mo\u017cna zapisa\u0107 do 10 ustawie\u0144 wst\u0119pnych do wykorzystania w przysz\u0142o\u015bci <\/font> <\/font> <\/li>\n<li class=\"product_description_item\"> <span class=\"prodcuct_description_dot\"> <\/span> <font style=\"vertical-align: inherit;\"> <font style=\"vertical-align: inherit;\">Obs\u0142ugiwane niestandardowe i standardowe EDID <\/font> <\/font> <\/li>\n<li class=\"product_description_item\"> <span class=\"prodcuct_description_dot\"> <\/span> <font style=\"vertical-align: inherit;\"> <font style=\"vertical-align: inherit;\">W trybie kopii zapasowej, w przypadku utraty sygna\u0142u lub awarii portu Ethernet w urz\u0105dzeniu podstawowym, urz\u0105dzenie zapasowe bezproblemowo przejmie zadanie <\/font> <\/font> <\/li>\n<\/ul>\n<div\n      class=\"abs-product-tab-panel\"\n      id=\"promitel_tabProductFeatures\"\n      data-grid-empty-aware=\"false\"\n    ><\/p>\n<section class=\"panel abs-panel\">\n<div class=\"panel-heading\">\n<h3>Specyfikacja produktu               <\/h3>\n<\/p><\/div>\n<div class=\"tech-specs-items-description-wrap\">\n<ul class=\"tech-specs-items-description\" data-target=\"Interface\">\n<li class=\"tech-specs-items-description-list\"> <span class=\"tech-specs-items-description__title--heading\"> <font style=\"vertical-align: inherit;\"> <font style=\"vertical-align: inherit;\">Interfejs <\/font> <\/font> <\/span> <\/li>\n<li class=\"tech-specs-items-description-list\"> <span class=\"tech-specs-items-description__title\"> <font style=\"vertical-align: inherit;\"> <font style=\"vertical-align: inherit;\">Wej\u015bcie wideo i audio <\/font> <\/font> <\/span> <span class=\"tech-specs-items-description__title-details\"> <font style=\"vertical-align: inherit;\"> <font style=\"vertical-align: inherit;\">\/ <\/font> <\/font> <\/span> <\/li>\n<li class=\"tech-specs-items-description-list\"> <span class=\"tech-specs-items-description__title\"> <font style=\"vertical-align: inherit;\"> <font style=\"vertical-align: inherit;\">Wyj\u015bcie wideo i audio <\/font> <\/font> <\/span> <span class=\"tech-specs-items-description__title-details\"> <font style=\"vertical-align: inherit;\"> <font style=\"vertical-align: inherit;\">\/ <\/font> <\/font> <\/span> <\/li>\n<li class=\"tech-specs-items-description-list\"> <span class=\"tech-specs-items-description__title\"> <font style=\"vertical-align: inherit;\"> <font style=\"vertical-align: inherit;\">Interfejs sieciowy <\/font> <\/font> <\/span> <span class=\"tech-specs-items-description__title-details\"> <font style=\"vertical-align: inherit;\"> <font style=\"vertical-align: inherit;\">16 <\/font> <\/font> <\/span> <\/li>\n<li class=\"tech-specs-items-description-list\"> <span class=\"tech-specs-items-description__title\"> <font style=\"vertical-align: inherit;\"> <font style=\"vertical-align: inherit;\">Interfejs sterowania <\/font> <\/font> <\/span> <span class=\"tech-specs-items-description__title-details\"> <font style=\"vertical-align: inherit;\"> <font style=\"vertical-align: inherit;\">RJ45 \u00d7 1, USB (typ B) \u00d7 1 <\/font> <\/font> <\/span> <\/li>\n<\/ul>\n<ul class=\"tech-specs-items-description\" data-target=\"Processing Performance\">\n<li class=\"tech-specs-items-description-list\"> <span class=\"tech-specs-items-description__title--heading\"> <font style=\"vertical-align: inherit;\"> <font style=\"vertical-align: inherit;\">Wydajno\u015b\u0107 przetwarzania <\/font> <\/font> <\/span> <\/li>\n<li class=\"tech-specs-items-description-list\"> <span class=\"tech-specs-items-description__title\"> <font style=\"vertical-align: inherit;\"> <font style=\"vertical-align: inherit;\">Maks.  <\/font> <font style=\"vertical-align: inherit;\">\u0141adowno\u015b\u0107 <\/font> <\/font> <\/span> <span class=\"tech-specs-items-description__title-details\"> <font style=\"vertical-align: inherit;\"> <font style=\"vertical-align: inherit;\">10400000 pikseli <\/font> <\/font> <\/span> <\/li>\n<li class=\"tech-specs-items-description-list\"> <span class=\"tech-specs-items-description__title\"> <font style=\"vertical-align: inherit;\"> <font style=\"vertical-align: inherit;\">Cz\u0119stotliwo\u015b\u0107 klatek <\/font> <\/font> <\/span> <span class=\"tech-specs-items-description__title-details\"> <font style=\"vertical-align: inherit;\"> <font style=\"vertical-align: inherit;\">50\/60 Hz <\/font> <\/font> <\/span> <\/li>\n<li class=\"tech-specs-items-description-list\"> <span class=\"tech-specs-items-description__title\"> <font style=\"vertical-align: inherit;\"> <font style=\"vertical-align: inherit;\">Cz\u0119stotliwo\u015b\u0107 od\u015bwie\u017cania <\/font> <\/font> <\/span> <span class=\"tech-specs-items-description__title-details\"> <font style=\"vertical-align: inherit;\"> <font style=\"vertical-align: inherit;\">60 Hz <\/font> <\/font> <\/span> <\/li>\n<li class=\"tech-specs-items-description-list\"> <span class=\"tech-specs-items-description__title\"> <font style=\"vertical-align: inherit;\"> <font style=\"vertical-align: inherit;\">G\u0142\u0119boko\u015b\u0107 przetwarzania <\/font> <\/font> <\/span> <span class=\"tech-specs-items-description__title-details\"> <font style=\"vertical-align: inherit;\"> <font style=\"vertical-align: inherit;\">8 bitowy <\/font> <\/font> <\/span> <\/li>\n<li class=\"tech-specs-items-description-list\"> <span class=\"tech-specs-items-description__title\"> <font style=\"vertical-align: inherit;\"> <font style=\"vertical-align: inherit;\">Poziom szaro\u015bci <\/font> <\/font> <\/span> <span class=\"tech-specs-items-description__title-details\"> <font style=\"vertical-align: inherit;\"> <font style=\"vertical-align: inherit;\">16-bitowy <\/font> <\/font> <\/span> <\/li>\n<li class=\"tech-specs-items-description-list\"> <span class=\"tech-specs-items-description__title\"> <font style=\"vertical-align: inherit;\"> <font style=\"vertical-align: inherit;\">Kolor wy\u015bwietlacza <\/font> <\/font> <\/span> <span class=\"tech-specs-items-description__title-details\"> <font style=\"vertical-align: inherit;\"> <font style=\"vertical-align: inherit;\">281 bilion\u00f3w <\/font> <\/font> <\/span> <\/li>\n<li class=\"tech-specs-items-description-list\"> <span class=\"tech-specs-items-description__title\"> <font style=\"vertical-align: inherit;\"> <font style=\"vertical-align: inherit;\">Kontrola jasno\u015bci <\/font> <\/font> <\/span> <span class=\"tech-specs-items-description__title-details\"> <font style=\"vertical-align: inherit;\"> <font style=\"vertical-align: inherit;\">Mo\u017cliwo\u015b\u0107 regulacji w zakresie od 0 do 255 <\/font> <\/font> <\/span> <\/li>\n<li class=\"tech-specs-items-description-list\"> <span class=\"tech-specs-items-description__title\"> <font style=\"vertical-align: inherit;\"> <font style=\"vertical-align: inherit;\">Maks.  <\/font> <font style=\"vertical-align: inherit;\">Rozdzielczo\u015b\u0107 wy\u015bwietlania s\u0142upkowego <\/font> <\/font> <\/span> <span class=\"tech-specs-items-description__title-details\"> <font style=\"vertical-align: inherit;\"> <font style=\"vertical-align: inherit;\">16384 x 8192 pikseli <\/font> <\/font> <\/span> <\/li>\n<\/ul>\n<ul class=\"tech-specs-items-description\" data-target=\"Power\">\n<li class=\"tech-specs-items-description-list\"> <span class=\"tech-specs-items-description__title--heading\"> <font style=\"vertical-align: inherit;\"> <font style=\"vertical-align: inherit;\">Moc <\/font> <\/font> <\/span> <\/li>\n<li class=\"tech-specs-items-description-list\"> <span class=\"tech-specs-items-description__title\"> <font style=\"vertical-align: inherit;\"> <font style=\"vertical-align: inherit;\">Maks.  <\/font> <font style=\"vertical-align: inherit;\">Konsumpcja <\/font> <\/font> <\/span> <span class=\"tech-specs-items-description__title-details\"> <font style=\"vertical-align: inherit;\"> <font style=\"vertical-align: inherit;\">70 W <\/font> <\/font> <\/span> <\/li>\n<li class=\"tech-specs-items-description-list\"> <span class=\"tech-specs-items-description__title\"> <font style=\"vertical-align: inherit;\"> <font style=\"vertical-align: inherit;\">\u015arednia konsumpcja <\/font> <\/font> <\/span> <span class=\"tech-specs-items-description__title-details\"> <font style=\"vertical-align: inherit;\"> <font style=\"vertical-align: inherit;\">23 W <\/font> <\/font> <\/span> <\/li>\n<li class=\"tech-specs-items-description-list\"> <span class=\"tech-specs-items-description__title\"> <font style=\"vertical-align: inherit;\"> <font style=\"vertical-align: inherit;\">Napi\u0119cie wej\u015bciowe <\/font> <\/font> <\/span> <span class=\"tech-specs-items-description__title-details\"> <font style=\"vertical-align: inherit;\"> <font style=\"vertical-align: inherit;\">100-240 V <\/font> <\/font> <\/span> <\/li>\n<\/ul>\n<ul class=\"tech-specs-items-description\" data-target=\"Working Environment\">\n<li class=\"tech-specs-items-description-list\"> <span class=\"tech-specs-items-description__title--heading\"> <font style=\"vertical-align: inherit;\"> <font style=\"vertical-align: inherit;\">\u015arodowisko pracy <\/font> <\/font> <\/span> <\/li>\n<li class=\"tech-specs-items-description-list\"> <span class=\"tech-specs-items-description__title\"> <font style=\"vertical-align: inherit;\"> <font style=\"vertical-align: inherit;\">Temperatura pracy <\/font> <\/font> <\/span> <span class=\"tech-specs-items-description__title-details\"> <font style=\"vertical-align: inherit;\"> <font style=\"vertical-align: inherit;\">  0\u00b0C do 50\u00b0C <\/font> <\/font> <\/span> <\/li>\n<li class=\"tech-specs-items-description-list\"> <span class=\"tech-specs-items-description__title\"> <font style=\"vertical-align: inherit;\"> <font style=\"vertical-align: inherit;\">Wilgotno\u015b\u0107 robocza <\/font> <\/font> <\/span> <span class=\"tech-specs-items-description__title-details\"> <font style=\"vertical-align: inherit;\"> <font style=\"vertical-align: inherit;\">20% do 85% RH (bez kondensacji) <\/font> <\/font> <\/span> <\/li>\n<li class=\"tech-specs-items-description-list\"> <span class=\"tech-specs-items-description__title\"> <font style=\"vertical-align: inherit;\"> <font style=\"vertical-align: inherit;\">Temperatura przechowywania <\/font> <\/font> <\/span> <span class=\"tech-specs-items-description__title-details\"> <font style=\"vertical-align: inherit;\"> <font style=\"vertical-align: inherit;\">\u201320\u00b0C do +60\u00b0C <\/font> <\/font> <\/span> <\/li>\n<li class=\"tech-specs-items-description-list\"> <span class=\"tech-specs-items-description__title\"> <font style=\"vertical-align: inherit;\"> <font style=\"vertical-align: inherit;\">Wilgotno\u015b\u0107 przechowywania <\/font> <\/font> <\/span> <span class=\"tech-specs-items-description__title-details\"> <font style=\"vertical-align: inherit;\"> <font style=\"vertical-align: inherit;\">10% do 85% RH (bez kondensacji) <\/font> <\/font> <\/span> <\/li>\n<\/ul>\n<ul class=\"tech-specs-items-description\" data-target=\"General\" style=\"margin-bottom: 70px;\">\n<li class=\"tech-specs-items-description-list\"> <span class=\"tech-specs-items-description__title--heading\"> <font style=\"vertical-align: inherit;\"> <font style=\"vertical-align: inherit;\">Og\u00f3lny <\/font> <\/font> <\/span> <\/li>\n<li class=\"tech-specs-items-description-list\"> <span class=\"tech-specs-items-description__title\"> <font style=\"vertical-align: inherit;\"> <font style=\"vertical-align: inherit;\">Wymiary produktu (szer. \u00d7 wys. \u00d7 g\u0142.) <\/font> <\/font> <\/span> <span class=\"tech-specs-items-description__title-details\"> <font style=\"vertical-align: inherit;\"> <font style=\"vertical-align: inherit;\">482,6 mm \u00d7 372,5 mm \u00d7 94,6 mm <\/font> <\/font> <\/span> <\/li>\n<li class=\"tech-specs-items-description-list\"> <span class=\"tech-specs-items-description__title\"> <font style=\"vertical-align: inherit;\"> <font style=\"vertical-align: inherit;\">Wymiary opakowania (szer. \u00d7 wys. \u00d7 g\u0142.) <\/font> <\/font> <\/span> <span class=\"tech-specs-items-description__title-details\"> <font style=\"vertical-align: inherit;\"> <font style=\"vertical-align: inherit;\">530,0 mm \u00d7 420,0 mm \u00d7 193,0 mm <\/font> <\/font> <\/span> <\/li>\n<li class=\"tech-specs-items-description-list\"> <span class=\"tech-specs-items-description__title\"> <font style=\"vertical-align: inherit;\"> <font style=\"vertical-align: inherit;\">Waga netto <\/font> <\/font> <\/span> <span class=\"tech-specs-items-description__title-details\"> <font style=\"vertical-align: inherit;\"> <font style=\"vertical-align: inherit;\">6,22 kg <\/font> <\/font> <\/span> <\/li>\n<li class=\"tech-specs-items-description-list\"> <span class=\"tech-specs-items-description__title\"> <font style=\"vertical-align: inherit;\"> <font style=\"vertical-align: inherit;\">Waga brutto <\/font> <\/font> <\/span> <span class=\"tech-specs-items-description__title-details\"> <font style=\"vertical-align: inherit;\"> <font style=\"vertical-align: inherit;\">9,78 kg <\/font> <\/font> <\/span> <\/li>\n<li class=\"tech-specs-items-description-list\"> <span class=\"tech-specs-items-description__title\"> <font style=\"vertical-align: inherit;\"> <font style=\"vertical-align: inherit;\">Lista rzeczy w zestawie <\/font> <\/font> <\/span> <span class=\"tech-specs-items-description__title-details\"> <font style=\"vertical-align: inherit;\"> <font style=\"vertical-align: inherit;\">1x europejski przew\u00f3d zasilaj\u0105cy, 1x przew\u00f3d zasilaj\u0105cy na rynek ameryka\u0144ski, 1x przew\u00f3d zasilaj\u0105cy na rynek brytyjski, 1x Cat5e, kabel Ethernet, 1x kabel USB, 1x kabel DVI, 1x kabel HDMI, 1x skr\u00f3cona instrukcja obs\u0142ugi, 1x certyfikat zatwierdzenia <\/font> <\/font> <\/span> <\/li>\n<\/ul><\/div>\n<\/section><\/div>\n<\/p><\/div>\n<\/p><\/div>\n","protected":false},"excerpt":{"rendered":"<table width=\"298\">\n<tbody>\n<tr>\n<td width=\"298\">Pe\u0142nokolorowy, uniwersalny kontroler LED. Pojedyncze urz\u0105dzenie obs\u0142uguje do 10,4 miliona pikseli, przy maksymalnej szeroko\u015bci 16384 pikseli i maksymalnej wysoko\u015bci 8192 pikseli. Wej\u015bcie wideo: 4 \u00d7 DVI, 1x HDMI2.0, 12x3G- SDI, obs\u0142uga 3 warstw w tym samym czasie. Nadaje si\u0119 do serii zewn\u0119trznych i wypo\u017cyczanych<\/td>\n<\/tr>\n<\/tbody>\n<\/table>\n<p>&nbsp;<\/p>\n","protected":false},"featured_media":217,"template":"","meta":{"inline_featured_image":false,"neve_meta_sidebar":"","neve_meta_container":"","neve_meta_enable_content_width":"off","neve_meta_content_width":100,"neve_meta_title_alignment":"","neve_meta_author_avatar":"","neve_post_elements_order":"","neve_meta_disable_header":"","neve_meta_disable_footer":"","neve_meta_disable_title":""},"pwb-brand":[29],"product_cat":[24],"product_tag":[],"yoast_head":"<!-- This site is optimized with the Yoast SEO plugin v22.6 - https:\/\/yoast.com\/wordpress\/plugins\/seo\/ -->\n<title>DS-D42V16-N - Kontroler LED - Monitory Komercyjne Monitory komercyjne<\/title>\n<meta name=\"robots\" content=\"index, follow, max-snippet:-1, max-image-preview:large, max-video-preview:-1\" \/>\n<link rel=\"canonical\" href=\"https:\/\/monitorykomercyjne.pl\/index.php\/produkt\/ds-d42v16-n-kontroler-led\/\" \/>\n<meta property=\"og:locale\" content=\"pl_PL\" \/>\n<meta property=\"og:type\" content=\"article\" \/>\n<meta property=\"og:title\" content=\"DS-D42V16-N - Kontroler LED - Monitory Komercyjne Monitory komercyjne\" \/>\n<meta property=\"og:description\" content=\"Pe\u0142nokolorowy, uniwersalny kontroler LED. Pojedyncze urz\u0105dzenie obs\u0142uguje do 10,4 miliona pikseli, przy maksymalnej szeroko\u015bci 16384 pikseli i maksymalnej wysoko\u015bci 8192 pikseli. Wej\u015bcie wideo: 4 \u00d7 DVI, 1x HDMI2.0, 12x3G- SDI, obs\u0142uga 3 warstw w tym samym czasie. Nadaje si\u0119 do serii zewn\u0119trznych i wypo\u017cyczanych    &nbsp;\" \/>\n<meta property=\"og:url\" content=\"https:\/\/monitorykomercyjne.pl\/index.php\/produkt\/ds-d42v16-n-kontroler-led\/\" \/>\n<meta property=\"og:site_name\" content=\"Monitory Komercyjne\" \/>\n<meta property=\"article:modified_time\" content=\"2024-05-09T07:39:57+00:00\" \/>\n<meta property=\"og:image\" content=\"https:\/\/monitorykomercyjne.pl\/wp-content\/uploads\/2024\/02\/DS-D42V16-N_foto1.png\" \/>\n\t<meta property=\"og:image:width\" content=\"960\" \/>\n\t<meta property=\"og:image:height\" content=\"720\" \/>\n\t<meta property=\"og:image:type\" content=\"image\/png\" \/>\n<meta name=\"twitter:card\" content=\"summary_large_image\" \/>\n<meta name=\"twitter:label1\" content=\"Szacowany czas czytania\" \/>\n\t<meta name=\"twitter:data1\" content=\"1 minuta\" \/>\n<script type=\"application\/ld+json\" class=\"yoast-schema-graph\">{\"@context\":\"https:\/\/schema.org\",\"@graph\":[{\"@type\":\"WebPage\",\"@id\":\"https:\/\/monitorykomercyjne.pl\/index.php\/produkt\/ds-d42v16-n-kontroler-led\/\",\"url\":\"https:\/\/monitorykomercyjne.pl\/index.php\/produkt\/ds-d42v16-n-kontroler-led\/\",\"name\":\"DS-D42V16-N - Kontroler LED - Monitory Komercyjne Monitory komercyjne\",\"isPartOf\":{\"@id\":\"https:\/\/monitorykomercyjne.pl\/#website\"},\"primaryImageOfPage\":{\"@id\":\"https:\/\/monitorykomercyjne.pl\/index.php\/produkt\/ds-d42v16-n-kontroler-led\/#primaryimage\"},\"image\":{\"@id\":\"https:\/\/monitorykomercyjne.pl\/index.php\/produkt\/ds-d42v16-n-kontroler-led\/#primaryimage\"},\"thumbnailUrl\":\"https:\/\/monitorykomercyjne.pl\/wp-content\/uploads\/2024\/02\/DS-D42V16-N_foto1.png\",\"datePublished\":\"2024-02-22T11:34:11+00:00\",\"dateModified\":\"2024-05-09T07:39:57+00:00\",\"breadcrumb\":{\"@id\":\"https:\/\/monitorykomercyjne.pl\/index.php\/produkt\/ds-d42v16-n-kontroler-led\/#breadcrumb\"},\"inLanguage\":\"pl-PL\",\"potentialAction\":[{\"@type\":\"ReadAction\",\"target\":[\"https:\/\/monitorykomercyjne.pl\/index.php\/produkt\/ds-d42v16-n-kontroler-led\/\"]}]},{\"@type\":\"ImageObject\",\"inLanguage\":\"pl-PL\",\"@id\":\"https:\/\/monitorykomercyjne.pl\/index.php\/produkt\/ds-d42v16-n-kontroler-led\/#primaryimage\",\"url\":\"https:\/\/monitorykomercyjne.pl\/wp-content\/uploads\/2024\/02\/DS-D42V16-N_foto1.png\",\"contentUrl\":\"https:\/\/monitorykomercyjne.pl\/wp-content\/uploads\/2024\/02\/DS-D42V16-N_foto1.png\",\"width\":960,\"height\":720},{\"@type\":\"BreadcrumbList\",\"@id\":\"https:\/\/monitorykomercyjne.pl\/index.php\/produkt\/ds-d42v16-n-kontroler-led\/#breadcrumb\",\"itemListElement\":[{\"@type\":\"ListItem\",\"position\":1,\"name\":\"Strona g\u0142\u00f3wna\",\"item\":\"https:\/\/monitorykomercyjne.pl\/\"},{\"@type\":\"ListItem\",\"position\":2,\"name\":\"Produkty\",\"item\":\"https:\/\/monitorykomercyjne.pl\/index.php\/produkty\/\"},{\"@type\":\"ListItem\",\"position\":3,\"name\":\"DS-D42V16-N &#8211; Kontroler LED\"}]},{\"@type\":\"WebSite\",\"@id\":\"https:\/\/monitorykomercyjne.pl\/#website\",\"url\":\"https:\/\/monitorykomercyjne.pl\/\",\"name\":\"Monitory Komercyjne\",\"description\":\"\",\"potentialAction\":[{\"@type\":\"SearchAction\",\"target\":{\"@type\":\"EntryPoint\",\"urlTemplate\":\"https:\/\/monitorykomercyjne.pl\/?s={search_term_string}\"},\"query-input\":\"required name=search_term_string\"}],\"inLanguage\":\"pl-PL\"}]}<\/script>\n<!-- \/ Yoast SEO plugin. -->","yoast_head_json":{"title":"DS-D42V16-N - Kontroler LED - Monitory Komercyjne Monitory komercyjne","robots":{"index":"index","follow":"follow","max-snippet":"max-snippet:-1","max-image-preview":"max-image-preview:large","max-video-preview":"max-video-preview:-1"},"canonical":"https:\/\/monitorykomercyjne.pl\/index.php\/produkt\/ds-d42v16-n-kontroler-led\/","og_locale":"pl_PL","og_type":"article","og_title":"DS-D42V16-N - Kontroler LED - Monitory Komercyjne Monitory komercyjne","og_description":"Pe\u0142nokolorowy, uniwersalny kontroler LED. Pojedyncze urz\u0105dzenie obs\u0142uguje do 10,4 miliona pikseli, przy maksymalnej szeroko\u015bci 16384 pikseli i maksymalnej wysoko\u015bci 8192 pikseli. Wej\u015bcie wideo: 4 \u00d7 DVI, 1x HDMI2.0, 12x3G- SDI, obs\u0142uga 3 warstw w tym samym czasie. Nadaje si\u0119 do serii zewn\u0119trznych i wypo\u017cyczanych    &nbsp;","og_url":"https:\/\/monitorykomercyjne.pl\/index.php\/produkt\/ds-d42v16-n-kontroler-led\/","og_site_name":"Monitory Komercyjne","article_modified_time":"2024-05-09T07:39:57+00:00","og_image":[{"width":960,"height":720,"url":"https:\/\/monitorykomercyjne.pl\/wp-content\/uploads\/2024\/02\/DS-D42V16-N_foto1.png","type":"image\/png"}],"twitter_card":"summary_large_image","twitter_misc":{"Szacowany czas czytania":"1 minuta"},"schema":{"@context":"https:\/\/schema.org","@graph":[{"@type":"WebPage","@id":"https:\/\/monitorykomercyjne.pl\/index.php\/produkt\/ds-d42v16-n-kontroler-led\/","url":"https:\/\/monitorykomercyjne.pl\/index.php\/produkt\/ds-d42v16-n-kontroler-led\/","name":"DS-D42V16-N - Kontroler LED - Monitory Komercyjne Monitory komercyjne","isPartOf":{"@id":"https:\/\/monitorykomercyjne.pl\/#website"},"primaryImageOfPage":{"@id":"https:\/\/monitorykomercyjne.pl\/index.php\/produkt\/ds-d42v16-n-kontroler-led\/#primaryimage"},"image":{"@id":"https:\/\/monitorykomercyjne.pl\/index.php\/produkt\/ds-d42v16-n-kontroler-led\/#primaryimage"},"thumbnailUrl":"https:\/\/monitorykomercyjne.pl\/wp-content\/uploads\/2024\/02\/DS-D42V16-N_foto1.png","datePublished":"2024-02-22T11:34:11+00:00","dateModified":"2024-05-09T07:39:57+00:00","breadcrumb":{"@id":"https:\/\/monitorykomercyjne.pl\/index.php\/produkt\/ds-d42v16-n-kontroler-led\/#breadcrumb"},"inLanguage":"pl-PL","potentialAction":[{"@type":"ReadAction","target":["https:\/\/monitorykomercyjne.pl\/index.php\/produkt\/ds-d42v16-n-kontroler-led\/"]}]},{"@type":"ImageObject","inLanguage":"pl-PL","@id":"https:\/\/monitorykomercyjne.pl\/index.php\/produkt\/ds-d42v16-n-kontroler-led\/#primaryimage","url":"https:\/\/monitorykomercyjne.pl\/wp-content\/uploads\/2024\/02\/DS-D42V16-N_foto1.png","contentUrl":"https:\/\/monitorykomercyjne.pl\/wp-content\/uploads\/2024\/02\/DS-D42V16-N_foto1.png","width":960,"height":720},{"@type":"BreadcrumbList","@id":"https:\/\/monitorykomercyjne.pl\/index.php\/produkt\/ds-d42v16-n-kontroler-led\/#breadcrumb","itemListElement":[{"@type":"ListItem","position":1,"name":"Strona g\u0142\u00f3wna","item":"https:\/\/monitorykomercyjne.pl\/"},{"@type":"ListItem","position":2,"name":"Produkty","item":"https:\/\/monitorykomercyjne.pl\/index.php\/produkty\/"},{"@type":"ListItem","position":3,"name":"DS-D42V16-N &#8211; Kontroler LED"}]},{"@type":"WebSite","@id":"https:\/\/monitorykomercyjne.pl\/#website","url":"https:\/\/monitorykomercyjne.pl\/","name":"Monitory Komercyjne","description":"","potentialAction":[{"@type":"SearchAction","target":{"@type":"EntryPoint","urlTemplate":"https:\/\/monitorykomercyjne.pl\/?s={search_term_string}"},"query-input":"required name=search_term_string"}],"inLanguage":"pl-PL"}]}},"brands":[{"id":29,"name":"Hikvision","slug":"hikvision"}],"_links":{"self":[{"href":"https:\/\/monitorykomercyjne.pl\/index.php\/wp-json\/wp\/v2\/product\/316"}],"collection":[{"href":"https:\/\/monitorykomercyjne.pl\/index.php\/wp-json\/wp\/v2\/product"}],"about":[{"href":"https:\/\/monitorykomercyjne.pl\/index.php\/wp-json\/wp\/v2\/types\/product"}],"wp:featuredmedia":[{"embeddable":true,"href":"https:\/\/monitorykomercyjne.pl\/index.php\/wp-json\/wp\/v2\/media\/217"}],"wp:attachment":[{"href":"https:\/\/monitorykomercyjne.pl\/index.php\/wp-json\/wp\/v2\/media?parent=316"}],"wp:term":[{"taxonomy":"pwb-brand","embeddable":true,"href":"https:\/\/monitorykomercyjne.pl\/index.php\/wp-json\/wp\/v2\/pwb-brand?post=316"},{"taxonomy":"product_cat","embeddable":true,"href":"https:\/\/monitorykomercyjne.pl\/index.php\/wp-json\/wp\/v2\/product_cat?post=316"},{"taxonomy":"product_tag","embeddable":true,"href":"https:\/\/monitorykomercyjne.pl\/index.php\/wp-json\/wp\/v2\/product_tag?post=316"}],"curies":[{"name":"wp","href":"https:\/\/api.w.org\/{rel}","templated":true}]}}