{"id":319,"date":"2024-02-22T13:06:28","date_gmt":"2024-02-22T12:06:28","guid":{"rendered":"https:\/\/monitorykomercyjne.pl\/?post_type=product&#038;p=319"},"modified":"2024-05-09T09:39:57","modified_gmt":"2024-05-09T07:39:57","slug":"ds-d42am2-karta-wielofunkcyjna-led","status":"publish","type":"product","link":"https:\/\/monitorykomercyjne.pl\/index.php\/produkt\/ds-d42am2-karta-wielofunkcyjna-led\/","title":{"rendered":"DS-D42AM2 &#8211; Karta wielofunkcyjna LED"},"content":{"rendered":"\n<div class=\"panel-body\">\n<div class=\"preserveFormatting\">\n<h4 class=\"promitel_function_header\">\n                         <span style=\"font-size: 18px\"><br \/>\n                           <strong>Karta wielofunkcyjna LED<br \/>\n                           <\/strong><br \/>\n                         <\/span><br \/>\n                       <\/h4>\n<hr class=\"line\" \/>\n<ul class=\"product_description_item-list\">\n<li class=\"product_description_item\"> <span class=\"prodcuct_description_dot\"> <\/span> <font style=\"vertical-align: inherit;\"> <font style=\"vertical-align: inherit;\">Obs\u0142uga kaskadowego interfejsu sieciowego pomi\u0119dzy lub za kart\u0105 odbiorcz\u0105; <\/font> <\/font> <\/li>\n<li class=\"product_description_item\"> <span class=\"prodcuct_description_dot\"> <\/span> <font style=\"vertical-align: inherit;\"> <font style=\"vertical-align: inherit;\">Obs\u0142uga wej\u015bcia sygna\u0142u podczerwieni. <\/font> <\/font> <\/li>\n<\/ul>\n<div\n      class=\"abs-product-tab-panel\"\n      id=\"promitel_tabProductFeatures\"\n      data-grid-empty-aware=\"false\"\n    ><\/p>\n<section class=\"panel abs-panel\">\n<div class=\"panel-heading\">\n<h3>Specyfikacja produktu    <\/h3>\n<\/p><\/div>\n<div class=\"tech-specs-items-description-wrap\">\n<ul class=\"tech-specs-items-description\" data-target=\"General\">\n<li class=\"tech-specs-items-description-list\"> <span class=\"tech-specs-items-description__title--heading\"> <font style=\"vertical-align: inherit;\"> <font style=\"vertical-align: inherit;\">Og\u00f3lny <\/font> <\/font> <\/span> <\/li>\n<li class=\"tech-specs-items-description-list\"> <span class=\"tech-specs-items-description__title\"> <font style=\"vertical-align: inherit;\"> <font style=\"vertical-align: inherit;\">Temperatura przechowywania <\/font> <\/font> <\/span> <span class=\"tech-specs-items-description__title-details\"> <font style=\"vertical-align: inherit;\"> <font style=\"vertical-align: inherit;\">-20 do + 60\u00b0C (-4 do +140\u00b0F) <\/font> <\/font> <\/span> <\/li>\n<li class=\"tech-specs-items-description-list\"> <span class=\"tech-specs-items-description__title\"> <font style=\"vertical-align: inherit;\"> <font style=\"vertical-align: inherit;\">Temperatura pracy <\/font> <\/font> <\/span> <span class=\"tech-specs-items-description__title-details\"> <font style=\"vertical-align: inherit;\"> <font style=\"vertical-align: inherit;\">-10 do + 40\u00b0C (+14 do +104\u00b0F) <\/font> <\/font> <\/span> <\/li>\n<li class=\"tech-specs-items-description-list\"> <span class=\"tech-specs-items-description__title\"> <font style=\"vertical-align: inherit;\"> <font style=\"vertical-align: inherit;\">Wilgotno\u015b\u0107 robocza <\/font> <\/font> <\/span> <span class=\"tech-specs-items-description__title-details\"> <font style=\"vertical-align: inherit;\"> <font style=\"vertical-align: inherit;\">10 do 90% <\/font> <\/font> <\/span> <\/li>\n<li class=\"tech-specs-items-description-list\"> <span class=\"tech-specs-items-description__title\"> <font style=\"vertical-align: inherit;\"> <font style=\"vertical-align: inherit;\">Wilgotno\u015b\u0107 przechowywania <\/font> <\/font> <\/span> <span class=\"tech-specs-items-description__title-details\"> <font style=\"vertical-align: inherit;\"> <font style=\"vertical-align: inherit;\">10 do 90% <\/font> <\/font> <\/span> <\/li>\n<li class=\"tech-specs-items-description-list\"> <span class=\"tech-specs-items-description__title\"> <font style=\"vertical-align: inherit;\"> <font style=\"vertical-align: inherit;\">Wymiary opakowania (szeroko\u015b\u0107 \u00d7 wysoko\u015b\u0107 \u00d7 grubo\u015b\u0107) <\/font> <\/font> <\/span> <span class=\"tech-specs-items-description__title-details\"> <font style=\"vertical-align: inherit;\"> <font style=\"vertical-align: inherit;\">317 \u00d7 82 \u00d7 242 mm (12,5 \u00d7 3,2 \u00d7 9,5 cala) <\/font> <\/font> <\/span> <\/li>\n<li class=\"tech-specs-items-description-list\"> <span class=\"tech-specs-items-description__title\"> <font style=\"vertical-align: inherit;\"> <font style=\"vertical-align: inherit;\">Waga brutto <\/font> <\/font> <\/span> <span class=\"tech-specs-items-description__title-details\"> <font style=\"vertical-align: inherit;\"> <font style=\"vertical-align: inherit;\">0,75 kg (1,7 funta) <\/font> <\/font> <\/span> <\/li>\n<li class=\"tech-specs-items-description-list\"> <span class=\"tech-specs-items-description__title\"> <font style=\"vertical-align: inherit;\"> <font style=\"vertical-align: inherit;\">Lista rzeczy w zestawie <\/font> <\/font> <\/span> <span class=\"tech-specs-items-description__title-details\">\n<p class=\"mb-p\" style=\"margin-bottom:0rem;height:auto;\"> <font style=\"vertical-align: inherit;\"> <font style=\"vertical-align: inherit;\">karta wielofunkcyjna \u00d7 1, <\/font> <\/font> <\/p>\n<p class=\"mb-p\" style=\"margin-bottom:0rem;height:auto;\"> <font style=\"vertical-align: inherit;\"> <font style=\"vertical-align: inherit;\">pilot na podczerwie\u0144 \u00d7 1, <\/font> <\/font> <\/p>\n<p class=\"mb-p\" style=\"margin-bottom:0rem;height:auto;\"> <font style=\"vertical-align: inherit;\"> <font style=\"vertical-align: inherit;\">zasilacz \u00d7 1, <\/font> <\/font> <\/p>\n<p class=\"mb-p\" style=\"margin-bottom:0rem;height:auto;\"> <font style=\"vertical-align: inherit;\"> <font style=\"vertical-align: inherit;\">opakowanie zewn\u0119trzne \u00d7 1 <\/font> <\/font> <\/p>\n<p class=\"mb-p\" style=\"margin-bottom:0.5em;height:auto;\">\n<p> <\/span> <\/li>\n<\/ul>\n<ul class=\"tech-specs-items-description\" data-target=\"Control Card Parameter\">\n<li class=\"tech-specs-items-description-list\"> <span class=\"tech-specs-items-description__title--heading\"> <font style=\"vertical-align: inherit;\"> <font style=\"vertical-align: inherit;\">Parametr karty kontrolnej <\/font> <\/font> <\/span> <\/li>\n<li class=\"tech-specs-items-description-list\"> <span class=\"tech-specs-items-description__title\"> <font style=\"vertical-align: inherit;\"> <font style=\"vertical-align: inherit;\">Wymiary karty wysy\u0142aj\u0105cej szer. \u00d7 wys. \u00d7 g\u0142\u0119b.\uff09 <\/font> <\/font> <\/span> <span class=\"tech-specs-items-description__title-details\"> <font style=\"vertical-align: inherit;\"> <font style=\"vertical-align: inherit;\">200 \u00d7 42 \u00d7 126,7 mm (7,9 \u00d7 1,7 \u00d7 5,0 cala) <\/font> <\/font> <\/span> <\/li>\n<li class=\"tech-specs-items-description-list\"> <span class=\"tech-specs-items-description__title\"> <font style=\"vertical-align: inherit;\"> <font style=\"vertical-align: inherit;\">Waga karty wysy\u0142aj\u0105cej <\/font> <\/font> <\/span> <span class=\"tech-specs-items-description__title-details\"> <font style=\"vertical-align: inherit;\"> <font style=\"vertical-align: inherit;\">0,70 kg (1,5 funta) <\/font> <\/font> <\/span> <\/li>\n<\/ul>\n<ul class=\"tech-specs-items-description\" data-target=\"Electrical Parameter\" style=\"margin-bottom: 363px;\">\n<li class=\"tech-specs-items-description-list\"> <span class=\"tech-specs-items-description__title--heading\"> <font style=\"vertical-align: inherit;\"> <font style=\"vertical-align: inherit;\">Parametr elektryczny <\/font> <\/font> <\/span> <\/li>\n<li class=\"tech-specs-items-description-list\"> <span class=\"tech-specs-items-description__title\"> <font style=\"vertical-align: inherit;\"> <font style=\"vertical-align: inherit;\">Zasilacz <\/font> <\/font> <\/span> <span class=\"tech-specs-items-description__title-details\"> <font style=\"vertical-align: inherit;\"> <font style=\"vertical-align: inherit;\">12 V pr\u0105du sta\u0142ego, 1 A <\/font> <\/font> <\/span> <\/li>\n<li class=\"tech-specs-items-description-list\"> <span class=\"tech-specs-items-description__title\"> <font style=\"vertical-align: inherit;\"> <font style=\"vertical-align: inherit;\">Moc szczytowa <\/font> <\/font> <\/span> <span class=\"tech-specs-items-description__title-details\"> <font style=\"vertical-align: inherit;\"> <font style=\"vertical-align: inherit;\">8 W <\/font> <\/font> <\/span> <\/li>\n<li class=\"tech-specs-items-description-list\"> <span class=\"tech-specs-items-description__title\"> <font style=\"vertical-align: inherit;\"> <font style=\"vertical-align: inherit;\">\u015arednia moc <\/font> <\/font> <\/span> <span class=\"tech-specs-items-description__title-details\"> <font style=\"vertical-align: inherit;\"> <font style=\"vertical-align: inherit;\">3 W <\/font> <\/font> <\/span> <\/li>\n<\/ul><\/div>\n<\/section><\/div>\n<\/p><\/div>\n<\/p><\/div>\n","protected":false},"excerpt":{"rendered":"<table width=\"298\">\n<tbody>\n<tr>\n<td width=\"298\">Karta wielofunkcyjna LED, \u0142atwy w\u0142\u0105cznik sygna\u0142u wej\u015bciowego, regulacja jasno\u015bci, inteligentne osuszanie, blokowanie niebieskiego \u015bwiat\u0142a za pomoc\u0105 pilota<\/td>\n<\/tr>\n<\/tbody>\n<\/table>\n","protected":false},"featured_media":229,"template":"","meta":{"inline_featured_image":false,"neve_meta_sidebar":"","neve_meta_container":"","neve_meta_enable_content_width":"off","neve_meta_content_width":100,"neve_meta_title_alignment":"","neve_meta_author_avatar":"","neve_post_elements_order":"","neve_meta_disable_header":"","neve_meta_disable_footer":"","neve_meta_disable_title":""},"pwb-brand":[29],"product_cat":[24],"product_tag":[],"yoast_head":"<!-- This site is optimized with the Yoast SEO plugin v22.6 - https:\/\/yoast.com\/wordpress\/plugins\/seo\/ -->\n<title>DS-D42AM2 - Karta wielofunkcyjna LED - Monitory Komercyjne Monitory komercyjne<\/title>\n<meta name=\"robots\" content=\"index, follow, max-snippet:-1, max-image-preview:large, max-video-preview:-1\" \/>\n<link rel=\"canonical\" href=\"https:\/\/monitorykomercyjne.pl\/index.php\/produkt\/ds-d42am2-karta-wielofunkcyjna-led\/\" \/>\n<meta property=\"og:locale\" content=\"pl_PL\" \/>\n<meta property=\"og:type\" content=\"article\" \/>\n<meta property=\"og:title\" content=\"DS-D42AM2 - Karta wielofunkcyjna LED - Monitory Komercyjne Monitory komercyjne\" \/>\n<meta property=\"og:description\" content=\"Karta wielofunkcyjna LED, \u0142atwy w\u0142\u0105cznik sygna\u0142u wej\u015bciowego, regulacja jasno\u015bci, inteligentne osuszanie, blokowanie niebieskiego \u015bwiat\u0142a za pomoc\u0105 pilota\" \/>\n<meta property=\"og:url\" content=\"https:\/\/monitorykomercyjne.pl\/index.php\/produkt\/ds-d42am2-karta-wielofunkcyjna-led\/\" \/>\n<meta property=\"og:site_name\" content=\"Monitory Komercyjne\" \/>\n<meta property=\"article:modified_time\" content=\"2024-05-09T07:39:57+00:00\" \/>\n<meta property=\"og:image\" content=\"https:\/\/monitorykomercyjne.pl\/wp-content\/uploads\/2024\/02\/DS-D42AM2_foto1.png\" \/>\n\t<meta property=\"og:image:width\" content=\"960\" \/>\n\t<meta property=\"og:image:height\" content=\"720\" \/>\n\t<meta property=\"og:image:type\" content=\"image\/png\" \/>\n<meta name=\"twitter:card\" content=\"summary_large_image\" \/>\n<meta name=\"twitter:label1\" content=\"Szacowany czas czytania\" \/>\n\t<meta name=\"twitter:data1\" content=\"1 minuta\" \/>\n<script type=\"application\/ld+json\" class=\"yoast-schema-graph\">{\"@context\":\"https:\/\/schema.org\",\"@graph\":[{\"@type\":\"WebPage\",\"@id\":\"https:\/\/monitorykomercyjne.pl\/index.php\/produkt\/ds-d42am2-karta-wielofunkcyjna-led\/\",\"url\":\"https:\/\/monitorykomercyjne.pl\/index.php\/produkt\/ds-d42am2-karta-wielofunkcyjna-led\/\",\"name\":\"DS-D42AM2 - Karta wielofunkcyjna LED - Monitory Komercyjne Monitory komercyjne\",\"isPartOf\":{\"@id\":\"https:\/\/monitorykomercyjne.pl\/#website\"},\"primaryImageOfPage\":{\"@id\":\"https:\/\/monitorykomercyjne.pl\/index.php\/produkt\/ds-d42am2-karta-wielofunkcyjna-led\/#primaryimage\"},\"image\":{\"@id\":\"https:\/\/monitorykomercyjne.pl\/index.php\/produkt\/ds-d42am2-karta-wielofunkcyjna-led\/#primaryimage\"},\"thumbnailUrl\":\"https:\/\/monitorykomercyjne.pl\/wp-content\/uploads\/2024\/02\/DS-D42AM2_foto1.png\",\"datePublished\":\"2024-02-22T12:06:28+00:00\",\"dateModified\":\"2024-05-09T07:39:57+00:00\",\"breadcrumb\":{\"@id\":\"https:\/\/monitorykomercyjne.pl\/index.php\/produkt\/ds-d42am2-karta-wielofunkcyjna-led\/#breadcrumb\"},\"inLanguage\":\"pl-PL\",\"potentialAction\":[{\"@type\":\"ReadAction\",\"target\":[\"https:\/\/monitorykomercyjne.pl\/index.php\/produkt\/ds-d42am2-karta-wielofunkcyjna-led\/\"]}]},{\"@type\":\"ImageObject\",\"inLanguage\":\"pl-PL\",\"@id\":\"https:\/\/monitorykomercyjne.pl\/index.php\/produkt\/ds-d42am2-karta-wielofunkcyjna-led\/#primaryimage\",\"url\":\"https:\/\/monitorykomercyjne.pl\/wp-content\/uploads\/2024\/02\/DS-D42AM2_foto1.png\",\"contentUrl\":\"https:\/\/monitorykomercyjne.pl\/wp-content\/uploads\/2024\/02\/DS-D42AM2_foto1.png\",\"width\":960,\"height\":720},{\"@type\":\"BreadcrumbList\",\"@id\":\"https:\/\/monitorykomercyjne.pl\/index.php\/produkt\/ds-d42am2-karta-wielofunkcyjna-led\/#breadcrumb\",\"itemListElement\":[{\"@type\":\"ListItem\",\"position\":1,\"name\":\"Strona g\u0142\u00f3wna\",\"item\":\"https:\/\/monitorykomercyjne.pl\/\"},{\"@type\":\"ListItem\",\"position\":2,\"name\":\"Produkty\",\"item\":\"https:\/\/monitorykomercyjne.pl\/index.php\/produkty\/\"},{\"@type\":\"ListItem\",\"position\":3,\"name\":\"DS-D42AM2 &#8211; Karta wielofunkcyjna LED\"}]},{\"@type\":\"WebSite\",\"@id\":\"https:\/\/monitorykomercyjne.pl\/#website\",\"url\":\"https:\/\/monitorykomercyjne.pl\/\",\"name\":\"Monitory Komercyjne\",\"description\":\"\",\"potentialAction\":[{\"@type\":\"SearchAction\",\"target\":{\"@type\":\"EntryPoint\",\"urlTemplate\":\"https:\/\/monitorykomercyjne.pl\/?s={search_term_string}\"},\"query-input\":\"required name=search_term_string\"}],\"inLanguage\":\"pl-PL\"}]}<\/script>\n<!-- \/ Yoast SEO plugin. -->","yoast_head_json":{"title":"DS-D42AM2 - Karta wielofunkcyjna LED - Monitory Komercyjne Monitory komercyjne","robots":{"index":"index","follow":"follow","max-snippet":"max-snippet:-1","max-image-preview":"max-image-preview:large","max-video-preview":"max-video-preview:-1"},"canonical":"https:\/\/monitorykomercyjne.pl\/index.php\/produkt\/ds-d42am2-karta-wielofunkcyjna-led\/","og_locale":"pl_PL","og_type":"article","og_title":"DS-D42AM2 - Karta wielofunkcyjna LED - Monitory Komercyjne Monitory komercyjne","og_description":"Karta wielofunkcyjna LED, \u0142atwy w\u0142\u0105cznik sygna\u0142u wej\u015bciowego, regulacja jasno\u015bci, inteligentne osuszanie, blokowanie niebieskiego \u015bwiat\u0142a za pomoc\u0105 pilota","og_url":"https:\/\/monitorykomercyjne.pl\/index.php\/produkt\/ds-d42am2-karta-wielofunkcyjna-led\/","og_site_name":"Monitory Komercyjne","article_modified_time":"2024-05-09T07:39:57+00:00","og_image":[{"width":960,"height":720,"url":"https:\/\/monitorykomercyjne.pl\/wp-content\/uploads\/2024\/02\/DS-D42AM2_foto1.png","type":"image\/png"}],"twitter_card":"summary_large_image","twitter_misc":{"Szacowany czas czytania":"1 minuta"},"schema":{"@context":"https:\/\/schema.org","@graph":[{"@type":"WebPage","@id":"https:\/\/monitorykomercyjne.pl\/index.php\/produkt\/ds-d42am2-karta-wielofunkcyjna-led\/","url":"https:\/\/monitorykomercyjne.pl\/index.php\/produkt\/ds-d42am2-karta-wielofunkcyjna-led\/","name":"DS-D42AM2 - Karta wielofunkcyjna LED - Monitory Komercyjne Monitory komercyjne","isPartOf":{"@id":"https:\/\/monitorykomercyjne.pl\/#website"},"primaryImageOfPage":{"@id":"https:\/\/monitorykomercyjne.pl\/index.php\/produkt\/ds-d42am2-karta-wielofunkcyjna-led\/#primaryimage"},"image":{"@id":"https:\/\/monitorykomercyjne.pl\/index.php\/produkt\/ds-d42am2-karta-wielofunkcyjna-led\/#primaryimage"},"thumbnailUrl":"https:\/\/monitorykomercyjne.pl\/wp-content\/uploads\/2024\/02\/DS-D42AM2_foto1.png","datePublished":"2024-02-22T12:06:28+00:00","dateModified":"2024-05-09T07:39:57+00:00","breadcrumb":{"@id":"https:\/\/monitorykomercyjne.pl\/index.php\/produkt\/ds-d42am2-karta-wielofunkcyjna-led\/#breadcrumb"},"inLanguage":"pl-PL","potentialAction":[{"@type":"ReadAction","target":["https:\/\/monitorykomercyjne.pl\/index.php\/produkt\/ds-d42am2-karta-wielofunkcyjna-led\/"]}]},{"@type":"ImageObject","inLanguage":"pl-PL","@id":"https:\/\/monitorykomercyjne.pl\/index.php\/produkt\/ds-d42am2-karta-wielofunkcyjna-led\/#primaryimage","url":"https:\/\/monitorykomercyjne.pl\/wp-content\/uploads\/2024\/02\/DS-D42AM2_foto1.png","contentUrl":"https:\/\/monitorykomercyjne.pl\/wp-content\/uploads\/2024\/02\/DS-D42AM2_foto1.png","width":960,"height":720},{"@type":"BreadcrumbList","@id":"https:\/\/monitorykomercyjne.pl\/index.php\/produkt\/ds-d42am2-karta-wielofunkcyjna-led\/#breadcrumb","itemListElement":[{"@type":"ListItem","position":1,"name":"Strona g\u0142\u00f3wna","item":"https:\/\/monitorykomercyjne.pl\/"},{"@type":"ListItem","position":2,"name":"Produkty","item":"https:\/\/monitorykomercyjne.pl\/index.php\/produkty\/"},{"@type":"ListItem","position":3,"name":"DS-D42AM2 &#8211; Karta wielofunkcyjna LED"}]},{"@type":"WebSite","@id":"https:\/\/monitorykomercyjne.pl\/#website","url":"https:\/\/monitorykomercyjne.pl\/","name":"Monitory Komercyjne","description":"","potentialAction":[{"@type":"SearchAction","target":{"@type":"EntryPoint","urlTemplate":"https:\/\/monitorykomercyjne.pl\/?s={search_term_string}"},"query-input":"required name=search_term_string"}],"inLanguage":"pl-PL"}]}},"brands":[{"id":29,"name":"Hikvision","slug":"hikvision"}],"_links":{"self":[{"href":"https:\/\/monitorykomercyjne.pl\/index.php\/wp-json\/wp\/v2\/product\/319"}],"collection":[{"href":"https:\/\/monitorykomercyjne.pl\/index.php\/wp-json\/wp\/v2\/product"}],"about":[{"href":"https:\/\/monitorykomercyjne.pl\/index.php\/wp-json\/wp\/v2\/types\/product"}],"wp:featuredmedia":[{"embeddable":true,"href":"https:\/\/monitorykomercyjne.pl\/index.php\/wp-json\/wp\/v2\/media\/229"}],"wp:attachment":[{"href":"https:\/\/monitorykomercyjne.pl\/index.php\/wp-json\/wp\/v2\/media?parent=319"}],"wp:term":[{"taxonomy":"pwb-brand","embeddable":true,"href":"https:\/\/monitorykomercyjne.pl\/index.php\/wp-json\/wp\/v2\/pwb-brand?post=319"},{"taxonomy":"product_cat","embeddable":true,"href":"https:\/\/monitorykomercyjne.pl\/index.php\/wp-json\/wp\/v2\/product_cat?post=319"},{"taxonomy":"product_tag","embeddable":true,"href":"https:\/\/monitorykomercyjne.pl\/index.php\/wp-json\/wp\/v2\/product_tag?post=319"}],"curies":[{"name":"wp","href":"https:\/\/api.w.org\/{rel}","templated":true}]}}