{"id":320,"date":"2024-02-22T13:22:24","date_gmt":"2024-02-22T12:22:24","guid":{"rendered":"https:\/\/monitorykomercyjne.pl\/?post_type=product&#038;p=320"},"modified":"2024-05-09T09:39:57","modified_gmt":"2024-05-09T07:39:57","slug":"ds-d42mf2b-narzedzie-do-konserwacji-z-przodu","status":"publish","type":"product","link":"https:\/\/monitorykomercyjne.pl\/index.php\/produkt\/ds-d42mf2b-narzedzie-do-konserwacji-z-przodu\/","title":{"rendered":"DS-D42MF2B &#8211; Narz\u0119dzie do konserwacji z przodu"},"content":{"rendered":"<p><strong style=\"font-size: 18px;\">Narz\u0119dzia do konserwacji przedniej cz\u0119\u015bci wy\u015bwietlacza LED<\/strong><\/p>\n<div class=\"panel-body\">\n<div class=\"preserveFormatting\">\n<h4 class=\"promitel_function_header\"><span style=\"font-size: 18px;\">\u00a0<\/span><\/h4>\n<hr class=\"line\" \/>\n<ul class=\"product_description_item-list\">\n<li class=\"product_description_item\"><span style=\"vertical-align: inherit;\"> <span style=\"vertical-align: inherit;\">Przednie narz\u0119dzie konserwacyjne Do demonta\u017cu modu\u0142u wy\u015bwietlacza LED <\/span> <\/span><\/li>\n<li class=\"product_description_item\"><span style=\"vertical-align: inherit;\"> <span style=\"vertical-align: inherit;\">Elastyczna instalacja <\/span> <\/span><\/li>\n<li class=\"product_description_item\"><span style=\"vertical-align: inherit;\"> <span style=\"vertical-align: inherit;\">Opakowanie z walizk\u0105 lotnicz\u0105, dobrze zabezpieczone <\/span> <\/span><\/li>\n<li class=\"product_description_item\"><span style=\"vertical-align: inherit;\"> <span style=\"vertical-align: inherit;\">Najcz\u0119\u015bciej u\u017cywany do przedniej konserwacji wy\u015bwietlaczy LED o ma\u0142ych pikselach <\/span> <\/span><\/li>\n<li class=\"product_description_item\"><span style=\"vertical-align: inherit;\"> <span style=\"vertical-align: inherit;\">\u0141atwy w u\u017cyciu <\/span> <\/span><\/li>\n<\/ul>\n<div id=\"promitel_tabProductFeatures\" class=\"abs-product-tab-panel\" data-grid-empty-aware=\"false\">\n<section class=\"panel abs-panel\">\n<div class=\"panel-heading\">\n<h3>Specyfikacja produktu<\/h3>\n<\/div>\n<div class=\"tech-specs-items-description-wrap\">\n<ul class=\"tech-specs-items-description\" data-target=\"Product Model\">\n<li class=\"tech-specs-items-description-list\"><span class=\"tech-specs-items-description__title--heading\"> <span style=\"vertical-align: inherit;\"> <span style=\"vertical-align: inherit;\">Model produktu <\/span> <\/span> <\/span><\/li>\n<li class=\"tech-specs-items-description-list\"><span class=\"tech-specs-items-description__title\"> <span style=\"vertical-align: inherit;\"> <span style=\"vertical-align: inherit;\">Model produktu <\/span> <\/span> <\/span> <span class=\"tech-specs-items-description__title-details\"> <span style=\"vertical-align: inherit;\"> <span style=\"vertical-align: inherit;\">DS-D42MF2B <\/span> <\/span> <\/span><\/li>\n<\/ul>\n<ul class=\"tech-specs-items-description\" data-target=\"Cabinet\">\n<li class=\"tech-specs-items-description-list\"><span class=\"tech-specs-items-description__title--heading\"> <span style=\"vertical-align: inherit;\"> <span style=\"vertical-align: inherit;\">Obudowa <\/span> <\/span> <\/span><\/li>\n<li class=\"tech-specs-items-description-list\"><span class=\"tech-specs-items-description__title\"> <span style=\"vertical-align: inherit;\"> <span style=\"vertical-align: inherit;\">Waga <\/span> <\/span> <\/span> <span class=\"tech-specs-items-description__title-details\"> <span style=\"vertical-align: inherit;\"> <span style=\"vertical-align: inherit;\">2,9 kg <\/span> <\/span> <\/span><\/li>\n<\/ul>\n<ul class=\"tech-specs-items-description\" data-target=\"Module\">\n<li class=\"tech-specs-items-description-list\"><span class=\"tech-specs-items-description__title--heading\"> <span style=\"vertical-align: inherit;\"> <span style=\"vertical-align: inherit;\">Modu\u0142 <\/span> <\/span> <\/span><\/li>\n<li class=\"tech-specs-items-description-list\"><span class=\"tech-specs-items-description__title\"> <span style=\"vertical-align: inherit;\"> <span style=\"vertical-align: inherit;\">Wymiary <\/span> <\/span> <\/span> <span class=\"tech-specs-items-description__title-details\"> <span style=\"vertical-align: inherit;\"> <span style=\"vertical-align: inherit;\">350 * 220 * 230 mm <\/span> <\/span> <\/span><\/li>\n<\/ul>\n<ul class=\"tech-specs-items-description\" data-target=\"General\">\n<li class=\"tech-specs-items-description-list\"><span class=\"tech-specs-items-description__title--heading\"> <span style=\"vertical-align: inherit;\"> <span style=\"vertical-align: inherit;\">Og\u00f3lny <\/span> <\/span> <\/span><\/li>\n<li class=\"tech-specs-items-description-list\"><span class=\"tech-specs-items-description__title\"> <span style=\"vertical-align: inherit;\"> <span style=\"vertical-align: inherit;\">Pob\u00f3r energii <\/span> <\/span> <\/span> <span class=\"tech-specs-items-description__title-details\"> <span style=\"vertical-align: inherit;\"> <span style=\"vertical-align: inherit;\">Bateria litowo-jonowa <\/span> <\/span> <\/span><\/li>\n<\/ul>\n<ul class=\"tech-specs-items-description\" style=\"margin-bottom: 406px;\" data-target=\"Default Parameters\">\n<li class=\"tech-specs-items-description-list\"><span class=\"tech-specs-items-description__title--heading\"> <span style=\"vertical-align: inherit;\"> <span style=\"vertical-align: inherit;\">Parametry domy\u015blne <\/span> <\/span> <\/span><\/li>\n<li class=\"tech-specs-items-description-list\"><span class=\"tech-specs-items-description__title\"> <span style=\"vertical-align: inherit;\"> <span style=\"vertical-align: inherit;\">Kolor <\/span> <\/span> <\/span> <span class=\"tech-specs-items-description__title-details\"> <span style=\"vertical-align: inherit;\"> <span style=\"vertical-align: inherit;\">Czarny <\/span> <\/span> <\/span><\/li>\n<li class=\"tech-specs-items-description-list\"><span class=\"tech-specs-items-description__title\"> <span style=\"vertical-align: inherit;\"> <span style=\"vertical-align: inherit;\">Materia\u0142 <\/span> <\/span> <\/span> <span class=\"tech-specs-items-description__title-details\"> <span style=\"vertical-align: inherit;\"> <span style=\"vertical-align: inherit;\">Stal magnetyczna N50 + ABS + \u017cel krzemionkowy <\/span> <\/span> <\/span><\/li>\n<\/ul>\n<\/div>\n<\/section>\n<\/div>\n<\/div>\n<\/div>\n","protected":false},"excerpt":{"rendered":"<table width=\"298\">\n<tbody>\n<tr>\n<td width=\"298\">Narz\u0119dzie do konserwacji z przodu<\/td>\n<\/tr>\n<\/tbody>\n<\/table>\n<p>&nbsp;<\/p>\n","protected":false},"featured_media":1028,"template":"","meta":{"inline_featured_image":false,"neve_meta_sidebar":"","neve_meta_container":"","neve_meta_enable_content_width":"off","neve_meta_content_width":100,"neve_meta_title_alignment":"","neve_meta_author_avatar":"","neve_post_elements_order":"","neve_meta_disable_header":"","neve_meta_disable_footer":"","neve_meta_disable_title":""},"pwb-brand":[29],"product_cat":[25],"product_tag":[],"yoast_head":"<!-- This site is optimized with the Yoast SEO plugin v22.6 - https:\/\/yoast.com\/wordpress\/plugins\/seo\/ -->\n<title>DS-D42MF2B - Narz\u0119dzie do konserwacji z przodu - Monitory Komercyjne Monitory komercyjne<\/title>\n<meta name=\"robots\" content=\"index, follow, max-snippet:-1, max-image-preview:large, max-video-preview:-1\" \/>\n<link rel=\"canonical\" href=\"https:\/\/monitorykomercyjne.pl\/index.php\/produkt\/ds-d42mf2b-narzedzie-do-konserwacji-z-przodu\/\" \/>\n<meta property=\"og:locale\" content=\"pl_PL\" \/>\n<meta property=\"og:type\" content=\"article\" \/>\n<meta property=\"og:title\" content=\"DS-D42MF2B - Narz\u0119dzie do konserwacji z przodu - Monitory Komercyjne Monitory komercyjne\" \/>\n<meta property=\"og:description\" content=\"Narz\u0119dzie do konserwacji z przodu    &nbsp;\" \/>\n<meta property=\"og:url\" content=\"https:\/\/monitorykomercyjne.pl\/index.php\/produkt\/ds-d42mf2b-narzedzie-do-konserwacji-z-przodu\/\" \/>\n<meta property=\"og:site_name\" content=\"Monitory Komercyjne\" \/>\n<meta property=\"article:modified_time\" content=\"2024-05-09T07:39:57+00:00\" \/>\n<meta property=\"og:image\" content=\"https:\/\/monitorykomercyjne.pl\/wp-content\/uploads\/2024\/03\/DS-D42MF2B_foto1.png\" \/>\n\t<meta property=\"og:image:width\" content=\"960\" \/>\n\t<meta property=\"og:image:height\" content=\"720\" \/>\n\t<meta property=\"og:image:type\" content=\"image\/png\" \/>\n<meta name=\"twitter:card\" content=\"summary_large_image\" \/>\n<meta name=\"twitter:label1\" content=\"Szacowany czas czytania\" \/>\n\t<meta name=\"twitter:data1\" content=\"1 minuta\" \/>\n<script type=\"application\/ld+json\" class=\"yoast-schema-graph\">{\"@context\":\"https:\/\/schema.org\",\"@graph\":[{\"@type\":\"WebPage\",\"@id\":\"https:\/\/monitorykomercyjne.pl\/index.php\/produkt\/ds-d42mf2b-narzedzie-do-konserwacji-z-przodu\/\",\"url\":\"https:\/\/monitorykomercyjne.pl\/index.php\/produkt\/ds-d42mf2b-narzedzie-do-konserwacji-z-przodu\/\",\"name\":\"DS-D42MF2B - Narz\u0119dzie do konserwacji z przodu - Monitory Komercyjne Monitory komercyjne\",\"isPartOf\":{\"@id\":\"https:\/\/monitorykomercyjne.pl\/#website\"},\"primaryImageOfPage\":{\"@id\":\"https:\/\/monitorykomercyjne.pl\/index.php\/produkt\/ds-d42mf2b-narzedzie-do-konserwacji-z-przodu\/#primaryimage\"},\"image\":{\"@id\":\"https:\/\/monitorykomercyjne.pl\/index.php\/produkt\/ds-d42mf2b-narzedzie-do-konserwacji-z-przodu\/#primaryimage\"},\"thumbnailUrl\":\"https:\/\/monitorykomercyjne.pl\/wp-content\/uploads\/2024\/03\/DS-D42MF2B_foto1.png\",\"datePublished\":\"2024-02-22T12:22:24+00:00\",\"dateModified\":\"2024-05-09T07:39:57+00:00\",\"breadcrumb\":{\"@id\":\"https:\/\/monitorykomercyjne.pl\/index.php\/produkt\/ds-d42mf2b-narzedzie-do-konserwacji-z-przodu\/#breadcrumb\"},\"inLanguage\":\"pl-PL\",\"potentialAction\":[{\"@type\":\"ReadAction\",\"target\":[\"https:\/\/monitorykomercyjne.pl\/index.php\/produkt\/ds-d42mf2b-narzedzie-do-konserwacji-z-przodu\/\"]}]},{\"@type\":\"ImageObject\",\"inLanguage\":\"pl-PL\",\"@id\":\"https:\/\/monitorykomercyjne.pl\/index.php\/produkt\/ds-d42mf2b-narzedzie-do-konserwacji-z-przodu\/#primaryimage\",\"url\":\"https:\/\/monitorykomercyjne.pl\/wp-content\/uploads\/2024\/03\/DS-D42MF2B_foto1.png\",\"contentUrl\":\"https:\/\/monitorykomercyjne.pl\/wp-content\/uploads\/2024\/03\/DS-D42MF2B_foto1.png\",\"width\":960,\"height\":720},{\"@type\":\"BreadcrumbList\",\"@id\":\"https:\/\/monitorykomercyjne.pl\/index.php\/produkt\/ds-d42mf2b-narzedzie-do-konserwacji-z-przodu\/#breadcrumb\",\"itemListElement\":[{\"@type\":\"ListItem\",\"position\":1,\"name\":\"Strona g\u0142\u00f3wna\",\"item\":\"https:\/\/monitorykomercyjne.pl\/\"},{\"@type\":\"ListItem\",\"position\":2,\"name\":\"Produkty\",\"item\":\"https:\/\/monitorykomercyjne.pl\/index.php\/produkty\/\"},{\"@type\":\"ListItem\",\"position\":3,\"name\":\"DS-D42MF2B &#8211; Narz\u0119dzie do konserwacji z przodu\"}]},{\"@type\":\"WebSite\",\"@id\":\"https:\/\/monitorykomercyjne.pl\/#website\",\"url\":\"https:\/\/monitorykomercyjne.pl\/\",\"name\":\"Monitory Komercyjne\",\"description\":\"\",\"potentialAction\":[{\"@type\":\"SearchAction\",\"target\":{\"@type\":\"EntryPoint\",\"urlTemplate\":\"https:\/\/monitorykomercyjne.pl\/?s={search_term_string}\"},\"query-input\":\"required name=search_term_string\"}],\"inLanguage\":\"pl-PL\"}]}<\/script>\n<!-- \/ Yoast SEO plugin. -->","yoast_head_json":{"title":"DS-D42MF2B - Narz\u0119dzie do konserwacji z przodu - Monitory Komercyjne Monitory komercyjne","robots":{"index":"index","follow":"follow","max-snippet":"max-snippet:-1","max-image-preview":"max-image-preview:large","max-video-preview":"max-video-preview:-1"},"canonical":"https:\/\/monitorykomercyjne.pl\/index.php\/produkt\/ds-d42mf2b-narzedzie-do-konserwacji-z-przodu\/","og_locale":"pl_PL","og_type":"article","og_title":"DS-D42MF2B - Narz\u0119dzie do konserwacji z przodu - Monitory Komercyjne Monitory komercyjne","og_description":"Narz\u0119dzie do konserwacji z przodu    &nbsp;","og_url":"https:\/\/monitorykomercyjne.pl\/index.php\/produkt\/ds-d42mf2b-narzedzie-do-konserwacji-z-przodu\/","og_site_name":"Monitory Komercyjne","article_modified_time":"2024-05-09T07:39:57+00:00","og_image":[{"width":960,"height":720,"url":"https:\/\/monitorykomercyjne.pl\/wp-content\/uploads\/2024\/03\/DS-D42MF2B_foto1.png","type":"image\/png"}],"twitter_card":"summary_large_image","twitter_misc":{"Szacowany czas czytania":"1 minuta"},"schema":{"@context":"https:\/\/schema.org","@graph":[{"@type":"WebPage","@id":"https:\/\/monitorykomercyjne.pl\/index.php\/produkt\/ds-d42mf2b-narzedzie-do-konserwacji-z-przodu\/","url":"https:\/\/monitorykomercyjne.pl\/index.php\/produkt\/ds-d42mf2b-narzedzie-do-konserwacji-z-przodu\/","name":"DS-D42MF2B - Narz\u0119dzie do konserwacji z przodu - Monitory Komercyjne Monitory komercyjne","isPartOf":{"@id":"https:\/\/monitorykomercyjne.pl\/#website"},"primaryImageOfPage":{"@id":"https:\/\/monitorykomercyjne.pl\/index.php\/produkt\/ds-d42mf2b-narzedzie-do-konserwacji-z-przodu\/#primaryimage"},"image":{"@id":"https:\/\/monitorykomercyjne.pl\/index.php\/produkt\/ds-d42mf2b-narzedzie-do-konserwacji-z-przodu\/#primaryimage"},"thumbnailUrl":"https:\/\/monitorykomercyjne.pl\/wp-content\/uploads\/2024\/03\/DS-D42MF2B_foto1.png","datePublished":"2024-02-22T12:22:24+00:00","dateModified":"2024-05-09T07:39:57+00:00","breadcrumb":{"@id":"https:\/\/monitorykomercyjne.pl\/index.php\/produkt\/ds-d42mf2b-narzedzie-do-konserwacji-z-przodu\/#breadcrumb"},"inLanguage":"pl-PL","potentialAction":[{"@type":"ReadAction","target":["https:\/\/monitorykomercyjne.pl\/index.php\/produkt\/ds-d42mf2b-narzedzie-do-konserwacji-z-przodu\/"]}]},{"@type":"ImageObject","inLanguage":"pl-PL","@id":"https:\/\/monitorykomercyjne.pl\/index.php\/produkt\/ds-d42mf2b-narzedzie-do-konserwacji-z-przodu\/#primaryimage","url":"https:\/\/monitorykomercyjne.pl\/wp-content\/uploads\/2024\/03\/DS-D42MF2B_foto1.png","contentUrl":"https:\/\/monitorykomercyjne.pl\/wp-content\/uploads\/2024\/03\/DS-D42MF2B_foto1.png","width":960,"height":720},{"@type":"BreadcrumbList","@id":"https:\/\/monitorykomercyjne.pl\/index.php\/produkt\/ds-d42mf2b-narzedzie-do-konserwacji-z-przodu\/#breadcrumb","itemListElement":[{"@type":"ListItem","position":1,"name":"Strona g\u0142\u00f3wna","item":"https:\/\/monitorykomercyjne.pl\/"},{"@type":"ListItem","position":2,"name":"Produkty","item":"https:\/\/monitorykomercyjne.pl\/index.php\/produkty\/"},{"@type":"ListItem","position":3,"name":"DS-D42MF2B &#8211; Narz\u0119dzie do konserwacji z przodu"}]},{"@type":"WebSite","@id":"https:\/\/monitorykomercyjne.pl\/#website","url":"https:\/\/monitorykomercyjne.pl\/","name":"Monitory Komercyjne","description":"","potentialAction":[{"@type":"SearchAction","target":{"@type":"EntryPoint","urlTemplate":"https:\/\/monitorykomercyjne.pl\/?s={search_term_string}"},"query-input":"required name=search_term_string"}],"inLanguage":"pl-PL"}]}},"brands":[{"id":29,"name":"Hikvision","slug":"hikvision"}],"_links":{"self":[{"href":"https:\/\/monitorykomercyjne.pl\/index.php\/wp-json\/wp\/v2\/product\/320"}],"collection":[{"href":"https:\/\/monitorykomercyjne.pl\/index.php\/wp-json\/wp\/v2\/product"}],"about":[{"href":"https:\/\/monitorykomercyjne.pl\/index.php\/wp-json\/wp\/v2\/types\/product"}],"wp:featuredmedia":[{"embeddable":true,"href":"https:\/\/monitorykomercyjne.pl\/index.php\/wp-json\/wp\/v2\/media\/1028"}],"wp:attachment":[{"href":"https:\/\/monitorykomercyjne.pl\/index.php\/wp-json\/wp\/v2\/media?parent=320"}],"wp:term":[{"taxonomy":"pwb-brand","embeddable":true,"href":"https:\/\/monitorykomercyjne.pl\/index.php\/wp-json\/wp\/v2\/pwb-brand?post=320"},{"taxonomy":"product_cat","embeddable":true,"href":"https:\/\/monitorykomercyjne.pl\/index.php\/wp-json\/wp\/v2\/product_cat?post=320"},{"taxonomy":"product_tag","embeddable":true,"href":"https:\/\/monitorykomercyjne.pl\/index.php\/wp-json\/wp\/v2\/product_tag?post=320"}],"curies":[{"name":"wp","href":"https:\/\/api.w.org\/{rel}","templated":true}]}}