{"id":330,"date":"2024-02-23T08:23:07","date_gmt":"2024-02-23T07:23:07","guid":{"rendered":"https:\/\/monitorykomercyjne.pl\/?post_type=product&#038;p=330"},"modified":"2024-05-09T09:39:56","modified_gmt":"2024-05-09T07:39:56","slug":"led-m60no-modul-led","status":"publish","type":"product","link":"https:\/\/monitorykomercyjne.pl\/index.php\/produkt\/led-m60no-modul-led\/","title":{"rendered":"LED-M60NO &#8211; Modu\u0142 LED"},"content":{"rendered":"<p>&nbsp;<\/p>\n<div class=\"panel-body\">\n<div class=\"preserveFormatting\">\n<h4 class=\"promitel_function_header\"><span style=\"font-size: 18px;\"><br \/>\n<strong>Modu\u0142 zewn\u0119trzny LED P6 <\/strong><br \/>\n<\/span><\/h4>\n<hr class=\"line\" \/>\n<ul class=\"product_description_item-list\">\n<li class=\"product_description_item\"><span style=\"vertical-align: inherit;\"> <span style=\"vertical-align: inherit;\">Do kompozycji \u015bcian wideo z doskona\u0142\u0105 jednolito\u015bci\u0105 luminancji <\/span> <\/span><\/li>\n<li class=\"product_description_item\"><span style=\"vertical-align: inherit;\"> <span style=\"vertical-align: inherit;\">Wysoka jasno\u015b\u0107 zapewnia \u017cywe obrazy w r\u00f3\u017cnych warunkach o\u015bwietleniowych <\/span> <\/span><\/li>\n<li class=\"product_description_item\"><span style=\"vertical-align: inherit;\"> <span style=\"vertical-align: inherit;\">Doskona\u0142y wsp\u00f3\u0142czynnik kontrastu <\/span> <\/span><\/li>\n<li class=\"product_description_item\"><span style=\"vertical-align: inherit;\"> <span style=\"vertical-align: inherit;\">Przetwarzanie szaro\u015bci rozg\u0142oszeniowej zapewnia wi\u0119cej szczeg\u00f3\u0142\u00f3w obrazu <\/span> <\/span><\/li>\n<li class=\"product_description_item\"><span style=\"vertical-align: inherit;\"> <span style=\"vertical-align: inherit;\">Doskona\u0142a jasno\u015b\u0107 i jednolito\u015b\u0107 kolor\u00f3w zapewniaj\u0105 p\u0142ynn\u0105 i pe\u0142n\u0105 jako\u015b\u0107 obrazu <\/span> <\/span><\/li>\n<li class=\"product_description_item\"><span style=\"vertical-align: inherit;\"> <span style=\"vertical-align: inherit;\">Bardzo wysoka cz\u0119stotliwo\u015b\u0107 od\u015bwie\u017cania <\/span> <\/span><\/li>\n<li class=\"product_description_item\"><span style=\"vertical-align: inherit;\"> <span style=\"vertical-align: inherit;\">Nanosekundowy czas reakcji <\/span> <\/span><\/li>\n<li class=\"product_description_item\"><span style=\"vertical-align: inherit;\"> <span style=\"vertical-align: inherit;\">D\u0142uga \u017cywotno\u015b\u0107 <\/span> <\/span><\/li>\n<li class=\"product_description_item\"><span style=\"vertical-align: inherit;\"> <span style=\"vertical-align: inherit;\">Szeroki k\u0105t widzenia <\/span> <\/span><\/li>\n<li class=\"product_description_item\"><span style=\"vertical-align: inherit;\"> <span style=\"vertical-align: inherit;\">Wysoki wsp\u00f3\u0142czynnik przys\u0142ony i szeroka gama kolor\u00f3w <\/span> <\/span><\/li>\n<\/ul>\n<div id=\"promitel_tabProductFeatures\" class=\"abs-product-tab-panel\" data-grid-empty-aware=\"false\">\n<section class=\"panel abs-panel\">\n<div class=\"panel-heading\">\n<h3>Specyfikacja produktu<\/h3>\n<\/div>\n<div class=\"tech-specs-items-description-wrap\">\n<ul class=\"tech-specs-items-description\" data-target=\"Module\">\n<li class=\"tech-specs-items-description-list\"><span class=\"tech-specs-items-description__title--heading\"> <span style=\"vertical-align: inherit;\"> <span style=\"vertical-align: inherit;\">Modu\u0142 <\/span> <\/span> <\/span><\/li>\n<li class=\"tech-specs-items-description-list\"><span class=\"tech-specs-items-description__title\"> <span style=\"vertical-align: inherit;\"> <span style=\"vertical-align: inherit;\">Konfiguracja pikseli <\/span> <\/span> <\/span> <span class=\"tech-specs-items-description__title-details\"> <span style=\"vertical-align: inherit;\"> <span style=\"vertical-align: inherit;\">1R1G1B <\/span> <\/span> <\/span><\/li>\n<li class=\"tech-specs-items-description-list\"><span class=\"tech-specs-items-description__title\"> <span style=\"vertical-align: inherit;\"> <span style=\"vertical-align: inherit;\">Rozstaw pikseli <\/span> <\/span> <\/span> <span class=\"tech-specs-items-description__title-details\"> <span style=\"vertical-align: inherit;\"> <span style=\"vertical-align: inherit;\">6,0 mm <\/span> <\/span> <\/span><\/li>\n<li class=\"tech-specs-items-description-list\"><span class=\"tech-specs-items-description__title\"> <span style=\"vertical-align: inherit;\"> <span style=\"vertical-align: inherit;\">Wymiary <\/span> <\/span> <\/span> <span class=\"tech-specs-items-description__title-details\"> <span style=\"vertical-align: inherit;\"> <span style=\"vertical-align: inherit;\">192 x 192 mm <\/span> <\/span> <\/span><\/li>\n<li class=\"tech-specs-items-description-list\"><span class=\"tech-specs-items-description__title\"> <span style=\"vertical-align: inherit;\"> <span style=\"vertical-align: inherit;\">Rozdzielczo\u015b\u0107 modu\u0142u <\/span> <\/span> <\/span> <span class=\"tech-specs-items-description__title-details\"> <span style=\"vertical-align: inherit;\"> <span style=\"vertical-align: inherit;\">32&#215;32 <\/span> <\/span> <\/span><\/li>\n<li class=\"tech-specs-items-description-list\"><span class=\"tech-specs-items-description__title\"> <span style=\"vertical-align: inherit;\"> <span style=\"vertical-align: inherit;\">Zag\u0119szczenie pikseli <\/span> <\/span> <\/span> <span class=\"tech-specs-items-description__title-details\"> <span style=\"vertical-align: inherit;\"> <span style=\"vertical-align: inherit;\">27777 skoku\/m2 <\/span> <\/span> <\/span><\/li>\n<\/ul>\n<ul class=\"tech-specs-items-description\" data-target=\"Optical\">\n<li class=\"tech-specs-items-description-list\"><span class=\"tech-specs-items-description__title--heading\"> <span style=\"vertical-align: inherit;\"> <span style=\"vertical-align: inherit;\">Optyczny <\/span> <\/span> <\/span><\/li>\n<li class=\"tech-specs-items-description-list\"><span class=\"tech-specs-items-description__title\"> <span style=\"vertical-align: inherit;\"> <span style=\"vertical-align: inherit;\">Jasno\u015b\u0107 <\/span> <\/span> <\/span> <span class=\"tech-specs-items-description__title-details\">\u22654500cd\/\u33a1 <\/span><\/li>\n<\/ul>\n<ul class=\"tech-specs-items-description\" data-target=\"Display\">\n<li class=\"tech-specs-items-description-list\"><span class=\"tech-specs-items-description__title--heading\"> <span style=\"vertical-align: inherit;\"> <span style=\"vertical-align: inherit;\">Wy\u015bwietlacz <\/span> <\/span> <\/span><\/li>\n<li class=\"tech-specs-items-description-list\"><span class=\"tech-specs-items-description__title\"> <span style=\"vertical-align: inherit;\"> <span style=\"vertical-align: inherit;\">Temperatura koloru <\/span> <\/span> <\/span> <span class=\"tech-specs-items-description__title-details\"> <span style=\"vertical-align: inherit;\"> <span style=\"vertical-align: inherit;\">Regulacja w zakresie od 3500 k do 9300 k <\/span> <\/span> <\/span><\/li>\n<li class=\"tech-specs-items-description-list\"><span class=\"tech-specs-items-description__title\"> <span style=\"vertical-align: inherit;\"> <span style=\"vertical-align: inherit;\">K\u0105t widzenia <\/span> <\/span> <\/span> <span class=\"tech-specs-items-description__title-details\"> <span style=\"vertical-align: inherit;\"> <span style=\"vertical-align: inherit;\">Poziomo 120\u00b0, pionowo 120\u00b0 <\/span> <\/span> <\/span><\/li>\n<li class=\"tech-specs-items-description-list\"><span class=\"tech-specs-items-description__title\"> <span style=\"vertical-align: inherit;\"> <span style=\"vertical-align: inherit;\">Jednolito\u015b\u0107 jasno\u015bci <\/span> <\/span> <\/span> <span class=\"tech-specs-items-description__title-details\">\u2265 97% <\/span><\/li>\n<li class=\"tech-specs-items-description-list\"><span class=\"tech-specs-items-description__title\"> <span style=\"vertical-align: inherit;\"> <span style=\"vertical-align: inherit;\">Jednolito\u015b\u0107 koloru <\/span> <\/span> <\/span> <span class=\"tech-specs-items-description__title-details\"> <span style=\"vertical-align: inherit;\"> <span style=\"vertical-align: inherit;\">\u2264 \u00b1 0,003 Cx, Cy <\/span> <\/span> <\/span><\/li>\n<\/ul>\n<ul class=\"tech-specs-items-description\" data-target=\"Processing Performance\">\n<li class=\"tech-specs-items-description-list\"><span class=\"tech-specs-items-description__title--heading\"> <span style=\"vertical-align: inherit;\"> <span style=\"vertical-align: inherit;\">Wydajno\u015b\u0107 przetwarzania <\/span> <\/span> <\/span><\/li>\n<li class=\"tech-specs-items-description-list\"><span class=\"tech-specs-items-description__title\"> <span style=\"vertical-align: inherit;\"> <span style=\"vertical-align: inherit;\">Kontrola jasno\u015bci <\/span> <\/span> <\/span> <span class=\"tech-specs-items-description__title-details\"> <span style=\"vertical-align: inherit;\"> <span style=\"vertical-align: inherit;\">Automatyczny\/r\u0119czny <\/span> <\/span> <\/span><\/li>\n<li class=\"tech-specs-items-description-list\"><span class=\"tech-specs-items-description__title\"> <span style=\"vertical-align: inherit;\"> <span style=\"vertical-align: inherit;\">Metoda sterowania <\/span> <\/span> <\/span> <span class=\"tech-specs-items-description__title-details\"> <span style=\"vertical-align: inherit;\"> <span style=\"vertical-align: inherit;\">Sterowanie pr\u0105dem sta\u0142ym <\/span> <\/span> <\/span><\/li>\n<li class=\"tech-specs-items-description-list\"><span class=\"tech-specs-items-description__title\"> <span style=\"vertical-align: inherit;\"> <span style=\"vertical-align: inherit;\">Cz\u0119stotliwo\u015b\u0107 klatek <\/span> <\/span> <\/span> <span class=\"tech-specs-items-description__title-details\"> <span style=\"vertical-align: inherit;\"> <span style=\"vertical-align: inherit;\">60 Hz <\/span> <\/span> <\/span><\/li>\n<li class=\"tech-specs-items-description-list\"><span class=\"tech-specs-items-description__title\"> <span style=\"vertical-align: inherit;\"> <span style=\"vertical-align: inherit;\">Cz\u0119stotliwo\u015b\u0107 od\u015bwie\u017cania <\/span> <\/span> <\/span> <span class=\"tech-specs-items-description__title-details\"> <span style=\"vertical-align: inherit;\"> <span style=\"vertical-align: inherit;\">1920 Hz <\/span> <\/span> <\/span><\/li>\n<li class=\"tech-specs-items-description-list\"><span class=\"tech-specs-items-description__title\"> <span style=\"vertical-align: inherit;\"> <span style=\"vertical-align: inherit;\">Poziom szaro\u015bci <\/span> <\/span> <\/span> <span class=\"tech-specs-items-description__title-details\">65,536 <\/span><\/li>\n<li class=\"tech-specs-items-description-list\"><span class=\"tech-specs-items-description__title\"> <span style=\"vertical-align: inherit;\"> <span style=\"vertical-align: inherit;\">Kolor wy\u015bwietlacza <\/span> <\/span> <\/span> <span class=\"tech-specs-items-description__title-details\">16,777,216 <\/span><\/li>\n<li class=\"tech-specs-items-description-list\"><span class=\"tech-specs-items-description__title\"> <span style=\"vertical-align: inherit;\"> <span style=\"vertical-align: inherit;\">G\u0142\u0119boko\u015b\u0107 przetwarzania <\/span> <\/span> <\/span> <span class=\"tech-specs-items-description__title-details\"> <span style=\"vertical-align: inherit;\"> <span style=\"vertical-align: inherit;\">16-bitowy <\/span> <\/span> <\/span><\/li>\n<\/ul>\n<ul class=\"tech-specs-items-description\" data-target=\"Power\">\n<li class=\"tech-specs-items-description-list\"><span class=\"tech-specs-items-description__title--heading\"> <span style=\"vertical-align: inherit;\"> <span style=\"vertical-align: inherit;\">Moc <\/span> <\/span> <\/span><\/li>\n<li class=\"tech-specs-items-description-list\"><span class=\"tech-specs-items-description__title\"> <span style=\"vertical-align: inherit;\"> <span style=\"vertical-align: inherit;\">Maks. <\/span> <span style=\"vertical-align: inherit;\">Konsumpcja <\/span> <\/span> <\/span> <span class=\"tech-specs-items-description__title-details\">750 W\/m2 <\/span><\/li>\n<li class=\"tech-specs-items-description-list\"><span class=\"tech-specs-items-description__title\"> <span style=\"vertical-align: inherit;\"> <span style=\"vertical-align: inherit;\">\u015arednia konsumpcja <\/span> <\/span> <\/span> <span class=\"tech-specs-items-description__title-details\">250 W\/m2 <\/span><\/li>\n<\/ul>\n<ul class=\"tech-specs-items-description\" data-target=\"Working Environment\">\n<li class=\"tech-specs-items-description-list\"><span class=\"tech-specs-items-description__title--heading\"> <span style=\"vertical-align: inherit;\"> <span style=\"vertical-align: inherit;\">\u015arodowisko pracy <\/span> <\/span> <\/span><\/li>\n<li class=\"tech-specs-items-description-list\"><span class=\"tech-specs-items-description__title\"> <span style=\"vertical-align: inherit;\"> <span style=\"vertical-align: inherit;\">Temperatura pracy <\/span> <\/span> <\/span> <span class=\"tech-specs-items-description__title-details\"> <span style=\"vertical-align: inherit;\"> <span style=\"vertical-align: inherit;\">-20 do 50\u00b0C <\/span> <\/span> <\/span><\/li>\n<\/ul>\n<ul class=\"tech-specs-items-description\" style=\"margin-bottom: 448px;\" data-target=\"General\">\n<li class=\"tech-specs-items-description-list\"><span class=\"tech-specs-items-description__title--heading\"> <span style=\"vertical-align: inherit;\"> <span style=\"vertical-align: inherit;\">Og\u00f3lny <\/span> <\/span> <\/span><\/li>\n<li class=\"tech-specs-items-description-list\"><span class=\"tech-specs-items-description__title\"> <span style=\"vertical-align: inherit;\"> <span style=\"vertical-align: inherit;\">Wilgotno\u015b\u0107 robocza <\/span> <\/span> <\/span> <span class=\"tech-specs-items-description__title-details\"> <span style=\"vertical-align: inherit;\"> <span style=\"vertical-align: inherit;\">10 do 90% (bez kondensacji) <\/span> <\/span> <\/span><\/li>\n<\/ul>\n<\/div>\n<\/section>\n<\/div>\n<\/div>\n<\/div>\n","protected":false},"excerpt":{"rendered":"<table width=\"258\">\n<tbody>\n<tr>\n<td width=\"258\">Na zewn\u0105trz, rozstaw pikseli 6 mm, 192*192 mm\/model, rozdzielczo\u015b\u0107 32*32, 1920 Hz, \u22654500 nit\u00f3w, IP65<\/td>\n<\/tr>\n<\/tbody>\n<\/table>\n","protected":false},"featured_media":1031,"template":"","meta":{"inline_featured_image":false,"neve_meta_sidebar":"","neve_meta_container":"","neve_meta_enable_content_width":"off","neve_meta_content_width":100,"neve_meta_title_alignment":"","neve_meta_author_avatar":"","neve_post_elements_order":"","neve_meta_disable_header":"","neve_meta_disable_footer":"","neve_meta_disable_title":""},"pwb-brand":[29],"product_cat":[26],"product_tag":[],"yoast_head":"<!-- This site is optimized with the Yoast SEO plugin v22.6 - https:\/\/yoast.com\/wordpress\/plugins\/seo\/ -->\n<title>LED-M60NO - Modu\u0142 LED - Monitory Komercyjne Monitory komercyjne<\/title>\n<meta name=\"robots\" content=\"index, follow, max-snippet:-1, max-image-preview:large, max-video-preview:-1\" \/>\n<link rel=\"canonical\" href=\"https:\/\/monitorykomercyjne.pl\/index.php\/produkt\/led-m60no-modul-led\/\" \/>\n<meta property=\"og:locale\" content=\"pl_PL\" \/>\n<meta property=\"og:type\" content=\"article\" \/>\n<meta property=\"og:title\" content=\"LED-M60NO - Modu\u0142 LED - Monitory Komercyjne Monitory komercyjne\" \/>\n<meta property=\"og:description\" content=\"Na zewn\u0105trz, rozstaw pikseli 6 mm, 192*192 mm\/model, rozdzielczo\u015b\u0107 32*32, 1920 Hz, \u22654500 nit\u00f3w, IP65\" \/>\n<meta property=\"og:url\" content=\"https:\/\/monitorykomercyjne.pl\/index.php\/produkt\/led-m60no-modul-led\/\" \/>\n<meta property=\"og:site_name\" content=\"Monitory Komercyjne\" \/>\n<meta property=\"article:modified_time\" content=\"2024-05-09T07:39:56+00:00\" \/>\n<meta property=\"og:image\" content=\"https:\/\/monitorykomercyjne.pl\/wp-content\/uploads\/2024\/03\/LED-M60NO_foto1.png\" \/>\n\t<meta property=\"og:image:width\" content=\"960\" \/>\n\t<meta property=\"og:image:height\" content=\"720\" \/>\n\t<meta property=\"og:image:type\" content=\"image\/png\" \/>\n<meta name=\"twitter:card\" content=\"summary_large_image\" \/>\n<meta name=\"twitter:label1\" content=\"Szacowany czas czytania\" \/>\n\t<meta name=\"twitter:data1\" content=\"1 minuta\" \/>\n<script type=\"application\/ld+json\" class=\"yoast-schema-graph\">{\"@context\":\"https:\/\/schema.org\",\"@graph\":[{\"@type\":\"WebPage\",\"@id\":\"https:\/\/monitorykomercyjne.pl\/index.php\/produkt\/led-m60no-modul-led\/\",\"url\":\"https:\/\/monitorykomercyjne.pl\/index.php\/produkt\/led-m60no-modul-led\/\",\"name\":\"LED-M60NO - Modu\u0142 LED - Monitory Komercyjne Monitory komercyjne\",\"isPartOf\":{\"@id\":\"https:\/\/monitorykomercyjne.pl\/#website\"},\"primaryImageOfPage\":{\"@id\":\"https:\/\/monitorykomercyjne.pl\/index.php\/produkt\/led-m60no-modul-led\/#primaryimage\"},\"image\":{\"@id\":\"https:\/\/monitorykomercyjne.pl\/index.php\/produkt\/led-m60no-modul-led\/#primaryimage\"},\"thumbnailUrl\":\"https:\/\/monitorykomercyjne.pl\/wp-content\/uploads\/2024\/03\/LED-M60NO_foto1.png\",\"datePublished\":\"2024-02-23T07:23:07+00:00\",\"dateModified\":\"2024-05-09T07:39:56+00:00\",\"breadcrumb\":{\"@id\":\"https:\/\/monitorykomercyjne.pl\/index.php\/produkt\/led-m60no-modul-led\/#breadcrumb\"},\"inLanguage\":\"pl-PL\",\"potentialAction\":[{\"@type\":\"ReadAction\",\"target\":[\"https:\/\/monitorykomercyjne.pl\/index.php\/produkt\/led-m60no-modul-led\/\"]}]},{\"@type\":\"ImageObject\",\"inLanguage\":\"pl-PL\",\"@id\":\"https:\/\/monitorykomercyjne.pl\/index.php\/produkt\/led-m60no-modul-led\/#primaryimage\",\"url\":\"https:\/\/monitorykomercyjne.pl\/wp-content\/uploads\/2024\/03\/LED-M60NO_foto1.png\",\"contentUrl\":\"https:\/\/monitorykomercyjne.pl\/wp-content\/uploads\/2024\/03\/LED-M60NO_foto1.png\",\"width\":960,\"height\":720},{\"@type\":\"BreadcrumbList\",\"@id\":\"https:\/\/monitorykomercyjne.pl\/index.php\/produkt\/led-m60no-modul-led\/#breadcrumb\",\"itemListElement\":[{\"@type\":\"ListItem\",\"position\":1,\"name\":\"Strona g\u0142\u00f3wna\",\"item\":\"https:\/\/monitorykomercyjne.pl\/\"},{\"@type\":\"ListItem\",\"position\":2,\"name\":\"Produkty\",\"item\":\"https:\/\/monitorykomercyjne.pl\/index.php\/produkty\/\"},{\"@type\":\"ListItem\",\"position\":3,\"name\":\"LED-M60NO &#8211; Modu\u0142 LED\"}]},{\"@type\":\"WebSite\",\"@id\":\"https:\/\/monitorykomercyjne.pl\/#website\",\"url\":\"https:\/\/monitorykomercyjne.pl\/\",\"name\":\"Monitory Komercyjne\",\"description\":\"\",\"potentialAction\":[{\"@type\":\"SearchAction\",\"target\":{\"@type\":\"EntryPoint\",\"urlTemplate\":\"https:\/\/monitorykomercyjne.pl\/?s={search_term_string}\"},\"query-input\":\"required name=search_term_string\"}],\"inLanguage\":\"pl-PL\"}]}<\/script>\n<!-- \/ Yoast SEO plugin. -->","yoast_head_json":{"title":"LED-M60NO - Modu\u0142 LED - Monitory Komercyjne Monitory komercyjne","robots":{"index":"index","follow":"follow","max-snippet":"max-snippet:-1","max-image-preview":"max-image-preview:large","max-video-preview":"max-video-preview:-1"},"canonical":"https:\/\/monitorykomercyjne.pl\/index.php\/produkt\/led-m60no-modul-led\/","og_locale":"pl_PL","og_type":"article","og_title":"LED-M60NO - Modu\u0142 LED - Monitory Komercyjne Monitory komercyjne","og_description":"Na zewn\u0105trz, rozstaw pikseli 6 mm, 192*192 mm\/model, rozdzielczo\u015b\u0107 32*32, 1920 Hz, \u22654500 nit\u00f3w, IP65","og_url":"https:\/\/monitorykomercyjne.pl\/index.php\/produkt\/led-m60no-modul-led\/","og_site_name":"Monitory Komercyjne","article_modified_time":"2024-05-09T07:39:56+00:00","og_image":[{"width":960,"height":720,"url":"https:\/\/monitorykomercyjne.pl\/wp-content\/uploads\/2024\/03\/LED-M60NO_foto1.png","type":"image\/png"}],"twitter_card":"summary_large_image","twitter_misc":{"Szacowany czas czytania":"1 minuta"},"schema":{"@context":"https:\/\/schema.org","@graph":[{"@type":"WebPage","@id":"https:\/\/monitorykomercyjne.pl\/index.php\/produkt\/led-m60no-modul-led\/","url":"https:\/\/monitorykomercyjne.pl\/index.php\/produkt\/led-m60no-modul-led\/","name":"LED-M60NO - Modu\u0142 LED - Monitory Komercyjne Monitory komercyjne","isPartOf":{"@id":"https:\/\/monitorykomercyjne.pl\/#website"},"primaryImageOfPage":{"@id":"https:\/\/monitorykomercyjne.pl\/index.php\/produkt\/led-m60no-modul-led\/#primaryimage"},"image":{"@id":"https:\/\/monitorykomercyjne.pl\/index.php\/produkt\/led-m60no-modul-led\/#primaryimage"},"thumbnailUrl":"https:\/\/monitorykomercyjne.pl\/wp-content\/uploads\/2024\/03\/LED-M60NO_foto1.png","datePublished":"2024-02-23T07:23:07+00:00","dateModified":"2024-05-09T07:39:56+00:00","breadcrumb":{"@id":"https:\/\/monitorykomercyjne.pl\/index.php\/produkt\/led-m60no-modul-led\/#breadcrumb"},"inLanguage":"pl-PL","potentialAction":[{"@type":"ReadAction","target":["https:\/\/monitorykomercyjne.pl\/index.php\/produkt\/led-m60no-modul-led\/"]}]},{"@type":"ImageObject","inLanguage":"pl-PL","@id":"https:\/\/monitorykomercyjne.pl\/index.php\/produkt\/led-m60no-modul-led\/#primaryimage","url":"https:\/\/monitorykomercyjne.pl\/wp-content\/uploads\/2024\/03\/LED-M60NO_foto1.png","contentUrl":"https:\/\/monitorykomercyjne.pl\/wp-content\/uploads\/2024\/03\/LED-M60NO_foto1.png","width":960,"height":720},{"@type":"BreadcrumbList","@id":"https:\/\/monitorykomercyjne.pl\/index.php\/produkt\/led-m60no-modul-led\/#breadcrumb","itemListElement":[{"@type":"ListItem","position":1,"name":"Strona g\u0142\u00f3wna","item":"https:\/\/monitorykomercyjne.pl\/"},{"@type":"ListItem","position":2,"name":"Produkty","item":"https:\/\/monitorykomercyjne.pl\/index.php\/produkty\/"},{"@type":"ListItem","position":3,"name":"LED-M60NO &#8211; Modu\u0142 LED"}]},{"@type":"WebSite","@id":"https:\/\/monitorykomercyjne.pl\/#website","url":"https:\/\/monitorykomercyjne.pl\/","name":"Monitory Komercyjne","description":"","potentialAction":[{"@type":"SearchAction","target":{"@type":"EntryPoint","urlTemplate":"https:\/\/monitorykomercyjne.pl\/?s={search_term_string}"},"query-input":"required name=search_term_string"}],"inLanguage":"pl-PL"}]}},"brands":[{"id":29,"name":"Hikvision","slug":"hikvision"}],"_links":{"self":[{"href":"https:\/\/monitorykomercyjne.pl\/index.php\/wp-json\/wp\/v2\/product\/330"}],"collection":[{"href":"https:\/\/monitorykomercyjne.pl\/index.php\/wp-json\/wp\/v2\/product"}],"about":[{"href":"https:\/\/monitorykomercyjne.pl\/index.php\/wp-json\/wp\/v2\/types\/product"}],"wp:featuredmedia":[{"embeddable":true,"href":"https:\/\/monitorykomercyjne.pl\/index.php\/wp-json\/wp\/v2\/media\/1031"}],"wp:attachment":[{"href":"https:\/\/monitorykomercyjne.pl\/index.php\/wp-json\/wp\/v2\/media?parent=330"}],"wp:term":[{"taxonomy":"pwb-brand","embeddable":true,"href":"https:\/\/monitorykomercyjne.pl\/index.php\/wp-json\/wp\/v2\/pwb-brand?post=330"},{"taxonomy":"product_cat","embeddable":true,"href":"https:\/\/monitorykomercyjne.pl\/index.php\/wp-json\/wp\/v2\/product_cat?post=330"},{"taxonomy":"product_tag","embeddable":true,"href":"https:\/\/monitorykomercyjne.pl\/index.php\/wp-json\/wp\/v2\/product_tag?post=330"}],"curies":[{"name":"wp","href":"https:\/\/api.w.org\/{rel}","templated":true}]}}