{"id":351,"date":"2024-02-23T09:53:26","date_gmt":"2024-02-23T08:53:26","guid":{"rendered":"https:\/\/monitorykomercyjne.pl\/?post_type=product&#038;p=351"},"modified":"2024-05-09T09:39:55","modified_gmt":"2024-05-09T07:39:55","slug":"ds-d60c-b-kontroler-wyswietlacza","status":"publish","type":"product","link":"https:\/\/monitorykomercyjne.pl\/index.php\/produkt\/ds-d60c-b-kontroler-wyswietlacza\/","title":{"rendered":"DS-D60C-B &#8211; Kontroler wy\u015bwietlacza"},"content":{"rendered":"<div class=\"panel-body\">\n<div class=\"preserveFormatting\">\n<h4 class=\"promitel_function_header\"><span style=\"font-size: 18px;\"> <strong>Digital Signage Box<\/strong> <\/span><\/h4>\n<hr class=\"line\" \/>\n<ul class=\"product_description_item-list\">\n<li class=\"product_description_item\"><span style=\"vertical-align: inherit;\"> <span style=\"vertical-align: inherit;\">Materia\u0142y zmienne Obs\u0142uguje materia\u0142y statyczne i dynamiczne, w tym aplikacje, obrazy, audio, wideo, pliki PDF, media strumieniowe, strony internetowe, wideo na \u017cywo, dane stron trzecich itp. <\/span> <\/span><\/li>\n<li class=\"product_description_item\"><span style=\"vertical-align: inherit;\"> <span style=\"vertical-align: inherit;\">Elastyczny harmonogram programu Obs\u0142uguje bezp\u0142atny harmonogram i wy\u015bwietlanie wielu materia\u0142\u00f3w w dzielnicach. <\/span> <span style=\"vertical-align: inherit;\">Obs\u0142uguje zmienne tryby wy\u015bwietlania: wy\u015bwietlanie wed\u0142ug dnia, wy\u015bwietlanie wed\u0142ug tygodnia, wy\u015bwietlanie niestandardowe itp. <\/span> <\/span><\/li>\n<li class=\"product_description_item\"><span style=\"vertical-align: inherit;\"> <span style=\"vertical-align: inherit;\">Scentralizowane zarz\u0105dzanie Zdalne sterowanie i zarz\u0105dzanie jednym lub wi\u0119ksz\u0105 liczb\u0105 ekran\u00f3w, np. uruchamianiem\/wy\u0142\u0105czaniem w okre\u015blonym czasie, ustawianiem jasno\u015bci\/g\u0142o\u015bno\u015bci w okre\u015blonym czasie oraz podgl\u0105dem zrzut\u00f3w ekranu. <\/span> <\/span><\/li>\n<li class=\"product_description_item\"><span style=\"vertical-align: inherit;\"> <span style=\"vertical-align: inherit;\">Funkcja organizacji Dost\u0119pna jest 5-poziomowa organizacja umo\u017cliwiaj\u0105ca zarz\u0105dzanie materia\u0142ami, programami, terminalami i u\u017cytkownikami. <\/span> <\/span><\/li>\n<li class=\"product_description_item\"><span style=\"vertical-align: inherit;\"> <span style=\"vertical-align: inherit;\">Wielopoziomowe uprawnienia u\u017cytkownika Obs\u0142uguje tworzenie niestandardowych u\u017cytkownik\u00f3w i przydzielanie uprawnie\u0144 u\u017cytkownikom zgodnie z poziomem u\u017cytkownika. <\/span> <\/span><\/li>\n<li class=\"product_description_item\"><span style=\"vertical-align: inherit;\"> <span style=\"vertical-align: inherit;\">Wiele zabezpiecze\u0144 zapewnia tr\u00f3jpoziomow\u0105 kontrol\u0119 materia\u0142\u00f3w, program\u00f3w i harmonogram\u00f3w, aby zapobiec ujawnieniu b\u0142\u0119d\u00f3w. <\/span> <span style=\"vertical-align: inherit;\">Wygaszacz ekranu zabezpieczaj\u0105cy sejf dla nadawanych tre\u015bci. <\/span> <span style=\"vertical-align: inherit;\">Szyfrowanie przechowywania i transmisji danych w celu unikni\u0119cia manipulacji danymi. <\/span> <\/span><\/li>\n<li class=\"product_description_item\"><span style=\"vertical-align: inherit;\"> <span style=\"vertical-align: inherit;\">Pilot zdalnego sterowania o dowolnym kierunku Pilot wykorzystuj\u0105cy komunikacj\u0119 bezprzewodow\u0105 w pa\u015bmie 433 MHz mo\u017ce sterowa\u0107 skrzynk\u0105 informacyjn\u0105 w dowolnym kierunku. <\/span> <\/span><\/li>\n<\/ul>\n<div id=\"promitel_tabProductFeatures\" class=\"abs-product-tab-panel\" data-grid-empty-aware=\"false\">\n<section class=\"panel abs-panel\">\n<div class=\"panel-heading\">\n<h3>Specyfikacja produktu<\/h3>\n<\/div>\n<div class=\"tech-specs-items-description-wrap\">\n<ul class=\"tech-specs-items-description\" data-target=\"Cabinet\">\n<li class=\"tech-specs-items-description-list\"><span class=\"tech-specs-items-description__title--heading\"> <span style=\"vertical-align: inherit;\"> <span style=\"vertical-align: inherit;\">Gabinet <\/span> <\/span> <\/span><\/li>\n<li class=\"tech-specs-items-description-list\"><span class=\"tech-specs-items-description__title\"> <span style=\"vertical-align: inherit;\"> <span style=\"vertical-align: inherit;\">Rozdzielczo\u015b\u0107 <\/span> <\/span> <\/span> <span class=\"tech-specs-items-description__title-details\"> <span style=\"vertical-align: inherit;\"> <span style=\"vertical-align: inherit;\">1920 \u00d7 1080 przy 30 Hz, 1920 \u00d7 1080 przy 50 Hz, 1920 \u00d7 1080 przy 60 Hz, 1280 \u00d7 720 przy 30 Hz, 1280 \u00d7 720 przy 50 Hz, 1280 \u00d7 720 przy 60 Hz, 3840 \u00d7 2160 przy 30 Hz, 3840 \u00d7 2160 przy 50 Hz, 3840 \u00d7 2160 przy 60 Hz <\/span> <\/span> <\/span><\/li>\n<\/ul>\n<ul class=\"tech-specs-items-description\" data-target=\"Built-in System\">\n<li class=\"tech-specs-items-description-list\"><span class=\"tech-specs-items-description__title--heading\"> <span style=\"vertical-align: inherit;\"> <span style=\"vertical-align: inherit;\">Wbudowany system <\/span> <\/span> <\/span><\/li>\n<li class=\"tech-specs-items-description-list\"><span class=\"tech-specs-items-description__title\"> <span style=\"vertical-align: inherit;\"> <span style=\"vertical-align: inherit;\">System operacyjny <\/span> <\/span> <\/span> <span class=\"tech-specs-items-description__title-details\"> <span style=\"vertical-align: inherit;\"> <span style=\"vertical-align: inherit;\">Androida 8.1.0 <\/span> <\/span> <\/span><\/li>\n<li class=\"tech-specs-items-description-list\"><span class=\"tech-specs-items-description__title\"> <span style=\"vertical-align: inherit;\"> <span style=\"vertical-align: inherit;\">procesor <\/span> <\/span> <\/span> <span class=\"tech-specs-items-description__title-details\"> <span style=\"vertical-align: inherit;\"> <span style=\"vertical-align: inherit;\">Cortex-A17, 4-rdzeniowy, cz\u0119stotliwo\u015b\u0107 g\u0142\u00f3wna 1,6 GHz <\/span> <\/span> <\/span><\/li>\n<li class=\"tech-specs-items-description-list\"><span class=\"tech-specs-items-description__title\"> <span style=\"vertical-align: inherit;\"> <span style=\"vertical-align: inherit;\">Pami\u0119\u0107 <\/span> <\/span> <\/span> <span class=\"tech-specs-items-description__title-details\"> <span style=\"vertical-align: inherit;\"> <span style=\"vertical-align: inherit;\">2 GB <\/span> <\/span> <\/span><\/li>\n<li class=\"tech-specs-items-description-list\"><span class=\"tech-specs-items-description__title\"> <span style=\"vertical-align: inherit;\"> <span style=\"vertical-align: inherit;\">Sk\u0142adowanie <\/span> <\/span> <\/span> <span class=\"tech-specs-items-description__title-details\"> <span style=\"vertical-align: inherit;\"> <span style=\"vertical-align: inherit;\">16 GB (EMMC) <\/span> <\/span> <\/span><\/li>\n<\/ul>\n<ul class=\"tech-specs-items-description\" data-target=\"Interface\">\n<li class=\"tech-specs-items-description-list\"><span class=\"tech-specs-items-description__title--heading\"> <span style=\"vertical-align: inherit;\"> <span style=\"vertical-align: inherit;\">Interfejs <\/span> <\/span> <\/span><\/li>\n<li class=\"tech-specs-items-description-list\"><span class=\"tech-specs-items-description__title\"> <span style=\"vertical-align: inherit;\"> <span style=\"vertical-align: inherit;\">Wej\u015bcie wideo i audio <\/span> <\/span> <\/span> <span class=\"tech-specs-items-description__title-details\"> <span style=\"vertical-align: inherit;\"> <span style=\"vertical-align: inherit;\">WEJ\u015aCIE AUDIO \u00d7 1 <\/span> <\/span> <\/span><\/li>\n<li class=\"tech-specs-items-description-list\"><span class=\"tech-specs-items-description__title\"> <span style=\"vertical-align: inherit;\"> <span style=\"vertical-align: inherit;\">Wyj\u015bcie wideo i audio <\/span> <\/span> <\/span> <span class=\"tech-specs-items-description__title-details\"> <span style=\"vertical-align: inherit;\"> <span style=\"vertical-align: inherit;\">WYJ\u015aCIE AUDIO \u00d7 1, WYJ\u015aCIE HDMI \u00d7 1 <\/span> <\/span> <\/span><\/li>\n<li class=\"tech-specs-items-description-list\"><span class=\"tech-specs-items-description__title\"> <span style=\"vertical-align: inherit;\"> <span style=\"vertical-align: inherit;\">Interfejs sieciowy <\/span> <\/span> <\/span> <span class=\"tech-specs-items-description__title-details\"> <span style=\"vertical-align: inherit;\"> <span style=\"vertical-align: inherit;\">LAN \u00d7 1, Wi-Fi <\/span> <\/span> <\/span><\/li>\n<li class=\"tech-specs-items-description-list\"><span class=\"tech-specs-items-description__title\"> <span style=\"vertical-align: inherit;\"> <span style=\"vertical-align: inherit;\">Interfejs transmisji danych <\/span> <\/span> <\/span> <span class=\"tech-specs-items-description__title-details\"> <span style=\"vertical-align: inherit;\"> <span style=\"vertical-align: inherit;\">USB 2.0\u00d72, Bluetooth 4.0 <\/span> <\/span> <\/span><\/li>\n<\/ul>\n<ul class=\"tech-specs-items-description\" data-target=\"Power\">\n<li class=\"tech-specs-items-description-list\"><span class=\"tech-specs-items-description__title--heading\"> <span style=\"vertical-align: inherit;\"> <span style=\"vertical-align: inherit;\">Moc <\/span> <\/span> <\/span><\/li>\n<li class=\"tech-specs-items-description-list\"><span class=\"tech-specs-items-description__title\"> <span style=\"vertical-align: inherit;\"> <span style=\"vertical-align: inherit;\">Zasilacz <\/span> <\/span> <\/span> <span class=\"tech-specs-items-description__title-details\"> <span style=\"vertical-align: inherit;\"> <span style=\"vertical-align: inherit;\">12 V AC, 2 A <\/span> <\/span> <\/span><\/li>\n<li class=\"tech-specs-items-description-list\"><span class=\"tech-specs-items-description__title\"> <span style=\"vertical-align: inherit;\"> <span style=\"vertical-align: inherit;\">Zu\u017cycie w trybie gotowo\u015bci <\/span> <\/span> <\/span> <span class=\"tech-specs-items-description__title-details\"> <span style=\"vertical-align: inherit;\"> <span style=\"vertical-align: inherit;\">\u2264 1 W <\/span> <\/span> <\/span><\/li>\n<\/ul>\n<ul class=\"tech-specs-items-description\" data-target=\"Working Environment\">\n<li class=\"tech-specs-items-description-list\"><span class=\"tech-specs-items-description__title--heading\"> <span style=\"vertical-align: inherit;\"> <span style=\"vertical-align: inherit;\">\u015arodowisko pracy <\/span> <\/span> <\/span><\/li>\n<li class=\"tech-specs-items-description-list\"><span class=\"tech-specs-items-description__title\"> <span style=\"vertical-align: inherit;\"> <span style=\"vertical-align: inherit;\">Temperatura pracy <\/span> <\/span> <\/span> <span class=\"tech-specs-items-description__title-details\"> <span style=\"vertical-align: inherit;\"> <span style=\"vertical-align: inherit;\">0\u00b0C do 40\u00b0C (32\u00b0F do 104\u00b0F) <\/span> <\/span> <\/span><\/li>\n<\/ul>\n<ul class=\"tech-specs-items-description\" data-target=\"General\">\n<li class=\"tech-specs-items-description-list\"><span class=\"tech-specs-items-description__title--heading\"> <span style=\"vertical-align: inherit;\"> <span style=\"vertical-align: inherit;\">Og\u00f3lny <\/span> <\/span> <\/span><\/li>\n<li class=\"tech-specs-items-description-list\"><span class=\"tech-specs-items-description__title\"> <span style=\"vertical-align: inherit;\"> <span style=\"vertical-align: inherit;\">Wymiary produktu (szer. \u00d7 wys. \u00d7 g\u0142.) <\/span> <\/span> <\/span> <span class=\"tech-specs-items-description__title-details\"> <span style=\"vertical-align: inherit;\"> <span style=\"vertical-align: inherit;\">145 mm \u00d7 145 mm \u00d7 31,89 mm (5,7&#8243; \u00d7 5,7&#8243; \u00d7 1,3&#8243;) <\/span> <\/span> <\/span><\/li>\n<li class=\"tech-specs-items-description-list\"><span class=\"tech-specs-items-description__title\"> <span style=\"vertical-align: inherit;\"> <span style=\"vertical-align: inherit;\">Wilgotno\u015b\u0107 robocza <\/span> <\/span> <\/span> <span class=\"tech-specs-items-description__title-details\"> <span style=\"vertical-align: inherit;\"> <span style=\"vertical-align: inherit;\">10% do 90% <\/span> <\/span> <\/span><\/li>\n<li class=\"tech-specs-items-description-list\"><span class=\"tech-specs-items-description__title\"> <span style=\"vertical-align: inherit;\"> <span style=\"vertical-align: inherit;\">Wymiary opakowania (szer. \u00d7 wys. \u00d7 g\u0142.) <\/span> <\/span> <\/span> <span class=\"tech-specs-items-description__title-details\"> <span style=\"vertical-align: inherit;\"> <span style=\"vertical-align: inherit;\">188 mm \u00d7 176 mm \u00d7 101 mm (7,4&#8243; \u00d7 6,9&#8243; \u00d7 4,0&#8243;) <\/span> <\/span> <\/span><\/li>\n<li class=\"tech-specs-items-description-list\"><span class=\"tech-specs-items-description__title\"> <span style=\"vertical-align: inherit;\"> <span style=\"vertical-align: inherit;\">Waga netto <\/span> <\/span> <\/span> <span class=\"tech-specs-items-description__title-details\"> <span style=\"vertical-align: inherit;\"> <span style=\"vertical-align: inherit;\">0,6 kg (1,3 funta) <\/span> <\/span> <\/span><\/li>\n<li class=\"tech-specs-items-description-list\"><span class=\"tech-specs-items-description__title\"> <span style=\"vertical-align: inherit;\"> <span style=\"vertical-align: inherit;\">Waga brutto <\/span> <\/span> <\/span> <span class=\"tech-specs-items-description__title-details\"> <span style=\"vertical-align: inherit;\"> <span style=\"vertical-align: inherit;\">0,65 kg (1,4 funta) <\/span> <\/span> <\/span><\/li>\n<li class=\"tech-specs-items-description-list\"><span class=\"tech-specs-items-description__title\"> <span style=\"vertical-align: inherit;\"> <span style=\"vertical-align: inherit;\">Lista rzeczy w zestawie: <\/span> <\/span> <\/span> <span class=\"tech-specs-items-description__title-details\"> <span style=\"vertical-align: inherit;\"> <span style=\"vertical-align: inherit;\">Zasilacz \u00d7 1, pilot zdalnego sterowania \u00d7 1 <\/span> <\/span> <\/span><\/li>\n<\/ul>\n<ul class=\"tech-specs-items-description\" style=\"margin-bottom: 358px;\" data-target=\"Default Parameters\">\n<li class=\"tech-specs-items-description-list\"><span class=\"tech-specs-items-description__title--heading\"> <span style=\"vertical-align: inherit;\"> <span style=\"vertical-align: inherit;\">Parametry domy\u015blne <\/span> <\/span> <\/span><\/li>\n<li class=\"tech-specs-items-description-list\"><span class=\"tech-specs-items-description__title\"> <span style=\"vertical-align: inherit;\"> <span style=\"vertical-align: inherit;\">Materia\u0142 <\/span> <\/span> <\/span> <span class=\"tech-specs-items-description__title-details\"><span class=\"tech-specs-items-description__title-details\"><br \/>\n<\/span><\/span><\/p>\n<p class=\"mb-p\" style=\"margin-bottom: 0rem; height: auto;\"><span style=\"vertical-align: inherit;\"> <span style=\"vertical-align: inherit;\">DAT, MPG, VOB, TS, AVI, MKV, MP4, MOV, 3GP, FLV, WEBM, WMV, ASF, <\/span> <\/span><\/p>\n<p class=\"mb-p\" style=\"margin-bottom: 0rem; height: auto;\"><span style=\"vertical-align: inherit;\"> <span style=\"vertical-align: inherit;\">MP1, MP2, MP3, WMA, WAV, OGG, OGA, FLAC, ACC, M4A, XMF, <\/span> <\/span><\/p>\n<p class=\"mb-p\" style=\"margin-bottom: 0.5em; height: auto;\"><span style=\"vertical-align: inherit;\"> <span style=\"vertical-align: inherit;\">MXMF, RTTTL, RTX, OTA, IMY, JPG, JPEG, BMP, GIF, PNG <\/span> <\/span><\/p>\n<p>&nbsp;<\/li>\n<\/ul>\n<\/div>\n<\/section>\n<\/div>\n<\/div>\n<\/div>\n","protected":false},"excerpt":{"rendered":"<table width=\"169\">\n<tbody>\n<tr>\n<td width=\"169\">Digital Signage Box, Android 8.1, wyj\u015bcie HDMI, 2 GB pami\u0119ci, 16 GB wbudowanej pami\u0119ci, ch\u0142odzenie pasywne, praca ze zwyk\u0142ym monitorem lub \u015bcian\u0105 wideo LCD\/LED, harmonogram wsparcia lub samodzielne definiowanie odtwarzania wideo, audio, zdj\u0119\u0107 i dokument\u00f3w.<\/td>\n<\/tr>\n<\/tbody>\n<\/table>\n","protected":false},"featured_media":215,"template":"","meta":{"inline_featured_image":false,"neve_meta_sidebar":"","neve_meta_container":"","neve_meta_enable_content_width":"off","neve_meta_content_width":100,"neve_meta_title_alignment":"","neve_meta_author_avatar":"","neve_post_elements_order":"","neve_meta_disable_header":"","neve_meta_disable_footer":"","neve_meta_disable_title":""},"pwb-brand":[29],"product_cat":[23],"product_tag":[],"yoast_head":"<!-- This site is optimized with the Yoast SEO plugin v22.6 - https:\/\/yoast.com\/wordpress\/plugins\/seo\/ -->\n<title>DS-D60C-B - Kontroler wy\u015bwietlacza - Monitory Komercyjne Monitory komercyjne<\/title>\n<meta name=\"robots\" content=\"index, follow, max-snippet:-1, max-image-preview:large, max-video-preview:-1\" \/>\n<link rel=\"canonical\" href=\"https:\/\/monitorykomercyjne.pl\/index.php\/produkt\/ds-d60c-b-kontroler-wyswietlacza\/\" \/>\n<meta property=\"og:locale\" content=\"pl_PL\" \/>\n<meta property=\"og:type\" content=\"article\" \/>\n<meta property=\"og:title\" content=\"DS-D60C-B - Kontroler wy\u015bwietlacza - Monitory Komercyjne Monitory komercyjne\" \/>\n<meta property=\"og:description\" content=\"Digital Signage Box, Android 8.1, wyj\u015bcie HDMI, 2 GB pami\u0119ci, 16 GB wbudowanej pami\u0119ci, ch\u0142odzenie pasywne, praca ze zwyk\u0142ym monitorem lub \u015bcian\u0105 wideo LCD\/LED, harmonogram wsparcia lub samodzielne definiowanie odtwarzania wideo, audio, zdj\u0119\u0107 i dokument\u00f3w.\" \/>\n<meta property=\"og:url\" content=\"https:\/\/monitorykomercyjne.pl\/index.php\/produkt\/ds-d60c-b-kontroler-wyswietlacza\/\" \/>\n<meta property=\"og:site_name\" content=\"Monitory Komercyjne\" \/>\n<meta property=\"article:modified_time\" content=\"2024-05-09T07:39:55+00:00\" \/>\n<meta property=\"og:image\" content=\"https:\/\/monitorykomercyjne.pl\/wp-content\/uploads\/2024\/02\/DS-D60C-B_foto1.png\" \/>\n\t<meta property=\"og:image:width\" content=\"960\" \/>\n\t<meta property=\"og:image:height\" content=\"720\" \/>\n\t<meta property=\"og:image:type\" content=\"image\/png\" \/>\n<meta name=\"twitter:card\" content=\"summary_large_image\" \/>\n<meta name=\"twitter:label1\" content=\"Szacowany czas czytania\" \/>\n\t<meta name=\"twitter:data1\" content=\"2 minuty\" \/>\n<script type=\"application\/ld+json\" class=\"yoast-schema-graph\">{\"@context\":\"https:\/\/schema.org\",\"@graph\":[{\"@type\":\"WebPage\",\"@id\":\"https:\/\/monitorykomercyjne.pl\/index.php\/produkt\/ds-d60c-b-kontroler-wyswietlacza\/\",\"url\":\"https:\/\/monitorykomercyjne.pl\/index.php\/produkt\/ds-d60c-b-kontroler-wyswietlacza\/\",\"name\":\"DS-D60C-B - Kontroler wy\u015bwietlacza - Monitory Komercyjne Monitory komercyjne\",\"isPartOf\":{\"@id\":\"https:\/\/monitorykomercyjne.pl\/#website\"},\"primaryImageOfPage\":{\"@id\":\"https:\/\/monitorykomercyjne.pl\/index.php\/produkt\/ds-d60c-b-kontroler-wyswietlacza\/#primaryimage\"},\"image\":{\"@id\":\"https:\/\/monitorykomercyjne.pl\/index.php\/produkt\/ds-d60c-b-kontroler-wyswietlacza\/#primaryimage\"},\"thumbnailUrl\":\"https:\/\/monitorykomercyjne.pl\/wp-content\/uploads\/2024\/02\/DS-D60C-B_foto1.png\",\"datePublished\":\"2024-02-23T08:53:26+00:00\",\"dateModified\":\"2024-05-09T07:39:55+00:00\",\"breadcrumb\":{\"@id\":\"https:\/\/monitorykomercyjne.pl\/index.php\/produkt\/ds-d60c-b-kontroler-wyswietlacza\/#breadcrumb\"},\"inLanguage\":\"pl-PL\",\"potentialAction\":[{\"@type\":\"ReadAction\",\"target\":[\"https:\/\/monitorykomercyjne.pl\/index.php\/produkt\/ds-d60c-b-kontroler-wyswietlacza\/\"]}]},{\"@type\":\"ImageObject\",\"inLanguage\":\"pl-PL\",\"@id\":\"https:\/\/monitorykomercyjne.pl\/index.php\/produkt\/ds-d60c-b-kontroler-wyswietlacza\/#primaryimage\",\"url\":\"https:\/\/monitorykomercyjne.pl\/wp-content\/uploads\/2024\/02\/DS-D60C-B_foto1.png\",\"contentUrl\":\"https:\/\/monitorykomercyjne.pl\/wp-content\/uploads\/2024\/02\/DS-D60C-B_foto1.png\",\"width\":960,\"height\":720},{\"@type\":\"BreadcrumbList\",\"@id\":\"https:\/\/monitorykomercyjne.pl\/index.php\/produkt\/ds-d60c-b-kontroler-wyswietlacza\/#breadcrumb\",\"itemListElement\":[{\"@type\":\"ListItem\",\"position\":1,\"name\":\"Strona g\u0142\u00f3wna\",\"item\":\"https:\/\/monitorykomercyjne.pl\/\"},{\"@type\":\"ListItem\",\"position\":2,\"name\":\"Produkty\",\"item\":\"https:\/\/monitorykomercyjne.pl\/index.php\/produkty\/\"},{\"@type\":\"ListItem\",\"position\":3,\"name\":\"DS-D60C-B &#8211; Kontroler wy\u015bwietlacza\"}]},{\"@type\":\"WebSite\",\"@id\":\"https:\/\/monitorykomercyjne.pl\/#website\",\"url\":\"https:\/\/monitorykomercyjne.pl\/\",\"name\":\"Monitory Komercyjne\",\"description\":\"\",\"potentialAction\":[{\"@type\":\"SearchAction\",\"target\":{\"@type\":\"EntryPoint\",\"urlTemplate\":\"https:\/\/monitorykomercyjne.pl\/?s={search_term_string}\"},\"query-input\":\"required name=search_term_string\"}],\"inLanguage\":\"pl-PL\"}]}<\/script>\n<!-- \/ Yoast SEO plugin. -->","yoast_head_json":{"title":"DS-D60C-B - Kontroler wy\u015bwietlacza - Monitory Komercyjne Monitory komercyjne","robots":{"index":"index","follow":"follow","max-snippet":"max-snippet:-1","max-image-preview":"max-image-preview:large","max-video-preview":"max-video-preview:-1"},"canonical":"https:\/\/monitorykomercyjne.pl\/index.php\/produkt\/ds-d60c-b-kontroler-wyswietlacza\/","og_locale":"pl_PL","og_type":"article","og_title":"DS-D60C-B - Kontroler wy\u015bwietlacza - Monitory Komercyjne Monitory komercyjne","og_description":"Digital Signage Box, Android 8.1, wyj\u015bcie HDMI, 2 GB pami\u0119ci, 16 GB wbudowanej pami\u0119ci, ch\u0142odzenie pasywne, praca ze zwyk\u0142ym monitorem lub \u015bcian\u0105 wideo LCD\/LED, harmonogram wsparcia lub samodzielne definiowanie odtwarzania wideo, audio, zdj\u0119\u0107 i dokument\u00f3w.","og_url":"https:\/\/monitorykomercyjne.pl\/index.php\/produkt\/ds-d60c-b-kontroler-wyswietlacza\/","og_site_name":"Monitory Komercyjne","article_modified_time":"2024-05-09T07:39:55+00:00","og_image":[{"width":960,"height":720,"url":"https:\/\/monitorykomercyjne.pl\/wp-content\/uploads\/2024\/02\/DS-D60C-B_foto1.png","type":"image\/png"}],"twitter_card":"summary_large_image","twitter_misc":{"Szacowany czas czytania":"2 minuty"},"schema":{"@context":"https:\/\/schema.org","@graph":[{"@type":"WebPage","@id":"https:\/\/monitorykomercyjne.pl\/index.php\/produkt\/ds-d60c-b-kontroler-wyswietlacza\/","url":"https:\/\/monitorykomercyjne.pl\/index.php\/produkt\/ds-d60c-b-kontroler-wyswietlacza\/","name":"DS-D60C-B - Kontroler wy\u015bwietlacza - Monitory Komercyjne Monitory komercyjne","isPartOf":{"@id":"https:\/\/monitorykomercyjne.pl\/#website"},"primaryImageOfPage":{"@id":"https:\/\/monitorykomercyjne.pl\/index.php\/produkt\/ds-d60c-b-kontroler-wyswietlacza\/#primaryimage"},"image":{"@id":"https:\/\/monitorykomercyjne.pl\/index.php\/produkt\/ds-d60c-b-kontroler-wyswietlacza\/#primaryimage"},"thumbnailUrl":"https:\/\/monitorykomercyjne.pl\/wp-content\/uploads\/2024\/02\/DS-D60C-B_foto1.png","datePublished":"2024-02-23T08:53:26+00:00","dateModified":"2024-05-09T07:39:55+00:00","breadcrumb":{"@id":"https:\/\/monitorykomercyjne.pl\/index.php\/produkt\/ds-d60c-b-kontroler-wyswietlacza\/#breadcrumb"},"inLanguage":"pl-PL","potentialAction":[{"@type":"ReadAction","target":["https:\/\/monitorykomercyjne.pl\/index.php\/produkt\/ds-d60c-b-kontroler-wyswietlacza\/"]}]},{"@type":"ImageObject","inLanguage":"pl-PL","@id":"https:\/\/monitorykomercyjne.pl\/index.php\/produkt\/ds-d60c-b-kontroler-wyswietlacza\/#primaryimage","url":"https:\/\/monitorykomercyjne.pl\/wp-content\/uploads\/2024\/02\/DS-D60C-B_foto1.png","contentUrl":"https:\/\/monitorykomercyjne.pl\/wp-content\/uploads\/2024\/02\/DS-D60C-B_foto1.png","width":960,"height":720},{"@type":"BreadcrumbList","@id":"https:\/\/monitorykomercyjne.pl\/index.php\/produkt\/ds-d60c-b-kontroler-wyswietlacza\/#breadcrumb","itemListElement":[{"@type":"ListItem","position":1,"name":"Strona g\u0142\u00f3wna","item":"https:\/\/monitorykomercyjne.pl\/"},{"@type":"ListItem","position":2,"name":"Produkty","item":"https:\/\/monitorykomercyjne.pl\/index.php\/produkty\/"},{"@type":"ListItem","position":3,"name":"DS-D60C-B &#8211; Kontroler wy\u015bwietlacza"}]},{"@type":"WebSite","@id":"https:\/\/monitorykomercyjne.pl\/#website","url":"https:\/\/monitorykomercyjne.pl\/","name":"Monitory Komercyjne","description":"","potentialAction":[{"@type":"SearchAction","target":{"@type":"EntryPoint","urlTemplate":"https:\/\/monitorykomercyjne.pl\/?s={search_term_string}"},"query-input":"required name=search_term_string"}],"inLanguage":"pl-PL"}]}},"brands":[{"id":29,"name":"Hikvision","slug":"hikvision"}],"_links":{"self":[{"href":"https:\/\/monitorykomercyjne.pl\/index.php\/wp-json\/wp\/v2\/product\/351"}],"collection":[{"href":"https:\/\/monitorykomercyjne.pl\/index.php\/wp-json\/wp\/v2\/product"}],"about":[{"href":"https:\/\/monitorykomercyjne.pl\/index.php\/wp-json\/wp\/v2\/types\/product"}],"wp:featuredmedia":[{"embeddable":true,"href":"https:\/\/monitorykomercyjne.pl\/index.php\/wp-json\/wp\/v2\/media\/215"}],"wp:attachment":[{"href":"https:\/\/monitorykomercyjne.pl\/index.php\/wp-json\/wp\/v2\/media?parent=351"}],"wp:term":[{"taxonomy":"pwb-brand","embeddable":true,"href":"https:\/\/monitorykomercyjne.pl\/index.php\/wp-json\/wp\/v2\/pwb-brand?post=351"},{"taxonomy":"product_cat","embeddable":true,"href":"https:\/\/monitorykomercyjne.pl\/index.php\/wp-json\/wp\/v2\/product_cat?post=351"},{"taxonomy":"product_tag","embeddable":true,"href":"https:\/\/monitorykomercyjne.pl\/index.php\/wp-json\/wp\/v2\/product_tag?post=351"}],"curies":[{"name":"wp","href":"https:\/\/api.w.org\/{rel}","templated":true}]}}