{"id":368,"date":"2024-02-23T11:46:03","date_gmt":"2024-02-23T10:46:03","guid":{"rendered":"https:\/\/monitorykomercyjne.pl\/?post_type=product&#038;p=368"},"modified":"2024-05-09T09:39:54","modified_gmt":"2024-05-09T07:39:54","slug":"ds-dn5501w-uchwyt-scienny","status":"publish","type":"product","link":"https:\/\/monitorykomercyjne.pl\/index.php\/produkt\/ds-dn5501w-uchwyt-scienny\/","title":{"rendered":"DS-DN5501W &#8211; Uchwyt \u015bcienny"},"content":{"rendered":"\n<div class=\"panel-body\">\n<div class=\"preserveFormatting\">\n<h4 class=\"promitel_function_header\">\n              <span style=\"font-size: 18px\"><br \/>\n                <strong>Wspornik montowany na \u015bcianie<br \/>\n                <\/strong><br \/>\n              <\/span><br \/>\n            <\/h4>\n<hr class=\"line\" \/>\n<ul class=\"product_description_item-list\">\n<li class=\"product_description_item\">   <span class=\"prodcuct_description_dot\">   <\/span>   <font style=\"vertical-align: inherit;\">   <font style=\"vertical-align: inherit;\">Solidna stalowa konstrukcja, zapobiegaj\u0105ca zginaniu lub skr\u0119caniu ekranu   <\/font>   <\/font>   <\/li>\n<li class=\"product_description_item\">   <span class=\"prodcuct_description_dot\">   <\/span>   <font style=\"vertical-align: inherit;\">   <font style=\"vertical-align: inherit;\">Blacha stalowa walcowana na zimno (SPCC)   <\/font>   <\/font>   <\/li>\n<li class=\"product_description_item\">   <span class=\"prodcuct_description_dot\">   <\/span>   <font style=\"vertical-align: inherit;\">   <font style=\"vertical-align: inherit;\">Szybki i \u0142atwy monta\u017c   <\/font>   <\/font>   <\/li>\n<li class=\"product_description_item\">   <span class=\"prodcuct_description_dot\">   <\/span>   <font style=\"vertical-align: inherit;\">   <font style=\"vertical-align: inherit;\">Konserwacja przednia   <\/font>   <\/font>   <\/li>\n<\/ul>\n<div\n      class=\"abs-product-tab-panel\"\n      id=\"promitel_tabProductFeatures\"\n      data-grid-empty-aware=\"false\"\n    ><\/p>\n<section class=\"panel abs-panel\">\n<div class=\"panel-heading\">\n<h3>Specyfikacja produktu        <\/h3>\n<\/p><\/div>\n<div class=\"tech-specs-items-description-wrap\">\n<ul class=\"tech-specs-items-description\" data-target=\"General\">\n<li class=\"tech-specs-items-description-list\"> <span class=\"tech-specs-items-description__title--heading\"> <font style=\"vertical-align: inherit;\"> <font style=\"vertical-align: inherit;\">Og\u00f3lny <\/font> <\/font> <\/span> <\/li>\n<li class=\"tech-specs-items-description-list\"> <span class=\"tech-specs-items-description__title\"> <font style=\"vertical-align: inherit;\"> <font style=\"vertical-align: inherit;\">VESA <\/font> <\/font> <\/span> <span class=\"tech-specs-items-description__title-details\"> <font style=\"vertical-align: inherit;\"> <font style=\"vertical-align: inherit;\">600 (wys.) mm \u00d7 400 (szer.) mm <\/font> <\/font> <\/span> <\/li>\n<li class=\"tech-specs-items-description-list\"> <span class=\"tech-specs-items-description__title\"> <font style=\"vertical-align: inherit;\"> <font style=\"vertical-align: inherit;\">Wymiary (szer. \u00d7 wys. \u00d7 g\u0142\u0119b.) <\/font> <\/font> <\/span> <span class=\"tech-specs-items-description__title-details\"> <font style=\"vertical-align: inherit;\"> <font style=\"vertical-align: inherit;\">736 mm \u00d7 684,5 mm \u00d7 65 mm (28,98 cala \u00d7 26,95 cala \u00d7 2,56 cala) <\/font> <\/font> <\/span> <\/li>\n<li class=\"tech-specs-items-description-list\"> <span class=\"tech-specs-items-description__title\"> <font style=\"vertical-align: inherit;\"> <font style=\"vertical-align: inherit;\">Waga brutto <\/font> <\/font> <\/span> <span class=\"tech-specs-items-description__title-details\"> <font style=\"vertical-align: inherit;\"> <font style=\"vertical-align: inherit;\">14 \u00b1 0,5 kg (30,86 \u00b1 1,1 funta) <\/font> <\/font> <\/span> <\/li>\n<li class=\"tech-specs-items-description-list\"> <span class=\"tech-specs-items-description__title\"> <font style=\"vertical-align: inherit;\"> <font style=\"vertical-align: inherit;\">Waga netto <\/font> <\/font> <\/span> <span class=\"tech-specs-items-description__title-details\"> <font style=\"vertical-align: inherit;\"> <font style=\"vertical-align: inherit;\">12,6 \u00b1 0,5 kg (27,78 \u00b1 1,1 funta) <\/font> <\/font> <\/span> <\/li>\n<\/ul>\n<ul class=\"tech-specs-items-description\" data-target=\"Default Parameters\" style=\"margin-bottom: 363px;\">\n<li class=\"tech-specs-items-description-list\"> <span class=\"tech-specs-items-description__title--heading\"> <font style=\"vertical-align: inherit;\"> <font style=\"vertical-align: inherit;\">Parametry domy\u015blne <\/font> <\/font> <\/span> <\/li>\n<li class=\"tech-specs-items-description-list\"> <span class=\"tech-specs-items-description__title\"> <font style=\"vertical-align: inherit;\"> <font style=\"vertical-align: inherit;\">Kolor <\/font> <\/font> <\/span> <span class=\"tech-specs-items-description__title-details\"> <font style=\"vertical-align: inherit;\"> <font style=\"vertical-align: inherit;\">Czarny <\/font> <\/font> <\/span> <\/li>\n<li class=\"tech-specs-items-description-list\"> <span class=\"tech-specs-items-description__title\"> <font style=\"vertical-align: inherit;\"> <font style=\"vertical-align: inherit;\">Materia\u0142 <\/font> <\/font> <\/span> <span class=\"tech-specs-items-description__title-details\"> <font style=\"vertical-align: inherit;\"> <font style=\"vertical-align: inherit;\">Blacha stalowa walcowana na zimno (SPCC) <\/font> <\/font> <\/span> <\/li>\n<li class=\"tech-specs-items-description-list\"> <span class=\"tech-specs-items-description__title\"> <font style=\"vertical-align: inherit;\"> <font style=\"vertical-align: inherit;\">Obr\u00f3bka powierzchniowa <\/font> <\/font> <\/span> <span class=\"tech-specs-items-description__title-details\"> <font style=\"vertical-align: inherit;\"> <font style=\"vertical-align: inherit;\">Natryskiwanie elektrostatyczne <\/font> <\/font> <\/span> <\/li>\n<\/ul><\/div>\n<\/section><\/div>\n<\/p><\/div>\n<\/p><\/div>\n","protected":false},"excerpt":{"rendered":"<table width=\"206\">\n<tbody>\n<tr>\n<td width=\"206\">Przedni uchwyt do monta\u017cu na\u015bciennego, odpowiedni do wszystkich 55-calowych modeli LCD.<\/td>\n<\/tr>\n<\/tbody>\n<\/table>\n","protected":false},"featured_media":133,"template":"","meta":{"inline_featured_image":false,"neve_meta_sidebar":"","neve_meta_container":"","neve_meta_enable_content_width":"off","neve_meta_content_width":100,"neve_meta_title_alignment":"","neve_meta_author_avatar":"","neve_post_elements_order":"","neve_meta_disable_header":"","neve_meta_disable_footer":"","neve_meta_disable_title":""},"pwb-brand":[29],"product_cat":[25],"product_tag":[],"yoast_head":"<!-- This site is optimized with the Yoast SEO plugin v22.6 - https:\/\/yoast.com\/wordpress\/plugins\/seo\/ -->\n<title>DS-DN5501W - Uchwyt \u015bcienny - Monitory Komercyjne Monitory komercyjne<\/title>\n<meta name=\"robots\" content=\"index, follow, max-snippet:-1, max-image-preview:large, max-video-preview:-1\" \/>\n<link rel=\"canonical\" href=\"https:\/\/monitorykomercyjne.pl\/index.php\/produkt\/ds-dn5501w-uchwyt-scienny\/\" \/>\n<meta property=\"og:locale\" content=\"pl_PL\" \/>\n<meta property=\"og:type\" content=\"article\" \/>\n<meta property=\"og:title\" content=\"DS-DN5501W - Uchwyt \u015bcienny - Monitory Komercyjne Monitory komercyjne\" \/>\n<meta property=\"og:description\" content=\"Przedni uchwyt do monta\u017cu na\u015bciennego, odpowiedni do wszystkich 55-calowych modeli LCD.\" \/>\n<meta property=\"og:url\" content=\"https:\/\/monitorykomercyjne.pl\/index.php\/produkt\/ds-dn5501w-uchwyt-scienny\/\" \/>\n<meta property=\"og:site_name\" content=\"Monitory Komercyjne\" \/>\n<meta property=\"article:modified_time\" content=\"2024-05-09T07:39:54+00:00\" \/>\n<meta property=\"og:image\" content=\"https:\/\/monitorykomercyjne.pl\/wp-content\/uploads\/2024\/02\/DS-DN5501W_foto1.png\" \/>\n\t<meta property=\"og:image:width\" content=\"960\" \/>\n\t<meta property=\"og:image:height\" content=\"720\" \/>\n\t<meta property=\"og:image:type\" content=\"image\/png\" \/>\n<meta name=\"twitter:card\" content=\"summary_large_image\" \/>\n<script type=\"application\/ld+json\" class=\"yoast-schema-graph\">{\"@context\":\"https:\/\/schema.org\",\"@graph\":[{\"@type\":\"WebPage\",\"@id\":\"https:\/\/monitorykomercyjne.pl\/index.php\/produkt\/ds-dn5501w-uchwyt-scienny\/\",\"url\":\"https:\/\/monitorykomercyjne.pl\/index.php\/produkt\/ds-dn5501w-uchwyt-scienny\/\",\"name\":\"DS-DN5501W - Uchwyt \u015bcienny - Monitory Komercyjne Monitory komercyjne\",\"isPartOf\":{\"@id\":\"https:\/\/monitorykomercyjne.pl\/#website\"},\"primaryImageOfPage\":{\"@id\":\"https:\/\/monitorykomercyjne.pl\/index.php\/produkt\/ds-dn5501w-uchwyt-scienny\/#primaryimage\"},\"image\":{\"@id\":\"https:\/\/monitorykomercyjne.pl\/index.php\/produkt\/ds-dn5501w-uchwyt-scienny\/#primaryimage\"},\"thumbnailUrl\":\"https:\/\/monitorykomercyjne.pl\/wp-content\/uploads\/2024\/02\/DS-DN5501W_foto1.png\",\"datePublished\":\"2024-02-23T10:46:03+00:00\",\"dateModified\":\"2024-05-09T07:39:54+00:00\",\"breadcrumb\":{\"@id\":\"https:\/\/monitorykomercyjne.pl\/index.php\/produkt\/ds-dn5501w-uchwyt-scienny\/#breadcrumb\"},\"inLanguage\":\"pl-PL\",\"potentialAction\":[{\"@type\":\"ReadAction\",\"target\":[\"https:\/\/monitorykomercyjne.pl\/index.php\/produkt\/ds-dn5501w-uchwyt-scienny\/\"]}]},{\"@type\":\"ImageObject\",\"inLanguage\":\"pl-PL\",\"@id\":\"https:\/\/monitorykomercyjne.pl\/index.php\/produkt\/ds-dn5501w-uchwyt-scienny\/#primaryimage\",\"url\":\"https:\/\/monitorykomercyjne.pl\/wp-content\/uploads\/2024\/02\/DS-DN5501W_foto1.png\",\"contentUrl\":\"https:\/\/monitorykomercyjne.pl\/wp-content\/uploads\/2024\/02\/DS-DN5501W_foto1.png\",\"width\":960,\"height\":720},{\"@type\":\"BreadcrumbList\",\"@id\":\"https:\/\/monitorykomercyjne.pl\/index.php\/produkt\/ds-dn5501w-uchwyt-scienny\/#breadcrumb\",\"itemListElement\":[{\"@type\":\"ListItem\",\"position\":1,\"name\":\"Strona g\u0142\u00f3wna\",\"item\":\"https:\/\/monitorykomercyjne.pl\/\"},{\"@type\":\"ListItem\",\"position\":2,\"name\":\"Produkty\",\"item\":\"https:\/\/monitorykomercyjne.pl\/index.php\/produkty\/\"},{\"@type\":\"ListItem\",\"position\":3,\"name\":\"DS-DN5501W &#8211; Uchwyt \u015bcienny\"}]},{\"@type\":\"WebSite\",\"@id\":\"https:\/\/monitorykomercyjne.pl\/#website\",\"url\":\"https:\/\/monitorykomercyjne.pl\/\",\"name\":\"Monitory Komercyjne\",\"description\":\"\",\"potentialAction\":[{\"@type\":\"SearchAction\",\"target\":{\"@type\":\"EntryPoint\",\"urlTemplate\":\"https:\/\/monitorykomercyjne.pl\/?s={search_term_string}\"},\"query-input\":\"required name=search_term_string\"}],\"inLanguage\":\"pl-PL\"}]}<\/script>\n<!-- \/ Yoast SEO plugin. -->","yoast_head_json":{"title":"DS-DN5501W - Uchwyt \u015bcienny - Monitory Komercyjne Monitory komercyjne","robots":{"index":"index","follow":"follow","max-snippet":"max-snippet:-1","max-image-preview":"max-image-preview:large","max-video-preview":"max-video-preview:-1"},"canonical":"https:\/\/monitorykomercyjne.pl\/index.php\/produkt\/ds-dn5501w-uchwyt-scienny\/","og_locale":"pl_PL","og_type":"article","og_title":"DS-DN5501W - Uchwyt \u015bcienny - Monitory Komercyjne Monitory komercyjne","og_description":"Przedni uchwyt do monta\u017cu na\u015bciennego, odpowiedni do wszystkich 55-calowych modeli LCD.","og_url":"https:\/\/monitorykomercyjne.pl\/index.php\/produkt\/ds-dn5501w-uchwyt-scienny\/","og_site_name":"Monitory Komercyjne","article_modified_time":"2024-05-09T07:39:54+00:00","og_image":[{"width":960,"height":720,"url":"https:\/\/monitorykomercyjne.pl\/wp-content\/uploads\/2024\/02\/DS-DN5501W_foto1.png","type":"image\/png"}],"twitter_card":"summary_large_image","schema":{"@context":"https:\/\/schema.org","@graph":[{"@type":"WebPage","@id":"https:\/\/monitorykomercyjne.pl\/index.php\/produkt\/ds-dn5501w-uchwyt-scienny\/","url":"https:\/\/monitorykomercyjne.pl\/index.php\/produkt\/ds-dn5501w-uchwyt-scienny\/","name":"DS-DN5501W - Uchwyt \u015bcienny - Monitory Komercyjne Monitory komercyjne","isPartOf":{"@id":"https:\/\/monitorykomercyjne.pl\/#website"},"primaryImageOfPage":{"@id":"https:\/\/monitorykomercyjne.pl\/index.php\/produkt\/ds-dn5501w-uchwyt-scienny\/#primaryimage"},"image":{"@id":"https:\/\/monitorykomercyjne.pl\/index.php\/produkt\/ds-dn5501w-uchwyt-scienny\/#primaryimage"},"thumbnailUrl":"https:\/\/monitorykomercyjne.pl\/wp-content\/uploads\/2024\/02\/DS-DN5501W_foto1.png","datePublished":"2024-02-23T10:46:03+00:00","dateModified":"2024-05-09T07:39:54+00:00","breadcrumb":{"@id":"https:\/\/monitorykomercyjne.pl\/index.php\/produkt\/ds-dn5501w-uchwyt-scienny\/#breadcrumb"},"inLanguage":"pl-PL","potentialAction":[{"@type":"ReadAction","target":["https:\/\/monitorykomercyjne.pl\/index.php\/produkt\/ds-dn5501w-uchwyt-scienny\/"]}]},{"@type":"ImageObject","inLanguage":"pl-PL","@id":"https:\/\/monitorykomercyjne.pl\/index.php\/produkt\/ds-dn5501w-uchwyt-scienny\/#primaryimage","url":"https:\/\/monitorykomercyjne.pl\/wp-content\/uploads\/2024\/02\/DS-DN5501W_foto1.png","contentUrl":"https:\/\/monitorykomercyjne.pl\/wp-content\/uploads\/2024\/02\/DS-DN5501W_foto1.png","width":960,"height":720},{"@type":"BreadcrumbList","@id":"https:\/\/monitorykomercyjne.pl\/index.php\/produkt\/ds-dn5501w-uchwyt-scienny\/#breadcrumb","itemListElement":[{"@type":"ListItem","position":1,"name":"Strona g\u0142\u00f3wna","item":"https:\/\/monitorykomercyjne.pl\/"},{"@type":"ListItem","position":2,"name":"Produkty","item":"https:\/\/monitorykomercyjne.pl\/index.php\/produkty\/"},{"@type":"ListItem","position":3,"name":"DS-DN5501W &#8211; Uchwyt \u015bcienny"}]},{"@type":"WebSite","@id":"https:\/\/monitorykomercyjne.pl\/#website","url":"https:\/\/monitorykomercyjne.pl\/","name":"Monitory Komercyjne","description":"","potentialAction":[{"@type":"SearchAction","target":{"@type":"EntryPoint","urlTemplate":"https:\/\/monitorykomercyjne.pl\/?s={search_term_string}"},"query-input":"required name=search_term_string"}],"inLanguage":"pl-PL"}]}},"brands":[{"id":29,"name":"Hikvision","slug":"hikvision"}],"_links":{"self":[{"href":"https:\/\/monitorykomercyjne.pl\/index.php\/wp-json\/wp\/v2\/product\/368"}],"collection":[{"href":"https:\/\/monitorykomercyjne.pl\/index.php\/wp-json\/wp\/v2\/product"}],"about":[{"href":"https:\/\/monitorykomercyjne.pl\/index.php\/wp-json\/wp\/v2\/types\/product"}],"wp:featuredmedia":[{"embeddable":true,"href":"https:\/\/monitorykomercyjne.pl\/index.php\/wp-json\/wp\/v2\/media\/133"}],"wp:attachment":[{"href":"https:\/\/monitorykomercyjne.pl\/index.php\/wp-json\/wp\/v2\/media?parent=368"}],"wp:term":[{"taxonomy":"pwb-brand","embeddable":true,"href":"https:\/\/monitorykomercyjne.pl\/index.php\/wp-json\/wp\/v2\/pwb-brand?post=368"},{"taxonomy":"product_cat","embeddable":true,"href":"https:\/\/monitorykomercyjne.pl\/index.php\/wp-json\/wp\/v2\/product_cat?post=368"},{"taxonomy":"product_tag","embeddable":true,"href":"https:\/\/monitorykomercyjne.pl\/index.php\/wp-json\/wp\/v2\/product_tag?post=368"}],"curies":[{"name":"wp","href":"https:\/\/api.w.org\/{rel}","templated":true}]}}