{"id":369,"date":"2024-02-23T11:52:48","date_gmt":"2024-02-23T10:52:48","guid":{"rendered":"https:\/\/monitorykomercyjne.pl\/?post_type=product&#038;p=369"},"modified":"2024-05-09T09:39:54","modified_gmt":"2024-05-09T07:39:54","slug":"ds-c12l-0204h-uchwyt-scienny","status":"publish","type":"product","link":"https:\/\/monitorykomercyjne.pl\/index.php\/produkt\/ds-c12l-0204h-uchwyt-scienny\/","title":{"rendered":"DS-C12L-0204H &#8211; Kontroler \u015bciany wideo"},"content":{"rendered":"","protected":false},"excerpt":{"rendered":"<table width=\"150\">\n<tbody>\n<tr>\n<td width=\"150\">\u00b7 2 \u00d7 wej\u015bcia HDMI 4K i prze\u0142\u0105czanie sygna\u0142u za pomoc\u0105 przycisku, 4 \u00d7 wyj\u015bcia HDMI<br \/>\n\u00b7 Kaskadowanie do 4 urz\u0105dze\u0144 i \u0142\u0105czenie 16 ekran\u00f3w<\/td>\n<\/tr>\n<\/tbody>\n<\/table>\n<p>&nbsp;<\/p>\n","protected":false},"featured_media":119,"template":"","meta":{"inline_featured_image":false,"neve_meta_sidebar":"","neve_meta_container":"","neve_meta_enable_content_width":"off","neve_meta_content_width":100,"neve_meta_title_alignment":"","neve_meta_author_avatar":"","neve_post_elements_order":"","neve_meta_disable_header":"","neve_meta_disable_footer":"","neve_meta_disable_title":""},"pwb-brand":[29],"product_cat":[24],"product_tag":[],"yoast_head":"<!-- This site is optimized with the Yoast SEO plugin v22.6 - https:\/\/yoast.com\/wordpress\/plugins\/seo\/ -->\n<title>DS-C12L-0204H - Kontroler \u015bciany wideo - Monitory Komercyjne Monitory komercyjne<\/title>\n<meta name=\"robots\" content=\"index, follow, max-snippet:-1, max-image-preview:large, max-video-preview:-1\" \/>\n<link rel=\"canonical\" href=\"https:\/\/monitorykomercyjne.pl\/index.php\/produkt\/ds-c12l-0204h-uchwyt-scienny\/\" \/>\n<meta property=\"og:locale\" content=\"pl_PL\" \/>\n<meta property=\"og:type\" content=\"article\" \/>\n<meta property=\"og:title\" content=\"DS-C12L-0204H - Kontroler \u015bciany wideo - Monitory Komercyjne Monitory komercyjne\" \/>\n<meta property=\"og:description\" content=\"\u00b7 2 \u00d7 wej\u015bcia HDMI 4K i prze\u0142\u0105czanie sygna\u0142u za pomoc\u0105 przycisku, 4 \u00d7 wyj\u015bcia HDMI \u00b7 Kaskadowanie do 4 urz\u0105dze\u0144 i \u0142\u0105czenie 16 ekran\u00f3w    &nbsp;\" \/>\n<meta property=\"og:url\" content=\"https:\/\/monitorykomercyjne.pl\/index.php\/produkt\/ds-c12l-0204h-uchwyt-scienny\/\" \/>\n<meta property=\"og:site_name\" content=\"Monitory Komercyjne\" \/>\n<meta property=\"article:modified_time\" content=\"2024-05-09T07:39:54+00:00\" \/>\n<meta property=\"og:image\" content=\"https:\/\/monitorykomercyjne.pl\/wp-content\/uploads\/2024\/02\/DS-C12L-0204H_foto1.png\" \/>\n\t<meta property=\"og:image:width\" content=\"960\" \/>\n\t<meta property=\"og:image:height\" content=\"720\" \/>\n\t<meta property=\"og:image:type\" content=\"image\/png\" \/>\n<meta name=\"twitter:card\" content=\"summary_large_image\" \/>\n<script type=\"application\/ld+json\" class=\"yoast-schema-graph\">{\"@context\":\"https:\/\/schema.org\",\"@graph\":[{\"@type\":\"WebPage\",\"@id\":\"https:\/\/monitorykomercyjne.pl\/index.php\/produkt\/ds-c12l-0204h-uchwyt-scienny\/\",\"url\":\"https:\/\/monitorykomercyjne.pl\/index.php\/produkt\/ds-c12l-0204h-uchwyt-scienny\/\",\"name\":\"DS-C12L-0204H - Kontroler \u015bciany wideo - Monitory Komercyjne Monitory komercyjne\",\"isPartOf\":{\"@id\":\"https:\/\/monitorykomercyjne.pl\/#website\"},\"primaryImageOfPage\":{\"@id\":\"https:\/\/monitorykomercyjne.pl\/index.php\/produkt\/ds-c12l-0204h-uchwyt-scienny\/#primaryimage\"},\"image\":{\"@id\":\"https:\/\/monitorykomercyjne.pl\/index.php\/produkt\/ds-c12l-0204h-uchwyt-scienny\/#primaryimage\"},\"thumbnailUrl\":\"https:\/\/monitorykomercyjne.pl\/wp-content\/uploads\/2024\/02\/DS-C12L-0204H_foto1.png\",\"datePublished\":\"2024-02-23T10:52:48+00:00\",\"dateModified\":\"2024-05-09T07:39:54+00:00\",\"breadcrumb\":{\"@id\":\"https:\/\/monitorykomercyjne.pl\/index.php\/produkt\/ds-c12l-0204h-uchwyt-scienny\/#breadcrumb\"},\"inLanguage\":\"pl-PL\",\"potentialAction\":[{\"@type\":\"ReadAction\",\"target\":[\"https:\/\/monitorykomercyjne.pl\/index.php\/produkt\/ds-c12l-0204h-uchwyt-scienny\/\"]}]},{\"@type\":\"ImageObject\",\"inLanguage\":\"pl-PL\",\"@id\":\"https:\/\/monitorykomercyjne.pl\/index.php\/produkt\/ds-c12l-0204h-uchwyt-scienny\/#primaryimage\",\"url\":\"https:\/\/monitorykomercyjne.pl\/wp-content\/uploads\/2024\/02\/DS-C12L-0204H_foto1.png\",\"contentUrl\":\"https:\/\/monitorykomercyjne.pl\/wp-content\/uploads\/2024\/02\/DS-C12L-0204H_foto1.png\",\"width\":960,\"height\":720},{\"@type\":\"BreadcrumbList\",\"@id\":\"https:\/\/monitorykomercyjne.pl\/index.php\/produkt\/ds-c12l-0204h-uchwyt-scienny\/#breadcrumb\",\"itemListElement\":[{\"@type\":\"ListItem\",\"position\":1,\"name\":\"Strona g\u0142\u00f3wna\",\"item\":\"https:\/\/monitorykomercyjne.pl\/\"},{\"@type\":\"ListItem\",\"position\":2,\"name\":\"Produkty\",\"item\":\"https:\/\/monitorykomercyjne.pl\/index.php\/produkty\/\"},{\"@type\":\"ListItem\",\"position\":3,\"name\":\"DS-C12L-0204H &#8211; Kontroler \u015bciany wideo\"}]},{\"@type\":\"WebSite\",\"@id\":\"https:\/\/monitorykomercyjne.pl\/#website\",\"url\":\"https:\/\/monitorykomercyjne.pl\/\",\"name\":\"Monitory Komercyjne\",\"description\":\"\",\"potentialAction\":[{\"@type\":\"SearchAction\",\"target\":{\"@type\":\"EntryPoint\",\"urlTemplate\":\"https:\/\/monitorykomercyjne.pl\/?s={search_term_string}\"},\"query-input\":\"required name=search_term_string\"}],\"inLanguage\":\"pl-PL\"}]}<\/script>\n<!-- \/ Yoast SEO plugin. -->","yoast_head_json":{"title":"DS-C12L-0204H - Kontroler \u015bciany wideo - Monitory Komercyjne Monitory komercyjne","robots":{"index":"index","follow":"follow","max-snippet":"max-snippet:-1","max-image-preview":"max-image-preview:large","max-video-preview":"max-video-preview:-1"},"canonical":"https:\/\/monitorykomercyjne.pl\/index.php\/produkt\/ds-c12l-0204h-uchwyt-scienny\/","og_locale":"pl_PL","og_type":"article","og_title":"DS-C12L-0204H - Kontroler \u015bciany wideo - Monitory Komercyjne Monitory komercyjne","og_description":"\u00b7 2 \u00d7 wej\u015bcia HDMI 4K i prze\u0142\u0105czanie sygna\u0142u za pomoc\u0105 przycisku, 4 \u00d7 wyj\u015bcia HDMI \u00b7 Kaskadowanie do 4 urz\u0105dze\u0144 i \u0142\u0105czenie 16 ekran\u00f3w    &nbsp;","og_url":"https:\/\/monitorykomercyjne.pl\/index.php\/produkt\/ds-c12l-0204h-uchwyt-scienny\/","og_site_name":"Monitory Komercyjne","article_modified_time":"2024-05-09T07:39:54+00:00","og_image":[{"width":960,"height":720,"url":"https:\/\/monitorykomercyjne.pl\/wp-content\/uploads\/2024\/02\/DS-C12L-0204H_foto1.png","type":"image\/png"}],"twitter_card":"summary_large_image","schema":{"@context":"https:\/\/schema.org","@graph":[{"@type":"WebPage","@id":"https:\/\/monitorykomercyjne.pl\/index.php\/produkt\/ds-c12l-0204h-uchwyt-scienny\/","url":"https:\/\/monitorykomercyjne.pl\/index.php\/produkt\/ds-c12l-0204h-uchwyt-scienny\/","name":"DS-C12L-0204H - Kontroler \u015bciany wideo - Monitory Komercyjne Monitory komercyjne","isPartOf":{"@id":"https:\/\/monitorykomercyjne.pl\/#website"},"primaryImageOfPage":{"@id":"https:\/\/monitorykomercyjne.pl\/index.php\/produkt\/ds-c12l-0204h-uchwyt-scienny\/#primaryimage"},"image":{"@id":"https:\/\/monitorykomercyjne.pl\/index.php\/produkt\/ds-c12l-0204h-uchwyt-scienny\/#primaryimage"},"thumbnailUrl":"https:\/\/monitorykomercyjne.pl\/wp-content\/uploads\/2024\/02\/DS-C12L-0204H_foto1.png","datePublished":"2024-02-23T10:52:48+00:00","dateModified":"2024-05-09T07:39:54+00:00","breadcrumb":{"@id":"https:\/\/monitorykomercyjne.pl\/index.php\/produkt\/ds-c12l-0204h-uchwyt-scienny\/#breadcrumb"},"inLanguage":"pl-PL","potentialAction":[{"@type":"ReadAction","target":["https:\/\/monitorykomercyjne.pl\/index.php\/produkt\/ds-c12l-0204h-uchwyt-scienny\/"]}]},{"@type":"ImageObject","inLanguage":"pl-PL","@id":"https:\/\/monitorykomercyjne.pl\/index.php\/produkt\/ds-c12l-0204h-uchwyt-scienny\/#primaryimage","url":"https:\/\/monitorykomercyjne.pl\/wp-content\/uploads\/2024\/02\/DS-C12L-0204H_foto1.png","contentUrl":"https:\/\/monitorykomercyjne.pl\/wp-content\/uploads\/2024\/02\/DS-C12L-0204H_foto1.png","width":960,"height":720},{"@type":"BreadcrumbList","@id":"https:\/\/monitorykomercyjne.pl\/index.php\/produkt\/ds-c12l-0204h-uchwyt-scienny\/#breadcrumb","itemListElement":[{"@type":"ListItem","position":1,"name":"Strona g\u0142\u00f3wna","item":"https:\/\/monitorykomercyjne.pl\/"},{"@type":"ListItem","position":2,"name":"Produkty","item":"https:\/\/monitorykomercyjne.pl\/index.php\/produkty\/"},{"@type":"ListItem","position":3,"name":"DS-C12L-0204H &#8211; Kontroler \u015bciany wideo"}]},{"@type":"WebSite","@id":"https:\/\/monitorykomercyjne.pl\/#website","url":"https:\/\/monitorykomercyjne.pl\/","name":"Monitory Komercyjne","description":"","potentialAction":[{"@type":"SearchAction","target":{"@type":"EntryPoint","urlTemplate":"https:\/\/monitorykomercyjne.pl\/?s={search_term_string}"},"query-input":"required name=search_term_string"}],"inLanguage":"pl-PL"}]}},"brands":[{"id":29,"name":"Hikvision","slug":"hikvision"}],"_links":{"self":[{"href":"https:\/\/monitorykomercyjne.pl\/index.php\/wp-json\/wp\/v2\/product\/369"}],"collection":[{"href":"https:\/\/monitorykomercyjne.pl\/index.php\/wp-json\/wp\/v2\/product"}],"about":[{"href":"https:\/\/monitorykomercyjne.pl\/index.php\/wp-json\/wp\/v2\/types\/product"}],"wp:featuredmedia":[{"embeddable":true,"href":"https:\/\/monitorykomercyjne.pl\/index.php\/wp-json\/wp\/v2\/media\/119"}],"wp:attachment":[{"href":"https:\/\/monitorykomercyjne.pl\/index.php\/wp-json\/wp\/v2\/media?parent=369"}],"wp:term":[{"taxonomy":"pwb-brand","embeddable":true,"href":"https:\/\/monitorykomercyjne.pl\/index.php\/wp-json\/wp\/v2\/pwb-brand?post=369"},{"taxonomy":"product_cat","embeddable":true,"href":"https:\/\/monitorykomercyjne.pl\/index.php\/wp-json\/wp\/v2\/product_cat?post=369"},{"taxonomy":"product_tag","embeddable":true,"href":"https:\/\/monitorykomercyjne.pl\/index.php\/wp-json\/wp\/v2\/product_tag?post=369"}],"curies":[{"name":"wp","href":"https:\/\/api.w.org\/{rel}","templated":true}]}}