{"id":374,"date":"2024-02-23T12:28:12","date_gmt":"2024-02-23T11:28:12","guid":{"rendered":"https:\/\/monitorykomercyjne.pl\/?post_type=product&#038;p=374"},"modified":"2024-05-09T09:39:54","modified_gmt":"2024-05-09T07:39:54","slug":"ds-c30s-04vi-kontroler-sciany-wideo","status":"publish","type":"product","link":"https:\/\/monitorykomercyjne.pl\/index.php\/produkt\/ds-c30s-04vi-kontroler-sciany-wideo\/","title":{"rendered":"DS-C30S-04VI &#8211; Kontroler \u015bciany wideo"},"content":{"rendered":"<p>&nbsp;<\/p>\n<div class=\"panel-body\">\n<div class=\"preserveFormatting\">\n<h4 class=\"promitel_function_header\"><span style=\"font-size: 18px;\"><strong>Modu\u0142 wej\u015bcia VGA<\/strong><\/span><\/h4>\n<hr class=\"line\" \/>\n<ul class=\"product_description_item-list\">\n<li class=\"product_description_item\"><span style=\"vertical-align: inherit;\"> <span style=\"vertical-align: inherit;\">4 karty wej\u015bciowe VGA: ka\u017cda p\u0142yta obs\u0142uguje 4 wej\u015bcia VGA i kolekcj\u0119 444. <\/span> <\/span><\/li>\n<li class=\"product_description_item\"><span style=\"vertical-align: inherit;\"> <span style=\"vertical-align: inherit;\">Obs\u0142ugiwana rozdzielczo\u015b\u0107 wej\u015bciowa: 1024 \u00d7 768 przy 60 Hz, 1280 \u00d7 1024 przy 60 Hz, 1366 \u00d7 768 przy 60 Hz, 1440 \u00d7 900 przy 60 Hz, 1680 \u00d7 1050 przy 60 Hz, 1280 \u00d7 960 przy 60 Hz, 1600 \u00d7 1200 przy 60 Hz, 1280 \u00d7 720 P@ 50 Hz, 1280 \u00d7 720 p przy 60 Hz, 1920 \u00d7 1080 p przy 50 Hz, 1920 \u00d7 1080 p przy 60 Hz, 1920 \u00d7 1200 przy 60 Hz <\/span> <\/span><\/li>\n<li class=\"product_description_item\"><span style=\"vertical-align: inherit;\"> <span style=\"vertical-align: inherit;\">Ka\u017cda p\u0142yta ma jeden interfejs wej\u015bciowy audio i obs\u0142uguje 4 rozszerzone wej\u015bcia audio. <\/span> <\/span><\/li>\n<\/ul>\n<div id=\"promitel_tabProductFeatures\" class=\"abs-product-tab-panel\" data-grid-empty-aware=\"false\">\n<section class=\"panel abs-panel\">\n<div class=\"panel-heading\">\n<h3>Specyfikacja produktu<\/h3>\n<\/div>\n<div class=\"tech-specs-items-description-wrap\">\n<ul class=\"tech-specs-items-description\" data-target=\"Video &amp; Audio Interface\/Video Input\">\n<li class=\"tech-specs-items-description-list\"><span class=\"tech-specs-items-description__title--heading\"> <span style=\"vertical-align: inherit;\"> <span style=\"vertical-align: inherit;\">Interfejs wideo i audio\/wej\u015bcie wideo <\/span> <\/span> <\/span><\/li>\n<li class=\"tech-specs-items-description-list\"><span class=\"tech-specs-items-description__title\"> <span style=\"vertical-align: inherit;\"> <span style=\"vertical-align: inherit;\">Numer interfejsu wej\u015bciowego <\/span> <\/span> <\/span> <span class=\"tech-specs-items-description__title-details\"> <span style=\"vertical-align: inherit;\"> <span style=\"vertical-align: inherit;\">4 <\/span> <\/span> <\/span><\/li>\n<li class=\"tech-specs-items-description-list\"><span class=\"tech-specs-items-description__title\"> <span style=\"vertical-align: inherit;\"> <span style=\"vertical-align: inherit;\">Typ interfejsu wej\u015bciowego <\/span> <\/span> <\/span> <span class=\"tech-specs-items-description__title-details\"> <span style=\"vertical-align: inherit;\"> <span style=\"vertical-align: inherit;\">VGA <\/span> <\/span> <\/span><\/li>\n<\/ul>\n<ul class=\"tech-specs-items-description\" data-target=\"Video &amp; Audio Interface\/Audio Input\">\n<li class=\"tech-specs-items-description-list\"><span class=\"tech-specs-items-description__title--heading\"> <span style=\"vertical-align: inherit;\"> <span style=\"vertical-align: inherit;\">Interfejs wideo i audio\/wej\u015bcie audio <\/span> <\/span> <\/span><\/li>\n<li class=\"tech-specs-items-description-list\"><span class=\"tech-specs-items-description__title\"> <span style=\"vertical-align: inherit;\"> <span style=\"vertical-align: inherit;\">Numer interfejsu wej\u015bciowego audio <\/span> <\/span> <\/span> <span class=\"tech-specs-items-description__title-details\"> <span style=\"vertical-align: inherit;\"> <span style=\"vertical-align: inherit;\">4 <\/span> <\/span> <\/span><\/li>\n<li class=\"tech-specs-items-description-list\"><span class=\"tech-specs-items-description__title\"> <span style=\"vertical-align: inherit;\"> <span style=\"vertical-align: inherit;\">Typ interfejsu wej\u015bciowego audio <\/span> <\/span> <\/span> <span class=\"tech-specs-items-description__title-details\"> <span style=\"vertical-align: inherit;\"> <span style=\"vertical-align: inherit;\">miniDP do 4 x 3,5 mm <\/span> <\/span> <\/span><\/li>\n<\/ul>\n<ul class=\"tech-specs-items-description\" style=\"margin-bottom: 232px;\" data-target=\"Input\">\n<li class=\"tech-specs-items-description-list\"><span class=\"tech-specs-items-description__title--heading\"> <span style=\"vertical-align: inherit;\"> <span style=\"vertical-align: inherit;\">Wej\u015bcie <\/span> <\/span> <\/span><\/li>\n<li class=\"tech-specs-items-description-list\"><span class=\"tech-specs-items-description__title\"> <span style=\"vertical-align: inherit;\"> <span style=\"vertical-align: inherit;\">Rozdzielczo\u015b\u0107 wej\u015bcia wideo <\/span> <\/span> <\/span> <span class=\"tech-specs-items-description__title-details\"><span class=\"tech-specs-items-description__title-details\"><br \/>\n<\/span><\/span><\/p>\n<p class=\"mb-p\" style=\"margin-bottom: 0rem; height: auto;\"><span style=\"vertical-align: inherit;\"> <span style=\"vertical-align: inherit;\">1024 \u00d7 768 przy 60 Hz, 1280 \u00d7 1024 przy 60 Hz, 1366 \u00d7 768 przy 60 Hz, 1440 \u00d7 900 przy 60 Hz, <\/span> <\/span><\/p>\n<p class=\"mb-p\" style=\"margin-bottom: 0rem; height: auto;\"><span style=\"vertical-align: inherit;\"> <span style=\"vertical-align: inherit;\">1680 \u00d7 1050 przy 60 Hz, 1280 \u00d7 960 przy 60 Hz, 1600 \u00d7 1200 przy 60 Hz, 1280 \u00d7 720P przy 50 Hz, <\/span> <\/span><\/p>\n<p class=\"mb-p\" style=\"margin-bottom: 0.5em; height: auto;\"><span style=\"vertical-align: inherit;\"> <span style=\"vertical-align: inherit;\">1280 \u00d7 720p przy 60 Hz, 1920 \u00d7 1080p przy 50 Hz, 1920 \u00d7 1080p przy 60 Hz, 1920 \u00d7 1200 przy 60 Hz <\/span> <\/span><\/p>\n<p>&nbsp;<\/li>\n<\/ul>\n<\/div>\n<\/section>\n<\/div>\n<\/div>\n<\/div>\n","protected":false},"excerpt":{"rendered":"<table width=\"150\">\n<tbody>\n<tr>\n<td width=\"150\">Karta wej\u015bciowa, 4-kana\u0142owe wej\u015bcie VGA, rozdzielczo\u015b\u0107 1920*1200 i ni\u017csza<\/td>\n<\/tr>\n<\/tbody>\n<\/table>\n","protected":false},"featured_media":1023,"template":"","meta":{"inline_featured_image":false,"neve_meta_sidebar":"","neve_meta_container":"","neve_meta_enable_content_width":"off","neve_meta_content_width":100,"neve_meta_title_alignment":"","neve_meta_author_avatar":"","neve_post_elements_order":"","neve_meta_disable_header":"","neve_meta_disable_footer":"","neve_meta_disable_title":""},"pwb-brand":[29],"product_cat":[24],"product_tag":[],"yoast_head":"<!-- This site is optimized with the Yoast SEO plugin v22.6 - https:\/\/yoast.com\/wordpress\/plugins\/seo\/ -->\n<title>DS-C30S-04VI - Kontroler \u015bciany wideo - Monitory Komercyjne Monitory komercyjne<\/title>\n<meta name=\"robots\" content=\"index, follow, max-snippet:-1, max-image-preview:large, max-video-preview:-1\" \/>\n<link rel=\"canonical\" href=\"https:\/\/monitorykomercyjne.pl\/index.php\/produkt\/ds-c30s-04vi-kontroler-sciany-wideo\/\" \/>\n<meta property=\"og:locale\" content=\"pl_PL\" \/>\n<meta property=\"og:type\" content=\"article\" \/>\n<meta property=\"og:title\" content=\"DS-C30S-04VI - Kontroler \u015bciany wideo - Monitory Komercyjne Monitory komercyjne\" \/>\n<meta property=\"og:description\" content=\"Karta wej\u015bciowa, 4-kana\u0142owe wej\u015bcie VGA, rozdzielczo\u015b\u0107 1920*1200 i ni\u017csza\" \/>\n<meta property=\"og:url\" content=\"https:\/\/monitorykomercyjne.pl\/index.php\/produkt\/ds-c30s-04vi-kontroler-sciany-wideo\/\" \/>\n<meta property=\"og:site_name\" content=\"Monitory Komercyjne\" \/>\n<meta property=\"article:modified_time\" content=\"2024-05-09T07:39:54+00:00\" \/>\n<meta property=\"og:image\" content=\"https:\/\/monitorykomercyjne.pl\/wp-content\/uploads\/2024\/03\/DS-C30S-04VI_foto1.png\" \/>\n\t<meta property=\"og:image:width\" content=\"960\" \/>\n\t<meta property=\"og:image:height\" content=\"720\" \/>\n\t<meta property=\"og:image:type\" content=\"image\/png\" \/>\n<meta name=\"twitter:card\" content=\"summary_large_image\" \/>\n<meta name=\"twitter:label1\" content=\"Szacowany czas czytania\" \/>\n\t<meta name=\"twitter:data1\" content=\"2 minuty\" \/>\n<script type=\"application\/ld+json\" class=\"yoast-schema-graph\">{\"@context\":\"https:\/\/schema.org\",\"@graph\":[{\"@type\":\"WebPage\",\"@id\":\"https:\/\/monitorykomercyjne.pl\/index.php\/produkt\/ds-c30s-04vi-kontroler-sciany-wideo\/\",\"url\":\"https:\/\/monitorykomercyjne.pl\/index.php\/produkt\/ds-c30s-04vi-kontroler-sciany-wideo\/\",\"name\":\"DS-C30S-04VI - Kontroler \u015bciany wideo - Monitory Komercyjne Monitory komercyjne\",\"isPartOf\":{\"@id\":\"https:\/\/monitorykomercyjne.pl\/#website\"},\"primaryImageOfPage\":{\"@id\":\"https:\/\/monitorykomercyjne.pl\/index.php\/produkt\/ds-c30s-04vi-kontroler-sciany-wideo\/#primaryimage\"},\"image\":{\"@id\":\"https:\/\/monitorykomercyjne.pl\/index.php\/produkt\/ds-c30s-04vi-kontroler-sciany-wideo\/#primaryimage\"},\"thumbnailUrl\":\"https:\/\/monitorykomercyjne.pl\/wp-content\/uploads\/2024\/03\/DS-C30S-04VI_foto1.png\",\"datePublished\":\"2024-02-23T11:28:12+00:00\",\"dateModified\":\"2024-05-09T07:39:54+00:00\",\"breadcrumb\":{\"@id\":\"https:\/\/monitorykomercyjne.pl\/index.php\/produkt\/ds-c30s-04vi-kontroler-sciany-wideo\/#breadcrumb\"},\"inLanguage\":\"pl-PL\",\"potentialAction\":[{\"@type\":\"ReadAction\",\"target\":[\"https:\/\/monitorykomercyjne.pl\/index.php\/produkt\/ds-c30s-04vi-kontroler-sciany-wideo\/\"]}]},{\"@type\":\"ImageObject\",\"inLanguage\":\"pl-PL\",\"@id\":\"https:\/\/monitorykomercyjne.pl\/index.php\/produkt\/ds-c30s-04vi-kontroler-sciany-wideo\/#primaryimage\",\"url\":\"https:\/\/monitorykomercyjne.pl\/wp-content\/uploads\/2024\/03\/DS-C30S-04VI_foto1.png\",\"contentUrl\":\"https:\/\/monitorykomercyjne.pl\/wp-content\/uploads\/2024\/03\/DS-C30S-04VI_foto1.png\",\"width\":960,\"height\":720},{\"@type\":\"BreadcrumbList\",\"@id\":\"https:\/\/monitorykomercyjne.pl\/index.php\/produkt\/ds-c30s-04vi-kontroler-sciany-wideo\/#breadcrumb\",\"itemListElement\":[{\"@type\":\"ListItem\",\"position\":1,\"name\":\"Strona g\u0142\u00f3wna\",\"item\":\"https:\/\/monitorykomercyjne.pl\/\"},{\"@type\":\"ListItem\",\"position\":2,\"name\":\"Produkty\",\"item\":\"https:\/\/monitorykomercyjne.pl\/index.php\/produkty\/\"},{\"@type\":\"ListItem\",\"position\":3,\"name\":\"DS-C30S-04VI &#8211; Kontroler \u015bciany wideo\"}]},{\"@type\":\"WebSite\",\"@id\":\"https:\/\/monitorykomercyjne.pl\/#website\",\"url\":\"https:\/\/monitorykomercyjne.pl\/\",\"name\":\"Monitory Komercyjne\",\"description\":\"\",\"potentialAction\":[{\"@type\":\"SearchAction\",\"target\":{\"@type\":\"EntryPoint\",\"urlTemplate\":\"https:\/\/monitorykomercyjne.pl\/?s={search_term_string}\"},\"query-input\":\"required name=search_term_string\"}],\"inLanguage\":\"pl-PL\"}]}<\/script>\n<!-- \/ Yoast SEO plugin. -->","yoast_head_json":{"title":"DS-C30S-04VI - Kontroler \u015bciany wideo - Monitory Komercyjne Monitory komercyjne","robots":{"index":"index","follow":"follow","max-snippet":"max-snippet:-1","max-image-preview":"max-image-preview:large","max-video-preview":"max-video-preview:-1"},"canonical":"https:\/\/monitorykomercyjne.pl\/index.php\/produkt\/ds-c30s-04vi-kontroler-sciany-wideo\/","og_locale":"pl_PL","og_type":"article","og_title":"DS-C30S-04VI - Kontroler \u015bciany wideo - Monitory Komercyjne Monitory komercyjne","og_description":"Karta wej\u015bciowa, 4-kana\u0142owe wej\u015bcie VGA, rozdzielczo\u015b\u0107 1920*1200 i ni\u017csza","og_url":"https:\/\/monitorykomercyjne.pl\/index.php\/produkt\/ds-c30s-04vi-kontroler-sciany-wideo\/","og_site_name":"Monitory Komercyjne","article_modified_time":"2024-05-09T07:39:54+00:00","og_image":[{"width":960,"height":720,"url":"https:\/\/monitorykomercyjne.pl\/wp-content\/uploads\/2024\/03\/DS-C30S-04VI_foto1.png","type":"image\/png"}],"twitter_card":"summary_large_image","twitter_misc":{"Szacowany czas czytania":"2 minuty"},"schema":{"@context":"https:\/\/schema.org","@graph":[{"@type":"WebPage","@id":"https:\/\/monitorykomercyjne.pl\/index.php\/produkt\/ds-c30s-04vi-kontroler-sciany-wideo\/","url":"https:\/\/monitorykomercyjne.pl\/index.php\/produkt\/ds-c30s-04vi-kontroler-sciany-wideo\/","name":"DS-C30S-04VI - Kontroler \u015bciany wideo - Monitory Komercyjne Monitory komercyjne","isPartOf":{"@id":"https:\/\/monitorykomercyjne.pl\/#website"},"primaryImageOfPage":{"@id":"https:\/\/monitorykomercyjne.pl\/index.php\/produkt\/ds-c30s-04vi-kontroler-sciany-wideo\/#primaryimage"},"image":{"@id":"https:\/\/monitorykomercyjne.pl\/index.php\/produkt\/ds-c30s-04vi-kontroler-sciany-wideo\/#primaryimage"},"thumbnailUrl":"https:\/\/monitorykomercyjne.pl\/wp-content\/uploads\/2024\/03\/DS-C30S-04VI_foto1.png","datePublished":"2024-02-23T11:28:12+00:00","dateModified":"2024-05-09T07:39:54+00:00","breadcrumb":{"@id":"https:\/\/monitorykomercyjne.pl\/index.php\/produkt\/ds-c30s-04vi-kontroler-sciany-wideo\/#breadcrumb"},"inLanguage":"pl-PL","potentialAction":[{"@type":"ReadAction","target":["https:\/\/monitorykomercyjne.pl\/index.php\/produkt\/ds-c30s-04vi-kontroler-sciany-wideo\/"]}]},{"@type":"ImageObject","inLanguage":"pl-PL","@id":"https:\/\/monitorykomercyjne.pl\/index.php\/produkt\/ds-c30s-04vi-kontroler-sciany-wideo\/#primaryimage","url":"https:\/\/monitorykomercyjne.pl\/wp-content\/uploads\/2024\/03\/DS-C30S-04VI_foto1.png","contentUrl":"https:\/\/monitorykomercyjne.pl\/wp-content\/uploads\/2024\/03\/DS-C30S-04VI_foto1.png","width":960,"height":720},{"@type":"BreadcrumbList","@id":"https:\/\/monitorykomercyjne.pl\/index.php\/produkt\/ds-c30s-04vi-kontroler-sciany-wideo\/#breadcrumb","itemListElement":[{"@type":"ListItem","position":1,"name":"Strona g\u0142\u00f3wna","item":"https:\/\/monitorykomercyjne.pl\/"},{"@type":"ListItem","position":2,"name":"Produkty","item":"https:\/\/monitorykomercyjne.pl\/index.php\/produkty\/"},{"@type":"ListItem","position":3,"name":"DS-C30S-04VI &#8211; Kontroler \u015bciany wideo"}]},{"@type":"WebSite","@id":"https:\/\/monitorykomercyjne.pl\/#website","url":"https:\/\/monitorykomercyjne.pl\/","name":"Monitory Komercyjne","description":"","potentialAction":[{"@type":"SearchAction","target":{"@type":"EntryPoint","urlTemplate":"https:\/\/monitorykomercyjne.pl\/?s={search_term_string}"},"query-input":"required name=search_term_string"}],"inLanguage":"pl-PL"}]}},"brands":[{"id":29,"name":"Hikvision","slug":"hikvision"}],"_links":{"self":[{"href":"https:\/\/monitorykomercyjne.pl\/index.php\/wp-json\/wp\/v2\/product\/374"}],"collection":[{"href":"https:\/\/monitorykomercyjne.pl\/index.php\/wp-json\/wp\/v2\/product"}],"about":[{"href":"https:\/\/monitorykomercyjne.pl\/index.php\/wp-json\/wp\/v2\/types\/product"}],"wp:featuredmedia":[{"embeddable":true,"href":"https:\/\/monitorykomercyjne.pl\/index.php\/wp-json\/wp\/v2\/media\/1023"}],"wp:attachment":[{"href":"https:\/\/monitorykomercyjne.pl\/index.php\/wp-json\/wp\/v2\/media?parent=374"}],"wp:term":[{"taxonomy":"pwb-brand","embeddable":true,"href":"https:\/\/monitorykomercyjne.pl\/index.php\/wp-json\/wp\/v2\/pwb-brand?post=374"},{"taxonomy":"product_cat","embeddable":true,"href":"https:\/\/monitorykomercyjne.pl\/index.php\/wp-json\/wp\/v2\/product_cat?post=374"},{"taxonomy":"product_tag","embeddable":true,"href":"https:\/\/monitorykomercyjne.pl\/index.php\/wp-json\/wp\/v2\/product_tag?post=374"}],"curies":[{"name":"wp","href":"https:\/\/api.w.org\/{rel}","templated":true}]}}