{"id":376,"date":"2024-02-23T12:37:56","date_gmt":"2024-02-23T11:37:56","guid":{"rendered":"https:\/\/monitorykomercyjne.pl\/?post_type=product&#038;p=376"},"modified":"2024-05-09T09:39:54","modified_gmt":"2024-05-09T07:39:54","slug":"ds-c30s-02hi-4k-kontroler-sciany-wideo","status":"publish","type":"product","link":"https:\/\/monitorykomercyjne.pl\/index.php\/produkt\/ds-c30s-02hi-4k-kontroler-sciany-wideo\/","title":{"rendered":"DS-C30S-02HI\/4K &#8211; Kontroler \u015bciany wideo"},"content":{"rendered":"\n<div class=\"panel-body\">\n<div class=\"preserveFormatting\">\n<h4 class=\"promitel_function_header\">\n                  <span style=\"font-size: 18px\"><br \/>\n                    <strong>Modu\u0142 wej\u015bcia HDMI<br \/>\n                    <\/strong><br \/>\n                  <\/span><br \/>\n                <\/h4>\n<hr class=\"line\" \/>\n<ul class=\"product_description_item-list\">\n<li class=\"product_description_item\"> <span class=\"prodcuct_description_dot\"> <\/span> <font style=\"vertical-align: inherit;\"> <font style=\"vertical-align: inherit;\">2 karty wej\u015bciowe HDMI 4K.  <\/font> <font style=\"vertical-align: inherit;\">Ka\u017cda p\u0142yta obs\u0142uguje 2 wej\u015bcia HDMI i 444 kolekcje. <\/font> <\/font> <\/li>\n<li class=\"product_description_item\"> <span class=\"prodcuct_description_dot\"> <\/span> <font style=\"vertical-align: inherit;\"> <font style=\"vertical-align: inherit;\">Interfejs wej\u015bciowy 1 obs\u0142uguje rozdzielczo\u015b\u0107 4096 \u00d7 2160 @ 60 Hz, kompatybiln\u0105 z ni\u017cszymi rozdzielczo\u015bciami.  <\/font> <font style=\"vertical-align: inherit;\">Interfejs wej\u015bciowy 2 obs\u0142uguje rozdzielczo\u015b\u0107 4096 \u00d7 2160 przy 30 Hz.  <\/font> <font style=\"vertical-align: inherit;\">Obydwa interfejsy obs\u0142uguj\u0105 rozdzielczo\u015b\u0107 4K przy 60 Hz i niestandardow\u0105 rozdzielczo\u015b\u0107. <\/font> <\/font> <\/li>\n<li class=\"product_description_item\"> <span class=\"prodcuct_description_dot\"> <\/span> <font style=\"vertical-align: inherit;\"> <font style=\"vertical-align: inherit;\">Obs\u0142uguje kompozytowe wej\u015bcie audio. <\/font> <\/font> <\/li>\n<\/ul>\n<div\n      class=\"abs-product-tab-panel\"\n      id=\"promitel_tabProductFeatures\"\n      data-grid-empty-aware=\"false\"\n    ><\/p>\n<section class=\"panel abs-panel\">\n<div class=\"panel-heading\">\n<h3>Specyfikacja produktu <\/h3>\n<\/p><\/div>\n<div class=\"tech-specs-items-description-wrap\">\n<ul class=\"tech-specs-items-description\" data-target=\"Video &amp; Audio Interface\/Video Input\">\n<li class=\"tech-specs-items-description-list\"> <span class=\"tech-specs-items-description__title--heading\"> <font style=\"vertical-align: inherit;\"> <font style=\"vertical-align: inherit;\">Interfejs wideo i audio\/wej\u015bcie wideo <\/font> <\/font> <\/span> <\/li>\n<li class=\"tech-specs-items-description-list\"> <span class=\"tech-specs-items-description__title\"> <font style=\"vertical-align: inherit;\"> <font style=\"vertical-align: inherit;\">Numer interfejsu wej\u015bciowego <\/font> <\/font> <\/span> <span class=\"tech-specs-items-description__title-details\"> <font style=\"vertical-align: inherit;\"> <font style=\"vertical-align: inherit;\">2 <\/font> <\/font> <\/span> <\/li>\n<li class=\"tech-specs-items-description-list\"> <span class=\"tech-specs-items-description__title\"> <font style=\"vertical-align: inherit;\"> <font style=\"vertical-align: inherit;\">Typ interfejsu wej\u015bciowego <\/font> <\/font> <\/span> <span class=\"tech-specs-items-description__title-details\"> <font style=\"vertical-align: inherit;\"> <font style=\"vertical-align: inherit;\">HDMI <\/font> <\/font> <\/span> <\/li>\n<\/ul>\n<ul class=\"tech-specs-items-description\" data-target=\"Input\" style=\"margin-bottom: 324px;\">\n<li class=\"tech-specs-items-description-list\"> <span class=\"tech-specs-items-description__title--heading\"> <font style=\"vertical-align: inherit;\"> <font style=\"vertical-align: inherit;\">Wej\u015bcie <\/font> <\/font> <\/span> <\/li>\n<li class=\"tech-specs-items-description-list\"> <span class=\"tech-specs-items-description__title\"> <font style=\"vertical-align: inherit;\"> <font style=\"vertical-align: inherit;\">Rozdzielczo\u015b\u0107 wej\u015bcia wideo <\/font> <\/font> <\/span> <span class=\"tech-specs-items-description__title-details\"> <font style=\"vertical-align: inherit;\"> <font style=\"vertical-align: inherit;\">Obs\u0142uguje niestandardow\u0105 rozdzielczo\u015b\u0107: szeroko\u015b\u0107 od 1920 do 4092 pikseli, wysoko\u015b\u0107 od 1080 do 2160 pikseli i cz\u0119stotliwo\u015b\u0107 od\u015bwie\u017cania 30\/60 Hz.  <\/font> <font style=\"vertical-align: inherit;\">Obs\u0142uguje cz\u0119stotliwo\u015b\u0107 od\u015bwie\u017cania 60 Hz tylko wtedy, gdy szeroko\u015b\u0107 jest mniejsza ni\u017c 2560 pikseli lub gdy wysoko\u015b\u0107 jest mniejsza ni\u017c 1940 pikseli. <\/font> <\/font> <\/span> <\/li>\n<\/ul><\/div>\n<\/section><\/div>\n<\/p><\/div>\n<\/p><\/div>\n","protected":false},"excerpt":{"rendered":"<table width=\"150\">\n<tbody>\n<tr>\n<td width=\"150\">Karta wej\u015bciowa, 2-kana\u0142owe wej\u015bcie HDMI, interfejs wej\u015bciowy 1 obs\u0142uguje rozdzielczo\u015b\u0107 4096*2160 przy 60 Hz i jest kompatybilny w d\u00f3\u0142; interfejs wej\u015bciowy 2 obs\u0142uguje rozdzielczo\u015b\u0107 4096*2160@30 Hz (interfejs 1 jest niedost\u0119pny w 4K60),<\/td>\n<\/tr>\n<\/tbody>\n<\/table>\n","protected":false},"featured_media":117,"template":"","meta":{"inline_featured_image":false,"neve_meta_sidebar":"","neve_meta_container":"","neve_meta_enable_content_width":"off","neve_meta_content_width":100,"neve_meta_title_alignment":"","neve_meta_author_avatar":"","neve_post_elements_order":"","neve_meta_disable_header":"","neve_meta_disable_footer":"","neve_meta_disable_title":""},"pwb-brand":[29],"product_cat":[24],"product_tag":[],"yoast_head":"<!-- This site is optimized with the Yoast SEO plugin v22.6 - https:\/\/yoast.com\/wordpress\/plugins\/seo\/ -->\n<title>DS-C30S-02HI\/4K - Kontroler \u015bciany wideo - Monitory Komercyjne Monitory komercyjne<\/title>\n<meta name=\"robots\" content=\"index, follow, max-snippet:-1, max-image-preview:large, max-video-preview:-1\" \/>\n<link rel=\"canonical\" href=\"https:\/\/monitorykomercyjne.pl\/index.php\/produkt\/ds-c30s-02hi-4k-kontroler-sciany-wideo\/\" \/>\n<meta property=\"og:locale\" content=\"pl_PL\" \/>\n<meta property=\"og:type\" content=\"article\" \/>\n<meta property=\"og:title\" content=\"DS-C30S-02HI\/4K - Kontroler \u015bciany wideo - Monitory Komercyjne Monitory komercyjne\" \/>\n<meta property=\"og:description\" content=\"Karta wej\u015bciowa, 2-kana\u0142owe wej\u015bcie HDMI, interfejs wej\u015bciowy 1 obs\u0142uguje rozdzielczo\u015b\u0107 4096*2160 przy 60 Hz i jest kompatybilny w d\u00f3\u0142; interfejs wej\u015bciowy 2 obs\u0142uguje rozdzielczo\u015b\u0107 4096*2160@30 Hz (interfejs 1 jest niedost\u0119pny w 4K60),\" \/>\n<meta property=\"og:url\" content=\"https:\/\/monitorykomercyjne.pl\/index.php\/produkt\/ds-c30s-02hi-4k-kontroler-sciany-wideo\/\" \/>\n<meta property=\"og:site_name\" content=\"Monitory Komercyjne\" \/>\n<meta property=\"article:modified_time\" content=\"2024-05-09T07:39:54+00:00\" \/>\n<meta property=\"og:image\" content=\"https:\/\/monitorykomercyjne.pl\/wp-content\/uploads\/2024\/02\/DS-C30S-02HI4K_foto1.png\" \/>\n\t<meta property=\"og:image:width\" content=\"960\" \/>\n\t<meta property=\"og:image:height\" content=\"720\" \/>\n\t<meta property=\"og:image:type\" content=\"image\/png\" \/>\n<meta name=\"twitter:card\" content=\"summary_large_image\" \/>\n<meta name=\"twitter:label1\" content=\"Szacowany czas czytania\" \/>\n\t<meta name=\"twitter:data1\" content=\"1 minuta\" \/>\n<script type=\"application\/ld+json\" class=\"yoast-schema-graph\">{\"@context\":\"https:\/\/schema.org\",\"@graph\":[{\"@type\":\"WebPage\",\"@id\":\"https:\/\/monitorykomercyjne.pl\/index.php\/produkt\/ds-c30s-02hi-4k-kontroler-sciany-wideo\/\",\"url\":\"https:\/\/monitorykomercyjne.pl\/index.php\/produkt\/ds-c30s-02hi-4k-kontroler-sciany-wideo\/\",\"name\":\"DS-C30S-02HI\/4K - Kontroler \u015bciany wideo - Monitory Komercyjne Monitory komercyjne\",\"isPartOf\":{\"@id\":\"https:\/\/monitorykomercyjne.pl\/#website\"},\"primaryImageOfPage\":{\"@id\":\"https:\/\/monitorykomercyjne.pl\/index.php\/produkt\/ds-c30s-02hi-4k-kontroler-sciany-wideo\/#primaryimage\"},\"image\":{\"@id\":\"https:\/\/monitorykomercyjne.pl\/index.php\/produkt\/ds-c30s-02hi-4k-kontroler-sciany-wideo\/#primaryimage\"},\"thumbnailUrl\":\"https:\/\/monitorykomercyjne.pl\/wp-content\/uploads\/2024\/02\/DS-C30S-02HI4K_foto1.png\",\"datePublished\":\"2024-02-23T11:37:56+00:00\",\"dateModified\":\"2024-05-09T07:39:54+00:00\",\"breadcrumb\":{\"@id\":\"https:\/\/monitorykomercyjne.pl\/index.php\/produkt\/ds-c30s-02hi-4k-kontroler-sciany-wideo\/#breadcrumb\"},\"inLanguage\":\"pl-PL\",\"potentialAction\":[{\"@type\":\"ReadAction\",\"target\":[\"https:\/\/monitorykomercyjne.pl\/index.php\/produkt\/ds-c30s-02hi-4k-kontroler-sciany-wideo\/\"]}]},{\"@type\":\"ImageObject\",\"inLanguage\":\"pl-PL\",\"@id\":\"https:\/\/monitorykomercyjne.pl\/index.php\/produkt\/ds-c30s-02hi-4k-kontroler-sciany-wideo\/#primaryimage\",\"url\":\"https:\/\/monitorykomercyjne.pl\/wp-content\/uploads\/2024\/02\/DS-C30S-02HI4K_foto1.png\",\"contentUrl\":\"https:\/\/monitorykomercyjne.pl\/wp-content\/uploads\/2024\/02\/DS-C30S-02HI4K_foto1.png\",\"width\":960,\"height\":720},{\"@type\":\"BreadcrumbList\",\"@id\":\"https:\/\/monitorykomercyjne.pl\/index.php\/produkt\/ds-c30s-02hi-4k-kontroler-sciany-wideo\/#breadcrumb\",\"itemListElement\":[{\"@type\":\"ListItem\",\"position\":1,\"name\":\"Strona g\u0142\u00f3wna\",\"item\":\"https:\/\/monitorykomercyjne.pl\/\"},{\"@type\":\"ListItem\",\"position\":2,\"name\":\"Produkty\",\"item\":\"https:\/\/monitorykomercyjne.pl\/index.php\/produkty\/\"},{\"@type\":\"ListItem\",\"position\":3,\"name\":\"DS-C30S-02HI\/4K &#8211; Kontroler \u015bciany wideo\"}]},{\"@type\":\"WebSite\",\"@id\":\"https:\/\/monitorykomercyjne.pl\/#website\",\"url\":\"https:\/\/monitorykomercyjne.pl\/\",\"name\":\"Monitory Komercyjne\",\"description\":\"\",\"potentialAction\":[{\"@type\":\"SearchAction\",\"target\":{\"@type\":\"EntryPoint\",\"urlTemplate\":\"https:\/\/monitorykomercyjne.pl\/?s={search_term_string}\"},\"query-input\":\"required name=search_term_string\"}],\"inLanguage\":\"pl-PL\"}]}<\/script>\n<!-- \/ Yoast SEO plugin. -->","yoast_head_json":{"title":"DS-C30S-02HI\/4K - Kontroler \u015bciany wideo - Monitory Komercyjne Monitory komercyjne","robots":{"index":"index","follow":"follow","max-snippet":"max-snippet:-1","max-image-preview":"max-image-preview:large","max-video-preview":"max-video-preview:-1"},"canonical":"https:\/\/monitorykomercyjne.pl\/index.php\/produkt\/ds-c30s-02hi-4k-kontroler-sciany-wideo\/","og_locale":"pl_PL","og_type":"article","og_title":"DS-C30S-02HI\/4K - Kontroler \u015bciany wideo - Monitory Komercyjne Monitory komercyjne","og_description":"Karta wej\u015bciowa, 2-kana\u0142owe wej\u015bcie HDMI, interfejs wej\u015bciowy 1 obs\u0142uguje rozdzielczo\u015b\u0107 4096*2160 przy 60 Hz i jest kompatybilny w d\u00f3\u0142; interfejs wej\u015bciowy 2 obs\u0142uguje rozdzielczo\u015b\u0107 4096*2160@30 Hz (interfejs 1 jest niedost\u0119pny w 4K60),","og_url":"https:\/\/monitorykomercyjne.pl\/index.php\/produkt\/ds-c30s-02hi-4k-kontroler-sciany-wideo\/","og_site_name":"Monitory Komercyjne","article_modified_time":"2024-05-09T07:39:54+00:00","og_image":[{"width":960,"height":720,"url":"https:\/\/monitorykomercyjne.pl\/wp-content\/uploads\/2024\/02\/DS-C30S-02HI4K_foto1.png","type":"image\/png"}],"twitter_card":"summary_large_image","twitter_misc":{"Szacowany czas czytania":"1 minuta"},"schema":{"@context":"https:\/\/schema.org","@graph":[{"@type":"WebPage","@id":"https:\/\/monitorykomercyjne.pl\/index.php\/produkt\/ds-c30s-02hi-4k-kontroler-sciany-wideo\/","url":"https:\/\/monitorykomercyjne.pl\/index.php\/produkt\/ds-c30s-02hi-4k-kontroler-sciany-wideo\/","name":"DS-C30S-02HI\/4K - Kontroler \u015bciany wideo - Monitory Komercyjne Monitory komercyjne","isPartOf":{"@id":"https:\/\/monitorykomercyjne.pl\/#website"},"primaryImageOfPage":{"@id":"https:\/\/monitorykomercyjne.pl\/index.php\/produkt\/ds-c30s-02hi-4k-kontroler-sciany-wideo\/#primaryimage"},"image":{"@id":"https:\/\/monitorykomercyjne.pl\/index.php\/produkt\/ds-c30s-02hi-4k-kontroler-sciany-wideo\/#primaryimage"},"thumbnailUrl":"https:\/\/monitorykomercyjne.pl\/wp-content\/uploads\/2024\/02\/DS-C30S-02HI4K_foto1.png","datePublished":"2024-02-23T11:37:56+00:00","dateModified":"2024-05-09T07:39:54+00:00","breadcrumb":{"@id":"https:\/\/monitorykomercyjne.pl\/index.php\/produkt\/ds-c30s-02hi-4k-kontroler-sciany-wideo\/#breadcrumb"},"inLanguage":"pl-PL","potentialAction":[{"@type":"ReadAction","target":["https:\/\/monitorykomercyjne.pl\/index.php\/produkt\/ds-c30s-02hi-4k-kontroler-sciany-wideo\/"]}]},{"@type":"ImageObject","inLanguage":"pl-PL","@id":"https:\/\/monitorykomercyjne.pl\/index.php\/produkt\/ds-c30s-02hi-4k-kontroler-sciany-wideo\/#primaryimage","url":"https:\/\/monitorykomercyjne.pl\/wp-content\/uploads\/2024\/02\/DS-C30S-02HI4K_foto1.png","contentUrl":"https:\/\/monitorykomercyjne.pl\/wp-content\/uploads\/2024\/02\/DS-C30S-02HI4K_foto1.png","width":960,"height":720},{"@type":"BreadcrumbList","@id":"https:\/\/monitorykomercyjne.pl\/index.php\/produkt\/ds-c30s-02hi-4k-kontroler-sciany-wideo\/#breadcrumb","itemListElement":[{"@type":"ListItem","position":1,"name":"Strona g\u0142\u00f3wna","item":"https:\/\/monitorykomercyjne.pl\/"},{"@type":"ListItem","position":2,"name":"Produkty","item":"https:\/\/monitorykomercyjne.pl\/index.php\/produkty\/"},{"@type":"ListItem","position":3,"name":"DS-C30S-02HI\/4K &#8211; Kontroler \u015bciany wideo"}]},{"@type":"WebSite","@id":"https:\/\/monitorykomercyjne.pl\/#website","url":"https:\/\/monitorykomercyjne.pl\/","name":"Monitory Komercyjne","description":"","potentialAction":[{"@type":"SearchAction","target":{"@type":"EntryPoint","urlTemplate":"https:\/\/monitorykomercyjne.pl\/?s={search_term_string}"},"query-input":"required name=search_term_string"}],"inLanguage":"pl-PL"}]}},"brands":[{"id":29,"name":"Hikvision","slug":"hikvision"}],"_links":{"self":[{"href":"https:\/\/monitorykomercyjne.pl\/index.php\/wp-json\/wp\/v2\/product\/376"}],"collection":[{"href":"https:\/\/monitorykomercyjne.pl\/index.php\/wp-json\/wp\/v2\/product"}],"about":[{"href":"https:\/\/monitorykomercyjne.pl\/index.php\/wp-json\/wp\/v2\/types\/product"}],"wp:featuredmedia":[{"embeddable":true,"href":"https:\/\/monitorykomercyjne.pl\/index.php\/wp-json\/wp\/v2\/media\/117"}],"wp:attachment":[{"href":"https:\/\/monitorykomercyjne.pl\/index.php\/wp-json\/wp\/v2\/media?parent=376"}],"wp:term":[{"taxonomy":"pwb-brand","embeddable":true,"href":"https:\/\/monitorykomercyjne.pl\/index.php\/wp-json\/wp\/v2\/pwb-brand?post=376"},{"taxonomy":"product_cat","embeddable":true,"href":"https:\/\/monitorykomercyjne.pl\/index.php\/wp-json\/wp\/v2\/product_cat?post=376"},{"taxonomy":"product_tag","embeddable":true,"href":"https:\/\/monitorykomercyjne.pl\/index.php\/wp-json\/wp\/v2\/product_tag?post=376"}],"curies":[{"name":"wp","href":"https:\/\/api.w.org\/{rel}","templated":true}]}}