{"id":412,"date":"2024-03-01T12:43:26","date_gmt":"2024-03-01T11:43:26","guid":{"rendered":"https:\/\/monitorykomercyjne.pl\/?post_type=product&#038;p=412"},"modified":"2024-05-09T09:39:53","modified_gmt":"2024-05-09T07:39:53","slug":"nec-multisync-ea271u-monitor-27","status":"publish","type":"product","link":"https:\/\/monitorykomercyjne.pl\/index.php\/produkt\/nec-multisync-ea271u-monitor-27\/","title":{"rendered":"NEC MultiSync\u00ae\u00a0EA271U &#8211; Monitor 27&#8243;"},"content":{"rendered":"<section id=\"overview\" class=\"row\">\n<div class=\"columns medium-6\">\n<p><!-- ossproductdescstart --><\/p>\n<p><b>NEC MultiSync\u00ae EA271U \u2014 wyj\u0105tkowa, bezpikselowa wizualizacja, gwarancja produktywno\u015bci w\u00a0profesjonalnym biurze i\u00a0gotowo\u015b\u0107 na przysz\u0142e zmiany technologiczne<\/b><\/p>\n<p>Perfekcyjne narz\u0119dzia do realizacji zada\u0144, w\u00a0kt\u00f3rych najwa\u017cniejsze jest zachowanie najwy\u017cszej jako\u015bci wy\u015bwietlanych tre\u015bci, wymagaj\u0105 rozdzielczo\u015bci 4K UHD. Ten monitor o\u00a0przek\u0105tnej 27\u201d i\u00a0ultracienkiej maskownicy gwarantuje maksymaln\u0105 wydajno\u015b\u0107 i\u00a0doskona\u0142e wizualizacje przy rozdzielczo\u015bci do 3840\u00a0x\u00a02160\u00a0pikseli, umo\u017cliwiaj\u0105c profesjonalistom zwi\u0119kszenie swojej produktywno\u015bci.<\/p>\n<p>Wyr\u00f3\u017cniaj\u0105ce si\u0119 parametry ergonomiczne sprzyjaj\u0105 dobremu samopoczuciu u\u017cytkownik\u00f3w i\u00a0pozwalaj\u0105 tworzy\u0107 stanowiska pracy dostosowywane do potrzeb konkretnych os\u00f3b. U\u017cytkownik mo\u017ce utrzyma\u0107 wysok\u0105 produktywno\u015b\u0107 bez ryzyka dla oczu dzi\u0119ki wbudowanemu czujnikowi nat\u0119\u017cenia o\u015bwietlenia otoczenia oraz technologiom odfiltrowywania szkodliwego \u015bwiat\u0142a niebieskiego (Low Blue Light) i\u00a0eliminacji migotania (Flicker-Free). Porz\u0105dek na biurku pomaga skoncentrowa\u0107 si\u0119 na pracy \u2014 z\u0142\u0105cze typu\u00a0C umo\u017cliwia przesy\u0142anie sygna\u0142\u00f3w wideo, audio, zasilania i\u00a0USB przez pojedynczy kabel. Z\u0142\u0105cza s\u0105 przygotowane na technologie przysz\u0142o\u015bci, co doskonale zabezpiecza zainwestowane \u015brodki i\u00a0gwarantuje pewno\u015b\u0107 korzystania z\u00a0urz\u0105dzenia przez d\u0142ugi czas.<\/p>\n<p>Monitor dzi\u0119ki swoim parametrom spe\u0142nia wysokie wymagania bezpikselowej wizualizacji stawiane przez tw\u00f3rc\u00f3w kontentu (z\u00a0bran\u017cy fotograficznej, wideo, kinowej i\u00a0filmowej), projektant\u00f3w CAD\/CAM oraz operator\u00f3w w\u00a0sterowniach i\u00a0na parkietach gie\u0142dowych.<\/p>\n<p><!-- ossproductdescend --><\/p>\n<\/div>\n<div class=\"columns medium-6\">\n<h3>Korzy\u015bci<\/h3>\n<ul>\n<li><b>Najnowsze z\u0142\u0105cze USB typu C <\/b> \u2013optymalizuj komunikacj\u0119 i\u00a0uwolnij biurko od zb\u0119dnych kabli \u2013 zast\u0105p osobne przewody wideo, audio i\u00a0zasilania jednym kablem pod\u0142\u0105czanym do\u00a0komputera przeno\u015bnego lub tabletu.<\/li>\n<li><b>Maksymalne skupienie na zdrowiu i\u00a0dobrym samopoczuciu u\u017cytkownika<\/b> \u2013wyj\u0105tkowa ergonomiczna regulacja wysoko\u015bci od 0 do 150\u00a0mm, estetyczna konstrukcja z\u00a0zastosowaniem technologii odfiltrowywania szkodliwego \u015bwiat\u0142a niebieskiego (Low Blue Light) i\u00a0eliminacji migotania (Flicker-Free) oraz zintegrowany czujnik nat\u0119\u017cenia o\u015bwietlenia w\u00a0otoczeniu pozwalaj\u0105 precyzyjnie zindywidualizowa\u0107 konfiguracj\u0119 w\u00a0celu zwi\u0119kszenia produktywno\u015bci.<\/li>\n<li><b>Przewaga formy i\u00a0funkcjonalno\u015bci<\/b> \u2013urz\u0105dzenie jest gotowe na\u00a0technologie przysz\u0142o\u015bci, dysponuje tr\u00f3jstronn\u0105 ultraw\u0105sk\u0105 ramk\u0105 o\u00a0szeroko\u015bci, jest dost\u0119pne w\u00a0czerni lub bieli i\u00a0doskonale pasuje do\u00a0wzornictwa nowoczesnych przestrzeni biurowych.<\/li>\n<li><b>Automatyczna regulacja zu\u017cycia energii<\/b> \u2013dzi\u0119ki zastosowaniu czujnik\u00f3w obecno\u015bci cz\u0142owieka oraz nat\u0119\u017cenia o\u015bwietlenia w\u00a0otoczeniu urz\u0105dzenia, jasno\u015b\u0107 wy\u015bwietlania jest dopasowywana do potrzeb u\u017cytkownika i\u00a0warunk\u00f3w o\u015bwietlenia, co pozwala na\u00a0ograniczenie niepotrzebnego zu\u017cycia energii elektrycznej.<\/li>\n<li><b>\u0141atwo\u015b\u0107 sterowania wieloma wy\u015bwietlaczami <\/b> \u2013technologia ControlSync\u00ae na\u00a0urz\u0105dzeniu g\u0142\u00f3wnym umo\u017cliwia dokonywanie zmian ustawie\u0144 nawet do 8 urz\u0105dze\u0144 w\u00a0konfiguracji wielomonitorowej.<\/li>\n<\/ul>\n<\/div>\n<\/section>\n<dl id=\"speciList\" class=\"js-accordion\">\n<dt class=\"js-accordion__toggle accordion__toggle\">WY\u015aWIETLACZ<\/dt>\n<dd class=\"js-accordion__content\">\n<table class=\"datalist datalist--divided-inset\">\n<tbody>\n<tr>\n<td>Rodzaj panelu<\/td>\n<td>Monitor IPS TFT z pod\u015bwietleniem W-LED<\/td>\n<\/tr>\n<tr>\n<td>Wielko\u015b\u0107 ekranu [cale\/cm]<\/td>\n<td>27 \/ 68<\/td>\n<\/tr>\n<tr>\n<td>Proporcje obrazu<\/td>\n<td>16:9<\/td>\n<\/tr>\n<tr>\n<td>Rozmiar gamutu barwowego<\/td>\n<td>110 % sRGB; 81.6% AdobeRGB, 78% NTSC<\/td>\n<\/tr>\n<tr>\n<td>Rozmiar plamki [mm]<\/td>\n<td>0.155<\/td>\n<\/tr>\n<tr>\n<td>Jasno\u015b\u0107 [cd\/m\u00b2]<\/td>\n<td>350<\/td>\n<\/tr>\n<tr>\n<td>Kontrast<\/td>\n<td>1000:1 (12000:1 kontrast dynamiczny)<\/td>\n<\/tr>\n<tr>\n<td>K\u0105ty widzenia [\u00b0]<\/td>\n<td>178 poziomo \/ 178 pionowo (CR 10:1)<\/td>\n<\/tr>\n<tr>\n<td>Czas reakcji [ms]<\/td>\n<td>5<\/td>\n<\/tr>\n<tr>\n<td>Ilo\u015b\u0107 kolor\u00f3w [Mln]<\/td>\n<td>1064.64332261<\/td>\n<\/tr>\n<\/tbody>\n<\/table>\n<\/dd>\n<dt class=\"js-accordion__toggle accordion__toggle\">CZ\u0118STOTLIWO\u015a\u0106 SYNCHRONIZACJI<\/dt>\n<dd class=\"js-accordion__content\">\n<table class=\"datalist datalist--divided-inset\">\n<tbody>\n<tr>\n<td>Cz\u0119stotliwo\u015b\u0107 pozioma [kHz]<\/td>\n<td>31.5 &#8211; 135<\/td>\n<\/tr>\n<tr>\n<td>Cz\u0119stotliwo\u015b\u0107 pionowa [Hz]<\/td>\n<td>30 &#8211; 75<\/td>\n<\/tr>\n<\/tbody>\n<\/table>\n<\/dd>\n<dt class=\"js-accordion__toggle accordion__toggle\">ROZDZIELCZO\u015a\u0106<\/dt>\n<dd class=\"js-accordion__content\">\n<table class=\"datalist datalist--divided-inset\">\n<tbody>\n<tr>\n<td>Rozdzielczo\u015b\u0107 optymalna<\/td>\n<td>\n<div class=\"productSpecRes productSpecRes--columns\">3840 x 2160 przy 60 Hz<\/div>\n<\/td>\n<\/tr>\n<tr>\n<td>Obs\u0142ugiwane rozdzielczo\u015bci<\/td>\n<td>\n<div class=\"productSpecRes productSpecRes--columns\">1024 x 768; 1152 x 864; 1280 x 1024; 1600 x 1200; 1920 x 1080; 1920 x 1440; 2560 x 1440; 3840 x 2160; 640 x 480; 800 x 600; 832 x 624<\/div>\n<\/td>\n<\/tr>\n<\/tbody>\n<\/table>\n<\/dd>\n<dt class=\"js-accordion__toggle accordion__toggle\">MO\u017bLIWO\u015aCI POD\u0141\u0104CZANIA<\/dt>\n<dd class=\"js-accordion__content\">\n<table class=\"datalist datalist--divided-inset\">\n<tbody>\n<tr>\n<td>Cyfrowe<\/td>\n<td>1 x DisplayPort; 1 x USB Type C (60 W); 2 x HDMI; USB wer. 3.1 (3 porty downstream \/ 1 porty upstream)<\/td>\n<\/tr>\n<\/tbody>\n<\/table>\n<\/dd>\n<dt class=\"js-accordion__toggle accordion__toggle\">PARAMETRY ELEKTRYCZNE<\/dt>\n<dd class=\"js-accordion__content\">\n<table class=\"datalist datalist--divided-inset\">\n<tbody>\n<tr>\n<td>Pob\u00f3r mocy [W]<\/td>\n<td>150 (maks.); 30 (Tryb Eco 1); 38 (Tryb Eco 2); 38 (wysy\u0142ka)<\/td>\n<\/tr>\n<tr>\n<td>Tryb Power Save [W]<\/td>\n<td>0.33<\/td>\n<\/tr>\n<tr>\n<td>Zasilanie<\/td>\n<td>1.6 A\/0.75 A; 100-240 V; zintegrowany zasilacz<\/td>\n<\/tr>\n<\/tbody>\n<\/table>\n<\/dd>\n<dt class=\"js-accordion__toggle accordion__toggle\">WARUNKI OTOCZENIA<\/dt>\n<dd class=\"js-accordion__content\">\n<table class=\"datalist datalist--divided-inset\">\n<tbody>\n<tr>\n<td>Temperatura otoczenia podczes pracy [\u00b0C]<\/td>\n<td>+5 do +35<\/td>\n<\/tr>\n<tr>\n<td>Wilgotno\u015b\u0107 otoczenia podczas pracy [%]<\/td>\n<td>20 do 80<\/td>\n<\/tr>\n<tr>\n<td>Wilgotno\u015b\u0107 otoczenia podczas przechowywania [%]<\/td>\n<td>10 do 85<\/td>\n<\/tr>\n<tr>\n<td>Temperatura otoczenia podczas przechowywania [\u00b0C]<\/td>\n<td>-10 do 60<\/td>\n<\/tr>\n<\/tbody>\n<\/table>\n<\/dd>\n<dt class=\"js-accordion__toggle accordion__toggle\">ERGONOMIA<\/dt>\n<dd class=\"js-accordion__content\">\n<table class=\"datalist datalist--divided-inset\">\n<tbody>\n<tr>\n<td>Regulacja wysoko\u015bci[mm]<\/td>\n<td>150 (w trybie Landscape)<\/td>\n<\/tr>\n<tr>\n<td>Pochylenie ekranu w pionie [\u00b0]<\/td>\n<td>-5 to 35<\/td>\n<\/tr>\n<tr>\n<td>Obr\u00f3t ekranu w poziomie [\u00b0]<\/td>\n<td>-170 to +170<\/td>\n<\/tr>\n<tr>\n<td>Ekran obrotowy (Pivot) [\u00b0]<\/td>\n<td>-90 do 90 (tryb standardowy i portretowy)<\/td>\n<\/tr>\n<\/tbody>\n<\/table>\n<\/dd>\n<dt class=\"js-accordion__toggle accordion__toggle\">PARAMETRY MECHANICZNE<\/dt>\n<dd class=\"js-accordion__content\">\n<table class=\"datalist datalist--divided-inset\">\n<tbody>\n<tr>\n<td>Szeroko\u015b\u0107 ramki [mm]<\/td>\n<td>1 (g\u00f3ra); 1 (prawa i lewa)<\/td>\n<\/tr>\n<tr>\n<td>Wymiary [mm]<\/td>\n<td>361.9 x 628.6 &#8211; 652.1 x 250 (Portrait mode); 611.8 x 378 &#8211; 528 x 250 (Landscape mode)<\/td>\n<\/tr>\n<tr>\n<td>Waga [kg]<\/td>\n<td>Bez stopki: 6,1; Z n\u00f3\u017ckami: 9,5<\/td>\n<\/tr>\n<tr>\n<td>Mocowanie VESA [mm]<\/td>\n<td>100 x 100<\/td>\n<\/tr>\n<\/tbody>\n<\/table>\n<\/dd>\n<dt class=\"js-accordion__toggle accordion__toggle\">DODATKOWE FUNKCJE<\/dt>\n<dd class=\"js-accordion__content\">\n<table class=\"datalist datalist--divided-inset\">\n<tbody>\n<tr>\n<td>Cechy Specjalne<\/td>\n<td>Advanced NTAA; ControlSync<sup>\u00ae<\/sup>; Czujnik nat\u0119\u017cenia o\u015bwietlenia otoczenia dla zachowania optymalnej jasno\u015bci; Czujnik obecno\u015bci u\u017cytkownika przed monitorem; ErgoDesign<sup>\u00ae<\/sup>: regulacja wysoko\u015bci ekranu do (150 mm) oraz funcja Pivot 90\u00b0; Funkcja Customize Setting [przywracanie ustawie\u0144 po zmianach u\u017cytkownik\u00f3w]; Kompatybilno\u015b\u0107 z DDC\/CI; Picture-by-Picture (obraz obok obrazu); Stopka i uchwyty z mo\u017cliwo\u015bci\u0105 szybkiego od\u0142\u0105czenia; Symulacja DICOM; System pod\u015bwietlenia za pomoc\u0105 diod LED; Tryby ekonomiczne; Wszechstronno\u015b\u0107 i prosta instalacja (standard VESA) dzi\u0119ki NaViSet i NaViKey<\/td>\n<\/tr>\n<tr>\n<td>Wersje kolorystyczne<\/td>\n<td>Bia\u0142a ramka ekranu, bia\u0142a obudowa; Czarna ramka ekranu, czarna obudowa<\/td>\n<\/tr>\n<tr>\n<td>Zarz\u0105dzanie kablami<\/td>\n<td>tak<\/td>\n<\/tr>\n<tr>\n<td>Z\u0142\u0105cze Kensington<\/td>\n<td>tak<\/td>\n<\/tr>\n<tr>\n<td>Plug and Play<\/td>\n<td>EDID Standard; VESA DDC2Bi; VESA DDCi<\/td>\n<\/tr>\n<tr>\n<td>G\u0142o\u015bniki<\/td>\n<td>1W + 1W (z mo\u017cliwo\u015bci\u0105 wy\u0142\u0105czenia); Headphone Jack<\/td>\n<\/tr>\n<tr>\n<td>Funkcje regulacji<\/td>\n<td>DV Mode; Human Sensing; Inteligentny system zarz\u0105dzania energi\u0105; sRGB; Tryb ekonomiczny<\/td>\n<\/tr>\n<tr>\n<td>Zawarto\u015b\u0107 opakowania<\/td>\n<td>Display; kabel Control Sync; Kabel DisplayPort; kabel USB; Kabel zasilaj\u0105cy; Set-up Manual<\/td>\n<\/tr>\n<tr>\n<td>Bezpiecze\u0144stwo i ergonomia<\/td>\n<td>CE; EAC; ErP; Flicker-free; ISO 9241-307 (pixel failure class I); Low Blue Light; PSB; RoHS; T\u00dcV Ergonomics; T\u00dcV GS; UL\/C-UL lub CSA<\/td>\n<\/tr>\n<tr>\n<td>Gwarancja<\/td>\n<td>3 lata (w tym na pod\u015bwietlenie ekranu); opcjonalna gwarancja ca\u0142odobowej pracy przez 7\u00a0dni w\u00a0tygodniu na lata 1\u20133; opcjonalne przed\u0142u\u017cenie gwarancji na 4. i\u00a05. rok<\/td>\n<\/tr>\n<\/tbody>\n<\/table>\n<\/dd>\n<dt class=\"js-accordion__toggle accordion__toggle\">FUNKCJE EKO<\/dt>\n<dd class=\"js-accordion__content\">\n<table class=\"datalist datalist--divided-inset\">\n<tbody>\n<tr>\n<td>U\u017cyteczna powierzchnia [cale\/cm]<\/td>\n<td>Czujnik obecno\u015bci u\u017cytkownika; Czujnik \u015bwiat\u0142a zewn\u0119trznego; Klasa efektywno\u015bci energetycznej: F; Licznik Carbon footprint \/ Licznik carbon savings; Technologia pod\u015bwietlenia LED; Tryb ECO; Zu\u017cycie energii: 22 kWh\/1000 godzin<\/td>\n<\/tr>\n<tr>\n<td>Materia\u0142y ekologiczne<\/td>\n<td>Minimalne u\u017cycie szkodliwych materia\u0142\u00f3w<\/td>\n<\/tr>\n<tr>\n<td>Normy ekologiczne<\/td>\n<td>Energy Star 8.0; TCO 8.0; Zgodno\u015b\u0107 z ErP; Zgodno\u015b\u0107 z RoHS<\/td>\n<\/tr>\n<\/tbody>\n<\/table>\n<\/dd>\n<\/dl>\n","protected":false},"excerpt":{"rendered":"<div class=\"columns medium-6 product-features\">\n<table class=\"datalist datalist--divided-fullwidth\">\n<tbody>\n<tr>\n<td>Regulacja wysoko\u015bci [mm]<\/td>\n<td>150<\/td>\n<\/tr>\n<tr>\n<td>Jasno\u015b\u0107 [cd\/m\u00b2]<\/td>\n<td>350<\/td>\n<\/tr>\n<tr>\n<td>Rozdzielczo\u015b\u0107 (optymalna)<\/td>\n<td>3840 x 2160<\/td>\n<\/tr>\n<tr>\n<td>Kod produktu<\/td>\n<td>60004302 (BK), 60004691 (WH)<\/td>\n<\/tr>\n<\/tbody>\n<\/table>\n<\/div>\n","protected":false},"featured_media":414,"template":"","meta":{"inline_featured_image":false,"neve_meta_sidebar":"","neve_meta_container":"","neve_meta_enable_content_width":"off","neve_meta_content_width":100,"neve_meta_title_alignment":"","neve_meta_author_avatar":"","neve_post_elements_order":"","neve_meta_disable_header":"","neve_meta_disable_footer":"","neve_meta_disable_title":""},"pwb-brand":[28],"product_cat":[22],"product_tag":[],"yoast_head":"<!-- This site is optimized with the Yoast SEO plugin v22.6 - https:\/\/yoast.com\/wordpress\/plugins\/seo\/ -->\n<title>NEC MultiSync\u00ae\u00a0EA271U - Monitor 27&quot; - Monitory Komercyjne Monitory komercyjne<\/title>\n<meta name=\"robots\" content=\"index, follow, max-snippet:-1, max-image-preview:large, max-video-preview:-1\" \/>\n<link rel=\"canonical\" href=\"https:\/\/monitorykomercyjne.pl\/index.php\/produkt\/nec-multisync-ea271u-monitor-27\/\" \/>\n<meta property=\"og:locale\" content=\"pl_PL\" \/>\n<meta property=\"og:type\" content=\"article\" \/>\n<meta property=\"og:title\" content=\"NEC MultiSync\u00ae\u00a0EA271U - Monitor 27&quot; - Monitory Komercyjne Monitory komercyjne\" \/>\n<meta property=\"og:description\" content=\"Regulacja wysoko\u015bci [mm] 150   Jasno\u015b\u0107 [cd\/m\u00b2] 350   Rozdzielczo\u015b\u0107 (optymalna) 3840 x 2160   Kod produktu 60004302 (BK), 60004691 (WH)\" \/>\n<meta property=\"og:url\" content=\"https:\/\/monitorykomercyjne.pl\/index.php\/produkt\/nec-multisync-ea271u-monitor-27\/\" \/>\n<meta property=\"og:site_name\" content=\"Monitory Komercyjne\" \/>\n<meta property=\"article:modified_time\" content=\"2024-05-09T07:39:53+00:00\" \/>\n<meta property=\"og:image\" content=\"https:\/\/monitorykomercyjne.pl\/wp-content\/uploads\/2024\/03\/NEC-MultiSync-EA271U1-1.jpg\" \/>\n\t<meta property=\"og:image:width\" content=\"1600\" \/>\n\t<meta property=\"og:image:height\" content=\"1200\" \/>\n\t<meta property=\"og:image:type\" content=\"image\/jpeg\" \/>\n<meta name=\"twitter:card\" content=\"summary_large_image\" \/>\n<meta name=\"twitter:label1\" content=\"Szacowany czas czytania\" \/>\n\t<meta name=\"twitter:data1\" content=\"5 minut\" \/>\n<script type=\"application\/ld+json\" class=\"yoast-schema-graph\">{\"@context\":\"https:\/\/schema.org\",\"@graph\":[{\"@type\":\"WebPage\",\"@id\":\"https:\/\/monitorykomercyjne.pl\/index.php\/produkt\/nec-multisync-ea271u-monitor-27\/\",\"url\":\"https:\/\/monitorykomercyjne.pl\/index.php\/produkt\/nec-multisync-ea271u-monitor-27\/\",\"name\":\"NEC MultiSync\u00ae\u00a0EA271U - Monitor 27\\\" - Monitory Komercyjne Monitory komercyjne\",\"isPartOf\":{\"@id\":\"https:\/\/monitorykomercyjne.pl\/#website\"},\"primaryImageOfPage\":{\"@id\":\"https:\/\/monitorykomercyjne.pl\/index.php\/produkt\/nec-multisync-ea271u-monitor-27\/#primaryimage\"},\"image\":{\"@id\":\"https:\/\/monitorykomercyjne.pl\/index.php\/produkt\/nec-multisync-ea271u-monitor-27\/#primaryimage\"},\"thumbnailUrl\":\"https:\/\/monitorykomercyjne.pl\/wp-content\/uploads\/2024\/03\/NEC-MultiSync-EA271U1-1.jpg\",\"datePublished\":\"2024-03-01T11:43:26+00:00\",\"dateModified\":\"2024-05-09T07:39:53+00:00\",\"breadcrumb\":{\"@id\":\"https:\/\/monitorykomercyjne.pl\/index.php\/produkt\/nec-multisync-ea271u-monitor-27\/#breadcrumb\"},\"inLanguage\":\"pl-PL\",\"potentialAction\":[{\"@type\":\"ReadAction\",\"target\":[\"https:\/\/monitorykomercyjne.pl\/index.php\/produkt\/nec-multisync-ea271u-monitor-27\/\"]}]},{\"@type\":\"ImageObject\",\"inLanguage\":\"pl-PL\",\"@id\":\"https:\/\/monitorykomercyjne.pl\/index.php\/produkt\/nec-multisync-ea271u-monitor-27\/#primaryimage\",\"url\":\"https:\/\/monitorykomercyjne.pl\/wp-content\/uploads\/2024\/03\/NEC-MultiSync-EA271U1-1.jpg\",\"contentUrl\":\"https:\/\/monitorykomercyjne.pl\/wp-content\/uploads\/2024\/03\/NEC-MultiSync-EA271U1-1.jpg\",\"width\":1600,\"height\":1200},{\"@type\":\"BreadcrumbList\",\"@id\":\"https:\/\/monitorykomercyjne.pl\/index.php\/produkt\/nec-multisync-ea271u-monitor-27\/#breadcrumb\",\"itemListElement\":[{\"@type\":\"ListItem\",\"position\":1,\"name\":\"Strona g\u0142\u00f3wna\",\"item\":\"https:\/\/monitorykomercyjne.pl\/\"},{\"@type\":\"ListItem\",\"position\":2,\"name\":\"Produkty\",\"item\":\"https:\/\/monitorykomercyjne.pl\/index.php\/produkty\/\"},{\"@type\":\"ListItem\",\"position\":3,\"name\":\"NEC MultiSync\u00ae\u00a0EA271U &#8211; Monitor 27&#8243;\"}]},{\"@type\":\"WebSite\",\"@id\":\"https:\/\/monitorykomercyjne.pl\/#website\",\"url\":\"https:\/\/monitorykomercyjne.pl\/\",\"name\":\"Monitory Komercyjne\",\"description\":\"\",\"potentialAction\":[{\"@type\":\"SearchAction\",\"target\":{\"@type\":\"EntryPoint\",\"urlTemplate\":\"https:\/\/monitorykomercyjne.pl\/?s={search_term_string}\"},\"query-input\":\"required name=search_term_string\"}],\"inLanguage\":\"pl-PL\"}]}<\/script>\n<!-- \/ Yoast SEO plugin. -->","yoast_head_json":{"title":"NEC MultiSync\u00ae\u00a0EA271U - Monitor 27\" - Monitory Komercyjne Monitory komercyjne","robots":{"index":"index","follow":"follow","max-snippet":"max-snippet:-1","max-image-preview":"max-image-preview:large","max-video-preview":"max-video-preview:-1"},"canonical":"https:\/\/monitorykomercyjne.pl\/index.php\/produkt\/nec-multisync-ea271u-monitor-27\/","og_locale":"pl_PL","og_type":"article","og_title":"NEC MultiSync\u00ae\u00a0EA271U - Monitor 27\" - Monitory Komercyjne Monitory komercyjne","og_description":"Regulacja wysoko\u015bci [mm] 150   Jasno\u015b\u0107 [cd\/m\u00b2] 350   Rozdzielczo\u015b\u0107 (optymalna) 3840 x 2160   Kod produktu 60004302 (BK), 60004691 (WH)","og_url":"https:\/\/monitorykomercyjne.pl\/index.php\/produkt\/nec-multisync-ea271u-monitor-27\/","og_site_name":"Monitory Komercyjne","article_modified_time":"2024-05-09T07:39:53+00:00","og_image":[{"width":1600,"height":1200,"url":"https:\/\/monitorykomercyjne.pl\/wp-content\/uploads\/2024\/03\/NEC-MultiSync-EA271U1-1.jpg","type":"image\/jpeg"}],"twitter_card":"summary_large_image","twitter_misc":{"Szacowany czas czytania":"5 minut"},"schema":{"@context":"https:\/\/schema.org","@graph":[{"@type":"WebPage","@id":"https:\/\/monitorykomercyjne.pl\/index.php\/produkt\/nec-multisync-ea271u-monitor-27\/","url":"https:\/\/monitorykomercyjne.pl\/index.php\/produkt\/nec-multisync-ea271u-monitor-27\/","name":"NEC MultiSync\u00ae\u00a0EA271U - Monitor 27\" - Monitory Komercyjne Monitory komercyjne","isPartOf":{"@id":"https:\/\/monitorykomercyjne.pl\/#website"},"primaryImageOfPage":{"@id":"https:\/\/monitorykomercyjne.pl\/index.php\/produkt\/nec-multisync-ea271u-monitor-27\/#primaryimage"},"image":{"@id":"https:\/\/monitorykomercyjne.pl\/index.php\/produkt\/nec-multisync-ea271u-monitor-27\/#primaryimage"},"thumbnailUrl":"https:\/\/monitorykomercyjne.pl\/wp-content\/uploads\/2024\/03\/NEC-MultiSync-EA271U1-1.jpg","datePublished":"2024-03-01T11:43:26+00:00","dateModified":"2024-05-09T07:39:53+00:00","breadcrumb":{"@id":"https:\/\/monitorykomercyjne.pl\/index.php\/produkt\/nec-multisync-ea271u-monitor-27\/#breadcrumb"},"inLanguage":"pl-PL","potentialAction":[{"@type":"ReadAction","target":["https:\/\/monitorykomercyjne.pl\/index.php\/produkt\/nec-multisync-ea271u-monitor-27\/"]}]},{"@type":"ImageObject","inLanguage":"pl-PL","@id":"https:\/\/monitorykomercyjne.pl\/index.php\/produkt\/nec-multisync-ea271u-monitor-27\/#primaryimage","url":"https:\/\/monitorykomercyjne.pl\/wp-content\/uploads\/2024\/03\/NEC-MultiSync-EA271U1-1.jpg","contentUrl":"https:\/\/monitorykomercyjne.pl\/wp-content\/uploads\/2024\/03\/NEC-MultiSync-EA271U1-1.jpg","width":1600,"height":1200},{"@type":"BreadcrumbList","@id":"https:\/\/monitorykomercyjne.pl\/index.php\/produkt\/nec-multisync-ea271u-monitor-27\/#breadcrumb","itemListElement":[{"@type":"ListItem","position":1,"name":"Strona g\u0142\u00f3wna","item":"https:\/\/monitorykomercyjne.pl\/"},{"@type":"ListItem","position":2,"name":"Produkty","item":"https:\/\/monitorykomercyjne.pl\/index.php\/produkty\/"},{"@type":"ListItem","position":3,"name":"NEC MultiSync\u00ae\u00a0EA271U &#8211; Monitor 27&#8243;"}]},{"@type":"WebSite","@id":"https:\/\/monitorykomercyjne.pl\/#website","url":"https:\/\/monitorykomercyjne.pl\/","name":"Monitory Komercyjne","description":"","potentialAction":[{"@type":"SearchAction","target":{"@type":"EntryPoint","urlTemplate":"https:\/\/monitorykomercyjne.pl\/?s={search_term_string}"},"query-input":"required name=search_term_string"}],"inLanguage":"pl-PL"}]}},"brands":[{"id":28,"name":"SharpNEC","slug":"sharpnec"}],"_links":{"self":[{"href":"https:\/\/monitorykomercyjne.pl\/index.php\/wp-json\/wp\/v2\/product\/412"}],"collection":[{"href":"https:\/\/monitorykomercyjne.pl\/index.php\/wp-json\/wp\/v2\/product"}],"about":[{"href":"https:\/\/monitorykomercyjne.pl\/index.php\/wp-json\/wp\/v2\/types\/product"}],"wp:featuredmedia":[{"embeddable":true,"href":"https:\/\/monitorykomercyjne.pl\/index.php\/wp-json\/wp\/v2\/media\/414"}],"wp:attachment":[{"href":"https:\/\/monitorykomercyjne.pl\/index.php\/wp-json\/wp\/v2\/media?parent=412"}],"wp:term":[{"taxonomy":"pwb-brand","embeddable":true,"href":"https:\/\/monitorykomercyjne.pl\/index.php\/wp-json\/wp\/v2\/pwb-brand?post=412"},{"taxonomy":"product_cat","embeddable":true,"href":"https:\/\/monitorykomercyjne.pl\/index.php\/wp-json\/wp\/v2\/product_cat?post=412"},{"taxonomy":"product_tag","embeddable":true,"href":"https:\/\/monitorykomercyjne.pl\/index.php\/wp-json\/wp\/v2\/product_tag?post=412"}],"curies":[{"name":"wp","href":"https:\/\/api.w.org\/{rel}","templated":true}]}}