{"id":431,"date":"2024-03-04T09:03:57","date_gmt":"2024-03-04T08:03:57","guid":{"rendered":"https:\/\/monitorykomercyjne.pl\/?post_type=product&#038;p=431"},"modified":"2024-05-09T09:39:53","modified_gmt":"2024-05-09T07:39:53","slug":"sharp-multisync-me652-monitor-wielkoformatowy-65","status":"publish","type":"product","link":"https:\/\/monitorykomercyjne.pl\/index.php\/produkt\/sharp-multisync-me652-monitor-wielkoformatowy-65\/","title":{"rendered":"Sharp MultiSync\u00a0ME652 &#8211; Monitor wielkoformatowy 65&#8243;"},"content":{"rendered":"<section id=\"overview\" class=\"row\">\n<div class=\"columns medium-6\">\n<p><!-- ossproductdescstart --><\/p>\n<p><b>Wiod\u0105ca w swojej klasie wydajno\u015b\u0107 i warto\u015b\u0107<\/b><\/p>\n<p>Dzi\u0119ki du\u017cej liczbie oferowanych funkcji oraz najlepszej w swojej klasie wydajno\u015bci i warto\u015bci druga generacja urz\u0105dze\u0144 serii ME oferuje profesjonalne mo\u017cliwo\u015bci zastosowania ich w pomieszczeniach konferencyjnych oraz jako cyfrowe szyldy. Wielofunkcyjny wy\u015bwietlacz Sharp MultiSync\u00ae z panelem eliminuj\u0105cym odblaski, natywna \u0142\u0105czno\u015b\u0107 USB-C oraz szybkie wykrywanie urz\u0105dze\u0144 wej\u015bciowych s\u0105 atrakcyjne dla przedsi\u0119biorstw, oferuj\u0105c prostot\u0119 w obszarze \u201eprzynie\u015b swoje w\u0142asne urz\u0105dzenie\u201d oraz wsparcie dla proces\u00f3w hybrydowych i spontanicznie organizowanych zebra\u0144.<\/p>\n<p>Zintegrowany system na czipie (SoC) dzia\u0142aj\u0105cy w oparciu o system operacyjny Android 13 zgodny z CTS zapewnia aktualno\u015b\u0107 funkcji i bezpiecze\u0144stwo, co umo\u017cliwia mnogo\u015b\u0107 zastosowa\u0144 w obszarze prezentacji tre\u015bci oraz wysok\u0105 kompatybilno\u015b\u0107 z partnerami CMS. Dzi\u0119ki temu wielofunkcyjne urz\u0105dzenia z serii Sharp MultiSync\u00ae ME sprawdzaj\u0105 si\u0119 jako racjonalne pod wzgl\u0119dem koszt\u00f3w cyfrowe szyldy. Ciesz si\u0119 p\u0142ynnym dost\u0119pem do aplikacji na systemy Android oraz instaluj aplikacje bezpo\u015brednio na wy\u015bwietlaczu z u\u017cyciem zintegrowanej przegl\u0105darki bez konieczno\u015bci korzystania z dodatkowego zewn\u0119trznego odtwarzacza medi\u00f3w.<\/p>\n<p>Japo\u0144skie standardy in\u017cynieryjne i wysokiej jako\u015bci komponenty zapewniaj\u0105 d\u0142ugotrwa\u0142\u0105 niezawodno\u015b\u0107. Seria Sharp MultiSync\u00ae ME to wiod\u0105ce w swojej klasie rozwi\u0105zanie dla bie\u017c\u0105cych wyzwa\u0144 w miejscu pracy, kt\u00f3re w bezkompromisowy spos\u00f3b oferuje warto\u015b\u0107 i profesjonaln\u0105 wydajno\u015b\u0107.<\/p>\n<p><!-- ossproductdescend --><\/p>\n<\/div>\n<div class=\"columns medium-6\">\n<h3>Korzy\u015bci<\/h3>\n<ul>\n<li><b>P\u0142ynna \u0142\u0105czno\u015b\u0107<\/b> \u2013natywne wsparcie dla \u0142\u0105czno\u015bci USB-C umo\u017cliwia obs\u0142ug\u0119 proces\u00f3w typu \u201eprzynie\u015b swoje w\u0142asne urz\u0105dzenie\u201d, zapewniaj\u0105c inkluzywno\u015b\u0107 oraz zwi\u0119kszaj\u0105c produktywno\u015b\u0107 dzi\u0119ki po\u0142\u0105czeniu pomi\u0119dzy laptopem a wy\u015bwietlaczem, kt\u00f3re sprowadza si\u0119 do jednego przewodu.<\/li>\n<li><b>Znakomita czytelno\u015b\u0107<\/b> \u2013wysoka skuteczno\u015b\u0107 dzia\u0142ania w dobrze o\u015bwietlonych miejscach oraz filtr eliminuj\u0105cy odbicia i odblaski wywo\u0142ywane przez okna i inne \u017ar\u00f3d\u0142a \u015bwiat\u0142a.<\/li>\n<li><b>Szybkie wykrywanie urz\u0105dze\u0144 wej\u015bciowych<\/b> \u2013eliminacja potencjalnej frustracji i p\u0142ynno\u015b\u0107 przebiegu zebra\u0144 dzi\u0119ki natychmiastowej reakcji na pod\u0142\u0105czenie urz\u0105dzenia.<\/li>\n<li><b>Kompatybilno\u015b\u0107 z rozwi\u0105zaniami zewn\u0119trznymi<\/b> \u2013to nie tylko wy\u015bwietlacz, ale dzi\u0119ki zintegrowanemu systemowi na czipie r\u00f3wnie\u017c gotowe do u\u017cycia rozwi\u0105zanie kompatybilne z popularnymi urz\u0105dzeniami roboczymi i systemami zarz\u0105dzania tre\u015bci\u0105.<\/li>\n<li><b>Gotowo\u015b\u0107 na nowe funkcje<\/b> \u2013regularne bezprzewodowe aktualizacje systemu operacyjnego Android zapewniaj\u0105 dost\u0119pno\u015b\u0107 najnowszych funkcji i bezpiecze\u0144stwo systemu.<\/li>\n<\/ul>\n<\/div>\n<\/section>\n<dl id=\"speciList\" class=\"js-accordion\">\n<dt class=\"js-accordion__toggle accordion__toggle\">WY\u015aWIETLACZ<\/dt>\n<dd class=\"js-accordion__content\">\n<table class=\"datalist datalist--divided-inset\">\n<tbody>\n<tr>\n<td>Rodzaj panelu<\/td>\n<td>IPS z\u00a0pod\u015bwietleniem Direct LED<\/td>\n<\/tr>\n<tr>\n<td>Wielko\u015b\u0107 ekranu [cale\/cm]<\/td>\n<td>65 \/ 163.9<\/td>\n<\/tr>\n<tr>\n<td>Proporcje obrazu<\/td>\n<td>16:9<\/td>\n<\/tr>\n<tr>\n<td>Jasno\u015b\u0107 [cd\/m\u00b2]<\/td>\n<td>450<\/td>\n<\/tr>\n<tr>\n<td>Kontrast<\/td>\n<td>1200:1<\/td>\n<\/tr>\n<tr>\n<td>K\u0105ty widzenia [\u00b0]<\/td>\n<td>178 poziomo \/ 178 pionowo (CR 10:1)<\/td>\n<\/tr>\n<tr>\n<td>Colour Depth [bn]<\/td>\n<td>1.073 (8bit + FRC)<\/td>\n<\/tr>\n<tr>\n<td>HDR<\/td>\n<td>HDR10; HLG; PQ<\/td>\n<\/tr>\n<tr>\n<td>Czas reakcji [ms]<\/td>\n<td>8<\/td>\n<\/tr>\n<tr>\n<td>Cz\u0119stotliwo\u015b\u0107 od\u015bwie\u017cania obrazu [Hz]<\/td>\n<td>60<\/td>\n<\/tr>\n<tr>\n<td>Haze Level [%]<\/td>\n<td>Pro (25)<\/td>\n<\/tr>\n<tr>\n<td>Obs\u0142ugiwana orientacja obrazu<\/td>\n<td>Pionowa; Pozioma<\/td>\n<\/tr>\n<\/tbody>\n<\/table>\n<\/dd>\n<dt class=\"js-accordion__toggle accordion__toggle\">ROZDZIELCZO\u015a\u0106<\/dt>\n<dd class=\"js-accordion__content\">\n<table class=\"datalist datalist--divided-inset\">\n<tbody>\n<tr>\n<td>Rozdzielczo\u015b\u0107 natywna<\/td>\n<td>\n<div class=\"productSpecRes productSpecRes--columns\">3840 x 2160<\/div>\n<\/td>\n<\/tr>\n<tr>\n<td>Obs\u0142ugiwane przez wej\u015bcia cyfrowe i analogowe (PC)<\/td>\n<td>\n<div class=\"productSpecRes productSpecRes--columns\">1024 x 768; 1024 x 768; 1280 x 1024; 1280 x 1024; 1280 x 720; 1280 x 800; 1360 x 768; 1366 x 768; 1400 x 1050; 1440 x 900; 1600 x 1200; 1680 x 1050; 1920 x 1080; 1920 x 1200; 1920 x 2160; 3840 x 2160; 4096 x 2160; 640 x 480; 720 x 480; 720 x 576; 800 x 600<\/div>\n<\/td>\n<\/tr>\n<\/tbody>\n<\/table>\n<\/dd>\n<dt class=\"js-accordion__toggle accordion__toggle\">CZ\u0118STOTLIWO\u015a\u0106 SYNCHRONIZACJI<\/dt>\n<dd class=\"js-accordion__content\">\n<table class=\"datalist datalist--divided-inset\">\n<tbody>\n<tr>\n<td>Cz\u0119stotliwo\u015b\u0107 pozioma [kHz]<\/td>\n<td>15 &#8211; 135<\/td>\n<\/tr>\n<tr>\n<td>Cz\u0119stotliwo\u015b\u0107 pionowa [Hz]<\/td>\n<td>23 &#8211; 76<\/td>\n<\/tr>\n<\/tbody>\n<\/table>\n<\/dd>\n<dt class=\"js-accordion__toggle accordion__toggle\">MO\u017bLIWO\u015aCI POD\u0141\u0104CZANIA<\/dt>\n<dd class=\"js-accordion__content\">\n<table class=\"datalist datalist--divided-inset\">\n<tbody>\n<tr>\n<td>Wej\u015bcia wideo cyfrowe<\/td>\n<td>1 x USB-C (z HDCP 1.3\/2.2); 3 x HDMI (HDCP)<\/td>\n<\/tr>\n<tr>\n<td>Wej\u015bcia audio cyfrowe<\/td>\n<td>1x USB-C; 3 x HDMI<\/td>\n<\/tr>\n<tr>\n<td>Kontrola wej\u015bcia<\/td>\n<td>przew\u00f3d zdalnego sterowania (jack 3,5 mm); RS232; Sie\u0107 LAN 100 Mbit<\/td>\n<\/tr>\n<tr>\n<td>Input Data<\/td>\n<td>3 x USB 2.0 (Downstream)<\/td>\n<\/tr>\n<tr>\n<td>Wyj\u015bcia audio analogowe<\/td>\n<td>Z\u0142\u0105cze 1 x 3,5 mm<\/td>\n<\/tr>\n<tr>\n<td>Input Detect<\/td>\n<td>Custom; First; Last<\/td>\n<\/tr>\n<\/tbody>\n<\/table>\n<\/dd>\n<dt class=\"js-accordion__toggle accordion__toggle\">PARAMETRY ELEKTRYCZNE<\/dt>\n<dd class=\"js-accordion__content\">\n<table class=\"datalist datalist--divided-inset\">\n<tbody>\n<tr>\n<td>Pob\u00f3r mocy [W]<\/td>\n<td>140 wysy\u0142ka<\/td>\n<\/tr>\n<tr>\n<td>Tryb Power Save [W]<\/td>\n<td>&lt; 0.5; &lt; 2 (Networked Standby)<\/td>\n<\/tr>\n<tr>\n<td>Zasilacz<\/td>\n<td>100-240 V AC; 50\/60 Hz; zintegrowany<\/td>\n<\/tr>\n<\/tbody>\n<\/table>\n<\/dd>\n<dt class=\"js-accordion__toggle accordion__toggle\">WARUNKI OTOCZENIA<\/dt>\n<dd class=\"js-accordion__content\">\n<table class=\"datalist datalist--divided-inset\">\n<tbody>\n<tr>\n<td>Temperatura otoczenia podczes pracy [\u00b0C]<\/td>\n<td>+0 to +40<\/td>\n<\/tr>\n<tr>\n<td>Wilgotno\u015b\u0107 otoczenia podczas pracy [%]<\/td>\n<td>20 to 80<\/td>\n<\/tr>\n<tr>\n<td>Wilgotno\u015b\u0107 otoczenia podczas przechowywania [%]<\/td>\n<td>10 do 90<\/td>\n<\/tr>\n<tr>\n<td>Temperatura otoczenia podczas przechowywania [\u00b0C]<\/td>\n<td>-20 do 60<\/td>\n<\/tr>\n<\/tbody>\n<\/table>\n<\/dd>\n<dt class=\"js-accordion__toggle accordion__toggle\">PARAMETRY MECHANICZNE<\/dt>\n<dd class=\"js-accordion__content\">\n<table class=\"datalist datalist--divided-inset\">\n<tbody>\n<tr>\n<td>Wymiary [mm]<\/td>\n<td>1\u00a0463,3 x 838,2 x 68<\/td>\n<\/tr>\n<tr>\n<td>Waga [kg]<\/td>\n<td>23.9<\/td>\n<\/tr>\n<tr>\n<td>Szeroko\u015b\u0107 ramki [mm]<\/td>\n<td>15,9<\/td>\n<\/tr>\n<tr>\n<td>Mocowanie VESA [mm]<\/td>\n<td>4 otwory; 600 x 400 (FDMI); \u015bruby M8<\/td>\n<\/tr>\n<tr>\n<td>Stopie\u0144 ochrony<\/td>\n<td>IP5x (prz\u00f3d); IP5x (tyl)<\/td>\n<\/tr>\n<tr>\n<td>Wymiary opakowania (szer. x wys. x g\u0142\u0119b.) [mm]<\/td>\n<td>1,628 x 942 x 185<\/td>\n<\/tr>\n<tr>\n<td>Masa z\u00a0opakowaniem [kg]<\/td>\n<td>34.5<\/td>\n<\/tr>\n<tr>\n<td>Kolor ramki<\/td>\n<td>Pantone (Process Black M)<\/td>\n<\/tr>\n<tr>\n<td>Materia\u0142<\/td>\n<td>Metal<\/td>\n<\/tr>\n<\/tbody>\n<\/table>\n<\/dd>\n<dt class=\"js-accordion__toggle accordion__toggle\">MEDIAPLAYER<\/dt>\n<dd class=\"js-accordion__content\">\n<table class=\"datalist datalist--divided-inset\">\n<tbody>\n<tr>\n<td>Supported File Storage \/ File System<\/td>\n<td>FAT16 \/ FAT32 @ USB 2.0<\/td>\n<\/tr>\n<tr>\n<td>Supported Video Formats<\/td>\n<td>MKV (Mpeg1\/2\/3 Layer1\/2\/3, max res 4096&#215;2160@60fps); MP4 (Mpeg1\/2 Layer1\/2\/3, H.264, HEVC\/H.265, max res 4096&#215;2160@60fps)<\/td>\n<\/tr>\n<tr>\n<td>Supported Audio Formats<\/td>\n<td>.mp3 max. Bit Rate 320 kbps<\/td>\n<\/tr>\n<\/tbody>\n<\/table>\n<\/dd>\n<dt class=\"js-accordion__toggle accordion__toggle\">EMBEDDED COMPUTING<\/dt>\n<dd class=\"js-accordion__content\">\n<table class=\"datalist datalist--divided-inset\">\n<tbody>\n<tr>\n<td>Built-in Applications<\/td>\n<td>File Manager; Web Browser<\/td>\n<\/tr>\n<tr>\n<td>System Version<\/td>\n<td>Android 13<\/td>\n<\/tr>\n<tr>\n<td>System Memory<\/td>\n<td>4G RAM<\/td>\n<\/tr>\n<tr>\n<td>Internal Storage<\/td>\n<td>32GB ROM<\/td>\n<\/tr>\n<\/tbody>\n<\/table>\n<\/dd>\n<dt class=\"js-accordion__toggle accordion__toggle\">DOST\u0118PNE OPCJE<\/dt>\n<dd class=\"js-accordion__content\">\n<table class=\"datalist datalist--divided-inset\">\n<tbody>\n<tr>\n<td>Akcesoria<\/td>\n<td>G\u0142o\u015bnik (SP-RM3a); Presence Sensor (KT-RC3); Stopki (ST-65M); W\u00f3zek (PD04-Tipster Trolley); Zestaw do monta\u017cu na \u015bcianie (PDW T XL-2; L20PNWALL90EU)<\/td>\n<\/tr>\n<\/tbody>\n<\/table>\n<\/dd>\n<dt class=\"js-accordion__toggle accordion__toggle\">FUNKCJE EKO<\/dt>\n<dd class=\"js-accordion__content\">\n<table class=\"datalist datalist--divided-inset\">\n<tbody>\n<tr>\n<td>Wydajno\u015b\u0107 energetyczna<\/td>\n<td>Klasa efektywno\u015bci energetycznej: G; pod\u015bwietleniem LED; Zu\u017cycie energii: 144 kWh\/1000 godzin<\/td>\n<\/tr>\n<tr>\n<td>Normy ekologiczne<\/td>\n<td>EnergyStar 8.0<\/td>\n<\/tr>\n<\/tbody>\n<\/table>\n<\/dd>\n<dt class=\"js-accordion__toggle accordion__toggle\">DODATKOWE FUNKCJE<\/dt>\n<dd class=\"js-accordion__content\">\n<table class=\"datalist datalist--divided-inset\">\n<tbody>\n<tr>\n<td>Cechy Specjalne<\/td>\n<td>HDMI ARC; Powered USB Port (15 W); Removable Logo; Symulacja standardu DICOM<\/td>\n<\/tr>\n<tr>\n<td>Bezpiecze\u0144stwo i ergonomia<\/td>\n<td>BSMI; CE; EMC Class B; Energy Star 8; FCC Class B; KC\/KCC; PSB; RCM; RoHS; VCCI<\/td>\n<\/tr>\n<tr>\n<td>Klasa b\u0142\u0119d\u00f3w pikseli<\/td>\n<td>Klasa 1 wg ISO 9241-307<\/td>\n<\/tr>\n<tr>\n<td>G\u0142o\u015bniki<\/td>\n<td>Integrated Speakers (10 W + 10 W)<\/td>\n<\/tr>\n<tr>\n<td>Zawarto\u015b\u0107 opakowania<\/td>\n<td>2x baterie; Instrukcja konfiguracji; Kabel HDMI; Kabel zasilaj\u0105cy; Monitor; Pilot<\/td>\n<\/tr>\n<tr>\n<td>Gwarancja<\/td>\n<td>3 lata (w tym na pod\u015bwietlenie ekranu); dost\u0119pne dodatkowe us\u0142ugi; opcjonalne przed\u0142u\u017cenie gwarancji na 4. i\u00a05. rok <sup>1<\/sup><\/td>\n<\/tr>\n<tr>\n<td>Godziny pracy<\/td>\n<td>18\/7<\/td>\n<\/tr>\n<tr>\n<td>External Control<\/td>\n<td>AMX NetLinx Support; ASCII Control Commands; Crestron Connected; HDMI CEC; Scheduled Timer<\/td>\n<\/tr>\n<tr>\n<td>Remote Management<\/td>\n<td>Automated Email Alerts; NEC NaViSet Administrator 2<\/td>\n<\/tr>\n<tr>\n<td>Security<\/td>\n<td>Disable HW Buttons; Disable IR Functionality<\/td>\n<\/tr>\n<tr>\n<td>Resistance to Fire<\/td>\n<td>Metal backcover, plastic material certified acc. to UL94-5VB<\/td>\n<\/tr>\n<\/tbody>\n<\/table>\n<\/dd>\n<\/dl>\n","protected":false},"excerpt":{"rendered":"<div class=\"columns medium-6 product-features\">\n<table class=\"datalist datalist--divided-fullwidth\">\n<tbody>\n<tr>\n<td>Poziom antyrefleksyjny<\/td>\n<td>Pro<\/td>\n<\/tr>\n<tr>\n<td>Godziny pracy<\/td>\n<td>18\/7<\/td>\n<\/tr>\n<tr>\n<td>Jasno\u015b\u0107 [cd\/m\u00b2]<\/td>\n<td>450<\/td>\n<\/tr>\n<tr>\n<td>Rozdzielczo\u015b\u0107<\/td>\n<td>3840 x 2160<\/td>\n<\/tr>\n<tr>\n<td>Kod produktu<\/td>\n<td>60005924<\/td>\n<\/tr>\n<\/tbody>\n<\/table>\n<\/div>\n","protected":false},"featured_media":425,"template":"","meta":{"inline_featured_image":false,"neve_meta_sidebar":"","neve_meta_container":"","neve_meta_enable_content_width":"off","neve_meta_content_width":100,"neve_meta_title_alignment":"","neve_meta_author_avatar":"","neve_post_elements_order":"","neve_meta_disable_header":"","neve_meta_disable_footer":"","neve_meta_disable_title":""},"pwb-brand":[28],"product_cat":[22],"product_tag":[],"yoast_head":"<!-- This site is optimized with the Yoast SEO plugin v22.6 - https:\/\/yoast.com\/wordpress\/plugins\/seo\/ -->\n<title>Sharp MultiSync\u00a0ME652 - Monitor wielkoformatowy 65&quot; - Monitory Komercyjne Monitory komercyjne<\/title>\n<meta name=\"robots\" content=\"index, follow, max-snippet:-1, max-image-preview:large, max-video-preview:-1\" \/>\n<link rel=\"canonical\" href=\"https:\/\/monitorykomercyjne.pl\/index.php\/produkt\/sharp-multisync-me652-monitor-wielkoformatowy-65\/\" \/>\n<meta property=\"og:locale\" content=\"pl_PL\" \/>\n<meta property=\"og:type\" content=\"article\" \/>\n<meta property=\"og:title\" content=\"Sharp MultiSync\u00a0ME652 - Monitor wielkoformatowy 65&quot; - Monitory Komercyjne Monitory komercyjne\" \/>\n<meta property=\"og:description\" content=\"Poziom antyrefleksyjny Pro   Godziny pracy 18\/7   Jasno\u015b\u0107 [cd\/m\u00b2] 450   Rozdzielczo\u015b\u0107 3840 x 2160   Kod produktu 60005924\" \/>\n<meta property=\"og:url\" content=\"https:\/\/monitorykomercyjne.pl\/index.php\/produkt\/sharp-multisync-me652-monitor-wielkoformatowy-65\/\" \/>\n<meta property=\"og:site_name\" content=\"Monitory Komercyjne\" \/>\n<meta property=\"article:modified_time\" content=\"2024-05-09T07:39:53+00:00\" \/>\n<meta property=\"og:image\" content=\"https:\/\/monitorykomercyjne.pl\/wp-content\/uploads\/2024\/03\/Sharp-MultiSync-ME4321.jpg\" \/>\n\t<meta property=\"og:image:width\" content=\"1600\" \/>\n\t<meta property=\"og:image:height\" content=\"1200\" \/>\n\t<meta property=\"og:image:type\" content=\"image\/jpeg\" \/>\n<meta name=\"twitter:card\" content=\"summary_large_image\" \/>\n<meta name=\"twitter:label1\" content=\"Szacowany czas czytania\" \/>\n\t<meta name=\"twitter:data1\" content=\"4 minuty\" \/>\n<script type=\"application\/ld+json\" class=\"yoast-schema-graph\">{\"@context\":\"https:\/\/schema.org\",\"@graph\":[{\"@type\":\"WebPage\",\"@id\":\"https:\/\/monitorykomercyjne.pl\/index.php\/produkt\/sharp-multisync-me652-monitor-wielkoformatowy-65\/\",\"url\":\"https:\/\/monitorykomercyjne.pl\/index.php\/produkt\/sharp-multisync-me652-monitor-wielkoformatowy-65\/\",\"name\":\"Sharp MultiSync\u00a0ME652 - Monitor wielkoformatowy 65\\\" - Monitory Komercyjne Monitory komercyjne\",\"isPartOf\":{\"@id\":\"https:\/\/monitorykomercyjne.pl\/#website\"},\"primaryImageOfPage\":{\"@id\":\"https:\/\/monitorykomercyjne.pl\/index.php\/produkt\/sharp-multisync-me652-monitor-wielkoformatowy-65\/#primaryimage\"},\"image\":{\"@id\":\"https:\/\/monitorykomercyjne.pl\/index.php\/produkt\/sharp-multisync-me652-monitor-wielkoformatowy-65\/#primaryimage\"},\"thumbnailUrl\":\"https:\/\/monitorykomercyjne.pl\/wp-content\/uploads\/2024\/03\/Sharp-MultiSync-ME4321.jpg\",\"datePublished\":\"2024-03-04T08:03:57+00:00\",\"dateModified\":\"2024-05-09T07:39:53+00:00\",\"breadcrumb\":{\"@id\":\"https:\/\/monitorykomercyjne.pl\/index.php\/produkt\/sharp-multisync-me652-monitor-wielkoformatowy-65\/#breadcrumb\"},\"inLanguage\":\"pl-PL\",\"potentialAction\":[{\"@type\":\"ReadAction\",\"target\":[\"https:\/\/monitorykomercyjne.pl\/index.php\/produkt\/sharp-multisync-me652-monitor-wielkoformatowy-65\/\"]}]},{\"@type\":\"ImageObject\",\"inLanguage\":\"pl-PL\",\"@id\":\"https:\/\/monitorykomercyjne.pl\/index.php\/produkt\/sharp-multisync-me652-monitor-wielkoformatowy-65\/#primaryimage\",\"url\":\"https:\/\/monitorykomercyjne.pl\/wp-content\/uploads\/2024\/03\/Sharp-MultiSync-ME4321.jpg\",\"contentUrl\":\"https:\/\/monitorykomercyjne.pl\/wp-content\/uploads\/2024\/03\/Sharp-MultiSync-ME4321.jpg\",\"width\":1600,\"height\":1200},{\"@type\":\"BreadcrumbList\",\"@id\":\"https:\/\/monitorykomercyjne.pl\/index.php\/produkt\/sharp-multisync-me652-monitor-wielkoformatowy-65\/#breadcrumb\",\"itemListElement\":[{\"@type\":\"ListItem\",\"position\":1,\"name\":\"Strona g\u0142\u00f3wna\",\"item\":\"https:\/\/monitorykomercyjne.pl\/\"},{\"@type\":\"ListItem\",\"position\":2,\"name\":\"Produkty\",\"item\":\"https:\/\/monitorykomercyjne.pl\/index.php\/produkty\/\"},{\"@type\":\"ListItem\",\"position\":3,\"name\":\"Sharp MultiSync\u00a0ME652 &#8211; Monitor wielkoformatowy 65&#8243;\"}]},{\"@type\":\"WebSite\",\"@id\":\"https:\/\/monitorykomercyjne.pl\/#website\",\"url\":\"https:\/\/monitorykomercyjne.pl\/\",\"name\":\"Monitory Komercyjne\",\"description\":\"\",\"potentialAction\":[{\"@type\":\"SearchAction\",\"target\":{\"@type\":\"EntryPoint\",\"urlTemplate\":\"https:\/\/monitorykomercyjne.pl\/?s={search_term_string}\"},\"query-input\":\"required name=search_term_string\"}],\"inLanguage\":\"pl-PL\"}]}<\/script>\n<!-- \/ Yoast SEO plugin. -->","yoast_head_json":{"title":"Sharp MultiSync\u00a0ME652 - Monitor wielkoformatowy 65\" - Monitory Komercyjne Monitory komercyjne","robots":{"index":"index","follow":"follow","max-snippet":"max-snippet:-1","max-image-preview":"max-image-preview:large","max-video-preview":"max-video-preview:-1"},"canonical":"https:\/\/monitorykomercyjne.pl\/index.php\/produkt\/sharp-multisync-me652-monitor-wielkoformatowy-65\/","og_locale":"pl_PL","og_type":"article","og_title":"Sharp MultiSync\u00a0ME652 - Monitor wielkoformatowy 65\" - Monitory Komercyjne Monitory komercyjne","og_description":"Poziom antyrefleksyjny Pro   Godziny pracy 18\/7   Jasno\u015b\u0107 [cd\/m\u00b2] 450   Rozdzielczo\u015b\u0107 3840 x 2160   Kod produktu 60005924","og_url":"https:\/\/monitorykomercyjne.pl\/index.php\/produkt\/sharp-multisync-me652-monitor-wielkoformatowy-65\/","og_site_name":"Monitory Komercyjne","article_modified_time":"2024-05-09T07:39:53+00:00","og_image":[{"width":1600,"height":1200,"url":"https:\/\/monitorykomercyjne.pl\/wp-content\/uploads\/2024\/03\/Sharp-MultiSync-ME4321.jpg","type":"image\/jpeg"}],"twitter_card":"summary_large_image","twitter_misc":{"Szacowany czas czytania":"4 minuty"},"schema":{"@context":"https:\/\/schema.org","@graph":[{"@type":"WebPage","@id":"https:\/\/monitorykomercyjne.pl\/index.php\/produkt\/sharp-multisync-me652-monitor-wielkoformatowy-65\/","url":"https:\/\/monitorykomercyjne.pl\/index.php\/produkt\/sharp-multisync-me652-monitor-wielkoformatowy-65\/","name":"Sharp MultiSync\u00a0ME652 - Monitor wielkoformatowy 65\" - Monitory Komercyjne Monitory komercyjne","isPartOf":{"@id":"https:\/\/monitorykomercyjne.pl\/#website"},"primaryImageOfPage":{"@id":"https:\/\/monitorykomercyjne.pl\/index.php\/produkt\/sharp-multisync-me652-monitor-wielkoformatowy-65\/#primaryimage"},"image":{"@id":"https:\/\/monitorykomercyjne.pl\/index.php\/produkt\/sharp-multisync-me652-monitor-wielkoformatowy-65\/#primaryimage"},"thumbnailUrl":"https:\/\/monitorykomercyjne.pl\/wp-content\/uploads\/2024\/03\/Sharp-MultiSync-ME4321.jpg","datePublished":"2024-03-04T08:03:57+00:00","dateModified":"2024-05-09T07:39:53+00:00","breadcrumb":{"@id":"https:\/\/monitorykomercyjne.pl\/index.php\/produkt\/sharp-multisync-me652-monitor-wielkoformatowy-65\/#breadcrumb"},"inLanguage":"pl-PL","potentialAction":[{"@type":"ReadAction","target":["https:\/\/monitorykomercyjne.pl\/index.php\/produkt\/sharp-multisync-me652-monitor-wielkoformatowy-65\/"]}]},{"@type":"ImageObject","inLanguage":"pl-PL","@id":"https:\/\/monitorykomercyjne.pl\/index.php\/produkt\/sharp-multisync-me652-monitor-wielkoformatowy-65\/#primaryimage","url":"https:\/\/monitorykomercyjne.pl\/wp-content\/uploads\/2024\/03\/Sharp-MultiSync-ME4321.jpg","contentUrl":"https:\/\/monitorykomercyjne.pl\/wp-content\/uploads\/2024\/03\/Sharp-MultiSync-ME4321.jpg","width":1600,"height":1200},{"@type":"BreadcrumbList","@id":"https:\/\/monitorykomercyjne.pl\/index.php\/produkt\/sharp-multisync-me652-monitor-wielkoformatowy-65\/#breadcrumb","itemListElement":[{"@type":"ListItem","position":1,"name":"Strona g\u0142\u00f3wna","item":"https:\/\/monitorykomercyjne.pl\/"},{"@type":"ListItem","position":2,"name":"Produkty","item":"https:\/\/monitorykomercyjne.pl\/index.php\/produkty\/"},{"@type":"ListItem","position":3,"name":"Sharp MultiSync\u00a0ME652 &#8211; Monitor wielkoformatowy 65&#8243;"}]},{"@type":"WebSite","@id":"https:\/\/monitorykomercyjne.pl\/#website","url":"https:\/\/monitorykomercyjne.pl\/","name":"Monitory Komercyjne","description":"","potentialAction":[{"@type":"SearchAction","target":{"@type":"EntryPoint","urlTemplate":"https:\/\/monitorykomercyjne.pl\/?s={search_term_string}"},"query-input":"required name=search_term_string"}],"inLanguage":"pl-PL"}]}},"brands":[{"id":28,"name":"SharpNEC","slug":"sharpnec"}],"_links":{"self":[{"href":"https:\/\/monitorykomercyjne.pl\/index.php\/wp-json\/wp\/v2\/product\/431"}],"collection":[{"href":"https:\/\/monitorykomercyjne.pl\/index.php\/wp-json\/wp\/v2\/product"}],"about":[{"href":"https:\/\/monitorykomercyjne.pl\/index.php\/wp-json\/wp\/v2\/types\/product"}],"wp:featuredmedia":[{"embeddable":true,"href":"https:\/\/monitorykomercyjne.pl\/index.php\/wp-json\/wp\/v2\/media\/425"}],"wp:attachment":[{"href":"https:\/\/monitorykomercyjne.pl\/index.php\/wp-json\/wp\/v2\/media?parent=431"}],"wp:term":[{"taxonomy":"pwb-brand","embeddable":true,"href":"https:\/\/monitorykomercyjne.pl\/index.php\/wp-json\/wp\/v2\/pwb-brand?post=431"},{"taxonomy":"product_cat","embeddable":true,"href":"https:\/\/monitorykomercyjne.pl\/index.php\/wp-json\/wp\/v2\/product_cat?post=431"},{"taxonomy":"product_tag","embeddable":true,"href":"https:\/\/monitorykomercyjne.pl\/index.php\/wp-json\/wp\/v2\/product_tag?post=431"}],"curies":[{"name":"wp","href":"https:\/\/api.w.org\/{rel}","templated":true}]}}