{"id":469,"date":"2024-03-04T10:31:35","date_gmt":"2024-03-04T09:31:35","guid":{"rendered":"https:\/\/monitorykomercyjne.pl\/?post_type=product&#038;p=469"},"modified":"2024-05-09T09:39:52","modified_gmt":"2024-05-09T07:39:52","slug":"nec-multisync-p495-monitor-wielkoformatowy-49","status":"publish","type":"product","link":"https:\/\/monitorykomercyjne.pl\/index.php\/produkt\/nec-multisync-p495-monitor-wielkoformatowy-49\/","title":{"rendered":"NEC MultiSync\u00a0P495 &#8211; Monitor wielkoformatowy 49&#8243;"},"content":{"rendered":"<section id=\"overview\" class=\"row\">\n<div class=\"columns medium-6\">\n<p><!-- ossproductdescstart --><\/p>\n<p><b>Gdy precyzja obrazu ma najwy\u017csze znaczenie<\/b><\/p>\n<p>Pi\u0105ta generacja urz\u0105dze\u0144 NEC MultiSync\u00ae z\u00a0serii\u00a0P to najlepsza wydajno\u015b\u0107 w\u00a0swojej klasie oraz zestaw zaawansowanych funkcji o\u00a0zasadniczym znaczeniu dla funkcjonowania firmy, do u\u017cycia wsz\u0119dzie tam, gdzie nie mo\u017cna sobie pozwoli\u0107 na kompromisy w\u00a0zakresie precyzji obrazu i\u00a0niezawodno\u015bci przy ca\u0142odobowej pracy przez 7\u00a0dni w\u00a0tygodniu.<\/p>\n<p>Przetwarzanie sygna\u0142\u00f3w 8K, szeroka gama barw i\u00a0zintegrowany silnik NEC SpectraView\u00ae steruj\u0105cy wszystkimi parametrami wizualnymi gwarantuj\u0105 niezr\u00f3wnan\u0105 przejrzysto\u015b\u0107 szczeg\u00f3\u0142\u00f3w oraz dok\u0142adno\u015b\u0107 kolor\u00f3w. Wysoka jasno\u015b\u0107 na poziomie 700\u00a0cd\/m2 w\u00a0po\u0142\u0105czeniu z\u00a0wysokowydajnym filtrem zamglenia zapewniaj\u0105 wyj\u0105tkow\u0105 czytelno\u015b\u0107 bez przeszkadzaj\u0105cych odbi\u0107 nawet przy jasnym o\u015bwietleniu otoczenia. Pomimo smuk\u0142ego, eleganckiego profilu wysokiej jako\u015bci konstrukcja wytrzymuje trudy u\u017cytkowania w\u00a0przestrzeniach publicznych, a\u00a0obudowa wykonana wy\u0142\u0105cznie z\u00a0metalu spe\u0142nia warunki niepalno\u015bci. Technologia NEC Open Modular Intelligence (OMI) typu slot-in pozwala wybra\u0107 skalowalny modu\u0142 obliczeniowy Raspberry Pi Compute Module\u00a04 lub jeszcze pot\u0119\u017cniejsze modu\u0142y Intel\u00ae Smart Display Modules (Intel\u00aeSDM) w\u00a0zale\u017cno\u015bci od indywidualnych potrzeb u\u017cytkownika.<\/p>\n<p>Monitory NEC z\u00a0serii\u00a0P zapewniaj\u0105 najlepsz\u0105 wizualizacj\u0119 w\u00a0sterowniach i na liniach produkcyjnych, udost\u0119pniaj\u0105 czyteln\u0105 informacj\u0119 pasa\u017cerom i\u00a0u\u0142atwiaj\u0105 odnajdywanie drogi. Gwarantuj\u0105 przy tym bezpieczne, d\u0142ugotrwa\u0142e u\u017cytkowanie z\u00a0jednoczesnym utrzymaniem parametr\u00f3w dopasowanych do zastosowa\u0144.<\/p>\n<p><!-- ossproductdescend --><\/p>\n<\/div>\n<div class=\"columns medium-6\">\n<h3>Korzy\u015bci<\/h3>\n<ul>\n<li><b>Bezpieczne zarz\u0105dzanie zdalne<\/b> \u2013urz\u0105dzeniami mo\u017cna sterowa\u0107 zdalnie w\u00a0bezpieczny spos\u00f3b przy u\u017cyciu oprogramowania NEC NaviSet Administrator\u00a02; proaktywne zarz\u0105dzanie wymogami konserwacyjnymi zapewnia oszcz\u0119dno\u015b\u0107 czasu i\u00a0zasob\u00f3w<\/li>\n<li><b>Bezb\u0142\u0119dna czytelno\u015b\u0107<\/b> \u2013brak odbi\u0107 od okien i\u00a0innych \u017ar\u00f3de\u0142 \u015bwiat\u0142a eliminuje problemy z\u00a0widoczno\u015bci\u0105 tre\u015bci informacyjno-reklamowych oraz prezentacji w\u00a0salach konferencyjnych<\/li>\n<li><b>Bezpiecze\u0144stwo w\u00a0przestrzeniach publicznych<\/b> \u2013metalowa pokrywa tylna i\u00a0inteligentny uk\u0142ad zarz\u0105dzania temperatur\u0105 gwarantuj\u0105 bezpieczne u\u017cytkowanie w\u00a0miejscach publicznych, w\u00a0kt\u00f3rych wymagane jest zapewnienie ognioodporno\u015bci<\/li>\n<li><b>Wzbogacone parametry obrazu <\/b> \u2013zaawansowane ustawienia wszystkich istotnych parametr\u00f3w wizualnych pozwalaj\u0105 na pe\u0142n\u0105 regulacj\u0119 jasno\u015bci, barwy, warto\u015bci gamma i\u00a0jednorodno\u015bci poprzez system SpectravVew Engine.<\/li>\n<li><b>Gotowo\u015b\u0107 do pracy przez ca\u0142\u0105 dob\u0119, 7\u00a0dni w\u00a0tygodniu w\u00a0zastosowaniach o\u00a0krytycznym znaczeniu<\/b> \u2013precyzyjnie dobrane komponenty klasy przemys\u0142owej i\u00a0staranna konstrukcja, opracowana z\u00a0my\u015bl\u0105 o\u00a0wymagaj\u0105cym otoczeniu eksploatacji, w\u00a0po\u0142\u0105czeniu z\u00a0trwa\u0142ymi, wysoce pozytywnymi wra\u017ceniami odbiorc\u00f3w.<\/li>\n<\/ul>\n<\/div>\n<\/section>\n<dl id=\"speciList\" class=\"js-accordion\">\n<dt class=\"js-accordion__toggle accordion__toggle\">WY\u015aWIETLACZ<\/dt>\n<dd class=\"js-accordion__content\">\n<table class=\"datalist datalist--divided-inset\">\n<tbody>\n<tr>\n<td>Rodzaj panelu<\/td>\n<td>IPS z pod\u015bwietleniem Edge LED<\/td>\n<\/tr>\n<tr>\n<td>Wielko\u015b\u0107 ekranu [cale\/cm]<\/td>\n<td>49 \/ 124.5<\/td>\n<\/tr>\n<tr>\n<td>Proporcje obrazu<\/td>\n<td>16:9<\/td>\n<\/tr>\n<tr>\n<td>Jasno\u015b\u0107 [cd\/m\u00b2]<\/td>\n<td>700<\/td>\n<\/tr>\n<tr>\n<td>Contrast Ratio<\/td>\n<td>\u2265 8000:1 <sup>1<\/sup><\/td>\n<\/tr>\n<tr>\n<td>K\u0105ty widzenia [\u00b0]<\/td>\n<td>178 poziomo \/ 178 pionowo (CR 10:1)<\/td>\n<\/tr>\n<tr>\n<td>Colour Depth [bn]<\/td>\n<td>1.073 (10bit)<\/td>\n<\/tr>\n<tr>\n<td>Colour Gamut<\/td>\n<td>86% z DCI<\/td>\n<\/tr>\n<tr>\n<td>Czas reakcji [ms]<\/td>\n<td>8<\/td>\n<\/tr>\n<tr>\n<td>Cz\u0119stotliwo\u015b\u0107 od\u015bwie\u017cania obrazu [Hz]<\/td>\n<td>60<\/td>\n<\/tr>\n<tr>\n<td>Haze Level [%]<\/td>\n<td>Pro (28)<\/td>\n<\/tr>\n<tr>\n<td>Obs\u0142ugiwana orientacja obrazu<\/td>\n<td>Ekranem do g\u00f3ry <sup>2<\/sup>; Ekranem w\u00a0d\u00f3\u0142; Pionowa; Pozioma<\/td>\n<\/tr>\n<\/tbody>\n<\/table>\n<\/dd>\n<dt class=\"js-accordion__toggle accordion__toggle\">ROZDZIELCZO\u015a\u0106<\/dt>\n<dd class=\"js-accordion__content\">\n<table class=\"datalist datalist--divided-inset\">\n<tbody>\n<tr>\n<td>Rozdzielczo\u015b\u0107 natywna<\/td>\n<td>\n<div class=\"productSpecRes productSpecRes--columns\">3840 x 2160<\/div>\n<\/td>\n<\/tr>\n<tr>\n<td>Obs\u0142ugiwane przez wej\u015bcia cyfrowe i analogowe (PC)<\/td>\n<td>\n<div class=\"productSpecRes productSpecRes--columns\">1024 x 768; 1280 x 1024; 1360 x 768; 1366 x 768; 1400 x 1050; 1440 x 900; 1600 x 1200; 1920 x 1080; 1920 x 2160; 2560 x 1440; 2560 x 1600; 3840 x 2160; 4096 x 2160; 7680 x 4320<\/div>\n<\/td>\n<\/tr>\n<\/tbody>\n<\/table>\n<\/dd>\n<dt class=\"js-accordion__toggle accordion__toggle\">CZ\u0118STOTLIWO\u015a\u0106 SYNCHRONIZACJI<\/dt>\n<dd class=\"js-accordion__content\">\n<table class=\"datalist datalist--divided-inset\">\n<tbody>\n<tr>\n<td>Cz\u0119stotliwo\u015b\u0107 pozioma [kHz]<\/td>\n<td>15 &#8211; 135<\/td>\n<\/tr>\n<tr>\n<td>Cz\u0119stotliwo\u015b\u0107 pionowa [Hz]<\/td>\n<td>23 &#8211; 76<\/td>\n<\/tr>\n<\/tbody>\n<\/table>\n<\/dd>\n<dt class=\"js-accordion__toggle accordion__toggle\">MO\u017bLIWO\u015aCI POD\u0141\u0104CZANIA<\/dt>\n<dd class=\"js-accordion__content\">\n<table class=\"datalist datalist--divided-inset\">\n<tbody>\n<tr>\n<td>Wej\u015bcia wideo cyfrowe<\/td>\n<td>2 x DisplayPort (HDCP); 2 x HDMI (HDCP)<\/td>\n<\/tr>\n<tr>\n<td>Wej\u015bcia audio cyfrowe<\/td>\n<td>1 x Interfejs DisplayPort; 2 x HDMI<\/td>\n<\/tr>\n<tr>\n<td>Kontrola wej\u015bcia<\/td>\n<td>przew\u00f3d zdalnego sterowania (jack 3,5 mm); RS232; Sie\u0107 LAN 100 Mbit<\/td>\n<\/tr>\n<tr>\n<td>Input Data<\/td>\n<td>1 x USB 2.0 (Downstream); 1 x USB 2.0 (Powered 5V\/2A, Firmware Updates); 1 x USB 2.0 Type-B (Downstream)<\/td>\n<\/tr>\n<tr>\n<td>Wyj\u015bcia wideo cyfrowe<\/td>\n<td>1 x DisplayPort (loop through: DisplayPort, SDM slot-in PC); 1 x HDMI (loop through: HDMI, SDM slot-in PC)<\/td>\n<\/tr>\n<tr>\n<td>Wyj\u015bcia audio analogowe<\/td>\n<td>Z\u0142\u0105cze 1 x 3,5 mm<\/td>\n<\/tr>\n<tr>\n<td>Kontrola wyj\u015bcia<\/td>\n<td>1 x LAN 100Mbit<\/td>\n<\/tr>\n<tr>\n<td>Input Detect<\/td>\n<td>Custom; First; Last<\/td>\n<\/tr>\n<tr>\n<td>PiP\/PbP<\/td>\n<td>Dual-Split; Quad-Split; scalable picture size<\/td>\n<\/tr>\n<\/tbody>\n<\/table>\n<\/dd>\n<dt class=\"js-accordion__toggle accordion__toggle\">KALIBROWANIE<\/dt>\n<dd class=\"js-accordion__content\">\n<table class=\"datalist datalist--divided-inset\">\n<tbody>\n<tr>\n<td>Kalibracja fabryczna<\/td>\n<td>Gamma; Intensywno\u015b\u0107; Jednorodno\u015b\u0107; Punkt bieli; RGB<\/td>\n<\/tr>\n<tr>\n<td>Kalibracja przetwornika (przez USB)<\/td>\n<td>Kalibracja bez komputera PC przy pomocy czujnika USB MDSVSensor3; Kopia bieli (po autokalibracji)<\/td>\n<\/tr>\n<tr>\n<td>Kalibracja za pomoc\u0105 oprogramowania<\/td>\n<td>Aktualizacja kalibracji fabrycznej; Gamma; Intensywno\u015b\u0107; Jednorodno\u015b\u0107 w\u00a0naro\u017cnikach; Punkt bieli; RGB<\/td>\n<\/tr>\n<tr>\n<td>Oprogramowanie do kalibracji<\/td>\n<td>NEC Display Wall Calibrator<\/td>\n<\/tr>\n<\/tbody>\n<\/table>\n<\/dd>\n<dt class=\"js-accordion__toggle accordion__toggle\">OPEN MODULAR INTELLIGENCE<\/dt>\n<dd class=\"js-accordion__content\">\n<table class=\"datalist datalist--divided-inset\">\n<tbody>\n<tr>\n<td>Intel\u00ae SDM<\/td>\n<td>Mo\u017cliwo\u015b\u0107 zastosowania du\u017cych i ma\u0142ych (do 66\u00a0W) modu\u0142\u00f3w Intel\u00ae Smart Display<\/td>\n<\/tr>\n<tr>\n<td>Gniazdo mikrokomputera<\/td>\n<td>RPi Compute Module 4<\/td>\n<\/tr>\n<\/tbody>\n<\/table>\n<\/dd>\n<dt class=\"js-accordion__toggle accordion__toggle\">CZUJNIKI<\/dt>\n<dd class=\"js-accordion__content\">\n<table class=\"datalist datalist--divided-inset\">\n<tbody>\n<tr>\n<td>Czujnik nat\u0119\u017cenia o\u015bwietlenia w otoczeniu<\/td>\n<td>mo\u017cliwo\u015b\u0107 programowania uruchamianych dzia\u0142a\u0144<\/td>\n<\/tr>\n<tr>\n<td>Czujnik temperatury<\/td>\n<td>Wbudowany, liczba czujnik\u00f3w: 3, z\u00a0mo\u017cliwo\u015bci\u0105 programowania uruchamianych dzia\u0142a\u0144<\/td>\n<\/tr>\n<\/tbody>\n<\/table>\n<\/dd>\n<dt class=\"js-accordion__toggle accordion__toggle\">PARAMETRY ELEKTRYCZNE<\/dt>\n<dd class=\"js-accordion__content\">\n<table class=\"datalist datalist--divided-inset\">\n<tbody>\n<tr>\n<td>Pob\u00f3r mocy [W]<\/td>\n<td>105 wysy\u0142ka<\/td>\n<\/tr>\n<tr>\n<td>Tryb Power Save [W]<\/td>\n<td>&lt; 0.5; &lt; 2 (Networked Standby)<\/td>\n<\/tr>\n<tr>\n<td>Zarz\u0105dzanie energi\u0105<\/td>\n<td>VESA DPMS<\/td>\n<\/tr>\n<tr>\n<td>Zasilacz<\/td>\n<td>100-240 V AC; 50\/60 Hz; zintegrowany<\/td>\n<\/tr>\n<\/tbody>\n<\/table>\n<\/dd>\n<dt class=\"js-accordion__toggle accordion__toggle\">WARUNKI OTOCZENIA<\/dt>\n<dd class=\"js-accordion__content\">\n<table class=\"datalist datalist--divided-inset\">\n<tbody>\n<tr>\n<td>Temperatura otoczenia podczes pracy [\u00b0C]<\/td>\n<td>+0 to +40<\/td>\n<\/tr>\n<tr>\n<td>Wilgotno\u015b\u0107 otoczenia podczas pracy [%]<\/td>\n<td>20 to 80<\/td>\n<\/tr>\n<tr>\n<td>Wilgotno\u015b\u0107 otoczenia podczas przechowywania [%]<\/td>\n<td>10 do 90<\/td>\n<\/tr>\n<tr>\n<td>Temperatura otoczenia podczas przechowywania [\u00b0C]<\/td>\n<td>-20 do 60<\/td>\n<\/tr>\n<\/tbody>\n<\/table>\n<\/dd>\n<dt class=\"js-accordion__toggle accordion__toggle\">PARAMETRY MECHANICZNE<\/dt>\n<dd class=\"js-accordion__content\">\n<table class=\"datalist datalist--divided-inset\">\n<tbody>\n<tr>\n<td>Wymiary [mm]<\/td>\n<td>1\u00a0103,4 x 636,2 x 61,1<\/td>\n<\/tr>\n<tr>\n<td>Waga [kg]<\/td>\n<td>22.9<\/td>\n<\/tr>\n<tr>\n<td>Szeroko\u015b\u0107 ramki [mm]<\/td>\n<td>12 (g\u00f3ra); 12,5 (lewa\/prawa); 15,6 (d\u00f3\u0142)<\/td>\n<\/tr>\n<tr>\n<td>Mocowanie VESA [mm]<\/td>\n<td>300 x 300 (FDMI); 4 otwory; \u015bruby M6<\/td>\n<\/tr>\n<tr>\n<td>Stopie\u0144 ochrony<\/td>\n<td>IP5x (prz\u00f3d); IP2x (tyl)<\/td>\n<\/tr>\n<tr>\n<td>Wymiary opakowania (szer. x wys. x g\u0142\u0119b.) [mm]<\/td>\n<td>1,298 x 860 x 224<\/td>\n<\/tr>\n<tr>\n<td>Masa z\u00a0opakowaniem [kg]<\/td>\n<td>29.8<\/td>\n<\/tr>\n<tr>\n<td>Kolor ramki<\/td>\n<td>Pantone 426M (czarny)<\/td>\n<\/tr>\n<tr>\n<td>Materia\u0142<\/td>\n<td>Metal<\/td>\n<\/tr>\n<\/tbody>\n<\/table>\n<\/dd>\n<dt class=\"js-accordion__toggle accordion__toggle\">DOST\u0118PNE OPCJE<\/dt>\n<dd class=\"js-accordion__content\">\n<table class=\"datalist datalist--divided-inset\">\n<tbody>\n<tr>\n<td>Akcesoria<\/td>\n<td>G\u0142o\u015bnik (SP-RM3); Presence Sensor (KT-RC3); Soundbar (passive: SP-PSCM-IQ); Stopki (ST-43M); W\u00f3zek (PD04-Tipster Trolley); Zestaw do monta\u017cu na \u015bcianie (PDW S 32-65 L, PDW S 32-65 P)<\/td>\n<\/tr>\n<\/tbody>\n<\/table>\n<\/dd>\n<dt class=\"js-accordion__toggle accordion__toggle\">FUNKCJE EKO<\/dt>\n<dd class=\"js-accordion__content\">\n<table class=\"datalist datalist--divided-inset\">\n<tbody>\n<tr>\n<td>Wydajno\u015b\u0107 energetyczna<\/td>\n<td>Klasa efektywno\u015bci energetycznej: G; pod\u015bwietleniem LED; Zu\u017cycie energii: 106 kWh\/1000 godzin<\/td>\n<\/tr>\n<tr>\n<td>Normy ekologiczne<\/td>\n<td>EnergyStar 8.0<\/td>\n<\/tr>\n<\/tbody>\n<\/table>\n<\/dd>\n<dt class=\"js-accordion__toggle accordion__toggle\">DODATKOWE FUNKCJE<\/dt>\n<dd class=\"js-accordion__content\">\n<table class=\"datalist datalist--divided-inset\">\n<tbody>\n<tr>\n<td>Cechy Specjalne<\/td>\n<td>HDMI ARC; Powered USB Port (10 W); Removable Logo; Symulacja standardu DICOM<\/td>\n<\/tr>\n<tr>\n<td>Bezpiecze\u0144stwo i ergonomia<\/td>\n<td>BSMI; CE; EAC; EMC Class B; Energy Star 8; FCC Class B; KC\/KCC; PSB; RCM; RoHS; VCCI<\/td>\n<\/tr>\n<tr>\n<td>Klasa b\u0142\u0119d\u00f3w pikseli<\/td>\n<td>Klasa 1 wg ISO 9241-307<\/td>\n<\/tr>\n<tr>\n<td>G\u0142o\u015bniki<\/td>\n<td>Zintegrowany wzmacniacz audio (dla opcjonalnych g\u0142o\u015bnik\u00f3w do 2 x 15 W)<\/td>\n<\/tr>\n<tr>\n<td>Zawarto\u015b\u0107 opakowania<\/td>\n<td>2x baterie; Instrukcja konfiguracji; Kabel HDMI; Kabel zasilaj\u0105cy; Monitor; Pilot<\/td>\n<\/tr>\n<tr>\n<td>Gwarancja<\/td>\n<td>3 lata (w tym na pod\u015bwietlenie ekranu); dost\u0119pne dodatkowe us\u0142ugi; opcjonalne przed\u0142u\u017cenie gwarancji na 4. i\u00a05. rok <sup>3<\/sup><\/td>\n<\/tr>\n<tr>\n<td>Godziny pracy<\/td>\n<td>24\/7<\/td>\n<\/tr>\n<tr>\n<td>External Control<\/td>\n<td>AMX NetLinx Support; ASCII Control Commands; Crestron Connected; HDMI CEC; HTTP Browser; PJLink; Scheduled Timer; SNMP<\/td>\n<\/tr>\n<tr>\n<td>Remote Management<\/td>\n<td>Automated Email Alerts; NEC NaViSet Administrator 2<\/td>\n<\/tr>\n<tr>\n<td>Security<\/td>\n<td>Disable HW Buttons; Disable IR Functionality; Emergency Notification<\/td>\n<\/tr>\n<tr>\n<td>Resistance to Fire<\/td>\n<td>Metal backcover, plastic material certified acc. to UL94-5VB<\/td>\n<\/tr>\n<\/tbody>\n<\/table>\n<\/dd>\n<\/dl>\n","protected":false},"excerpt":{"rendered":"<div class=\"columns medium-6 product-features\">\n<table class=\"datalist datalist--divided-fullwidth\">\n<tbody>\n<tr>\n<td>Poziom antyrefleksyjny<\/td>\n<td>Pro<\/td>\n<\/tr>\n<tr>\n<td>Godziny pracy<\/td>\n<td>24\/7<\/td>\n<\/tr>\n<tr>\n<td>Jasno\u015b\u0107 [cd\/m\u00b2]<\/td>\n<td>700<\/td>\n<\/tr>\n<tr>\n<td>Rozdzielczo\u015b\u0107<\/td>\n<td>3840 x 2160<\/td>\n<\/tr>\n<tr>\n<td>Kod produktu<\/td>\n<td>60005049<\/td>\n<\/tr>\n<\/tbody>\n<\/table>\n<\/div>\n","protected":false},"featured_media":470,"template":"","meta":{"inline_featured_image":false,"neve_meta_sidebar":"","neve_meta_container":"","neve_meta_enable_content_width":"off","neve_meta_content_width":100,"neve_meta_title_alignment":"","neve_meta_author_avatar":"","neve_post_elements_order":"","neve_meta_disable_header":"","neve_meta_disable_footer":"","neve_meta_disable_title":""},"pwb-brand":[28],"product_cat":[22],"product_tag":[],"yoast_head":"<!-- This site is optimized with the Yoast SEO plugin v22.6 - https:\/\/yoast.com\/wordpress\/plugins\/seo\/ -->\n<title>NEC MultiSync\u00a0P495 - Monitor wielkoformatowy 49&quot; - Monitory Komercyjne Monitory komercyjne<\/title>\n<meta name=\"robots\" content=\"index, follow, max-snippet:-1, max-image-preview:large, max-video-preview:-1\" \/>\n<link rel=\"canonical\" href=\"https:\/\/monitorykomercyjne.pl\/index.php\/produkt\/nec-multisync-p495-monitor-wielkoformatowy-49\/\" \/>\n<meta property=\"og:locale\" content=\"pl_PL\" \/>\n<meta property=\"og:type\" content=\"article\" \/>\n<meta property=\"og:title\" content=\"NEC MultiSync\u00a0P495 - Monitor wielkoformatowy 49&quot; - Monitory Komercyjne Monitory komercyjne\" \/>\n<meta property=\"og:description\" content=\"Poziom antyrefleksyjny Pro   Godziny pracy 24\/7   Jasno\u015b\u0107 [cd\/m\u00b2] 700   Rozdzielczo\u015b\u0107 3840 x 2160   Kod produktu 60005049\" \/>\n<meta property=\"og:url\" content=\"https:\/\/monitorykomercyjne.pl\/index.php\/produkt\/nec-multisync-p495-monitor-wielkoformatowy-49\/\" \/>\n<meta property=\"og:site_name\" content=\"Monitory Komercyjne\" \/>\n<meta property=\"article:modified_time\" content=\"2024-05-09T07:39:52+00:00\" \/>\n<meta property=\"og:image\" content=\"https:\/\/monitorykomercyjne.pl\/wp-content\/uploads\/2024\/03\/NEC-MultiSync-P4951.jpg\" \/>\n\t<meta property=\"og:image:width\" content=\"1600\" \/>\n\t<meta property=\"og:image:height\" content=\"1200\" \/>\n\t<meta property=\"og:image:type\" content=\"image\/jpeg\" \/>\n<meta name=\"twitter:card\" content=\"summary_large_image\" \/>\n<meta name=\"twitter:label1\" content=\"Szacowany czas czytania\" \/>\n\t<meta name=\"twitter:data1\" content=\"5 minut\" \/>\n<script type=\"application\/ld+json\" class=\"yoast-schema-graph\">{\"@context\":\"https:\/\/schema.org\",\"@graph\":[{\"@type\":\"WebPage\",\"@id\":\"https:\/\/monitorykomercyjne.pl\/index.php\/produkt\/nec-multisync-p495-monitor-wielkoformatowy-49\/\",\"url\":\"https:\/\/monitorykomercyjne.pl\/index.php\/produkt\/nec-multisync-p495-monitor-wielkoformatowy-49\/\",\"name\":\"NEC MultiSync\u00a0P495 - Monitor wielkoformatowy 49\\\" - Monitory Komercyjne Monitory komercyjne\",\"isPartOf\":{\"@id\":\"https:\/\/monitorykomercyjne.pl\/#website\"},\"primaryImageOfPage\":{\"@id\":\"https:\/\/monitorykomercyjne.pl\/index.php\/produkt\/nec-multisync-p495-monitor-wielkoformatowy-49\/#primaryimage\"},\"image\":{\"@id\":\"https:\/\/monitorykomercyjne.pl\/index.php\/produkt\/nec-multisync-p495-monitor-wielkoformatowy-49\/#primaryimage\"},\"thumbnailUrl\":\"https:\/\/monitorykomercyjne.pl\/wp-content\/uploads\/2024\/03\/NEC-MultiSync-P4951.jpg\",\"datePublished\":\"2024-03-04T09:31:35+00:00\",\"dateModified\":\"2024-05-09T07:39:52+00:00\",\"breadcrumb\":{\"@id\":\"https:\/\/monitorykomercyjne.pl\/index.php\/produkt\/nec-multisync-p495-monitor-wielkoformatowy-49\/#breadcrumb\"},\"inLanguage\":\"pl-PL\",\"potentialAction\":[{\"@type\":\"ReadAction\",\"target\":[\"https:\/\/monitorykomercyjne.pl\/index.php\/produkt\/nec-multisync-p495-monitor-wielkoformatowy-49\/\"]}]},{\"@type\":\"ImageObject\",\"inLanguage\":\"pl-PL\",\"@id\":\"https:\/\/monitorykomercyjne.pl\/index.php\/produkt\/nec-multisync-p495-monitor-wielkoformatowy-49\/#primaryimage\",\"url\":\"https:\/\/monitorykomercyjne.pl\/wp-content\/uploads\/2024\/03\/NEC-MultiSync-P4951.jpg\",\"contentUrl\":\"https:\/\/monitorykomercyjne.pl\/wp-content\/uploads\/2024\/03\/NEC-MultiSync-P4951.jpg\",\"width\":1600,\"height\":1200},{\"@type\":\"BreadcrumbList\",\"@id\":\"https:\/\/monitorykomercyjne.pl\/index.php\/produkt\/nec-multisync-p495-monitor-wielkoformatowy-49\/#breadcrumb\",\"itemListElement\":[{\"@type\":\"ListItem\",\"position\":1,\"name\":\"Strona g\u0142\u00f3wna\",\"item\":\"https:\/\/monitorykomercyjne.pl\/\"},{\"@type\":\"ListItem\",\"position\":2,\"name\":\"Produkty\",\"item\":\"https:\/\/monitorykomercyjne.pl\/index.php\/produkty\/\"},{\"@type\":\"ListItem\",\"position\":3,\"name\":\"NEC MultiSync\u00a0P495 &#8211; Monitor wielkoformatowy 49&#8243;\"}]},{\"@type\":\"WebSite\",\"@id\":\"https:\/\/monitorykomercyjne.pl\/#website\",\"url\":\"https:\/\/monitorykomercyjne.pl\/\",\"name\":\"Monitory Komercyjne\",\"description\":\"\",\"potentialAction\":[{\"@type\":\"SearchAction\",\"target\":{\"@type\":\"EntryPoint\",\"urlTemplate\":\"https:\/\/monitorykomercyjne.pl\/?s={search_term_string}\"},\"query-input\":\"required name=search_term_string\"}],\"inLanguage\":\"pl-PL\"}]}<\/script>\n<!-- \/ Yoast SEO plugin. -->","yoast_head_json":{"title":"NEC MultiSync\u00a0P495 - Monitor wielkoformatowy 49\" - Monitory Komercyjne Monitory komercyjne","robots":{"index":"index","follow":"follow","max-snippet":"max-snippet:-1","max-image-preview":"max-image-preview:large","max-video-preview":"max-video-preview:-1"},"canonical":"https:\/\/monitorykomercyjne.pl\/index.php\/produkt\/nec-multisync-p495-monitor-wielkoformatowy-49\/","og_locale":"pl_PL","og_type":"article","og_title":"NEC MultiSync\u00a0P495 - Monitor wielkoformatowy 49\" - Monitory Komercyjne Monitory komercyjne","og_description":"Poziom antyrefleksyjny Pro   Godziny pracy 24\/7   Jasno\u015b\u0107 [cd\/m\u00b2] 700   Rozdzielczo\u015b\u0107 3840 x 2160   Kod produktu 60005049","og_url":"https:\/\/monitorykomercyjne.pl\/index.php\/produkt\/nec-multisync-p495-monitor-wielkoformatowy-49\/","og_site_name":"Monitory Komercyjne","article_modified_time":"2024-05-09T07:39:52+00:00","og_image":[{"width":1600,"height":1200,"url":"https:\/\/monitorykomercyjne.pl\/wp-content\/uploads\/2024\/03\/NEC-MultiSync-P4951.jpg","type":"image\/jpeg"}],"twitter_card":"summary_large_image","twitter_misc":{"Szacowany czas czytania":"5 minut"},"schema":{"@context":"https:\/\/schema.org","@graph":[{"@type":"WebPage","@id":"https:\/\/monitorykomercyjne.pl\/index.php\/produkt\/nec-multisync-p495-monitor-wielkoformatowy-49\/","url":"https:\/\/monitorykomercyjne.pl\/index.php\/produkt\/nec-multisync-p495-monitor-wielkoformatowy-49\/","name":"NEC MultiSync\u00a0P495 - Monitor wielkoformatowy 49\" - Monitory Komercyjne Monitory komercyjne","isPartOf":{"@id":"https:\/\/monitorykomercyjne.pl\/#website"},"primaryImageOfPage":{"@id":"https:\/\/monitorykomercyjne.pl\/index.php\/produkt\/nec-multisync-p495-monitor-wielkoformatowy-49\/#primaryimage"},"image":{"@id":"https:\/\/monitorykomercyjne.pl\/index.php\/produkt\/nec-multisync-p495-monitor-wielkoformatowy-49\/#primaryimage"},"thumbnailUrl":"https:\/\/monitorykomercyjne.pl\/wp-content\/uploads\/2024\/03\/NEC-MultiSync-P4951.jpg","datePublished":"2024-03-04T09:31:35+00:00","dateModified":"2024-05-09T07:39:52+00:00","breadcrumb":{"@id":"https:\/\/monitorykomercyjne.pl\/index.php\/produkt\/nec-multisync-p495-monitor-wielkoformatowy-49\/#breadcrumb"},"inLanguage":"pl-PL","potentialAction":[{"@type":"ReadAction","target":["https:\/\/monitorykomercyjne.pl\/index.php\/produkt\/nec-multisync-p495-monitor-wielkoformatowy-49\/"]}]},{"@type":"ImageObject","inLanguage":"pl-PL","@id":"https:\/\/monitorykomercyjne.pl\/index.php\/produkt\/nec-multisync-p495-monitor-wielkoformatowy-49\/#primaryimage","url":"https:\/\/monitorykomercyjne.pl\/wp-content\/uploads\/2024\/03\/NEC-MultiSync-P4951.jpg","contentUrl":"https:\/\/monitorykomercyjne.pl\/wp-content\/uploads\/2024\/03\/NEC-MultiSync-P4951.jpg","width":1600,"height":1200},{"@type":"BreadcrumbList","@id":"https:\/\/monitorykomercyjne.pl\/index.php\/produkt\/nec-multisync-p495-monitor-wielkoformatowy-49\/#breadcrumb","itemListElement":[{"@type":"ListItem","position":1,"name":"Strona g\u0142\u00f3wna","item":"https:\/\/monitorykomercyjne.pl\/"},{"@type":"ListItem","position":2,"name":"Produkty","item":"https:\/\/monitorykomercyjne.pl\/index.php\/produkty\/"},{"@type":"ListItem","position":3,"name":"NEC MultiSync\u00a0P495 &#8211; Monitor wielkoformatowy 49&#8243;"}]},{"@type":"WebSite","@id":"https:\/\/monitorykomercyjne.pl\/#website","url":"https:\/\/monitorykomercyjne.pl\/","name":"Monitory Komercyjne","description":"","potentialAction":[{"@type":"SearchAction","target":{"@type":"EntryPoint","urlTemplate":"https:\/\/monitorykomercyjne.pl\/?s={search_term_string}"},"query-input":"required name=search_term_string"}],"inLanguage":"pl-PL"}]}},"brands":[{"id":28,"name":"SharpNEC","slug":"sharpnec"}],"_links":{"self":[{"href":"https:\/\/monitorykomercyjne.pl\/index.php\/wp-json\/wp\/v2\/product\/469"}],"collection":[{"href":"https:\/\/monitorykomercyjne.pl\/index.php\/wp-json\/wp\/v2\/product"}],"about":[{"href":"https:\/\/monitorykomercyjne.pl\/index.php\/wp-json\/wp\/v2\/types\/product"}],"wp:featuredmedia":[{"embeddable":true,"href":"https:\/\/monitorykomercyjne.pl\/index.php\/wp-json\/wp\/v2\/media\/470"}],"wp:attachment":[{"href":"https:\/\/monitorykomercyjne.pl\/index.php\/wp-json\/wp\/v2\/media?parent=469"}],"wp:term":[{"taxonomy":"pwb-brand","embeddable":true,"href":"https:\/\/monitorykomercyjne.pl\/index.php\/wp-json\/wp\/v2\/pwb-brand?post=469"},{"taxonomy":"product_cat","embeddable":true,"href":"https:\/\/monitorykomercyjne.pl\/index.php\/wp-json\/wp\/v2\/product_cat?post=469"},{"taxonomy":"product_tag","embeddable":true,"href":"https:\/\/monitorykomercyjne.pl\/index.php\/wp-json\/wp\/v2\/product_tag?post=469"}],"curies":[{"name":"wp","href":"https:\/\/api.w.org\/{rel}","templated":true}]}}