{"id":475,"date":"2024-03-04T10:42:27","date_gmt":"2024-03-04T09:42:27","guid":{"rendered":"https:\/\/monitorykomercyjne.pl\/?post_type=product&#038;p=475"},"modified":"2024-05-09T09:39:52","modified_gmt":"2024-05-09T07:39:52","slug":"nec-multisync-p555-monitor-wielkoformatowy-55","status":"publish","type":"product","link":"https:\/\/monitorykomercyjne.pl\/index.php\/produkt\/nec-multisync-p555-monitor-wielkoformatowy-55\/","title":{"rendered":"NEC MultiSync\u00a0E498 &#8211; Monitor wielkoformatowy 49&#8243;"},"content":{"rendered":"<section id=\"overview\" class=\"row\">\n<div class=\"columns medium-6\">\n<p><!-- ossproductdescstart --><\/p>\n<p><b>Potrzebne funkcje po wymarzonej cenie<\/b><\/p>\n<p>Dzi\u0119ki serii\u00a0E z\u00a0profesjonalnymi rozwi\u0105zaniami na potrzeby zastosowa\u0144 niskobud\u017cetowych domowe telewizory nieprzystosowane do tego typu u\u017cytkowania przestaj\u0105 by\u0107 atrakcyjn\u0105 alternatyw\u0105. Urz\u0105dzenia z\u00a0serii\u00a0E zaprojektowano pod k\u0105tem rygor\u00f3w zastosowa\u0144 komercyjnych, przez co zapewniaj\u0105 potrzebne funkcje i\u00a0niezawodno\u015b\u0107, przy jednoczesnym zachowaniu przyst\u0119pnej ceny.<\/p>\n<p>Zintegrowany odtwarzacz MediaPlayer obs\u0142uguje natywn\u0105 rozdzielczo\u015b\u0107 UHD oraz tryb szerokiego zakresu dynamiki HDR, gwarantuje g\u0142\u0119boki kontrast i\u00a0naturalny wygl\u0105d tre\u015bci odtwarzanych r\u00f3wnie\u017c przy u\u017cyciu funkcji autoodtwarzania. Dzi\u0119ki wyeliminowaniu dodatkowych kabli, zewn\u0119trznych urz\u0105dze\u0144 i\u00a0program\u00f3w do obs\u0142ugi tre\u015bci informacyjno-reklamowych odtwarzacz USB MediaPlayer sta\u0142 si\u0119 prostym, bezproblemowym, i profesjonalnym rozwi\u0105zaniem. Jednocze\u015bnie 10-watowy interfejs USB umo\u017cliwia pod\u0142\u0105czanie urz\u0105dze\u0144 zewn\u0119trznych, je\u015bli potrzebna jest\u00a0dodatkowa moc obliczeniowa.<\/p>\n<p>Wej\u015bcia s\u0105 wykrywane automatycznie, a\u00a0dodatkowo mo\u017cna \u0142atwo prze\u0142\u0105cza\u0107 si\u0119 mi\u0119dzy \u017ar\u00f3d\u0142ami HDMI, tak aby b\u0142yskawicznie uruchamia\u0107 system w\u00a0salach konferencyjnych. Mened\u017cerowie obiekt\u00f3w z\u00a0zadowoleniem odkryj\u0105 mo\u017cliwo\u015b\u0107 zdalnego sterowania cyfrowymi instalacjami przez sie\u0107 przy zastosowaniu zintegrowanych funkcji sieci LAN oraz NEC NaviSet Administrator\u00a02. Dlatego seria\u00a0E doskonale odpowiada na potrzeby korporacyjnych sal konferencyjnych oraz podstawowych cyfrowych zastosowa\u0144 informacyjno-reklamowych.<\/p>\n<p><!-- ossproductdescend --><\/p>\n<\/div>\n<div class=\"columns medium-6\">\n<h3>Korzy\u015bci<\/h3>\n<ul>\n<li><b>Cienka konstrukcja i\u00a0wbudowane g\u0142o\u015bniki <\/b> \u2013estetyczna konstrukcja jest przyjemna dla oka i\u00a0pozwala na prost\u0105 instalacj\u0119 po niskich kosztach.<\/li>\n<li><b>Mo\u017cliwo\u015b\u0107 pod\u0142\u0105czania przysz\u0142ych technologii <\/b> \u2013urz\u0105dzenie jest wyposa\u017cone w\u00a0wiele cyfrowych i\u00a0analogowych wej\u015b\u0107 sygna\u0142owych stanowi\u0105cych standard bran\u017cowy, co gwarantuje elastyczn\u0105 integracj\u0119 z\u00a0infrastrukturami AV.<\/li>\n<li><b>Bezproblemowe odtwarzanie tre\u015bci<\/b> \u2013wbudowany odtwarzacz multimedi\u00f3w z\u00a0USB obs\u0142uguje r\u00f3\u017cne formaty plik\u00f3w graficznych i\u00a0wideo, gwarantuj\u0105c bezproblemowe odtwarzanie tre\u015bci przy u\u017cyciu\u00a0samodzielnego urz\u0105dzenia.<\/li>\n<li><b>Profesjonalna integracja<\/b> \u2013monitor wzbogacony o\u00a0podstawowe funkcje RS232, obs\u0142ug\u0119 podczerwieni oraz blokad\u0119 przycisk\u00f3w, jak r\u00f3wnie\u017c cyfrowe wyj\u015bcie audio S\/PDIF, mo\u017cna \u0142atwo integrowa\u0107 w\u00a0profesjonalnych systemach wykorzystywanych w\u00a0miejscach publicznych.<\/li>\n<li><b>Samodzielna praca<\/b> \u2013monitor zaprojektowano tak, aby m\u00f3g\u0142 pracowa\u0107 jako samodzielne urz\u0105dzenie, wyposa\u017caj\u0105c go w\u00a0zintegrowany odtwarzacz multimedi\u00f3w z\u00a0USB, g\u0142o\u015bniki oraz funkcje planowania.<\/li>\n<\/ul>\n<\/div>\n<\/section>\n<dl id=\"speciList\" class=\"js-accordion\">\n<dt class=\"js-accordion__toggle accordion__toggle\">WY\u015aWIETLACZ<\/dt>\n<dd class=\"js-accordion__content\">\n<table class=\"datalist datalist--divided-inset\">\n<tbody>\n<tr>\n<td>Rodzaj panelu<\/td>\n<td>IPS z\u00a0pod\u015bwietleniem Direct LED<\/td>\n<\/tr>\n<tr>\n<td>U\u017cyteczna powierzchnia [cale\/cm]<\/td>\n<td>1,073.8 x 604<\/td>\n<\/tr>\n<tr>\n<td>Wielko\u015b\u0107 ekranu [cale\/cm]<\/td>\n<td>48.5 \/ 123.2<\/td>\n<\/tr>\n<tr>\n<td>Proporcje obrazu<\/td>\n<td>16:9<\/td>\n<\/tr>\n<tr>\n<td>Rozmiar plamki [mm]<\/td>\n<td>0.280<\/td>\n<\/tr>\n<tr>\n<td>Jasno\u015b\u0107 [cd\/m\u00b2]<\/td>\n<td>400<\/td>\n<\/tr>\n<tr>\n<td>Kontrast<\/td>\n<td>1200:1<\/td>\n<\/tr>\n<tr>\n<td>K\u0105ty widzenia [\u00b0]<\/td>\n<td>178 poziomo \/ 178 pionowo (CR 10:1)<\/td>\n<\/tr>\n<tr>\n<td>Colour Depth [bn]<\/td>\n<td>1.073 (10bit)<\/td>\n<\/tr>\n<tr>\n<td>Czas reakcji [ms]<\/td>\n<td>8<\/td>\n<\/tr>\n<tr>\n<td>Cz\u0119stotliwo\u015b\u0107 od\u015bwie\u017cania obrazu [Hz]<\/td>\n<td>60<\/td>\n<\/tr>\n<tr>\n<td>Haze Level [%]<\/td>\n<td>Standard (1)<\/td>\n<\/tr>\n<tr>\n<td>Obs\u0142ugiwana orientacja obrazu<\/td>\n<td>Pionowa; Pozioma<\/td>\n<\/tr>\n<\/tbody>\n<\/table>\n<\/dd>\n<dt class=\"js-accordion__toggle accordion__toggle\">ROZDZIELCZO\u015a\u0106<\/dt>\n<dd class=\"js-accordion__content\">\n<table class=\"datalist datalist--divided-inset\">\n<tbody>\n<tr>\n<td>Rozdzielczo\u015b\u0107 natywna<\/td>\n<td>\n<div class=\"productSpecRes productSpecRes--columns\">3840 x 2160<\/div>\n<\/td>\n<\/tr>\n<tr>\n<td>Obs\u0142ugiwane przez wej\u015bcia cyfrowe i analogowe (PC)<\/td>\n<td>\n<div class=\"productSpecRes productSpecRes--columns\">1280 x 720; 1920 x 1080; 1920 x 1200; 3840 x 2160; 4096 x 2160; 640 x 480; 720 x 480; 720 x 576<\/div>\n<\/td>\n<\/tr>\n<\/tbody>\n<\/table>\n<\/dd>\n<dt class=\"js-accordion__toggle accordion__toggle\">CZ\u0118STOTLIWO\u015a\u0106 SYNCHRONIZACJI<\/dt>\n<dd class=\"js-accordion__content\">\n<table class=\"datalist datalist--divided-inset\">\n<tbody>\n<tr>\n<td>Cz\u0119stotliwo\u015b\u0107 pozioma [kHz]<\/td>\n<td>15 &#8211; 136<\/td>\n<\/tr>\n<tr>\n<td>Cz\u0119stotliwo\u015b\u0107 pionowa [Hz]<\/td>\n<td>24 &#8211; 75<\/td>\n<\/tr>\n<\/tbody>\n<\/table>\n<\/dd>\n<dt class=\"js-accordion__toggle accordion__toggle\">MO\u017bLIWO\u015aCI POD\u0141\u0104CZANIA<\/dt>\n<dd class=\"js-accordion__content\">\n<table class=\"datalist datalist--divided-inset\">\n<tbody>\n<tr>\n<td>Wej\u015bcia wideo analogowe<\/td>\n<td>1 x VGA; Component (RCA); Composite (RCA)<\/td>\n<\/tr>\n<tr>\n<td>Wej\u015bcia wideo cyfrowe<\/td>\n<td>3 x HDMI<\/td>\n<\/tr>\n<tr>\n<td>Wej\u015bcia audio analogowe<\/td>\n<td>1 x 3,5 mm jack<\/td>\n<\/tr>\n<tr>\n<td>Wej\u015bcia audio cyfrowe<\/td>\n<td>3 x HDMI<\/td>\n<\/tr>\n<tr>\n<td>Kontrola wej\u015bcia<\/td>\n<td>RS232; Sie\u0107 LAN 100 Mbit<\/td>\n<\/tr>\n<tr>\n<td>Input Data<\/td>\n<td>1 x USB 2.0 (MediaPlayer); 1 x USB Typ-C (5V\/3A, power for external devices)<\/td>\n<\/tr>\n<tr>\n<td>Wyj\u015bcia audio analogowe<\/td>\n<td>Z\u0142\u0105cze 1 x 3,5 mm<\/td>\n<\/tr>\n<tr>\n<td>Cyfrowe wyj\u015bcie audio<\/td>\n<td>1 x SPDIF<\/td>\n<\/tr>\n<tr>\n<td>Funkcje pilota<\/td>\n<td>Remote Control IR; RS-232C (9-pin D-sub) Input<\/td>\n<\/tr>\n<\/tbody>\n<\/table>\n<\/dd>\n<dt class=\"js-accordion__toggle accordion__toggle\">CZUJNIKI<\/dt>\n<dd class=\"js-accordion__content\">\n<table class=\"datalist datalist--divided-inset\">\n<tbody>\n<tr>\n<td>Czujnik nat\u0119\u017cenia o\u015bwietlenia w otoczeniu<\/td>\n<td>mo\u017cliwo\u015b\u0107 programowania uruchamianych dzia\u0142a\u0144<\/td>\n<\/tr>\n<tr>\n<td>Czujnik temperatury<\/td>\n<td>Wbudowany, liczba czujnik\u00f3w: 1, z\u00a0mo\u017cliwo\u015bci\u0105 programowania uruchamianych dzia\u0142a\u0144<\/td>\n<\/tr>\n<\/tbody>\n<\/table>\n<\/dd>\n<dt class=\"js-accordion__toggle accordion__toggle\">PARAMETRY ELEKTRYCZNE<\/dt>\n<dd class=\"js-accordion__content\">\n<table class=\"datalist datalist--divided-inset\">\n<tbody>\n<tr>\n<td>Pob\u00f3r mocy [W]<\/td>\n<td>109 wysy\u0142ka<\/td>\n<\/tr>\n<tr>\n<td>Tryb Power Save [W]<\/td>\n<td>&lt; 0.5; &lt; 2 (Networked Standby)<\/td>\n<\/tr>\n<tr>\n<td>Zasilacz<\/td>\n<td>100-240 V AC; 50\/60 Hz; zintegrowany<\/td>\n<\/tr>\n<\/tbody>\n<\/table>\n<\/dd>\n<dt class=\"js-accordion__toggle accordion__toggle\">WARUNKI OTOCZENIA<\/dt>\n<dd class=\"js-accordion__content\">\n<table class=\"datalist datalist--divided-inset\">\n<tbody>\n<tr>\n<td>Temperatura otoczenia podczes pracy [\u00b0C]<\/td>\n<td>+0 to +40<\/td>\n<\/tr>\n<tr>\n<td>Wilgotno\u015b\u0107 otoczenia podczas pracy [%]<\/td>\n<td>10 to 80<\/td>\n<\/tr>\n<tr>\n<td>Wilgotno\u015b\u0107 otoczenia podczas przechowywania [%]<\/td>\n<td>5 do 85<\/td>\n<\/tr>\n<tr>\n<td>Temperatura otoczenia podczas przechowywania [\u00b0C]<\/td>\n<td>-10 do +60<\/td>\n<\/tr>\n<\/tbody>\n<\/table>\n<\/dd>\n<dt class=\"js-accordion__toggle accordion__toggle\">PARAMETRY MECHANICZNE<\/dt>\n<dd class=\"js-accordion__content\">\n<table class=\"datalist datalist--divided-inset\">\n<tbody>\n<tr>\n<td>Wymiary [mm]<\/td>\n<td>Bez n\u00f3\u017cek: 1\u00a0102,8 x 634 x 71,6<\/td>\n<\/tr>\n<tr>\n<td>Waga [kg]<\/td>\n<td>Bez n\u00f3\u017cek: 12,4<\/td>\n<\/tr>\n<tr>\n<td>Szeroko\u015b\u0107 ramki [mm]<\/td>\n<td>12,5 (prawa, lewa i\u00a0g\u00f3ra); 13,9 (d\u00f3\u0142)<\/td>\n<\/tr>\n<tr>\n<td>Mocowanie VESA [mm]<\/td>\n<td>4 otwory; 400 x 200 (FDMI); \u015bruby M6<\/td>\n<\/tr>\n<\/tbody>\n<\/table>\n<\/dd>\n<dt class=\"js-accordion__toggle accordion__toggle\">MEDIAPLAYER<\/dt>\n<dd class=\"js-accordion__content\">\n<table class=\"datalist datalist--divided-inset\">\n<tbody>\n<tr>\n<td>Supported File Storage \/ File System<\/td>\n<td>USB 2.0 \/ FAT16, FAT32<\/td>\n<\/tr>\n<tr>\n<td>Supported Image Formats<\/td>\n<td>JPG (baseline, progressive, RGB, CMYK); max. resolution 15360 x 8640<\/td>\n<\/tr>\n<tr>\n<td>Supported Video Formats<\/td>\n<td>MPG (MPEG1\/2\/4, max res 1080p@30Hz); MP4 (MPEG2\/4, H.263, H.264, HEVC\/H.265, max res 3840&#215;2160@60Hz); TS (MPEG2, H.264, HEVC\/H.265, max res 3840&#215;2160@60Hz); audio: LPCM, MP3, AAC; WMV (video H.264, Windows Media Video 9, max res 1080p@30Hz, audio WMA 9, WMA 10 Pro)<\/td>\n<\/tr>\n<tr>\n<td>Supported Audio Formats<\/td>\n<td>MP3 (MP3); max. bit-rate 320 kBit\/s<\/td>\n<\/tr>\n<\/tbody>\n<\/table>\n<\/dd>\n<dt class=\"js-accordion__toggle accordion__toggle\">DOST\u0118PNE OPCJE<\/dt>\n<dd class=\"js-accordion__content\">\n<table class=\"datalist datalist--divided-inset\">\n<tbody>\n<tr>\n<td>Akcesoria<\/td>\n<td>Stopki (ST-32E2); W\u00f3zek (PDMHM-L); Zestaw do monta\u017cu na \u015bcianie (PDW S 32-55L)<\/td>\n<\/tr>\n<\/tbody>\n<\/table>\n<\/dd>\n<dt class=\"js-accordion__toggle accordion__toggle\">FUNKCJE EKO<\/dt>\n<dd class=\"js-accordion__content\">\n<table class=\"datalist datalist--divided-inset\">\n<tbody>\n<tr>\n<td>Wydajno\u015b\u0107 energetyczna<\/td>\n<td>Klasa efektywno\u015bci energetycznej: G; pod\u015bwietleniem LED; Zu\u017cycie energii: 77 kWh\/1000 godzin<\/td>\n<\/tr>\n<tr>\n<td>Normy ekologiczne<\/td>\n<td>EnergyStar 8.0<\/td>\n<\/tr>\n<\/tbody>\n<\/table>\n<\/dd>\n<dt class=\"js-accordion__toggle accordion__toggle\">DODATKOWE FUNKCJE<\/dt>\n<dd class=\"js-accordion__content\">\n<table class=\"datalist datalist--divided-inset\">\n<tbody>\n<tr>\n<td>Cechy Specjalne<\/td>\n<td>CEC Support; Czujnik nat\u0119\u017cenia o\u015bwietlenia w otoczeniu; Display Browser Control; HDMI with UHD at 60 Hz; HDR Gamma Support (HLG, PQ); Kompatybilno\u015b\u0107 z systemami Mac i Windows; Mo\u017cliwo\u015b\u0107 regulacji temperatury barwowej; NaViSet Administrator 2; Powered USB-Port; Scheduler (funkcja planowania w\u0142\u0105czania\/wy\u0142\u0105czania); SNMP Support; Tryb obrazu dla punkt\u00f3w handlowych; Tryb przegl\u0105dania obraz\u00f3w z oszcz\u0119dzaniem energii; USB Media Player; Ustawienia d\u017awi\u0119ku z\u00a0korektorem<\/td>\n<\/tr>\n<tr>\n<td>Bezpiecze\u0144stwo i ergonomia<\/td>\n<td>EMC Class B; Energy Star 8; FCC; PSB; RCM; T\u00dcV GS; UL\/C-UL; VCCI<\/td>\n<\/tr>\n<tr>\n<td>G\u0142o\u015bniki<\/td>\n<td>Integrated Speakers (10 W + 10 W)<\/td>\n<\/tr>\n<tr>\n<td>Zawarto\u015b\u0107 opakowania<\/td>\n<td>2x baterie; Instrukcja konfiguracji; Kabel HDMI; Kabel zasilaj\u0105cy; Monitor; Pilot<\/td>\n<\/tr>\n<tr>\n<td>Gwarancja<\/td>\n<td>3 lata (w tym na pod\u015bwietlenie ekranu)<\/td>\n<\/tr>\n<tr>\n<td>Godziny pracy<\/td>\n<td>16\/7<\/td>\n<\/tr>\n<\/tbody>\n<\/table>\n<\/dd>\n<\/dl>\n","protected":false},"excerpt":{"rendered":"<div class=\"columns medium-6 product-features\">\n<table class=\"datalist datalist--divided-fullwidth\">\n<tbody>\n<tr>\n<td>Poziom antyrefleksyjny <\/td>\n<td>Standard<\/td>\n<\/tr>\n<tr>\n<td>Godziny pracy<\/td>\n<td>16\/7<\/td>\n<\/tr>\n<tr>\n<td>Jasno\u015b\u0107  [cd\/m\u00b2]<\/td>\n<td>400<\/td>\n<\/tr>\n<tr>\n<td>Rozdzielczo\u015b\u0107<\/td>\n<td>3840 x 2160<\/td>\n<\/tr>\n<tr>\n<td>Kod produktu<\/td>\n<td>60005052<\/td>\n<\/tr>\n<\/tbody>\n<\/table>\n<\/div>\n","protected":false},"featured_media":476,"template":"","meta":{"inline_featured_image":false,"neve_meta_sidebar":"","neve_meta_container":"","neve_meta_enable_content_width":"off","neve_meta_content_width":100,"neve_meta_title_alignment":"","neve_meta_author_avatar":"","neve_post_elements_order":"","neve_meta_disable_header":"","neve_meta_disable_footer":"","neve_meta_disable_title":""},"pwb-brand":[28],"product_cat":[22],"product_tag":[],"yoast_head":"<!-- This site is optimized with the Yoast SEO plugin v22.6 - https:\/\/yoast.com\/wordpress\/plugins\/seo\/ -->\n<title>NEC MultiSync\u00a0E498 - Monitor wielkoformatowy 49&quot; - Monitory Komercyjne Monitory komercyjne<\/title>\n<meta name=\"robots\" content=\"index, follow, max-snippet:-1, max-image-preview:large, max-video-preview:-1\" \/>\n<link rel=\"canonical\" href=\"https:\/\/monitorykomercyjne.pl\/index.php\/produkt\/nec-multisync-p555-monitor-wielkoformatowy-55\/\" \/>\n<meta property=\"og:locale\" content=\"pl_PL\" \/>\n<meta property=\"og:type\" content=\"article\" \/>\n<meta property=\"og:title\" content=\"NEC MultiSync\u00a0E498 - Monitor wielkoformatowy 49&quot; - Monitory Komercyjne Monitory komercyjne\" \/>\n<meta property=\"og:description\" content=\"Poziom antyrefleksyjny StandardGodziny pracy16\/7Jasno\u015b\u0107 [cd\/m\u00b2]400Rozdzielczo\u015b\u01073840 x 2160Kod produktu60005052\" \/>\n<meta property=\"og:url\" content=\"https:\/\/monitorykomercyjne.pl\/index.php\/produkt\/nec-multisync-p555-monitor-wielkoformatowy-55\/\" \/>\n<meta property=\"og:site_name\" content=\"Monitory Komercyjne\" \/>\n<meta property=\"article:modified_time\" content=\"2024-05-09T07:39:52+00:00\" \/>\n<meta property=\"og:image\" content=\"https:\/\/monitorykomercyjne.pl\/wp-content\/uploads\/2024\/03\/NEC-MultiSync-E4982.jpg\" \/>\n\t<meta property=\"og:image:width\" content=\"1600\" \/>\n\t<meta property=\"og:image:height\" content=\"1200\" \/>\n\t<meta property=\"og:image:type\" content=\"image\/jpeg\" \/>\n<meta name=\"twitter:card\" content=\"summary_large_image\" \/>\n<meta name=\"twitter:label1\" content=\"Szacowany czas czytania\" \/>\n\t<meta name=\"twitter:data1\" content=\"4 minuty\" \/>\n<script type=\"application\/ld+json\" class=\"yoast-schema-graph\">{\"@context\":\"https:\/\/schema.org\",\"@graph\":[{\"@type\":\"WebPage\",\"@id\":\"https:\/\/monitorykomercyjne.pl\/index.php\/produkt\/nec-multisync-p555-monitor-wielkoformatowy-55\/\",\"url\":\"https:\/\/monitorykomercyjne.pl\/index.php\/produkt\/nec-multisync-p555-monitor-wielkoformatowy-55\/\",\"name\":\"NEC MultiSync\u00a0E498 - Monitor wielkoformatowy 49\\\" - Monitory Komercyjne Monitory komercyjne\",\"isPartOf\":{\"@id\":\"https:\/\/monitorykomercyjne.pl\/#website\"},\"primaryImageOfPage\":{\"@id\":\"https:\/\/monitorykomercyjne.pl\/index.php\/produkt\/nec-multisync-p555-monitor-wielkoformatowy-55\/#primaryimage\"},\"image\":{\"@id\":\"https:\/\/monitorykomercyjne.pl\/index.php\/produkt\/nec-multisync-p555-monitor-wielkoformatowy-55\/#primaryimage\"},\"thumbnailUrl\":\"https:\/\/monitorykomercyjne.pl\/wp-content\/uploads\/2024\/03\/NEC-MultiSync-E4982.jpg\",\"datePublished\":\"2024-03-04T09:42:27+00:00\",\"dateModified\":\"2024-05-09T07:39:52+00:00\",\"breadcrumb\":{\"@id\":\"https:\/\/monitorykomercyjne.pl\/index.php\/produkt\/nec-multisync-p555-monitor-wielkoformatowy-55\/#breadcrumb\"},\"inLanguage\":\"pl-PL\",\"potentialAction\":[{\"@type\":\"ReadAction\",\"target\":[\"https:\/\/monitorykomercyjne.pl\/index.php\/produkt\/nec-multisync-p555-monitor-wielkoformatowy-55\/\"]}]},{\"@type\":\"ImageObject\",\"inLanguage\":\"pl-PL\",\"@id\":\"https:\/\/monitorykomercyjne.pl\/index.php\/produkt\/nec-multisync-p555-monitor-wielkoformatowy-55\/#primaryimage\",\"url\":\"https:\/\/monitorykomercyjne.pl\/wp-content\/uploads\/2024\/03\/NEC-MultiSync-E4982.jpg\",\"contentUrl\":\"https:\/\/monitorykomercyjne.pl\/wp-content\/uploads\/2024\/03\/NEC-MultiSync-E4982.jpg\",\"width\":1600,\"height\":1200},{\"@type\":\"BreadcrumbList\",\"@id\":\"https:\/\/monitorykomercyjne.pl\/index.php\/produkt\/nec-multisync-p555-monitor-wielkoformatowy-55\/#breadcrumb\",\"itemListElement\":[{\"@type\":\"ListItem\",\"position\":1,\"name\":\"Strona g\u0142\u00f3wna\",\"item\":\"https:\/\/monitorykomercyjne.pl\/\"},{\"@type\":\"ListItem\",\"position\":2,\"name\":\"Produkty\",\"item\":\"https:\/\/monitorykomercyjne.pl\/index.php\/produkty\/\"},{\"@type\":\"ListItem\",\"position\":3,\"name\":\"NEC MultiSync\u00a0E498 &#8211; Monitor wielkoformatowy 49&#8243;\"}]},{\"@type\":\"WebSite\",\"@id\":\"https:\/\/monitorykomercyjne.pl\/#website\",\"url\":\"https:\/\/monitorykomercyjne.pl\/\",\"name\":\"Monitory Komercyjne\",\"description\":\"\",\"potentialAction\":[{\"@type\":\"SearchAction\",\"target\":{\"@type\":\"EntryPoint\",\"urlTemplate\":\"https:\/\/monitorykomercyjne.pl\/?s={search_term_string}\"},\"query-input\":\"required name=search_term_string\"}],\"inLanguage\":\"pl-PL\"}]}<\/script>\n<!-- \/ Yoast SEO plugin. -->","yoast_head_json":{"title":"NEC MultiSync\u00a0E498 - Monitor wielkoformatowy 49\" - Monitory Komercyjne Monitory komercyjne","robots":{"index":"index","follow":"follow","max-snippet":"max-snippet:-1","max-image-preview":"max-image-preview:large","max-video-preview":"max-video-preview:-1"},"canonical":"https:\/\/monitorykomercyjne.pl\/index.php\/produkt\/nec-multisync-p555-monitor-wielkoformatowy-55\/","og_locale":"pl_PL","og_type":"article","og_title":"NEC MultiSync\u00a0E498 - Monitor wielkoformatowy 49\" - Monitory Komercyjne Monitory komercyjne","og_description":"Poziom antyrefleksyjny StandardGodziny pracy16\/7Jasno\u015b\u0107 [cd\/m\u00b2]400Rozdzielczo\u015b\u01073840 x 2160Kod produktu60005052","og_url":"https:\/\/monitorykomercyjne.pl\/index.php\/produkt\/nec-multisync-p555-monitor-wielkoformatowy-55\/","og_site_name":"Monitory Komercyjne","article_modified_time":"2024-05-09T07:39:52+00:00","og_image":[{"width":1600,"height":1200,"url":"https:\/\/monitorykomercyjne.pl\/wp-content\/uploads\/2024\/03\/NEC-MultiSync-E4982.jpg","type":"image\/jpeg"}],"twitter_card":"summary_large_image","twitter_misc":{"Szacowany czas czytania":"4 minuty"},"schema":{"@context":"https:\/\/schema.org","@graph":[{"@type":"WebPage","@id":"https:\/\/monitorykomercyjne.pl\/index.php\/produkt\/nec-multisync-p555-monitor-wielkoformatowy-55\/","url":"https:\/\/monitorykomercyjne.pl\/index.php\/produkt\/nec-multisync-p555-monitor-wielkoformatowy-55\/","name":"NEC MultiSync\u00a0E498 - Monitor wielkoformatowy 49\" - Monitory Komercyjne Monitory komercyjne","isPartOf":{"@id":"https:\/\/monitorykomercyjne.pl\/#website"},"primaryImageOfPage":{"@id":"https:\/\/monitorykomercyjne.pl\/index.php\/produkt\/nec-multisync-p555-monitor-wielkoformatowy-55\/#primaryimage"},"image":{"@id":"https:\/\/monitorykomercyjne.pl\/index.php\/produkt\/nec-multisync-p555-monitor-wielkoformatowy-55\/#primaryimage"},"thumbnailUrl":"https:\/\/monitorykomercyjne.pl\/wp-content\/uploads\/2024\/03\/NEC-MultiSync-E4982.jpg","datePublished":"2024-03-04T09:42:27+00:00","dateModified":"2024-05-09T07:39:52+00:00","breadcrumb":{"@id":"https:\/\/monitorykomercyjne.pl\/index.php\/produkt\/nec-multisync-p555-monitor-wielkoformatowy-55\/#breadcrumb"},"inLanguage":"pl-PL","potentialAction":[{"@type":"ReadAction","target":["https:\/\/monitorykomercyjne.pl\/index.php\/produkt\/nec-multisync-p555-monitor-wielkoformatowy-55\/"]}]},{"@type":"ImageObject","inLanguage":"pl-PL","@id":"https:\/\/monitorykomercyjne.pl\/index.php\/produkt\/nec-multisync-p555-monitor-wielkoformatowy-55\/#primaryimage","url":"https:\/\/monitorykomercyjne.pl\/wp-content\/uploads\/2024\/03\/NEC-MultiSync-E4982.jpg","contentUrl":"https:\/\/monitorykomercyjne.pl\/wp-content\/uploads\/2024\/03\/NEC-MultiSync-E4982.jpg","width":1600,"height":1200},{"@type":"BreadcrumbList","@id":"https:\/\/monitorykomercyjne.pl\/index.php\/produkt\/nec-multisync-p555-monitor-wielkoformatowy-55\/#breadcrumb","itemListElement":[{"@type":"ListItem","position":1,"name":"Strona g\u0142\u00f3wna","item":"https:\/\/monitorykomercyjne.pl\/"},{"@type":"ListItem","position":2,"name":"Produkty","item":"https:\/\/monitorykomercyjne.pl\/index.php\/produkty\/"},{"@type":"ListItem","position":3,"name":"NEC MultiSync\u00a0E498 &#8211; Monitor wielkoformatowy 49&#8243;"}]},{"@type":"WebSite","@id":"https:\/\/monitorykomercyjne.pl\/#website","url":"https:\/\/monitorykomercyjne.pl\/","name":"Monitory Komercyjne","description":"","potentialAction":[{"@type":"SearchAction","target":{"@type":"EntryPoint","urlTemplate":"https:\/\/monitorykomercyjne.pl\/?s={search_term_string}"},"query-input":"required name=search_term_string"}],"inLanguage":"pl-PL"}]}},"brands":[{"id":28,"name":"SharpNEC","slug":"sharpnec"}],"_links":{"self":[{"href":"https:\/\/monitorykomercyjne.pl\/index.php\/wp-json\/wp\/v2\/product\/475"}],"collection":[{"href":"https:\/\/monitorykomercyjne.pl\/index.php\/wp-json\/wp\/v2\/product"}],"about":[{"href":"https:\/\/monitorykomercyjne.pl\/index.php\/wp-json\/wp\/v2\/types\/product"}],"wp:featuredmedia":[{"embeddable":true,"href":"https:\/\/monitorykomercyjne.pl\/index.php\/wp-json\/wp\/v2\/media\/476"}],"wp:attachment":[{"href":"https:\/\/monitorykomercyjne.pl\/index.php\/wp-json\/wp\/v2\/media?parent=475"}],"wp:term":[{"taxonomy":"pwb-brand","embeddable":true,"href":"https:\/\/monitorykomercyjne.pl\/index.php\/wp-json\/wp\/v2\/pwb-brand?post=475"},{"taxonomy":"product_cat","embeddable":true,"href":"https:\/\/monitorykomercyjne.pl\/index.php\/wp-json\/wp\/v2\/product_cat?post=475"},{"taxonomy":"product_tag","embeddable":true,"href":"https:\/\/monitorykomercyjne.pl\/index.php\/wp-json\/wp\/v2\/product_tag?post=475"}],"curies":[{"name":"wp","href":"https:\/\/api.w.org\/{rel}","templated":true}]}}