{"id":488,"date":"2024-03-04T11:32:43","date_gmt":"2024-03-04T10:32:43","guid":{"rendered":"https:\/\/monitorykomercyjne.pl\/?post_type=product&#038;p=488"},"modified":"2024-05-09T09:39:51","modified_gmt":"2024-05-09T07:39:51","slug":"nec-multisync-me651-monitor-wielkoformatowy-65","status":"publish","type":"product","link":"https:\/\/monitorykomercyjne.pl\/index.php\/produkt\/nec-multisync-me651-monitor-wielkoformatowy-65\/","title":{"rendered":"NEC MultiSync\u00a0ME651 &#8211; Monitor wielkoformatowy 65&#8243;"},"content":{"rendered":"<section id=\"overview\" class=\"row\">\n<div class=\"columns medium-6\">\n<p><!-- ossproductdescstart --><\/p>\n<p><b>Droga do digitalizacji<\/b><\/p>\n<p>Seria\u00a0ME \u0142\u0105cz\u0105ca profesjonalny zestaw funkcji z\u00a0wysok\u0105 niezawodno\u015bci\u0105 marki NEC, przy zachowaniu bardzo atrakcyjnej ceny, stanowi perfekcyjne rozwi\u0105zanie pozwalaj\u0105ce przenie\u015b\u0107 tre\u015bci informacyjno-reklamowe do domeny cyfrowej. Niezawodno\u015b\u0107 i\u00a0d\u0142ugofalowe utrzymanie parametr\u00f3w zapewni\u0107 mog\u0105 tylko wy\u015bwietlacze klasy komercyjnej, a\u00a0seria\u00a0ME wyznacza operatorom biznesowym o\u00a0mniejszym bud\u017cecie drog\u0119 modernizacji do profesjonalnych system\u00f3w informacyjno-reklamowych bez wymagania specjalistycznych kompetencji.<\/p>\n<p>Urz\u0105dzenia serii\u00a0ME s\u0105 dostarczane ze zintegrowanym odtwarzaczem USB MediaPlayer. Ta fabryczna opcja odtwarzania tre\u015bci mo\u017ce by\u0107 dodatkowo \u0142atwo usprawniona dzi\u0119ki modu\u0142owej konstrukcji stosowanej przez firm\u0119 NEC. Elastyczno\u015b\u0107 systemu pozwala tworzy\u0107, planowa\u0107 i\u00a0nadawa\u0107 specjalistyczne tre\u015bci informacyjno-reklamowe w\u00a0taki spos\u00f3b, \u017ce przekaz jest zawsze na czasie. Dost\u0119pne orientacje poziome i\u00a0pionowe oraz mo\u017cliwo\u015b\u0107 ci\u0105g\u0142ej pracy przez nawet 18\u00a0godzin sprawiaj\u0105, \u017ce lokalni sprzedawcy, w\u0142a\u015bciciele restauracji i\u00a0drobni przedsi\u0119biorcy mog\u0105 dostarcza\u0107 swoim klientom dynamiczne reklamy i\u00a0tre\u015bci inforozrywkowe, ca\u0142y czas korzystaj\u0105c z\u00a0wydajno\u015bci zapewnianej przez digitalizacj\u0119.<\/p>\n<p><!-- ossproductdescend --><\/p>\n<\/div>\n<div class=\"columns medium-6\">\n<h3>Korzy\u015bci<\/h3>\n<ul>\n<li><b>Nowoczesny, smuk\u0142y wygl\u0105d<\/b> \u2013solidny i\u00a0jednocze\u015bnie elegancki wygl\u0105d sprawia, \u017ce monitor idealnie scala si\u0119 z\u00a0ka\u017cdym zastosowaniem i\u00a0otoczeniem.<\/li>\n<li><b>Bezpieczne zarz\u0105dzanie zdalne<\/b> \u2013urz\u0105dzeniami mo\u017cna sterowa\u0107 zdalnie w\u00a0bezpieczny spos\u00f3b przy u\u017cyciu oprogramowania NEC NaviSet Administrator\u00a02; proaktywne zarz\u0105dzanie wymogami konserwacyjnymi zapewnia oszcz\u0119dno\u015b\u0107 czasu i\u00a0zasob\u00f3w<\/li>\n<li><b>\u0141atwo\u015b\u0107 u\u017cytkowania i\u00a0obs\u0142ugi<\/b> \u2013Inteligentne funkcje instalacji, obs\u0142ugi i\u00a0konserwacji pozwalaj\u0105 na uzyskanie sta\u0142ych osi\u0105g\u00f3w przez ca\u0142y czas eksploatacji urz\u0105dzenia, daj\u0105c oszcz\u0119dno\u015b\u0107 czasu, wysi\u0142ku i\u00a0zasob\u00f3w.<\/li>\n<li><b>Mo\u017cliwo\u015b\u0107 pod\u0142\u0105czania przysz\u0142ych technologii <\/b> \u2013urz\u0105dzenie jest wyposa\u017cone w\u00a0wiele cyfrowych i\u00a0analogowych wej\u015b\u0107 sygna\u0142owych stanowi\u0105cych standard bran\u017cowy, co gwarantuje elastyczn\u0105 integracj\u0119 z\u00a0infrastrukturami AV.<\/li>\n<li><b>Bezproblemowe odtwarzanie tre\u015bci<\/b> \u2013wbudowany odtwarzacz multimedi\u00f3w z\u00a0USB obs\u0142uguje r\u00f3\u017cne formaty plik\u00f3w graficznych i\u00a0wideo, gwarantuj\u0105c bezproblemowe odtwarzanie tre\u015bci przy u\u017cyciu\u00a0samodzielnego urz\u0105dzenia.<\/li>\n<\/ul>\n<\/div>\n<\/section>\n<dl id=\"speciList\" class=\"js-accordion\">\n<dt class=\"js-accordion__toggle accordion__toggle\">WY\u015aWIETLACZ<\/dt>\n<dd class=\"js-accordion__content\">\n<table class=\"datalist datalist--divided-inset\">\n<tbody>\n<tr>\n<td>Rodzaj panelu<\/td>\n<td>IPS z\u00a0pod\u015bwietleniem Direct LED<\/td>\n<\/tr>\n<tr>\n<td>Wielko\u015b\u0107 ekranu [cale\/cm]<\/td>\n<td>65 \/ 163.9<\/td>\n<\/tr>\n<tr>\n<td>Proporcje obrazu<\/td>\n<td>16:9<\/td>\n<\/tr>\n<tr>\n<td>Jasno\u015b\u0107 [cd\/m\u00b2]<\/td>\n<td>400<\/td>\n<\/tr>\n<tr>\n<td>Contrast Ratio<\/td>\n<td>\u2265 8000:1 <sup>1<\/sup><\/td>\n<\/tr>\n<tr>\n<td>K\u0105ty widzenia [\u00b0]<\/td>\n<td>178 poziomo \/ 178 pionowo (CR 10:1)<\/td>\n<\/tr>\n<tr>\n<td>Colour Depth [bn]<\/td>\n<td>1.073 (8bit + FRC)<\/td>\n<\/tr>\n<tr>\n<td>HDR<\/td>\n<td>HDR10; HLG; PQ<\/td>\n<\/tr>\n<tr>\n<td>Czas reakcji [ms]<\/td>\n<td>6<\/td>\n<\/tr>\n<tr>\n<td>Cz\u0119stotliwo\u015b\u0107 od\u015bwie\u017cania obrazu [Hz]<\/td>\n<td>60<\/td>\n<\/tr>\n<tr>\n<td>Haze Level [%]<\/td>\n<td>Standard (1)<\/td>\n<\/tr>\n<tr>\n<td>Obs\u0142ugiwana orientacja obrazu<\/td>\n<td>Pionowa; Pozioma<\/td>\n<\/tr>\n<\/tbody>\n<\/table>\n<\/dd>\n<dt class=\"js-accordion__toggle accordion__toggle\">ROZDZIELCZO\u015a\u0106<\/dt>\n<dd class=\"js-accordion__content\">\n<table class=\"datalist datalist--divided-inset\">\n<tbody>\n<tr>\n<td>Rozdzielczo\u015b\u0107 natywna<\/td>\n<td>\n<div class=\"productSpecRes productSpecRes--columns\">3840 x 2160<\/div>\n<\/td>\n<\/tr>\n<tr>\n<td>Obs\u0142ugiwane przez wej\u015bcia cyfrowe i analogowe (PC)<\/td>\n<td>\n<div class=\"productSpecRes productSpecRes--columns\">1024 x 768; 1280 x 1024; 1280 x 720; 1360 x 768; 1366 x 768; 1400 x 1050; 1440 x 900; 1600 x 1200; 1650 x 1050; 1920 x 1080; 1920 x 1200; 1920 x 2160; 3840 x 2160; 4096 x 2160<\/div>\n<\/td>\n<\/tr>\n<\/tbody>\n<\/table>\n<\/dd>\n<dt class=\"js-accordion__toggle accordion__toggle\">CZ\u0118STOTLIWO\u015a\u0106 SYNCHRONIZACJI<\/dt>\n<dd class=\"js-accordion__content\">\n<table class=\"datalist datalist--divided-inset\">\n<tbody>\n<tr>\n<td>Cz\u0119stotliwo\u015b\u0107 pozioma [kHz]<\/td>\n<td>26 &#8211; 135<\/td>\n<\/tr>\n<tr>\n<td>Cz\u0119stotliwo\u015b\u0107 pionowa [Hz]<\/td>\n<td>23 &#8211; 86<\/td>\n<\/tr>\n<\/tbody>\n<\/table>\n<\/dd>\n<dt class=\"js-accordion__toggle accordion__toggle\">MO\u017bLIWO\u015aCI POD\u0141\u0104CZANIA<\/dt>\n<dd class=\"js-accordion__content\">\n<table class=\"datalist datalist--divided-inset\">\n<tbody>\n<tr>\n<td>Wej\u015bcia wideo cyfrowe<\/td>\n<td>1 x DisplayPort (HDCP); 2 x HDMI (HDCP)<\/td>\n<\/tr>\n<tr>\n<td>Wej\u015bcia audio cyfrowe<\/td>\n<td>1 x Interfejs DisplayPort; 2 x HDMI<\/td>\n<\/tr>\n<tr>\n<td>Kontrola wej\u015bcia<\/td>\n<td>przew\u00f3d zdalnego sterowania (jack 3,5 mm); RS232; Sie\u0107 LAN 100 Mbit<\/td>\n<\/tr>\n<tr>\n<td>Input Data<\/td>\n<td>1 x USB 2.0 (MediaPlayer)<\/td>\n<\/tr>\n<tr>\n<td>Wyj\u015bcia audio analogowe<\/td>\n<td>Z\u0142\u0105cze 1 x 3,5 mm<\/td>\n<\/tr>\n<tr>\n<td>Input Detect<\/td>\n<td>Custom; First; Last<\/td>\n<\/tr>\n<\/tbody>\n<\/table>\n<\/dd>\n<dt class=\"js-accordion__toggle accordion__toggle\">OPEN MODULAR INTELLIGENCE<\/dt>\n<dd class=\"js-accordion__content\">\n<table class=\"datalist datalist--divided-inset\">\n<tbody>\n<tr>\n<td>Intel\u00ae SDM<\/td>\n<td>Mo\u017cliwo\u015b\u0107 zastosowania du\u017cych i ma\u0142ych (do 66\u00a0W) modu\u0142\u00f3w Intel\u00ae Smart Display<\/td>\n<\/tr>\n<tr>\n<td>Gniazdo mikrokomputera<\/td>\n<td>RPi Compute Module 4<\/td>\n<\/tr>\n<\/tbody>\n<\/table>\n<\/dd>\n<dt class=\"js-accordion__toggle accordion__toggle\">CZUJNIKI<\/dt>\n<dd class=\"js-accordion__content\">\n<table class=\"datalist datalist--divided-inset\">\n<tbody>\n<tr>\n<td>Czujnik temperatury<\/td>\n<td>Wbudowany, liczba czujnik\u00f3w: 3, z\u00a0mo\u017cliwo\u015bci\u0105 programowania uruchamianych dzia\u0142a\u0144<\/td>\n<\/tr>\n<\/tbody>\n<\/table>\n<\/dd>\n<dt class=\"js-accordion__toggle accordion__toggle\">PARAMETRY ELEKTRYCZNE<\/dt>\n<dd class=\"js-accordion__content\">\n<table class=\"datalist datalist--divided-inset\">\n<tbody>\n<tr>\n<td>Pob\u00f3r mocy [W]<\/td>\n<td>165 wysy\u0142ka<\/td>\n<\/tr>\n<tr>\n<td>Tryb Power Save [W]<\/td>\n<td>&lt; 0.5; &lt; 2 (Networked Standby)<\/td>\n<\/tr>\n<tr>\n<td>Zarz\u0105dzanie energi\u0105<\/td>\n<td>VESA DPMS<\/td>\n<\/tr>\n<tr>\n<td>Zasilacz<\/td>\n<td>100-240 V AC; 50\/60 Hz; zintegrowany<\/td>\n<\/tr>\n<\/tbody>\n<\/table>\n<\/dd>\n<dt class=\"js-accordion__toggle accordion__toggle\">WARUNKI OTOCZENIA<\/dt>\n<dd class=\"js-accordion__content\">\n<table class=\"datalist datalist--divided-inset\">\n<tbody>\n<tr>\n<td>Temperatura otoczenia podczes pracy [\u00b0C]<\/td>\n<td>+0 to +40<\/td>\n<\/tr>\n<tr>\n<td>Wilgotno\u015b\u0107 otoczenia podczas pracy [%]<\/td>\n<td>20 to 80<\/td>\n<\/tr>\n<tr>\n<td>Wilgotno\u015b\u0107 otoczenia podczas przechowywania [%]<\/td>\n<td>10 do 90<\/td>\n<\/tr>\n<tr>\n<td>Temperatura otoczenia podczas przechowywania [\u00b0C]<\/td>\n<td>-20 do 60<\/td>\n<\/tr>\n<\/tbody>\n<\/table>\n<\/dd>\n<dt class=\"js-accordion__toggle accordion__toggle\">PARAMETRY MECHANICZNE<\/dt>\n<dd class=\"js-accordion__content\">\n<table class=\"datalist datalist--divided-inset\">\n<tbody>\n<tr>\n<td>Wymiary [mm]<\/td>\n<td>1\u00a0462,3 x 837,3 x 68,1<\/td>\n<\/tr>\n<tr>\n<td>Waga [kg]<\/td>\n<td>29.4<\/td>\n<\/tr>\n<tr>\n<td>Szeroko\u015b\u0107 ramki [mm]<\/td>\n<td>14,9<\/td>\n<\/tr>\n<tr>\n<td>Mocowanie VESA [mm]<\/td>\n<td>4 otwory; 400 x 400 (FDMI); \u015bruby M8<\/td>\n<\/tr>\n<tr>\n<td>Stopie\u0144 ochrony<\/td>\n<td>IP5x (prz\u00f3d); IP2x (tyl)<\/td>\n<\/tr>\n<tr>\n<td>Wymiary opakowania (szer. x wys. x g\u0142\u0119b.) [mm]<\/td>\n<td>1,736 x 1,033 x 280<\/td>\n<\/tr>\n<tr>\n<td>Masa z\u00a0opakowaniem [kg]<\/td>\n<td>41.7<\/td>\n<\/tr>\n<tr>\n<td>Kolor ramki<\/td>\n<td>Pantone 426M (czarny)<\/td>\n<\/tr>\n<tr>\n<td>Materia\u0142<\/td>\n<td>Metal<\/td>\n<\/tr>\n<\/tbody>\n<\/table>\n<\/dd>\n<dt class=\"js-accordion__toggle accordion__toggle\">MEDIAPLAYER<\/dt>\n<dd class=\"js-accordion__content\">\n<table class=\"datalist datalist--divided-inset\">\n<tbody>\n<tr>\n<td>Supported File Storage \/ File System<\/td>\n<td>USB 2.0 \/ FAT16, FAT32<\/td>\n<\/tr>\n<tr>\n<td>Supported Image Formats<\/td>\n<td>JPG (baseline, progressive, RGB, CMYK); max. resolution 15360 x 8640<\/td>\n<\/tr>\n<tr>\n<td>Supported Video Formats<\/td>\n<td>MPG (MPEG1\/2\/4, max res 1080p@30Hz); MP4 (MPEG2\/4, H.263, H.264, HEVC\/H.265, max res 3840&#215;2160@60Hz); TS (MPEG2, H.264, HEVC\/H.265, max res 3840&#215;2160@60Hz); audio: LPCM, MP3, AAC; WMV (video H.264, Windows Media Video 9, max res 1080p@30Hz, audio WMA 9, WMA 10 Pro)<\/td>\n<\/tr>\n<tr>\n<td>Supported Audio Formats<\/td>\n<td>MP3 (MP3); max. bit-rate 320 kBit\/s<\/td>\n<\/tr>\n<\/tbody>\n<\/table>\n<\/dd>\n<dt class=\"js-accordion__toggle accordion__toggle\">DOST\u0118PNE OPCJE<\/dt>\n<dd class=\"js-accordion__content\">\n<table class=\"datalist datalist--divided-inset\">\n<tbody>\n<tr>\n<td>Akcesoria<\/td>\n<td>G\u0142o\u015bnik (SP-RM3a); MPi4 NEC MediaPlayer Kit; Presence Sensor (KT-RC3); Soundbar (active: SP-ASCM-IQ2 \/ SP-ASCM-2); Stopki (ST-65M); W\u00f3zek (PD04-Tipster Trolley); Zestaw do monta\u017cu na \u015bcianie (PDW S 32-65 L, PDW S 32-65 P)<\/td>\n<\/tr>\n<\/tbody>\n<\/table>\n<\/dd>\n<dt class=\"js-accordion__toggle accordion__toggle\">FUNKCJE EKO<\/dt>\n<dd class=\"js-accordion__content\">\n<table class=\"datalist datalist--divided-inset\">\n<tbody>\n<tr>\n<td>Wydajno\u015b\u0107 energetyczna<\/td>\n<td>Klasa efektywno\u015bci energetycznej: G; pod\u015bwietleniem LED; Zu\u017cycie energii: 156 kWh\/1000 godzin<\/td>\n<\/tr>\n<tr>\n<td>Normy ekologiczne<\/td>\n<td>EnergyStar 8.0<\/td>\n<\/tr>\n<\/tbody>\n<\/table>\n<\/dd>\n<dt class=\"js-accordion__toggle accordion__toggle\">DODATKOWE FUNKCJE<\/dt>\n<dd class=\"js-accordion__content\">\n<table class=\"datalist datalist--divided-inset\">\n<tbody>\n<tr>\n<td>Cechy Specjalne<\/td>\n<td>HDMI ARC; Powered USB Port (10 W); Removable Logo; Symulacja standardu DICOM<\/td>\n<\/tr>\n<tr>\n<td>Bezpiecze\u0144stwo i ergonomia<\/td>\n<td>BSMI; CE; EAC; EMC Class B; Energy Star 8; FCC Class B; KC\/KCC; PSB; RCM; RoHS; VCCI<\/td>\n<\/tr>\n<tr>\n<td>Klasa b\u0142\u0119d\u00f3w pikseli<\/td>\n<td>Klasa 1 wg ISO 9241-307<\/td>\n<\/tr>\n<tr>\n<td>G\u0142o\u015bniki<\/td>\n<td>Integrated Speakers (10 W + 10 W)<\/td>\n<\/tr>\n<tr>\n<td>Zawarto\u015b\u0107 opakowania<\/td>\n<td>2x baterie; Instrukcja konfiguracji; Kabel HDMI; Kabel zasilaj\u0105cy; Monitor; Pilot<\/td>\n<\/tr>\n<tr>\n<td>Gwarancja<\/td>\n<td>3 lata (w tym na pod\u015bwietlenie ekranu); dost\u0119pne dodatkowe us\u0142ugi; opcjonalne przed\u0142u\u017cenie gwarancji na 4. i\u00a05. rok <sup>2<\/sup><\/td>\n<\/tr>\n<tr>\n<td>Godziny pracy<\/td>\n<td>18\/7<\/td>\n<\/tr>\n<tr>\n<td>External Control<\/td>\n<td>AMX NetLinx Support; ASCII Control Commands; Crestron Connected; HDMI CEC; HTTP Browser; PJLink; Scheduled Timer; Scheduled Timer; SNMP<\/td>\n<\/tr>\n<tr>\n<td>Remote Management<\/td>\n<td>Automated Email Alerts; NEC NaViSet Administrator 2<\/td>\n<\/tr>\n<tr>\n<td>Security<\/td>\n<td>Disable HW Buttons; Disable IR Functionality; Emergency Notification<\/td>\n<\/tr>\n<tr>\n<td>Resistance to Fire<\/td>\n<td>Metal backcover, plastic material certified acc. to UL94-5VB<\/td>\n<\/tr>\n<\/tbody>\n<\/table>\n<\/dd>\n<\/dl>\n","protected":false},"excerpt":{"rendered":"<div class=\"columns medium-6 product-features\">\n<table class=\"datalist datalist--divided-fullwidth\">\n<tbody>\n<tr>\n<td>Poziom antyrefleksyjny <\/td>\n<td>Standard<\/td>\n<\/tr>\n<tr>\n<td>Godziny pracy<\/td>\n<td>18\/7<\/td>\n<\/tr>\n<tr>\n<td>Jasno\u015b\u0107  [cd\/m\u00b2]<\/td>\n<td>400<\/td>\n<\/tr>\n<tr>\n<td>Rozdzielczo\u015b\u0107<\/td>\n<td>3840 x 2160<\/td>\n<\/tr>\n<tr>\n<td>Kod produktu<\/td>\n<td>60005062<\/td>\n<\/tr>\n<\/tbody>\n<\/table>\n<\/div>\n","protected":false},"featured_media":489,"template":"","meta":{"inline_featured_image":false,"neve_meta_sidebar":"","neve_meta_container":"","neve_meta_enable_content_width":"off","neve_meta_content_width":100,"neve_meta_title_alignment":"","neve_meta_author_avatar":"","neve_post_elements_order":"","neve_meta_disable_header":"","neve_meta_disable_footer":"","neve_meta_disable_title":""},"pwb-brand":[28],"product_cat":[22],"product_tag":[],"yoast_head":"<!-- This site is optimized with the Yoast SEO plugin v22.6 - https:\/\/yoast.com\/wordpress\/plugins\/seo\/ -->\n<title>NEC MultiSync\u00a0ME651 - Monitor wielkoformatowy 65&quot; - Monitory Komercyjne Monitory komercyjne<\/title>\n<meta name=\"robots\" content=\"index, follow, max-snippet:-1, max-image-preview:large, max-video-preview:-1\" \/>\n<link rel=\"canonical\" href=\"https:\/\/monitorykomercyjne.pl\/index.php\/produkt\/nec-multisync-me651-monitor-wielkoformatowy-65\/\" \/>\n<meta property=\"og:locale\" content=\"pl_PL\" \/>\n<meta property=\"og:type\" content=\"article\" \/>\n<meta property=\"og:title\" content=\"NEC MultiSync\u00a0ME651 - Monitor wielkoformatowy 65&quot; - Monitory Komercyjne Monitory komercyjne\" \/>\n<meta property=\"og:description\" content=\"Poziom antyrefleksyjny StandardGodziny pracy18\/7Jasno\u015b\u0107 [cd\/m\u00b2]400Rozdzielczo\u015b\u01073840 x 2160Kod produktu60005062\" \/>\n<meta property=\"og:url\" content=\"https:\/\/monitorykomercyjne.pl\/index.php\/produkt\/nec-multisync-me651-monitor-wielkoformatowy-65\/\" \/>\n<meta property=\"og:site_name\" content=\"Monitory Komercyjne\" \/>\n<meta property=\"article:modified_time\" content=\"2024-05-09T07:39:51+00:00\" \/>\n<meta property=\"og:image\" content=\"https:\/\/monitorykomercyjne.pl\/wp-content\/uploads\/2024\/03\/NEC-MultiSync-ME6511.jpg\" \/>\n\t<meta property=\"og:image:width\" content=\"1600\" \/>\n\t<meta property=\"og:image:height\" content=\"1200\" \/>\n\t<meta property=\"og:image:type\" content=\"image\/jpeg\" \/>\n<meta name=\"twitter:card\" content=\"summary_large_image\" \/>\n<meta name=\"twitter:label1\" content=\"Szacowany czas czytania\" \/>\n\t<meta name=\"twitter:data1\" content=\"4 minuty\" \/>\n<script type=\"application\/ld+json\" class=\"yoast-schema-graph\">{\"@context\":\"https:\/\/schema.org\",\"@graph\":[{\"@type\":\"WebPage\",\"@id\":\"https:\/\/monitorykomercyjne.pl\/index.php\/produkt\/nec-multisync-me651-monitor-wielkoformatowy-65\/\",\"url\":\"https:\/\/monitorykomercyjne.pl\/index.php\/produkt\/nec-multisync-me651-monitor-wielkoformatowy-65\/\",\"name\":\"NEC MultiSync\u00a0ME651 - Monitor wielkoformatowy 65\\\" - Monitory Komercyjne Monitory komercyjne\",\"isPartOf\":{\"@id\":\"https:\/\/monitorykomercyjne.pl\/#website\"},\"primaryImageOfPage\":{\"@id\":\"https:\/\/monitorykomercyjne.pl\/index.php\/produkt\/nec-multisync-me651-monitor-wielkoformatowy-65\/#primaryimage\"},\"image\":{\"@id\":\"https:\/\/monitorykomercyjne.pl\/index.php\/produkt\/nec-multisync-me651-monitor-wielkoformatowy-65\/#primaryimage\"},\"thumbnailUrl\":\"https:\/\/monitorykomercyjne.pl\/wp-content\/uploads\/2024\/03\/NEC-MultiSync-ME6511.jpg\",\"datePublished\":\"2024-03-04T10:32:43+00:00\",\"dateModified\":\"2024-05-09T07:39:51+00:00\",\"breadcrumb\":{\"@id\":\"https:\/\/monitorykomercyjne.pl\/index.php\/produkt\/nec-multisync-me651-monitor-wielkoformatowy-65\/#breadcrumb\"},\"inLanguage\":\"pl-PL\",\"potentialAction\":[{\"@type\":\"ReadAction\",\"target\":[\"https:\/\/monitorykomercyjne.pl\/index.php\/produkt\/nec-multisync-me651-monitor-wielkoformatowy-65\/\"]}]},{\"@type\":\"ImageObject\",\"inLanguage\":\"pl-PL\",\"@id\":\"https:\/\/monitorykomercyjne.pl\/index.php\/produkt\/nec-multisync-me651-monitor-wielkoformatowy-65\/#primaryimage\",\"url\":\"https:\/\/monitorykomercyjne.pl\/wp-content\/uploads\/2024\/03\/NEC-MultiSync-ME6511.jpg\",\"contentUrl\":\"https:\/\/monitorykomercyjne.pl\/wp-content\/uploads\/2024\/03\/NEC-MultiSync-ME6511.jpg\",\"width\":1600,\"height\":1200},{\"@type\":\"BreadcrumbList\",\"@id\":\"https:\/\/monitorykomercyjne.pl\/index.php\/produkt\/nec-multisync-me651-monitor-wielkoformatowy-65\/#breadcrumb\",\"itemListElement\":[{\"@type\":\"ListItem\",\"position\":1,\"name\":\"Strona g\u0142\u00f3wna\",\"item\":\"https:\/\/monitorykomercyjne.pl\/\"},{\"@type\":\"ListItem\",\"position\":2,\"name\":\"Produkty\",\"item\":\"https:\/\/monitorykomercyjne.pl\/index.php\/produkty\/\"},{\"@type\":\"ListItem\",\"position\":3,\"name\":\"NEC MultiSync\u00a0ME651 &#8211; Monitor wielkoformatowy 65&#8243;\"}]},{\"@type\":\"WebSite\",\"@id\":\"https:\/\/monitorykomercyjne.pl\/#website\",\"url\":\"https:\/\/monitorykomercyjne.pl\/\",\"name\":\"Monitory Komercyjne\",\"description\":\"\",\"potentialAction\":[{\"@type\":\"SearchAction\",\"target\":{\"@type\":\"EntryPoint\",\"urlTemplate\":\"https:\/\/monitorykomercyjne.pl\/?s={search_term_string}\"},\"query-input\":\"required name=search_term_string\"}],\"inLanguage\":\"pl-PL\"}]}<\/script>\n<!-- \/ Yoast SEO plugin. -->","yoast_head_json":{"title":"NEC MultiSync\u00a0ME651 - Monitor wielkoformatowy 65\" - Monitory Komercyjne Monitory komercyjne","robots":{"index":"index","follow":"follow","max-snippet":"max-snippet:-1","max-image-preview":"max-image-preview:large","max-video-preview":"max-video-preview:-1"},"canonical":"https:\/\/monitorykomercyjne.pl\/index.php\/produkt\/nec-multisync-me651-monitor-wielkoformatowy-65\/","og_locale":"pl_PL","og_type":"article","og_title":"NEC MultiSync\u00a0ME651 - Monitor wielkoformatowy 65\" - Monitory Komercyjne Monitory komercyjne","og_description":"Poziom antyrefleksyjny StandardGodziny pracy18\/7Jasno\u015b\u0107 [cd\/m\u00b2]400Rozdzielczo\u015b\u01073840 x 2160Kod produktu60005062","og_url":"https:\/\/monitorykomercyjne.pl\/index.php\/produkt\/nec-multisync-me651-monitor-wielkoformatowy-65\/","og_site_name":"Monitory Komercyjne","article_modified_time":"2024-05-09T07:39:51+00:00","og_image":[{"width":1600,"height":1200,"url":"https:\/\/monitorykomercyjne.pl\/wp-content\/uploads\/2024\/03\/NEC-MultiSync-ME6511.jpg","type":"image\/jpeg"}],"twitter_card":"summary_large_image","twitter_misc":{"Szacowany czas czytania":"4 minuty"},"schema":{"@context":"https:\/\/schema.org","@graph":[{"@type":"WebPage","@id":"https:\/\/monitorykomercyjne.pl\/index.php\/produkt\/nec-multisync-me651-monitor-wielkoformatowy-65\/","url":"https:\/\/monitorykomercyjne.pl\/index.php\/produkt\/nec-multisync-me651-monitor-wielkoformatowy-65\/","name":"NEC MultiSync\u00a0ME651 - Monitor wielkoformatowy 65\" - Monitory Komercyjne Monitory komercyjne","isPartOf":{"@id":"https:\/\/monitorykomercyjne.pl\/#website"},"primaryImageOfPage":{"@id":"https:\/\/monitorykomercyjne.pl\/index.php\/produkt\/nec-multisync-me651-monitor-wielkoformatowy-65\/#primaryimage"},"image":{"@id":"https:\/\/monitorykomercyjne.pl\/index.php\/produkt\/nec-multisync-me651-monitor-wielkoformatowy-65\/#primaryimage"},"thumbnailUrl":"https:\/\/monitorykomercyjne.pl\/wp-content\/uploads\/2024\/03\/NEC-MultiSync-ME6511.jpg","datePublished":"2024-03-04T10:32:43+00:00","dateModified":"2024-05-09T07:39:51+00:00","breadcrumb":{"@id":"https:\/\/monitorykomercyjne.pl\/index.php\/produkt\/nec-multisync-me651-monitor-wielkoformatowy-65\/#breadcrumb"},"inLanguage":"pl-PL","potentialAction":[{"@type":"ReadAction","target":["https:\/\/monitorykomercyjne.pl\/index.php\/produkt\/nec-multisync-me651-monitor-wielkoformatowy-65\/"]}]},{"@type":"ImageObject","inLanguage":"pl-PL","@id":"https:\/\/monitorykomercyjne.pl\/index.php\/produkt\/nec-multisync-me651-monitor-wielkoformatowy-65\/#primaryimage","url":"https:\/\/monitorykomercyjne.pl\/wp-content\/uploads\/2024\/03\/NEC-MultiSync-ME6511.jpg","contentUrl":"https:\/\/monitorykomercyjne.pl\/wp-content\/uploads\/2024\/03\/NEC-MultiSync-ME6511.jpg","width":1600,"height":1200},{"@type":"BreadcrumbList","@id":"https:\/\/monitorykomercyjne.pl\/index.php\/produkt\/nec-multisync-me651-monitor-wielkoformatowy-65\/#breadcrumb","itemListElement":[{"@type":"ListItem","position":1,"name":"Strona g\u0142\u00f3wna","item":"https:\/\/monitorykomercyjne.pl\/"},{"@type":"ListItem","position":2,"name":"Produkty","item":"https:\/\/monitorykomercyjne.pl\/index.php\/produkty\/"},{"@type":"ListItem","position":3,"name":"NEC MultiSync\u00a0ME651 &#8211; Monitor wielkoformatowy 65&#8243;"}]},{"@type":"WebSite","@id":"https:\/\/monitorykomercyjne.pl\/#website","url":"https:\/\/monitorykomercyjne.pl\/","name":"Monitory Komercyjne","description":"","potentialAction":[{"@type":"SearchAction","target":{"@type":"EntryPoint","urlTemplate":"https:\/\/monitorykomercyjne.pl\/?s={search_term_string}"},"query-input":"required name=search_term_string"}],"inLanguage":"pl-PL"}]}},"brands":[{"id":28,"name":"SharpNEC","slug":"sharpnec"}],"_links":{"self":[{"href":"https:\/\/monitorykomercyjne.pl\/index.php\/wp-json\/wp\/v2\/product\/488"}],"collection":[{"href":"https:\/\/monitorykomercyjne.pl\/index.php\/wp-json\/wp\/v2\/product"}],"about":[{"href":"https:\/\/monitorykomercyjne.pl\/index.php\/wp-json\/wp\/v2\/types\/product"}],"wp:featuredmedia":[{"embeddable":true,"href":"https:\/\/monitorykomercyjne.pl\/index.php\/wp-json\/wp\/v2\/media\/489"}],"wp:attachment":[{"href":"https:\/\/monitorykomercyjne.pl\/index.php\/wp-json\/wp\/v2\/media?parent=488"}],"wp:term":[{"taxonomy":"pwb-brand","embeddable":true,"href":"https:\/\/monitorykomercyjne.pl\/index.php\/wp-json\/wp\/v2\/pwb-brand?post=488"},{"taxonomy":"product_cat","embeddable":true,"href":"https:\/\/monitorykomercyjne.pl\/index.php\/wp-json\/wp\/v2\/product_cat?post=488"},{"taxonomy":"product_tag","embeddable":true,"href":"https:\/\/monitorykomercyjne.pl\/index.php\/wp-json\/wp\/v2\/product_tag?post=488"}],"curies":[{"name":"wp","href":"https:\/\/api.w.org\/{rel}","templated":true}]}}