{"id":512,"date":"2024-03-04T12:54:33","date_gmt":"2024-03-04T11:54:33","guid":{"rendered":"https:\/\/monitorykomercyjne.pl\/?post_type=product&#038;p=512"},"modified":"2024-05-09T09:39:51","modified_gmt":"2024-05-09T07:39:51","slug":"nec-multisync-un552vs-monitor-wielkoformatowy-55","status":"publish","type":"product","link":"https:\/\/monitorykomercyjne.pl\/index.php\/produkt\/nec-multisync-un552vs-monitor-wielkoformatowy-55\/","title":{"rendered":"NEC MultiSync\u00a0UN552VS &#8211; Monitor wielkoformatowy 55&#8243;"},"content":{"rendered":"<section id=\"overview\" class=\"row\">\n<div class=\"columns medium-6\">\n<p><!-- ossproductdescstart --><b>\u015aciany t\u0119tni\u0105ce \u017cyciem<br \/>\n<\/b><\/p>\n<p>\u015aciana wideo z\u00a0wy\u015bwietlaczem Multisync\u00ae UN552VS 55\u201d zapewnia doskona\u0142\u0105 jako\u015b\u0107 obrazu, \u0142atwy monta\u017c oraz niezawodn\u0105, trwa\u0142\u0105 wydajno\u015b\u0107 w\u00a0celu uzyskania najbardziej anga\u017cuj\u0105cych i\u00a0kreatywnych do\u015bwiadcze\u0144 wizualnych.<\/p>\n<p>Monta\u017c i\u00a0obs\u0142uga s\u0105 tak proste dzi\u0119ki pot\u0119\u017cnym mo\u017cliwo\u015bciom kalibracji, kt\u00f3re zapewniaj\u0105 imponuj\u0105c\u0105 jako\u015b\u0107 obrazu przez ca\u0142y okres u\u017cytkowania wy\u015bwietlacza. Atrybuty obrazu mo\u017cna precyzyjnie dostosowa\u0107 do indywidualnych potrzeb, tworz\u0105c pojedynczy obraz na wielu wy\u015bwietlaczach. W\u00a0po\u0142\u0105czeniu z\u00a0przylegaj\u0105c\u0105 kraw\u0119dzi\u0105 o\u00a0szeroko\u015bci zaledwie 0,88\u00a0mm ca\u0142a \u015bciana wideo stanowi obszern\u0105 cyfrow\u0105 powierzchni\u0119 z\u00a0ledwie zauwa\u017calnymi przerwami. Jasno\u015b\u0107 wy\u015bwietlacza na poziomie 500\u00a0cd\/m\u00b2 i\u00a0pow\u0142oka antyrefleksyjna pozwalaj\u0105 cieszy\u0107 si\u0119 najlepsz\u0105 czytelno\u015bci\u0105 bez irytuj\u0105cych odblask\u00f3w nawet w\u00a0jasno o\u015bwietlonym otoczeniu.<\/p>\n<p>Te du\u017ce wy\u015bwietlacze modu\u0142owe, w\u00a0r\u00f3\u017cnych kszta\u0142tach i\u00a0formach, zwracaj\u0105 uwag\u0119 na prezentowane tre\u015bci \u2013 przyci\u0105gaj\u0105 kupuj\u0105cych w\u00a0centrach handlowych, dostarczaj\u0105 rozrywki osobom zwiedzaj\u0105cym muzea lub przedstawiaj\u0105 menu.<\/p>\n<p><!-- ossproductdescend --><\/p>\n<\/div>\n<div class=\"columns medium-6\">\n<h3>Korzy\u015bci<\/h3>\n<ul>\n<li><b>\u0141atwa instalacja<\/b> \u2013bezproblemowa konfiguracja wy\u015bwietlaczy na\u015bciennych przy u\u017cyciu funkcji Auto TileMatrix i\u00a0fabrycznie zapewnionych kalibracji. Mo\u017cliwo\u015b\u0107 wczytania gotowych zestaw\u00f3w ustawie\u0144 obrazu na potrzeby wst\u0119pnie zdefiniowanych scenariuszy u\u017cytkowania przek\u0142ada si\u0119 na oszcz\u0119dno\u015b\u0107 czasu.<\/li>\n<li><b>Wzbogacone parametry obrazu <\/b> \u2013zaawansowane ustawienia wszystkich istotnych parametr\u00f3w wizualnych pozwalaj\u0105 na pe\u0142n\u0105 regulacj\u0119 jasno\u015bci, barwy, warto\u015bci gamma i\u00a0jednorodno\u015bci poprzez system SpectravVew Engine.<\/li>\n<li><b>Realistyczne i\u00a0sp\u00f3jne barwy<\/b> \u2013technologia panelu IPS gwarantuje realistyczn\u0105 reprodukcj\u0119 barw, a\u00a0jednocze\u015bnie stanowi najlepszy spos\u00f3b na zapewnienie ich sp\u00f3jno\u015bci. Dzi\u0119ki panelowi S-IPS widoczno\u015b\u0107 jest doskona\u0142a bez wzgl\u0119du na orientacj\u0119 ekranu (w\u00a0pionie lub w\u00a0poziomie), tak\u017ce przy ekstremalnych k\u0105tach patrzenia, co przyci\u0105ga uwag\u0119 os\u00f3b mijaj\u0105cych ekran.<\/li>\n<li><b>Zabezpieczenie niezawodno\u015bci i\u00a0trwa\u0142o\u015bci \u015bcian wideo<\/b> \u2013wyj\u0105tkowy system zarz\u0105dzania ciep\u0142em w\u00a0produktach NEC pozwala u\u017cytkownikowi monitorowa\u0107 i\u00a0regulowa\u0107 temperatur\u0119 wewn\u0105trz monitora.<\/li>\n<li><b>Oszcz\u0119dno\u015b\u0107 zasob\u00f3w dzi\u0119ki zarz\u0105dzaniu urz\u0105dzeniami<\/b> \u2013mniejsze zapotrzebowanie na zasoby dzi\u0119ki zarz\u0105dzaniu wszystkimi pod\u0142\u0105czonymi urz\u0105dzeniami NEC z\u00a0poziomu jednego, centralnego punktu poprzez programowe narz\u0119dzie NaViSet Administrator\u00a02.<\/li>\n<\/ul>\n<\/div>\n<\/section>\n<dl id=\"speciList\" class=\"js-accordion\">\n<dt class=\"js-accordion__toggle accordion__toggle\">WY\u015aWIETLACZ<\/dt>\n<dd class=\"js-accordion__content\">\n<table class=\"datalist datalist--divided-inset\">\n<tbody>\n<tr>\n<td>Rodzaj panelu<\/td>\n<td>S-IPS z\u00a0pod\u015bwietleniem Direct LED<\/td>\n<\/tr>\n<tr>\n<td>U\u017cyteczna powierzchnia [cale\/cm]<\/td>\n<td>1,209.63 x 680.34<\/td>\n<\/tr>\n<tr>\n<td>Wielko\u015b\u0107 ekranu [cale\/cm]<\/td>\n<td>55 \/ 138.8<\/td>\n<\/tr>\n<tr>\n<td>Proporcje obrazu<\/td>\n<td>16:9<\/td>\n<\/tr>\n<tr>\n<td>Rozmiar plamki [mm]<\/td>\n<td>0.630<\/td>\n<\/tr>\n<tr>\n<td>Jasno\u015b\u0107 [cd\/m\u00b2]<\/td>\n<td>500<\/td>\n<\/tr>\n<tr>\n<td>Wsp\u00f3\u0142czynnik kontrastu (domy\u015blnie)<\/td>\n<td>&gt; 1700:1<\/td>\n<\/tr>\n<tr>\n<td>K\u0105ty widzenia [\u00b0]<\/td>\n<td>178 poziomo \/ 178 pionowo (CR 10:1)<\/td>\n<\/tr>\n<tr>\n<td>Colour Gamut<\/td>\n<td>72% z NTSC<\/td>\n<\/tr>\n<tr>\n<td>Czas reakcji [ms]<\/td>\n<td>8<\/td>\n<\/tr>\n<tr>\n<td>Cz\u0119stotliwo\u015b\u0107 od\u015bwie\u017cania obrazu [Hz]<\/td>\n<td>60<\/td>\n<\/tr>\n<tr>\n<td>Haze Level [%]<\/td>\n<td>Pro (28)<\/td>\n<\/tr>\n<tr>\n<td>Obs\u0142ugiwana orientacja obrazu<\/td>\n<td>Pionowa; Pozioma<\/td>\n<\/tr>\n<\/tbody>\n<\/table>\n<\/dd>\n<dt class=\"js-accordion__toggle accordion__toggle\">ROZDZIELCZO\u015a\u0106<\/dt>\n<dd class=\"js-accordion__content\">\n<table class=\"datalist datalist--divided-inset\">\n<tbody>\n<tr>\n<td>Rozdzielczo\u015b\u0107 natywna<\/td>\n<td>\n<div class=\"productSpecRes productSpecRes--columns\">1920 x 1080<\/div>\n<\/td>\n<\/tr>\n<tr>\n<td>Obs\u0142uga na z\u0142\u0105czach DisplayPort i\u00a0HDMI<\/td>\n<td>\n<div class=\"productSpecRes productSpecRes--columns\">1024 x 768; 1080i; 1080p; 1280 x 1024; 1280 x 768; 1360 x 768; 1600 x 1200; 1920 x 1080; 3840 x 2160; 640 x 480; 720p (50\/60 Hz); 800 x 600<\/div>\n<\/td>\n<\/tr>\n<tr>\n<td>Obs\u0142uga tylko na z\u0142\u0105czu HDMI<\/td>\n<td>\n<div class=\"productSpecRes productSpecRes--columns\">1080i (50\/60 Hz)<\/div>\n<\/td>\n<\/tr>\n<\/tbody>\n<\/table>\n<\/dd>\n<dt class=\"js-accordion__toggle accordion__toggle\">CZ\u0118STOTLIWO\u015a\u0106 SYNCHRONIZACJI<\/dt>\n<dd class=\"js-accordion__content\">\n<table class=\"datalist datalist--divided-inset\">\n<tbody>\n<tr>\n<td>Cz\u0119stotliwo\u015b\u0107 pozioma [kHz]<\/td>\n<td>26 &#8211; 134<\/td>\n<\/tr>\n<tr>\n<td>Cz\u0119stotliwo\u015b\u0107 pionowa [Hz]<\/td>\n<td>23 &#8211; 86<\/td>\n<\/tr>\n<\/tbody>\n<\/table>\n<\/dd>\n<dt class=\"js-accordion__toggle accordion__toggle\">MO\u017bLIWO\u015aCI POD\u0141\u0104CZANIA<\/dt>\n<dd class=\"js-accordion__content\">\n<table class=\"datalist datalist--divided-inset\">\n<tbody>\n<tr>\n<td>Wej\u015bcia wideo analogowe<\/td>\n<td>1 x VGA; Composite (RCA)<\/td>\n<\/tr>\n<tr>\n<td>Wej\u015bcia wideo cyfrowe<\/td>\n<td>1 x DVI-D (z HDCP); 2 x DisplayPort (HDCP); 2 x HDMI (HDCP); Gniazda OPS: 1<\/td>\n<\/tr>\n<tr>\n<td>Wej\u015bcia audio analogowe<\/td>\n<td>2 x 3,5 mm jack<\/td>\n<\/tr>\n<tr>\n<td>Wej\u015bcia audio cyfrowe<\/td>\n<td>2 x HDMI; 2 x Interfejs DisplayPort<\/td>\n<\/tr>\n<tr>\n<td>Kontrola wej\u015bcia<\/td>\n<td>1 x Remote Control (3.5 mm jack); 1 x RS232; 2 x LAN 100Mbit<\/td>\n<\/tr>\n<tr>\n<td>Input Data<\/td>\n<td>1 x microSD (MediaPlayer); 1 x USB 1.0 (Downstream); 1 x USB 1.0 (MediaPlayer); 1 x USB 2.0 (Upstream); 2 x USB 1.0 (Compute Module, 1 x 5V\/2A powered)<\/td>\n<\/tr>\n<tr>\n<td>Wyj\u015bcia wideo cyfrowe<\/td>\n<td>1 x DisplayPort (loop through: DisplayPort, OPS slot-in PC); 1 x HDMI (loop through: HDMI, OPS slot-in PC, Mediaplayer)<\/td>\n<\/tr>\n<tr>\n<td>Wyj\u015bcia audio analogowe<\/td>\n<td>Z\u0142\u0105cze 1 x 3,5 mm<\/td>\n<\/tr>\n<tr>\n<td>Kontrola wyj\u015bcia<\/td>\n<td>Sie\u0107 LAN 100\u00a0Mbit<\/td>\n<\/tr>\n<\/tbody>\n<\/table>\n<\/dd>\n<dt class=\"js-accordion__toggle accordion__toggle\">KALIBROWANIE<\/dt>\n<dd class=\"js-accordion__content\">\n<table class=\"datalist datalist--divided-inset\">\n<tbody>\n<tr>\n<td>Kalibracja fabryczna<\/td>\n<td>Gamma; Intensywno\u015b\u0107; Jednorodno\u015b\u0107; Punkt bieli; RGB<\/td>\n<\/tr>\n<tr>\n<td>Kalibracja przetwornika (przez USB)<\/td>\n<td>Kalibracja bez komputera PC przy pomocy czujnika USB MDSVSensor3; Kopia bieli (po autokalibracji)<\/td>\n<\/tr>\n<tr>\n<td>Kalibracja za pomoc\u0105 oprogramowania<\/td>\n<td>Aktualizacja kalibracji fabrycznej; Aktualizacja korekcji jednorodno\u015bci; Gamma; Intensywno\u015b\u0107; Jednorodno\u015b\u0107 w\u00a0naro\u017cnikach; Punkt bieli; RGB<\/td>\n<\/tr>\n<tr>\n<td>Oprogramowanie do kalibracji<\/td>\n<td>NEC Display Wall Calibrator<\/td>\n<\/tr>\n<\/tbody>\n<\/table>\n<\/dd>\n<dt class=\"js-accordion__toggle accordion__toggle\">OPEN MODULAR INTELLIGENCE<\/dt>\n<dd class=\"js-accordion__content\">\n<table class=\"datalist datalist--divided-inset\">\n<tbody>\n<tr>\n<td>Rodzaj slot<\/td>\n<td>Open Pluggable Specification (Standard NEC \/ Intel OPS)<\/td>\n<\/tr>\n<tr>\n<td>Maks. nat\u0119\u017cenie \/ pob\u00f3r mocy OPS \/ [A \/ W]<\/td>\n<td>3.6 \/ 58<\/td>\n<\/tr>\n<tr>\n<td>Gniazdo mikrokomputera<\/td>\n<td>Technologia gniazda: Gniazdo mikrokomputera 3 (standard opracowany przez NEC)<\/td>\n<\/tr>\n<\/tbody>\n<\/table>\n<\/dd>\n<dt class=\"js-accordion__toggle accordion__toggle\">CZUJNIKI<\/dt>\n<dd class=\"js-accordion__content\">\n<table class=\"datalist datalist--divided-inset\">\n<tbody>\n<tr>\n<td>Czujnik obecno\u015bci cz\u0142owieka<\/td>\n<td>Opcjonalny, zewn\u0119trzny, zasi\u0119g 4\u20135\u00a0m, z\u00a0mo\u017cliwo\u015bci\u0105 programowania uruchamianych dzia\u0142a\u0144<\/td>\n<\/tr>\n<tr>\n<td>Czujnik temperatury<\/td>\n<td>Wbudowany, liczba czujnik\u00f3w: 3, z\u00a0mo\u017cliwo\u015bci\u0105 programowania uruchamianych dzia\u0142a\u0144<\/td>\n<\/tr>\n<tr>\n<td>Czujnik NFC<\/td>\n<td>Wbudowany, zasi\u0119g 2\u00a0cm, wymagana darmowa aplikacja NEC dla systemu Android<\/td>\n<\/tr>\n<\/tbody>\n<\/table>\n<\/dd>\n<dt class=\"js-accordion__toggle accordion__toggle\">PARAMETRY ELEKTRYCZNE<\/dt>\n<dd class=\"js-accordion__content\">\n<table class=\"datalist datalist--divided-inset\">\n<tbody>\n<tr>\n<td>Pob\u00f3r mocy [W]<\/td>\n<td>160 wysy\u0142ka; 420 (maks.)<\/td>\n<\/tr>\n<tr>\n<td>Tryb Power Save [W]<\/td>\n<td>&lt; 0.5; &lt; 2 (Networked Standby)<\/td>\n<\/tr>\n<\/tbody>\n<\/table>\n<\/dd>\n<dt class=\"js-accordion__toggle accordion__toggle\">WARUNKI OTOCZENIA<\/dt>\n<dd class=\"js-accordion__content\">\n<table class=\"datalist datalist--divided-inset\">\n<tbody>\n<tr>\n<td>Temperatura otoczenia podczes pracy [\u00b0C]<\/td>\n<td>+0 to +40<\/td>\n<\/tr>\n<tr>\n<td>Wilgotno\u015b\u0107 otoczenia podczas pracy [%]<\/td>\n<td>20 to 80<\/td>\n<\/tr>\n<tr>\n<td>Wilgotno\u015b\u0107 otoczenia podczas przechowywania [%]<\/td>\n<td>10 do 90<\/td>\n<\/tr>\n<tr>\n<td>Temperatura otoczenia podczas przechowywania [\u00b0C]<\/td>\n<td>-20 do 60<\/td>\n<\/tr>\n<\/tbody>\n<\/table>\n<\/dd>\n<dt class=\"js-accordion__toggle accordion__toggle\">PARAMETRY MECHANICZNE<\/dt>\n<dd class=\"js-accordion__content\">\n<table class=\"datalist datalist--divided-inset\">\n<tbody>\n<tr>\n<td>Wymiary [mm]<\/td>\n<td>Bez n\u00f3\u017cek: 1\u00a0210,5 x 681,2 x 98,6<\/td>\n<\/tr>\n<tr>\n<td>Waga [kg]<\/td>\n<td>Bez n\u00f3\u017cek: 25,8<\/td>\n<\/tr>\n<tr>\n<td>Szeroko\u015b\u0107 ramki [mm]<\/td>\n<td>0,44 (d\u00f3\u0142\/prawa); 0,88; 0.44 top\/left<\/td>\n<\/tr>\n<tr>\n<td>Mocowanie VESA [mm]<\/td>\n<td>4 otwory; 400 x 400 (FDMI); \u015bruby M6<\/td>\n<\/tr>\n<\/tbody>\n<\/table>\n<\/dd>\n<dt class=\"js-accordion__toggle accordion__toggle\">MEDIAPLAYER<\/dt>\n<dd class=\"js-accordion__content\">\n<table class=\"datalist datalist--divided-inset\">\n<tbody>\n<tr>\n<td>Supported Image Formats<\/td>\n<td>JPG (baseline, progressive, RGB, CMYK); max. resolution 5000 x 5000; PNG (interlace, alpha channel); max. resolution 4000 x 4000<\/td>\n<\/tr>\n<tr>\n<td>Supported Video Formats<\/td>\n<td>MP4 \/ MOV \/ FLV (wideo H.264, audio MP3, AAC); maks. rozdzielczo\u015b\u0107 1080p przy 30 Hz, 1080i przy 60 Hz; MPG (video mpeg1\/2, audio mpeg audio layer2\/3, AAC-LC); MP @ ML, MP @ HL; WMV (video H.264, wmv advanced L3, wmv simple \/ main, audio mp3 wmv std); maks. rozdzielczo\u015b\u0107 1080p przy 30 Hz, 1080i przy 60 Hz<\/td>\n<\/tr>\n<tr>\n<td>Supported Audio Formats<\/td>\n<td>MP3 (MP3); max. bit-rate 320 kBit\/s; WAV (LPCM); max. 48 kHz sampling<\/td>\n<\/tr>\n<\/tbody>\n<\/table>\n<\/dd>\n<dt class=\"js-accordion__toggle accordion__toggle\">DOST\u0118PNE OPCJE<\/dt>\n<dd class=\"js-accordion__content\">\n<table class=\"datalist datalist--divided-inset\">\n<tbody>\n<tr>\n<td>Akcesoria<\/td>\n<td>G\u0142o\u015bnik (SP-RM3); Stopki (ST-5220); Zestaw do monta\u017cu na \u015bcianie (PD04VWM MFS 46-55 L\/P; PD04VW QR 46-55 L\/P; CK02XUN MFS 55 L\/P); Zestaw do zdalnego sterowania (KT-RC3); Zestaw kalibracyjny (KT-LFD-CC2)<\/td>\n<\/tr>\n<tr>\n<td>Compute Module Slot<\/td>\n<td>Mikrokomputer Raspberry Pi 1 i 3<\/td>\n<\/tr>\n<tr>\n<td>OPS Slot<\/td>\n<td>Komputery PC typu slot-in z\u00a0procesorami Intel\u00ae Atom, Celeron i Core i3, i5, i7<\/td>\n<\/tr>\n<\/tbody>\n<\/table>\n<\/dd>\n<dt class=\"js-accordion__toggle accordion__toggle\">FUNKCJE EKO<\/dt>\n<dd class=\"js-accordion__content\">\n<table class=\"datalist datalist--divided-inset\">\n<tbody>\n<tr>\n<td>Wydajno\u015b\u0107 energetyczna<\/td>\n<td>Czujnik obecno\u015bci cz\u0142owieka; Klasa efektywno\u015bci energetycznej: G; Licznik carbon savings; pod\u015bwietleniem LED; Zu\u017cycie energii: 201 kWh\/1000 godzin<\/td>\n<\/tr>\n<\/tbody>\n<\/table>\n<\/dd>\n<dt class=\"js-accordion__toggle accordion__toggle\">DODATKOWE FUNKCJE<\/dt>\n<dd class=\"js-accordion__content\">\n<table class=\"datalist datalist--divided-inset\">\n<tbody>\n<tr>\n<td>Cechy Specjalne<\/td>\n<td>Automatyczne ostrze\u017cenie e-mail; Automatyczne przypisanie ID; Funkcja automatycznego przechylania; Funkcja rejestru mo\u017cliwego do odczytania przez u\u017cytkownika; Inteligentny bezprzewodowy przesy\u0142 danych (na bazie NFC); Mo\u017cliwo\u015b\u0107 zmiany priorytetu z\u0142\u0105czy wideo; NaViSet Administrator 2; Obr\u00f3t obrazu; PJLink Support; Serwer HTTP; Symulacja standardu DICOM; TileMatrix; Uk\u0142ad kompensacji ramek Frame Comp; USB Media Player<\/td>\n<\/tr>\n<tr>\n<td>Wersje kolorystyczne<\/td>\n<td>Czarna ramka ekranu, czarna obudowa<\/td>\n<\/tr>\n<tr>\n<td>Bezpiecze\u0144stwo i ergonomia<\/td>\n<td>BSMI; CE; EAC; EMC Class B; FCC; PSB; RCM; REACH; RoHS; SASO; T\u00dcV GS; T\u00dcV S; UL\/C-UL; VCCI<\/td>\n<\/tr>\n<tr>\n<td>Klasa b\u0142\u0119d\u00f3w pikseli<\/td>\n<td>Klasa 2 wg ISO 9241-307<\/td>\n<\/tr>\n<tr>\n<td>G\u0142o\u015bniki<\/td>\n<td>Opcjonalnie (15 W + 15 W)<\/td>\n<\/tr>\n<tr>\n<td>Plug and Play<\/td>\n<td>VESA DDC\/CI<\/td>\n<\/tr>\n<tr>\n<td>Zawarto\u015b\u0107 opakowania<\/td>\n<td>Kabel DisplayPort; Kabel HDMI; Kabel LAN (RJ45); Kabel zasilaj\u0105cy; Monitor<\/td>\n<\/tr>\n<tr>\n<td>Gwarancja<\/td>\n<td>3 lata (w tym na pod\u015bwietlenie ekranu); dost\u0119pne dodatkowe us\u0142ugi; opcjonalne przed\u0142u\u017cenie gwarancji na 4. i\u00a05. rok <sup>1<\/sup><\/td>\n<\/tr>\n<tr>\n<td>Godziny pracy<\/td>\n<td>24\/7<\/td>\n<\/tr>\n<\/tbody>\n<\/table>\n<\/dd>\n<\/dl>\n","protected":false},"excerpt":{"rendered":"<div class=\"columns medium-6 product-features\">\n<table class=\"datalist datalist--divided-fullwidth\">\n<tbody>\n<tr>\n<td>Poziom antyrefleksyjny <\/td>\n<td>Pro<\/td>\n<\/tr>\n<tr>\n<td>Godziny pracy<\/td>\n<td>24\/7<\/td>\n<\/tr>\n<tr>\n<td>Jasno\u015b\u0107  [cd\/m\u00b2]<\/td>\n<td>500<\/td>\n<\/tr>\n<tr>\n<td>Rozdzielczo\u015b\u0107<\/td>\n<td>1920 x 1080<\/td>\n<\/tr>\n<tr>\n<td>Kod produktu<\/td>\n<td>60004524<\/td>\n<\/tr>\n<\/tbody>\n<\/table>\n<\/div>\n","protected":false},"featured_media":507,"template":"","meta":{"inline_featured_image":false,"neve_meta_sidebar":"","neve_meta_container":"","neve_meta_enable_content_width":"off","neve_meta_content_width":100,"neve_meta_title_alignment":"","neve_meta_author_avatar":"","neve_post_elements_order":"","neve_meta_disable_header":"","neve_meta_disable_footer":"","neve_meta_disable_title":""},"pwb-brand":[28],"product_cat":[22],"product_tag":[],"yoast_head":"<!-- This site is optimized with the Yoast SEO plugin v22.6 - https:\/\/yoast.com\/wordpress\/plugins\/seo\/ -->\n<title>NEC MultiSync\u00a0UN552VS - Monitor wielkoformatowy 55&quot; - Monitory Komercyjne Monitory komercyjne<\/title>\n<meta name=\"robots\" content=\"index, follow, max-snippet:-1, max-image-preview:large, max-video-preview:-1\" \/>\n<link rel=\"canonical\" href=\"https:\/\/monitorykomercyjne.pl\/index.php\/produkt\/nec-multisync-un552vs-monitor-wielkoformatowy-55\/\" \/>\n<meta property=\"og:locale\" content=\"pl_PL\" \/>\n<meta property=\"og:type\" content=\"article\" \/>\n<meta property=\"og:title\" content=\"NEC MultiSync\u00a0UN552VS - Monitor wielkoformatowy 55&quot; - Monitory Komercyjne Monitory komercyjne\" \/>\n<meta property=\"og:description\" content=\"Poziom antyrefleksyjny ProGodziny pracy24\/7Jasno\u015b\u0107 [cd\/m\u00b2]500Rozdzielczo\u015b\u01071920 x 1080Kod produktu60004524\" \/>\n<meta property=\"og:url\" content=\"https:\/\/monitorykomercyjne.pl\/index.php\/produkt\/nec-multisync-un552vs-monitor-wielkoformatowy-55\/\" \/>\n<meta property=\"og:site_name\" content=\"Monitory Komercyjne\" \/>\n<meta property=\"article:modified_time\" content=\"2024-05-09T07:39:51+00:00\" \/>\n<meta property=\"og:image\" content=\"https:\/\/monitorykomercyjne.pl\/wp-content\/uploads\/2024\/03\/NEC-MultiSync-UN5522.jpg\" \/>\n\t<meta property=\"og:image:width\" content=\"1600\" \/>\n\t<meta property=\"og:image:height\" content=\"1200\" \/>\n\t<meta property=\"og:image:type\" content=\"image\/jpeg\" \/>\n<meta name=\"twitter:card\" content=\"summary_large_image\" \/>\n<meta name=\"twitter:label1\" content=\"Szacowany czas czytania\" \/>\n\t<meta name=\"twitter:data1\" content=\"6 minut\" \/>\n<script type=\"application\/ld+json\" class=\"yoast-schema-graph\">{\"@context\":\"https:\/\/schema.org\",\"@graph\":[{\"@type\":\"WebPage\",\"@id\":\"https:\/\/monitorykomercyjne.pl\/index.php\/produkt\/nec-multisync-un552vs-monitor-wielkoformatowy-55\/\",\"url\":\"https:\/\/monitorykomercyjne.pl\/index.php\/produkt\/nec-multisync-un552vs-monitor-wielkoformatowy-55\/\",\"name\":\"NEC MultiSync\u00a0UN552VS - Monitor wielkoformatowy 55\\\" - Monitory Komercyjne Monitory komercyjne\",\"isPartOf\":{\"@id\":\"https:\/\/monitorykomercyjne.pl\/#website\"},\"primaryImageOfPage\":{\"@id\":\"https:\/\/monitorykomercyjne.pl\/index.php\/produkt\/nec-multisync-un552vs-monitor-wielkoformatowy-55\/#primaryimage\"},\"image\":{\"@id\":\"https:\/\/monitorykomercyjne.pl\/index.php\/produkt\/nec-multisync-un552vs-monitor-wielkoformatowy-55\/#primaryimage\"},\"thumbnailUrl\":\"https:\/\/monitorykomercyjne.pl\/wp-content\/uploads\/2024\/03\/NEC-MultiSync-UN5522.jpg\",\"datePublished\":\"2024-03-04T11:54:33+00:00\",\"dateModified\":\"2024-05-09T07:39:51+00:00\",\"breadcrumb\":{\"@id\":\"https:\/\/monitorykomercyjne.pl\/index.php\/produkt\/nec-multisync-un552vs-monitor-wielkoformatowy-55\/#breadcrumb\"},\"inLanguage\":\"pl-PL\",\"potentialAction\":[{\"@type\":\"ReadAction\",\"target\":[\"https:\/\/monitorykomercyjne.pl\/index.php\/produkt\/nec-multisync-un552vs-monitor-wielkoformatowy-55\/\"]}]},{\"@type\":\"ImageObject\",\"inLanguage\":\"pl-PL\",\"@id\":\"https:\/\/monitorykomercyjne.pl\/index.php\/produkt\/nec-multisync-un552vs-monitor-wielkoformatowy-55\/#primaryimage\",\"url\":\"https:\/\/monitorykomercyjne.pl\/wp-content\/uploads\/2024\/03\/NEC-MultiSync-UN5522.jpg\",\"contentUrl\":\"https:\/\/monitorykomercyjne.pl\/wp-content\/uploads\/2024\/03\/NEC-MultiSync-UN5522.jpg\",\"width\":1600,\"height\":1200},{\"@type\":\"BreadcrumbList\",\"@id\":\"https:\/\/monitorykomercyjne.pl\/index.php\/produkt\/nec-multisync-un552vs-monitor-wielkoformatowy-55\/#breadcrumb\",\"itemListElement\":[{\"@type\":\"ListItem\",\"position\":1,\"name\":\"Strona g\u0142\u00f3wna\",\"item\":\"https:\/\/monitorykomercyjne.pl\/\"},{\"@type\":\"ListItem\",\"position\":2,\"name\":\"Produkty\",\"item\":\"https:\/\/monitorykomercyjne.pl\/index.php\/produkty\/\"},{\"@type\":\"ListItem\",\"position\":3,\"name\":\"NEC MultiSync\u00a0UN552VS &#8211; Monitor wielkoformatowy 55&#8243;\"}]},{\"@type\":\"WebSite\",\"@id\":\"https:\/\/monitorykomercyjne.pl\/#website\",\"url\":\"https:\/\/monitorykomercyjne.pl\/\",\"name\":\"Monitory Komercyjne\",\"description\":\"\",\"potentialAction\":[{\"@type\":\"SearchAction\",\"target\":{\"@type\":\"EntryPoint\",\"urlTemplate\":\"https:\/\/monitorykomercyjne.pl\/?s={search_term_string}\"},\"query-input\":\"required name=search_term_string\"}],\"inLanguage\":\"pl-PL\"}]}<\/script>\n<!-- \/ Yoast SEO plugin. -->","yoast_head_json":{"title":"NEC MultiSync\u00a0UN552VS - Monitor wielkoformatowy 55\" - Monitory Komercyjne Monitory komercyjne","robots":{"index":"index","follow":"follow","max-snippet":"max-snippet:-1","max-image-preview":"max-image-preview:large","max-video-preview":"max-video-preview:-1"},"canonical":"https:\/\/monitorykomercyjne.pl\/index.php\/produkt\/nec-multisync-un552vs-monitor-wielkoformatowy-55\/","og_locale":"pl_PL","og_type":"article","og_title":"NEC MultiSync\u00a0UN552VS - Monitor wielkoformatowy 55\" - Monitory Komercyjne Monitory komercyjne","og_description":"Poziom antyrefleksyjny ProGodziny pracy24\/7Jasno\u015b\u0107 [cd\/m\u00b2]500Rozdzielczo\u015b\u01071920 x 1080Kod produktu60004524","og_url":"https:\/\/monitorykomercyjne.pl\/index.php\/produkt\/nec-multisync-un552vs-monitor-wielkoformatowy-55\/","og_site_name":"Monitory Komercyjne","article_modified_time":"2024-05-09T07:39:51+00:00","og_image":[{"width":1600,"height":1200,"url":"https:\/\/monitorykomercyjne.pl\/wp-content\/uploads\/2024\/03\/NEC-MultiSync-UN5522.jpg","type":"image\/jpeg"}],"twitter_card":"summary_large_image","twitter_misc":{"Szacowany czas czytania":"6 minut"},"schema":{"@context":"https:\/\/schema.org","@graph":[{"@type":"WebPage","@id":"https:\/\/monitorykomercyjne.pl\/index.php\/produkt\/nec-multisync-un552vs-monitor-wielkoformatowy-55\/","url":"https:\/\/monitorykomercyjne.pl\/index.php\/produkt\/nec-multisync-un552vs-monitor-wielkoformatowy-55\/","name":"NEC MultiSync\u00a0UN552VS - Monitor wielkoformatowy 55\" - Monitory Komercyjne Monitory komercyjne","isPartOf":{"@id":"https:\/\/monitorykomercyjne.pl\/#website"},"primaryImageOfPage":{"@id":"https:\/\/monitorykomercyjne.pl\/index.php\/produkt\/nec-multisync-un552vs-monitor-wielkoformatowy-55\/#primaryimage"},"image":{"@id":"https:\/\/monitorykomercyjne.pl\/index.php\/produkt\/nec-multisync-un552vs-monitor-wielkoformatowy-55\/#primaryimage"},"thumbnailUrl":"https:\/\/monitorykomercyjne.pl\/wp-content\/uploads\/2024\/03\/NEC-MultiSync-UN5522.jpg","datePublished":"2024-03-04T11:54:33+00:00","dateModified":"2024-05-09T07:39:51+00:00","breadcrumb":{"@id":"https:\/\/monitorykomercyjne.pl\/index.php\/produkt\/nec-multisync-un552vs-monitor-wielkoformatowy-55\/#breadcrumb"},"inLanguage":"pl-PL","potentialAction":[{"@type":"ReadAction","target":["https:\/\/monitorykomercyjne.pl\/index.php\/produkt\/nec-multisync-un552vs-monitor-wielkoformatowy-55\/"]}]},{"@type":"ImageObject","inLanguage":"pl-PL","@id":"https:\/\/monitorykomercyjne.pl\/index.php\/produkt\/nec-multisync-un552vs-monitor-wielkoformatowy-55\/#primaryimage","url":"https:\/\/monitorykomercyjne.pl\/wp-content\/uploads\/2024\/03\/NEC-MultiSync-UN5522.jpg","contentUrl":"https:\/\/monitorykomercyjne.pl\/wp-content\/uploads\/2024\/03\/NEC-MultiSync-UN5522.jpg","width":1600,"height":1200},{"@type":"BreadcrumbList","@id":"https:\/\/monitorykomercyjne.pl\/index.php\/produkt\/nec-multisync-un552vs-monitor-wielkoformatowy-55\/#breadcrumb","itemListElement":[{"@type":"ListItem","position":1,"name":"Strona g\u0142\u00f3wna","item":"https:\/\/monitorykomercyjne.pl\/"},{"@type":"ListItem","position":2,"name":"Produkty","item":"https:\/\/monitorykomercyjne.pl\/index.php\/produkty\/"},{"@type":"ListItem","position":3,"name":"NEC MultiSync\u00a0UN552VS &#8211; Monitor wielkoformatowy 55&#8243;"}]},{"@type":"WebSite","@id":"https:\/\/monitorykomercyjne.pl\/#website","url":"https:\/\/monitorykomercyjne.pl\/","name":"Monitory Komercyjne","description":"","potentialAction":[{"@type":"SearchAction","target":{"@type":"EntryPoint","urlTemplate":"https:\/\/monitorykomercyjne.pl\/?s={search_term_string}"},"query-input":"required name=search_term_string"}],"inLanguage":"pl-PL"}]}},"brands":[{"id":28,"name":"SharpNEC","slug":"sharpnec"}],"_links":{"self":[{"href":"https:\/\/monitorykomercyjne.pl\/index.php\/wp-json\/wp\/v2\/product\/512"}],"collection":[{"href":"https:\/\/monitorykomercyjne.pl\/index.php\/wp-json\/wp\/v2\/product"}],"about":[{"href":"https:\/\/monitorykomercyjne.pl\/index.php\/wp-json\/wp\/v2\/types\/product"}],"wp:featuredmedia":[{"embeddable":true,"href":"https:\/\/monitorykomercyjne.pl\/index.php\/wp-json\/wp\/v2\/media\/507"}],"wp:attachment":[{"href":"https:\/\/monitorykomercyjne.pl\/index.php\/wp-json\/wp\/v2\/media?parent=512"}],"wp:term":[{"taxonomy":"pwb-brand","embeddable":true,"href":"https:\/\/monitorykomercyjne.pl\/index.php\/wp-json\/wp\/v2\/pwb-brand?post=512"},{"taxonomy":"product_cat","embeddable":true,"href":"https:\/\/monitorykomercyjne.pl\/index.php\/wp-json\/wp\/v2\/product_cat?post=512"},{"taxonomy":"product_tag","embeddable":true,"href":"https:\/\/monitorykomercyjne.pl\/index.php\/wp-json\/wp\/v2\/product_tag?post=512"}],"curies":[{"name":"wp","href":"https:\/\/api.w.org\/{rel}","templated":true}]}}