{"id":516,"date":"2024-03-04T13:02:22","date_gmt":"2024-03-04T12:02:22","guid":{"rendered":"https:\/\/monitorykomercyjne.pl\/?post_type=product&#038;p=516"},"modified":"2024-05-09T09:39:50","modified_gmt":"2024-05-09T07:39:50","slug":"nec-multisync-v754q-monitor-wielkoformatowy-75","status":"publish","type":"product","link":"https:\/\/monitorykomercyjne.pl\/index.php\/produkt\/nec-multisync-v754q-monitor-wielkoformatowy-75\/","title":{"rendered":"NEC MultiSync\u00a0V754Q &#8211; Monitor wielkoformatowy 75&#8243;"},"content":{"rendered":"<section id=\"overview\" class=\"row\">\n<div class=\"columns medium-6\">\n<p><!-- ossproductdescstart --><\/p>\n<p><b>Lepsze wra\u017cenia wizualne na potrzeby zastosowa\u0144 informacyjno-reklamowych i\u00a0prezentacji<\/b><\/p>\n<p>W\u00a0celu zapewnienia niesamowitych wizualizacji w\u00a0monitorze NEC MultiSync\u00ae\u00a0V754Q po\u0142\u0105czono najlepsze wizualne wra\u017cenia w\u00a0rozdzielczo\u015bci UHD z\u00a0bezproblemow\u0105 obs\u0142ug\u0105, nie rezygnuj\u0105c przy tym z\u00a0najni\u017cszego poziomu wymaganych inwestycji operacyjnych.<\/p>\n<p>Zachwycaj\u0105c\u0105, ergonomiczn\u0105, \u201ebezpikselow\u0105\u201d jako\u015b\u0107 obrazu sprytnie po\u0142\u0105czono z\u00a0wiarygodn\u0105 reprodukcj\u0105 barw i\u00a0uzyskano maksymalnie realistyczne obrazy o\u00a0zwi\u0119kszonym kontra\u015bcie, kt\u00f3re zapieraj\u0105 dech w\u00a0piersiach. Z\u00a0kolei za przyjemn\u0105 dla oka czytelno\u015b\u0107 w\u00a0normalnych warunkach o\u015bwietlenia odpowiada jasno\u015b\u0107 na poziomie 500\u00a0cd\/m\u00b2 oraz niewielkie odbicia dzi\u0119ki antyrefleksyjnej powierzchni. Nowoczesny, smuk\u0142y wygl\u0105d doskonale uzupe\u0142nia architektur\u0119 otoczenia oraz umo\u017cliwia integracj\u0119 bez wzgl\u0119du na zastosowanie czy \u015brodowisko. Zastosowano te\u017c technologi\u0119 Open Modular Intelligence (OMi) jako najbardziej inteligentny spos\u00f3b na dostosowanie rozwi\u0105za\u0144 informacyjno-reklamowych do potrzeb u\u017cytkownika, umo\u017cliwiaj\u0105c bezproblemowe zintegrowanie modu\u0142\u00f3w skalowalnej mocy obliczeniowej z\u00a0monitorem.<\/p>\n<p>Monitor MultiSync\u00ae\u00a0V754Q o\u00a0przek\u0105tnej 75\u201d doskonale sprawdza si\u0119 wsz\u0119dzie tam, gdzie wymagane jest wywieranie silnego i\u00a0trwa\u0142ego wra\u017cenia, a\u00a0wi\u0119c w\u00a0sklepach, obiektach rekreacyjnych i\u00a0muzealnych, hotelach i\u00a0przestrzeniach firmowych, a\u00a0tak\u017ce umo\u017cliwia prowadzenie przekonuj\u0105cych prezentacji w\u00a0obiektach konferencyjnych.<\/p>\n<p><!-- ossproductdescend --><\/p>\n<\/div>\n<div class=\"columns medium-6\">\n<h3>Korzy\u015bci<\/h3>\n<ul>\n<li><b>Gotowo\u015b\u0107 do pracy przez ca\u0142\u0105 dob\u0119, 7\u00a0dni w\u00a0tygodniu w\u00a0zastosowaniach o\u00a0krytycznym znaczeniu<\/b> \u2013precyzyjnie dobrane komponenty klasy przemys\u0142owej i\u00a0staranna konstrukcja, opracowana z\u00a0my\u015bl\u0105 o\u00a0wymagaj\u0105cym otoczeniu eksploatacji, w\u00a0po\u0142\u0105czeniu z\u00a0trwa\u0142ymi, wysoce pozytywnymi wra\u017ceniami odbiorc\u00f3w.<\/li>\n<li><b>Wzbogacone parametry obrazu <\/b> \u2013zaawansowane ustawienia wszystkich istotnych parametr\u00f3w wizualnych pozwalaj\u0105 na pe\u0142n\u0105 regulacj\u0119 jasno\u015bci, barwy, warto\u015bci gamma i\u00a0jednorodno\u015bci poprzez system SpectravVew Engine.<\/li>\n<li><b>\u0141atwo\u015b\u0107 u\u017cytkowania i\u00a0obs\u0142ugi<\/b> \u2013Inteligentne funkcje instalacji, obs\u0142ugi i\u00a0konserwacji pozwalaj\u0105 na uzyskanie sta\u0142ych osi\u0105g\u00f3w przez ca\u0142y czas eksploatacji urz\u0105dzenia, daj\u0105c oszcz\u0119dno\u015b\u0107 czasu, wysi\u0142ku i\u00a0zasob\u00f3w.<\/li>\n<li><b>Przysz\u0142o\u015bciowe rozwi\u0105zania z\u00a0zakresu pod\u0142\u0105czania i\u00a0przetwarzania sygna\u0142\u00f3w<\/b> \u2013liczne wej\u015bcia o\u00a0natywnej rozdzielczo\u015bci UHD i\u00a0cz\u0119stotliwo\u015bci od\u015bwie\u017cania 60\u00a0Hz, w\u00a0tym DisplayPort, HDMI i\u00a0gniazdo opcji na potrzeby komputer\u00f3w OPS typu slot-in, w\u00a0po\u0142\u0105czeniu z\u00a0automatyczn\u0105 konwersj\u0105 sygna\u0142\u00f3w o\u00a0ni\u017cszej rozdzielczo\u015bci do rozdzielczo\u015bci UHD gwarantuj\u0105 wra\u017cenie bezpikselowego obrazu w\u00a0du\u017cej skali.<\/li>\n<li><b>Gotowy na przysz\u0142e wyzwania dzi\u0119ki technologii Open Modular Intelligence<\/b> \u2013mo\u017cliwo\u015b\u0107 rozszerzenia mo\u017cliwo\u015bci monitora w\u00a0dowolnym czasie dzi\u0119ki perfekcyjnej integracji jednej z\u00a0opcji NEC takich jak modu\u0142y mikrokomputer\u00f3w OPS typu slot-in czy Raspberry Pi b\u0105d\u017a interfejsy sygna\u0142\u00f3w do przesy\u0142ania zawarto\u015bci i\u00a0\u0142\u0105czenia z komputerami.<\/li>\n<\/ul>\n<\/div>\n<\/section>\n<dl id=\"speciList\" class=\"js-accordion\">\n<dt class=\"js-accordion__toggle accordion__toggle\">WY\u015aWIETLACZ<\/dt>\n<dd class=\"js-accordion__content\">\n<table class=\"datalist datalist--divided-inset\">\n<tbody>\n<tr>\n<td>Rodzaj panelu<\/td>\n<td>IPS z pod\u015bwietleniem Edge LED<\/td>\n<\/tr>\n<tr>\n<td>U\u017cyteczna powierzchnia [cale\/cm]<\/td>\n<td>1,649.7 x 927.9<\/td>\n<\/tr>\n<tr>\n<td>Wielko\u015b\u0107 ekranu [cale\/cm]<\/td>\n<td>75 \/ 189<\/td>\n<\/tr>\n<tr>\n<td>Jasno\u015b\u0107 [cd\/m\u00b2]<\/td>\n<td>500, 350 (shipment setting)<\/td>\n<\/tr>\n<tr>\n<td>Kontrast<\/td>\n<td>1200:1<\/td>\n<\/tr>\n<tr>\n<td>K\u0105ty widzenia [\u00b0]<\/td>\n<td>178 \/ 178 (kontrast &gt; 10:1)<\/td>\n<\/tr>\n<tr>\n<td>Colour Depth [bn]<\/td>\n<td>1.073 (10bit)<\/td>\n<\/tr>\n<tr>\n<td>Czas reakcji [ms]<\/td>\n<td>8 (grey-to-grey)<\/td>\n<\/tr>\n<tr>\n<td>Haze Level [%]<\/td>\n<td>Pro (28)<\/td>\n<\/tr>\n<tr>\n<td>Obs\u0142ugiwana orientacja obrazu<\/td>\n<td>Ekranem do g\u00f3ry <sup>1<\/sup>; Pionowa; Pozioma<\/td>\n<\/tr>\n<\/tbody>\n<\/table>\n<\/dd>\n<dt class=\"js-accordion__toggle accordion__toggle\">ROZDZIELCZO\u015a\u0106<\/dt>\n<dd class=\"js-accordion__content\">\n<table class=\"datalist datalist--divided-inset\">\n<tbody>\n<tr>\n<td>Rozdzielczo\u015b\u0107 natywna<\/td>\n<td>\n<div class=\"productSpecRes productSpecRes--columns\">3840 x 2160<\/div>\n<\/td>\n<\/tr>\n<tr>\n<td>Obs\u0142ugiwane przez wej\u015bcia cyfrowe i analogowe (PC)<\/td>\n<td>\n<div class=\"productSpecRes productSpecRes--columns\">1920 x 1080; 1920 x 2160; 3840 x 2160; 4096 x 2160<\/div>\n<\/td>\n<\/tr>\n<\/tbody>\n<\/table>\n<\/dd>\n<dt class=\"js-accordion__toggle accordion__toggle\">CZ\u0118STOTLIWO\u015a\u0106 SYNCHRONIZACJI<\/dt>\n<dd class=\"js-accordion__content\">\n<table class=\"datalist datalist--divided-inset\">\n<tbody>\n<tr>\n<td>Cz\u0119stotliwo\u015b\u0107 pozioma [kHz]<\/td>\n<td>31.5 &#8211; 91.1<\/td>\n<\/tr>\n<tr>\n<td>Cz\u0119stotliwo\u015b\u0107 pionowa [Hz]<\/td>\n<td>24 &#8211; 85<\/td>\n<\/tr>\n<\/tbody>\n<\/table>\n<\/dd>\n<dt class=\"js-accordion__toggle accordion__toggle\">MO\u017bLIWO\u015aCI POD\u0141\u0104CZANIA<\/dt>\n<dd class=\"js-accordion__content\">\n<table class=\"datalist datalist--divided-inset\">\n<tbody>\n<tr>\n<td>Wej\u015bcia wideo cyfrowe<\/td>\n<td>2 x DisplayPort (HDCP); 3 x HDMI (HDCP)<\/td>\n<\/tr>\n<tr>\n<td>Wej\u015bcia audio analogowe<\/td>\n<td>1 x 3,5 mm jack<\/td>\n<\/tr>\n<tr>\n<td>Wej\u015bcia audio cyfrowe<\/td>\n<td>2 x Interfejs DisplayPort; 3 x HDMI<\/td>\n<\/tr>\n<tr>\n<td>Kontrola wej\u015bcia<\/td>\n<td>1 x LAN 100Mbit; 1 x Remote Control (3.5 mm jack); 1 x RS232<\/td>\n<\/tr>\n<tr>\n<td>Input Data<\/td>\n<td>1 x microSD (MediaPlayer); 1 x USB 2.0 (Downstream); 1 x USB 2.0 (MediaPlayer); 1 x USB Type-B (Upstream); 2 x USB 2.0 (Compute Module, 1 x 5V\/2A powered)<\/td>\n<\/tr>\n<tr>\n<td>Wyj\u015bcia wideo cyfrowe<\/td>\n<td>1 x DisplayPort (loop through: DisplayPort, OPS slot-in PC)<\/td>\n<\/tr>\n<tr>\n<td>Wyj\u015bcia audio analogowe<\/td>\n<td>Z\u0142\u0105cze 1 x 3,5 mm<\/td>\n<\/tr>\n<tr>\n<td>Kontrola wyj\u015bcia<\/td>\n<td>1 x LAN 100Mbit<\/td>\n<\/tr>\n<\/tbody>\n<\/table>\n<\/dd>\n<dt class=\"js-accordion__toggle accordion__toggle\">OPEN MODULAR INTELLIGENCE<\/dt>\n<dd class=\"js-accordion__content\">\n<table class=\"datalist datalist--divided-inset\">\n<tbody>\n<tr>\n<td>Rodzaj slot<\/td>\n<td>Open Pluggable Specification (Standard NEC \/ Intel OPS)<\/td>\n<\/tr>\n<tr>\n<td>Maks. nat\u0119\u017cenie \/ pob\u00f3r mocy OPS \/ [A \/ W]<\/td>\n<td>4.7 \/ 75<\/td>\n<\/tr>\n<tr>\n<td>Gniazdo mikrokomputera<\/td>\n<td>Technologia gniazda: Gniazdo mikrokomputera 3 (standard opracowany przez NEC)<\/td>\n<\/tr>\n<\/tbody>\n<\/table>\n<\/dd>\n<dt class=\"js-accordion__toggle accordion__toggle\">CZUJNIKI<\/dt>\n<dd class=\"js-accordion__content\">\n<table class=\"datalist datalist--divided-inset\">\n<tbody>\n<tr>\n<td>Czujnik nat\u0119\u017cenia o\u015bwietlenia w otoczeniu<\/td>\n<td>mo\u017cliwo\u015b\u0107 programowania uruchamianych dzia\u0142a\u0144<\/td>\n<\/tr>\n<tr>\n<td>Czujnik obecno\u015bci cz\u0142owieka<\/td>\n<td>Opcjonalny, zewn\u0119trzny, zasi\u0119g 4\u20135\u00a0m, z\u00a0mo\u017cliwo\u015bci\u0105 programowania uruchamianych dzia\u0142a\u0144<\/td>\n<\/tr>\n<tr>\n<td>Czujnik temperatury<\/td>\n<td>Wbudowany, liczba czujnik\u00f3w: 3, z\u00a0mo\u017cliwo\u015bci\u0105 programowania uruchamianych dzia\u0142a\u0144<\/td>\n<\/tr>\n<tr>\n<td>Czujnik NFC<\/td>\n<td>Wbudowany, zasi\u0119g 2\u00a0cm, wymagana darmowa aplikacja NEC dla systemu Android<\/td>\n<\/tr>\n<\/tbody>\n<\/table>\n<\/dd>\n<dt class=\"js-accordion__toggle accordion__toggle\">PARAMETRY ELEKTRYCZNE<\/dt>\n<dd class=\"js-accordion__content\">\n<table class=\"datalist datalist--divided-inset\">\n<tbody>\n<tr>\n<td>Pob\u00f3r mocy [W]<\/td>\n<td>155 wysy\u0142ka; 210 (maks.)<\/td>\n<\/tr>\n<tr>\n<td>Tryb Power Save [W]<\/td>\n<td>&lt; 0.5; &lt; 2 (Networked Standby)<\/td>\n<\/tr>\n<tr>\n<td>Zarz\u0105dzanie energi\u0105<\/td>\n<td>VESA DPMS<\/td>\n<\/tr>\n<\/tbody>\n<\/table>\n<\/dd>\n<dt class=\"js-accordion__toggle accordion__toggle\">WARUNKI OTOCZENIA<\/dt>\n<dd class=\"js-accordion__content\">\n<table class=\"datalist datalist--divided-inset\">\n<tbody>\n<tr>\n<td>Temperatura otoczenia podczes pracy [\u00b0C]<\/td>\n<td>+0 to +40<\/td>\n<\/tr>\n<tr>\n<td>Wilgotno\u015b\u0107 otoczenia podczas pracy [%]<\/td>\n<td>20 to 80<\/td>\n<\/tr>\n<\/tbody>\n<\/table>\n<\/dd>\n<dt class=\"js-accordion__toggle accordion__toggle\">PARAMETRY MECHANICZNE<\/dt>\n<dd class=\"js-accordion__content\">\n<table class=\"datalist datalist--divided-inset\">\n<tbody>\n<tr>\n<td>Wymiary [mm]<\/td>\n<td>Bez n\u00f3\u017cek: 1\u00a0681 x 960 x 71<\/td>\n<\/tr>\n<tr>\n<td>Waga [kg]<\/td>\n<td>53<\/td>\n<\/tr>\n<tr>\n<td>Szeroko\u015b\u0107 ramki [mm]<\/td>\n<td>14,8 (g\u00f3ra\/d\u00f3\u0142); 14,8 (lewa\/prawa)<\/td>\n<\/tr>\n<tr>\n<td>Mocowanie VESA [mm]<\/td>\n<td>4 otwory; 400 x 400 (FDMI); 600 x 400 (FDMI); \u015bruby M8<\/td>\n<\/tr>\n<tr>\n<td>Stopie\u0144 ochrony<\/td>\n<td>IP5x (prz\u00f3d); IP2x (tyl)<\/td>\n<\/tr>\n<tr>\n<td>Wymiary opakowania (szer. x wys. x g\u0142\u0119b.) [mm]<\/td>\n<td>1,830 x 1,190 x 280<\/td>\n<\/tr>\n<tr>\n<td>Masa z\u00a0opakowaniem [kg]<\/td>\n<td>65.5<\/td>\n<\/tr>\n<tr>\n<td>Kolor ramki<\/td>\n<td>Pantone 426M (czarny)<\/td>\n<\/tr>\n<tr>\n<td>Materia\u0142<\/td>\n<td>Metal<\/td>\n<\/tr>\n<\/tbody>\n<\/table>\n<\/dd>\n<dt class=\"js-accordion__toggle accordion__toggle\">MEDIAPLAYER<\/dt>\n<dd class=\"js-accordion__content\">\n<table class=\"datalist datalist--divided-inset\">\n<tbody>\n<tr>\n<td>Supported File Storage \/ File System<\/td>\n<td>MicroSDHC \/ FAT16, FAT32; USB 2.0 \/ FAT16, FAT32<\/td>\n<\/tr>\n<tr>\n<td>Supported Image Formats<\/td>\n<td>JPG (baseline, progressive, RGB, CMYK); max. resolution 5000 x 5000; PNG (interlace, alpha channel); max. resolution 4000 x 4000<\/td>\n<\/tr>\n<tr>\n<td>Supported Video Formats<\/td>\n<td>MP4 \/ MOV \/ FLV (wideo H.264, audio MP3, AAC); maks. rozdzielczo\u015b\u0107 1080p przy 30 Hz, 1080i przy 60 Hz; MPG (video mpeg1\/2, audio mpeg audio layer2\/3, AAC-LC); MP @ ML, MP @ HL; WMV (video H.264, wmv advanced L3, wmv simple \/ main, audio mp3 wmv std); maks. rozdzielczo\u015b\u0107 1080p przy 30 Hz, 1080i przy 60 Hz<\/td>\n<\/tr>\n<tr>\n<td>Supported Audio Formats<\/td>\n<td>MP3 (MP3); max. bit-rate 320 kBit\/s; WAV (LPCM); max. 48 kHz sampling<\/td>\n<\/tr>\n<\/tbody>\n<\/table>\n<\/dd>\n<dt class=\"js-accordion__toggle accordion__toggle\">DOST\u0118PNE OPCJE<\/dt>\n<dd class=\"js-accordion__content\">\n<table class=\"datalist datalist--divided-inset\">\n<tbody>\n<tr>\n<td>Akcesoria<\/td>\n<td>G\u0142o\u015bnik (SP-754QSM, SP-TF1); Stopki (ST-801); W\u00f3zek (PD02MHA, PD03MHA, PDMHM-L); Zestaw do monta\u017cu na \u015bcianie (PDW T XL-2)<\/td>\n<\/tr>\n<tr>\n<td>Compute Module Slot<\/td>\n<td>Mikrokomputer NEC; Mikrokomputer Raspberry Pi 1 i 3<\/td>\n<\/tr>\n<tr>\n<td>OPS Slot<\/td>\n<td>Odbiornik HDBaseT; OPS-2C Quad 3G SDI; Procesory Intel\u00ae Atom, Celeron i\u00a0Core<\/td>\n<\/tr>\n<\/tbody>\n<\/table>\n<\/dd>\n<dt class=\"js-accordion__toggle accordion__toggle\">FUNKCJE EKO<\/dt>\n<dd class=\"js-accordion__content\">\n<table class=\"datalist datalist--divided-inset\">\n<tbody>\n<tr>\n<td>Wydajno\u015b\u0107 energetyczna<\/td>\n<td>Czujnik \u015bwiat\u0142a zewn\u0119trznego; Klasa efektywno\u015bci energetycznej: G; Licznik carbon savings; Lokalne przyciemnianie; Tryb ECO; Zu\u017cycie energii: 145 kWh\/1000 godzin<\/td>\n<\/tr>\n<\/tbody>\n<\/table>\n<\/dd>\n<dt class=\"js-accordion__toggle accordion__toggle\">DODATKOWE FUNKCJE<\/dt>\n<dd class=\"js-accordion__content\">\n<table class=\"datalist datalist--divided-inset\">\n<tbody>\n<tr>\n<td>Cechy Specjalne<\/td>\n<td>12-bitowa tablica Look Up Table; AMX NetLinx Support; ASCII Control Commands; Automated Email Alert; Automatyczne przypisanie ID; CEC Support; Cisco Webex Kit compatible; Crestron Connected Support; Czujnik nat\u0119\u017cenia o\u015bwietlenia w otoczeniu; Display Browser Control; Emergency Notification; Funkcja automatycznego przechylania; Funkcja rejestru mo\u017cliwego do odczytania przez u\u017cytkownika; HDMI with UHD at 60 Hz; HDR Gamma Support (HLG, PQ); KeyGuide; MediaPlayer with Browser Control; Menu OSD z mo\u017cliwo\u015bci\u0105 obrotu do trybu portretowego; NaViSet Administrator 2; OmniColor Control; PIN jako zabezpieczenie przed kradzie\u017c\u0105; PJLink Support; Powered USB-Port; Removable Logo; Scheduler (funkcja planowania w\u0142\u0105czania\/wy\u0142\u0105czania); Slim LED Indicator; SNMP Support; Symulacja standardu DICOM; TitleMatrix (10 x 10)<\/td>\n<\/tr>\n<tr>\n<td>Wersje kolorystyczne<\/td>\n<td>opcjonalne kolorowe ramy nak\u0142adane<\/td>\n<\/tr>\n<tr>\n<td>Bezpiecze\u0144stwo i ergonomia<\/td>\n<td>CE; EAC; EMC Class B; FCC; SASO; T\u00dcV GS; UL\/C-UL or CSA; VCCI<\/td>\n<\/tr>\n<tr>\n<td>Klasa b\u0142\u0119d\u00f3w pikseli<\/td>\n<td>Klasa 1 wg ISO 9241-307<\/td>\n<\/tr>\n<tr>\n<td>G\u0142o\u015bniki<\/td>\n<td>Integrated Speakers (10 W + 10 W); Opcjonalnie (15 W + 15 W)<\/td>\n<\/tr>\n<tr>\n<td>Zawarto\u015b\u0107 opakowania<\/td>\n<td>Kabel DisplayPort; Kabel USB; Monitor; Pilot; P\u0142yta CD (Podr\u0119czniki u\u017cytkownika\/Instrukcje)<\/td>\n<\/tr>\n<tr>\n<td>Gwarancja<\/td>\n<td>3 lata (w tym na pod\u015bwietlenie ekranu); opcjonalne przed\u0142u\u017cenie gwarancji na 4. i\u00a05. rok <sup>2<\/sup><\/td>\n<\/tr>\n<tr>\n<td>Godziny pracy<\/td>\n<td>24\/7<\/td>\n<\/tr>\n<\/tbody>\n<\/table>\n<\/dd>\n<\/dl>\n","protected":false},"excerpt":{"rendered":"<div class=\"columns medium-6 product-features\">\n<table class=\"datalist datalist--divided-fullwidth\">\n<tbody>\n<tr>\n<td>Poziom antyrefleksyjny <\/td>\n<td>Pro<\/td>\n<\/tr>\n<tr>\n<td>Godziny pracy<\/td>\n<td>24\/7<\/td>\n<\/tr>\n<tr>\n<td>Jasno\u015b\u0107  [cd\/m\u00b2]<\/td>\n<td>500<\/td>\n<\/tr>\n<tr>\n<td>Rozdzielczo\u015b\u0107<\/td>\n<td>3840 x 2160<\/td>\n<\/tr>\n<tr>\n<td>Kod produktu<\/td>\n<td>60004317<\/td>\n<\/tr>\n<\/tbody>\n<\/table>\n<\/div>\n","protected":false},"featured_media":514,"template":"","meta":{"inline_featured_image":false,"neve_meta_sidebar":"","neve_meta_container":"","neve_meta_enable_content_width":"off","neve_meta_content_width":100,"neve_meta_title_alignment":"","neve_meta_author_avatar":"","neve_post_elements_order":"","neve_meta_disable_header":"","neve_meta_disable_footer":"","neve_meta_disable_title":""},"pwb-brand":[28],"product_cat":[22],"product_tag":[],"yoast_head":"<!-- This site is optimized with the Yoast SEO plugin v22.6 - https:\/\/yoast.com\/wordpress\/plugins\/seo\/ -->\n<title>NEC MultiSync\u00a0V754Q - Monitor wielkoformatowy 75&quot; - Monitory Komercyjne Monitory komercyjne<\/title>\n<meta name=\"robots\" content=\"index, follow, max-snippet:-1, max-image-preview:large, max-video-preview:-1\" \/>\n<link rel=\"canonical\" href=\"https:\/\/monitorykomercyjne.pl\/index.php\/produkt\/nec-multisync-v754q-monitor-wielkoformatowy-75\/\" \/>\n<meta property=\"og:locale\" content=\"pl_PL\" \/>\n<meta property=\"og:type\" content=\"article\" \/>\n<meta property=\"og:title\" content=\"NEC MultiSync\u00a0V754Q - Monitor wielkoformatowy 75&quot; - Monitory Komercyjne Monitory komercyjne\" \/>\n<meta property=\"og:description\" content=\"Poziom antyrefleksyjny ProGodziny pracy24\/7Jasno\u015b\u0107 [cd\/m\u00b2]500Rozdzielczo\u015b\u01073840 x 2160Kod produktu60004317\" \/>\n<meta property=\"og:url\" content=\"https:\/\/monitorykomercyjne.pl\/index.php\/produkt\/nec-multisync-v754q-monitor-wielkoformatowy-75\/\" \/>\n<meta property=\"og:site_name\" content=\"Monitory Komercyjne\" \/>\n<meta property=\"article:modified_time\" content=\"2024-05-09T07:39:50+00:00\" \/>\n<meta property=\"og:image\" content=\"https:\/\/monitorykomercyjne.pl\/wp-content\/uploads\/2024\/03\/NEC-MultiSync-V984Q1.jpg\" \/>\n\t<meta property=\"og:image:width\" content=\"1600\" \/>\n\t<meta property=\"og:image:height\" content=\"1200\" \/>\n\t<meta property=\"og:image:type\" content=\"image\/jpeg\" \/>\n<meta name=\"twitter:card\" content=\"summary_large_image\" \/>\n<meta name=\"twitter:label1\" content=\"Szacowany czas czytania\" \/>\n\t<meta name=\"twitter:data1\" content=\"6 minut\" \/>\n<script type=\"application\/ld+json\" class=\"yoast-schema-graph\">{\"@context\":\"https:\/\/schema.org\",\"@graph\":[{\"@type\":\"WebPage\",\"@id\":\"https:\/\/monitorykomercyjne.pl\/index.php\/produkt\/nec-multisync-v754q-monitor-wielkoformatowy-75\/\",\"url\":\"https:\/\/monitorykomercyjne.pl\/index.php\/produkt\/nec-multisync-v754q-monitor-wielkoformatowy-75\/\",\"name\":\"NEC MultiSync\u00a0V754Q - Monitor wielkoformatowy 75\\\" - Monitory Komercyjne Monitory komercyjne\",\"isPartOf\":{\"@id\":\"https:\/\/monitorykomercyjne.pl\/#website\"},\"primaryImageOfPage\":{\"@id\":\"https:\/\/monitorykomercyjne.pl\/index.php\/produkt\/nec-multisync-v754q-monitor-wielkoformatowy-75\/#primaryimage\"},\"image\":{\"@id\":\"https:\/\/monitorykomercyjne.pl\/index.php\/produkt\/nec-multisync-v754q-monitor-wielkoformatowy-75\/#primaryimage\"},\"thumbnailUrl\":\"https:\/\/monitorykomercyjne.pl\/wp-content\/uploads\/2024\/03\/NEC-MultiSync-V984Q1.jpg\",\"datePublished\":\"2024-03-04T12:02:22+00:00\",\"dateModified\":\"2024-05-09T07:39:50+00:00\",\"breadcrumb\":{\"@id\":\"https:\/\/monitorykomercyjne.pl\/index.php\/produkt\/nec-multisync-v754q-monitor-wielkoformatowy-75\/#breadcrumb\"},\"inLanguage\":\"pl-PL\",\"potentialAction\":[{\"@type\":\"ReadAction\",\"target\":[\"https:\/\/monitorykomercyjne.pl\/index.php\/produkt\/nec-multisync-v754q-monitor-wielkoformatowy-75\/\"]}]},{\"@type\":\"ImageObject\",\"inLanguage\":\"pl-PL\",\"@id\":\"https:\/\/monitorykomercyjne.pl\/index.php\/produkt\/nec-multisync-v754q-monitor-wielkoformatowy-75\/#primaryimage\",\"url\":\"https:\/\/monitorykomercyjne.pl\/wp-content\/uploads\/2024\/03\/NEC-MultiSync-V984Q1.jpg\",\"contentUrl\":\"https:\/\/monitorykomercyjne.pl\/wp-content\/uploads\/2024\/03\/NEC-MultiSync-V984Q1.jpg\",\"width\":1600,\"height\":1200},{\"@type\":\"BreadcrumbList\",\"@id\":\"https:\/\/monitorykomercyjne.pl\/index.php\/produkt\/nec-multisync-v754q-monitor-wielkoformatowy-75\/#breadcrumb\",\"itemListElement\":[{\"@type\":\"ListItem\",\"position\":1,\"name\":\"Strona g\u0142\u00f3wna\",\"item\":\"https:\/\/monitorykomercyjne.pl\/\"},{\"@type\":\"ListItem\",\"position\":2,\"name\":\"Produkty\",\"item\":\"https:\/\/monitorykomercyjne.pl\/index.php\/produkty\/\"},{\"@type\":\"ListItem\",\"position\":3,\"name\":\"NEC MultiSync\u00a0V754Q &#8211; Monitor wielkoformatowy 75&#8243;\"}]},{\"@type\":\"WebSite\",\"@id\":\"https:\/\/monitorykomercyjne.pl\/#website\",\"url\":\"https:\/\/monitorykomercyjne.pl\/\",\"name\":\"Monitory Komercyjne\",\"description\":\"\",\"potentialAction\":[{\"@type\":\"SearchAction\",\"target\":{\"@type\":\"EntryPoint\",\"urlTemplate\":\"https:\/\/monitorykomercyjne.pl\/?s={search_term_string}\"},\"query-input\":\"required name=search_term_string\"}],\"inLanguage\":\"pl-PL\"}]}<\/script>\n<!-- \/ Yoast SEO plugin. -->","yoast_head_json":{"title":"NEC MultiSync\u00a0V754Q - Monitor wielkoformatowy 75\" - Monitory Komercyjne Monitory komercyjne","robots":{"index":"index","follow":"follow","max-snippet":"max-snippet:-1","max-image-preview":"max-image-preview:large","max-video-preview":"max-video-preview:-1"},"canonical":"https:\/\/monitorykomercyjne.pl\/index.php\/produkt\/nec-multisync-v754q-monitor-wielkoformatowy-75\/","og_locale":"pl_PL","og_type":"article","og_title":"NEC MultiSync\u00a0V754Q - Monitor wielkoformatowy 75\" - Monitory Komercyjne Monitory komercyjne","og_description":"Poziom antyrefleksyjny ProGodziny pracy24\/7Jasno\u015b\u0107 [cd\/m\u00b2]500Rozdzielczo\u015b\u01073840 x 2160Kod produktu60004317","og_url":"https:\/\/monitorykomercyjne.pl\/index.php\/produkt\/nec-multisync-v754q-monitor-wielkoformatowy-75\/","og_site_name":"Monitory Komercyjne","article_modified_time":"2024-05-09T07:39:50+00:00","og_image":[{"width":1600,"height":1200,"url":"https:\/\/monitorykomercyjne.pl\/wp-content\/uploads\/2024\/03\/NEC-MultiSync-V984Q1.jpg","type":"image\/jpeg"}],"twitter_card":"summary_large_image","twitter_misc":{"Szacowany czas czytania":"6 minut"},"schema":{"@context":"https:\/\/schema.org","@graph":[{"@type":"WebPage","@id":"https:\/\/monitorykomercyjne.pl\/index.php\/produkt\/nec-multisync-v754q-monitor-wielkoformatowy-75\/","url":"https:\/\/monitorykomercyjne.pl\/index.php\/produkt\/nec-multisync-v754q-monitor-wielkoformatowy-75\/","name":"NEC MultiSync\u00a0V754Q - Monitor wielkoformatowy 75\" - Monitory Komercyjne Monitory komercyjne","isPartOf":{"@id":"https:\/\/monitorykomercyjne.pl\/#website"},"primaryImageOfPage":{"@id":"https:\/\/monitorykomercyjne.pl\/index.php\/produkt\/nec-multisync-v754q-monitor-wielkoformatowy-75\/#primaryimage"},"image":{"@id":"https:\/\/monitorykomercyjne.pl\/index.php\/produkt\/nec-multisync-v754q-monitor-wielkoformatowy-75\/#primaryimage"},"thumbnailUrl":"https:\/\/monitorykomercyjne.pl\/wp-content\/uploads\/2024\/03\/NEC-MultiSync-V984Q1.jpg","datePublished":"2024-03-04T12:02:22+00:00","dateModified":"2024-05-09T07:39:50+00:00","breadcrumb":{"@id":"https:\/\/monitorykomercyjne.pl\/index.php\/produkt\/nec-multisync-v754q-monitor-wielkoformatowy-75\/#breadcrumb"},"inLanguage":"pl-PL","potentialAction":[{"@type":"ReadAction","target":["https:\/\/monitorykomercyjne.pl\/index.php\/produkt\/nec-multisync-v754q-monitor-wielkoformatowy-75\/"]}]},{"@type":"ImageObject","inLanguage":"pl-PL","@id":"https:\/\/monitorykomercyjne.pl\/index.php\/produkt\/nec-multisync-v754q-monitor-wielkoformatowy-75\/#primaryimage","url":"https:\/\/monitorykomercyjne.pl\/wp-content\/uploads\/2024\/03\/NEC-MultiSync-V984Q1.jpg","contentUrl":"https:\/\/monitorykomercyjne.pl\/wp-content\/uploads\/2024\/03\/NEC-MultiSync-V984Q1.jpg","width":1600,"height":1200},{"@type":"BreadcrumbList","@id":"https:\/\/monitorykomercyjne.pl\/index.php\/produkt\/nec-multisync-v754q-monitor-wielkoformatowy-75\/#breadcrumb","itemListElement":[{"@type":"ListItem","position":1,"name":"Strona g\u0142\u00f3wna","item":"https:\/\/monitorykomercyjne.pl\/"},{"@type":"ListItem","position":2,"name":"Produkty","item":"https:\/\/monitorykomercyjne.pl\/index.php\/produkty\/"},{"@type":"ListItem","position":3,"name":"NEC MultiSync\u00a0V754Q &#8211; Monitor wielkoformatowy 75&#8243;"}]},{"@type":"WebSite","@id":"https:\/\/monitorykomercyjne.pl\/#website","url":"https:\/\/monitorykomercyjne.pl\/","name":"Monitory Komercyjne","description":"","potentialAction":[{"@type":"SearchAction","target":{"@type":"EntryPoint","urlTemplate":"https:\/\/monitorykomercyjne.pl\/?s={search_term_string}"},"query-input":"required name=search_term_string"}],"inLanguage":"pl-PL"}]}},"brands":[{"id":28,"name":"SharpNEC","slug":"sharpnec"}],"_links":{"self":[{"href":"https:\/\/monitorykomercyjne.pl\/index.php\/wp-json\/wp\/v2\/product\/516"}],"collection":[{"href":"https:\/\/monitorykomercyjne.pl\/index.php\/wp-json\/wp\/v2\/product"}],"about":[{"href":"https:\/\/monitorykomercyjne.pl\/index.php\/wp-json\/wp\/v2\/types\/product"}],"wp:featuredmedia":[{"embeddable":true,"href":"https:\/\/monitorykomercyjne.pl\/index.php\/wp-json\/wp\/v2\/media\/514"}],"wp:attachment":[{"href":"https:\/\/monitorykomercyjne.pl\/index.php\/wp-json\/wp\/v2\/media?parent=516"}],"wp:term":[{"taxonomy":"pwb-brand","embeddable":true,"href":"https:\/\/monitorykomercyjne.pl\/index.php\/wp-json\/wp\/v2\/pwb-brand?post=516"},{"taxonomy":"product_cat","embeddable":true,"href":"https:\/\/monitorykomercyjne.pl\/index.php\/wp-json\/wp\/v2\/product_cat?post=516"},{"taxonomy":"product_tag","embeddable":true,"href":"https:\/\/monitorykomercyjne.pl\/index.php\/wp-json\/wp\/v2\/product_tag?post=516"}],"curies":[{"name":"wp","href":"https:\/\/api.w.org\/{rel}","templated":true}]}}