{"id":529,"date":"2024-03-04T13:19:06","date_gmt":"2024-03-04T12:19:06","guid":{"rendered":"https:\/\/monitorykomercyjne.pl\/?post_type=product&#038;p=529"},"modified":"2024-05-09T09:39:50","modified_gmt":"2024-05-09T07:39:50","slug":"sharp-pn-la752-tablica-interaktywna-75","status":"publish","type":"product","link":"https:\/\/monitorykomercyjne.pl\/index.php\/produkt\/sharp-pn-la752-tablica-interaktywna-75\/","title":{"rendered":"Sharp PN-LA752 &#8211; Tablica interaktywna 75&#8243;"},"content":{"rendered":"<section id=\"overview\" class=\"row\">\n<div class=\"columns medium-6\">\n<p><!-- ossproductdescstart --><\/p>\n<p><b>Bezpiecze\u0144stwo przede wszystkim i promowanie produktywno\u015bci podczas spotka\u0144 w formule hybrydowej<\/b><\/p>\n<p>Oferuj\u0105c u\u017cytkownikom korporacyjnym zaawansowane, profesjonalne funkcje, seria Sharp\/NEC LA zapewnia jednocze\u015bnie najwy\u017csze standardy bezpiecze\u0144stwa informatycznego przy zachowaniu maksimum mo\u017cliwo\u015bci wyboru i elastyczno\u015bci. Gniazdo Intel\u2122SDM rozszerza mo\u017cliwo\u015bci dostosowywania wy\u015bwietlacza, umo\u017cliwiaj\u0105c bezpieczn\u0105 i bezproblemow\u0105 integracj\u0119 z korporacyjnymi systemami informatycznymi, pozwalaj\u0105c przy tym r\u00f3wnie\u017c korzysta\u0107 z preinstalowanych funkcji, takich jak Sharp Meeting Launcher zapewniaj\u0105cy szybki dost\u0119p do ulubionych aplikacji i platform VC, a tak\u017ce z oprogramowania do interaktywnej wsp\u00f3\u0142pracy FlatFrog Board oraz modu\u0142u AirServer\u2122, kt\u00f3ry umo\u017cliwia bezprzewodowe udost\u0119pnianie ekranu.<\/p>\n<p>Dzi\u0119ki technologii dotykowej InGlass\u2122 M5 klasy premium u\u017cytkownicy do\u015bwiadczaj\u0105 najbardziej naturalnego sposobu pisania, korzystaj\u0105c z zaawansowanych funkcji interaktywnych. Wysoka jasno\u015b\u0107 wyj\u015bciowa, panel odznaczaj\u0105cy si\u0119 wysokim stopniem zamglenia oraz wysokiej jako\u015bci szklana pow\u0142oka zapewniaj\u0105 najlepsz\u0105 czytelno\u015b\u0107 w o\u015bwietlonych silnym \u015bwiat\u0142em salach konferencyjnych, nie powoduj\u0105c rozproszenia uwagi u\u017cytkownika odbiciami, odblaskami lub odciskami palc\u00f3w.<\/p>\n<p>Seria LA obs\u0142uguje dowoln\u0105 orientacj\u0119, w tym frontem do g\u00f3ry, umo\u017cliwiaj\u0105c instalacj\u0119 na stole, pochylonym biurku lub na kilku tablicach umieszczonych obok siebie, uzyskuj\u0105c w ten spos\u00f3b kompozycj\u0119 z\u0142o\u017con\u0105 z maksymalnie trzech wy\u015bwietlaczy. U\u017cytkownicy mog\u0105 bezpiecznie pod\u0142\u0105cza\u0107 w\u0142asne notebooki za po\u015brednictwem z\u0142\u0105cza USB-C, co zapewnia najwi\u0119ksz\u0105 wszechstronno\u015b\u0107 podczas spotka\u0144 w formule hybrydowej oraz spontanicznych interakcji opartych na wsp\u00f3\u0142pracy.<\/p>\n<p>Seria LA w elegancki i p\u0142ynny spos\u00f3b wpisuje si\u0119 w stylistyk\u0119 wysokiej klasy sal konferencyjnych, zar\u00f3wno wi\u0119kszych, jak i mniejszych, zapewniaj\u0105c niezawodne u\u017cytkowanie i d\u0142ug\u0105 \u017cywotno\u015b\u0107 przy minimalnym zapotrzebowaniu na energi\u0119.<\/p>\n<p><!-- ossproductdescend --><\/p>\n<\/div>\n<div class=\"columns medium-6\">\n<h3>Korzy\u015bci<\/h3>\n<ul>\n<li><b>Najbardziej naturalne wra\u017cenia podczas pisania<\/b> \u2013system dotykowy InGlass\u2122 M5 klasy premium obs\u0142uguje opatentowan\u0105 czu\u0142o\u015b\u0107 na nacisk podczas korzystania z pasywnych pi\u00f3r, a tak\u017ce technologie Windows Ink i Palm Rejection<\/li>\n<li><b>Bezpieczna konstrukcja<\/b> \u2013platforma, kt\u00f3ra nie korzysta z systemu Android i wyposa\u017cona jest w dodatkowe funkcje bezpiecze\u0144stwa, spe\u0142nia najwy\u017csze standardy bezpiecze\u0144stwa informatycznego.<\/li>\n<li><b>Opcjonalny wbudowany komputer Intel SDM z systemem Windows<\/b> \u2013nieograniczona wszechstronno\u015b\u0107 dzi\u0119ki wydajnej, zintegrowanej mocy obliczeniowej. Wbudowany modu\u0142 Meeting Launcher firmy Sharp zapewnia szybki i \u0142atwy dost\u0119p do aplikacji u\u017cytkownika, tworz\u0105c bezpieczne, zamkni\u0119te \u015brodowisko.<\/li>\n<li><b>Wi\u0119ksza produktywno\u015b\u0107<\/b> \u2013skorzystaj z bezp\u0142atnej rocznej licencji na oprogramowanie FlatFrog Board for Rooms. Oprogramowanie do interaktywnej wsp\u00f3\u0142pracy FlatFrog Board sprawia, \u017ce praca hybrydowa staje si\u0119 \u0142atwa i produktywna dla wszystkich.<\/li>\n<li><b>Energooszcz\u0119dno\u015b\u0107<\/b> \u2013wbudowane funkcje, w tym czujnik o\u015bwietlenia otoczenia, wykrywanie obecno\u015bci os\u00f3b oraz ekologiczne tryby pracy pomagaj\u0105 zmniejszy\u0107 zu\u017cycie energii.<\/li>\n<\/ul>\n<\/div>\n<\/section>\n<dl id=\"speciList\" class=\"js-accordion\">\n<dt class=\"js-accordion__toggle accordion__toggle\">WY\u015aWIETLACZ<\/dt>\n<dd class=\"js-accordion__content\">\n<table class=\"datalist datalist--divided-inset\">\n<tbody>\n<tr>\n<td>Rodzaj panelu<\/td>\n<td>IPS z\u00a0pod\u015bwietleniem Direct LED<\/td>\n<\/tr>\n<tr>\n<td>Wielko\u015b\u0107 ekranu [cale\/cm]<\/td>\n<td>75 \/ 189.3<\/td>\n<\/tr>\n<tr>\n<td>Proporcje obrazu<\/td>\n<td>16:9<\/td>\n<\/tr>\n<tr>\n<td>Jasno\u015b\u0107 [cd\/m\u00b2]<\/td>\n<td>500 (panel LCD bez szyby); 450 (produkt)<\/td>\n<\/tr>\n<tr>\n<td>Kontrast<\/td>\n<td>1200:1<\/td>\n<\/tr>\n<tr>\n<td>K\u0105ty widzenia [\u00b0]<\/td>\n<td>178 poziomo \/ 178 pionowo (CR 10:1)<\/td>\n<\/tr>\n<tr>\n<td>Colour Depth [bn]<\/td>\n<td>1.073 (10bit)<\/td>\n<\/tr>\n<tr>\n<td>Colour Gamut<\/td>\n<td>68% z DCI<\/td>\n<\/tr>\n<tr>\n<td>Czas reakcji [ms]<\/td>\n<td>8<\/td>\n<\/tr>\n<tr>\n<td>Cz\u0119stotliwo\u015b\u0107 od\u015bwie\u017cania obrazu [Hz]<\/td>\n<td>60<\/td>\n<\/tr>\n<tr>\n<td>Obs\u0142ugiwana orientacja obrazu<\/td>\n<td>Ekranem do g\u00f3ry <sup>1<\/sup>; Pionowa; Pozioma<\/td>\n<\/tr>\n<\/tbody>\n<\/table>\n<\/dd>\n<dt class=\"js-accordion__toggle accordion__toggle\">DOTYK<\/dt>\n<dd class=\"js-accordion__content\">\n<table class=\"datalist datalist--divided-inset\">\n<tbody>\n<tr>\n<td>Technologia dotykowa<\/td>\n<td>InGlass\u2122 M5<\/td>\n<\/tr>\n<tr>\n<td>Punkty dotyku \/ zdarzenia<\/td>\n<td>Rzeczywista technologia dotyku wielokrotnego \u2014 liczba punkt\u00f3w dotyku: maks. 20<\/td>\n<\/tr>\n<tr>\n<td>Czas odpowiedzi [ms]<\/td>\n<td>\u2264 15<\/td>\n<\/tr>\n<tr>\n<td>Metoda wprowadzania danych<\/td>\n<td>Palec; Rysik (\u2265\u00a02\u00a0mm); R\u0119kawiczki<\/td>\n<\/tr>\n<tr>\n<td>System Operacyjny<\/td>\n<td>Natywna obs\u0142uga dotyku wielokrotnego: Windows 7, Windows 8, Windows 10, Linux, Android; mysz domy\u015blna: Windows XP, Windows Vista, Mac OS X<\/td>\n<\/tr>\n<tr>\n<td>Protok\u00f3\u0142 komunikacyjny<\/td>\n<td>USB-HID<\/td>\n<\/tr>\n<tr>\n<td>Dok\u0142adno\u015b\u0107 [mm]<\/td>\n<td>&lt; 1<\/td>\n<\/tr>\n<tr>\n<td>Windows Ink<\/td>\n<td>tak<\/td>\n<\/tr>\n<tr>\n<td>Palm Rejection<\/td>\n<td>tak<\/td>\n<\/tr>\n<\/tbody>\n<\/table>\n<\/dd>\n<dt class=\"js-accordion__toggle accordion__toggle\">SZK\u0141O<\/dt>\n<dd class=\"js-accordion__content\">\n<table class=\"datalist datalist--divided-inset\">\n<tbody>\n<tr>\n<td>Typ<\/td>\n<td>Najwy\u017cszej jako\u015bci szk\u0142o hartowane, pow\u0142oka antyrefleksyjna; Zero Bonding<\/td>\n<\/tr>\n<tr>\n<td>Grubo\u015b\u0107 [mm]<\/td>\n<td>3<\/td>\n<\/tr>\n<tr>\n<td>Haze Level [%]<\/td>\n<td>4 ~ 8<\/td>\n<\/tr>\n<tr>\n<td>Twardo\u015b\u0107 [H]<\/td>\n<td>\u2265 8<\/td>\n<\/tr>\n<\/tbody>\n<\/table>\n<\/dd>\n<dt class=\"js-accordion__toggle accordion__toggle\">ROZDZIELCZO\u015a\u0106<\/dt>\n<dd class=\"js-accordion__content\">\n<table class=\"datalist datalist--divided-inset\">\n<tbody>\n<tr>\n<td>Rozdzielczo\u015b\u0107 natywna<\/td>\n<td>\n<div class=\"productSpecRes productSpecRes--columns\">3840 x 2160<\/div>\n<\/td>\n<\/tr>\n<tr>\n<td>Obs\u0142ugiwane przez wej\u015bcia cyfrowe i analogowe (PC)<\/td>\n<td>\n<div class=\"productSpecRes productSpecRes--columns\">1024 x 768; 1280 x 1024; 1280 x 720; 1360 x 768; 1366 x 768; 1400 x 1050; 1440 x 900; 1600 x 1200; 1920 x 1080; 1920 x 1200; 1920 x 2160; 2560 x 1440; 2560 x 1600; 3840 x 2160; 4096 x 2160; 7680 x 4320<\/div>\n<\/td>\n<\/tr>\n<\/tbody>\n<\/table>\n<\/dd>\n<dt class=\"js-accordion__toggle accordion__toggle\">CZ\u0118STOTLIWO\u015a\u0106 SYNCHRONIZACJI<\/dt>\n<dd class=\"js-accordion__content\">\n<table class=\"datalist datalist--divided-inset\">\n<tbody>\n<tr>\n<td>Cz\u0119stotliwo\u015b\u0107 pozioma [kHz]<\/td>\n<td>15 &#8211; 135<\/td>\n<\/tr>\n<tr>\n<td>Cz\u0119stotliwo\u015b\u0107 pionowa [Hz]<\/td>\n<td>23 &#8211; 76<\/td>\n<\/tr>\n<\/tbody>\n<\/table>\n<\/dd>\n<dt class=\"js-accordion__toggle accordion__toggle\">MO\u017bLIWO\u015aCI POD\u0141\u0104CZANIA<\/dt>\n<dd class=\"js-accordion__content\">\n<table class=\"datalist datalist--divided-inset\">\n<tbody>\n<tr>\n<td>Wej\u015bcia wideo cyfrowe<\/td>\n<td>1 x DisplayPort (HDCP); 1 x USB-C (z HDCP, 65 W); 2 x HDMI (HDCP)<\/td>\n<\/tr>\n<tr>\n<td>Wej\u015bcia audio cyfrowe<\/td>\n<td>1 x Interfejs DisplayPort; 2 x HDMI<\/td>\n<\/tr>\n<tr>\n<td>Kontrola wej\u015bcia<\/td>\n<td>RS232; Sie\u0107 LAN 100 Mbit<\/td>\n<\/tr>\n<tr>\n<td>Input Data<\/td>\n<td>1 x USB 2.0 (Powered 5V\/2A, Firmware Updates); 1 x USB 2.0 Type-B (Downstream); 2 x USB 2.0 (Downstream)<\/td>\n<\/tr>\n<tr>\n<td>Wyj\u015bcia wideo cyfrowe<\/td>\n<td>1 x DisplayPort (loop through: DisplayPort, SDM slot-in PC)<\/td>\n<\/tr>\n<tr>\n<td>Wyj\u015bcia audio analogowe<\/td>\n<td>Z\u0142\u0105cze 1 x 3,5 mm<\/td>\n<\/tr>\n<tr>\n<td>Kontrola wyj\u015bcia<\/td>\n<td>1 x LAN 100Mbit<\/td>\n<\/tr>\n<tr>\n<td>Input Detect<\/td>\n<td>Custom; First; Last<\/td>\n<\/tr>\n<tr>\n<td>PiP\/PbP<\/td>\n<td>Dual-Split; Quad-Split; scalable picture size<\/td>\n<\/tr>\n<\/tbody>\n<\/table>\n<\/dd>\n<dt class=\"js-accordion__toggle accordion__toggle\">OPEN MODULAR INTELLIGENCE<\/dt>\n<dd class=\"js-accordion__content\">\n<table class=\"datalist datalist--divided-inset\">\n<tbody>\n<tr>\n<td>Intel\u00ae SDM<\/td>\n<td>Mo\u017cliwo\u015b\u0107 zastosowania du\u017cych i ma\u0142ych (do 66\u00a0W) modu\u0142\u00f3w Intel\u00ae Smart Display<\/td>\n<\/tr>\n<\/tbody>\n<\/table>\n<\/dd>\n<dt class=\"js-accordion__toggle accordion__toggle\">CZUJNIKI<\/dt>\n<dd class=\"js-accordion__content\">\n<table class=\"datalist datalist--divided-inset\">\n<tbody>\n<tr>\n<td>Czujnik nat\u0119\u017cenia o\u015bwietlenia w otoczeniu<\/td>\n<td>mo\u017cliwo\u015b\u0107 programowania uruchamianych dzia\u0142a\u0144<\/td>\n<\/tr>\n<tr>\n<td>Czujnik temperatury<\/td>\n<td>Wbudowany, liczba czujnik\u00f3w: 3, z\u00a0mo\u017cliwo\u015bci\u0105 programowania uruchamianych dzia\u0142a\u0144<\/td>\n<\/tr>\n<tr>\n<td>Czujnik obecno\u015bci cz\u0142owieka<\/td>\n<td>poziomo prawy: 60\u00b0, poziomo lewy: 60\u00b0, odleg\u0142o\u015b\u0107: 3.6\u00a0m<\/td>\n<\/tr>\n<\/tbody>\n<\/table>\n<\/dd>\n<dt class=\"js-accordion__toggle accordion__toggle\">PARAMETRY ELEKTRYCZNE<\/dt>\n<dd class=\"js-accordion__content\">\n<table class=\"datalist datalist--divided-inset\">\n<tbody>\n<tr>\n<td>Pob\u00f3r mocy [W]<\/td>\n<td>205 wysy\u0142ka<\/td>\n<\/tr>\n<tr>\n<td>Tryb Power Save [W]<\/td>\n<td>&lt; 0.5; &lt; 2 (Networked Standby)<\/td>\n<\/tr>\n<tr>\n<td>Zarz\u0105dzanie energi\u0105<\/td>\n<td>VESA DPMS<\/td>\n<\/tr>\n<tr>\n<td>Zasilacz<\/td>\n<td>100-240 V AC; 50\/60 Hz; zintegrowany<\/td>\n<\/tr>\n<\/tbody>\n<\/table>\n<\/dd>\n<dt class=\"js-accordion__toggle accordion__toggle\">WARUNKI OTOCZENIA<\/dt>\n<dd class=\"js-accordion__content\">\n<table class=\"datalist datalist--divided-inset\">\n<tbody>\n<tr>\n<td>Temperatura otoczenia podczes pracy [\u00b0C]<\/td>\n<td>+0 to +35<\/td>\n<\/tr>\n<tr>\n<td>Wilgotno\u015b\u0107 otoczenia podczas pracy [%]<\/td>\n<td>20 to 80<\/td>\n<\/tr>\n<tr>\n<td>Wilgotno\u015b\u0107 otoczenia podczas przechowywania [%]<\/td>\n<td>10 do 80<\/td>\n<\/tr>\n<tr>\n<td>Temperatura otoczenia podczas przechowywania [\u00b0C]<\/td>\n<td>-20 do 60<\/td>\n<\/tr>\n<\/tbody>\n<\/table>\n<\/dd>\n<dt class=\"js-accordion__toggle accordion__toggle\">PARAMETRY MECHANICZNE<\/dt>\n<dd class=\"js-accordion__content\">\n<table class=\"datalist datalist--divided-inset\">\n<tbody>\n<tr>\n<td>Wymiary [mm]<\/td>\n<td>1\u00a0720,1 x 1\u00a0025,9 x 86,5<\/td>\n<\/tr>\n<tr>\n<td>Waga [kg]<\/td>\n<td>56.5<\/td>\n<\/tr>\n<tr>\n<td>Szeroko\u015b\u0107 ramki [mm]<\/td>\n<td>32,3 (d\u00f3\u0142); 4,8 (prawa, lewa i\u00a0g\u00f3ra)<\/td>\n<\/tr>\n<tr>\n<td>Mocowanie VESA [mm]<\/td>\n<td>4 otwory; 600 x 400 (FDMI); \u015bruby M8<\/td>\n<\/tr>\n<tr>\n<td>Stopie\u0144 ochrony<\/td>\n<td>IP6x (prz\u00f3d); IP2x (tyl)<\/td>\n<\/tr>\n<tr>\n<td>Wymiary opakowania (szer. x wys. x g\u0142\u0119b.) [mm]<\/td>\n<td>1,900 x 1,125 x 225<\/td>\n<\/tr>\n<tr>\n<td>Masa z\u00a0opakowaniem [kg]<\/td>\n<td>68<\/td>\n<\/tr>\n<tr>\n<td>Materia\u0142<\/td>\n<td>Metal<\/td>\n<\/tr>\n<\/tbody>\n<\/table>\n<\/dd>\n<dt class=\"js-accordion__toggle accordion__toggle\">APLIKACJE PREINSTALOWANE<\/dt>\n<dd class=\"js-accordion__content\">\n<table class=\"datalist datalist--divided-inset\">\n<tbody>\n<tr>\n<td>Free Software Included<\/td>\n<td>FlatFrog Board for Rooms (1 year) &#8211; free download<\/td>\n<\/tr>\n<\/tbody>\n<\/table>\n<\/dd>\n<dt class=\"js-accordion__toggle accordion__toggle\">DOST\u0118PNE OPCJE<\/dt>\n<dd class=\"js-accordion__content\">\n<table class=\"datalist datalist--divided-inset\">\n<tbody>\n<tr>\n<td>Akcesoria<\/td>\n<td>Rozszerzenie licencji na oprogramowanie pi\u00f3ra PN-SU01; Kabel USB-C (USB-C 5M); W\u00f3zek (L20PNSR780MEU, PD02MHA, PD03MHA); Zestaw do monta\u017cu na \u015bcianie (L20PNWALL90EU)<\/td>\n<\/tr>\n<\/tbody>\n<\/table>\n<\/dd>\n<dt class=\"js-accordion__toggle accordion__toggle\">FUNKCJE EKO<\/dt>\n<dd class=\"js-accordion__content\">\n<table class=\"datalist datalist--divided-inset\">\n<tbody>\n<tr>\n<td>Wydajno\u015b\u0107 energetyczna<\/td>\n<td>pod\u015bwietleniem LED<\/td>\n<\/tr>\n<tr>\n<td>Normy ekologiczne<\/td>\n<td>EnergyStar 8.0<\/td>\n<\/tr>\n<\/tbody>\n<\/table>\n<\/dd>\n<dt class=\"js-accordion__toggle accordion__toggle\">DODATKOWE FUNKCJE<\/dt>\n<dd class=\"js-accordion__content\">\n<table class=\"datalist datalist--divided-inset\">\n<tbody>\n<tr>\n<td>Cechy Specjalne<\/td>\n<td>HDMI ARC; Powered USB Port (5 W); Symulacja standardu DICOM<\/td>\n<\/tr>\n<tr>\n<td>Bezpiecze\u0144stwo i ergonomia<\/td>\n<td>CE; EMC Class B; Energy Star 8; FCC Class B; PSB; RCM; RoHS; SASO; UL\/C-UL<\/td>\n<\/tr>\n<tr>\n<td>Klasa b\u0142\u0119d\u00f3w pikseli<\/td>\n<td>Klasa 1 wg ISO 9241-307<\/td>\n<\/tr>\n<tr>\n<td>G\u0142o\u015bniki<\/td>\n<td>Integrated Speakers (10 W + 10 W); Zintegrowany wzmacniacz audio (dla opcjonalnych g\u0142o\u015bnik\u00f3w do 2 x 15 W)<\/td>\n<\/tr>\n<tr>\n<td>Zawarto\u015b\u0107 opakowania<\/td>\n<td>1x 300 cm USB Cable; 2x baterie; Cable Clamps; Instrukcja konfiguracji; Kabel zasilaj\u0105cy; Monitor; Pasywny rysik 2 x; Pilot; Pusta Naklejka; Uchwyt do kamery; Uchwyt do mini PC<\/td>\n<\/tr>\n<tr>\n<td>Gwarancja<\/td>\n<td>3 lata (w tym na pod\u015bwietlenie ekranu); dost\u0119pne dodatkowe us\u0142ugi; opcjonalne przed\u0142u\u017cenie gwarancji na 4. i\u00a05. rok <sup>2<\/sup><\/td>\n<\/tr>\n<tr>\n<td>Godziny pracy<\/td>\n<td>24\/7<\/td>\n<\/tr>\n<tr>\n<td>External Control<\/td>\n<td>Crestron V2; HDMI CEC; HTTP Browser; Scheduled Timer; SNMP<\/td>\n<\/tr>\n<tr>\n<td>Remote Management<\/td>\n<td>Automated Email Alerts; NEC NaViSet Administrator 2<\/td>\n<\/tr>\n<tr>\n<td>Security<\/td>\n<td>Disable HW Buttons; Disable IR Functionality; Emergency Notification; IEEE802.1X (LAN)<\/td>\n<\/tr>\n<tr>\n<td>Resistance to Fire<\/td>\n<td>Metal backcover, plastic material certified acc. to UL94-5VB<\/td>\n<\/tr>\n<\/tbody>\n<\/table>\n<\/dd>\n<\/dl>\n","protected":false},"excerpt":{"rendered":"<div class=\"columns medium-6 product-features\">\n<table class=\"datalist datalist--divided-fullwidth\">\n<tbody>\n<tr>\n<td>Poziom antyrefleksyjny <\/td>\n<td>Pro<\/td>\n<\/tr>\n<tr>\n<td>Godziny pracy<\/td>\n<td>24\/7<\/td>\n<\/tr>\n<tr>\n<td>Jasno\u015b\u0107  [cd\/m\u00b2]<\/td>\n<td>500<\/td>\n<\/tr>\n<tr>\n<td>Rozdzielczo\u015b\u0107<\/td>\n<td>3840 x 2160<\/td>\n<\/tr>\n<tr>\n<td>Kod produktu<\/td>\n<td>60005933<\/td>\n<\/tr>\n<\/tbody>\n<\/table>\n<\/div>\n","protected":false},"featured_media":528,"template":"","meta":{"inline_featured_image":false,"neve_meta_sidebar":"","neve_meta_container":"","neve_meta_enable_content_width":"off","neve_meta_content_width":100,"neve_meta_title_alignment":"","neve_meta_author_avatar":"","neve_post_elements_order":"","neve_meta_disable_header":"","neve_meta_disable_footer":"","neve_meta_disable_title":""},"pwb-brand":[28],"product_cat":[17],"product_tag":[],"yoast_head":"<!-- This site is optimized with the Yoast SEO plugin v22.6 - https:\/\/yoast.com\/wordpress\/plugins\/seo\/ -->\n<title>Sharp PN-LA752 - Tablica interaktywna 75&quot; - Monitory Komercyjne Monitory komercyjne<\/title>\n<meta name=\"robots\" content=\"index, follow, max-snippet:-1, max-image-preview:large, max-video-preview:-1\" \/>\n<link rel=\"canonical\" href=\"https:\/\/monitorykomercyjne.pl\/index.php\/produkt\/sharp-pn-la752-tablica-interaktywna-75\/\" \/>\n<meta property=\"og:locale\" content=\"pl_PL\" \/>\n<meta property=\"og:type\" content=\"article\" \/>\n<meta property=\"og:title\" content=\"Sharp PN-LA752 - Tablica interaktywna 75&quot; - Monitory Komercyjne Monitory komercyjne\" \/>\n<meta property=\"og:description\" content=\"Poziom antyrefleksyjny ProGodziny pracy24\/7Jasno\u015b\u0107 [cd\/m\u00b2]500Rozdzielczo\u015b\u01073840 x 2160Kod produktu60005933\" \/>\n<meta property=\"og:url\" content=\"https:\/\/monitorykomercyjne.pl\/index.php\/produkt\/sharp-pn-la752-tablica-interaktywna-75\/\" \/>\n<meta property=\"og:site_name\" content=\"Monitory Komercyjne\" \/>\n<meta property=\"article:modified_time\" content=\"2024-05-09T07:39:50+00:00\" \/>\n<meta property=\"og:image\" content=\"https:\/\/monitorykomercyjne.pl\/wp-content\/uploads\/2024\/03\/Sharp-PN-LA6522.jpg\" \/>\n\t<meta property=\"og:image:width\" content=\"1600\" \/>\n\t<meta property=\"og:image:height\" content=\"1200\" \/>\n\t<meta property=\"og:image:type\" content=\"image\/jpeg\" \/>\n<meta name=\"twitter:card\" content=\"summary_large_image\" \/>\n<meta name=\"twitter:label1\" content=\"Szacowany czas czytania\" \/>\n\t<meta name=\"twitter:data1\" content=\"5 minut\" \/>\n<script type=\"application\/ld+json\" class=\"yoast-schema-graph\">{\"@context\":\"https:\/\/schema.org\",\"@graph\":[{\"@type\":\"WebPage\",\"@id\":\"https:\/\/monitorykomercyjne.pl\/index.php\/produkt\/sharp-pn-la752-tablica-interaktywna-75\/\",\"url\":\"https:\/\/monitorykomercyjne.pl\/index.php\/produkt\/sharp-pn-la752-tablica-interaktywna-75\/\",\"name\":\"Sharp PN-LA752 - Tablica interaktywna 75\\\" - Monitory Komercyjne Monitory komercyjne\",\"isPartOf\":{\"@id\":\"https:\/\/monitorykomercyjne.pl\/#website\"},\"primaryImageOfPage\":{\"@id\":\"https:\/\/monitorykomercyjne.pl\/index.php\/produkt\/sharp-pn-la752-tablica-interaktywna-75\/#primaryimage\"},\"image\":{\"@id\":\"https:\/\/monitorykomercyjne.pl\/index.php\/produkt\/sharp-pn-la752-tablica-interaktywna-75\/#primaryimage\"},\"thumbnailUrl\":\"https:\/\/monitorykomercyjne.pl\/wp-content\/uploads\/2024\/03\/Sharp-PN-LA6522.jpg\",\"datePublished\":\"2024-03-04T12:19:06+00:00\",\"dateModified\":\"2024-05-09T07:39:50+00:00\",\"breadcrumb\":{\"@id\":\"https:\/\/monitorykomercyjne.pl\/index.php\/produkt\/sharp-pn-la752-tablica-interaktywna-75\/#breadcrumb\"},\"inLanguage\":\"pl-PL\",\"potentialAction\":[{\"@type\":\"ReadAction\",\"target\":[\"https:\/\/monitorykomercyjne.pl\/index.php\/produkt\/sharp-pn-la752-tablica-interaktywna-75\/\"]}]},{\"@type\":\"ImageObject\",\"inLanguage\":\"pl-PL\",\"@id\":\"https:\/\/monitorykomercyjne.pl\/index.php\/produkt\/sharp-pn-la752-tablica-interaktywna-75\/#primaryimage\",\"url\":\"https:\/\/monitorykomercyjne.pl\/wp-content\/uploads\/2024\/03\/Sharp-PN-LA6522.jpg\",\"contentUrl\":\"https:\/\/monitorykomercyjne.pl\/wp-content\/uploads\/2024\/03\/Sharp-PN-LA6522.jpg\",\"width\":1600,\"height\":1200},{\"@type\":\"BreadcrumbList\",\"@id\":\"https:\/\/monitorykomercyjne.pl\/index.php\/produkt\/sharp-pn-la752-tablica-interaktywna-75\/#breadcrumb\",\"itemListElement\":[{\"@type\":\"ListItem\",\"position\":1,\"name\":\"Strona g\u0142\u00f3wna\",\"item\":\"https:\/\/monitorykomercyjne.pl\/\"},{\"@type\":\"ListItem\",\"position\":2,\"name\":\"Produkty\",\"item\":\"https:\/\/monitorykomercyjne.pl\/index.php\/produkty\/\"},{\"@type\":\"ListItem\",\"position\":3,\"name\":\"Sharp PN-LA752 &#8211; Tablica interaktywna 75&#8243;\"}]},{\"@type\":\"WebSite\",\"@id\":\"https:\/\/monitorykomercyjne.pl\/#website\",\"url\":\"https:\/\/monitorykomercyjne.pl\/\",\"name\":\"Monitory Komercyjne\",\"description\":\"\",\"potentialAction\":[{\"@type\":\"SearchAction\",\"target\":{\"@type\":\"EntryPoint\",\"urlTemplate\":\"https:\/\/monitorykomercyjne.pl\/?s={search_term_string}\"},\"query-input\":\"required name=search_term_string\"}],\"inLanguage\":\"pl-PL\"}]}<\/script>\n<!-- \/ Yoast SEO plugin. -->","yoast_head_json":{"title":"Sharp PN-LA752 - Tablica interaktywna 75\" - Monitory Komercyjne Monitory komercyjne","robots":{"index":"index","follow":"follow","max-snippet":"max-snippet:-1","max-image-preview":"max-image-preview:large","max-video-preview":"max-video-preview:-1"},"canonical":"https:\/\/monitorykomercyjne.pl\/index.php\/produkt\/sharp-pn-la752-tablica-interaktywna-75\/","og_locale":"pl_PL","og_type":"article","og_title":"Sharp PN-LA752 - Tablica interaktywna 75\" - Monitory Komercyjne Monitory komercyjne","og_description":"Poziom antyrefleksyjny ProGodziny pracy24\/7Jasno\u015b\u0107 [cd\/m\u00b2]500Rozdzielczo\u015b\u01073840 x 2160Kod produktu60005933","og_url":"https:\/\/monitorykomercyjne.pl\/index.php\/produkt\/sharp-pn-la752-tablica-interaktywna-75\/","og_site_name":"Monitory Komercyjne","article_modified_time":"2024-05-09T07:39:50+00:00","og_image":[{"width":1600,"height":1200,"url":"https:\/\/monitorykomercyjne.pl\/wp-content\/uploads\/2024\/03\/Sharp-PN-LA6522.jpg","type":"image\/jpeg"}],"twitter_card":"summary_large_image","twitter_misc":{"Szacowany czas czytania":"5 minut"},"schema":{"@context":"https:\/\/schema.org","@graph":[{"@type":"WebPage","@id":"https:\/\/monitorykomercyjne.pl\/index.php\/produkt\/sharp-pn-la752-tablica-interaktywna-75\/","url":"https:\/\/monitorykomercyjne.pl\/index.php\/produkt\/sharp-pn-la752-tablica-interaktywna-75\/","name":"Sharp PN-LA752 - Tablica interaktywna 75\" - Monitory Komercyjne Monitory komercyjne","isPartOf":{"@id":"https:\/\/monitorykomercyjne.pl\/#website"},"primaryImageOfPage":{"@id":"https:\/\/monitorykomercyjne.pl\/index.php\/produkt\/sharp-pn-la752-tablica-interaktywna-75\/#primaryimage"},"image":{"@id":"https:\/\/monitorykomercyjne.pl\/index.php\/produkt\/sharp-pn-la752-tablica-interaktywna-75\/#primaryimage"},"thumbnailUrl":"https:\/\/monitorykomercyjne.pl\/wp-content\/uploads\/2024\/03\/Sharp-PN-LA6522.jpg","datePublished":"2024-03-04T12:19:06+00:00","dateModified":"2024-05-09T07:39:50+00:00","breadcrumb":{"@id":"https:\/\/monitorykomercyjne.pl\/index.php\/produkt\/sharp-pn-la752-tablica-interaktywna-75\/#breadcrumb"},"inLanguage":"pl-PL","potentialAction":[{"@type":"ReadAction","target":["https:\/\/monitorykomercyjne.pl\/index.php\/produkt\/sharp-pn-la752-tablica-interaktywna-75\/"]}]},{"@type":"ImageObject","inLanguage":"pl-PL","@id":"https:\/\/monitorykomercyjne.pl\/index.php\/produkt\/sharp-pn-la752-tablica-interaktywna-75\/#primaryimage","url":"https:\/\/monitorykomercyjne.pl\/wp-content\/uploads\/2024\/03\/Sharp-PN-LA6522.jpg","contentUrl":"https:\/\/monitorykomercyjne.pl\/wp-content\/uploads\/2024\/03\/Sharp-PN-LA6522.jpg","width":1600,"height":1200},{"@type":"BreadcrumbList","@id":"https:\/\/monitorykomercyjne.pl\/index.php\/produkt\/sharp-pn-la752-tablica-interaktywna-75\/#breadcrumb","itemListElement":[{"@type":"ListItem","position":1,"name":"Strona g\u0142\u00f3wna","item":"https:\/\/monitorykomercyjne.pl\/"},{"@type":"ListItem","position":2,"name":"Produkty","item":"https:\/\/monitorykomercyjne.pl\/index.php\/produkty\/"},{"@type":"ListItem","position":3,"name":"Sharp PN-LA752 &#8211; Tablica interaktywna 75&#8243;"}]},{"@type":"WebSite","@id":"https:\/\/monitorykomercyjne.pl\/#website","url":"https:\/\/monitorykomercyjne.pl\/","name":"Monitory Komercyjne","description":"","potentialAction":[{"@type":"SearchAction","target":{"@type":"EntryPoint","urlTemplate":"https:\/\/monitorykomercyjne.pl\/?s={search_term_string}"},"query-input":"required name=search_term_string"}],"inLanguage":"pl-PL"}]}},"brands":[{"id":28,"name":"SharpNEC","slug":"sharpnec"}],"_links":{"self":[{"href":"https:\/\/monitorykomercyjne.pl\/index.php\/wp-json\/wp\/v2\/product\/529"}],"collection":[{"href":"https:\/\/monitorykomercyjne.pl\/index.php\/wp-json\/wp\/v2\/product"}],"about":[{"href":"https:\/\/monitorykomercyjne.pl\/index.php\/wp-json\/wp\/v2\/types\/product"}],"wp:featuredmedia":[{"embeddable":true,"href":"https:\/\/monitorykomercyjne.pl\/index.php\/wp-json\/wp\/v2\/media\/528"}],"wp:attachment":[{"href":"https:\/\/monitorykomercyjne.pl\/index.php\/wp-json\/wp\/v2\/media?parent=529"}],"wp:term":[{"taxonomy":"pwb-brand","embeddable":true,"href":"https:\/\/monitorykomercyjne.pl\/index.php\/wp-json\/wp\/v2\/pwb-brand?post=529"},{"taxonomy":"product_cat","embeddable":true,"href":"https:\/\/monitorykomercyjne.pl\/index.php\/wp-json\/wp\/v2\/product_cat?post=529"},{"taxonomy":"product_tag","embeddable":true,"href":"https:\/\/monitorykomercyjne.pl\/index.php\/wp-json\/wp\/v2\/product_tag?post=529"}],"curies":[{"name":"wp","href":"https:\/\/api.w.org\/{rel}","templated":true}]}}