{"id":545,"date":"2024-03-04T14:28:42","date_gmt":"2024-03-04T13:28:42","guid":{"rendered":"https:\/\/monitorykomercyjne.pl\/?post_type=product&#038;p=545"},"modified":"2024-05-09T09:39:50","modified_gmt":"2024-05-09T07:39:50","slug":"sharp-pn-lc652-tablica-interaktywna-65","status":"publish","type":"product","link":"https:\/\/monitorykomercyjne.pl\/index.php\/produkt\/sharp-pn-lc652-tablica-interaktywna-65\/","title":{"rendered":"Sharp PN-LC652 &#8211; Tablica interaktywna 65&#8243;"},"content":{"rendered":"<section id=\"overview\" class=\"row\">\n<div class=\"columns medium-6\">\n<p><!-- ossproductdescstart --><\/p>\n<p><b>Zwi\u0119ksz zaanga\u017cowanie w \u015brodowiskach edukacyjnych<\/b><\/p>\n<p>Chc\u0105c zaanga\u017cowa\u0107 s\u0142uchaczy, zadbaj o interaktywny przekaz. Dzi\u0119ki do\u015bwiadczeniu NEC\/Sharp w dziedzinie ekran\u00f3w dotykowych na potrzeby edukacji opracowali\u015bmy seri\u0119 LC, zaprojektowan\u0105 z my\u015bl\u0105 o realizacji potrzeb w zakresie rozwi\u0105za\u0144 Bring Your Own Device (BYOD). Dzi\u0119ki zastosowaniu bezproblemowego \u0142\u0105cza USB typu C wystarczy tylko jeden kabel, by po\u0142\u0105czy\u0107 wy\u015bwietlacz z urz\u0105dzeniem osobistym, jednocze\u015bnie zyskuj\u0105c w zamian \u0142adowark\u0119. Zwi\u0119ksz powierzchni\u0119 ekranu pod\u0142\u0105czaj\u0105c kolejny wy\u015bwietlacz lub projektor przez wyj\u015bcie HDMI, by dotrze\u0107 do szerszego grona odbiorc\u00f3w.<\/p>\n<p>Jako rozwi\u0105zanie typu all-in-one, seria LC posiada fabrycznie zainstalowane funkcje, kt\u00f3re oferuj\u0105 natychmiastow\u0105 interaktywno\u015b\u0107, a dzi\u0119ki funkcji EShare mo\u017cesz udost\u0119pnia\u0107 tre\u015bci bezprzewodowo pomi\u0119dzy urz\u0105dzeniami, gwarantuj\u0105c w ten spos\u00f3b najlepsz\u0105 mo\u017cliw\u0105 wsp\u00f3\u0142prac\u0119 mi\u0119dzy kursantami a mentorami.<\/p>\n<p>W kontek\u015bcie szkolnictwa wy\u017cszego w klasach i ma\u0142ych grupach roboczych seria LC oferuje niedrogie, \u0142atwe w u\u017cyciu funkcje, kt\u00f3re zwi\u0119kszaj\u0105 zaanga\u017cowanie w \u015brodowiskach edukacyjnych.<\/p>\n<p><!-- ossproductdescend --><\/p>\n<\/div>\n<div class=\"columns medium-6\">\n<h3>Korzy\u015bci<\/h3>\n<ul>\n<li><b>Ciesz si\u0119 naturalnym wra\u017ceniem pisania<\/b> \u2013dzi\u0119ki precyzyjnej i czu\u0142ej interakcji dotykowej, jak\u0105 zapewnia technologia klejenia optycznego.<\/li>\n<li><b>Zyskaj nowe do\u015bwiadczenie<\/b> \u2013dzi\u0119ki rozwi\u0105zaniu typu all-in-one z fabrycznie zainstalowanymi funkcjami interaktywnymi; bez konieczno\u015bci stosowania jakichkolwiek dodatkowych urz\u0105dze\u0144 zewn\u0119trznych.<\/li>\n<li><b>Eshare<\/b> \u2013zwi\u0119ksza zaanga\u017cowanie poprzez bezprzewodowe udost\u0119pnianie tre\u015bci z urz\u0105dzenia na wy\u015bwietlaczu oraz z wy\u015bwietlacza na wielu urz\u0105dzeniach jednocze\u015bnie.<\/li>\n<li><b>\u0141\u0105cze USB typu C<\/b> \u2013b\u0142yskawicznie przypadnie do gustu dzisiejszym u\u017cytkownikom, kt\u00f3rzy wol\u0105 korzysta\u0107 z w\u0142asnego sprz\u0119tu. Pojedynczy kabel przesy\u0142a dane, wyj\u015bcie video\/audio i zapewnia zasilanie i oferuje najprostsze i bezproblemowe po\u0142\u0105czenie, \u0142aduj\u0105c jednocze\u015bnie podpi\u0119te urz\u0105dzenie.<\/li>\n<li><b>Wyj\u015bcie HDMI<\/b> \u2013umo\u017cliwia pod\u0142\u0105czenie dodatkowego urz\u0105dzenia wyj\u015bciowego, takiego jak projektor, w celu prezentowania tre\u015bci na wi\u0119kszym ekranie, docieraj\u0105c tym samym do szerszej publiczno\u015bci.<\/li>\n<\/ul>\n<\/div>\n<\/section>\n<dl id=\"speciList\" class=\"js-accordion\">\n<dt class=\"js-accordion__toggle accordion__toggle\">WY\u015aWIETLACZ<\/dt>\n<dd class=\"js-accordion__content\">\n<table class=\"datalist datalist--divided-inset\">\n<tbody>\n<tr>\n<td>Rodzaj panelu<\/td>\n<td>IPS z\u00a0pod\u015bwietleniem Direct LED<\/td>\n<\/tr>\n<tr>\n<td>U\u017cyteczna powierzchnia [cale\/cm]<\/td>\n<td>1,428.5 x 803.5<\/td>\n<\/tr>\n<tr>\n<td>Wielko\u015b\u0107 ekranu [cale\/cm]<\/td>\n<td>65 \/ 163.9<\/td>\n<\/tr>\n<tr>\n<td>Proporcje obrazu<\/td>\n<td>16:9<\/td>\n<\/tr>\n<tr>\n<td>Rozmiar plamki [mm]<\/td>\n<td>0.372<\/td>\n<\/tr>\n<tr>\n<td>Jasno\u015b\u0107 (bez szk\u0142a) [cd\/m\u00b2]<\/td>\n<td>450<\/td>\n<\/tr>\n<tr>\n<td>Kontrast<\/td>\n<td>1200:1<\/td>\n<\/tr>\n<tr>\n<td>K\u0105ty widzenia [\u00b0]<\/td>\n<td>178 \/ 178 (kontrast &gt; 10:1)<\/td>\n<\/tr>\n<tr>\n<td>Colour Depth [bn]<\/td>\n<td>1.07 (8bit + FRC)<\/td>\n<\/tr>\n<tr>\n<td>Czas reakcji [ms]<\/td>\n<td>8 (grey-to-grey)<\/td>\n<\/tr>\n<tr>\n<td>Obs\u0142ugiwana orientacja obrazu<\/td>\n<td>Pozioma<\/td>\n<\/tr>\n<\/tbody>\n<\/table>\n<\/dd>\n<dt class=\"js-accordion__toggle accordion__toggle\">DOTYK<\/dt>\n<dd class=\"js-accordion__content\">\n<table class=\"datalist datalist--divided-inset\">\n<tbody>\n<tr>\n<td>Technologia dotykowa<\/td>\n<td>Podczerwie\u0144<\/td>\n<\/tr>\n<tr>\n<td>Punkty dotyku \/ zdarzenia<\/td>\n<td>Rzeczywista technologia dotyku wielokrotnego \u2014 liczba punkt\u00f3w dotyku: maks. 20<\/td>\n<\/tr>\n<tr>\n<td>Metoda wprowadzania danych<\/td>\n<td>Palec; Podw\u00f3jna ko\u0144c\u00f3wka rysika (3mm\/9mm); R\u0119kawiczki<\/td>\n<\/tr>\n<tr>\n<td>Protok\u00f3\u0142 komunikacyjny<\/td>\n<td>HID USB 2.0 (pe\u0142nej szybko\u015bci); zasilanie przez USB, plug &amp; play<\/td>\n<\/tr>\n<tr>\n<td>Dok\u0142adno\u015b\u0107 [mm]<\/td>\n<td>+\/- 1<\/td>\n<\/tr>\n<tr>\n<td>Windows Ink<\/td>\n<td>nie<\/td>\n<\/tr>\n<tr>\n<td>Palm Rejection<\/td>\n<td>nie<\/td>\n<\/tr>\n<tr>\n<td>System operacyjny<\/td>\n<td>Native Multi-Touch: Windows 8.1\/10\/11, Linux, Android 9.0 lub nowsza, Chrome OS 87 lub nowsza; Single Touch (Default Mouse): Mac OS 10.15\/11\/12<\/td>\n<\/tr>\n<\/tbody>\n<\/table>\n<\/dd>\n<dt class=\"js-accordion__toggle accordion__toggle\">SZK\u0141O<\/dt>\n<dd class=\"js-accordion__content\">\n<table class=\"datalist datalist--divided-inset\">\n<tbody>\n<tr>\n<td>Typ<\/td>\n<td>Termicznie hartowane z\u00a0pow\u0142ok\u0105 przeciwodblaskow\u0105; Zero Bonding<\/td>\n<\/tr>\n<tr>\n<td>Grubo\u015b\u0107 [mm]<\/td>\n<td>3.2<\/td>\n<\/tr>\n<tr>\n<td>Haze Level [%]<\/td>\n<td>3 ~ 8<\/td>\n<\/tr>\n<tr>\n<td>Twardo\u015b\u0107 [H]<\/td>\n<td>\u2265 8<\/td>\n<\/tr>\n<\/tbody>\n<\/table>\n<\/dd>\n<dt class=\"js-accordion__toggle accordion__toggle\">ROZDZIELCZO\u015a\u0106<\/dt>\n<dd class=\"js-accordion__content\">\n<table class=\"datalist datalist--divided-inset\">\n<tbody>\n<tr>\n<td>Rozdzielczo\u015b\u0107 natywna<\/td>\n<td>\n<div class=\"productSpecRes productSpecRes--columns\">3840 x 2160<\/div>\n<\/td>\n<\/tr>\n<tr>\n<td>Obs\u0142ugiwane przez wej\u015bcia cyfrowe i analogowe (PC)<\/td>\n<td>\n<div class=\"productSpecRes productSpecRes--columns\">1024 x 768; 1280 x 1024; 1280 x 960; 1360 x 768; 1440 x 900; 1680 x 1050; 1920 x 1080; 1920 x 720; 3840 x 2160; 4096 x 2160; 640 x 480; 720 x 480; 720 x 576; 800 x 600<\/div>\n<\/td>\n<\/tr>\n<\/tbody>\n<\/table>\n<\/dd>\n<dt class=\"js-accordion__toggle accordion__toggle\">MO\u017bLIWO\u015aCI POD\u0141\u0104CZANIA<\/dt>\n<dd class=\"js-accordion__content\">\n<table class=\"datalist datalist--divided-inset\">\n<tbody>\n<tr>\n<td>Wej\u015bcia wideo analogowe<\/td>\n<td>1 x VGA<\/td>\n<\/tr>\n<tr>\n<td>Wej\u015bcia wideo cyfrowe<\/td>\n<td>1 x DisplayPort (HDCP); 1 x USB-C (z HDCP, 65 W); 3 x HDMI (HDCP)<\/td>\n<\/tr>\n<tr>\n<td>Wej\u015bcia audio analogowe<\/td>\n<td>1 x 3,5 mm jack<\/td>\n<\/tr>\n<tr>\n<td>Kontrola wej\u015bcia<\/td>\n<td>1 x RS232; LAN 10Base-T\/100Base-TX\/1000Base-T<\/td>\n<\/tr>\n<tr>\n<td>Input Data<\/td>\n<td>4 x USB 3.0 (Type-A)<\/td>\n<\/tr>\n<tr>\n<td>Input Touch<\/td>\n<td>2 x USB 3 (Type-B)<\/td>\n<\/tr>\n<tr>\n<td>Wyj\u015bcia wideo cyfrowe<\/td>\n<td>1 x HDMI (loop through: HDMI, DP, OPS slot-in PC, Android SoC)<\/td>\n<\/tr>\n<tr>\n<td>Wyj\u015bcia audio analogowe<\/td>\n<td>Z\u0142\u0105cze 1 x 3,5 mm<\/td>\n<\/tr>\n<tr>\n<td>Cyfrowe wyj\u015bcie audio<\/td>\n<td>1 x SPDIF<\/td>\n<\/tr>\n<tr>\n<td>Input Detect<\/td>\n<td>Last<\/td>\n<\/tr>\n<\/tbody>\n<\/table>\n<\/dd>\n<dt class=\"js-accordion__toggle accordion__toggle\">OPEN MODULAR INTELLIGENCE<\/dt>\n<dd class=\"js-accordion__content\">\n<table class=\"datalist datalist--divided-inset\">\n<tbody>\n<tr>\n<td>Rodzaj slot<\/td>\n<td>Open Pluggable Specification (Standard NEC \/ Intel OPS)<\/td>\n<\/tr>\n<tr>\n<td>Maks. nat\u0119\u017cenie \/ pob\u00f3r mocy OPS \/ [A \/ W]<\/td>\n<td>4.74 \/ 90<\/td>\n<\/tr>\n<\/tbody>\n<\/table>\n<\/dd>\n<dt class=\"js-accordion__toggle accordion__toggle\">PARAMETRY ELEKTRYCZNE<\/dt>\n<dd class=\"js-accordion__content\">\n<table class=\"datalist datalist--divided-inset\">\n<tbody>\n<tr>\n<td>Pob\u00f3r mocy [W]<\/td>\n<td>180 w\u00a0trybie Eko (ustawienie fabryczne), 390<\/td>\n<\/tr>\n<tr>\n<td>Tryb Power Save [W]<\/td>\n<td>&lt; 0,5 (tryb czuwania EKO); &lt; 2 (Networked Standby)<\/td>\n<\/tr>\n<tr>\n<td>Zasilacz<\/td>\n<td>100-240 V AC; 50\/60 Hz<\/td>\n<\/tr>\n<\/tbody>\n<\/table>\n<\/dd>\n<dt class=\"js-accordion__toggle accordion__toggle\">WARUNKI OTOCZENIA<\/dt>\n<dd class=\"js-accordion__content\">\n<table class=\"datalist datalist--divided-inset\">\n<tbody>\n<tr>\n<td>Temperatura otoczenia podczes pracy [\u00b0C]<\/td>\n<td>+5 to +35<\/td>\n<\/tr>\n<tr>\n<td>Wilgotno\u015b\u0107 otoczenia podczas pracy [%]<\/td>\n<td>20 to 80<\/td>\n<\/tr>\n<\/tbody>\n<\/table>\n<\/dd>\n<dt class=\"js-accordion__toggle accordion__toggle\">PARAMETRY MECHANICZNE<\/dt>\n<dd class=\"js-accordion__content\">\n<table class=\"datalist datalist--divided-inset\">\n<tbody>\n<tr>\n<td>Wymiary [mm]<\/td>\n<td>1\u00a0511,6 x 917,9 x 85,9<\/td>\n<\/tr>\n<tr>\n<td>Waga [kg]<\/td>\n<td>38.5<\/td>\n<\/tr>\n<tr>\n<td>Szeroko\u015b\u0107 ramki [mm]<\/td>\n<td>21,9 (prawa, lewa i\u00a0g\u00f3ra); 53,2 (d\u00f3\u0142)<\/td>\n<\/tr>\n<tr>\n<td>Mocowanie VESA [mm]<\/td>\n<td>4 otwory; 600 x 400 (FDMI); \u015bruby M8<\/td>\n<\/tr>\n<tr>\n<td>Wymiary opakowania (szer. x wys. x g\u0142\u0119b.) [mm]<\/td>\n<td>1,660 x 1,010 x 225<\/td>\n<\/tr>\n<tr>\n<td>Masa z\u00a0opakowaniem [kg]<\/td>\n<td>49<\/td>\n<\/tr>\n<tr>\n<td>Materia\u0142<\/td>\n<td>Stop aluminium (prz\u00f3d); Metal (tylna strona)<\/td>\n<\/tr>\n<\/tbody>\n<\/table>\n<\/dd>\n<dt class=\"js-accordion__toggle accordion__toggle\">EMBEDDED COMPUTING<\/dt>\n<dd class=\"js-accordion__content\">\n<table class=\"datalist datalist--divided-inset\">\n<tbody>\n<tr>\n<td>Built-in Applications<\/td>\n<td>File Manager; Input Select; Setting; Web Browser; Whiteboard; Wireless Screen Sharing &#8211; E-Share<\/td>\n<\/tr>\n<tr>\n<td>Built-in Tools<\/td>\n<td>Calculator; Calender; Screen recorder; Timer; Voting Kit<\/td>\n<\/tr>\n<tr>\n<td>System Version<\/td>\n<td>Android 11<\/td>\n<\/tr>\n<tr>\n<td>CPU<\/td>\n<td>Arm Cortex-A55 (Quad-Core)<\/td>\n<\/tr>\n<tr>\n<td>System Memory<\/td>\n<td>4G RAM<\/td>\n<\/tr>\n<tr>\n<td>Internal Storage<\/td>\n<td>16GB ROM<\/td>\n<\/tr>\n<\/tbody>\n<\/table>\n<\/dd>\n<dt class=\"js-accordion__toggle accordion__toggle\">BLUETOOTH<\/dt>\n<dd class=\"js-accordion__content\">\n<table class=\"datalist datalist--divided-inset\">\n<tbody>\n<tr>\n<td>Bluetooth<\/td>\n<td>Zgodne z 4.2, obs\u0142ugiwane protoko\u0142y: A2DP, AVRCP, GATT, HID, HSP, HFP<\/td>\n<\/tr>\n<\/tbody>\n<\/table>\n<\/dd>\n<dt class=\"js-accordion__toggle accordion__toggle\">WIRELESS LAN<\/dt>\n<dd class=\"js-accordion__content\">\n<table class=\"datalist datalist--divided-inset\">\n<tbody>\n<tr>\n<td>WLAN<\/td>\n<td>Zgodno\u015b\u0107 z IEEE802.11ac\/n\/a\/g\/b<\/td>\n<\/tr>\n<\/tbody>\n<\/table>\n<\/dd>\n<dt class=\"js-accordion__toggle accordion__toggle\">DOST\u0118PNE OPCJE<\/dt>\n<dd class=\"js-accordion__content\">\n<table class=\"datalist datalist--divided-inset\">\n<tbody>\n<tr>\n<td>Akcesoria<\/td>\n<td>Rozszerzenie licencji na oprogramowanie pi\u00f3ra PN-SU01; Kabel USB-C (USB-C 5M); Soundbar (PN-ZCMS1); W\u00f3zek (PD02MHA, PD03MHA, L20PNSR780MEU); Zestaw do monta\u017cu na \u015bcianie (SF680P, L20PNWALL90EU)<\/td>\n<\/tr>\n<tr>\n<td>OPS Slot<\/td>\n<td>Zalecana: OPS Enterprise Pro (100016118), OPS Enterprise Ultra (100016122)<\/td>\n<\/tr>\n<\/tbody>\n<\/table>\n<\/dd>\n<dt class=\"js-accordion__toggle accordion__toggle\">DODATKOWE FUNKCJE<\/dt>\n<dd class=\"js-accordion__content\">\n<table class=\"datalist datalist--divided-inset\">\n<tbody>\n<tr>\n<td>Cechy Specjalne<\/td>\n<td>CEC Support<\/td>\n<\/tr>\n<tr>\n<td>Bezpiecze\u0144stwo i ergonomia<\/td>\n<td>CE; FCC; RCM; REACH; RoHS; UL\/C-UL<\/td>\n<\/tr>\n<tr>\n<td>G\u0142o\u015bniki<\/td>\n<td>Integrated Speakers (15 W + 15 W)<\/td>\n<\/tr>\n<tr>\n<td>Zawarto\u015b\u0107 opakowania<\/td>\n<td>P\u00f3\u0142ka na d\u0142ugopisy; 1x 300 cm USB Cable; 2x baterie; Adapter bezprzewodowy; Cable Clamps; Kabel zasilaj\u0105cy; Monitor; Pasywny rysik 2 x; Pilot; Pusta Naklejka; Uchwyt do kamery; User Manual<\/td>\n<\/tr>\n<tr>\n<td>Gwarancja<\/td>\n<td>3 lata (w tym na pod\u015bwietlenie ekranu); opcjonalne przed\u0142u\u017cenie gwarancji na 4. i\u00a05. rok <sup>1<\/sup><\/td>\n<\/tr>\n<tr>\n<td>Godziny pracy<\/td>\n<td>16\/7<\/td>\n<\/tr>\n<tr>\n<td>Remote Management<\/td>\n<td>NEC NaViSet Administrator 2<\/td>\n<\/tr>\n<\/tbody>\n<\/table>\n<\/dd>\n<\/dl>\n","protected":false},"excerpt":{"rendered":"<div class=\"columns medium-6 product-features\">\n<table class=\"datalist datalist--divided-fullwidth\">\n<tbody>\n<tr>\n<td>Poziom antyrefleksyjny <\/td>\n<td>Standard<\/td>\n<\/tr>\n<tr>\n<td>Godziny pracy<\/td>\n<td>16\/7<\/td>\n<\/tr>\n<tr>\n<td>Jasno\u015b\u0107  [cd\/m\u00b2]<\/td>\n<td>450<\/td>\n<\/tr>\n<tr>\n<td>Rozdzielczo\u015b\u0107<\/td>\n<td>3840 x 2160<\/td>\n<\/tr>\n<tr>\n<td>Kod produktu<\/td>\n<td>60005890<\/td>\n<\/tr>\n<\/tbody>\n<\/table>\n<\/div>\n","protected":false},"featured_media":543,"template":"","meta":{"inline_featured_image":false,"neve_meta_sidebar":"","neve_meta_container":"","neve_meta_enable_content_width":"off","neve_meta_content_width":100,"neve_meta_title_alignment":"","neve_meta_author_avatar":"","neve_post_elements_order":"","neve_meta_disable_header":"","neve_meta_disable_footer":"","neve_meta_disable_title":""},"pwb-brand":[28],"product_cat":[17],"product_tag":[],"yoast_head":"<!-- This site is optimized with the Yoast SEO plugin v22.6 - https:\/\/yoast.com\/wordpress\/plugins\/seo\/ -->\n<title>Sharp PN-LC652 - Tablica interaktywna 65&quot; - Monitory Komercyjne Monitory komercyjne<\/title>\n<meta name=\"robots\" content=\"index, follow, max-snippet:-1, max-image-preview:large, max-video-preview:-1\" \/>\n<link rel=\"canonical\" href=\"https:\/\/monitorykomercyjne.pl\/index.php\/produkt\/sharp-pn-lc652-tablica-interaktywna-65\/\" \/>\n<meta property=\"og:locale\" content=\"pl_PL\" \/>\n<meta property=\"og:type\" content=\"article\" \/>\n<meta property=\"og:title\" content=\"Sharp PN-LC652 - Tablica interaktywna 65&quot; - Monitory Komercyjne Monitory komercyjne\" \/>\n<meta property=\"og:description\" content=\"Poziom antyrefleksyjny StandardGodziny pracy16\/7Jasno\u015b\u0107 [cd\/m\u00b2]450Rozdzielczo\u015b\u01073840 x 2160Kod produktu60005890\" \/>\n<meta property=\"og:url\" content=\"https:\/\/monitorykomercyjne.pl\/index.php\/produkt\/sharp-pn-lc652-tablica-interaktywna-65\/\" \/>\n<meta property=\"og:site_name\" content=\"Monitory Komercyjne\" \/>\n<meta property=\"article:modified_time\" content=\"2024-05-09T07:39:50+00:00\" \/>\n<meta property=\"og:image\" content=\"https:\/\/monitorykomercyjne.pl\/wp-content\/uploads\/2024\/03\/Sharp-PN-LC7521-1024x768.png\" \/>\n\t<meta property=\"og:image:width\" content=\"1024\" \/>\n\t<meta property=\"og:image:height\" content=\"768\" \/>\n\t<meta property=\"og:image:type\" content=\"image\/png\" \/>\n<meta name=\"twitter:card\" content=\"summary_large_image\" \/>\n<meta name=\"twitter:label1\" content=\"Szacowany czas czytania\" \/>\n\t<meta name=\"twitter:data1\" content=\"4 minuty\" \/>\n<script type=\"application\/ld+json\" class=\"yoast-schema-graph\">{\"@context\":\"https:\/\/schema.org\",\"@graph\":[{\"@type\":\"WebPage\",\"@id\":\"https:\/\/monitorykomercyjne.pl\/index.php\/produkt\/sharp-pn-lc652-tablica-interaktywna-65\/\",\"url\":\"https:\/\/monitorykomercyjne.pl\/index.php\/produkt\/sharp-pn-lc652-tablica-interaktywna-65\/\",\"name\":\"Sharp PN-LC652 - Tablica interaktywna 65\\\" - Monitory Komercyjne Monitory komercyjne\",\"isPartOf\":{\"@id\":\"https:\/\/monitorykomercyjne.pl\/#website\"},\"primaryImageOfPage\":{\"@id\":\"https:\/\/monitorykomercyjne.pl\/index.php\/produkt\/sharp-pn-lc652-tablica-interaktywna-65\/#primaryimage\"},\"image\":{\"@id\":\"https:\/\/monitorykomercyjne.pl\/index.php\/produkt\/sharp-pn-lc652-tablica-interaktywna-65\/#primaryimage\"},\"thumbnailUrl\":\"https:\/\/monitorykomercyjne.pl\/wp-content\/uploads\/2024\/03\/Sharp-PN-LC7521.png\",\"datePublished\":\"2024-03-04T13:28:42+00:00\",\"dateModified\":\"2024-05-09T07:39:50+00:00\",\"breadcrumb\":{\"@id\":\"https:\/\/monitorykomercyjne.pl\/index.php\/produkt\/sharp-pn-lc652-tablica-interaktywna-65\/#breadcrumb\"},\"inLanguage\":\"pl-PL\",\"potentialAction\":[{\"@type\":\"ReadAction\",\"target\":[\"https:\/\/monitorykomercyjne.pl\/index.php\/produkt\/sharp-pn-lc652-tablica-interaktywna-65\/\"]}]},{\"@type\":\"ImageObject\",\"inLanguage\":\"pl-PL\",\"@id\":\"https:\/\/monitorykomercyjne.pl\/index.php\/produkt\/sharp-pn-lc652-tablica-interaktywna-65\/#primaryimage\",\"url\":\"https:\/\/monitorykomercyjne.pl\/wp-content\/uploads\/2024\/03\/Sharp-PN-LC7521.png\",\"contentUrl\":\"https:\/\/monitorykomercyjne.pl\/wp-content\/uploads\/2024\/03\/Sharp-PN-LC7521.png\",\"width\":5262,\"height\":3947},{\"@type\":\"BreadcrumbList\",\"@id\":\"https:\/\/monitorykomercyjne.pl\/index.php\/produkt\/sharp-pn-lc652-tablica-interaktywna-65\/#breadcrumb\",\"itemListElement\":[{\"@type\":\"ListItem\",\"position\":1,\"name\":\"Strona g\u0142\u00f3wna\",\"item\":\"https:\/\/monitorykomercyjne.pl\/\"},{\"@type\":\"ListItem\",\"position\":2,\"name\":\"Produkty\",\"item\":\"https:\/\/monitorykomercyjne.pl\/index.php\/produkty\/\"},{\"@type\":\"ListItem\",\"position\":3,\"name\":\"Sharp PN-LC652 &#8211; Tablica interaktywna 65&#8243;\"}]},{\"@type\":\"WebSite\",\"@id\":\"https:\/\/monitorykomercyjne.pl\/#website\",\"url\":\"https:\/\/monitorykomercyjne.pl\/\",\"name\":\"Monitory Komercyjne\",\"description\":\"\",\"potentialAction\":[{\"@type\":\"SearchAction\",\"target\":{\"@type\":\"EntryPoint\",\"urlTemplate\":\"https:\/\/monitorykomercyjne.pl\/?s={search_term_string}\"},\"query-input\":\"required name=search_term_string\"}],\"inLanguage\":\"pl-PL\"}]}<\/script>\n<!-- \/ Yoast SEO plugin. -->","yoast_head_json":{"title":"Sharp PN-LC652 - Tablica interaktywna 65\" - Monitory Komercyjne Monitory komercyjne","robots":{"index":"index","follow":"follow","max-snippet":"max-snippet:-1","max-image-preview":"max-image-preview:large","max-video-preview":"max-video-preview:-1"},"canonical":"https:\/\/monitorykomercyjne.pl\/index.php\/produkt\/sharp-pn-lc652-tablica-interaktywna-65\/","og_locale":"pl_PL","og_type":"article","og_title":"Sharp PN-LC652 - Tablica interaktywna 65\" - Monitory Komercyjne Monitory komercyjne","og_description":"Poziom antyrefleksyjny StandardGodziny pracy16\/7Jasno\u015b\u0107 [cd\/m\u00b2]450Rozdzielczo\u015b\u01073840 x 2160Kod produktu60005890","og_url":"https:\/\/monitorykomercyjne.pl\/index.php\/produkt\/sharp-pn-lc652-tablica-interaktywna-65\/","og_site_name":"Monitory Komercyjne","article_modified_time":"2024-05-09T07:39:50+00:00","og_image":[{"width":1024,"height":768,"url":"https:\/\/monitorykomercyjne.pl\/wp-content\/uploads\/2024\/03\/Sharp-PN-LC7521-1024x768.png","type":"image\/png"}],"twitter_card":"summary_large_image","twitter_misc":{"Szacowany czas czytania":"4 minuty"},"schema":{"@context":"https:\/\/schema.org","@graph":[{"@type":"WebPage","@id":"https:\/\/monitorykomercyjne.pl\/index.php\/produkt\/sharp-pn-lc652-tablica-interaktywna-65\/","url":"https:\/\/monitorykomercyjne.pl\/index.php\/produkt\/sharp-pn-lc652-tablica-interaktywna-65\/","name":"Sharp PN-LC652 - Tablica interaktywna 65\" - Monitory Komercyjne Monitory komercyjne","isPartOf":{"@id":"https:\/\/monitorykomercyjne.pl\/#website"},"primaryImageOfPage":{"@id":"https:\/\/monitorykomercyjne.pl\/index.php\/produkt\/sharp-pn-lc652-tablica-interaktywna-65\/#primaryimage"},"image":{"@id":"https:\/\/monitorykomercyjne.pl\/index.php\/produkt\/sharp-pn-lc652-tablica-interaktywna-65\/#primaryimage"},"thumbnailUrl":"https:\/\/monitorykomercyjne.pl\/wp-content\/uploads\/2024\/03\/Sharp-PN-LC7521.png","datePublished":"2024-03-04T13:28:42+00:00","dateModified":"2024-05-09T07:39:50+00:00","breadcrumb":{"@id":"https:\/\/monitorykomercyjne.pl\/index.php\/produkt\/sharp-pn-lc652-tablica-interaktywna-65\/#breadcrumb"},"inLanguage":"pl-PL","potentialAction":[{"@type":"ReadAction","target":["https:\/\/monitorykomercyjne.pl\/index.php\/produkt\/sharp-pn-lc652-tablica-interaktywna-65\/"]}]},{"@type":"ImageObject","inLanguage":"pl-PL","@id":"https:\/\/monitorykomercyjne.pl\/index.php\/produkt\/sharp-pn-lc652-tablica-interaktywna-65\/#primaryimage","url":"https:\/\/monitorykomercyjne.pl\/wp-content\/uploads\/2024\/03\/Sharp-PN-LC7521.png","contentUrl":"https:\/\/monitorykomercyjne.pl\/wp-content\/uploads\/2024\/03\/Sharp-PN-LC7521.png","width":5262,"height":3947},{"@type":"BreadcrumbList","@id":"https:\/\/monitorykomercyjne.pl\/index.php\/produkt\/sharp-pn-lc652-tablica-interaktywna-65\/#breadcrumb","itemListElement":[{"@type":"ListItem","position":1,"name":"Strona g\u0142\u00f3wna","item":"https:\/\/monitorykomercyjne.pl\/"},{"@type":"ListItem","position":2,"name":"Produkty","item":"https:\/\/monitorykomercyjne.pl\/index.php\/produkty\/"},{"@type":"ListItem","position":3,"name":"Sharp PN-LC652 &#8211; Tablica interaktywna 65&#8243;"}]},{"@type":"WebSite","@id":"https:\/\/monitorykomercyjne.pl\/#website","url":"https:\/\/monitorykomercyjne.pl\/","name":"Monitory Komercyjne","description":"","potentialAction":[{"@type":"SearchAction","target":{"@type":"EntryPoint","urlTemplate":"https:\/\/monitorykomercyjne.pl\/?s={search_term_string}"},"query-input":"required name=search_term_string"}],"inLanguage":"pl-PL"}]}},"brands":[{"id":28,"name":"SharpNEC","slug":"sharpnec"}],"_links":{"self":[{"href":"https:\/\/monitorykomercyjne.pl\/index.php\/wp-json\/wp\/v2\/product\/545"}],"collection":[{"href":"https:\/\/monitorykomercyjne.pl\/index.php\/wp-json\/wp\/v2\/product"}],"about":[{"href":"https:\/\/monitorykomercyjne.pl\/index.php\/wp-json\/wp\/v2\/types\/product"}],"wp:featuredmedia":[{"embeddable":true,"href":"https:\/\/monitorykomercyjne.pl\/index.php\/wp-json\/wp\/v2\/media\/543"}],"wp:attachment":[{"href":"https:\/\/monitorykomercyjne.pl\/index.php\/wp-json\/wp\/v2\/media?parent=545"}],"wp:term":[{"taxonomy":"pwb-brand","embeddable":true,"href":"https:\/\/monitorykomercyjne.pl\/index.php\/wp-json\/wp\/v2\/pwb-brand?post=545"},{"taxonomy":"product_cat","embeddable":true,"href":"https:\/\/monitorykomercyjne.pl\/index.php\/wp-json\/wp\/v2\/product_cat?post=545"},{"taxonomy":"product_tag","embeddable":true,"href":"https:\/\/monitorykomercyjne.pl\/index.php\/wp-json\/wp\/v2\/product_tag?post=545"}],"curies":[{"name":"wp","href":"https:\/\/api.w.org\/{rel}","templated":true}]}}