{"id":558,"date":"2024-03-04T15:31:57","date_gmt":"2024-03-04T14:31:57","guid":{"rendered":"https:\/\/monitorykomercyjne.pl\/?post_type=product&#038;p=558"},"modified":"2024-05-09T09:39:49","modified_gmt":"2024-05-09T07:39:49","slug":"nec-multisync-m431-pcap-tablica-interaktywna-43","status":"publish","type":"product","link":"https:\/\/monitorykomercyjne.pl\/index.php\/produkt\/nec-multisync-m431-pcap-tablica-interaktywna-43\/","title":{"rendered":"NEC MultiSync\u00a0M431 PCAP &#8211; Tablica interaktywna 43&#8243;"},"content":{"rendered":"<section id=\"overview\" class=\"row\">\n<div class=\"columns medium-6\">\n<p><!-- ossproductdescstart --><\/p>\n<p><b>Doskona\u0142a jako\u015b\u0107 dotyku w\u00a0wymagaj\u0105cych otoczeniach<\/b><\/p>\n<p>Pierwsze wra\u017cenie jest najwa\u017cniejsze, dlatego prezentacja biznesu w\u00a0najlepszy mo\u017cliwy spos\u00f3b pozwala nada\u0107 marce impetu. Nowoczesny bezramkowy design, dzia\u0142anie 24\/7 i\u00a0ograniczenie odbi\u0107 przy intensywnym o\u015bwietleniu otoczenia sprawiaj\u0105, \u017ce monitory serii\u00a0M firmy NEC z\u00a0technologi\u0105 dotykow\u0105 PCAP anga\u017cuj\u0105 odbiorc\u00f3w i\u00a0u\u0142atwiaj\u0105 wsp\u00f3\u0142prac\u0119.<\/p>\n<p>Wbudowany pot\u0119\u017cny modu\u0142 obliczeniowy Intel\u00ae Smart Display Module (Intel\u00ae SDM) pozwala zapewni\u0107 klientom wyj\u0105tkowe wra\u017cenia z\u00a0interakcji. Wytrzyma\u0142a i\u00a0odporna na zarysowania szklana powierzchnia dotykowych monitor\u00f3w PCAP serii\u00a0M bez problemu znosi wymagaj\u0105ce warunki u\u017cytkowania w\u00a0miejscach publicznych, a\u00a0dzi\u0119ki w\u0142a\u015bciwo\u015bciom antyrefleksyjnym sprawdza si\u0119 nawet w\u00a0bardzo jasnych warunkach.<\/p>\n<p><!-- ossproductdescend --><\/p>\n<\/div>\n<div class=\"columns medium-6\">\n<h3>Korzy\u015bci<\/h3>\n<ul>\n<li><b>Nowoczesny wygl\u0105d i\u00a0\u0142atwo\u015b\u0107 czyszczenia<\/b> \u2013dzi\u0119ki wy\u015bwietlaniu obrazu od kraw\u0119dzi do kraw\u0119dzi urz\u0105dzenie mo\u017cna w\u00a0dyskretny spos\u00f3b zintegrowa\u0107 w\u00a0ka\u017cdym otoczeniu, bez wzgl\u0119du na wybrane zastosowanie.<\/li>\n<li><b>Wyj\u0105tkowe wra\u017cenia dotykowe<\/b> \u2013technologia PCAP z\u00a020\u00a0punktami dotyku zapewnia doskona\u0142\u0105 reakcj\u0119 na dotyk zar\u00f3wno palcem, jak i\u00a0pisakiem.<\/li>\n<li><b>Bezb\u0142\u0119dna czytelno\u015b\u0107<\/b> \u2013brak odbi\u0107 od okien i\u00a0innych \u017ar\u00f3de\u0142 \u015bwiat\u0142a eliminuje problemy z\u00a0widoczno\u015bci\u0105 tre\u015bci informacyjno-reklamowych oraz prezentacji w\u00a0salach konferencyjnych<\/li>\n<li><b>Gotowo\u015b\u0107 do pracy przez ca\u0142\u0105 dob\u0119, 7\u00a0dni w\u00a0tygodniu w\u00a0zastosowaniach o\u00a0krytycznym znaczeniu<\/b> \u2013precyzyjnie dobrane komponenty klasy przemys\u0142owej i\u00a0staranna konstrukcja, opracowana z\u00a0my\u015bl\u0105 o\u00a0wymagaj\u0105cym otoczeniu eksploatacji, w\u00a0po\u0142\u0105czeniu z\u00a0trwa\u0142ymi, wysoce pozytywnymi wra\u017ceniami odbiorc\u00f3w.<\/li>\n<li><b>Bezpieczne zarz\u0105dzanie zdalne<\/b> \u2013urz\u0105dzeniami mo\u017cna sterowa\u0107 zdalnie w\u00a0bezpieczny spos\u00f3b przy u\u017cyciu oprogramowania NEC NaviSet Administrator\u00a02; proaktywne zarz\u0105dzanie wymogami konserwacyjnymi zapewnia oszcz\u0119dno\u015b\u0107 czasu i\u00a0zasob\u00f3w<\/li>\n<\/ul>\n<\/div>\n<\/section>\n<dl id=\"speciList\" class=\"js-accordion\">\n<dt class=\"js-accordion__toggle accordion__toggle\">WY\u015aWIETLACZ<\/dt>\n<dd class=\"js-accordion__content\">\n<table class=\"datalist datalist--divided-inset\">\n<tbody>\n<tr>\n<td>Rodzaj panelu<\/td>\n<td>IPS z pod\u015bwietleniem Edge LED<\/td>\n<\/tr>\n<tr>\n<td>Wielko\u015b\u0107 ekranu [cale\/cm]<\/td>\n<td>43 \/ 108<\/td>\n<\/tr>\n<tr>\n<td>Proporcje obrazu<\/td>\n<td>16:9<\/td>\n<\/tr>\n<tr>\n<td>Jasno\u015b\u0107 (bez szk\u0142a) [cd\/m\u00b2]<\/td>\n<td>500<\/td>\n<\/tr>\n<tr>\n<td>Wsp\u00f3\u0142czynnik kontrastu (domy\u015blnie)<\/td>\n<td>&gt; 8000:1<\/td>\n<\/tr>\n<tr>\n<td>K\u0105ty widzenia [\u00b0]<\/td>\n<td>178 poziomo \/ 178 pionowo (CR 10:1)<\/td>\n<\/tr>\n<tr>\n<td>Colour Depth [bn]<\/td>\n<td>1,076 (10bit)<\/td>\n<\/tr>\n<tr>\n<td>Czas reakcji [ms]<\/td>\n<td>8<\/td>\n<\/tr>\n<tr>\n<td>Cz\u0119stotliwo\u015b\u0107 od\u015bwie\u017cania obrazu [Hz]<\/td>\n<td>60<\/td>\n<\/tr>\n<tr>\n<td>Obs\u0142ugiwana orientacja obrazu<\/td>\n<td>Ekranem do g\u00f3ry <sup>1<\/sup>; Pionowa; Pozioma<\/td>\n<\/tr>\n<\/tbody>\n<\/table>\n<\/dd>\n<dt class=\"js-accordion__toggle accordion__toggle\">DOTYK<\/dt>\n<dd class=\"js-accordion__content\">\n<table class=\"datalist datalist--divided-inset\">\n<tbody>\n<tr>\n<td>Technologia dotykowa<\/td>\n<td>PCAP<\/td>\n<\/tr>\n<tr>\n<td>Punkty dotyku \/ zdarzenia<\/td>\n<td>Rzeczywista technologia dotyku wielokrotnego \u2014 liczba punkt\u00f3w dotyku: maks. 20<\/td>\n<\/tr>\n<tr>\n<td>Metoda wprowadzania danych<\/td>\n<td>Conductive Passive Stylus; Palec<\/td>\n<\/tr>\n<tr>\n<td>System Operacyjny<\/td>\n<td>Android; Linux; Raspberry Pi; Windows<\/td>\n<\/tr>\n<tr>\n<td>Protok\u00f3\u0142 komunikacyjny<\/td>\n<td>USB-HID<\/td>\n<\/tr>\n<tr>\n<td>Dok\u0142adno\u015b\u0107 [mm]<\/td>\n<td>+\/- 1.5<\/td>\n<\/tr>\n<tr>\n<td>Windows Ink<\/td>\n<td>nie<\/td>\n<\/tr>\n<tr>\n<td>Palm Rejection<\/td>\n<td>nie<\/td>\n<\/tr>\n<\/tbody>\n<\/table>\n<\/dd>\n<dt class=\"js-accordion__toggle accordion__toggle\">SZK\u0141O<\/dt>\n<dd class=\"js-accordion__content\">\n<table class=\"datalist datalist--divided-inset\">\n<tbody>\n<tr>\n<td>Grubo\u015b\u0107 [mm]<\/td>\n<td>3.6<\/td>\n<\/tr>\n<tr>\n<td>Przechodzenie \u015bwiat\u0142a [%]<\/td>\n<td>85 (+\/- 5 %)<\/td>\n<\/tr>\n<tr>\n<td>Haze Level [%]<\/td>\n<td>5 ~ 10<\/td>\n<\/tr>\n<tr>\n<td>Twardo\u015b\u0107 [H]<\/td>\n<td>6<\/td>\n<\/tr>\n<\/tbody>\n<\/table>\n<\/dd>\n<dt class=\"js-accordion__toggle accordion__toggle\">ROZDZIELCZO\u015a\u0106<\/dt>\n<dd class=\"js-accordion__content\">\n<table class=\"datalist datalist--divided-inset\">\n<tbody>\n<tr>\n<td>Rozdzielczo\u015b\u0107 natywna<\/td>\n<td>\n<div class=\"productSpecRes productSpecRes--columns\">3840 x 2160<\/div>\n<\/td>\n<\/tr>\n<tr>\n<td>Obs\u0142ugiwane przez wej\u015bcia cyfrowe i analogowe (PC)<\/td>\n<td>\n<div class=\"productSpecRes productSpecRes--columns\">1024 x 768; 1280 x 1024; 1280 x 720; 1360 x 768; 1366 x 768; 1400 x 1050; 1440 x 900; 1600 x 1200; 1650 x 1050; 1920 x 1080; 1920 x 1200; 1920 x 2160; 2560 x 1440; 2560 x 1600; 3840 x 2160; 4096 x 2160<\/div>\n<\/td>\n<\/tr>\n<\/tbody>\n<\/table>\n<\/dd>\n<dt class=\"js-accordion__toggle accordion__toggle\">CZ\u0118STOTLIWO\u015a\u0106 SYNCHRONIZACJI<\/dt>\n<dd class=\"js-accordion__content\">\n<table class=\"datalist datalist--divided-inset\">\n<tbody>\n<tr>\n<td>Cz\u0119stotliwo\u015b\u0107 pozioma [kHz]<\/td>\n<td>26 &#8211; 91.1<\/td>\n<\/tr>\n<tr>\n<td>Cz\u0119stotliwo\u015b\u0107 pionowa [Hz]<\/td>\n<td>23 &#8211; 86<\/td>\n<\/tr>\n<\/tbody>\n<\/table>\n<\/dd>\n<dt class=\"js-accordion__toggle accordion__toggle\">MO\u017bLIWO\u015aCI POD\u0141\u0104CZANIA<\/dt>\n<dd class=\"js-accordion__content\">\n<table class=\"datalist datalist--divided-inset\">\n<tbody>\n<tr>\n<td>Wej\u015bcia wideo cyfrowe<\/td>\n<td>1 x DisplayPort (HDCP); 2 x HDMI (HDCP)<\/td>\n<\/tr>\n<tr>\n<td>Wej\u015bcia audio cyfrowe<\/td>\n<td>1 x Interfejs DisplayPort; 2 x HDMI<\/td>\n<\/tr>\n<tr>\n<td>Kontrola wej\u015bcia<\/td>\n<td>przew\u00f3d zdalnego sterowania (jack 3,5 mm); RS232; Sie\u0107 LAN 100 Mbit<\/td>\n<\/tr>\n<tr>\n<td>Input Data<\/td>\n<td>1 x USB 2.0 (MediaPlayer)<\/td>\n<\/tr>\n<tr>\n<td>Wyj\u015bcia audio analogowe<\/td>\n<td>Z\u0142\u0105cze 1 x 3,5 mm<\/td>\n<\/tr>\n<tr>\n<td>Input Detect<\/td>\n<td>Custom; First; Last<\/td>\n<\/tr>\n<tr>\n<td>PiP\/PbP<\/td>\n<td>Quad-Split; scalable picture size; Triple-Split<\/td>\n<\/tr>\n<\/tbody>\n<\/table>\n<\/dd>\n<dt class=\"js-accordion__toggle accordion__toggle\">OPEN MODULAR INTELLIGENCE<\/dt>\n<dd class=\"js-accordion__content\">\n<table class=\"datalist datalist--divided-inset\">\n<tbody>\n<tr>\n<td>Intel\u00ae SDM<\/td>\n<td>kompatybilny z procesorami Intel Celeron lub procesorami o ni\u017cszym zu\u017cyciu energii; Mo\u017cliwo\u015b\u0107 zastosowania du\u017cych i ma\u0142ych (do 45\u00a0W) modu\u0142\u00f3w Intel\u00ae Smart Display<\/td>\n<\/tr>\n<tr>\n<td>Gniazdo mikrokomputera<\/td>\n<td>RPi Compute Module 4<\/td>\n<\/tr>\n<\/tbody>\n<\/table>\n<\/dd>\n<dt class=\"js-accordion__toggle accordion__toggle\">CZUJNIKI<\/dt>\n<dd class=\"js-accordion__content\">\n<table class=\"datalist datalist--divided-inset\">\n<tbody>\n<tr>\n<td>Czujnik temperatury<\/td>\n<td>Wbudowany, liczba czujnik\u00f3w: 3, z\u00a0mo\u017cliwo\u015bci\u0105 programowania uruchamianych dzia\u0142a\u0144<\/td>\n<\/tr>\n<\/tbody>\n<\/table>\n<\/dd>\n<dt class=\"js-accordion__toggle accordion__toggle\">PARAMETRY ELEKTRYCZNE<\/dt>\n<dd class=\"js-accordion__content\">\n<table class=\"datalist datalist--divided-inset\">\n<tbody>\n<tr>\n<td>Pob\u00f3r mocy [W]<\/td>\n<td>80 wysy\u0142ka<\/td>\n<\/tr>\n<tr>\n<td>Tryb Power Save [W]<\/td>\n<td>&lt; 0.5; &lt; 2 (Networked Standby)<\/td>\n<\/tr>\n<tr>\n<td>Zarz\u0105dzanie energi\u0105<\/td>\n<td>VESA DPMS<\/td>\n<\/tr>\n<tr>\n<td>Zasilacz<\/td>\n<td>100-240 V AC; 50\/60 Hz<\/td>\n<\/tr>\n<\/tbody>\n<\/table>\n<\/dd>\n<dt class=\"js-accordion__toggle accordion__toggle\">WARUNKI OTOCZENIA<\/dt>\n<dd class=\"js-accordion__content\">\n<table class=\"datalist datalist--divided-inset\">\n<tbody>\n<tr>\n<td>Temperatura otoczenia podczes pracy [\u00b0C]<\/td>\n<td>+0 to +35<\/td>\n<\/tr>\n<tr>\n<td>Wilgotno\u015b\u0107 otoczenia podczas pracy [%]<\/td>\n<td>20 to 80<\/td>\n<\/tr>\n<tr>\n<td>Wilgotno\u015b\u0107 otoczenia podczas przechowywania [%]<\/td>\n<td>10 do 90<\/td>\n<\/tr>\n<tr>\n<td>Temperatura otoczenia podczas przechowywania [\u00b0C]<\/td>\n<td>-20 do 60<\/td>\n<\/tr>\n<\/tbody>\n<\/table>\n<\/dd>\n<dt class=\"js-accordion__toggle accordion__toggle\">PARAMETRY MECHANICZNE<\/dt>\n<dd class=\"js-accordion__content\">\n<table class=\"datalist datalist--divided-inset\">\n<tbody>\n<tr>\n<td>Wymiary [mm]<\/td>\n<td>1\u00a0003,4 x 595,1 x 74,42<\/td>\n<\/tr>\n<tr>\n<td>Waga [kg]<\/td>\n<td>24.8<\/td>\n<\/tr>\n<tr>\n<td>Szeroko\u015b\u0107 ramki [mm]<\/td>\n<td>Zr\u00f3wnana konstrukcja z\u00a0obrazem od kraw\u0119dzi do kraw\u0119dzi (bez ramek)<\/td>\n<\/tr>\n<tr>\n<td>Mocowanie VESA [mm]<\/td>\n<td>300 x 300 (FDMI); 4 otwory; \u015bruby M6<\/td>\n<\/tr>\n<tr>\n<td>Stopie\u0144 ochrony<\/td>\n<td>IP5x (prz\u00f3d); IP2x (tyl)<\/td>\n<\/tr>\n<tr>\n<td>Wymiary opakowania (szer. x wys. x g\u0142\u0119b.) [mm]<\/td>\n<td>Box 1: 1,120 x 700 x 203<\/td>\n<\/tr>\n<tr>\n<td>Masa z\u00a0opakowaniem [kg]<\/td>\n<td>Box 1: 30<\/td>\n<\/tr>\n<\/tbody>\n<\/table>\n<\/dd>\n<dt class=\"js-accordion__toggle accordion__toggle\">MEDIAPLAYER<\/dt>\n<dd class=\"js-accordion__content\">\n<table class=\"datalist datalist--divided-inset\">\n<tbody>\n<tr>\n<td>Supported File Storage \/ File System<\/td>\n<td>USB 2.0 \/ FAT16, FAT32<\/td>\n<\/tr>\n<tr>\n<td>Supported Image Formats<\/td>\n<td>JPG (baseline, progressive, RGB, CMYK); max. resolution 15360 x 8640<\/td>\n<\/tr>\n<tr>\n<td>Supported Video Formats<\/td>\n<td>MPG (MPEG1\/2\/4, max res 1080p@30Hz); MP4 (MPEG2\/4, H.263, H.264, HEVC\/H.265, max res 3840&#215;2160@60Hz); TS (MPEG2, H.264, HEVC\/H.265, max res 3840&#215;2160@60Hz); audio: LPCM, MP3, AAC; WMV (video H.264, Windows Media Video 9, max res 1080p@30Hz, audio WMA 9, WMA 10 Pro)<\/td>\n<\/tr>\n<tr>\n<td>Supported Audio Formats<\/td>\n<td>MP3 (MP3); max. bit-rate 320 kBit\/s<\/td>\n<\/tr>\n<\/tbody>\n<\/table>\n<\/dd>\n<dt class=\"js-accordion__toggle accordion__toggle\">DOST\u0118PNE OPCJE<\/dt>\n<dd class=\"js-accordion__content\">\n<table class=\"datalist datalist--divided-inset\">\n<tbody>\n<tr>\n<td>Akcesoria<\/td>\n<td>G\u0142o\u015bnik (SP-RM3a); Presence Sensor (KT-RC3); Soundbar (SP-ASCM-IQ2, SP-ASCM-2, SP-AS2); W\u00f3zek (PD04 Tipster Trolley); Zestaw do monta\u017cu na \u015bcianie (PDW S 32-55 L, PDW S 32-55 P)<\/td>\n<\/tr>\n<\/tbody>\n<\/table>\n<\/dd>\n<dt class=\"js-accordion__toggle accordion__toggle\">FUNKCJE EKO<\/dt>\n<dd class=\"js-accordion__content\">\n<table class=\"datalist datalist--divided-inset\">\n<tbody>\n<tr>\n<td>Wydajno\u015b\u0107 energetyczna<\/td>\n<td>pod\u015bwietleniem LED; Zu\u017cycie energii: 68 kWh\/1000 godzin<\/td>\n<\/tr>\n<tr>\n<td>Normy ekologiczne<\/td>\n<td>EnergyStar 8.0<\/td>\n<\/tr>\n<\/tbody>\n<\/table>\n<\/dd>\n<dt class=\"js-accordion__toggle accordion__toggle\">DODATKOWE FUNKCJE<\/dt>\n<dd class=\"js-accordion__content\">\n<table class=\"datalist datalist--divided-inset\">\n<tbody>\n<tr>\n<td>Cechy Specjalne<\/td>\n<td>HDMI ARC; Powered USB Port (10 W)<\/td>\n<\/tr>\n<tr>\n<td>Bezpiecze\u0144stwo i ergonomia<\/td>\n<td>CE; EAC; RoHS<\/td>\n<\/tr>\n<tr>\n<td>Klasa b\u0142\u0119d\u00f3w pikseli<\/td>\n<td>Klasa 1 wg ISO 9241-307<\/td>\n<\/tr>\n<tr>\n<td>G\u0142o\u015bniki<\/td>\n<td>Integrated Speakers (10 W + 10 W)<\/td>\n<\/tr>\n<tr>\n<td>Zawarto\u015b\u0107 opakowania<\/td>\n<td>2x baterie; Instrukcja konfiguracji; Kabel HDMI; Kabel USB; Kabel zasilaj\u0105cy; Monitor; Pilot<\/td>\n<\/tr>\n<tr>\n<td>Gwarancja<\/td>\n<td>3 lata (w tym na pod\u015bwietlenie ekranu); dost\u0119pne dodatkowe us\u0142ugi<\/td>\n<\/tr>\n<tr>\n<td>Godziny pracy<\/td>\n<td>24\/7<\/td>\n<\/tr>\n<tr>\n<td>External Control<\/td>\n<td>AMX NetLinx Support; ASCII Control Commands; Crestron Connected; HDMI CEC; HTTP Browser; PJLink; Scheduled Timer; SNMP<\/td>\n<\/tr>\n<tr>\n<td>Remote Management<\/td>\n<td>Automated Email Alerts; NEC NaViSet Administrator 2<\/td>\n<\/tr>\n<tr>\n<td>Security<\/td>\n<td>Disable HW Buttons; Disable IR Functionality; Emergency Notification<\/td>\n<\/tr>\n<\/tbody>\n<\/table>\n<\/dd>\n<\/dl>\n","protected":false},"excerpt":{"rendered":"<div class=\"columns medium-6 product-features\">\n<table class=\"datalist datalist--divided-fullwidth\">\n<tbody>\n<tr>\n<td>Poziom antyrefleksyjny <\/td>\n<td>Pro<\/td>\n<\/tr>\n<tr>\n<td>Godziny pracy<\/td>\n<td>24\/7<\/td>\n<\/tr>\n<tr>\n<td>Jasno\u015b\u0107  [cd\/m\u00b2]<\/td>\n<td>500<\/td>\n<\/tr>\n<tr>\n<td>Rozdzielczo\u015b\u0107<\/td>\n<td>3840 x 2160<\/td>\n<\/tr>\n<tr>\n<td>Kod produktu<\/td>\n<td>60005076<\/td>\n<\/tr>\n<\/tbody>\n<\/table>\n<\/div>\n","protected":false},"featured_media":549,"template":"","meta":{"inline_featured_image":false,"neve_meta_sidebar":"","neve_meta_container":"","neve_meta_enable_content_width":"off","neve_meta_content_width":100,"neve_meta_title_alignment":"","neve_meta_author_avatar":"","neve_post_elements_order":"","neve_meta_disable_header":"","neve_meta_disable_footer":"","neve_meta_disable_title":""},"pwb-brand":[28],"product_cat":[17],"product_tag":[],"yoast_head":"<!-- This site is optimized with the Yoast SEO plugin v22.6 - https:\/\/yoast.com\/wordpress\/plugins\/seo\/ -->\n<title>NEC MultiSync\u00a0M431 PCAP - Tablica interaktywna 43&quot; - Monitory Komercyjne Monitory komercyjne<\/title>\n<meta name=\"robots\" content=\"index, follow, max-snippet:-1, max-image-preview:large, max-video-preview:-1\" \/>\n<link rel=\"canonical\" href=\"https:\/\/monitorykomercyjne.pl\/index.php\/produkt\/nec-multisync-m431-pcap-tablica-interaktywna-43\/\" \/>\n<meta property=\"og:locale\" content=\"pl_PL\" \/>\n<meta property=\"og:type\" content=\"article\" \/>\n<meta property=\"og:title\" content=\"NEC MultiSync\u00a0M431 PCAP - Tablica interaktywna 43&quot; - Monitory Komercyjne Monitory komercyjne\" \/>\n<meta property=\"og:description\" content=\"Poziom antyrefleksyjny ProGodziny pracy24\/7Jasno\u015b\u0107 [cd\/m\u00b2]500Rozdzielczo\u015b\u01073840 x 2160Kod produktu60005076\" \/>\n<meta property=\"og:url\" content=\"https:\/\/monitorykomercyjne.pl\/index.php\/produkt\/nec-multisync-m431-pcap-tablica-interaktywna-43\/\" \/>\n<meta property=\"og:site_name\" content=\"Monitory Komercyjne\" \/>\n<meta property=\"article:modified_time\" content=\"2024-05-09T07:39:49+00:00\" \/>\n<meta property=\"og:image\" content=\"https:\/\/monitorykomercyjne.pl\/wp-content\/uploads\/2024\/03\/NEC-MultiSync-M651-PCAP1.png\" \/>\n\t<meta property=\"og:image:width\" content=\"3840\" \/>\n\t<meta property=\"og:image:height\" content=\"2399\" \/>\n\t<meta property=\"og:image:type\" content=\"image\/png\" \/>\n<meta name=\"twitter:card\" content=\"summary_large_image\" \/>\n<meta name=\"twitter:label1\" content=\"Szacowany czas czytania\" \/>\n\t<meta name=\"twitter:data1\" content=\"4 minuty\" \/>\n<script type=\"application\/ld+json\" class=\"yoast-schema-graph\">{\"@context\":\"https:\/\/schema.org\",\"@graph\":[{\"@type\":\"WebPage\",\"@id\":\"https:\/\/monitorykomercyjne.pl\/index.php\/produkt\/nec-multisync-m431-pcap-tablica-interaktywna-43\/\",\"url\":\"https:\/\/monitorykomercyjne.pl\/index.php\/produkt\/nec-multisync-m431-pcap-tablica-interaktywna-43\/\",\"name\":\"NEC MultiSync\u00a0M431 PCAP - Tablica interaktywna 43\\\" - Monitory Komercyjne Monitory komercyjne\",\"isPartOf\":{\"@id\":\"https:\/\/monitorykomercyjne.pl\/#website\"},\"primaryImageOfPage\":{\"@id\":\"https:\/\/monitorykomercyjne.pl\/index.php\/produkt\/nec-multisync-m431-pcap-tablica-interaktywna-43\/#primaryimage\"},\"image\":{\"@id\":\"https:\/\/monitorykomercyjne.pl\/index.php\/produkt\/nec-multisync-m431-pcap-tablica-interaktywna-43\/#primaryimage\"},\"thumbnailUrl\":\"https:\/\/monitorykomercyjne.pl\/wp-content\/uploads\/2024\/03\/NEC-MultiSync-M651-PCAP1.png\",\"datePublished\":\"2024-03-04T14:31:57+00:00\",\"dateModified\":\"2024-05-09T07:39:49+00:00\",\"breadcrumb\":{\"@id\":\"https:\/\/monitorykomercyjne.pl\/index.php\/produkt\/nec-multisync-m431-pcap-tablica-interaktywna-43\/#breadcrumb\"},\"inLanguage\":\"pl-PL\",\"potentialAction\":[{\"@type\":\"ReadAction\",\"target\":[\"https:\/\/monitorykomercyjne.pl\/index.php\/produkt\/nec-multisync-m431-pcap-tablica-interaktywna-43\/\"]}]},{\"@type\":\"ImageObject\",\"inLanguage\":\"pl-PL\",\"@id\":\"https:\/\/monitorykomercyjne.pl\/index.php\/produkt\/nec-multisync-m431-pcap-tablica-interaktywna-43\/#primaryimage\",\"url\":\"https:\/\/monitorykomercyjne.pl\/wp-content\/uploads\/2024\/03\/NEC-MultiSync-M651-PCAP1.png\",\"contentUrl\":\"https:\/\/monitorykomercyjne.pl\/wp-content\/uploads\/2024\/03\/NEC-MultiSync-M651-PCAP1.png\",\"width\":3840,\"height\":2399},{\"@type\":\"BreadcrumbList\",\"@id\":\"https:\/\/monitorykomercyjne.pl\/index.php\/produkt\/nec-multisync-m431-pcap-tablica-interaktywna-43\/#breadcrumb\",\"itemListElement\":[{\"@type\":\"ListItem\",\"position\":1,\"name\":\"Strona g\u0142\u00f3wna\",\"item\":\"https:\/\/monitorykomercyjne.pl\/\"},{\"@type\":\"ListItem\",\"position\":2,\"name\":\"Produkty\",\"item\":\"https:\/\/monitorykomercyjne.pl\/index.php\/produkty\/\"},{\"@type\":\"ListItem\",\"position\":3,\"name\":\"NEC MultiSync\u00a0M431 PCAP &#8211; Tablica interaktywna 43&#8243;\"}]},{\"@type\":\"WebSite\",\"@id\":\"https:\/\/monitorykomercyjne.pl\/#website\",\"url\":\"https:\/\/monitorykomercyjne.pl\/\",\"name\":\"Monitory Komercyjne\",\"description\":\"\",\"potentialAction\":[{\"@type\":\"SearchAction\",\"target\":{\"@type\":\"EntryPoint\",\"urlTemplate\":\"https:\/\/monitorykomercyjne.pl\/?s={search_term_string}\"},\"query-input\":\"required name=search_term_string\"}],\"inLanguage\":\"pl-PL\"}]}<\/script>\n<!-- \/ Yoast SEO plugin. -->","yoast_head_json":{"title":"NEC MultiSync\u00a0M431 PCAP - Tablica interaktywna 43\" - Monitory Komercyjne Monitory komercyjne","robots":{"index":"index","follow":"follow","max-snippet":"max-snippet:-1","max-image-preview":"max-image-preview:large","max-video-preview":"max-video-preview:-1"},"canonical":"https:\/\/monitorykomercyjne.pl\/index.php\/produkt\/nec-multisync-m431-pcap-tablica-interaktywna-43\/","og_locale":"pl_PL","og_type":"article","og_title":"NEC MultiSync\u00a0M431 PCAP - Tablica interaktywna 43\" - Monitory Komercyjne Monitory komercyjne","og_description":"Poziom antyrefleksyjny ProGodziny pracy24\/7Jasno\u015b\u0107 [cd\/m\u00b2]500Rozdzielczo\u015b\u01073840 x 2160Kod produktu60005076","og_url":"https:\/\/monitorykomercyjne.pl\/index.php\/produkt\/nec-multisync-m431-pcap-tablica-interaktywna-43\/","og_site_name":"Monitory Komercyjne","article_modified_time":"2024-05-09T07:39:49+00:00","og_image":[{"width":3840,"height":2399,"url":"https:\/\/monitorykomercyjne.pl\/wp-content\/uploads\/2024\/03\/NEC-MultiSync-M651-PCAP1.png","type":"image\/png"}],"twitter_card":"summary_large_image","twitter_misc":{"Szacowany czas czytania":"4 minuty"},"schema":{"@context":"https:\/\/schema.org","@graph":[{"@type":"WebPage","@id":"https:\/\/monitorykomercyjne.pl\/index.php\/produkt\/nec-multisync-m431-pcap-tablica-interaktywna-43\/","url":"https:\/\/monitorykomercyjne.pl\/index.php\/produkt\/nec-multisync-m431-pcap-tablica-interaktywna-43\/","name":"NEC MultiSync\u00a0M431 PCAP - Tablica interaktywna 43\" - Monitory Komercyjne Monitory komercyjne","isPartOf":{"@id":"https:\/\/monitorykomercyjne.pl\/#website"},"primaryImageOfPage":{"@id":"https:\/\/monitorykomercyjne.pl\/index.php\/produkt\/nec-multisync-m431-pcap-tablica-interaktywna-43\/#primaryimage"},"image":{"@id":"https:\/\/monitorykomercyjne.pl\/index.php\/produkt\/nec-multisync-m431-pcap-tablica-interaktywna-43\/#primaryimage"},"thumbnailUrl":"https:\/\/monitorykomercyjne.pl\/wp-content\/uploads\/2024\/03\/NEC-MultiSync-M651-PCAP1.png","datePublished":"2024-03-04T14:31:57+00:00","dateModified":"2024-05-09T07:39:49+00:00","breadcrumb":{"@id":"https:\/\/monitorykomercyjne.pl\/index.php\/produkt\/nec-multisync-m431-pcap-tablica-interaktywna-43\/#breadcrumb"},"inLanguage":"pl-PL","potentialAction":[{"@type":"ReadAction","target":["https:\/\/monitorykomercyjne.pl\/index.php\/produkt\/nec-multisync-m431-pcap-tablica-interaktywna-43\/"]}]},{"@type":"ImageObject","inLanguage":"pl-PL","@id":"https:\/\/monitorykomercyjne.pl\/index.php\/produkt\/nec-multisync-m431-pcap-tablica-interaktywna-43\/#primaryimage","url":"https:\/\/monitorykomercyjne.pl\/wp-content\/uploads\/2024\/03\/NEC-MultiSync-M651-PCAP1.png","contentUrl":"https:\/\/monitorykomercyjne.pl\/wp-content\/uploads\/2024\/03\/NEC-MultiSync-M651-PCAP1.png","width":3840,"height":2399},{"@type":"BreadcrumbList","@id":"https:\/\/monitorykomercyjne.pl\/index.php\/produkt\/nec-multisync-m431-pcap-tablica-interaktywna-43\/#breadcrumb","itemListElement":[{"@type":"ListItem","position":1,"name":"Strona g\u0142\u00f3wna","item":"https:\/\/monitorykomercyjne.pl\/"},{"@type":"ListItem","position":2,"name":"Produkty","item":"https:\/\/monitorykomercyjne.pl\/index.php\/produkty\/"},{"@type":"ListItem","position":3,"name":"NEC MultiSync\u00a0M431 PCAP &#8211; Tablica interaktywna 43&#8243;"}]},{"@type":"WebSite","@id":"https:\/\/monitorykomercyjne.pl\/#website","url":"https:\/\/monitorykomercyjne.pl\/","name":"Monitory Komercyjne","description":"","potentialAction":[{"@type":"SearchAction","target":{"@type":"EntryPoint","urlTemplate":"https:\/\/monitorykomercyjne.pl\/?s={search_term_string}"},"query-input":"required name=search_term_string"}],"inLanguage":"pl-PL"}]}},"brands":[{"id":28,"name":"SharpNEC","slug":"sharpnec"}],"_links":{"self":[{"href":"https:\/\/monitorykomercyjne.pl\/index.php\/wp-json\/wp\/v2\/product\/558"}],"collection":[{"href":"https:\/\/monitorykomercyjne.pl\/index.php\/wp-json\/wp\/v2\/product"}],"about":[{"href":"https:\/\/monitorykomercyjne.pl\/index.php\/wp-json\/wp\/v2\/types\/product"}],"wp:featuredmedia":[{"embeddable":true,"href":"https:\/\/monitorykomercyjne.pl\/index.php\/wp-json\/wp\/v2\/media\/549"}],"wp:attachment":[{"href":"https:\/\/monitorykomercyjne.pl\/index.php\/wp-json\/wp\/v2\/media?parent=558"}],"wp:term":[{"taxonomy":"pwb-brand","embeddable":true,"href":"https:\/\/monitorykomercyjne.pl\/index.php\/wp-json\/wp\/v2\/pwb-brand?post=558"},{"taxonomy":"product_cat","embeddable":true,"href":"https:\/\/monitorykomercyjne.pl\/index.php\/wp-json\/wp\/v2\/product_cat?post=558"},{"taxonomy":"product_tag","embeddable":true,"href":"https:\/\/monitorykomercyjne.pl\/index.php\/wp-json\/wp\/v2\/product_tag?post=558"}],"curies":[{"name":"wp","href":"https:\/\/api.w.org\/{rel}","templated":true}]}}