{"id":559,"date":"2024-03-04T15:40:15","date_gmt":"2024-03-04T14:40:15","guid":{"rendered":"https:\/\/monitorykomercyjne.pl\/?post_type=product&#038;p=559"},"modified":"2024-05-09T09:39:49","modified_gmt":"2024-05-09T07:39:49","slug":"nec-multisync-wd551-tablica-interaktywna-55","status":"publish","type":"product","link":"https:\/\/monitorykomercyjne.pl\/index.php\/produkt\/nec-multisync-wd551-tablica-interaktywna-55\/","title":{"rendered":"NEC MultiSync WD551 &#8211; Tablica interaktywna 55&#8243;"},"content":{"rendered":"<section id=\"overview\" class=\"row\">\n<div class=\"columns medium-6\">\n<p><!-- ossproductdescstart --><\/p>\n<p><b>\u0141\u0105czymy zespo\u0142y! Optymalizacja przestrzeni konferencyjnej wyzwalaj\u0105ca spontaniczn\u0105 kreatywno\u015b\u0107<\/b><\/p>\n<p>Wszechstronny i inteligentny monitor firmy Sharp\/NEC MultiSync\u00ae WD551 opracowany z my\u015bl\u0105 o nowoczesnych przestrzeniach konferencyjnych zapewnia p\u0142ynny przebieg spotka\u0144 oraz natychmiastowy dost\u0119p stacjonarny lub zdalny<\/p>\n<p>Dzi\u0119ki scenariuszom BYOM (Bring Your Own Meeting \u2014 korzystaj z w\u0142asnego sprz\u0119tu konferencyjnego) u\u017cytkownicy musz\u0105 jedynie pod\u0142\u0105czy\u0107 w\u0142asne urz\u0105dzenia bezpiecznym kablem USB-C, aby od razu udost\u0119pnia\u0107 tre\u015bci i rozpoczyna\u0107 spotkania wideo za pomoc\u0105 znanych narz\u0119dzi firmy Microsoft, takich jak Office 365 i Microsoft Teams<\/p>\n<p>Bezramkowy ekran dotykowy PCAP wykonany metod\u0105 klejenia optycznego jest \u0142atwy w czyszczeniu i zapewnia wyj\u0105tkowe wra\u017cenia podczas pisania palcem lub aktywnym pisakiem. Ponadto obs\u0142uguje technologi\u0119 Windows Ink.<\/p>\n<p>Dzi\u0119ki zintegrowanym czujnikom IoT model WD551 zbiera z otoczenia dane telemetryczne, takie jak stopie\u0144 zaj\u0119to\u015bci pomieszczenia, temperatura, o\u015bwietlenie i jako\u015b\u0107 powietrza, kt\u00f3re s\u0105 wykorzystywane na potrzeby strategii inteligentnego budynku.<\/p>\n<p><!-- ossproductdescend --><\/p>\n<\/div>\n<div class=\"columns medium-6\">\n<h3>Korzy\u015bci<\/h3>\n<ul>\n<li><b>BYOM (Bring Your Own Meeting)<\/b> \u2013proste i\u00a0ujednolicone rozwi\u0105zanie umo\u017cliwiaj\u0105ce b\u0142yskawiczne organizowanie spotka\u0144 z\u00a0wykorzystaniem dowolnych urz\u0105dze\u0144.<\/li>\n<li><b>Sprawne pod\u0142\u0105czanie i\u00a0porz\u0105dek<\/b> \u2013pojedynczy bezpieczny kabel USB-C \u0142\u0105czy urz\u0105dzenie z\u00a0wy\u015bwietlaczem, aby automatycznie zsynchronizowa\u0107 wbudowan\u0105 kamer\u0119, g\u0142o\u015bniki, mikrofon, dotyk i\u00a0pisaki.<\/li>\n<li><b>Certyfikat Microsoft Teams i\u00a0inne<\/b> \u2013wygodne rozwi\u0105zanie BYOM pozwala prowadzi\u0107 spotkania wideo przy u\u017cyciu preferowanej platformy konferencyjnej.<\/li>\n<li><b>Naturalny dotyk, proste czyszczenie<\/b> \u2013\u0142atwy w\u00a0czyszczeniu ekran o\u00a0zr\u00f3wnanej powierzchni ogranicza b\u0142\u0105d paralaksy i zapewnia wyj\u0105tkowe wra\u017cenia podczas pisania. Urz\u0105dzenie obs\u0142uguje te\u017c technologi\u0119 Windows Ink, i\u00a0jest dostarczane z\u00a0dwoma aktywnymi pisakami.<\/li>\n<li><b>Inteligentne zarz\u0105dzanie przestrzeni\u0105<\/b> \u2013maksymalne wykorzystanie przestrzeni konferencyjnych i\u00a0utrzymanie optymalnych parametr\u00f3w otoczenia. Pobieraj dane z\u00a0wbudowanych czujnik\u00f3w IoT, aby zarz\u0105dza\u0107 danymi analitycznymi w\u00a0przestrzeniach konferencyjnych.<\/li>\n<\/ul>\n<\/div>\n<\/section>\n<dl id=\"speciList\" class=\"js-accordion\">\n<dt class=\"js-accordion__toggle accordion__toggle\">WY\u015aWIETLACZ<\/dt>\n<dd class=\"js-accordion__content\">\n<table class=\"datalist datalist--divided-inset\">\n<tbody>\n<tr>\n<td>Rodzaj panelu<\/td>\n<td>IPS z\u00a0pod\u015bwietleniem Direct LED<\/td>\n<\/tr>\n<tr>\n<td>U\u017cyteczna powierzchnia [cale\/cm]<\/td>\n<td>1,209.6 x 680.4<\/td>\n<\/tr>\n<tr>\n<td>Wielko\u015b\u0107 ekranu [cale\/cm]<\/td>\n<td>55 \/ 138.78<\/td>\n<\/tr>\n<tr>\n<td>Proporcje obrazu<\/td>\n<td>16:9<\/td>\n<\/tr>\n<tr>\n<td>Jasno\u015b\u0107 [cd\/m\u00b2]<\/td>\n<td>400, 350 (shipment setting)<\/td>\n<\/tr>\n<tr>\n<td>Kontrast<\/td>\n<td>1200:1<\/td>\n<\/tr>\n<tr>\n<td>K\u0105ty widzenia [\u00b0]<\/td>\n<td>178 \/ 178 (kontrast &gt; 10:1)<\/td>\n<\/tr>\n<tr>\n<td>Colour Depth [bn]<\/td>\n<td>1,073 (10bit)<\/td>\n<\/tr>\n<tr>\n<td>Czas reakcji [ms]<\/td>\n<td>8 (grey-to-grey)<\/td>\n<\/tr>\n<tr>\n<td>Obs\u0142ugiwana orientacja obrazu<\/td>\n<td>Pozioma<\/td>\n<\/tr>\n<\/tbody>\n<\/table>\n<\/dd>\n<dt class=\"js-accordion__toggle accordion__toggle\">DOTYK<\/dt>\n<dd class=\"js-accordion__content\">\n<table class=\"datalist datalist--divided-inset\">\n<tbody>\n<tr>\n<td>Technologia dotykowa<\/td>\n<td>PCAP<\/td>\n<\/tr>\n<tr>\n<td>Punkty dotyku \/ zdarzenia<\/td>\n<td>punkt zapisu: 10, punkt dotyku:\u00a020<\/td>\n<\/tr>\n<tr>\n<td>Metoda wprowadzania danych<\/td>\n<td>Aktywny rysik; Palec; Rysik pasywny (\u2265\u00a08\u00a0mm)<\/td>\n<\/tr>\n<tr>\n<td>System Operacyjny<\/td>\n<td>Android; Linux; Mac OS; Windows<\/td>\n<\/tr>\n<tr>\n<td>Protok\u00f3\u0142 komunikacyjny<\/td>\n<td>USB-HID<\/td>\n<\/tr>\n<tr>\n<td>Dok\u0142adno\u015b\u0107 [mm]<\/td>\n<td>Ramka +\/- 2, \u015brodek +\/- 1,5<\/td>\n<\/tr>\n<tr>\n<td>Windows Ink<\/td>\n<td>tak<\/td>\n<\/tr>\n<tr>\n<td>Palm Rejection<\/td>\n<td>nie<\/td>\n<\/tr>\n<\/tbody>\n<\/table>\n<\/dd>\n<dt class=\"js-accordion__toggle accordion__toggle\">SZK\u0141O<\/dt>\n<dd class=\"js-accordion__content\">\n<table class=\"datalist datalist--divided-inset\">\n<tbody>\n<tr>\n<td>Typ<\/td>\n<td>Optical Bonding; Termicznie hartowane z\u00a0pow\u0142ok\u0105 przeciwodblaskow\u0105<\/td>\n<\/tr>\n<tr>\n<td>Grubo\u015b\u0107 [mm]<\/td>\n<td>3<\/td>\n<\/tr>\n<tr>\n<td>Przechodzenie \u015bwiat\u0142a [%]<\/td>\n<td>\u2265 88<\/td>\n<\/tr>\n<tr>\n<td>Haze Level [%]<\/td>\n<td>4 ~ 10<\/td>\n<\/tr>\n<tr>\n<td>Stopie\u0144 odbicia [%]<\/td>\n<td>4<\/td>\n<\/tr>\n<tr>\n<td>Twardo\u015b\u0107 [H]<\/td>\n<td>7<\/td>\n<\/tr>\n<\/tbody>\n<\/table>\n<\/dd>\n<dt class=\"js-accordion__toggle accordion__toggle\">ROZDZIELCZO\u015a\u0106<\/dt>\n<dd class=\"js-accordion__content\">\n<table class=\"datalist datalist--divided-inset\">\n<tbody>\n<tr>\n<td>Rozdzielczo\u015b\u0107 natywna<\/td>\n<td>\n<div class=\"productSpecRes productSpecRes--columns\">3840 x 2160<\/div>\n<\/td>\n<\/tr>\n<\/tbody>\n<\/table>\n<\/dd>\n<dt class=\"js-accordion__toggle accordion__toggle\">CZ\u0118STOTLIWO\u015a\u0106 SYNCHRONIZACJI<\/dt>\n<dd class=\"js-accordion__content\">\n<table class=\"datalist datalist--divided-inset\">\n<tbody>\n<tr>\n<td>Cz\u0119stotliwo\u015b\u0107 pozioma [kHz]<\/td>\n<td>30 &#8211; 135<\/td>\n<\/tr>\n<tr>\n<td>Cz\u0119stotliwo\u015b\u0107 pionowa [Hz]<\/td>\n<td>23 &#8211; 76<\/td>\n<\/tr>\n<\/tbody>\n<\/table>\n<\/dd>\n<dt class=\"js-accordion__toggle accordion__toggle\">MO\u017bLIWO\u015aCI POD\u0141\u0104CZANIA<\/dt>\n<dd class=\"js-accordion__content\">\n<table class=\"datalist datalist--divided-inset\">\n<tbody>\n<tr>\n<td>Wej\u015bcia wideo cyfrowe<\/td>\n<td>1 x HDMI (HDCP); 2 x USB-C (z HDCP, 65 W)<\/td>\n<\/tr>\n<tr>\n<td>Wej\u015bcia audio cyfrowe<\/td>\n<td>1 x HDMI<\/td>\n<\/tr>\n<tr>\n<td>Kontrola wej\u015bcia<\/td>\n<td>1 x LAN 100Mbit; 1 x RS232<\/td>\n<\/tr>\n<tr>\n<td>Input Data<\/td>\n<td>1 x USB 2.0 (Type-A Downstream); 1 x USB 3.0 (Type-B Upstream); 2 x USB 3.0 (Type-A Downstream)<\/td>\n<\/tr>\n<\/tbody>\n<\/table>\n<\/dd>\n<dt class=\"js-accordion__toggle accordion__toggle\">CZUJNIKI<\/dt>\n<dd class=\"js-accordion__content\">\n<table class=\"datalist datalist--divided-inset\">\n<tbody>\n<tr>\n<td>Czujnik obecno\u015bci cz\u0142owieka<\/td>\n<td>poziomo prawy: 160\u00b0, poziomo lewy: 75\u00b0, odleg\u0142o\u015b\u0107: 4\u00a0m<\/td>\n<\/tr>\n<tr>\n<td>Czujniki pokojowe<\/td>\n<td>Czujnik jako\u015bci powietrza (VOC); Czujnik nat\u0119\u017cenia o\u015bwietlenia w otoczeniu; Czujnik temperatury; Czujnik wilgotno\u015bci<\/td>\n<\/tr>\n<\/tbody>\n<\/table>\n<\/dd>\n<dt class=\"js-accordion__toggle accordion__toggle\">PARAMETRY ELEKTRYCZNE<\/dt>\n<dd class=\"js-accordion__content\">\n<table class=\"datalist datalist--divided-inset\">\n<tbody>\n<tr>\n<td>Pob\u00f3r mocy [W]<\/td>\n<td>155 w\u00a0trybie Eko (ustawienie fabryczne), 371<\/td>\n<\/tr>\n<tr>\n<td>Tryb Power Save [W]<\/td>\n<td>&lt; 0.5<\/td>\n<\/tr>\n<\/tbody>\n<\/table>\n<\/dd>\n<dt class=\"js-accordion__toggle accordion__toggle\">WARUNKI OTOCZENIA<\/dt>\n<dd class=\"js-accordion__content\">\n<table class=\"datalist datalist--divided-inset\">\n<tbody>\n<tr>\n<td>Temperatura otoczenia podczes pracy [\u00b0C]<\/td>\n<td>+0 to +40<\/td>\n<\/tr>\n<tr>\n<td>Wilgotno\u015b\u0107 otoczenia podczas pracy [%]<\/td>\n<td>10 to 90<\/td>\n<\/tr>\n<\/tbody>\n<\/table>\n<\/dd>\n<dt class=\"js-accordion__toggle accordion__toggle\">PARAMETRY MECHANICZNE<\/dt>\n<dd class=\"js-accordion__content\">\n<table class=\"datalist datalist--divided-inset\">\n<tbody>\n<tr>\n<td>Wymiary [mm]<\/td>\n<td>Bez n\u00f3\u017cek: 1\u00a0266 x 856,7 x 85,1<\/td>\n<\/tr>\n<tr>\n<td>Waga [kg]<\/td>\n<td>Bez n\u00f3\u017cek: 31,2<\/td>\n<\/tr>\n<tr>\n<td>Szeroko\u015b\u0107 ramki [mm]<\/td>\n<td>Zr\u00f3wnana konstrukcja z\u00a0obrazem od kraw\u0119dzi do kraw\u0119dzi (bez ramek)<\/td>\n<\/tr>\n<tr>\n<td>Mocowanie VESA [mm]<\/td>\n<td>4 otwory; 400 x 200 (FDMI); \u015bruby M8<\/td>\n<\/tr>\n<tr>\n<td>Stopie\u0144 ochrony<\/td>\n<td>IP5x (prz\u00f3d); IP2.1 (tyl)<\/td>\n<\/tr>\n<\/tbody>\n<\/table>\n<\/dd>\n<dt class=\"js-accordion__toggle accordion__toggle\">KAMERA DO WIDEOKONFERENCJI<\/dt>\n<dd class=\"js-accordion__content\">\n<table class=\"datalist datalist--divided-inset\">\n<tbody>\n<tr>\n<td>K\u0105t widzenia [\u00b0]<\/td>\n<td>120\u00a0po przek\u0105tnej \/ 113\u00a0w\u00a0poziomie \/ 81\u00a0w\u00a0pionie<\/td>\n<\/tr>\n<tr>\n<td>Rozdzielczo\u015b\u0107<\/td>\n<td>\n<div class=\"productSpecRes productSpecRes--columns\">Na wyj\u015bciu HD 3840p 30 fps<\/div>\n<\/td>\n<\/tr>\n<\/tbody>\n<\/table>\n<\/dd>\n<dt class=\"js-accordion__toggle accordion__toggle\">MIKROFON \/ ELIMINACJA ECHA<\/dt>\n<dd class=\"js-accordion__content\">\n<table class=\"datalist datalist--divided-inset\">\n<tbody>\n<tr>\n<td>Matryca<\/td>\n<td>wbudowana matryca 6<\/td>\n<\/tr>\n<tr>\n<td>Odleg\u0142o\u015b\u0107 [m]<\/td>\n<td>6<\/td>\n<\/tr>\n<tr>\n<td>K\u0105ty [\u00b0]<\/td>\n<td>180<\/td>\n<\/tr>\n<\/tbody>\n<\/table>\n<\/dd>\n<dt class=\"js-accordion__toggle accordion__toggle\">DOST\u0118PNE OPCJE<\/dt>\n<dd class=\"js-accordion__content\">\n<table class=\"datalist datalist--divided-inset\">\n<tbody>\n<tr>\n<td>Akcesoria<\/td>\n<td>W\u00f3zek (PD04 Tipster); Zestaw do monta\u017cu na \u015bcianie (PDW S 32-55 L)<\/td>\n<\/tr>\n<\/tbody>\n<\/table>\n<\/dd>\n<dt class=\"js-accordion__toggle accordion__toggle\">DODATKOWE FUNKCJE<\/dt>\n<dd class=\"js-accordion__content\">\n<table class=\"datalist datalist--divided-inset\">\n<tbody>\n<tr>\n<td>Cechy Specjalne<\/td>\n<td>Collaboration Display; Microsoft Teams Certified<\/td>\n<\/tr>\n<tr>\n<td>Bezpiecze\u0144stwo i ergonomia<\/td>\n<td>EMC Class B<\/td>\n<\/tr>\n<tr>\n<td>G\u0142o\u015bniki<\/td>\n<td>Integrated Speakers (12 W + 12 W); Zintegrowany g\u0142o\u015bnik (wbudowany subwoofer: 15\u00a0W)<\/td>\n<\/tr>\n<tr>\n<td>Zawarto\u015b\u0107 opakowania<\/td>\n<td>2x baterie; Aktywny rysik 2 x; Cable Clamps; Instrukcja konfiguracji; Kabel USB-C 1x 180\u00a0cm <sup>1<\/sup>; Kabel zasilaj\u0105cy; Monitor; Pilot; Uchwyt do \u0141adowarka do pi\u00f3ra; \u0141adowarka do pi\u00f3ra<\/td>\n<\/tr>\n<tr>\n<td>Gwarancja<\/td>\n<td>3 lata (w tym na pod\u015bwietlenie ekranu); opcjonalne przed\u0142u\u017cenie gwarancji na 4. i\u00a05. rok <sup>2<\/sup><\/td>\n<\/tr>\n<tr>\n<td>Godziny pracy<\/td>\n<td>16\/7<\/td>\n<\/tr>\n<\/tbody>\n<\/table>\n<\/dd>\n<\/dl>\n","protected":false},"excerpt":{"rendered":"<div class=\"columns medium-6 product-features\">\n<table class=\"datalist datalist--divided-fullwidth\">\n<tbody>\n<tr>\n<td>Poziom antyrefleksyjny <\/td>\n<td>Pro<\/td>\n<\/tr>\n<tr>\n<td>Godziny pracy<\/td>\n<td>16\/7<\/td>\n<\/tr>\n<tr>\n<td>Jasno\u015b\u0107  [cd\/m\u00b2]<\/td>\n<td>400<\/td>\n<\/tr>\n<tr>\n<td>Rozdzielczo\u015b\u0107<\/td>\n<td>3840 x 2160<\/td>\n<\/tr>\n<tr>\n<td>Kod produktu<\/td>\n<td>60005140<\/td>\n<\/tr>\n<\/tbody>\n<\/table>\n<\/div>\n","protected":false},"featured_media":560,"template":"","meta":{"inline_featured_image":false,"neve_meta_sidebar":"","neve_meta_container":"","neve_meta_enable_content_width":"off","neve_meta_content_width":100,"neve_meta_title_alignment":"","neve_meta_author_avatar":"","neve_post_elements_order":"","neve_meta_disable_header":"","neve_meta_disable_footer":"","neve_meta_disable_title":""},"pwb-brand":[28],"product_cat":[17],"product_tag":[],"yoast_head":"<!-- This site is optimized with the Yoast SEO plugin v22.6 - https:\/\/yoast.com\/wordpress\/plugins\/seo\/ -->\n<title>NEC MultiSync WD551 - Tablica interaktywna 55&quot; - Monitory Komercyjne Monitory komercyjne<\/title>\n<meta name=\"robots\" content=\"index, follow, max-snippet:-1, max-image-preview:large, max-video-preview:-1\" \/>\n<link rel=\"canonical\" href=\"https:\/\/monitorykomercyjne.pl\/index.php\/produkt\/nec-multisync-wd551-tablica-interaktywna-55\/\" \/>\n<meta property=\"og:locale\" content=\"pl_PL\" \/>\n<meta property=\"og:type\" content=\"article\" \/>\n<meta property=\"og:title\" content=\"NEC MultiSync WD551 - Tablica interaktywna 55&quot; - Monitory Komercyjne Monitory komercyjne\" \/>\n<meta property=\"og:description\" content=\"Poziom antyrefleksyjny ProGodziny pracy16\/7Jasno\u015b\u0107 [cd\/m\u00b2]400Rozdzielczo\u015b\u01073840 x 2160Kod produktu60005140\" \/>\n<meta property=\"og:url\" content=\"https:\/\/monitorykomercyjne.pl\/index.php\/produkt\/nec-multisync-wd551-tablica-interaktywna-55\/\" \/>\n<meta property=\"og:site_name\" content=\"Monitory Komercyjne\" \/>\n<meta property=\"article:modified_time\" content=\"2024-05-09T07:39:49+00:00\" \/>\n<meta property=\"og:image\" content=\"https:\/\/monitorykomercyjne.pl\/wp-content\/uploads\/2024\/03\/NEC-MultiSync-WD5511.jpg\" \/>\n\t<meta property=\"og:image:width\" content=\"1600\" \/>\n\t<meta property=\"og:image:height\" content=\"1200\" \/>\n\t<meta property=\"og:image:type\" content=\"image\/jpeg\" \/>\n<meta name=\"twitter:card\" content=\"summary_large_image\" \/>\n<meta name=\"twitter:label1\" content=\"Szacowany czas czytania\" \/>\n\t<meta name=\"twitter:data1\" content=\"4 minuty\" \/>\n<script type=\"application\/ld+json\" class=\"yoast-schema-graph\">{\"@context\":\"https:\/\/schema.org\",\"@graph\":[{\"@type\":\"WebPage\",\"@id\":\"https:\/\/monitorykomercyjne.pl\/index.php\/produkt\/nec-multisync-wd551-tablica-interaktywna-55\/\",\"url\":\"https:\/\/monitorykomercyjne.pl\/index.php\/produkt\/nec-multisync-wd551-tablica-interaktywna-55\/\",\"name\":\"NEC MultiSync WD551 - Tablica interaktywna 55\\\" - Monitory Komercyjne Monitory komercyjne\",\"isPartOf\":{\"@id\":\"https:\/\/monitorykomercyjne.pl\/#website\"},\"primaryImageOfPage\":{\"@id\":\"https:\/\/monitorykomercyjne.pl\/index.php\/produkt\/nec-multisync-wd551-tablica-interaktywna-55\/#primaryimage\"},\"image\":{\"@id\":\"https:\/\/monitorykomercyjne.pl\/index.php\/produkt\/nec-multisync-wd551-tablica-interaktywna-55\/#primaryimage\"},\"thumbnailUrl\":\"https:\/\/monitorykomercyjne.pl\/wp-content\/uploads\/2024\/03\/NEC-MultiSync-WD5511.jpg\",\"datePublished\":\"2024-03-04T14:40:15+00:00\",\"dateModified\":\"2024-05-09T07:39:49+00:00\",\"breadcrumb\":{\"@id\":\"https:\/\/monitorykomercyjne.pl\/index.php\/produkt\/nec-multisync-wd551-tablica-interaktywna-55\/#breadcrumb\"},\"inLanguage\":\"pl-PL\",\"potentialAction\":[{\"@type\":\"ReadAction\",\"target\":[\"https:\/\/monitorykomercyjne.pl\/index.php\/produkt\/nec-multisync-wd551-tablica-interaktywna-55\/\"]}]},{\"@type\":\"ImageObject\",\"inLanguage\":\"pl-PL\",\"@id\":\"https:\/\/monitorykomercyjne.pl\/index.php\/produkt\/nec-multisync-wd551-tablica-interaktywna-55\/#primaryimage\",\"url\":\"https:\/\/monitorykomercyjne.pl\/wp-content\/uploads\/2024\/03\/NEC-MultiSync-WD5511.jpg\",\"contentUrl\":\"https:\/\/monitorykomercyjne.pl\/wp-content\/uploads\/2024\/03\/NEC-MultiSync-WD5511.jpg\",\"width\":1600,\"height\":1200},{\"@type\":\"BreadcrumbList\",\"@id\":\"https:\/\/monitorykomercyjne.pl\/index.php\/produkt\/nec-multisync-wd551-tablica-interaktywna-55\/#breadcrumb\",\"itemListElement\":[{\"@type\":\"ListItem\",\"position\":1,\"name\":\"Strona g\u0142\u00f3wna\",\"item\":\"https:\/\/monitorykomercyjne.pl\/\"},{\"@type\":\"ListItem\",\"position\":2,\"name\":\"Produkty\",\"item\":\"https:\/\/monitorykomercyjne.pl\/index.php\/produkty\/\"},{\"@type\":\"ListItem\",\"position\":3,\"name\":\"NEC MultiSync WD551 &#8211; Tablica interaktywna 55&#8243;\"}]},{\"@type\":\"WebSite\",\"@id\":\"https:\/\/monitorykomercyjne.pl\/#website\",\"url\":\"https:\/\/monitorykomercyjne.pl\/\",\"name\":\"Monitory Komercyjne\",\"description\":\"\",\"potentialAction\":[{\"@type\":\"SearchAction\",\"target\":{\"@type\":\"EntryPoint\",\"urlTemplate\":\"https:\/\/monitorykomercyjne.pl\/?s={search_term_string}\"},\"query-input\":\"required name=search_term_string\"}],\"inLanguage\":\"pl-PL\"}]}<\/script>\n<!-- \/ Yoast SEO plugin. -->","yoast_head_json":{"title":"NEC MultiSync WD551 - Tablica interaktywna 55\" - Monitory Komercyjne Monitory komercyjne","robots":{"index":"index","follow":"follow","max-snippet":"max-snippet:-1","max-image-preview":"max-image-preview:large","max-video-preview":"max-video-preview:-1"},"canonical":"https:\/\/monitorykomercyjne.pl\/index.php\/produkt\/nec-multisync-wd551-tablica-interaktywna-55\/","og_locale":"pl_PL","og_type":"article","og_title":"NEC MultiSync WD551 - Tablica interaktywna 55\" - Monitory Komercyjne Monitory komercyjne","og_description":"Poziom antyrefleksyjny ProGodziny pracy16\/7Jasno\u015b\u0107 [cd\/m\u00b2]400Rozdzielczo\u015b\u01073840 x 2160Kod produktu60005140","og_url":"https:\/\/monitorykomercyjne.pl\/index.php\/produkt\/nec-multisync-wd551-tablica-interaktywna-55\/","og_site_name":"Monitory Komercyjne","article_modified_time":"2024-05-09T07:39:49+00:00","og_image":[{"width":1600,"height":1200,"url":"https:\/\/monitorykomercyjne.pl\/wp-content\/uploads\/2024\/03\/NEC-MultiSync-WD5511.jpg","type":"image\/jpeg"}],"twitter_card":"summary_large_image","twitter_misc":{"Szacowany czas czytania":"4 minuty"},"schema":{"@context":"https:\/\/schema.org","@graph":[{"@type":"WebPage","@id":"https:\/\/monitorykomercyjne.pl\/index.php\/produkt\/nec-multisync-wd551-tablica-interaktywna-55\/","url":"https:\/\/monitorykomercyjne.pl\/index.php\/produkt\/nec-multisync-wd551-tablica-interaktywna-55\/","name":"NEC MultiSync WD551 - Tablica interaktywna 55\" - Monitory Komercyjne Monitory komercyjne","isPartOf":{"@id":"https:\/\/monitorykomercyjne.pl\/#website"},"primaryImageOfPage":{"@id":"https:\/\/monitorykomercyjne.pl\/index.php\/produkt\/nec-multisync-wd551-tablica-interaktywna-55\/#primaryimage"},"image":{"@id":"https:\/\/monitorykomercyjne.pl\/index.php\/produkt\/nec-multisync-wd551-tablica-interaktywna-55\/#primaryimage"},"thumbnailUrl":"https:\/\/monitorykomercyjne.pl\/wp-content\/uploads\/2024\/03\/NEC-MultiSync-WD5511.jpg","datePublished":"2024-03-04T14:40:15+00:00","dateModified":"2024-05-09T07:39:49+00:00","breadcrumb":{"@id":"https:\/\/monitorykomercyjne.pl\/index.php\/produkt\/nec-multisync-wd551-tablica-interaktywna-55\/#breadcrumb"},"inLanguage":"pl-PL","potentialAction":[{"@type":"ReadAction","target":["https:\/\/monitorykomercyjne.pl\/index.php\/produkt\/nec-multisync-wd551-tablica-interaktywna-55\/"]}]},{"@type":"ImageObject","inLanguage":"pl-PL","@id":"https:\/\/monitorykomercyjne.pl\/index.php\/produkt\/nec-multisync-wd551-tablica-interaktywna-55\/#primaryimage","url":"https:\/\/monitorykomercyjne.pl\/wp-content\/uploads\/2024\/03\/NEC-MultiSync-WD5511.jpg","contentUrl":"https:\/\/monitorykomercyjne.pl\/wp-content\/uploads\/2024\/03\/NEC-MultiSync-WD5511.jpg","width":1600,"height":1200},{"@type":"BreadcrumbList","@id":"https:\/\/monitorykomercyjne.pl\/index.php\/produkt\/nec-multisync-wd551-tablica-interaktywna-55\/#breadcrumb","itemListElement":[{"@type":"ListItem","position":1,"name":"Strona g\u0142\u00f3wna","item":"https:\/\/monitorykomercyjne.pl\/"},{"@type":"ListItem","position":2,"name":"Produkty","item":"https:\/\/monitorykomercyjne.pl\/index.php\/produkty\/"},{"@type":"ListItem","position":3,"name":"NEC MultiSync WD551 &#8211; Tablica interaktywna 55&#8243;"}]},{"@type":"WebSite","@id":"https:\/\/monitorykomercyjne.pl\/#website","url":"https:\/\/monitorykomercyjne.pl\/","name":"Monitory Komercyjne","description":"","potentialAction":[{"@type":"SearchAction","target":{"@type":"EntryPoint","urlTemplate":"https:\/\/monitorykomercyjne.pl\/?s={search_term_string}"},"query-input":"required name=search_term_string"}],"inLanguage":"pl-PL"}]}},"brands":[{"id":28,"name":"SharpNEC","slug":"sharpnec"}],"_links":{"self":[{"href":"https:\/\/monitorykomercyjne.pl\/index.php\/wp-json\/wp\/v2\/product\/559"}],"collection":[{"href":"https:\/\/monitorykomercyjne.pl\/index.php\/wp-json\/wp\/v2\/product"}],"about":[{"href":"https:\/\/monitorykomercyjne.pl\/index.php\/wp-json\/wp\/v2\/types\/product"}],"wp:featuredmedia":[{"embeddable":true,"href":"https:\/\/monitorykomercyjne.pl\/index.php\/wp-json\/wp\/v2\/media\/560"}],"wp:attachment":[{"href":"https:\/\/monitorykomercyjne.pl\/index.php\/wp-json\/wp\/v2\/media?parent=559"}],"wp:term":[{"taxonomy":"pwb-brand","embeddable":true,"href":"https:\/\/monitorykomercyjne.pl\/index.php\/wp-json\/wp\/v2\/pwb-brand?post=559"},{"taxonomy":"product_cat","embeddable":true,"href":"https:\/\/monitorykomercyjne.pl\/index.php\/wp-json\/wp\/v2\/product_cat?post=559"},{"taxonomy":"product_tag","embeddable":true,"href":"https:\/\/monitorykomercyjne.pl\/index.php\/wp-json\/wp\/v2\/product_tag?post=559"}],"curies":[{"name":"wp","href":"https:\/\/api.w.org\/{rel}","templated":true}]}}