{"id":562,"date":"2024-03-04T15:45:11","date_gmt":"2024-03-04T14:45:11","guid":{"rendered":"https:\/\/monitorykomercyjne.pl\/?post_type=product&#038;p=562"},"modified":"2024-05-09T09:39:49","modified_gmt":"2024-05-09T07:39:49","slug":"nec-multisync-cb861q-tablica-interaktywna-86","status":"publish","type":"product","link":"https:\/\/monitorykomercyjne.pl\/index.php\/produkt\/nec-multisync-cb861q-tablica-interaktywna-86\/","title":{"rendered":"NEC MultiSync\u00a0CB861Q &#8211; Tablica interaktywna 86&#8243;"},"content":{"rendered":"<section id=\"overview\" class=\"row\">\n<div class=\"columns medium-6\">\n<p><!-- ossproductdescstart --><\/p>\n<p><b>Zapraszamy do \u015bwiata interaktywnych bia\u0142ych tablic<\/b><\/p>\n<p>Wszechstronne tablice NEC poprawiaj\u0105 jako\u015b\u0107 ka\u017cdego wyk\u0142adu i\u00a0spotkania. Dost\u0119pne s\u0105 w\u00a0trzech r\u00f3\u017cnych rozmiarach, w\u00a0rozdzielczo\u015bci UHD i\u00a0z\u00a0nawet 20\u00a0punktami dotyku. Zastosowana w\u00a0nich technologia dotykowa na bazie podczerwieni zapewnia doskona\u0142\u0105 u\u017cyteczno\u015b\u0107 i\u00a0zdecydowanie skraca czas reakcji na dotyk. Wbudowane funkcje bia\u0142ej tablicy i\u00a0wsp\u00f3\u0142dzielenia ekranu przez sie\u0107 bezprzewodow\u0105 pozwalaj\u0105 b\u0142yskawicznie uruchamia\u0107 sesje biznesowe i\u00a0edukacyjne, bez \u017cadnych ukrytych koszt\u00f3w. Urz\u0105dzenia s\u0105 wyposa\u017cone w\u00a0narz\u0119dzie do sporz\u0105dzania notatek pozwalaj\u0105ce nanosi\u0107 dopiski na dowolne tre\u015bci przedstawiane na ekranie.<\/p>\n<p>W\u00a0przypadku bardziej wymagaj\u0105cych zastosowa\u0144 warto skorzysta\u0107 z\u00a0gniazda OPS zwi\u0119kszaj\u0105cego moc obliczeniow\u0105 systemu. Urz\u0105dzenia NEC z\u00a0serii CB dost\u0119pne m.in. w\u00a0rozmiarach 65\u201d, 75\u201d i\u00a086\u201d idealnie sprawdzaj\u0105 si\u0119 w\u00a0salach konferencyjnych i\u00a0szkoleniowych.<\/p>\n<p>Ka\u017cdy monitor NEC z\u00a0serii CB jest dostarczany z\u00a0trzema pisakami magnetycznymi i\u00a0uchwytem \u015bciennym u\u0142atwiaj\u0105cym instalacj\u0119.<\/p>\n<p><!-- ossproductdescend --><\/p>\n<\/div>\n<div class=\"columns medium-6\">\n<h3>Korzy\u015bci<\/h3>\n<ul>\n<li><b>Dobra wsp\u00f3\u0142praca od samego pocz\u0105tku<\/b> \u2013dzi\u0119ki wbudowanym uk\u0142adom obliczeniowym, narz\u0119dziom do nanoszenia notatek i\u00a0funkcjom prezentacji bezprzewodowych.<\/li>\n<li><b>Technologia dotyku wielokrotnego<\/b> \u2013rzeczywiste wsparcie technologii dotyku wielokrotnego z\u00a0nawet 20 punktami r\u00f3wnoczesnego dotyku.<\/li>\n<li><b>Szk\u0142o ochronne<\/b> \u2013najwy\u017cszej jako\u015bci hartowane szk\u0142o zabezpiecza panel, jednocze\u015bnie doskonale wykrywaj\u0105c dotyk, a\u00a0pow\u0142oka przeciwodblaskowa minimalizuje odbicia i\u00a0odciski palc\u00f3w.<\/li>\n<li><b>Prosta obs\u0142uga<\/b> \u2013dzi\u0119ki \u0142atwemu dost\u0119powi z\u00a0przodu do port\u00f3w USB i\u00a0element\u00f3w sterowania g\u0142\u00f3wnymi funkcjami.<\/li>\n<li><b>Oszcz\u0119dno\u015b\u0107 zasob\u00f3w dzi\u0119ki zarz\u0105dzaniu urz\u0105dzeniami<\/b> \u2013mniejsze zapotrzebowanie na zasoby dzi\u0119ki zarz\u0105dzaniu wszystkimi pod\u0142\u0105czonymi urz\u0105dzeniami NEC z\u00a0poziomu jednego, centralnego punktu poprzez programowe narz\u0119dzie NaViSet Administrator\u00a02.<\/li>\n<\/ul>\n<\/div>\n<\/section>\n<dl id=\"speciList\" class=\"js-accordion\">\n<dt class=\"js-accordion__toggle accordion__toggle\">WY\u015aWIETLACZ<\/dt>\n<dd class=\"js-accordion__content\">\n<table class=\"datalist datalist--divided-inset\">\n<tbody>\n<tr>\n<td>Rodzaj panelu<\/td>\n<td>IPS z\u00a0pod\u015bwietleniem Direct LED<\/td>\n<\/tr>\n<tr>\n<td>U\u017cyteczna powierzchnia [cale\/cm]<\/td>\n<td>1,895 x 1,066<\/td>\n<\/tr>\n<tr>\n<td>Wielko\u015b\u0107 ekranu [cale\/cm]<\/td>\n<td>86 \/ 217.4<\/td>\n<\/tr>\n<tr>\n<td>Proporcje obrazu<\/td>\n<td>16:9<\/td>\n<\/tr>\n<tr>\n<td>Rozmiar plamki [mm]<\/td>\n<td>0.4935<\/td>\n<\/tr>\n<tr>\n<td>Jasno\u015b\u0107 [cd\/m\u00b2]<\/td>\n<td>350, 300 (shipment setting)<\/td>\n<\/tr>\n<tr>\n<td>Kontrast<\/td>\n<td>1200:1<\/td>\n<\/tr>\n<tr>\n<td>K\u0105ty widzenia [\u00b0]<\/td>\n<td>178 \/ 178 (kontrast &gt; 10:1)<\/td>\n<\/tr>\n<tr>\n<td>Colour Depth [bn]<\/td>\n<td>1,073 (10bit)<\/td>\n<\/tr>\n<tr>\n<td>Czas reakcji [ms]<\/td>\n<td>8 (grey-to-grey)<\/td>\n<\/tr>\n<tr>\n<td>Haze Level [%]<\/td>\n<td>3<\/td>\n<\/tr>\n<tr>\n<td>Obs\u0142ugiwana orientacja obrazu<\/td>\n<td>Pozioma<\/td>\n<\/tr>\n<\/tbody>\n<\/table>\n<\/dd>\n<dt class=\"js-accordion__toggle accordion__toggle\">DOTYK<\/dt>\n<dd class=\"js-accordion__content\">\n<table class=\"datalist datalist--divided-inset\">\n<tbody>\n<tr>\n<td>Technologia dotykowa<\/td>\n<td>Podczerwie\u0144<\/td>\n<\/tr>\n<tr>\n<td>Punkty dotyku \/ zdarzenia<\/td>\n<td>Rzeczywista technologia dotyku wielokrotnego \u2014 liczba punkt\u00f3w dotyku: maks. 20<\/td>\n<\/tr>\n<tr>\n<td>Metoda wprowadzania danych<\/td>\n<td>Palec; Rysik (\u2265\u00a08\u00a0mm); R\u0119kawiczki<\/td>\n<\/tr>\n<tr>\n<td>System Operacyjny<\/td>\n<td>Natywna obs\u0142uga dotyku wielokrotnego: Windows 7, Windows 8, Windows 10, Linux, Android; mysz domy\u015blna: Windows XP, Windows Vista, Mac OS X<\/td>\n<\/tr>\n<tr>\n<td>Protok\u00f3\u0142 komunikacyjny<\/td>\n<td>USB-HID<\/td>\n<\/tr>\n<tr>\n<td>Dok\u0142adno\u015b\u0107 [mm]<\/td>\n<td>&lt; 2<\/td>\n<\/tr>\n<tr>\n<td>Windows Ink<\/td>\n<td>nie<\/td>\n<\/tr>\n<tr>\n<td>Palm Rejection<\/td>\n<td>nie<\/td>\n<\/tr>\n<\/tbody>\n<\/table>\n<\/dd>\n<dt class=\"js-accordion__toggle accordion__toggle\">SZK\u0141O<\/dt>\n<dd class=\"js-accordion__content\">\n<table class=\"datalist datalist--divided-inset\">\n<tbody>\n<tr>\n<td>Typ<\/td>\n<td>Termicznie hartowane z\u00a0pow\u0142ok\u0105 przeciwodblaskow\u0105<\/td>\n<\/tr>\n<tr>\n<td>Grubo\u015b\u0107 [mm]<\/td>\n<td>4<\/td>\n<\/tr>\n<tr>\n<td>Przechodzenie \u015bwiat\u0142a [%]<\/td>\n<td>88 (+\/- 1 %)<\/td>\n<\/tr>\n<tr>\n<td>Stopie\u0144 odbicia [%]<\/td>\n<td>4<\/td>\n<\/tr>\n<tr>\n<td>Twardo\u015b\u0107 [H]<\/td>\n<td>7<\/td>\n<\/tr>\n<\/tbody>\n<\/table>\n<\/dd>\n<dt class=\"js-accordion__toggle accordion__toggle\">ROZDZIELCZO\u015a\u0106<\/dt>\n<dd class=\"js-accordion__content\">\n<table class=\"datalist datalist--divided-inset\">\n<tbody>\n<tr>\n<td>Rozdzielczo\u015b\u0107 natywna<\/td>\n<td>\n<div class=\"productSpecRes productSpecRes--columns\">3840 x 2160<\/div>\n<\/td>\n<\/tr>\n<tr>\n<td>Obs\u0142ugiwane przez wej\u015bcia cyfrowe i analogowe (PC)<\/td>\n<td>\n<div class=\"productSpecRes productSpecRes--columns\">1920 x 1080; 3840 x 2160; 4096 x 2016<\/div>\n<\/td>\n<\/tr>\n<tr>\n<td>Obs\u0142uga tylko na z\u0142\u0105czu HDMI<\/td>\n<td>\n<div class=\"productSpecRes productSpecRes--columns\">3840 x 2160 (60 Hz); 4096 x 2016 (24 Hz)<\/div>\n<\/td>\n<\/tr>\n<\/tbody>\n<\/table>\n<\/dd>\n<dt class=\"js-accordion__toggle accordion__toggle\">CZ\u0118STOTLIWO\u015a\u0106 SYNCHRONIZACJI<\/dt>\n<dd class=\"js-accordion__content\">\n<table class=\"datalist datalist--divided-inset\">\n<tbody>\n<tr>\n<td>Cz\u0119stotliwo\u015b\u0107 pozioma [kHz]<\/td>\n<td>26 &#8211; 135<\/td>\n<\/tr>\n<tr>\n<td>Cz\u0119stotliwo\u015b\u0107 pionowa [Hz]<\/td>\n<td>23 &#8211; 80<\/td>\n<\/tr>\n<\/tbody>\n<\/table>\n<\/dd>\n<dt class=\"js-accordion__toggle accordion__toggle\">MO\u017bLIWO\u015aCI POD\u0141\u0104CZANIA<\/dt>\n<dd class=\"js-accordion__content\">\n<table class=\"datalist datalist--divided-inset\">\n<tbody>\n<tr>\n<td>Wej\u015bcia wideo analogowe<\/td>\n<td>1 x VGA<\/td>\n<\/tr>\n<tr>\n<td>Wej\u015bcia wideo cyfrowe<\/td>\n<td>3 x HDMI (HDCP)<\/td>\n<\/tr>\n<tr>\n<td>Wej\u015bcia audio analogowe<\/td>\n<td>1 x 3,5 mm jack<\/td>\n<\/tr>\n<tr>\n<td>Wej\u015bcia audio cyfrowe<\/td>\n<td>3 x HDMI<\/td>\n<\/tr>\n<tr>\n<td>Kontrola wej\u015bcia<\/td>\n<td>RS232; Sie\u0107 LAN 100 Mbit<\/td>\n<\/tr>\n<tr>\n<td>Input Data<\/td>\n<td>2 x USB Type-B (Upstream); 6 x USB 2.0 (Downstream)<\/td>\n<\/tr>\n<tr>\n<td>Wyj\u015bcia audio analogowe<\/td>\n<td>Z\u0142\u0105cze 1 x 3,5 mm<\/td>\n<\/tr>\n<tr>\n<td>Cyfrowe wyj\u015bcie audio<\/td>\n<td>1 x SPDIF<\/td>\n<\/tr>\n<tr>\n<td>Kontrola wyj\u015bcia<\/td>\n<td>Sie\u0107 LAN 100\u00a0Mbit<\/td>\n<\/tr>\n<\/tbody>\n<\/table>\n<\/dd>\n<dt class=\"js-accordion__toggle accordion__toggle\">OPEN MODULAR INTELLIGENCE<\/dt>\n<dd class=\"js-accordion__content\">\n<table class=\"datalist datalist--divided-inset\">\n<tbody>\n<tr>\n<td>Rodzaj slot<\/td>\n<td>Open Pluggable Specification (Standard NEC \/ Intel OPS)<\/td>\n<\/tr>\n<tr>\n<td>Maks. nat\u0119\u017cenie \/ pob\u00f3r mocy OPS \/ [A \/ W]<\/td>\n<td>3.5 \/ 63<\/td>\n<\/tr>\n<\/tbody>\n<\/table>\n<\/dd>\n<dt class=\"js-accordion__toggle accordion__toggle\">PARAMETRY ELEKTRYCZNE<\/dt>\n<dd class=\"js-accordion__content\">\n<table class=\"datalist datalist--divided-inset\">\n<tbody>\n<tr>\n<td>Pob\u00f3r mocy [W]<\/td>\n<td>365 w\u00a0trybie Eko (ustawienie fabryczne), 620<\/td>\n<\/tr>\n<tr>\n<td>Tryb Power Save [W]<\/td>\n<td>&lt; 0.5; &lt; 2 (Networked Standby)<\/td>\n<\/tr>\n<\/tbody>\n<\/table>\n<\/dd>\n<dt class=\"js-accordion__toggle accordion__toggle\">WARUNKI OTOCZENIA<\/dt>\n<dd class=\"js-accordion__content\">\n<table class=\"datalist datalist--divided-inset\">\n<tbody>\n<tr>\n<td>Temperatura otoczenia podczes pracy [\u00b0C]<\/td>\n<td>+0 to +40<\/td>\n<\/tr>\n<tr>\n<td>Wilgotno\u015b\u0107 otoczenia podczas pracy [%]<\/td>\n<td>10 to 90<\/td>\n<\/tr>\n<\/tbody>\n<\/table>\n<\/dd>\n<dt class=\"js-accordion__toggle accordion__toggle\">PARAMETRY MECHANICZNE<\/dt>\n<dd class=\"js-accordion__content\">\n<table class=\"datalist datalist--divided-inset\">\n<tbody>\n<tr>\n<td>Wymiary [mm]<\/td>\n<td>Bez n\u00f3\u017cek: 1\u00a0957,1 x 1\u00a0159,8 x 86,8<\/td>\n<\/tr>\n<tr>\n<td>Waga [kg]<\/td>\n<td>Bez n\u00f3\u017cek: 67,3<\/td>\n<\/tr>\n<tr>\n<td>Szeroko\u015b\u0107 ramki [mm]<\/td>\n<td>17,7 (prawa, lewa i\u00a0g\u00f3ra); 45,7 (d\u00f3\u0142)<\/td>\n<\/tr>\n<tr>\n<td>Mocowanie VESA [mm]<\/td>\n<td>4 otwory; 800 x 600 (FDMI); \u015bruby M8<\/td>\n<\/tr>\n<\/tbody>\n<\/table>\n<\/dd>\n<dt class=\"js-accordion__toggle accordion__toggle\">EMBEDDED COMPUTING<\/dt>\n<dd class=\"js-accordion__content\">\n<table class=\"datalist datalist--divided-inset\">\n<tbody>\n<tr>\n<td>Built-in Applications<\/td>\n<td>File Manager; Input Select; Setting; Web Browser; Whiteboard &#8211; Mosaic Canvas; Wireless Presentatiom &#8211; Mosaic Connect<\/td>\n<\/tr>\n<tr>\n<td>System Memory<\/td>\n<td>2G RAM<\/td>\n<\/tr>\n<tr>\n<td>Internal Storage<\/td>\n<td>16GB ROM<\/td>\n<\/tr>\n<\/tbody>\n<\/table>\n<\/dd>\n<dt class=\"js-accordion__toggle accordion__toggle\">APLIKACJE PREINSTALOWANE<\/dt>\n<dd class=\"js-accordion__content\">\n<table class=\"datalist datalist--divided-inset\">\n<tbody>\n<tr>\n<td>Free Software Included<\/td>\n<td>Mosaic Connect<\/td>\n<\/tr>\n<\/tbody>\n<\/table>\n<\/dd>\n<dt class=\"js-accordion__toggle accordion__toggle\">DOST\u0118PNE OPCJE<\/dt>\n<dd class=\"js-accordion__content\">\n<table class=\"datalist datalist--divided-inset\">\n<tbody>\n<tr>\n<td>Akcesoria<\/td>\n<td>Soundbar (Active Collaboration Soundbar SP-ASCM &#8211; not supported by embedded compute); Wireless LAN module NP05LM2 (Europe); Wireless LAN Module NP05LM4 (Russia); W\u00f3zek (PD02MHM-CB86, PD02MHA-CB86, PD03MHA-CB86); Zestaw do monta\u017cu na \u015bcianie (BalanceBox 400 HEAVY; 1x standard wall mount included)<\/td>\n<\/tr>\n<tr>\n<td>OPS Slot<\/td>\n<td>Odbiornik HDBaseT; OPS-2C Quad 3G SDI; Procesory Intel\u00ae Atom, Celeron i\u00a0Core<\/td>\n<\/tr>\n<\/tbody>\n<\/table>\n<\/dd>\n<dt class=\"js-accordion__toggle accordion__toggle\">DODATKOWE FUNKCJE<\/dt>\n<dd class=\"js-accordion__content\">\n<table class=\"datalist datalist--divided-inset\">\n<tbody>\n<tr>\n<td>Cechy Specjalne<\/td>\n<td>AMX NetLinx Support; HDMI with UHD at 60 Hz; NaViSet Administrator 2; Scheduler (funkcja planowania w\u0142\u0105czania\/wy\u0142\u0105czania)<\/td>\n<\/tr>\n<tr>\n<td>Wersje kolorystyczne<\/td>\n<td>Czarna ramka ekranu, czarna obudowa<\/td>\n<\/tr>\n<tr>\n<td>Bezpiecze\u0144stwo i ergonomia<\/td>\n<td>BSMI; CE; EAC; EMC Class B; FCC; PSB; RCM; REACH; RoHS; SASO; UL\/C-UL<\/td>\n<\/tr>\n<tr>\n<td>G\u0142o\u015bniki<\/td>\n<td>Integrated Speakers (2 x 12 W)<\/td>\n<\/tr>\n<tr>\n<td>Zawarto\u015b\u0107 opakowania<\/td>\n<td>3 x Stylus; Kabel HDMI; Kabel USB; Kabel VGA; Kabel zasilaj\u0105cy; Pilot; User Manual; Wall Mount<\/td>\n<\/tr>\n<tr>\n<td>Gwarancja<\/td>\n<td>3 lata (w tym na pod\u015bwietlenie ekranu)<\/td>\n<\/tr>\n<tr>\n<td>Godziny pracy<\/td>\n<td>12\/7<\/td>\n<\/tr>\n<\/tbody>\n<\/table>\n<\/dd>\n<\/dl>\n","protected":false},"excerpt":{"rendered":"<div class=\"columns medium-6 product-features\">\n<table class=\"datalist datalist--divided-fullwidth\">\n<tbody>\n<tr>\n<td>Poziom antyrefleksyjny <\/td>\n<td>Standard<\/td>\n<\/tr>\n<tr>\n<td>Godziny pracy<\/td>\n<td>12\/7<\/td>\n<\/tr>\n<tr>\n<td>Jasno\u015b\u0107  [cd\/m\u00b2]<\/td>\n<td>350<\/td>\n<\/tr>\n<tr>\n<td>Rozdzielczo\u015b\u0107<\/td>\n<td>3840 x 2160<\/td>\n<\/tr>\n<tr>\n<td>Kod produktu<\/td>\n<td>60004825<\/td>\n<\/tr>\n<\/tbody>\n<\/table>\n<\/div>\n","protected":false},"featured_media":563,"template":"","meta":{"inline_featured_image":false,"neve_meta_sidebar":"","neve_meta_container":"","neve_meta_enable_content_width":"off","neve_meta_content_width":100,"neve_meta_title_alignment":"","neve_meta_author_avatar":"","neve_post_elements_order":"","neve_meta_disable_header":"","neve_meta_disable_footer":"","neve_meta_disable_title":""},"pwb-brand":[28],"product_cat":[17],"product_tag":[],"yoast_head":"<!-- This site is optimized with the Yoast SEO plugin v22.6 - https:\/\/yoast.com\/wordpress\/plugins\/seo\/ -->\n<title>NEC MultiSync\u00a0CB861Q - Tablica interaktywna 86&quot; - Monitory Komercyjne Monitory komercyjne<\/title>\n<meta name=\"robots\" content=\"index, follow, max-snippet:-1, max-image-preview:large, max-video-preview:-1\" \/>\n<link rel=\"canonical\" href=\"https:\/\/monitorykomercyjne.pl\/index.php\/produkt\/nec-multisync-cb861q-tablica-interaktywna-86\/\" \/>\n<meta property=\"og:locale\" content=\"pl_PL\" \/>\n<meta property=\"og:type\" content=\"article\" \/>\n<meta property=\"og:title\" content=\"NEC MultiSync\u00a0CB861Q - Tablica interaktywna 86&quot; - Monitory Komercyjne Monitory komercyjne\" \/>\n<meta property=\"og:description\" content=\"Poziom antyrefleksyjny StandardGodziny pracy12\/7Jasno\u015b\u0107 [cd\/m\u00b2]350Rozdzielczo\u015b\u01073840 x 2160Kod produktu60004825\" \/>\n<meta property=\"og:url\" content=\"https:\/\/monitorykomercyjne.pl\/index.php\/produkt\/nec-multisync-cb861q-tablica-interaktywna-86\/\" \/>\n<meta property=\"og:site_name\" content=\"Monitory Komercyjne\" \/>\n<meta property=\"article:modified_time\" content=\"2024-05-09T07:39:49+00:00\" \/>\n<meta property=\"og:image\" content=\"https:\/\/monitorykomercyjne.pl\/wp-content\/uploads\/2024\/03\/NEC-MultiSync-CB861Q1.jpg\" \/>\n\t<meta property=\"og:image:width\" content=\"1600\" \/>\n\t<meta property=\"og:image:height\" content=\"1200\" \/>\n\t<meta property=\"og:image:type\" content=\"image\/jpeg\" \/>\n<meta name=\"twitter:card\" content=\"summary_large_image\" \/>\n<meta name=\"twitter:label1\" content=\"Szacowany czas czytania\" \/>\n\t<meta name=\"twitter:data1\" content=\"4 minuty\" \/>\n<script type=\"application\/ld+json\" class=\"yoast-schema-graph\">{\"@context\":\"https:\/\/schema.org\",\"@graph\":[{\"@type\":\"WebPage\",\"@id\":\"https:\/\/monitorykomercyjne.pl\/index.php\/produkt\/nec-multisync-cb861q-tablica-interaktywna-86\/\",\"url\":\"https:\/\/monitorykomercyjne.pl\/index.php\/produkt\/nec-multisync-cb861q-tablica-interaktywna-86\/\",\"name\":\"NEC MultiSync\u00a0CB861Q - Tablica interaktywna 86\\\" - Monitory Komercyjne Monitory komercyjne\",\"isPartOf\":{\"@id\":\"https:\/\/monitorykomercyjne.pl\/#website\"},\"primaryImageOfPage\":{\"@id\":\"https:\/\/monitorykomercyjne.pl\/index.php\/produkt\/nec-multisync-cb861q-tablica-interaktywna-86\/#primaryimage\"},\"image\":{\"@id\":\"https:\/\/monitorykomercyjne.pl\/index.php\/produkt\/nec-multisync-cb861q-tablica-interaktywna-86\/#primaryimage\"},\"thumbnailUrl\":\"https:\/\/monitorykomercyjne.pl\/wp-content\/uploads\/2024\/03\/NEC-MultiSync-CB861Q1.jpg\",\"datePublished\":\"2024-03-04T14:45:11+00:00\",\"dateModified\":\"2024-05-09T07:39:49+00:00\",\"breadcrumb\":{\"@id\":\"https:\/\/monitorykomercyjne.pl\/index.php\/produkt\/nec-multisync-cb861q-tablica-interaktywna-86\/#breadcrumb\"},\"inLanguage\":\"pl-PL\",\"potentialAction\":[{\"@type\":\"ReadAction\",\"target\":[\"https:\/\/monitorykomercyjne.pl\/index.php\/produkt\/nec-multisync-cb861q-tablica-interaktywna-86\/\"]}]},{\"@type\":\"ImageObject\",\"inLanguage\":\"pl-PL\",\"@id\":\"https:\/\/monitorykomercyjne.pl\/index.php\/produkt\/nec-multisync-cb861q-tablica-interaktywna-86\/#primaryimage\",\"url\":\"https:\/\/monitorykomercyjne.pl\/wp-content\/uploads\/2024\/03\/NEC-MultiSync-CB861Q1.jpg\",\"contentUrl\":\"https:\/\/monitorykomercyjne.pl\/wp-content\/uploads\/2024\/03\/NEC-MultiSync-CB861Q1.jpg\",\"width\":1600,\"height\":1200},{\"@type\":\"BreadcrumbList\",\"@id\":\"https:\/\/monitorykomercyjne.pl\/index.php\/produkt\/nec-multisync-cb861q-tablica-interaktywna-86\/#breadcrumb\",\"itemListElement\":[{\"@type\":\"ListItem\",\"position\":1,\"name\":\"Strona g\u0142\u00f3wna\",\"item\":\"https:\/\/monitorykomercyjne.pl\/\"},{\"@type\":\"ListItem\",\"position\":2,\"name\":\"Produkty\",\"item\":\"https:\/\/monitorykomercyjne.pl\/index.php\/produkty\/\"},{\"@type\":\"ListItem\",\"position\":3,\"name\":\"NEC MultiSync\u00a0CB861Q &#8211; Tablica interaktywna 86&#8243;\"}]},{\"@type\":\"WebSite\",\"@id\":\"https:\/\/monitorykomercyjne.pl\/#website\",\"url\":\"https:\/\/monitorykomercyjne.pl\/\",\"name\":\"Monitory Komercyjne\",\"description\":\"\",\"potentialAction\":[{\"@type\":\"SearchAction\",\"target\":{\"@type\":\"EntryPoint\",\"urlTemplate\":\"https:\/\/monitorykomercyjne.pl\/?s={search_term_string}\"},\"query-input\":\"required name=search_term_string\"}],\"inLanguage\":\"pl-PL\"}]}<\/script>\n<!-- \/ Yoast SEO plugin. -->","yoast_head_json":{"title":"NEC MultiSync\u00a0CB861Q - Tablica interaktywna 86\" - Monitory Komercyjne Monitory komercyjne","robots":{"index":"index","follow":"follow","max-snippet":"max-snippet:-1","max-image-preview":"max-image-preview:large","max-video-preview":"max-video-preview:-1"},"canonical":"https:\/\/monitorykomercyjne.pl\/index.php\/produkt\/nec-multisync-cb861q-tablica-interaktywna-86\/","og_locale":"pl_PL","og_type":"article","og_title":"NEC MultiSync\u00a0CB861Q - Tablica interaktywna 86\" - Monitory Komercyjne Monitory komercyjne","og_description":"Poziom antyrefleksyjny StandardGodziny pracy12\/7Jasno\u015b\u0107 [cd\/m\u00b2]350Rozdzielczo\u015b\u01073840 x 2160Kod produktu60004825","og_url":"https:\/\/monitorykomercyjne.pl\/index.php\/produkt\/nec-multisync-cb861q-tablica-interaktywna-86\/","og_site_name":"Monitory Komercyjne","article_modified_time":"2024-05-09T07:39:49+00:00","og_image":[{"width":1600,"height":1200,"url":"https:\/\/monitorykomercyjne.pl\/wp-content\/uploads\/2024\/03\/NEC-MultiSync-CB861Q1.jpg","type":"image\/jpeg"}],"twitter_card":"summary_large_image","twitter_misc":{"Szacowany czas czytania":"4 minuty"},"schema":{"@context":"https:\/\/schema.org","@graph":[{"@type":"WebPage","@id":"https:\/\/monitorykomercyjne.pl\/index.php\/produkt\/nec-multisync-cb861q-tablica-interaktywna-86\/","url":"https:\/\/monitorykomercyjne.pl\/index.php\/produkt\/nec-multisync-cb861q-tablica-interaktywna-86\/","name":"NEC MultiSync\u00a0CB861Q - Tablica interaktywna 86\" - Monitory Komercyjne Monitory komercyjne","isPartOf":{"@id":"https:\/\/monitorykomercyjne.pl\/#website"},"primaryImageOfPage":{"@id":"https:\/\/monitorykomercyjne.pl\/index.php\/produkt\/nec-multisync-cb861q-tablica-interaktywna-86\/#primaryimage"},"image":{"@id":"https:\/\/monitorykomercyjne.pl\/index.php\/produkt\/nec-multisync-cb861q-tablica-interaktywna-86\/#primaryimage"},"thumbnailUrl":"https:\/\/monitorykomercyjne.pl\/wp-content\/uploads\/2024\/03\/NEC-MultiSync-CB861Q1.jpg","datePublished":"2024-03-04T14:45:11+00:00","dateModified":"2024-05-09T07:39:49+00:00","breadcrumb":{"@id":"https:\/\/monitorykomercyjne.pl\/index.php\/produkt\/nec-multisync-cb861q-tablica-interaktywna-86\/#breadcrumb"},"inLanguage":"pl-PL","potentialAction":[{"@type":"ReadAction","target":["https:\/\/monitorykomercyjne.pl\/index.php\/produkt\/nec-multisync-cb861q-tablica-interaktywna-86\/"]}]},{"@type":"ImageObject","inLanguage":"pl-PL","@id":"https:\/\/monitorykomercyjne.pl\/index.php\/produkt\/nec-multisync-cb861q-tablica-interaktywna-86\/#primaryimage","url":"https:\/\/monitorykomercyjne.pl\/wp-content\/uploads\/2024\/03\/NEC-MultiSync-CB861Q1.jpg","contentUrl":"https:\/\/monitorykomercyjne.pl\/wp-content\/uploads\/2024\/03\/NEC-MultiSync-CB861Q1.jpg","width":1600,"height":1200},{"@type":"BreadcrumbList","@id":"https:\/\/monitorykomercyjne.pl\/index.php\/produkt\/nec-multisync-cb861q-tablica-interaktywna-86\/#breadcrumb","itemListElement":[{"@type":"ListItem","position":1,"name":"Strona g\u0142\u00f3wna","item":"https:\/\/monitorykomercyjne.pl\/"},{"@type":"ListItem","position":2,"name":"Produkty","item":"https:\/\/monitorykomercyjne.pl\/index.php\/produkty\/"},{"@type":"ListItem","position":3,"name":"NEC MultiSync\u00a0CB861Q &#8211; Tablica interaktywna 86&#8243;"}]},{"@type":"WebSite","@id":"https:\/\/monitorykomercyjne.pl\/#website","url":"https:\/\/monitorykomercyjne.pl\/","name":"Monitory Komercyjne","description":"","potentialAction":[{"@type":"SearchAction","target":{"@type":"EntryPoint","urlTemplate":"https:\/\/monitorykomercyjne.pl\/?s={search_term_string}"},"query-input":"required name=search_term_string"}],"inLanguage":"pl-PL"}]}},"brands":[{"id":28,"name":"SharpNEC","slug":"sharpnec"}],"_links":{"self":[{"href":"https:\/\/monitorykomercyjne.pl\/index.php\/wp-json\/wp\/v2\/product\/562"}],"collection":[{"href":"https:\/\/monitorykomercyjne.pl\/index.php\/wp-json\/wp\/v2\/product"}],"about":[{"href":"https:\/\/monitorykomercyjne.pl\/index.php\/wp-json\/wp\/v2\/types\/product"}],"wp:featuredmedia":[{"embeddable":true,"href":"https:\/\/monitorykomercyjne.pl\/index.php\/wp-json\/wp\/v2\/media\/563"}],"wp:attachment":[{"href":"https:\/\/monitorykomercyjne.pl\/index.php\/wp-json\/wp\/v2\/media?parent=562"}],"wp:term":[{"taxonomy":"pwb-brand","embeddable":true,"href":"https:\/\/monitorykomercyjne.pl\/index.php\/wp-json\/wp\/v2\/pwb-brand?post=562"},{"taxonomy":"product_cat","embeddable":true,"href":"https:\/\/monitorykomercyjne.pl\/index.php\/wp-json\/wp\/v2\/product_cat?post=562"},{"taxonomy":"product_tag","embeddable":true,"href":"https:\/\/monitorykomercyjne.pl\/index.php\/wp-json\/wp\/v2\/product_tag?post=562"}],"curies":[{"name":"wp","href":"https:\/\/api.w.org\/{rel}","templated":true}]}}