{"id":574,"date":"2024-03-05T09:05:47","date_gmt":"2024-03-05T08:05:47","guid":{"rendered":"https:\/\/monitorykomercyjne.pl\/?post_type=product&#038;p=574"},"modified":"2024-05-09T09:39:49","modified_gmt":"2024-05-09T07:39:49","slug":"nec-multisync-m491-mpi4-wyswietlacz-reklamowy-49","status":"publish","type":"product","link":"https:\/\/monitorykomercyjne.pl\/index.php\/produkt\/nec-multisync-m491-mpi4-wyswietlacz-reklamowy-49\/","title":{"rendered":"NEC MultiSync\u00a0M491-MPi4 &#8211; Wy\u015bwietlacz reklamowy 49&#8243;"},"content":{"rendered":"<section id=\"overview\" class=\"row\">\n<div class=\"columns medium-6\">\n<p><!-- ossproductdescstart --><\/p>\n<p><b>\u0141atwo\u015b\u0107 u\u017cycia cyfrowych tre\u015bci informacyjno-reklamowych i\u00a0informacji w\u00a0czasie rzeczywistym<\/b><\/p>\n<p>Jeszcze nigdy planowanie, instalacja i\u00a0obs\u0142uga skutecznej komunikacji skierowanej do grup docelowych nie by\u0142y tak proste. Teraz mo\u017cna w\u00a0\u0142atwy spos\u00f3b aktualizowa\u0107 przekaz informacyjno-reklamowy, dostosowywa\u0107 tre\u015bci i\u00a0tworzy\u0107 harmonogramy w\u00a0czasie rzeczywistym.<\/p>\n<p>Monitor MultiSync\u00ae M-MPi4 to szlachetne po\u0142\u0105czenie intuicyjnego odtwarzacza multimedi\u00f3w i\u00a0profesjonalnego wy\u015bwietlacza cyfrowego, przeznaczone do skutecznego przekazywania tre\u015bci w\u00a0przestrzeniach handlowych, rekreacyjnych i\u00a0muzealnych oraz w\u00a0restauracjach szybkiej obs\u0142ugi. Nowoczesny, smuk\u0142y design doskonale dopasowany do otoczenia korporacyjnego i\u00a0przestrzeni publicznych p\u0142ynnie wtapia si\u0119 w\u00a0otaczaj\u0105c\u0105 architektur\u0119, a\u00a0jasno\u015b\u0107 na poziomie 500\u00a0cd\/m\u00b2 i\u00a0przeciwodblaskowa powierzchnia przek\u0142adaj\u0105 si\u0119 na doskona\u0142e wra\u017cenia wizualne.<\/p>\n<p>Oprogramowanie MediaPlayer firmy NEC bazuje na fabrycznie zainstalowanym module SoC Raspberry\u00a0Pi, a\u00a0przy tym jest gotowe na technologie przysz\u0142o\u015bci i\u00a0uaktualnienia. Dost\u0119pna jest zdalna obs\u0142uga w\u00a0instalacjach zar\u00f3wno jedno-, jak i\u00a0wielomonitorowych, z\u00a0mo\u017cliwo\u015bci\u0105 elastycznego korzystania z\u00a0wielu typ\u00f3w multimedi\u00f3w oraz funkcji planowania, kt\u00f3re gwarantuj\u0105 inteligentne zarz\u0105dzanie tre\u015bciami. Je\u015bli konieczne s\u0105 specjalne funkcje, MediaPlayer firmy NEC pozwala na \u0142atwe prze\u0142\u0105czanie si\u0119 bezpo\u015brednio do zintegrowanych system\u00f3w zarz\u0105dzania tre\u015bciami.<\/p>\n<p><!-- ossproductdescend --><\/p>\n<\/div>\n<div class=\"columns medium-6\">\n<h3>Korzy\u015bci<\/h3>\n<ul>\n<li><b>Nowoczesny, smuk\u0142y wygl\u0105d<\/b> \u2013solidny i\u00a0jednocze\u015bnie elegancki wygl\u0105d sprawia, \u017ce monitor idealnie scala si\u0119 z\u00a0ka\u017cdym zastosowaniem i\u00a0otoczeniem.<\/li>\n<li><b>Intuicyjne rozwi\u0105zania Plug &amp; Play<\/b> \u2013u\u017cytkownicy mog\u0105 \u0142atwiej tworzy\u0107 zachwycaj\u0105ce materia\u0142y gwarantuj\u0105ce immersyjne doznania wizualne w\u00a0czasie rzeczywistym, nawet je\u015bli nie maj\u0105 zaawansowanych umiej\u0119tno\u015bci w\u00a0zakresie obs\u0142ugi cyfrowych tre\u015bci informacyjno-reklamowych.<\/li>\n<li><b>Instalowanie oprogramowania innych firm<\/b> \u2013mo\u017cna rozszerzy\u0107 funkcjonalno\u015b\u0107 odtwarzacza NEC MediaPlayer o\u00a0dodatkowe aplikacje lub nawet prze\u0142\u0105cza\u0107 si\u0119 z\u00a0odtwarzacza NEC MediaPlayer bezpo\u015brednio na preferowane systemy zarz\u0105dzania tre\u015bciami (CMS).<\/li>\n<li><b>Wszystko pod kontrol\u0105<\/b> \u2013pojedynczy interfejs wystarcza do zarz\u0105dzania zar\u00f3wno odtwarzaczem NEC MediaPlayer, jak i\u00a0bezpo\u015brednio wy\u015bwietlaczem, poprzez sie\u0107 lub za pomoc\u0105 pilota zdalnego sterowania.<\/li>\n<li><b>Bezb\u0142\u0119dna czytelno\u015b\u0107<\/b> \u2013brak odbi\u0107 od okien i\u00a0innych \u017ar\u00f3de\u0142 \u015bwiat\u0142a eliminuje problemy z\u00a0widoczno\u015bci\u0105 tre\u015bci informacyjno-reklamowych oraz prezentacji w\u00a0salach konferencyjnych<\/li>\n<\/ul>\n<\/div>\n<\/section>\n<dl id=\"speciList\" class=\"js-accordion\">\n<dt class=\"js-accordion__toggle accordion__toggle\">WY\u015aWIETLACZ<\/dt>\n<dd class=\"js-accordion__content\">\n<table class=\"datalist datalist--divided-inset\">\n<tbody>\n<tr>\n<td>Rodzaj panelu<\/td>\n<td>IPS z pod\u015bwietleniem Edge LED<\/td>\n<\/tr>\n<tr>\n<td>Wielko\u015b\u0107 ekranu [cale\/cm]<\/td>\n<td>49 \/ 123.2<\/td>\n<\/tr>\n<tr>\n<td>Proporcje obrazu<\/td>\n<td>16:9<\/td>\n<\/tr>\n<tr>\n<td>Jasno\u015b\u0107 [cd\/m\u00b2]<\/td>\n<td>500<\/td>\n<\/tr>\n<tr>\n<td>Contrast Ratio<\/td>\n<td>\u2265 8000:1 <sup>1<\/sup><\/td>\n<\/tr>\n<tr>\n<td>K\u0105ty widzenia [\u00b0]<\/td>\n<td>178 poziomo \/ 178 pionowo (CR 10:1)<\/td>\n<\/tr>\n<tr>\n<td>Colour Depth [bn]<\/td>\n<td>1.076 (10bit)<\/td>\n<\/tr>\n<tr>\n<td>Czas reakcji [ms]<\/td>\n<td>8<\/td>\n<\/tr>\n<tr>\n<td>Cz\u0119stotliwo\u015b\u0107 od\u015bwie\u017cania obrazu [Hz]<\/td>\n<td>60<\/td>\n<\/tr>\n<tr>\n<td>Haze Level [%]<\/td>\n<td>Pro (28)<\/td>\n<\/tr>\n<tr>\n<td>Obs\u0142ugiwana orientacja obrazu<\/td>\n<td>Pionowa; Pozioma<\/td>\n<\/tr>\n<\/tbody>\n<\/table>\n<\/dd>\n<dt class=\"js-accordion__toggle accordion__toggle\">ROZDZIELCZO\u015a\u0106<\/dt>\n<dd class=\"js-accordion__content\">\n<table class=\"datalist datalist--divided-inset\">\n<tbody>\n<tr>\n<td>Rozdzielczo\u015b\u0107 natywna<\/td>\n<td>\n<div class=\"productSpecRes productSpecRes--columns\">3840 x 2160<\/div>\n<\/td>\n<\/tr>\n<tr>\n<td>Obs\u0142ugiwane przez wej\u015bcia cyfrowe i analogowe (PC)<\/td>\n<td>\n<div class=\"productSpecRes productSpecRes--columns\">1024 x 768; 1280 x 1024; 1280 x 720; 1360 x 768; 1366 x 768; 1400 x 1050; 1440 x 900; 1600 x 1200; 1650 x 1050; 1900 x 1200; 1920 x 1080; 1920 x 2160; 2560 x 1440; 2560 x 1600; 3840 x 2160; 4096 x 2160<\/div>\n<\/td>\n<\/tr>\n<\/tbody>\n<\/table>\n<\/dd>\n<dt class=\"js-accordion__toggle accordion__toggle\">CZ\u0118STOTLIWO\u015a\u0106 SYNCHRONIZACJI<\/dt>\n<dd class=\"js-accordion__content\">\n<table class=\"datalist datalist--divided-inset\">\n<tbody>\n<tr>\n<td>Cz\u0119stotliwo\u015b\u0107 pozioma [kHz]<\/td>\n<td>26 &#8211; 135<\/td>\n<\/tr>\n<tr>\n<td>Cz\u0119stotliwo\u015b\u0107 pionowa [Hz]<\/td>\n<td>23 &#8211; 86<\/td>\n<\/tr>\n<\/tbody>\n<\/table>\n<\/dd>\n<dt class=\"js-accordion__toggle accordion__toggle\">MO\u017bLIWO\u015aCI POD\u0141\u0104CZANIA<\/dt>\n<dd class=\"js-accordion__content\">\n<table class=\"datalist datalist--divided-inset\">\n<tbody>\n<tr>\n<td>Wej\u015bcia wideo cyfrowe<\/td>\n<td>1 x DisplayPort (HDCP); 2 x HDMI (HDCP)<\/td>\n<\/tr>\n<tr>\n<td>Wej\u015bcia audio cyfrowe<\/td>\n<td>1 x Interfejs DisplayPort; 2 x HDMI<\/td>\n<\/tr>\n<tr>\n<td>Kontrola wej\u015bcia<\/td>\n<td>przew\u00f3d zdalnego sterowania (jack 3,5 mm); RS232; Sie\u0107 LAN 100 Mbit<\/td>\n<\/tr>\n<tr>\n<td>Input Data<\/td>\n<td>1 x USB 2.0 (MediaPlayer)<\/td>\n<\/tr>\n<tr>\n<td>Wyj\u015bcia audio analogowe<\/td>\n<td>Z\u0142\u0105cze 1 x 3,5 mm<\/td>\n<\/tr>\n<tr>\n<td>Input Detect<\/td>\n<td>Custom; First; Last<\/td>\n<\/tr>\n<\/tbody>\n<\/table>\n<\/dd>\n<dt class=\"js-accordion__toggle accordion__toggle\">OPEN MODULAR INTELLIGENCE<\/dt>\n<dd class=\"js-accordion__content\">\n<table class=\"datalist datalist--divided-inset\">\n<tbody>\n<tr>\n<td>Intel\u00ae SDM<\/td>\n<td>Mo\u017cliwo\u015b\u0107 zastosowania du\u017cych i ma\u0142ych (do 66\u00a0W) modu\u0142\u00f3w Intel\u00ae Smart Display<\/td>\n<\/tr>\n<tr>\n<td>Gniazdo mikrokomputera<\/td>\n<td>RPi Compute Module 4<\/td>\n<\/tr>\n<\/tbody>\n<\/table>\n<\/dd>\n<dt class=\"js-accordion__toggle accordion__toggle\">CZUJNIKI<\/dt>\n<dd class=\"js-accordion__content\">\n<table class=\"datalist datalist--divided-inset\">\n<tbody>\n<tr>\n<td>Czujnik nat\u0119\u017cenia o\u015bwietlenia w otoczeniu<\/td>\n<td>mo\u017cliwo\u015b\u0107 programowania uruchamianych dzia\u0142a\u0144<\/td>\n<\/tr>\n<tr>\n<td>Czujnik temperatury<\/td>\n<td>Wbudowany, liczba czujnik\u00f3w: 3, z\u00a0mo\u017cliwo\u015bci\u0105 programowania uruchamianych dzia\u0142a\u0144<\/td>\n<\/tr>\n<\/tbody>\n<\/table>\n<\/dd>\n<dt class=\"js-accordion__toggle accordion__toggle\">PARAMETRY ELEKTRYCZNE<\/dt>\n<dd class=\"js-accordion__content\">\n<table class=\"datalist datalist--divided-inset\">\n<tbody>\n<tr>\n<td>Pob\u00f3r mocy [W]<\/td>\n<td>80 wysy\u0142ka<\/td>\n<\/tr>\n<tr>\n<td>Tryb Power Save [W]<\/td>\n<td>&lt; 0.5; &lt; 2 (Networked Standby)<\/td>\n<\/tr>\n<tr>\n<td>Zarz\u0105dzanie energi\u0105<\/td>\n<td>VESA DPMS<\/td>\n<\/tr>\n<tr>\n<td>Zasilacz<\/td>\n<td>100-240 V AC; 50\/60 Hz; zintegrowany<\/td>\n<\/tr>\n<\/tbody>\n<\/table>\n<\/dd>\n<dt class=\"js-accordion__toggle accordion__toggle\">WARUNKI OTOCZENIA<\/dt>\n<dd class=\"js-accordion__content\">\n<table class=\"datalist datalist--divided-inset\">\n<tbody>\n<tr>\n<td>Temperatura otoczenia podczes pracy [\u00b0C]<\/td>\n<td>+0 to +40<\/td>\n<\/tr>\n<tr>\n<td>Wilgotno\u015b\u0107 otoczenia podczas pracy [%]<\/td>\n<td>20 to 80<\/td>\n<\/tr>\n<tr>\n<td>Wilgotno\u015b\u0107 otoczenia podczas przechowywania [%]<\/td>\n<td>10 do 90<\/td>\n<\/tr>\n<tr>\n<td>Temperatura otoczenia podczas przechowywania [\u00b0C]<\/td>\n<td>-20 do 60<\/td>\n<\/tr>\n<\/tbody>\n<\/table>\n<\/dd>\n<dt class=\"js-accordion__toggle accordion__toggle\">PARAMETRY MECHANICZNE<\/dt>\n<dd class=\"js-accordion__content\">\n<table class=\"datalist datalist--divided-inset\">\n<tbody>\n<tr>\n<td>Wymiary [mm]<\/td>\n<td>1\u00a0103,4 x 636,2 x 61,1<\/td>\n<\/tr>\n<tr>\n<td>Waga [kg]<\/td>\n<td>21.8<\/td>\n<\/tr>\n<tr>\n<td>Szeroko\u015b\u0107 ramki [mm]<\/td>\n<td>12 (g\u00f3ra); 12,5 (lewa\/prawa); 15,6 (d\u00f3\u0142)<\/td>\n<\/tr>\n<tr>\n<td>Mocowanie VESA [mm]<\/td>\n<td>300 x 300 (FDMI); 4 otwory; \u015bruby M6<\/td>\n<\/tr>\n<tr>\n<td>Stopie\u0144 ochrony<\/td>\n<td>IP5x (prz\u00f3d); IP2x (tyl)<\/td>\n<\/tr>\n<tr>\n<td>Wymiary opakowania (szer. x wys. x g\u0142\u0119b.) [mm]<\/td>\n<td>1,298 x 860 x 224<\/td>\n<\/tr>\n<tr>\n<td>Masa z\u00a0opakowaniem [kg]<\/td>\n<td>28.7<\/td>\n<\/tr>\n<tr>\n<td>Kolor ramki<\/td>\n<td>Pantone 426M (czarny)<\/td>\n<\/tr>\n<tr>\n<td>Materia\u0142<\/td>\n<td>Metal<\/td>\n<\/tr>\n<\/tbody>\n<\/table>\n<\/dd>\n<dt class=\"js-accordion__toggle accordion__toggle\">MEDIAPLAYER<\/dt>\n<dd class=\"js-accordion__content\">\n<table class=\"datalist datalist--divided-inset\">\n<tbody>\n<tr>\n<td>Supported File Storage \/ File System<\/td>\n<td>USB 2.0 \/ FAT16, FAT32<\/td>\n<\/tr>\n<tr>\n<td>Internal Storage<\/td>\n<td>32 GB pami\u0119ci eMMC (z tego system operacyjny zajmuje 2 GB; przestrze\u0144 dost\u0119pna dla plik\u00f3w: 28 GB)<\/td>\n<\/tr>\n<tr>\n<td>Processor<\/td>\n<td>Cortex-A72 (ARMv8) 64-bit SoC @ 1.5GHz<\/td>\n<\/tr>\n<tr>\n<td>Supported Image Formats<\/td>\n<td>JPG \/ JPEG; PNG<\/td>\n<\/tr>\n<tr>\n<td>Supported Video Formats<\/td>\n<td>MP4 \/ MOV \/AVI \/ MPEG\/ WMV \/ MPG \/ M4V \/ VOB \/ MKV (H.265); MPEG-2; M4K; VP8 \/ VP9; HTML5<\/td>\n<\/tr>\n<tr>\n<td>Supported Audio Formats<\/td>\n<td>MP3; AAC; AC-3<\/td>\n<\/tr>\n<\/tbody>\n<\/table>\n<\/dd>\n<dt class=\"js-accordion__toggle accordion__toggle\">DOST\u0118PNE OPCJE<\/dt>\n<dd class=\"js-accordion__content\">\n<table class=\"datalist datalist--divided-inset\">\n<tbody>\n<tr>\n<td>Akcesoria<\/td>\n<td>G\u0142o\u015bnik (SP-RM3a); Presence Sensor (KT-RC3); Soundbar (active: SP-ASCM-IQ2 \/ SP-ASCM-2); Stopki (ST-401\/ST-43M); W\u00f3zek (PDMHM-L); Zestaw do monta\u017cu na \u015bcianie (PDW C L and P, PD02W T M L, PD03W T M P)<\/td>\n<\/tr>\n<\/tbody>\n<\/table>\n<\/dd>\n<dt class=\"js-accordion__toggle accordion__toggle\">FUNKCJE EKO<\/dt>\n<dd class=\"js-accordion__content\">\n<table class=\"datalist datalist--divided-inset\">\n<tbody>\n<tr>\n<td>Wydajno\u015b\u0107 energetyczna<\/td>\n<td>Klasa efektywno\u015bci energetycznej: G; pod\u015bwietleniem LED; Zu\u017cycie energii: 90 kWh\/1000 godzin<\/td>\n<\/tr>\n<tr>\n<td>Normy ekologiczne<\/td>\n<td>EnergyStar 8.0<\/td>\n<\/tr>\n<\/tbody>\n<\/table>\n<\/dd>\n<dt class=\"js-accordion__toggle accordion__toggle\">DODATKOWE FUNKCJE<\/dt>\n<dd class=\"js-accordion__content\">\n<table class=\"datalist datalist--divided-inset\">\n<tbody>\n<tr>\n<td>Cechy Specjalne<\/td>\n<td>HDMI ARC; Powered USB Port (10 W); Removable Logo; Symulacja standardu DICOM<\/td>\n<\/tr>\n<tr>\n<td>Bezpiecze\u0144stwo i ergonomia<\/td>\n<td>BSMI; CE; EAC; EMC Class B; Energy Star 8; FCC Class B; KC\/KCC; PSB; RCM; RoHS; VCCI<\/td>\n<\/tr>\n<tr>\n<td>Klasa b\u0142\u0119d\u00f3w pikseli<\/td>\n<td>Klasa 1 wg ISO 9241-307<\/td>\n<\/tr>\n<tr>\n<td>G\u0142o\u015bniki<\/td>\n<td>Integrated Speakers (10 W + 10 W)<\/td>\n<\/tr>\n<tr>\n<td>Zawarto\u015b\u0107 opakowania<\/td>\n<td>2x baterie; Instrukcja konfiguracji; Kabel HDMI; Kabel zasilaj\u0105cy; Monitor; MPi4 MediaPlayer Kit zainstalowany; Pilot<\/td>\n<\/tr>\n<tr>\n<td>Gwarancja<\/td>\n<td>3 lata (w tym na pod\u015bwietlenie ekranu); dost\u0119pne dodatkowe us\u0142ugi; opcjonalne przed\u0142u\u017cenie gwarancji na 4. i\u00a05. rok <sup>2<\/sup><\/td>\n<\/tr>\n<tr>\n<td>Godziny pracy<\/td>\n<td>24\/7<\/td>\n<\/tr>\n<tr>\n<td>External Control<\/td>\n<td>AMX NetLinx Support; ASCII Control Commands; Crestron Connected; HDMI CEC; HTTP Browser; PJLink; Scheduled Timer; SNMP<\/td>\n<\/tr>\n<tr>\n<td>Remote Management<\/td>\n<td>Automated Email Alerts; NEC NaViSet Administrator 2<\/td>\n<\/tr>\n<tr>\n<td>Security<\/td>\n<td>Disable HW Buttons; Disable IR Functionality; Emergency Notification<\/td>\n<\/tr>\n<tr>\n<td>Resistance to Fire<\/td>\n<td>Metal backcover, plastic material certified acc. to UL94-5VB<\/td>\n<\/tr>\n<\/tbody>\n<\/table>\n<\/dd>\n<\/dl>\n","protected":false},"excerpt":{"rendered":"<div class=\"columns medium-6 product-features\">\n<table class=\"datalist datalist--divided-fullwidth\">\n<tbody>\n<tr>\n<td>Poziom antyrefleksyjny<\/td>\n<td>Pro<\/td>\n<\/tr>\n<tr>\n<td>Godziny pracy<\/td>\n<td>24\/7<\/td>\n<\/tr>\n<tr>\n<td>Jasno\u015b\u0107 [cd\/m\u00b2]<\/td>\n<td>500<\/td>\n<\/tr>\n<tr>\n<td>Rozdzielczo\u015b\u0107<\/td>\n<td>3840 x 2160<\/td>\n<\/tr>\n<tr>\n<td>Kod produktu<\/td>\n<td>60005381<\/td>\n<\/tr>\n<\/tbody>\n<\/table>\n<\/div>\n","protected":false},"featured_media":567,"template":"","meta":{"inline_featured_image":false,"neve_meta_sidebar":"","neve_meta_container":"","neve_meta_enable_content_width":"off","neve_meta_content_width":100,"neve_meta_title_alignment":"","neve_meta_author_avatar":"","neve_post_elements_order":"","neve_meta_disable_header":"","neve_meta_disable_footer":"","neve_meta_disable_title":""},"pwb-brand":[28],"product_cat":[23],"product_tag":[],"yoast_head":"<!-- This site is optimized with the Yoast SEO plugin v22.6 - https:\/\/yoast.com\/wordpress\/plugins\/seo\/ -->\n<title>NEC MultiSync\u00a0M491-MPi4 - Wy\u015bwietlacz reklamowy 49&quot; - Monitory Komercyjne Monitory komercyjne<\/title>\n<meta name=\"robots\" content=\"index, follow, max-snippet:-1, max-image-preview:large, max-video-preview:-1\" \/>\n<link rel=\"canonical\" href=\"https:\/\/monitorykomercyjne.pl\/index.php\/produkt\/nec-multisync-m491-mpi4-wyswietlacz-reklamowy-49\/\" \/>\n<meta property=\"og:locale\" content=\"pl_PL\" \/>\n<meta property=\"og:type\" content=\"article\" \/>\n<meta property=\"og:title\" content=\"NEC MultiSync\u00a0M491-MPi4 - Wy\u015bwietlacz reklamowy 49&quot; - Monitory Komercyjne Monitory komercyjne\" \/>\n<meta property=\"og:description\" content=\"Poziom antyrefleksyjny Pro   Godziny pracy 24\/7   Jasno\u015b\u0107 [cd\/m\u00b2] 500   Rozdzielczo\u015b\u0107 3840 x 2160   Kod produktu 60005381\" \/>\n<meta property=\"og:url\" content=\"https:\/\/monitorykomercyjne.pl\/index.php\/produkt\/nec-multisync-m491-mpi4-wyswietlacz-reklamowy-49\/\" \/>\n<meta property=\"og:site_name\" content=\"Monitory Komercyjne\" \/>\n<meta property=\"article:modified_time\" content=\"2024-05-09T07:39:49+00:00\" \/>\n<meta property=\"og:image\" content=\"https:\/\/monitorykomercyjne.pl\/wp-content\/uploads\/2024\/03\/NEC-MultiSync-P435-MPi41.jpg\" \/>\n\t<meta property=\"og:image:width\" content=\"1600\" \/>\n\t<meta property=\"og:image:height\" content=\"1200\" \/>\n\t<meta property=\"og:image:type\" content=\"image\/jpeg\" \/>\n<meta name=\"twitter:card\" content=\"summary_large_image\" \/>\n<meta name=\"twitter:label1\" content=\"Szacowany czas czytania\" \/>\n\t<meta name=\"twitter:data1\" content=\"5 minut\" \/>\n<script type=\"application\/ld+json\" class=\"yoast-schema-graph\">{\"@context\":\"https:\/\/schema.org\",\"@graph\":[{\"@type\":\"WebPage\",\"@id\":\"https:\/\/monitorykomercyjne.pl\/index.php\/produkt\/nec-multisync-m491-mpi4-wyswietlacz-reklamowy-49\/\",\"url\":\"https:\/\/monitorykomercyjne.pl\/index.php\/produkt\/nec-multisync-m491-mpi4-wyswietlacz-reklamowy-49\/\",\"name\":\"NEC MultiSync\u00a0M491-MPi4 - Wy\u015bwietlacz reklamowy 49\\\" - Monitory Komercyjne Monitory komercyjne\",\"isPartOf\":{\"@id\":\"https:\/\/monitorykomercyjne.pl\/#website\"},\"primaryImageOfPage\":{\"@id\":\"https:\/\/monitorykomercyjne.pl\/index.php\/produkt\/nec-multisync-m491-mpi4-wyswietlacz-reklamowy-49\/#primaryimage\"},\"image\":{\"@id\":\"https:\/\/monitorykomercyjne.pl\/index.php\/produkt\/nec-multisync-m491-mpi4-wyswietlacz-reklamowy-49\/#primaryimage\"},\"thumbnailUrl\":\"https:\/\/monitorykomercyjne.pl\/wp-content\/uploads\/2024\/03\/NEC-MultiSync-P435-MPi41.jpg\",\"datePublished\":\"2024-03-05T08:05:47+00:00\",\"dateModified\":\"2024-05-09T07:39:49+00:00\",\"breadcrumb\":{\"@id\":\"https:\/\/monitorykomercyjne.pl\/index.php\/produkt\/nec-multisync-m491-mpi4-wyswietlacz-reklamowy-49\/#breadcrumb\"},\"inLanguage\":\"pl-PL\",\"potentialAction\":[{\"@type\":\"ReadAction\",\"target\":[\"https:\/\/monitorykomercyjne.pl\/index.php\/produkt\/nec-multisync-m491-mpi4-wyswietlacz-reklamowy-49\/\"]}]},{\"@type\":\"ImageObject\",\"inLanguage\":\"pl-PL\",\"@id\":\"https:\/\/monitorykomercyjne.pl\/index.php\/produkt\/nec-multisync-m491-mpi4-wyswietlacz-reklamowy-49\/#primaryimage\",\"url\":\"https:\/\/monitorykomercyjne.pl\/wp-content\/uploads\/2024\/03\/NEC-MultiSync-P435-MPi41.jpg\",\"contentUrl\":\"https:\/\/monitorykomercyjne.pl\/wp-content\/uploads\/2024\/03\/NEC-MultiSync-P435-MPi41.jpg\",\"width\":1600,\"height\":1200},{\"@type\":\"BreadcrumbList\",\"@id\":\"https:\/\/monitorykomercyjne.pl\/index.php\/produkt\/nec-multisync-m491-mpi4-wyswietlacz-reklamowy-49\/#breadcrumb\",\"itemListElement\":[{\"@type\":\"ListItem\",\"position\":1,\"name\":\"Strona g\u0142\u00f3wna\",\"item\":\"https:\/\/monitorykomercyjne.pl\/\"},{\"@type\":\"ListItem\",\"position\":2,\"name\":\"Produkty\",\"item\":\"https:\/\/monitorykomercyjne.pl\/index.php\/produkty\/\"},{\"@type\":\"ListItem\",\"position\":3,\"name\":\"NEC MultiSync\u00a0M491-MPi4 &#8211; Wy\u015bwietlacz reklamowy 49&#8243;\"}]},{\"@type\":\"WebSite\",\"@id\":\"https:\/\/monitorykomercyjne.pl\/#website\",\"url\":\"https:\/\/monitorykomercyjne.pl\/\",\"name\":\"Monitory Komercyjne\",\"description\":\"\",\"potentialAction\":[{\"@type\":\"SearchAction\",\"target\":{\"@type\":\"EntryPoint\",\"urlTemplate\":\"https:\/\/monitorykomercyjne.pl\/?s={search_term_string}\"},\"query-input\":\"required name=search_term_string\"}],\"inLanguage\":\"pl-PL\"}]}<\/script>\n<!-- \/ Yoast SEO plugin. -->","yoast_head_json":{"title":"NEC MultiSync\u00a0M491-MPi4 - Wy\u015bwietlacz reklamowy 49\" - Monitory Komercyjne Monitory komercyjne","robots":{"index":"index","follow":"follow","max-snippet":"max-snippet:-1","max-image-preview":"max-image-preview:large","max-video-preview":"max-video-preview:-1"},"canonical":"https:\/\/monitorykomercyjne.pl\/index.php\/produkt\/nec-multisync-m491-mpi4-wyswietlacz-reklamowy-49\/","og_locale":"pl_PL","og_type":"article","og_title":"NEC MultiSync\u00a0M491-MPi4 - Wy\u015bwietlacz reklamowy 49\" - Monitory Komercyjne Monitory komercyjne","og_description":"Poziom antyrefleksyjny Pro   Godziny pracy 24\/7   Jasno\u015b\u0107 [cd\/m\u00b2] 500   Rozdzielczo\u015b\u0107 3840 x 2160   Kod produktu 60005381","og_url":"https:\/\/monitorykomercyjne.pl\/index.php\/produkt\/nec-multisync-m491-mpi4-wyswietlacz-reklamowy-49\/","og_site_name":"Monitory Komercyjne","article_modified_time":"2024-05-09T07:39:49+00:00","og_image":[{"width":1600,"height":1200,"url":"https:\/\/monitorykomercyjne.pl\/wp-content\/uploads\/2024\/03\/NEC-MultiSync-P435-MPi41.jpg","type":"image\/jpeg"}],"twitter_card":"summary_large_image","twitter_misc":{"Szacowany czas czytania":"5 minut"},"schema":{"@context":"https:\/\/schema.org","@graph":[{"@type":"WebPage","@id":"https:\/\/monitorykomercyjne.pl\/index.php\/produkt\/nec-multisync-m491-mpi4-wyswietlacz-reklamowy-49\/","url":"https:\/\/monitorykomercyjne.pl\/index.php\/produkt\/nec-multisync-m491-mpi4-wyswietlacz-reklamowy-49\/","name":"NEC MultiSync\u00a0M491-MPi4 - Wy\u015bwietlacz reklamowy 49\" - Monitory Komercyjne Monitory komercyjne","isPartOf":{"@id":"https:\/\/monitorykomercyjne.pl\/#website"},"primaryImageOfPage":{"@id":"https:\/\/monitorykomercyjne.pl\/index.php\/produkt\/nec-multisync-m491-mpi4-wyswietlacz-reklamowy-49\/#primaryimage"},"image":{"@id":"https:\/\/monitorykomercyjne.pl\/index.php\/produkt\/nec-multisync-m491-mpi4-wyswietlacz-reklamowy-49\/#primaryimage"},"thumbnailUrl":"https:\/\/monitorykomercyjne.pl\/wp-content\/uploads\/2024\/03\/NEC-MultiSync-P435-MPi41.jpg","datePublished":"2024-03-05T08:05:47+00:00","dateModified":"2024-05-09T07:39:49+00:00","breadcrumb":{"@id":"https:\/\/monitorykomercyjne.pl\/index.php\/produkt\/nec-multisync-m491-mpi4-wyswietlacz-reklamowy-49\/#breadcrumb"},"inLanguage":"pl-PL","potentialAction":[{"@type":"ReadAction","target":["https:\/\/monitorykomercyjne.pl\/index.php\/produkt\/nec-multisync-m491-mpi4-wyswietlacz-reklamowy-49\/"]}]},{"@type":"ImageObject","inLanguage":"pl-PL","@id":"https:\/\/monitorykomercyjne.pl\/index.php\/produkt\/nec-multisync-m491-mpi4-wyswietlacz-reklamowy-49\/#primaryimage","url":"https:\/\/monitorykomercyjne.pl\/wp-content\/uploads\/2024\/03\/NEC-MultiSync-P435-MPi41.jpg","contentUrl":"https:\/\/monitorykomercyjne.pl\/wp-content\/uploads\/2024\/03\/NEC-MultiSync-P435-MPi41.jpg","width":1600,"height":1200},{"@type":"BreadcrumbList","@id":"https:\/\/monitorykomercyjne.pl\/index.php\/produkt\/nec-multisync-m491-mpi4-wyswietlacz-reklamowy-49\/#breadcrumb","itemListElement":[{"@type":"ListItem","position":1,"name":"Strona g\u0142\u00f3wna","item":"https:\/\/monitorykomercyjne.pl\/"},{"@type":"ListItem","position":2,"name":"Produkty","item":"https:\/\/monitorykomercyjne.pl\/index.php\/produkty\/"},{"@type":"ListItem","position":3,"name":"NEC MultiSync\u00a0M491-MPi4 &#8211; Wy\u015bwietlacz reklamowy 49&#8243;"}]},{"@type":"WebSite","@id":"https:\/\/monitorykomercyjne.pl\/#website","url":"https:\/\/monitorykomercyjne.pl\/","name":"Monitory Komercyjne","description":"","potentialAction":[{"@type":"SearchAction","target":{"@type":"EntryPoint","urlTemplate":"https:\/\/monitorykomercyjne.pl\/?s={search_term_string}"},"query-input":"required name=search_term_string"}],"inLanguage":"pl-PL"}]}},"brands":[{"id":28,"name":"SharpNEC","slug":"sharpnec"}],"_links":{"self":[{"href":"https:\/\/monitorykomercyjne.pl\/index.php\/wp-json\/wp\/v2\/product\/574"}],"collection":[{"href":"https:\/\/monitorykomercyjne.pl\/index.php\/wp-json\/wp\/v2\/product"}],"about":[{"href":"https:\/\/monitorykomercyjne.pl\/index.php\/wp-json\/wp\/v2\/types\/product"}],"wp:featuredmedia":[{"embeddable":true,"href":"https:\/\/monitorykomercyjne.pl\/index.php\/wp-json\/wp\/v2\/media\/567"}],"wp:attachment":[{"href":"https:\/\/monitorykomercyjne.pl\/index.php\/wp-json\/wp\/v2\/media?parent=574"}],"wp:term":[{"taxonomy":"pwb-brand","embeddable":true,"href":"https:\/\/monitorykomercyjne.pl\/index.php\/wp-json\/wp\/v2\/pwb-brand?post=574"},{"taxonomy":"product_cat","embeddable":true,"href":"https:\/\/monitorykomercyjne.pl\/index.php\/wp-json\/wp\/v2\/product_cat?post=574"},{"taxonomy":"product_tag","embeddable":true,"href":"https:\/\/monitorykomercyjne.pl\/index.php\/wp-json\/wp\/v2\/product_tag?post=574"}],"curies":[{"name":"wp","href":"https:\/\/api.w.org\/{rel}","templated":true}]}}