{"id":61,"date":"2024-02-21T09:57:29","date_gmt":"2024-02-21T08:57:29","guid":{"rendered":"https:\/\/monitorykomercyjne.pl\/?post_type=product&#038;p=61"},"modified":"2024-05-09T09:40:04","modified_gmt":"2024-05-09T07:40:04","slug":"pkc-ms1b-mobilny-stojak-do-tablicy-interaktywnej-dahua","status":"publish","type":"product","link":"https:\/\/monitorykomercyjne.pl\/index.php\/produkt\/pkc-ms1b-mobilny-stojak-do-tablicy-interaktywnej-dahua\/","title":{"rendered":"PKC-MS1B &#8211; Mobilny stojak do tablicy interaktywnej DAHUA"},"content":{"rendered":"<div class=\"table-content\" data-v-0edf065a=\"\">\n<div id=\"div_left\" style=\"width: 100%;\">\n<div class=\"div-drop\">\n<table id=\"table001\" class=\"NEW-TABLE TableOverride-1 tab-drag\" style=\"width: 100%; border-spacing: 0px; table-layout: fixed; overflow-wrap: break-word;\">\n<tbody>\n<tr>\n<td style=\"border: 1px solid #FFFFFF; padding: 3px 0px 3px 5px; vertical-align: middle; background-color: #c3c5c5; font-weight: bold;\" colspan=\"60\"><span style=\"vertical-align: inherit;\"><span style=\"vertical-align: inherit;\">Struktura<\/span><\/span><\/td>\n<\/tr>\n<tr>\n<td style=\"border: 1px solid #FFFFFF; padding: 3px 0px 3px 5px; vertical-align: middle; background-color: #f2f2f2;\" colspan=\"18\"><span style=\"vertical-align: inherit;\"><span style=\"vertical-align: inherit;\">Kolor<\/span><\/span><\/td>\n<td style=\"border: 1px solid #FFFFFF; padding: 3px 0px 3px 5px; vertical-align: middle; background-color: #f2f2f2;\" colspan=\"42\"><span style=\"vertical-align: inherit;\"><span style=\"vertical-align: inherit;\">Czarny<\/span><\/span><\/td>\n<\/tr>\n<tr>\n<td style=\"border: 1px solid #FFFFFF; padding: 3px 0px 3px 5px; vertical-align: middle; background-color: #f2f2f2;\" colspan=\"18\"><span style=\"vertical-align: inherit;\"><span style=\"vertical-align: inherit;\">Odpowiedni rozmiar modelu<\/span><\/span><\/td>\n<td style=\"border: 1px solid #FFFFFF; padding: 3px 0px 3px 5px; vertical-align: middle; background-color: #f2f2f2;\" colspan=\"42\"><span style=\"vertical-align: inherit;\"><span style=\"vertical-align: inherit;\">86&#8243;\u201398&#8243;<\/span><\/span><\/td>\n<\/tr>\n<tr>\n<td style=\"border: 1px solid #FFFFFF; padding: 3px 0px 3px 5px; vertical-align: middle; background-color: #f2f2f2;\" colspan=\"18\"><span style=\"vertical-align: inherit;\"><span style=\"vertical-align: inherit;\">Maksymalna no\u015bno\u015b\u0107<\/span><\/span><\/td>\n<td style=\"border: 1px solid #FFFFFF; padding: 3px 0px 3px 5px; vertical-align: middle; background-color: #f2f2f2;\" colspan=\"42\"><span style=\"vertical-align: inherit;\"><span style=\"vertical-align: inherit;\">180 kg (396,83 funta)<\/span><\/span><\/td>\n<\/tr>\n<tr>\n<td style=\"border: 1px solid #FFFFFF; padding: 3px 0px 3px 5px; vertical-align: middle; background-color: #f2f2f2;\" colspan=\"18\"><span style=\"vertical-align: inherit;\"><span style=\"vertical-align: inherit;\">Maksymalny skok<\/span><\/span><\/td>\n<td style=\"border: 1px solid #FFFFFF; padding: 3px 0px 3px 5px; vertical-align: middle; background-color: #f2f2f2;\" colspan=\"42\"><span style=\"vertical-align: inherit;\"><span style=\"vertical-align: inherit;\">840 mm (w pionie) \u00d7 606 mm (w poziomie) (33,07&#8243; \u00d7 23,86&#8243;)<\/span><\/span><\/td>\n<\/tr>\n<tr>\n<td style=\"border: 1px solid #FFFFFF; padding: 3px 0px 3px 5px; vertical-align: middle; background-color: #c3c5c5; font-weight: bold;\" colspan=\"60\"><span style=\"vertical-align: inherit;\"><span style=\"vertical-align: inherit;\">Wymiary<\/span><\/span><\/td>\n<\/tr>\n<tr>\n<td style=\"border: 1px solid #FFFFFF; padding: 3px 0px 3px 5px; vertical-align: middle; background-color: #f2f2f2;\" colspan=\"18\"><span style=\"vertical-align: inherit;\"><span style=\"vertical-align: inherit;\">Wymiary gotowych produkt\u00f3w po z\u0142o\u017ceniu (d\u0142. \u00d7 szer. \u00d7 wys.)<\/span><\/span><\/td>\n<td style=\"border: 1px solid #FFFFFF; padding: 3px 0px 3px 5px; vertical-align: middle; background-color: #f2f2f2;\" colspan=\"42\"><span style=\"vertical-align: inherit;\"><span style=\"vertical-align: inherit;\">1100 mm \u00d7 800 mm \u00d7 1666 mm (43,31 cala \u00d7 31,50 cala \u00d7 65,59 cala)<\/span><\/span><\/td>\n<\/tr>\n<tr>\n<td style=\"border: 1px solid #FFFFFF; padding: 3px 0px 3px 5px; vertical-align: middle; background-color: #f2f2f2;\" colspan=\"18\"><span style=\"vertical-align: inherit;\"><span style=\"vertical-align: inherit;\">Wymiary opakowania (d\u0142. \u00d7 szer. \u00d7 wys.)<\/span><\/span><\/td>\n<td style=\"border: 1px solid #FFFFFF; padding: 3px 0px 3px 5px; vertical-align: middle; background-color: #f2f2f2;\" colspan=\"42\"><span style=\"vertical-align: inherit;\"><span style=\"vertical-align: inherit;\">1720 mm \u00d7 820 mm \u00d7 190 mm (67,72&#8243; \u00d7 32,28&#8243; \u00d7 7,48&#8243;)<\/span><\/span><\/td>\n<\/tr>\n<tr>\n<td style=\"border: 1px solid #FFFFFF; padding: 3px 0px 3px 5px; vertical-align: middle; background-color: #c3c5c5; font-weight: bold;\" colspan=\"60\"><span style=\"vertical-align: inherit;\"><span style=\"vertical-align: inherit;\">Waga<\/span><\/span><\/td>\n<\/tr>\n<tr>\n<td style=\"border: 1px solid #FFFFFF; padding: 3px 0px 3px 5px; vertical-align: middle; background-color: #f2f2f2;\" colspan=\"18\"><span style=\"vertical-align: inherit;\"><span style=\"vertical-align: inherit;\">Waga brutto<\/span><\/span><\/td>\n<td style=\"border: 1px solid #FFFFFF; padding: 3px 0px 3px 5px; vertical-align: middle; background-color: #f2f2f2;\" colspan=\"42\"><span style=\"vertical-align: inherit;\"><span style=\"vertical-align: inherit;\">54 kg (119,05 funta)<\/span><\/span><\/td>\n<\/tr>\n<tr>\n<td style=\"border: 1px solid #FFFFFF; padding: 3px 0px 3px 5px; vertical-align: middle; background-color: #f2f2f2;\" colspan=\"18\"><span style=\"vertical-align: inherit;\"><span style=\"vertical-align: inherit;\">Waga netto<\/span><\/span><\/td>\n<td style=\"border: 1px solid #FFFFFF; padding: 3px 0px 3px 5px; vertical-align: middle; background-color: #f2f2f2;\" colspan=\"42\"><span style=\"vertical-align: inherit;\"><span style=\"vertical-align: inherit;\">46 kg (101,41 funta)<\/span><\/span><\/td>\n<\/tr>\n<tr>\n<td style=\"border: 1px solid #FFFFFF; padding: 3px 0px 3px 5px; vertical-align: middle; background-color: #c3c5c5; font-weight: bold;\" colspan=\"60\"><span style=\"vertical-align: inherit;\"><span style=\"vertical-align: inherit;\">\u015arodowisko<\/span><\/span><\/td>\n<\/tr>\n<tr>\n<td style=\"border: 1px solid #FFFFFF; padding: 3px 0px 3px 5px; vertical-align: middle; background-color: #f2f2f2;\" colspan=\"18\"><span style=\"vertical-align: inherit;\"><span style=\"vertical-align: inherit;\">temperatura robocza<\/span><\/span><\/td>\n<td style=\"border: 1px solid #FFFFFF; padding: 3px 0px 3px 5px; vertical-align: middle; background-color: #f2f2f2;\" colspan=\"42\"><span style=\"vertical-align: inherit;\"><span style=\"vertical-align: inherit;\">\u201320\u00b0C do +60\u00b0C (\u20134\u00b0F do +140\u00b0F)<\/span><\/span><\/td>\n<\/tr>\n<tr>\n<td style=\"border: 1px solid #FFFFFF; padding: 3px 0px 3px 5px; vertical-align: middle; background-color: #f2f2f2;\" colspan=\"18\"><span style=\"vertical-align: inherit;\"><span style=\"vertical-align: inherit;\">Wilgotno\u015b\u0107 pracy<\/span><\/span><\/td>\n<td style=\"border: 1px solid #FFFFFF; padding: 3px 0px 3px 5px; vertical-align: middle; background-color: #f2f2f2;\" colspan=\"42\"><span style=\"vertical-align: inherit;\"><span style=\"vertical-align: inherit;\">20%\u201390%<\/span><\/span><\/td>\n<\/tr>\n<\/tbody>\n<\/table>\n<\/div>\n<\/div>\n<\/div>\n","protected":false},"excerpt":{"rendered":"<p>Stojak mobilny do inteligentnej tablicy interaktywnej.<br \/>\nDzi\u0119ki modu\u0142owej konstrukcji stojak mobilny jest zar\u00f3wno elegancki, jak i bardzo trwa\u0142y. Zosta\u0142 specjalnie zbudowany do u\u017cytku z inteligentn\u0105 tablic\u0105 interaktywn\u0105.<\/p>\n<p>&nbsp;<\/p>\n","protected":false},"featured_media":90,"template":"","meta":{"inline_featured_image":false,"neve_meta_sidebar":"","neve_meta_container":"","neve_meta_enable_content_width":"off","neve_meta_content_width":100,"neve_meta_title_alignment":"","neve_meta_author_avatar":"","neve_post_elements_order":"","neve_meta_disable_header":"","neve_meta_disable_footer":"","neve_meta_disable_title":""},"pwb-brand":[30],"product_cat":[18],"product_tag":[],"yoast_head":"<!-- This site is optimized with the Yoast SEO plugin v22.6 - https:\/\/yoast.com\/wordpress\/plugins\/seo\/ -->\n<title>PKC-MS1B - Mobilny stojak do tablicy interaktywnej DAHUA - Monitory Komercyjne Monitory komercyjne<\/title>\n<meta name=\"robots\" content=\"index, follow, max-snippet:-1, max-image-preview:large, max-video-preview:-1\" \/>\n<link rel=\"canonical\" href=\"https:\/\/monitorykomercyjne.pl\/index.php\/produkt\/pkc-ms1b-mobilny-stojak-do-tablicy-interaktywnej-dahua\/\" \/>\n<meta property=\"og:locale\" content=\"pl_PL\" \/>\n<meta property=\"og:type\" content=\"article\" \/>\n<meta property=\"og:title\" content=\"PKC-MS1B - Mobilny stojak do tablicy interaktywnej DAHUA - Monitory Komercyjne Monitory komercyjne\" \/>\n<meta property=\"og:description\" content=\"Stojak mobilny do inteligentnej tablicy interaktywnej. Dzi\u0119ki modu\u0142owej konstrukcji stojak mobilny jest zar\u00f3wno elegancki, jak i bardzo trwa\u0142y. Zosta\u0142 specjalnie zbudowany do u\u017cytku z inteligentn\u0105 tablic\u0105 interaktywn\u0105.  &nbsp;\" \/>\n<meta property=\"og:url\" content=\"https:\/\/monitorykomercyjne.pl\/index.php\/produkt\/pkc-ms1b-mobilny-stojak-do-tablicy-interaktywnej-dahua\/\" \/>\n<meta property=\"og:site_name\" content=\"Monitory Komercyjne\" \/>\n<meta property=\"article:modified_time\" content=\"2024-05-09T07:40:04+00:00\" \/>\n<meta property=\"og:image\" content=\"https:\/\/monitorykomercyjne.pl\/wp-content\/uploads\/2024\/02\/PKC-MS1B1-1.png\" \/>\n\t<meta property=\"og:image:width\" content=\"1600\" \/>\n\t<meta property=\"og:image:height\" content=\"1600\" \/>\n\t<meta property=\"og:image:type\" content=\"image\/png\" \/>\n<meta name=\"twitter:card\" content=\"summary_large_image\" \/>\n<script type=\"application\/ld+json\" class=\"yoast-schema-graph\">{\"@context\":\"https:\/\/schema.org\",\"@graph\":[{\"@type\":\"WebPage\",\"@id\":\"https:\/\/monitorykomercyjne.pl\/index.php\/produkt\/pkc-ms1b-mobilny-stojak-do-tablicy-interaktywnej-dahua\/\",\"url\":\"https:\/\/monitorykomercyjne.pl\/index.php\/produkt\/pkc-ms1b-mobilny-stojak-do-tablicy-interaktywnej-dahua\/\",\"name\":\"PKC-MS1B - Mobilny stojak do tablicy interaktywnej DAHUA - Monitory Komercyjne Monitory komercyjne\",\"isPartOf\":{\"@id\":\"https:\/\/monitorykomercyjne.pl\/#website\"},\"primaryImageOfPage\":{\"@id\":\"https:\/\/monitorykomercyjne.pl\/index.php\/produkt\/pkc-ms1b-mobilny-stojak-do-tablicy-interaktywnej-dahua\/#primaryimage\"},\"image\":{\"@id\":\"https:\/\/monitorykomercyjne.pl\/index.php\/produkt\/pkc-ms1b-mobilny-stojak-do-tablicy-interaktywnej-dahua\/#primaryimage\"},\"thumbnailUrl\":\"https:\/\/monitorykomercyjne.pl\/wp-content\/uploads\/2024\/02\/PKC-MS1B1-1.png\",\"datePublished\":\"2024-02-21T08:57:29+00:00\",\"dateModified\":\"2024-05-09T07:40:04+00:00\",\"breadcrumb\":{\"@id\":\"https:\/\/monitorykomercyjne.pl\/index.php\/produkt\/pkc-ms1b-mobilny-stojak-do-tablicy-interaktywnej-dahua\/#breadcrumb\"},\"inLanguage\":\"pl-PL\",\"potentialAction\":[{\"@type\":\"ReadAction\",\"target\":[\"https:\/\/monitorykomercyjne.pl\/index.php\/produkt\/pkc-ms1b-mobilny-stojak-do-tablicy-interaktywnej-dahua\/\"]}]},{\"@type\":\"ImageObject\",\"inLanguage\":\"pl-PL\",\"@id\":\"https:\/\/monitorykomercyjne.pl\/index.php\/produkt\/pkc-ms1b-mobilny-stojak-do-tablicy-interaktywnej-dahua\/#primaryimage\",\"url\":\"https:\/\/monitorykomercyjne.pl\/wp-content\/uploads\/2024\/02\/PKC-MS1B1-1.png\",\"contentUrl\":\"https:\/\/monitorykomercyjne.pl\/wp-content\/uploads\/2024\/02\/PKC-MS1B1-1.png\",\"width\":1600,\"height\":1600},{\"@type\":\"BreadcrumbList\",\"@id\":\"https:\/\/monitorykomercyjne.pl\/index.php\/produkt\/pkc-ms1b-mobilny-stojak-do-tablicy-interaktywnej-dahua\/#breadcrumb\",\"itemListElement\":[{\"@type\":\"ListItem\",\"position\":1,\"name\":\"Strona g\u0142\u00f3wna\",\"item\":\"https:\/\/monitorykomercyjne.pl\/\"},{\"@type\":\"ListItem\",\"position\":2,\"name\":\"Produkty\",\"item\":\"https:\/\/monitorykomercyjne.pl\/index.php\/produkty\/\"},{\"@type\":\"ListItem\",\"position\":3,\"name\":\"PKC-MS1B &#8211; Mobilny stojak do tablicy interaktywnej DAHUA\"}]},{\"@type\":\"WebSite\",\"@id\":\"https:\/\/monitorykomercyjne.pl\/#website\",\"url\":\"https:\/\/monitorykomercyjne.pl\/\",\"name\":\"Monitory Komercyjne\",\"description\":\"\",\"potentialAction\":[{\"@type\":\"SearchAction\",\"target\":{\"@type\":\"EntryPoint\",\"urlTemplate\":\"https:\/\/monitorykomercyjne.pl\/?s={search_term_string}\"},\"query-input\":\"required name=search_term_string\"}],\"inLanguage\":\"pl-PL\"}]}<\/script>\n<!-- \/ Yoast SEO plugin. -->","yoast_head_json":{"title":"PKC-MS1B - Mobilny stojak do tablicy interaktywnej DAHUA - Monitory Komercyjne Monitory komercyjne","robots":{"index":"index","follow":"follow","max-snippet":"max-snippet:-1","max-image-preview":"max-image-preview:large","max-video-preview":"max-video-preview:-1"},"canonical":"https:\/\/monitorykomercyjne.pl\/index.php\/produkt\/pkc-ms1b-mobilny-stojak-do-tablicy-interaktywnej-dahua\/","og_locale":"pl_PL","og_type":"article","og_title":"PKC-MS1B - Mobilny stojak do tablicy interaktywnej DAHUA - Monitory Komercyjne Monitory komercyjne","og_description":"Stojak mobilny do inteligentnej tablicy interaktywnej. Dzi\u0119ki modu\u0142owej konstrukcji stojak mobilny jest zar\u00f3wno elegancki, jak i bardzo trwa\u0142y. Zosta\u0142 specjalnie zbudowany do u\u017cytku z inteligentn\u0105 tablic\u0105 interaktywn\u0105.  &nbsp;","og_url":"https:\/\/monitorykomercyjne.pl\/index.php\/produkt\/pkc-ms1b-mobilny-stojak-do-tablicy-interaktywnej-dahua\/","og_site_name":"Monitory Komercyjne","article_modified_time":"2024-05-09T07:40:04+00:00","og_image":[{"width":1600,"height":1600,"url":"https:\/\/monitorykomercyjne.pl\/wp-content\/uploads\/2024\/02\/PKC-MS1B1-1.png","type":"image\/png"}],"twitter_card":"summary_large_image","schema":{"@context":"https:\/\/schema.org","@graph":[{"@type":"WebPage","@id":"https:\/\/monitorykomercyjne.pl\/index.php\/produkt\/pkc-ms1b-mobilny-stojak-do-tablicy-interaktywnej-dahua\/","url":"https:\/\/monitorykomercyjne.pl\/index.php\/produkt\/pkc-ms1b-mobilny-stojak-do-tablicy-interaktywnej-dahua\/","name":"PKC-MS1B - Mobilny stojak do tablicy interaktywnej DAHUA - Monitory Komercyjne Monitory komercyjne","isPartOf":{"@id":"https:\/\/monitorykomercyjne.pl\/#website"},"primaryImageOfPage":{"@id":"https:\/\/monitorykomercyjne.pl\/index.php\/produkt\/pkc-ms1b-mobilny-stojak-do-tablicy-interaktywnej-dahua\/#primaryimage"},"image":{"@id":"https:\/\/monitorykomercyjne.pl\/index.php\/produkt\/pkc-ms1b-mobilny-stojak-do-tablicy-interaktywnej-dahua\/#primaryimage"},"thumbnailUrl":"https:\/\/monitorykomercyjne.pl\/wp-content\/uploads\/2024\/02\/PKC-MS1B1-1.png","datePublished":"2024-02-21T08:57:29+00:00","dateModified":"2024-05-09T07:40:04+00:00","breadcrumb":{"@id":"https:\/\/monitorykomercyjne.pl\/index.php\/produkt\/pkc-ms1b-mobilny-stojak-do-tablicy-interaktywnej-dahua\/#breadcrumb"},"inLanguage":"pl-PL","potentialAction":[{"@type":"ReadAction","target":["https:\/\/monitorykomercyjne.pl\/index.php\/produkt\/pkc-ms1b-mobilny-stojak-do-tablicy-interaktywnej-dahua\/"]}]},{"@type":"ImageObject","inLanguage":"pl-PL","@id":"https:\/\/monitorykomercyjne.pl\/index.php\/produkt\/pkc-ms1b-mobilny-stojak-do-tablicy-interaktywnej-dahua\/#primaryimage","url":"https:\/\/monitorykomercyjne.pl\/wp-content\/uploads\/2024\/02\/PKC-MS1B1-1.png","contentUrl":"https:\/\/monitorykomercyjne.pl\/wp-content\/uploads\/2024\/02\/PKC-MS1B1-1.png","width":1600,"height":1600},{"@type":"BreadcrumbList","@id":"https:\/\/monitorykomercyjne.pl\/index.php\/produkt\/pkc-ms1b-mobilny-stojak-do-tablicy-interaktywnej-dahua\/#breadcrumb","itemListElement":[{"@type":"ListItem","position":1,"name":"Strona g\u0142\u00f3wna","item":"https:\/\/monitorykomercyjne.pl\/"},{"@type":"ListItem","position":2,"name":"Produkty","item":"https:\/\/monitorykomercyjne.pl\/index.php\/produkty\/"},{"@type":"ListItem","position":3,"name":"PKC-MS1B &#8211; Mobilny stojak do tablicy interaktywnej DAHUA"}]},{"@type":"WebSite","@id":"https:\/\/monitorykomercyjne.pl\/#website","url":"https:\/\/monitorykomercyjne.pl\/","name":"Monitory Komercyjne","description":"","potentialAction":[{"@type":"SearchAction","target":{"@type":"EntryPoint","urlTemplate":"https:\/\/monitorykomercyjne.pl\/?s={search_term_string}"},"query-input":"required name=search_term_string"}],"inLanguage":"pl-PL"}]}},"brands":[{"id":30,"name":"Dahua","slug":"dahua"}],"_links":{"self":[{"href":"https:\/\/monitorykomercyjne.pl\/index.php\/wp-json\/wp\/v2\/product\/61"}],"collection":[{"href":"https:\/\/monitorykomercyjne.pl\/index.php\/wp-json\/wp\/v2\/product"}],"about":[{"href":"https:\/\/monitorykomercyjne.pl\/index.php\/wp-json\/wp\/v2\/types\/product"}],"wp:featuredmedia":[{"embeddable":true,"href":"https:\/\/monitorykomercyjne.pl\/index.php\/wp-json\/wp\/v2\/media\/90"}],"wp:attachment":[{"href":"https:\/\/monitorykomercyjne.pl\/index.php\/wp-json\/wp\/v2\/media?parent=61"}],"wp:term":[{"taxonomy":"pwb-brand","embeddable":true,"href":"https:\/\/monitorykomercyjne.pl\/index.php\/wp-json\/wp\/v2\/pwb-brand?post=61"},{"taxonomy":"product_cat","embeddable":true,"href":"https:\/\/monitorykomercyjne.pl\/index.php\/wp-json\/wp\/v2\/product_cat?post=61"},{"taxonomy":"product_tag","embeddable":true,"href":"https:\/\/monitorykomercyjne.pl\/index.php\/wp-json\/wp\/v2\/product_tag?post=61"}],"curies":[{"name":"wp","href":"https:\/\/api.w.org\/{rel}","templated":true}]}}