{"id":613,"date":"2024-03-05T11:36:32","date_gmt":"2024-03-05T10:36:32","guid":{"rendered":"https:\/\/monitorykomercyjne.pl\/?post_type=product&#038;p=613"},"modified":"2024-05-09T09:39:48","modified_gmt":"2024-05-09T07:39:48","slug":"nec-led-fe009i2-104-modul-led","status":"publish","type":"product","link":"https:\/\/monitorykomercyjne.pl\/index.php\/produkt\/nec-led-fe009i2-104-modul-led\/","title":{"rendered":"NEC LED-FE009i2-104 &#8211; Modu\u0142 LED"},"content":{"rendered":"<section id=\"overview\" class=\"row\">\n<div class=\"columns medium-6\">\n<p><!-- ossproductdescstart --><\/p>\n<p><b>Wi\u0119ksza szczeg\u00f3\u0142owo\u015b\u0107 i\u00a0wi\u0119kszy realizm w\u00a0uk\u0142adzie panoramicznym<\/b><\/p>\n<p>Ultraszeroki format zapewnia wi\u0119ksz\u0105 przestrze\u0144 na pojedynczej, rozci\u0105gni\u0119tej powierzchni, tworz\u0105c wra\u017cenie zanurzenia w\u00a0obraz.<\/p>\n<p>Ekran ma proporcje 21:9, przez co sprawdza si\u0119 w\u00a0panoramicznych uk\u0142adach wideokonferencji oraz przy korzystaniu z\u00a0wielu okien. Bardzo niewielka plamka w\u00a0modu\u0142ach LED-FE009i2 firmy Sharp\/NEC pracuj\u0105cych pojedynczo lub w\u00a0zespo\u0142ach gwarantuje doskona\u0142e parametry wizualne i\u00a0wysok\u0105 g\u0119sto\u015b\u0107 informacji. Przy wielko\u015bci ekranu 104\u201d mo\u017cna skonfigurowa\u0107 ultraszerok\u0105 powierzchni\u0119 w\u00a0rozdzielczo\u015bci Full\u00a0HD idealnie sprawdzaj\u0105c\u0105 si\u0119 w\u00a0salach konferencyjnych nawet przy ogl\u0105daniu z niewielkiej odleg\u0142o\u015bci.<\/p>\n<p>Dzi\u0119ki nowatorskiej konstrukcji diod IMD typu 4\u00a0w\u00a01 mo\u017cliwe jest wy\u015bwietlanie obrazu o\u00a0wysokiej rozdzielczo\u015bci i\u00a0szczeg\u00f3\u0142owo\u015bci bez przerw w\u00a0postaci ramek lub szczelin, przy zapewnieniu doskona\u0142ych k\u0105t\u00f3w widzenia, r\u00f3wnomiernych, nasyconych barw oraz ponadprzeci\u0119tnej jasno\u015bci. To przek\u0142ada si\u0119 na wra\u017cenie ogl\u0105dania rzeczywistych obiekt\u00f3w.<\/p>\n<p>Seria FE firmy Sharp\/NEC gwarantuje d\u0142ugowieczn\u0105 jako\u015b\u0107 dzi\u0119ki przemys\u0142owym zasilaczom w\u00a0\u0142atwych do monta\u017cu i\u00a0gotowych do u\u017cycia zespo\u0142ach w\u00a0celu zapewnienia bezpiecznej eksploatacji oraz zminimalizowania czas\u00f3w przestoju.<\/p>\n<p><!-- ossproductdescend --><\/p>\n<\/div>\n<div class=\"columns medium-6\">\n<h3>Korzy\u015bci<\/h3>\n<ul>\n<li><b>Bezproblemowa instalacja<\/b> \u2013pakiet rozwi\u0105za\u0144 obejmuje wszystkie elementy potrzebne do zbudowania i\u00a0uruchomienia \u015bciany wideo LED.<\/li>\n<li><b>Wielkoskalowy obraz z\u00a0perfekcyjnymi szczeg\u00f3\u0142ami <\/b> \u2013konstrukcja ca\u0142kowicie pozbawiona ramek oraz wysoki kontrast gwarantuj\u0105 niezapomniane do\u015bwiadczenia wizualne.<\/li>\n<li><b>P\u0142aska konstrukcja<\/b> \u2013p\u0142aska tylna powierzchnia pozwala na umieszczenie modu\u0142\u00f3w LED bezpo\u015brednio przy \u015bcianie, jedynie z minimalnym odst\u0119pem \u2013 r\u00f3wnie\u017c ze wzgl\u0119du na bardzo nisk\u0105 emisj\u0119 ciep\u0142a.<\/li>\n<li><b>Modu\u0142y serwisowane od przodu<\/b> \u2013\u0142atwa konserwacja dzi\u0119ki dost\u0119powi do modu\u0142\u00f3w LED z\u00a0przodu.<\/li>\n<li><b>Doskona\u0142e parametry obrazu<\/b> \u2013wysoki kontrast i\u00a0jasno\u015b\u0107 charakterystyczne dla technologii LED, trwa\u0142o\u015b\u0107 i\u00a0jako\u015b\u0107 od firmy NEC.<\/li>\n<\/ul>\n<\/div>\n<\/section>\n<dl id=\"speciList\" class=\"js-accordion\">\n<dt class=\"js-accordion__toggle accordion__toggle\">WY\u015aWIETLACZ<\/dt>\n<dd class=\"js-accordion__content\">\n<table class=\"datalist datalist--divided-inset\">\n<tbody>\n<tr>\n<td>Konfiguracja pikseli<\/td>\n<td>4-w-1 IMD (czarny)<\/td>\n<\/tr>\n<tr>\n<td>LED type<\/td>\n<td>IMD (1616)<\/td>\n<\/tr>\n<tr>\n<td>Wielko\u015b\u0107 ekranu [cale\/cm]<\/td>\n<td>104 \/ 264<\/td>\n<\/tr>\n<tr>\n<td>Proporcje obrazu<\/td>\n<td>21:9<\/td>\n<\/tr>\n<tr>\n<td>Pixel Pitch [mm]<\/td>\n<td>0.95<\/td>\n<\/tr>\n<tr>\n<td>Jasno\u015b\u0107 (maks.) [cd\/m\u00b2]<\/td>\n<td>600<\/td>\n<\/tr>\n<tr>\n<td>Lifetime<\/td>\n<td>100000 hrs (50% brightness)<\/td>\n<\/tr>\n<tr>\n<td>Kontrast<\/td>\n<td>5000:1<\/td>\n<\/tr>\n<tr>\n<td>K\u0105ty widzenia [\u00b0]<\/td>\n<td>140 w poziomie \/ 140 w pionie<\/td>\n<\/tr>\n<tr>\n<td>Funkcja przyciemniania<\/td>\n<td>256 poziomy<\/td>\n<\/tr>\n<tr>\n<td>Przetwarzanie barw<\/td>\n<td>16 bit<\/td>\n<\/tr>\n<tr>\n<td>Ilo\u015b\u0107 kolor\u00f3w [biliony]<\/td>\n<td>281<\/td>\n<\/tr>\n<tr>\n<td>LED Driving Method<\/td>\n<td>1\/46 dynamic scan<\/td>\n<\/tr>\n<tr>\n<td>Cz\u0119stotliwo\u015b\u0107 od\u015bwie\u017cania [Hz]<\/td>\n<td>50\/60<\/td>\n<\/tr>\n<tr>\n<td>Cz\u0119stotliwo\u015b\u0107 od\u015bwie\u017cania [Hz]<\/td>\n<td>\u2264 3840<\/td>\n<\/tr>\n<tr>\n<td>Temperatura barw [K]<\/td>\n<td>3000 &#8211; 9500<\/td>\n<\/tr>\n<\/tbody>\n<\/table>\n<\/dd>\n<dt class=\"js-accordion__toggle accordion__toggle\">ROZDZIELCZO\u015a\u0106 EKRANU<\/dt>\n<dd class=\"js-accordion__content\">\n<table class=\"datalist datalist--divided-inset\">\n<tbody>\n<tr>\n<td>Rozdzielczo\u015b\u0107<\/td>\n<td>\n<div class=\"productSpecRes productSpecRes--columns\">2560 x 1080<\/div>\n<\/td>\n<\/tr>\n<tr>\n<td>Liczba pikseli na m\u00b2<\/td>\n<td>1108033<\/td>\n<\/tr>\n<tr>\n<td>Liczba pikseli na modu\u0142 [dot]<\/td>\n<td>640 x 360<\/td>\n<\/tr>\n<tr>\n<td>Liczba pikseli na karte [dot]<\/td>\n<td>160 x 180<\/td>\n<\/tr>\n<\/tbody>\n<\/table>\n<\/dd>\n<dt class=\"js-accordion__toggle accordion__toggle\">MO\u017bLIWO\u015aCI POD\u0141\u0104CZANIA<\/dt>\n<dd class=\"js-accordion__content\">\n<table class=\"datalist datalist--divided-inset\">\n<tbody>\n<tr>\n<td>Wej\u015bcia wideo cyfrowe<\/td>\n<td>1 x DisplayPort; 1 x HDMI<\/td>\n<\/tr>\n<tr>\n<td>Input Control<\/td>\n<td>1 x GenLock; 1 x LAN<\/td>\n<\/tr>\n<\/tbody>\n<\/table>\n<\/dd>\n<dt class=\"js-accordion__toggle accordion__toggle\">PARAMETRY ELEKTRYCZNE<\/dt>\n<dd class=\"js-accordion__content\">\n<table class=\"datalist datalist--divided-inset\">\n<tbody>\n<tr>\n<td>Ca\u0142kowite pob\u00f3r mocy [W]<\/td>\n<td>960 typ. \/ 1800 maxs.<\/td>\n<\/tr>\n<tr>\n<td>Pob\u00f3r mocy typ. [W]<\/td>\n<td>380 per m\u00b2 (normal use)<\/td>\n<\/tr>\n<tr>\n<td>Pob\u00f3r mocy [W] maks. [W]<\/td>\n<td>720 per m\u00b2<\/td>\n<\/tr>\n<\/tbody>\n<\/table>\n<\/dd>\n<dt class=\"js-accordion__toggle accordion__toggle\">WARUNKI OTOCZENIA<\/dt>\n<dd class=\"js-accordion__content\">\n<table class=\"datalist datalist--divided-inset\">\n<tbody>\n<tr>\n<td>Temperatura otoczenia podczes pracy [\u00b0C]<\/td>\n<td>-20 do 40<\/td>\n<\/tr>\n<tr>\n<td>Wilgotno\u015b\u0107 otoczenia podczas pracy [%]<\/td>\n<td>10 do 80<\/td>\n<\/tr>\n<\/tbody>\n<\/table>\n<\/dd>\n<dt class=\"js-accordion__toggle accordion__toggle\">PARAMETRY MECHANICZNE<\/dt>\n<dd class=\"js-accordion__content\">\n<table class=\"datalist datalist--divided-inset\">\n<tbody>\n<tr>\n<td>Wymiary [mm] na modu\u0142<\/td>\n<td>608 x 342 x 49<\/td>\n<\/tr>\n<tr>\n<td>Wymiary [mm]<\/td>\n<td>2,472 x 1,066 x 82<\/td>\n<\/tr>\n<tr>\n<td>Waga [kg]<\/td>\n<td>115.6<\/td>\n<\/tr>\n<\/tbody>\n<\/table>\n<\/dd>\n<dt class=\"js-accordion__toggle accordion__toggle\">DODATKOWE FUNKCJE<\/dt>\n<dd class=\"js-accordion__content\">\n<table class=\"datalist datalist--divided-inset\">\n<tbody>\n<tr>\n<td>Zawarto\u015b\u0107 opakowania<\/td>\n<td>1x LED Controller; LED Modules (12 Cabinets, 96 Pixel Cards); Pixel Card Removal Tool; Spare Parts Kit; Zestaw do monta\u017cu na \u015bcianie (4&#215;3); Zestaw ram (4&#215;3)<\/td>\n<\/tr>\n<tr>\n<td>Cechy Specjalne<\/td>\n<td>Bezkablowe z\u0142\u0105cze danych i zasilania; Konstrukcja z diodami montowanymi powierzchniowo (SMD) o r\u00f3wnej p\u0142aszczy\u017anie; Konstrukcja z diodami montowanymi powierzchniowo (SMD) odporna na wilgo\u0107; Pojedyncza karta odbioru danych; Pojedynczy zasilacz<\/td>\n<\/tr>\n<tr>\n<td>Manufacturer<\/td>\n<td>NEC<\/td>\n<\/tr>\n<tr>\n<td>Serviceability<\/td>\n<td>Front Service<\/td>\n<\/tr>\n<tr>\n<td>IP<\/td>\n<td>IP20<\/td>\n<\/tr>\n<tr>\n<td>Certyfikacja<\/td>\n<td>CE; ETL; FCC Class A; RoHS<\/td>\n<\/tr>\n<tr>\n<td>Gwarancja<\/td>\n<td>3 lata<\/td>\n<\/tr>\n<tr>\n<td>Materia\u0142<\/td>\n<td>Aluminiowa obudowa<\/td>\n<\/tr>\n<\/tbody>\n<\/table>\n<\/dd>\n<\/dl>\n","protected":false},"excerpt":{"rendered":"<div class=\"columns medium-6 product-features\">\n<table class=\"datalist datalist--divided-fullwidth\">\n<tbody>\n<tr>\n<td>Rozstaw pikseli [mm]<\/td>\n<td>0,9<\/td>\n<\/tr>\n<tr>\n<td>Jasno\u015b\u0107  [cd\/m\u00b2]<\/td>\n<td>600<\/td>\n<\/tr>\n<tr>\n<td>Format obrazu<\/td>\n<td>21:9<\/td>\n<\/tr>\n<tr>\n<td>Kod produktu<\/td>\n<td>81000450<\/td>\n<\/tr>\n<\/tbody>\n<\/table>\n<\/div>\n","protected":false},"featured_media":614,"template":"","meta":{"inline_featured_image":false,"neve_meta_sidebar":"","neve_meta_container":"","neve_meta_enable_content_width":"off","neve_meta_content_width":100,"neve_meta_title_alignment":"","neve_meta_author_avatar":"","neve_post_elements_order":"","neve_meta_disable_header":"","neve_meta_disable_footer":"","neve_meta_disable_title":""},"pwb-brand":[28],"product_cat":[26],"product_tag":[],"yoast_head":"<!-- This site is optimized with the Yoast SEO plugin v22.6 - https:\/\/yoast.com\/wordpress\/plugins\/seo\/ -->\n<title>NEC LED-FE009i2-104 - Modu\u0142 LED - Monitory Komercyjne Monitory komercyjne<\/title>\n<meta name=\"robots\" content=\"index, follow, max-snippet:-1, max-image-preview:large, max-video-preview:-1\" \/>\n<link rel=\"canonical\" href=\"https:\/\/monitorykomercyjne.pl\/index.php\/produkt\/nec-led-fe009i2-104-modul-led\/\" \/>\n<meta property=\"og:locale\" content=\"pl_PL\" \/>\n<meta property=\"og:type\" content=\"article\" \/>\n<meta property=\"og:title\" content=\"NEC LED-FE009i2-104 - Modu\u0142 LED - Monitory Komercyjne Monitory komercyjne\" \/>\n<meta property=\"og:description\" content=\"Rozstaw pikseli [mm]0,9Jasno\u015b\u0107 [cd\/m\u00b2]600Format obrazu21:9Kod produktu81000450\" \/>\n<meta property=\"og:url\" content=\"https:\/\/monitorykomercyjne.pl\/index.php\/produkt\/nec-led-fe009i2-104-modul-led\/\" \/>\n<meta property=\"og:site_name\" content=\"Monitory Komercyjne\" \/>\n<meta property=\"article:modified_time\" content=\"2024-05-09T07:39:48+00:00\" \/>\n<meta property=\"og:image\" content=\"https:\/\/monitorykomercyjne.pl\/wp-content\/uploads\/2024\/03\/NEC-LED-FE009i2-1041.jpg\" \/>\n\t<meta property=\"og:image:width\" content=\"1600\" \/>\n\t<meta property=\"og:image:height\" content=\"1200\" \/>\n\t<meta property=\"og:image:type\" content=\"image\/jpeg\" \/>\n<meta name=\"twitter:card\" content=\"summary_large_image\" \/>\n<meta name=\"twitter:label1\" content=\"Szacowany czas czytania\" \/>\n\t<meta name=\"twitter:data1\" content=\"3 minuty\" \/>\n<script type=\"application\/ld+json\" class=\"yoast-schema-graph\">{\"@context\":\"https:\/\/schema.org\",\"@graph\":[{\"@type\":\"WebPage\",\"@id\":\"https:\/\/monitorykomercyjne.pl\/index.php\/produkt\/nec-led-fe009i2-104-modul-led\/\",\"url\":\"https:\/\/monitorykomercyjne.pl\/index.php\/produkt\/nec-led-fe009i2-104-modul-led\/\",\"name\":\"NEC LED-FE009i2-104 - Modu\u0142 LED - Monitory Komercyjne Monitory komercyjne\",\"isPartOf\":{\"@id\":\"https:\/\/monitorykomercyjne.pl\/#website\"},\"primaryImageOfPage\":{\"@id\":\"https:\/\/monitorykomercyjne.pl\/index.php\/produkt\/nec-led-fe009i2-104-modul-led\/#primaryimage\"},\"image\":{\"@id\":\"https:\/\/monitorykomercyjne.pl\/index.php\/produkt\/nec-led-fe009i2-104-modul-led\/#primaryimage\"},\"thumbnailUrl\":\"https:\/\/monitorykomercyjne.pl\/wp-content\/uploads\/2024\/03\/NEC-LED-FE009i2-1041.jpg\",\"datePublished\":\"2024-03-05T10:36:32+00:00\",\"dateModified\":\"2024-05-09T07:39:48+00:00\",\"breadcrumb\":{\"@id\":\"https:\/\/monitorykomercyjne.pl\/index.php\/produkt\/nec-led-fe009i2-104-modul-led\/#breadcrumb\"},\"inLanguage\":\"pl-PL\",\"potentialAction\":[{\"@type\":\"ReadAction\",\"target\":[\"https:\/\/monitorykomercyjne.pl\/index.php\/produkt\/nec-led-fe009i2-104-modul-led\/\"]}]},{\"@type\":\"ImageObject\",\"inLanguage\":\"pl-PL\",\"@id\":\"https:\/\/monitorykomercyjne.pl\/index.php\/produkt\/nec-led-fe009i2-104-modul-led\/#primaryimage\",\"url\":\"https:\/\/monitorykomercyjne.pl\/wp-content\/uploads\/2024\/03\/NEC-LED-FE009i2-1041.jpg\",\"contentUrl\":\"https:\/\/monitorykomercyjne.pl\/wp-content\/uploads\/2024\/03\/NEC-LED-FE009i2-1041.jpg\",\"width\":1600,\"height\":1200},{\"@type\":\"BreadcrumbList\",\"@id\":\"https:\/\/monitorykomercyjne.pl\/index.php\/produkt\/nec-led-fe009i2-104-modul-led\/#breadcrumb\",\"itemListElement\":[{\"@type\":\"ListItem\",\"position\":1,\"name\":\"Strona g\u0142\u00f3wna\",\"item\":\"https:\/\/monitorykomercyjne.pl\/\"},{\"@type\":\"ListItem\",\"position\":2,\"name\":\"Produkty\",\"item\":\"https:\/\/monitorykomercyjne.pl\/index.php\/produkty\/\"},{\"@type\":\"ListItem\",\"position\":3,\"name\":\"NEC LED-FE009i2-104 &#8211; Modu\u0142 LED\"}]},{\"@type\":\"WebSite\",\"@id\":\"https:\/\/monitorykomercyjne.pl\/#website\",\"url\":\"https:\/\/monitorykomercyjne.pl\/\",\"name\":\"Monitory Komercyjne\",\"description\":\"\",\"potentialAction\":[{\"@type\":\"SearchAction\",\"target\":{\"@type\":\"EntryPoint\",\"urlTemplate\":\"https:\/\/monitorykomercyjne.pl\/?s={search_term_string}\"},\"query-input\":\"required name=search_term_string\"}],\"inLanguage\":\"pl-PL\"}]}<\/script>\n<!-- \/ Yoast SEO plugin. -->","yoast_head_json":{"title":"NEC LED-FE009i2-104 - Modu\u0142 LED - Monitory Komercyjne Monitory komercyjne","robots":{"index":"index","follow":"follow","max-snippet":"max-snippet:-1","max-image-preview":"max-image-preview:large","max-video-preview":"max-video-preview:-1"},"canonical":"https:\/\/monitorykomercyjne.pl\/index.php\/produkt\/nec-led-fe009i2-104-modul-led\/","og_locale":"pl_PL","og_type":"article","og_title":"NEC LED-FE009i2-104 - Modu\u0142 LED - Monitory Komercyjne Monitory komercyjne","og_description":"Rozstaw pikseli [mm]0,9Jasno\u015b\u0107 [cd\/m\u00b2]600Format obrazu21:9Kod produktu81000450","og_url":"https:\/\/monitorykomercyjne.pl\/index.php\/produkt\/nec-led-fe009i2-104-modul-led\/","og_site_name":"Monitory Komercyjne","article_modified_time":"2024-05-09T07:39:48+00:00","og_image":[{"width":1600,"height":1200,"url":"https:\/\/monitorykomercyjne.pl\/wp-content\/uploads\/2024\/03\/NEC-LED-FE009i2-1041.jpg","type":"image\/jpeg"}],"twitter_card":"summary_large_image","twitter_misc":{"Szacowany czas czytania":"3 minuty"},"schema":{"@context":"https:\/\/schema.org","@graph":[{"@type":"WebPage","@id":"https:\/\/monitorykomercyjne.pl\/index.php\/produkt\/nec-led-fe009i2-104-modul-led\/","url":"https:\/\/monitorykomercyjne.pl\/index.php\/produkt\/nec-led-fe009i2-104-modul-led\/","name":"NEC LED-FE009i2-104 - Modu\u0142 LED - Monitory Komercyjne Monitory komercyjne","isPartOf":{"@id":"https:\/\/monitorykomercyjne.pl\/#website"},"primaryImageOfPage":{"@id":"https:\/\/monitorykomercyjne.pl\/index.php\/produkt\/nec-led-fe009i2-104-modul-led\/#primaryimage"},"image":{"@id":"https:\/\/monitorykomercyjne.pl\/index.php\/produkt\/nec-led-fe009i2-104-modul-led\/#primaryimage"},"thumbnailUrl":"https:\/\/monitorykomercyjne.pl\/wp-content\/uploads\/2024\/03\/NEC-LED-FE009i2-1041.jpg","datePublished":"2024-03-05T10:36:32+00:00","dateModified":"2024-05-09T07:39:48+00:00","breadcrumb":{"@id":"https:\/\/monitorykomercyjne.pl\/index.php\/produkt\/nec-led-fe009i2-104-modul-led\/#breadcrumb"},"inLanguage":"pl-PL","potentialAction":[{"@type":"ReadAction","target":["https:\/\/monitorykomercyjne.pl\/index.php\/produkt\/nec-led-fe009i2-104-modul-led\/"]}]},{"@type":"ImageObject","inLanguage":"pl-PL","@id":"https:\/\/monitorykomercyjne.pl\/index.php\/produkt\/nec-led-fe009i2-104-modul-led\/#primaryimage","url":"https:\/\/monitorykomercyjne.pl\/wp-content\/uploads\/2024\/03\/NEC-LED-FE009i2-1041.jpg","contentUrl":"https:\/\/monitorykomercyjne.pl\/wp-content\/uploads\/2024\/03\/NEC-LED-FE009i2-1041.jpg","width":1600,"height":1200},{"@type":"BreadcrumbList","@id":"https:\/\/monitorykomercyjne.pl\/index.php\/produkt\/nec-led-fe009i2-104-modul-led\/#breadcrumb","itemListElement":[{"@type":"ListItem","position":1,"name":"Strona g\u0142\u00f3wna","item":"https:\/\/monitorykomercyjne.pl\/"},{"@type":"ListItem","position":2,"name":"Produkty","item":"https:\/\/monitorykomercyjne.pl\/index.php\/produkty\/"},{"@type":"ListItem","position":3,"name":"NEC LED-FE009i2-104 &#8211; Modu\u0142 LED"}]},{"@type":"WebSite","@id":"https:\/\/monitorykomercyjne.pl\/#website","url":"https:\/\/monitorykomercyjne.pl\/","name":"Monitory Komercyjne","description":"","potentialAction":[{"@type":"SearchAction","target":{"@type":"EntryPoint","urlTemplate":"https:\/\/monitorykomercyjne.pl\/?s={search_term_string}"},"query-input":"required name=search_term_string"}],"inLanguage":"pl-PL"}]}},"brands":[{"id":28,"name":"SharpNEC","slug":"sharpnec"}],"_links":{"self":[{"href":"https:\/\/monitorykomercyjne.pl\/index.php\/wp-json\/wp\/v2\/product\/613"}],"collection":[{"href":"https:\/\/monitorykomercyjne.pl\/index.php\/wp-json\/wp\/v2\/product"}],"about":[{"href":"https:\/\/monitorykomercyjne.pl\/index.php\/wp-json\/wp\/v2\/types\/product"}],"wp:featuredmedia":[{"embeddable":true,"href":"https:\/\/monitorykomercyjne.pl\/index.php\/wp-json\/wp\/v2\/media\/614"}],"wp:attachment":[{"href":"https:\/\/monitorykomercyjne.pl\/index.php\/wp-json\/wp\/v2\/media?parent=613"}],"wp:term":[{"taxonomy":"pwb-brand","embeddable":true,"href":"https:\/\/monitorykomercyjne.pl\/index.php\/wp-json\/wp\/v2\/pwb-brand?post=613"},{"taxonomy":"product_cat","embeddable":true,"href":"https:\/\/monitorykomercyjne.pl\/index.php\/wp-json\/wp\/v2\/product_cat?post=613"},{"taxonomy":"product_tag","embeddable":true,"href":"https:\/\/monitorykomercyjne.pl\/index.php\/wp-json\/wp\/v2\/product_tag?post=613"}],"curies":[{"name":"wp","href":"https:\/\/api.w.org\/{rel}","templated":true}]}}