{"id":636,"date":"2024-03-05T12:51:42","date_gmt":"2024-03-05T11:51:42","guid":{"rendered":"https:\/\/monitorykomercyjne.pl\/?post_type=product&#038;p=636"},"modified":"2024-05-09T09:39:47","modified_gmt":"2024-05-09T07:39:47","slug":"nec-led-q039e2-modul-led","status":"publish","type":"product","link":"https:\/\/monitorykomercyjne.pl\/index.php\/produkt\/nec-led-q039e2-modul-led\/","title":{"rendered":"NEC LED-Q039e2 &#8211; Modu\u0142 LED"},"content":{"rendered":"<section class=\"row\" id=\"overview\">\n<div class=\"columns medium-6\"><!-- ossproductdescstart --><\/p>\n<p><b>Wyj\u0105tkowa jako\u015b\u0107 wy\u015bwietlania i\u00a0maksymalna wszechstronno\u015b\u0107<\/b><\/p>\n<p>Wy\u015bwietlacze zewn\u0119trzne Sharp\/NEC Direct View LED z\u00a0serii Q zaprojektowano w\u00a0celu zapewnienia wysokiej jasno\u015bci i\u00a0jako\u015bci obrazowania na wolnym powietrzu. Stopie\u0144 ochrony IP65 oznacza, \u017ce urz\u0105dzenie mo\u017ce pracowa\u0107 w\u00a0trudnych warunkach \u015brodowiskowych. Opcje rozstawu pikseli o\u00a0warto\u015bci 2,8\u00a0mm, 3,9\u00a0mm, 4,8\u00a0mm, 5,9 mm\u00a0i 7,8 mm\u00a0umo\u017cliwiaj\u0105 optymalne dostosowanie rozdzielczo\u015bci w\u00a0zale\u017cno\u015bci od odleg\u0142o\u015bci prezentowania odbiorcom.<\/p>\n<p>Wy\u015bwietlacz zewn\u0119trzny z\u00a0serii Q zbudowano do prezentowania tre\u015bci wizualnych o\u00a0\u017cywych kolorach nawet w\u00a0najtrudniejszych warunkach zewn\u0119trznych. Kwadratowy format i\u00a0modu\u0142owa konstrukcja oznacza, \u017ce urz\u0105dzenia mo\u017cna skalowa\u0107 do\u00a0dowolnego formatu, tworz\u0105c kreatywne instalacje.<\/p>\n<p>Konstrukcja umo\u017cliwiaj\u0105ca szybkie i\u00a0nieskomplikowane serwisowanie od przodu lub od ty\u0142u sprzyja ograniczeniu przestoj\u00f3w. Wy\u015bwietlacze zewn\u0119trzne dvLED z\u00a0serii Q to\u00a0idealne rozwi\u0105zanie na\u00a0potrzeby wydarze\u0144 na\u00a0wolnym powietrzu, reklamy zewn\u0119trznej oraz wy\u015bwietlania informacji na\u00a0lotniskach, w\u00a0poci\u0105gach i\u00a0na dworach autobusowych.<\/p>\n<p><!-- ossproductdescend --><\/div>\n<div class=\"columns medium-6\">\n<h3>Korzy\u015bci<\/h3>\n<ul>\n<li><b>Produkt wysokiej jako\u015bci<\/b> \u2013najwy\u017cszej jako\u015bci produkt w technologii Direct View LED, zaprojektowany i przetestowany w Niemczech.<\/li>\n<li><b>Wielkoskalowy obraz z\u00a0perfekcyjnymi szczeg\u00f3\u0142ami <\/b> \u2013konstrukcja ca\u0142kowicie pozbawiona ramek oraz wysoki kontrast gwarantuj\u0105 niezapomniane do\u015bwiadczenia wizualne. <\/li>\n<li><b>Wszechstronno\u015b\u0107 i skalowalnie<\/b> \u2013modu\u0142y o proporcjach obrazu 1:1 mo\u017cna stosowa\u0107 na wiele r\u00f3\u017cnych sposob\u00f3w zgodnych z zapotrzebowaniem.<\/li>\n<li><b>Swobodna praca na wolnym powietrzu<\/b> \u2013dzi\u0119ki zastosowaniu obudowy o klasie szczelno\u015bci IP65 urz\u0105dzenie jest w pe\u0142ni chronione przed wilgoci\u0105 i cia\u0142ami obcymi. Zakres temperatur roboczych otoczenia wynosi od -30\u00b0C do +50\u00b0C. <\/li>\n<li><b>\u015awietna czytelno\u015b\u0107 w\u00a0jasnym otoczeniu<\/b> \u2013wysoka jasno\u015b\u0107 a\u017c do 5\u00a0500\u00a0cd\/m\u00b2 w\u00a0po\u0142\u0105czeniu z\u00a0szerokimi k\u0105tami patrzenia pozwalaj\u0105 przedstawi\u0107 widzom czytelny obraz nawet w\u00a0zmiennych i\u00a0trudnych warunkach otoczenia. <\/li>\n<\/ul>\n<\/div>\n<\/section>\n<dl class=\"js-accordion\" id=\"speciList\">\n<dt class=\"js-accordion__toggle accordion__toggle\">WY\u015aWIETLACZ<span class=\"icon icon--arrow-d-dark\"><\/span><\/dt>\n<dd class=\"js-accordion__content\">\n<table class=\"datalist datalist--divided-inset\">\n<tbody>\n<tr>\n<td>Konfiguracja pikseli<\/td>\n<td>3-w-1 SMD (bia\u0142y)<\/td>\n<\/tr>\n<tr>\n<td>LED type<\/td>\n<td>SMD (1921)<\/td>\n<\/tr>\n<tr>\n<td>Pixel Pitch [mm]<\/td>\n<td>3.9<\/td>\n<\/tr>\n<tr>\n<td>Jasno\u015b\u0107 (maks.) [cd\/m\u00b2]<\/td>\n<td>5500<\/td>\n<\/tr>\n<tr>\n<td>Lifetime <\/td>\n<td>100000 hrs (50% brightness)<\/td>\n<\/tr>\n<tr>\n<td>Kontrast<\/td>\n<td>6000:1<\/td>\n<\/tr>\n<tr>\n<td>K\u0105ty widzenia [\u00b0]<\/td>\n<td>140 w poziomie \/ 120 w pionie<\/td>\n<\/tr>\n<tr>\n<td>Funkcja przyciemniania<\/td>\n<td>256 poziomy<\/td>\n<\/tr>\n<tr>\n<td>Przetwarzanie barw<\/td>\n<td>16 bit<\/td>\n<\/tr>\n<tr>\n<td>Ilo\u015b\u0107 kolor\u00f3w [biliony]<\/td>\n<td>281 trillion<\/td>\n<\/tr>\n<tr>\n<td>LED Driving Method<\/td>\n<td>1\/16 dynamic scan<\/td>\n<\/tr>\n<tr>\n<td>Cz\u0119stotliwo\u015b\u0107 od\u015bwie\u017cania [Hz]<\/td>\n<td>\u2264 3840<\/td>\n<\/tr>\n<tr>\n<td>Temperatura barw [K]<\/td>\n<td>3000 &#8211; 9500<\/td>\n<\/tr>\n<\/tbody>\n<\/table>\n<\/dd>\n<dt class=\"js-accordion__toggle accordion__toggle\">ROZDZIELCZO\u015a\u0106 EKRANU<span class=\"icon icon--arrow-d-dark\"><\/span><\/dt>\n<dd class=\"js-accordion__content\">\n<table class=\"datalist datalist--divided-inset\">\n<tbody>\n<tr>\n<td>Liczba pikseli na m\u00b2<\/td>\n<td>65536<\/td>\n<\/tr>\n<tr>\n<td>Liczba pikseli na modu\u0142 [dot]<\/td>\n<td>128 x 128<\/td>\n<\/tr>\n<tr>\n<td>Liczba pikseli na karte [dot]<\/td>\n<td>64 x 64<\/td>\n<\/tr>\n<\/tbody>\n<\/table>\n<\/dd>\n<dt class=\"js-accordion__toggle accordion__toggle\">PARAMETRY ELEKTRYCZNE<span class=\"icon icon--arrow-d-dark\"><\/span><\/dt>\n<dd class=\"js-accordion__content\">\n<table class=\"datalist datalist--divided-inset\">\n<tbody>\n<tr>\n<td>Pob\u00f3r mocy typ. [W]<\/td>\n<td>240 per m\u00b2 (normal use)<\/td>\n<\/tr>\n<tr>\n<td>Pob\u00f3r mocy [W] maks. [W]<\/td>\n<td>640 per m\u00b2<\/td>\n<\/tr>\n<\/tbody>\n<\/table>\n<\/dd>\n<dt class=\"js-accordion__toggle accordion__toggle\">WARUNKI OTOCZENIA<span class=\"icon icon--arrow-d-dark\"><\/span><\/dt>\n<dd class=\"js-accordion__content\">\n<table class=\"datalist datalist--divided-inset\">\n<tbody>\n<tr>\n<td>Temperatura otoczenia podczes pracy [\u00b0C]<\/td>\n<td>-30 do 50<\/td>\n<\/tr>\n<tr>\n<td>Wilgotno\u015b\u0107 otoczenia podczas pracy [%]<\/td>\n<td>10 do 90<\/td>\n<\/tr>\n<\/tbody>\n<\/table>\n<\/dd>\n<dt class=\"js-accordion__toggle accordion__toggle\">PARAMETRY MECHANICZNE<span class=\"icon icon--arrow-d-dark\"><\/span><\/dt>\n<dd class=\"js-accordion__content\">\n<table class=\"datalist datalist--divided-inset\">\n<tbody>\n<tr>\n<td>Wymiary [mm] na modu\u0142<\/td>\n<td>500 x 500 x 70<\/td>\n<\/tr>\n<tr>\n<td>Waga [kg]<\/td>\n<td>8.5<\/td>\n<\/tr>\n<\/tbody>\n<\/table>\n<\/dd>\n<dt class=\"js-accordion__toggle accordion__toggle\">DODATKOWE FUNKCJE<span class=\"icon icon--arrow-d-dark\"><\/span><\/dt>\n<dd class=\"js-accordion__content\">\n<table class=\"datalist datalist--divided-inset\">\n<tbody>\n<tr>\n<td>Manufacturer<\/td>\n<td>NEC<\/td>\n<\/tr>\n<tr>\n<td>Serviceability<\/td>\n<td>front Service;  rear accessibility<\/td>\n<\/tr>\n<tr>\n<td>IP<\/td>\n<td>IP65<\/td>\n<\/tr>\n<tr>\n<td>Certyfikacja<\/td>\n<td>CE; ETL; FCC Class A; RoHS<\/td>\n<\/tr>\n<tr>\n<td>Gwarancja<\/td>\n<td>2 lata<\/td>\n<\/tr>\n<\/tbody>\n<\/table>\n<\/dd>\n<\/dl>\n","protected":false},"excerpt":{"rendered":"<div class=\"columns medium-6 product-features\">\n<table class=\"datalist datalist--divided-fullwidth\">\n<tbody>\n<tr>\n<td>Rozstaw pikseli [mm]<\/td>\n<td>3,9<\/td>\n<\/tr>\n<tr>\n<td>Jasno\u015b\u0107  [cd\/m\u00b2]<\/td>\n<td>5500<\/td>\n<\/tr>\n<tr>\n<td>Format obrazu<\/td>\n<td>1:1<\/td>\n<\/tr>\n<tr>\n<td>Kod produktu<\/td>\n<td>80000028<\/td>\n<\/tr>\n<\/tbody>\n<\/table>\n<\/div>\n","protected":false},"featured_media":634,"template":"","meta":{"inline_featured_image":false,"neve_meta_sidebar":"","neve_meta_container":"","neve_meta_enable_content_width":"off","neve_meta_content_width":100,"neve_meta_title_alignment":"","neve_meta_author_avatar":"","neve_post_elements_order":"","neve_meta_disable_header":"","neve_meta_disable_footer":"","neve_meta_disable_title":""},"pwb-brand":[28],"product_cat":[26],"product_tag":[],"yoast_head":"<!-- This site is optimized with the Yoast SEO plugin v22.6 - https:\/\/yoast.com\/wordpress\/plugins\/seo\/ -->\n<title>NEC LED-Q039e2 - Modu\u0142 LED - Monitory Komercyjne Monitory komercyjne<\/title>\n<meta name=\"robots\" content=\"index, follow, max-snippet:-1, max-image-preview:large, max-video-preview:-1\" \/>\n<link rel=\"canonical\" href=\"https:\/\/monitorykomercyjne.pl\/index.php\/produkt\/nec-led-q039e2-modul-led\/\" \/>\n<meta property=\"og:locale\" content=\"pl_PL\" \/>\n<meta property=\"og:type\" content=\"article\" \/>\n<meta property=\"og:title\" content=\"NEC LED-Q039e2 - Modu\u0142 LED - Monitory Komercyjne Monitory komercyjne\" \/>\n<meta property=\"og:description\" content=\"Rozstaw pikseli [mm]3,9Jasno\u015b\u0107 [cd\/m\u00b2]5500Format obrazu1:1Kod produktu80000028\" \/>\n<meta property=\"og:url\" content=\"https:\/\/monitorykomercyjne.pl\/index.php\/produkt\/nec-led-q039e2-modul-led\/\" \/>\n<meta property=\"og:site_name\" content=\"Monitory Komercyjne\" \/>\n<meta property=\"article:modified_time\" content=\"2024-05-09T07:39:47+00:00\" \/>\n<meta property=\"og:image\" content=\"https:\/\/monitorykomercyjne.pl\/wp-content\/uploads\/2024\/03\/NEC-LED-Q028e21.jpg\" \/>\n\t<meta property=\"og:image:width\" content=\"1600\" \/>\n\t<meta property=\"og:image:height\" content=\"1200\" \/>\n\t<meta property=\"og:image:type\" content=\"image\/jpeg\" \/>\n<meta name=\"twitter:card\" content=\"summary_large_image\" \/>\n<meta name=\"twitter:label1\" content=\"Szacowany czas czytania\" \/>\n\t<meta name=\"twitter:data1\" content=\"2 minuty\" \/>\n<script type=\"application\/ld+json\" class=\"yoast-schema-graph\">{\"@context\":\"https:\/\/schema.org\",\"@graph\":[{\"@type\":\"WebPage\",\"@id\":\"https:\/\/monitorykomercyjne.pl\/index.php\/produkt\/nec-led-q039e2-modul-led\/\",\"url\":\"https:\/\/monitorykomercyjne.pl\/index.php\/produkt\/nec-led-q039e2-modul-led\/\",\"name\":\"NEC LED-Q039e2 - Modu\u0142 LED - Monitory Komercyjne Monitory komercyjne\",\"isPartOf\":{\"@id\":\"https:\/\/monitorykomercyjne.pl\/#website\"},\"primaryImageOfPage\":{\"@id\":\"https:\/\/monitorykomercyjne.pl\/index.php\/produkt\/nec-led-q039e2-modul-led\/#primaryimage\"},\"image\":{\"@id\":\"https:\/\/monitorykomercyjne.pl\/index.php\/produkt\/nec-led-q039e2-modul-led\/#primaryimage\"},\"thumbnailUrl\":\"https:\/\/monitorykomercyjne.pl\/wp-content\/uploads\/2024\/03\/NEC-LED-Q028e21.jpg\",\"datePublished\":\"2024-03-05T11:51:42+00:00\",\"dateModified\":\"2024-05-09T07:39:47+00:00\",\"breadcrumb\":{\"@id\":\"https:\/\/monitorykomercyjne.pl\/index.php\/produkt\/nec-led-q039e2-modul-led\/#breadcrumb\"},\"inLanguage\":\"pl-PL\",\"potentialAction\":[{\"@type\":\"ReadAction\",\"target\":[\"https:\/\/monitorykomercyjne.pl\/index.php\/produkt\/nec-led-q039e2-modul-led\/\"]}]},{\"@type\":\"ImageObject\",\"inLanguage\":\"pl-PL\",\"@id\":\"https:\/\/monitorykomercyjne.pl\/index.php\/produkt\/nec-led-q039e2-modul-led\/#primaryimage\",\"url\":\"https:\/\/monitorykomercyjne.pl\/wp-content\/uploads\/2024\/03\/NEC-LED-Q028e21.jpg\",\"contentUrl\":\"https:\/\/monitorykomercyjne.pl\/wp-content\/uploads\/2024\/03\/NEC-LED-Q028e21.jpg\",\"width\":1600,\"height\":1200},{\"@type\":\"BreadcrumbList\",\"@id\":\"https:\/\/monitorykomercyjne.pl\/index.php\/produkt\/nec-led-q039e2-modul-led\/#breadcrumb\",\"itemListElement\":[{\"@type\":\"ListItem\",\"position\":1,\"name\":\"Strona g\u0142\u00f3wna\",\"item\":\"https:\/\/monitorykomercyjne.pl\/\"},{\"@type\":\"ListItem\",\"position\":2,\"name\":\"Produkty\",\"item\":\"https:\/\/monitorykomercyjne.pl\/index.php\/produkty\/\"},{\"@type\":\"ListItem\",\"position\":3,\"name\":\"NEC LED-Q039e2 &#8211; Modu\u0142 LED\"}]},{\"@type\":\"WebSite\",\"@id\":\"https:\/\/monitorykomercyjne.pl\/#website\",\"url\":\"https:\/\/monitorykomercyjne.pl\/\",\"name\":\"Monitory Komercyjne\",\"description\":\"\",\"potentialAction\":[{\"@type\":\"SearchAction\",\"target\":{\"@type\":\"EntryPoint\",\"urlTemplate\":\"https:\/\/monitorykomercyjne.pl\/?s={search_term_string}\"},\"query-input\":\"required name=search_term_string\"}],\"inLanguage\":\"pl-PL\"}]}<\/script>\n<!-- \/ Yoast SEO plugin. -->","yoast_head_json":{"title":"NEC LED-Q039e2 - Modu\u0142 LED - Monitory Komercyjne Monitory komercyjne","robots":{"index":"index","follow":"follow","max-snippet":"max-snippet:-1","max-image-preview":"max-image-preview:large","max-video-preview":"max-video-preview:-1"},"canonical":"https:\/\/monitorykomercyjne.pl\/index.php\/produkt\/nec-led-q039e2-modul-led\/","og_locale":"pl_PL","og_type":"article","og_title":"NEC LED-Q039e2 - Modu\u0142 LED - Monitory Komercyjne Monitory komercyjne","og_description":"Rozstaw pikseli [mm]3,9Jasno\u015b\u0107 [cd\/m\u00b2]5500Format obrazu1:1Kod produktu80000028","og_url":"https:\/\/monitorykomercyjne.pl\/index.php\/produkt\/nec-led-q039e2-modul-led\/","og_site_name":"Monitory Komercyjne","article_modified_time":"2024-05-09T07:39:47+00:00","og_image":[{"width":1600,"height":1200,"url":"https:\/\/monitorykomercyjne.pl\/wp-content\/uploads\/2024\/03\/NEC-LED-Q028e21.jpg","type":"image\/jpeg"}],"twitter_card":"summary_large_image","twitter_misc":{"Szacowany czas czytania":"2 minuty"},"schema":{"@context":"https:\/\/schema.org","@graph":[{"@type":"WebPage","@id":"https:\/\/monitorykomercyjne.pl\/index.php\/produkt\/nec-led-q039e2-modul-led\/","url":"https:\/\/monitorykomercyjne.pl\/index.php\/produkt\/nec-led-q039e2-modul-led\/","name":"NEC LED-Q039e2 - Modu\u0142 LED - Monitory Komercyjne Monitory komercyjne","isPartOf":{"@id":"https:\/\/monitorykomercyjne.pl\/#website"},"primaryImageOfPage":{"@id":"https:\/\/monitorykomercyjne.pl\/index.php\/produkt\/nec-led-q039e2-modul-led\/#primaryimage"},"image":{"@id":"https:\/\/monitorykomercyjne.pl\/index.php\/produkt\/nec-led-q039e2-modul-led\/#primaryimage"},"thumbnailUrl":"https:\/\/monitorykomercyjne.pl\/wp-content\/uploads\/2024\/03\/NEC-LED-Q028e21.jpg","datePublished":"2024-03-05T11:51:42+00:00","dateModified":"2024-05-09T07:39:47+00:00","breadcrumb":{"@id":"https:\/\/monitorykomercyjne.pl\/index.php\/produkt\/nec-led-q039e2-modul-led\/#breadcrumb"},"inLanguage":"pl-PL","potentialAction":[{"@type":"ReadAction","target":["https:\/\/monitorykomercyjne.pl\/index.php\/produkt\/nec-led-q039e2-modul-led\/"]}]},{"@type":"ImageObject","inLanguage":"pl-PL","@id":"https:\/\/monitorykomercyjne.pl\/index.php\/produkt\/nec-led-q039e2-modul-led\/#primaryimage","url":"https:\/\/monitorykomercyjne.pl\/wp-content\/uploads\/2024\/03\/NEC-LED-Q028e21.jpg","contentUrl":"https:\/\/monitorykomercyjne.pl\/wp-content\/uploads\/2024\/03\/NEC-LED-Q028e21.jpg","width":1600,"height":1200},{"@type":"BreadcrumbList","@id":"https:\/\/monitorykomercyjne.pl\/index.php\/produkt\/nec-led-q039e2-modul-led\/#breadcrumb","itemListElement":[{"@type":"ListItem","position":1,"name":"Strona g\u0142\u00f3wna","item":"https:\/\/monitorykomercyjne.pl\/"},{"@type":"ListItem","position":2,"name":"Produkty","item":"https:\/\/monitorykomercyjne.pl\/index.php\/produkty\/"},{"@type":"ListItem","position":3,"name":"NEC LED-Q039e2 &#8211; Modu\u0142 LED"}]},{"@type":"WebSite","@id":"https:\/\/monitorykomercyjne.pl\/#website","url":"https:\/\/monitorykomercyjne.pl\/","name":"Monitory Komercyjne","description":"","potentialAction":[{"@type":"SearchAction","target":{"@type":"EntryPoint","urlTemplate":"https:\/\/monitorykomercyjne.pl\/?s={search_term_string}"},"query-input":"required name=search_term_string"}],"inLanguage":"pl-PL"}]}},"brands":[{"id":28,"name":"SharpNEC","slug":"sharpnec"}],"_links":{"self":[{"href":"https:\/\/monitorykomercyjne.pl\/index.php\/wp-json\/wp\/v2\/product\/636"}],"collection":[{"href":"https:\/\/monitorykomercyjne.pl\/index.php\/wp-json\/wp\/v2\/product"}],"about":[{"href":"https:\/\/monitorykomercyjne.pl\/index.php\/wp-json\/wp\/v2\/types\/product"}],"wp:featuredmedia":[{"embeddable":true,"href":"https:\/\/monitorykomercyjne.pl\/index.php\/wp-json\/wp\/v2\/media\/634"}],"wp:attachment":[{"href":"https:\/\/monitorykomercyjne.pl\/index.php\/wp-json\/wp\/v2\/media?parent=636"}],"wp:term":[{"taxonomy":"pwb-brand","embeddable":true,"href":"https:\/\/monitorykomercyjne.pl\/index.php\/wp-json\/wp\/v2\/pwb-brand?post=636"},{"taxonomy":"product_cat","embeddable":true,"href":"https:\/\/monitorykomercyjne.pl\/index.php\/wp-json\/wp\/v2\/product_cat?post=636"},{"taxonomy":"product_tag","embeddable":true,"href":"https:\/\/monitorykomercyjne.pl\/index.php\/wp-json\/wp\/v2\/product_tag?post=636"}],"curies":[{"name":"wp","href":"https:\/\/api.w.org\/{rel}","templated":true}]}}