{"id":681,"date":"2024-03-05T14:26:55","date_gmt":"2024-03-05T13:26:55","guid":{"rendered":"https:\/\/monitorykomercyjne.pl\/?post_type=product&#038;p=681"},"modified":"2024-05-09T09:39:45","modified_gmt":"2024-05-09T07:39:45","slug":"nec-pa1705ul-projektor-kopia","status":"publish","type":"product","link":"https:\/\/monitorykomercyjne.pl\/index.php\/produkt\/nec-pa1705ul-projektor-kopia\/","title":{"rendered":"NEC PA1505UL &#8211; Projektor"},"content":{"rendered":"<section id=\"overview\" class=\"row\">\n<div class=\"columns medium-6\">\n<p><!-- ossproductdescstart --><\/p>\n<p><b>Nowa klasa projekcji o du\u017cej jasno\u015bci<\/b><\/p>\n<p>Dzi\u0119ki projektorowi laserowemu PA1505UL o jasno\u015bci 15 000 lumen\u00f3w mo\u017cna obecnie korzysta\u0107 z opracowanej przez sp\u00f3\u0142k\u0119 Sharp\/NEC innowacyjnej technologii cichej projekcji nawet w wi\u0119kszych pomieszczeniach \u2014 a to z kolei sprawia, \u017ce ca\u0142a uwaga publiczno\u015bci jest skupiona wy\u0142\u0105cznie na wy\u015bwietlanym, osza\u0142amiaj\u0105co pi\u0119knym obrazie.<\/p>\n<p>Dzi\u0119ki bezprecedensowym parametrom punktu bieli, kt\u00f3re fabrycznie skalibrowano dla uzyskania idealnego odwzorowania bieli, jak r\u00f3wnie\u017c za spraw\u0105 12-bitowego przetwarzania sygna\u0142u koloru oraz szerokiej przestrzeni barw, publiczno\u015b\u0107 zachwyci si\u0119 niezwykle \u017cywymi, nasyconymi kolorami i wysok\u0105 kontrastowo\u015bci\u0105 obrazu. Udoskonalony, uszczelniony mechanizm optyczny umo\u017cliwi\u0142 zastosowanie konstrukcji pozbawionej filtr\u00f3w, o stopniu ochrony IP5X przed wnikaniem py\u0142u \u2014 nie wyst\u0119puje zatem ryzyko zanieczyszczenia paneli LCD py\u0142em, co zapewnia d\u0142ugotrwa\u0142\u0105 stabilno\u015b\u0107 obrazu i doskona\u0142\u0105 jasno\u015b\u0107 kolor\u00f3w. Ponadto dzi\u0119ki bezfiltrowej konstrukcji projektora LCD i braku konieczno\u015bci wymiany lampy znacznie obni\u017cono koszty serwisowania, zapewniaj\u0105c w ten spos\u00f3b niski koszt posiadania oraz \u017cywotno\u015b\u0107 si\u0119gaj\u0105c\u0105 a\u017c 20 000 godzin.<\/p>\n<p>Wybieraj\u0105c produkty marki Sharp\/NEC, klienci mog\u0105 teraz z \u0142atwo\u015bci\u0105 rozpocz\u0105\u0107 korzystanie z najnowszej technologii laserowej. Model PA1505UL to profesjonalny projektor instalacyjny wyposa\u017cony w zaawansowane opcje instalacji wymagane w szkolnictwie wy\u017cszym oraz zastosowaniach rekreacyjnych i muzealnych.<\/p>\n<p><!-- ossproductdescend --><\/p>\n<\/div>\n<div class=\"columns medium-6\">\n<h3>Korzy\u015bci<\/h3>\n<ul>\n<li><b>Koniec z wymian\u0105 lamp<\/b> \u2013a\u017c do 20.000 godzin bezobs\u0142ugowego dzia\u0142ania dzi\u0119ki laserowemu \u017ar\u00f3d\u0142u \u015bwiat\u0142a.<\/li>\n<li><b>Brak filtr\u00f3w wymagaj\u0105cych serwisowania<\/b> \u2013udoskonalony, uszczelniony laserowy mechanizm optyczny LCD umo\u017cliwi\u0142 zastosowanie konstrukcji pozbawionej filtr\u00f3w, o stopniu ochrony IP5X przed wnikaniem py\u0142u. Pozwala to zachowa\u0107 doskona\u0142\u0105 jasno\u015b\u0107 kolor\u00f3w, a ponadto w bud\u017cecie nie trzeba ju\u017c uwzgl\u0119dnia\u0107 koszt\u00f3w serwisowania.<\/li>\n<li><b>Kompaktowa konstrukcja<\/b> \u2013projektor o stosunkowo niewielkich rozmiarach i lekkiej konstrukcji, przeznaczony do du\u017cych pomieszcze\u0144.<\/li>\n<li><b>Inspiruj widz\u00f3w \u017cywym kolorem i g\u0142\u0119bokim kontrastem<\/b> \u2013doskona\u0142\u0105 biel\u0105, szerok\u0105 przestrzeni\u0105 kolor\u00f3w i dynamicznym kontrastem zgodnym z norm\u0105 HDR10 z wykorzystaniem interfejsu HDMI.<\/li>\n<li><b>Niesamowite mo\u017cliwo\u015bci wizualizacji<\/b> \u2013imponuj\u0105ce mo\u017cliwo\u015bci swobodnego pochylania i monta\u017cu portretowego, unikalna regulacja geometryczna, obraz w obrazie, kafelkowanie i mieszanie oparte na kamerze.<\/li>\n<\/ul>\n<\/div>\n<\/section>\n<dl id=\"speciList\" class=\"js-accordion\">\n<dt class=\"js-accordion__toggle accordion__toggle\">PARAMETRY OPTYCZNE<\/dt>\n<dd class=\"js-accordion__content\">\n<table class=\"datalist datalist--divided-inset\">\n<tbody>\n<tr>\n<td>Technologia projekcji<\/td>\n<td>3LCD Technology<\/td>\n<\/tr>\n<tr>\n<td>Rozdzielczo\u015b\u0107 natywna<\/td>\n<td>\n<div class=\"productSpecRes productSpecRes--columns\">1920 x 1200 (WUXGA)<\/div>\n<\/td>\n<\/tr>\n<tr>\n<td>Proporcje obrazu<\/td>\n<td>16:10<\/td>\n<\/tr>\n<tr>\n<td>Kontrast <sup>1<\/sup><\/td>\n<td>3000000:1<\/td>\n<\/tr>\n<tr>\n<td>Jasno\u015b\u0107 <sup>1<\/sup><\/td>\n<td>14000 Lm w trybie \/ 15000 Lm w trybie centre<\/td>\n<\/tr>\n<tr>\n<td>Moc lampy<\/td>\n<td>Laserowe \u017ar\u00f3d\u0142o \u015bwiat\u0142a<\/td>\n<\/tr>\n<tr>\n<td>\u017bywotno\u015b\u0107 \u017ar\u00f3d\u0142a \u015bwiat\u0142a [godz.]<\/td>\n<td>20000 <sup>2<\/sup><\/td>\n<\/tr>\n<tr>\n<td>Obiektyw<\/td>\n<td>Liczba opcji obiektyw\u00f3w z nap\u0119dem: 6<\/td>\n<\/tr>\n<tr>\n<td>Regulacja soczewek<\/td>\n<td>Motorized<\/td>\n<\/tr>\n<tr>\n<td>Przesuwanie obiektywu<\/td>\n<td>Maks. \u00b125 w\u00a0poziomie, +65\/-65 w\u00a0pionie<\/td>\n<\/tr>\n<tr>\n<td>Korekcja zniekszta\u0142ce\u0144 trapezowych<\/td>\n<td>+\/-40\u00b0 w\u00a0poziomie (r\u0119cznie) \/ +\/-30\u00b0 w\u00a0pionie (r\u0119cznie)<\/td>\n<\/tr>\n<tr>\n<td>Wsp\u00f3\u0142czynnik projekcji<\/td>\n<td>w zale\u017cno\u015bci od wyboru obiektywu (opcja standardowa NP54ZL, 1,25:2,01:1)<\/td>\n<\/tr>\n<tr>\n<td>Odleg\u0142o\u015b\u0107 projekcji [m]<\/td>\n<td>0.68 \u2013 80.77<\/td>\n<\/tr>\n<tr>\n<td>Wielko\u015b\u0107 (przek\u0105tna) ekranu [cm] \/ [cale]<\/td>\n<td>Maksymalnie: 1\u00a0270 \/ 500&#8243;; Minimalnie: 152 \/ 60&#8243;<\/td>\n<\/tr>\n<tr>\n<td>Zoom<\/td>\n<td>Motorized<\/td>\n<\/tr>\n<tr>\n<td>Regulacja ogniskowej<\/td>\n<td>Mechaniczny<\/td>\n<\/tr>\n<tr>\n<td>Obs\u0142ugiwane rozdzielczo\u015bci<\/td>\n<td>\n<div class=\"productSpecRes productSpecRes--columns\">1080i\/50\/60; 1080p\/24\/25\/30\/50\/60; 1920&#215;1200 (WUXGA) &#8211; 640&#215;480 (VGA); 2048 x 1080 (2k); 2560 x 1600 (WQXGA); 4096 x 2160 (4k); 720p\/50; 720p\/60<\/div>\n<\/td>\n<\/tr>\n<tr>\n<td>Cz\u0119stotliwo\u015b\u0107<\/td>\n<td>Pionowa: 24 \u2013 120 Hz; W\u00a0poziomie: analogowe: 0\u20130\u00a0kHz, cyfrowe: 15\/24\u2013153\u00a0kHz<\/td>\n<\/tr>\n<\/tbody>\n<\/table>\n<\/dd>\n<dt class=\"js-accordion__toggle accordion__toggle\">MO\u017bLIWO\u015aCI POD\u0141\u0104CZANIA<\/dt>\n<dd class=\"js-accordion__content\">\n<table class=\"datalist datalist--divided-inset\">\n<tbody>\n<tr>\n<td>Cyfrowe<\/td>\n<td>Wej\u015bcie: 1 x 3G-SDI; 1 x HDBaseT; 2 x HDMI\u2122 z obs\u0142ug\u0105 HDCP 2.2<br \/>\nWyj\u015bcie: 1 x HDBaseT z\u00a0obs\u0142ug\u0105 HDCP 2.2<\/td>\n<\/tr>\n<tr>\n<td>Audio<\/td>\n<td>Wej\u015bcie: 1 x HDBaseT wsparcie dla sygna\u0142u audio; 2 x HDMI wsparcie dla sygna\u0142u audio<br \/>\nWyj\u015bcie: 1 x 3.5 mm Stereo Mini Jack (variable)<\/td>\n<\/tr>\n<tr>\n<td>Control<\/td>\n<td>Wej\u015bcie: 1 x 9-pinowe D-Sub (RS-232), Ethernet; 1 x stereofoniczne gniazdo mini jack 3,5\u00a0mm (pilot kablowy)<\/td>\n<\/tr>\n<tr>\n<td>LAN<\/td>\n<td>1 x RJ45<\/td>\n<\/tr>\n<tr>\n<td>USB<\/td>\n<td>1 x Type A (USB 2.0 high speed)<\/td>\n<\/tr>\n<\/tbody>\n<\/table>\n<\/dd>\n<dt class=\"js-accordion__toggle accordion__toggle\">FUNKCJE PILOTA<\/dt>\n<dd class=\"js-accordion__content\">\n<table class=\"datalist datalist--divided-inset\">\n<tbody>\n<tr>\n<td>Funkcje pilota<\/td>\n<td>Funkcja przys\u0142ony; Kontrola audio; Korekcja geometryczna; Mo\u017cliwo\u015b\u0107 regulacji ostro\u015bci, powi\u0119kszenia obrazu oraz przesuni\u0119cia obiektywu (lens shift); Nawigacja (g\u00f3ra, d\u00f3\u0142, lewy, prawy); Numer ID; Obraz testowy; Power (On-OFF); Wyb\u00f3r ID; Wyb\u00f3r \u017cr\u00f3d\u0142a sygna\u0142u; Zoom cyfrowy<\/td>\n<\/tr>\n<\/tbody>\n<\/table>\n<\/dd>\n<dt class=\"js-accordion__toggle accordion__toggle\">PARAMETRY ELEKTRYCZNE<\/dt>\n<dd class=\"js-accordion__content\">\n<table class=\"datalist datalist--divided-inset\">\n<tbody>\n<tr>\n<td>Zasilanie<\/td>\n<td>100-240 V AC; 50 &#8211; 60 Hz<\/td>\n<\/tr>\n<tr>\n<td>Pob\u00f3r mocy [W]<\/td>\n<td>925 w trybie normalnym \/ 825 w trybie cichy \/ 0,5 tryb czuwania z\u00a0obs\u0142ug\u0105 sieci \/ 2,0 tryb czuwania<\/td>\n<\/tr>\n<\/tbody>\n<\/table>\n<\/dd>\n<dt class=\"js-accordion__toggle accordion__toggle\">PARAMETRY MECHANICZNE<\/dt>\n<dd class=\"js-accordion__content\">\n<table class=\"datalist datalist--divided-inset\">\n<tbody>\n<tr>\n<td>Wymiary [mm]<\/td>\n<td>599 x 238 x 490 (bez n\u00f3\u017cek i obiektywu)<\/td>\n<\/tr>\n<tr>\n<td>Waga [kg]<\/td>\n<td>28.7<\/td>\n<\/tr>\n<tr>\n<td>Poziom szumu [dB (A)]<\/td>\n<td>38 \/ 35 (normal \/ w trybie cichy)<\/td>\n<\/tr>\n<tr>\n<td>Wersje kolorystyczne<\/td>\n<td>Bia\u0142y; Czarny<\/td>\n<\/tr>\n<\/tbody>\n<\/table>\n<\/dd>\n<dt class=\"js-accordion__toggle accordion__toggle\">WARUNKI OTOCZENIA<\/dt>\n<dd class=\"js-accordion__content\">\n<table class=\"datalist datalist--divided-inset\">\n<tbody>\n<tr>\n<td>Temperatura otoczenia podczes pracy [\u00b0C]<\/td>\n<td>0 do 40<\/td>\n<\/tr>\n<tr>\n<td>Wilgotno\u015b\u0107 otoczenia podczas pracy [%]<\/td>\n<td>20 do 80 non-condensing<\/td>\n<\/tr>\n<tr>\n<td>Temperatura przy przechowywaniu [\u00b0C]<\/td>\n<td>-10 do 50<\/td>\n<\/tr>\n<tr>\n<td>Wilgotno\u015b\u0107 przy przechowywaniu [%]<\/td>\n<td>20 do 80 non-condensing<\/td>\n<\/tr>\n<\/tbody>\n<\/table>\n<\/dd>\n<dt class=\"js-accordion__toggle accordion__toggle\">ERGONOMIA<\/dt>\n<dd class=\"js-accordion__content\">\n<table class=\"datalist datalist--divided-inset\">\n<tbody>\n<tr>\n<td>Bezpiecze\u0144stwo i ergonomia<\/td>\n<td>CE; EAC; ErP; RoHS; TUEV Type Approved<\/td>\n<\/tr>\n<\/tbody>\n<\/table>\n<\/dd>\n<dt class=\"js-accordion__toggle accordion__toggle\">DODATKOWE FUNKCJE<\/dt>\n<dd class=\"js-accordion__content\">\n<table class=\"datalist datalist--divided-inset\">\n<tbody>\n<tr>\n<td>Cechy Specjalne<\/td>\n<td>AMX Beacon; Crestron RoomView; Digital 3D Reform\u2122; Funkcja Direct Power-Off; Funkcja wirtualnego pilota; Funkcja zegara; Funkcja \u0142\u0105czenia kraw\u0119dzi (Edge Blending); HDBaseT; Interfejsy 4K\/60\u00a0Hz; Keystone Correction (H=\u00b140\u00b0, V=\u00b140\u00b0); kontrola przez RS232; Konwersja barw Rec2020 do Rec709; Korekcja geometryczna; Lens Shift (vertical 0.65 max\/-0.65 max, horizontal \u00b1 +0.25 max.); Menu OSD w 27 j\u0119zykach; NaViSet Administrator 2; Obs\u0142uga HDR10; Obs\u0142uga odtwarzacza UHD; Opcjalane logo u\u017cytkownika; Pami\u0119\u0107 ustawie\u0144 obiektywu; PIP\/Side by Side, HDMI &#8211; Input; PJ LINK; Plansza kontrolna; Przetwarzanie w\u00a0technologii CQP (obraz o\u00a0jako\u015bci kinowej) zapewniaj\u0105ce najlepsz\u0105 jako\u015b\u0107 obrazu; P\u0142ynne prze\u0142\u0105czanie; Regulacja \u017ar\u00f3d\u0142a \u015bwiat\u0142a; R\u0119czna regulacja kompensacji koloru \u015bciany; Stacking Function; Sterowanie przez przegl\u0105dark\u0119 WWW; Sterowanie przez sie\u0107 LAN; Swobodnie wychylany; Symulacja standardu DICOM; System Hollywood Quality Video; Tryb High-altitude; Tryb kompensacji kolor\u00f3w przy konfiguracji wieloekranowej; Ustawienie w\u00a0orientacji pionowej; Zabezpieczenie has\u0142em; \u017bywotno\u015b\u0107 \u017ar\u00f3d\u0142a \u015bwiat\u0142a 20\u00a0000 godz.<\/td>\n<\/tr>\n<\/tbody>\n<\/table>\n<\/dd>\n<dt class=\"js-accordion__toggle accordion__toggle\">FUNKCJE EKO<\/dt>\n<dd class=\"js-accordion__content\">\n<table class=\"datalist datalist--divided-inset\">\n<tbody>\n<tr>\n<td>Wydajno\u015b\u0107 energetyczna<\/td>\n<td>D\u0142u\u017csza \u017cywotno\u015b\u0107 \u017ar\u00f3d\u0142a \u015bwiat\u0142a; Funkcja zegara; Inteligente system zarz\u0105dzania energi\u0105; Oprogramowanie do planowania trybu pracy; Pob\u00f3r mocy w\u00a0trybie czuwania poni\u017cej 0,5\u00a0W; Terminarz ECO<\/td>\n<\/tr>\n<tr>\n<td>Materia\u0142y ekologiczne<\/td>\n<td>Instrukcje do pobrania w wersji elektronicznej; Opakowania w 100% recyklowalne<\/td>\n<\/tr>\n<tr>\n<td>Normy ekologiczne<\/td>\n<td>Zgodno\u015b\u0107 z ErP<\/td>\n<\/tr>\n<\/tbody>\n<\/table>\n<\/dd>\n<dt class=\"js-accordion__toggle accordion__toggle\">GWARANCJA<\/dt>\n<dd class=\"js-accordion__content\">\n<table class=\"datalist datalist--divided-inset\">\n<tbody>\n<tr>\n<td>Na projektor<\/td>\n<td>Serwis w ca\u0142ej Europie przez 3 lata<\/td>\n<\/tr>\n<tr>\n<td>\u0179r\u00f3d\u0142o \u015bwiat\u0142a<\/td>\n<td>3 lat lub 10000 h ( w zale\u017cno\u015bci od tego, co nast\u0105pi wcze\u015bniej)<\/td>\n<\/tr>\n<\/tbody>\n<\/table>\n<\/dd>\n<dt class=\"js-accordion__toggle accordion__toggle\">ZAWARTO\u015a\u0106 OPAKOWANIA<\/dt>\n<dd class=\"js-accordion__content\">\n<table class=\"datalist datalist--divided-inset\">\n<tbody>\n<tr>\n<td>Zawarto\u015b\u0107 opakowania<\/td>\n<td>Kabel zasilaj\u0105cy; Kr\u00f3tka instrukcja obs\u0142ugi; Pilot (RD-480E); Podr\u0119cznik u\u017cytkownika na p\u0142ycie CD; Projektor<\/td>\n<\/tr>\n<\/tbody>\n<\/table>\n<\/dd>\n<dt class=\"js-accordion__toggle accordion__toggle\">WYPOSA\u017bENIE DODATKOWE<\/dt>\n<dd class=\"js-accordion__content\">\n<table class=\"datalist datalist--divided-inset\">\n<tbody>\n<tr>\n<td>Dost\u0119pne akcesoria<\/td>\n<td>6 opcjonalne obiektywy z mocowaniem bagnetowym; Uniwersalne uchwyty sufitowe (PJ02UCMPF)<\/td>\n<\/tr>\n<tr>\n<td>Obiektywy &#8211; z nap\u0119dem<\/td>\n<td>NP51ZL (0.53-0.65:1); NP52ZL (0.65-0.86:1); NP53ZL (0.86-1.25:1); NP54ZL (1.24-2.01:1); NP55ZL (1.98-3.95:1); NP56ZL (3.92-7.5:1)<\/td>\n<\/tr>\n<\/tbody>\n<\/table>\n<\/dd>\n<\/dl>\n","protected":false},"excerpt":{"rendered":"<div class=\"columns medium-6 product-features\">\n<table class=\"datalist datalist--divided-fullwidth\">\n<tbody>\n<tr>\n<td>Typ<\/td>\n<td>LCD<\/td>\n<\/tr>\n<tr>\n<td>Jasno\u015b\u0107  [AL]<\/td>\n<td>14000<\/td>\n<\/tr>\n<tr>\n<td>Rozdzielczo\u015b\u0107<\/td>\n<td>1920 x 1200<\/td>\n<\/tr>\n<tr>\n<td>\u0179r\u00f3d\u0142o \u015bwiat\u0142a<\/td>\n<td>Laser<\/td>\n<\/tr>\n<tr>\n<td>\u017bywotno\u015b\u0107 \u017ar\u00f3d\u0142a \u015bwiat\u0142a  [godz]<\/td>\n<td>20000<\/td>\n<\/tr>\n<tr>\n<td>Masa  [kg]<\/td>\n<td>28,7<\/td>\n<\/tr>\n<tr>\n<td>Kod produktu<\/td>\n<td>60005971 (W), 60005928 (B)<\/td>\n<\/tr>\n<\/tbody>\n<\/table>\n<\/div>\n","protected":false},"featured_media":677,"template":"","meta":{"inline_featured_image":false,"neve_meta_sidebar":"","neve_meta_container":"","neve_meta_enable_content_width":"off","neve_meta_content_width":100,"neve_meta_title_alignment":"","neve_meta_author_avatar":"","neve_post_elements_order":"","neve_meta_disable_header":"","neve_meta_disable_footer":"","neve_meta_disable_title":""},"pwb-brand":[28],"product_cat":[31],"product_tag":[],"yoast_head":"<!-- This site is optimized with the Yoast SEO plugin v22.6 - https:\/\/yoast.com\/wordpress\/plugins\/seo\/ -->\n<title>NEC PA1505UL - Projektor - Monitory Komercyjne Monitory komercyjne<\/title>\n<meta name=\"robots\" content=\"index, follow, max-snippet:-1, max-image-preview:large, max-video-preview:-1\" \/>\n<link rel=\"canonical\" href=\"https:\/\/monitorykomercyjne.pl\/index.php\/produkt\/nec-pa1705ul-projektor-kopia\/\" \/>\n<meta property=\"og:locale\" content=\"pl_PL\" \/>\n<meta property=\"og:type\" content=\"article\" \/>\n<meta property=\"og:title\" content=\"NEC PA1505UL - Projektor - Monitory Komercyjne Monitory komercyjne\" \/>\n<meta property=\"og:description\" content=\"TypLCDJasno\u015b\u0107 [AL]14000Rozdzielczo\u015b\u01071920 x 1200\u0179r\u00f3d\u0142o \u015bwiat\u0142aLaser\u017bywotno\u015b\u0107 \u017ar\u00f3d\u0142a \u015bwiat\u0142a [godz]20000Masa [kg]28,7Kod produktu60005971 (W), 60005928 (B)\" \/>\n<meta property=\"og:url\" content=\"https:\/\/monitorykomercyjne.pl\/index.php\/produkt\/nec-pa1705ul-projektor-kopia\/\" \/>\n<meta property=\"og:site_name\" content=\"Monitory Komercyjne\" \/>\n<meta property=\"article:modified_time\" content=\"2024-05-09T07:39:45+00:00\" \/>\n<meta property=\"og:image\" content=\"https:\/\/monitorykomercyjne.pl\/wp-content\/uploads\/2024\/03\/NEC-PA1705UL1.jpg\" \/>\n\t<meta property=\"og:image:width\" content=\"1600\" \/>\n\t<meta property=\"og:image:height\" content=\"1200\" \/>\n\t<meta property=\"og:image:type\" content=\"image\/jpeg\" \/>\n<meta name=\"twitter:card\" content=\"summary_large_image\" \/>\n<meta name=\"twitter:label1\" content=\"Szacowany czas czytania\" \/>\n\t<meta name=\"twitter:data1\" content=\"5 minut\" \/>\n<script type=\"application\/ld+json\" class=\"yoast-schema-graph\">{\"@context\":\"https:\/\/schema.org\",\"@graph\":[{\"@type\":\"WebPage\",\"@id\":\"https:\/\/monitorykomercyjne.pl\/index.php\/produkt\/nec-pa1705ul-projektor-kopia\/\",\"url\":\"https:\/\/monitorykomercyjne.pl\/index.php\/produkt\/nec-pa1705ul-projektor-kopia\/\",\"name\":\"NEC PA1505UL - Projektor - Monitory Komercyjne Monitory komercyjne\",\"isPartOf\":{\"@id\":\"https:\/\/monitorykomercyjne.pl\/#website\"},\"primaryImageOfPage\":{\"@id\":\"https:\/\/monitorykomercyjne.pl\/index.php\/produkt\/nec-pa1705ul-projektor-kopia\/#primaryimage\"},\"image\":{\"@id\":\"https:\/\/monitorykomercyjne.pl\/index.php\/produkt\/nec-pa1705ul-projektor-kopia\/#primaryimage\"},\"thumbnailUrl\":\"https:\/\/monitorykomercyjne.pl\/wp-content\/uploads\/2024\/03\/NEC-PA1705UL1.jpg\",\"datePublished\":\"2024-03-05T13:26:55+00:00\",\"dateModified\":\"2024-05-09T07:39:45+00:00\",\"breadcrumb\":{\"@id\":\"https:\/\/monitorykomercyjne.pl\/index.php\/produkt\/nec-pa1705ul-projektor-kopia\/#breadcrumb\"},\"inLanguage\":\"pl-PL\",\"potentialAction\":[{\"@type\":\"ReadAction\",\"target\":[\"https:\/\/monitorykomercyjne.pl\/index.php\/produkt\/nec-pa1705ul-projektor-kopia\/\"]}]},{\"@type\":\"ImageObject\",\"inLanguage\":\"pl-PL\",\"@id\":\"https:\/\/monitorykomercyjne.pl\/index.php\/produkt\/nec-pa1705ul-projektor-kopia\/#primaryimage\",\"url\":\"https:\/\/monitorykomercyjne.pl\/wp-content\/uploads\/2024\/03\/NEC-PA1705UL1.jpg\",\"contentUrl\":\"https:\/\/monitorykomercyjne.pl\/wp-content\/uploads\/2024\/03\/NEC-PA1705UL1.jpg\",\"width\":1600,\"height\":1200},{\"@type\":\"BreadcrumbList\",\"@id\":\"https:\/\/monitorykomercyjne.pl\/index.php\/produkt\/nec-pa1705ul-projektor-kopia\/#breadcrumb\",\"itemListElement\":[{\"@type\":\"ListItem\",\"position\":1,\"name\":\"Strona g\u0142\u00f3wna\",\"item\":\"https:\/\/monitorykomercyjne.pl\/\"},{\"@type\":\"ListItem\",\"position\":2,\"name\":\"Produkty\",\"item\":\"https:\/\/monitorykomercyjne.pl\/index.php\/produkty\/\"},{\"@type\":\"ListItem\",\"position\":3,\"name\":\"NEC PA1505UL &#8211; Projektor\"}]},{\"@type\":\"WebSite\",\"@id\":\"https:\/\/monitorykomercyjne.pl\/#website\",\"url\":\"https:\/\/monitorykomercyjne.pl\/\",\"name\":\"Monitory Komercyjne\",\"description\":\"\",\"potentialAction\":[{\"@type\":\"SearchAction\",\"target\":{\"@type\":\"EntryPoint\",\"urlTemplate\":\"https:\/\/monitorykomercyjne.pl\/?s={search_term_string}\"},\"query-input\":\"required name=search_term_string\"}],\"inLanguage\":\"pl-PL\"}]}<\/script>\n<!-- \/ Yoast SEO plugin. -->","yoast_head_json":{"title":"NEC PA1505UL - Projektor - Monitory Komercyjne Monitory komercyjne","robots":{"index":"index","follow":"follow","max-snippet":"max-snippet:-1","max-image-preview":"max-image-preview:large","max-video-preview":"max-video-preview:-1"},"canonical":"https:\/\/monitorykomercyjne.pl\/index.php\/produkt\/nec-pa1705ul-projektor-kopia\/","og_locale":"pl_PL","og_type":"article","og_title":"NEC PA1505UL - Projektor - Monitory Komercyjne Monitory komercyjne","og_description":"TypLCDJasno\u015b\u0107 [AL]14000Rozdzielczo\u015b\u01071920 x 1200\u0179r\u00f3d\u0142o \u015bwiat\u0142aLaser\u017bywotno\u015b\u0107 \u017ar\u00f3d\u0142a \u015bwiat\u0142a [godz]20000Masa [kg]28,7Kod produktu60005971 (W), 60005928 (B)","og_url":"https:\/\/monitorykomercyjne.pl\/index.php\/produkt\/nec-pa1705ul-projektor-kopia\/","og_site_name":"Monitory Komercyjne","article_modified_time":"2024-05-09T07:39:45+00:00","og_image":[{"width":1600,"height":1200,"url":"https:\/\/monitorykomercyjne.pl\/wp-content\/uploads\/2024\/03\/NEC-PA1705UL1.jpg","type":"image\/jpeg"}],"twitter_card":"summary_large_image","twitter_misc":{"Szacowany czas czytania":"5 minut"},"schema":{"@context":"https:\/\/schema.org","@graph":[{"@type":"WebPage","@id":"https:\/\/monitorykomercyjne.pl\/index.php\/produkt\/nec-pa1705ul-projektor-kopia\/","url":"https:\/\/monitorykomercyjne.pl\/index.php\/produkt\/nec-pa1705ul-projektor-kopia\/","name":"NEC PA1505UL - Projektor - Monitory Komercyjne Monitory komercyjne","isPartOf":{"@id":"https:\/\/monitorykomercyjne.pl\/#website"},"primaryImageOfPage":{"@id":"https:\/\/monitorykomercyjne.pl\/index.php\/produkt\/nec-pa1705ul-projektor-kopia\/#primaryimage"},"image":{"@id":"https:\/\/monitorykomercyjne.pl\/index.php\/produkt\/nec-pa1705ul-projektor-kopia\/#primaryimage"},"thumbnailUrl":"https:\/\/monitorykomercyjne.pl\/wp-content\/uploads\/2024\/03\/NEC-PA1705UL1.jpg","datePublished":"2024-03-05T13:26:55+00:00","dateModified":"2024-05-09T07:39:45+00:00","breadcrumb":{"@id":"https:\/\/monitorykomercyjne.pl\/index.php\/produkt\/nec-pa1705ul-projektor-kopia\/#breadcrumb"},"inLanguage":"pl-PL","potentialAction":[{"@type":"ReadAction","target":["https:\/\/monitorykomercyjne.pl\/index.php\/produkt\/nec-pa1705ul-projektor-kopia\/"]}]},{"@type":"ImageObject","inLanguage":"pl-PL","@id":"https:\/\/monitorykomercyjne.pl\/index.php\/produkt\/nec-pa1705ul-projektor-kopia\/#primaryimage","url":"https:\/\/monitorykomercyjne.pl\/wp-content\/uploads\/2024\/03\/NEC-PA1705UL1.jpg","contentUrl":"https:\/\/monitorykomercyjne.pl\/wp-content\/uploads\/2024\/03\/NEC-PA1705UL1.jpg","width":1600,"height":1200},{"@type":"BreadcrumbList","@id":"https:\/\/monitorykomercyjne.pl\/index.php\/produkt\/nec-pa1705ul-projektor-kopia\/#breadcrumb","itemListElement":[{"@type":"ListItem","position":1,"name":"Strona g\u0142\u00f3wna","item":"https:\/\/monitorykomercyjne.pl\/"},{"@type":"ListItem","position":2,"name":"Produkty","item":"https:\/\/monitorykomercyjne.pl\/index.php\/produkty\/"},{"@type":"ListItem","position":3,"name":"NEC PA1505UL &#8211; Projektor"}]},{"@type":"WebSite","@id":"https:\/\/monitorykomercyjne.pl\/#website","url":"https:\/\/monitorykomercyjne.pl\/","name":"Monitory Komercyjne","description":"","potentialAction":[{"@type":"SearchAction","target":{"@type":"EntryPoint","urlTemplate":"https:\/\/monitorykomercyjne.pl\/?s={search_term_string}"},"query-input":"required name=search_term_string"}],"inLanguage":"pl-PL"}]}},"brands":[{"id":28,"name":"SharpNEC","slug":"sharpnec"}],"_links":{"self":[{"href":"https:\/\/monitorykomercyjne.pl\/index.php\/wp-json\/wp\/v2\/product\/681"}],"collection":[{"href":"https:\/\/monitorykomercyjne.pl\/index.php\/wp-json\/wp\/v2\/product"}],"about":[{"href":"https:\/\/monitorykomercyjne.pl\/index.php\/wp-json\/wp\/v2\/types\/product"}],"wp:featuredmedia":[{"embeddable":true,"href":"https:\/\/monitorykomercyjne.pl\/index.php\/wp-json\/wp\/v2\/media\/677"}],"wp:attachment":[{"href":"https:\/\/monitorykomercyjne.pl\/index.php\/wp-json\/wp\/v2\/media?parent=681"}],"wp:term":[{"taxonomy":"pwb-brand","embeddable":true,"href":"https:\/\/monitorykomercyjne.pl\/index.php\/wp-json\/wp\/v2\/pwb-brand?post=681"},{"taxonomy":"product_cat","embeddable":true,"href":"https:\/\/monitorykomercyjne.pl\/index.php\/wp-json\/wp\/v2\/product_cat?post=681"},{"taxonomy":"product_tag","embeddable":true,"href":"https:\/\/monitorykomercyjne.pl\/index.php\/wp-json\/wp\/v2\/product_tag?post=681"}],"curies":[{"name":"wp","href":"https:\/\/api.w.org\/{rel}","templated":true}]}}