{"id":715,"date":"2024-03-06T09:01:55","date_gmt":"2024-03-06T08:01:55","guid":{"rendered":"https:\/\/monitorykomercyjne.pl\/?post_type=product&#038;p=715"},"modified":"2024-05-09T09:39:45","modified_gmt":"2024-05-09T07:39:45","slug":"nec-ph3501ql-projektor","status":"publish","type":"product","link":"https:\/\/monitorykomercyjne.pl\/index.php\/produkt\/nec-ph3501ql-projektor\/","title":{"rendered":"NEC PH3501QL &#8211; Projektor"},"content":{"rendered":"<section id=\"overview\" class=\"row\">\n<div class=\"columns medium-6\">\n<p><!-- ossproductdescstart --><\/p>\n<p><b>Najwi\u0119ksza jasno\u015b\u0107 i\u00a0ol\u015bniewaj\u0105ce efekty<\/b><\/p>\n<p>Wraz z\u00a0projektorem NEC PH3501QL 4K z\u00a0laserem czerwono-niebieskim, kt\u00f3ry zapewnia jasno\u015b\u0107 na poziomie 40\u00a0000 lumen\u00f3w (po\u015brodku obrazu), technologie projekcyjne wesz\u0142y na nowy poziom zaawansowania. Ten nowy flagowiec wykorzystuje najlepsze technologie lasera i\u00a0luminoforu oraz laser\u00f3w RGB, co pozwoli\u0142o uzyska\u0107 projektor o\u00a0pot\u0119\u017cnych mo\u017cliwo\u015bciach zapewniaj\u0105cy zasadnicze korzy\u015bci w\u00a0zakresie koszt\u00f3w, sprawno\u015bci operacyjnej i\u00a0jako\u015bci obrazu immersyjnego.<\/p>\n<p>Dzi\u0119ki wi\u0119kszej jasno\u015bci, wy\u017cszemu poziomowi szczeg\u00f3\u0142owo\u015bci, dok\u0142adniejszemu odwzorowaniu barw przekraczaj\u0105cemu granice przestrzeni rec709 i\u00a0zwi\u0119kszeniu elastyczno\u015bci instalowania mo\u017cna zapewni\u0107 widzom niezr\u00f3wnane wra\u017cenia wizualne wyznaczaj\u0105ce nowe standardy jako\u015bci. Zastosowanie \u017ar\u00f3d\u0142a \u015bwiat\u0142a w\u00a0postaci lasera czerwono-niebieskiego pozwala wykroczy\u0107 poza granice barw i\u00a0jasno\u015bci tradycyjnych system\u00f3w projekcyjnych wykorzystuj\u0105cych laser i\u00a0luminofor, gwarantuj\u0105c doskona\u0142\u0105 jako\u015b\u0107 obrazu o\u00a0wysokiej jednorodno\u015bci. Sprawny system przetwarzania \u015bwiat\u0142a wymaga niewielkich pocz\u0105tkowych nak\u0142ad\u00f3w finansowych w\u00a0por\u00f3wnaniu z\u00a0projektorami z\u00a0laserem RGB, a\u00a0dzi\u0119ki unikni\u0119ciu wymiany lamp i\u00a0filtr\u00f3w zapewnia ogromne oszcz\u0119dno\u015bci koszt\u00f3w operacyjnych w\u00a0por\u00f3wnaniu z\u00a0systemami projekcyjnymi na bazie technologii ksenonowych.<\/p>\n<p>To doskona\u0142e rozwi\u0105zanie na potrzeby instalacji sta\u0142ych w\u00a0wielozadaniowych halach sportowych i\u00a0widowiskowych, teatrach, muzeach i\u00a0parkach rozrywki, jak r\u00f3wnie\u017c na potrzeby najbardziej wymagaj\u0105cych zastosowa\u0144 zwi\u0105zanych z\u00a0mapowaniem oraz dla wypo\u017cyczalni i\u00a0instalacji scenicznych.<\/p>\n<p><!-- ossproductdescend --><\/p>\n<\/div>\n<div class=\"columns medium-6\">\n<h3>Korzy\u015bci<\/h3>\n<ul>\n<li><b>Znakomita jako\u015b\u0107 obrazu<\/b> \u2013superjasna projekcja z\u00a0u\u017cyciem lasera czerwono-niebieskiego 40000 lumen\u00f3w po\u015brodku obrazu z\u00a0rzeczywist\u0105 rozdzielczo\u015bci\u0105 4K i\u00a0szerok\u0105 przestrzeni\u0105 barw w\u00a0po\u0142\u0105czeniu z\u00a0jednorodnym i\u00a0wysokokontrastowym obrazem jako\u015bci laserowej gwarantuje, \u017ce prezentacje wprawi\u0105 widz\u00f3w w\u00a0zachwyt i\u00a0zrobi\u0105 na nich ogromne wra\u017cenie.<\/li>\n<li><b>Ni\u017cszy ca\u0142kowity koszt posiadania<\/b> \u2013najwi\u0119ksza niezawodno\u015b\u0107, dzia\u0142anie bez prac konserwacyjnych, niskie zu\u017cycie energii oraz czas eksploatacji laserowego \u017ar\u00f3d\u0142a \u015bwiat\u0142a wynosz\u0105cy nawet 20000 godzin zdecydowanie zmniejszaj\u0105 og\u00f3lne koszty ponoszone przez w\u0142a\u015bciciela.<\/li>\n<li><b>Maksymalna elastyczno\u015b\u0107 instalowania<\/b> \u2013bardzo du\u017cy zakres przesuni\u0119cia obiektywu w\u00a0pionie +\/- 50% i\u00a0w\u00a0poziomie +\/- 17% w\u00a0po\u0142\u0105czeniu z\u00a0bagnetowymi obiektywami o\u00a0szerokim zakresie powi\u0119kszenia zapewnia bezproblemow\u0105 instalacj\u0119 i\u00a0u\u0142atwia zast\u0119powanie starszych projektor\u00f3w.<\/li>\n<li><b>Przysz\u0142o\u015bciowe rozwi\u0105zania z\u00a0zakresu pod\u0142\u0105czania i\u00a0przetwarzania sygna\u0142\u00f3w<\/b> \u2013dost\u0119pno\u015b\u0107 wielu wej\u015b\u0107 w\u00a0rozdzielczo\u015bci 4K, takich jak Quad 3G SDI, 2 x DisplayPort, 2 x HDMI z\u00a0opcjonalnym gniazdem na komputery 4K\/UHD OPS typu slot-in pozwala uzyska\u0107 wra\u017cenie bezpikselowego obrazu w\u00a0du\u017cej skali.<\/li>\n<li><b>Najbogatsze wsparcie dla r\u00f3\u017cnych zastosowa\u0144<\/b> \u2013projekcja obrazu w\u00a0orientacji pionowej (portretowej), instalacja ze swobodnym przechylaniem o\u00a0360\u00b0, wyj\u0105tkowa regulacja geometrii oraz wsparcie obraz\u00f3w tr\u00f3jwymiarowych podnosz\u0105 mo\u017cliwo\u015bci instalacyjne na niezr\u00f3wnany poziom.<\/li>\n<\/ul>\n<\/div>\n<\/section>\n<dl id=\"speciList\" class=\"js-accordion\">\n<dt class=\"js-accordion__toggle accordion__toggle\">PARAMETRY OPTYCZNE<\/dt>\n<dd class=\"js-accordion__content\">\n<table class=\"datalist datalist--divided-inset\">\n<tbody>\n<tr>\n<td>Technologia projekcji<\/td>\n<td>DC4K Chip &#8211; DLP\u2122 Technology<\/td>\n<\/tr>\n<tr>\n<td>Rozdzielczo\u015b\u0107 natywna<\/td>\n<td>\n<div class=\"productSpecRes productSpecRes--columns\">4096 x 2160 (4K)<\/div>\n<\/td>\n<\/tr>\n<tr>\n<td>Proporcje obrazu<\/td>\n<td>17:9<\/td>\n<\/tr>\n<tr>\n<td>Kontrast <sup>1<\/sup><\/td>\n<td>30000:1 (z\u00a0kontrastem dynamicznym)<\/td>\n<\/tr>\n<tr>\n<td>Jasno\u015b\u0107 <sup>1<\/sup><\/td>\n<td>35000 ANSI lumen\u00f3w w trybie normalnym \/ 28000 w trybie eko; 40000 w trybie centre<\/td>\n<\/tr>\n<tr>\n<td>Moc lampy<\/td>\n<td>Laserowe \u017ar\u00f3d\u0142o \u015bwiat\u0142a<\/td>\n<\/tr>\n<tr>\n<td>\u017bywotno\u015b\u0107 \u017ar\u00f3d\u0142a \u015bwiat\u0142a [godz.]<\/td>\n<td>20000 <sup>2<\/sup><\/td>\n<\/tr>\n<tr>\n<td>Obiektyw<\/td>\n<td>7 opcjonalne obiektywy z\u00a0mocowaniem bagnetowym<\/td>\n<\/tr>\n<tr>\n<td>Regulacja soczewek<\/td>\n<td>Motorized<\/td>\n<\/tr>\n<tr>\n<td>Przesuwanie obiektywu<\/td>\n<td>Maks. \u00b117 w\u00a0poziomie, +50\/-50 w\u00a0pionie<\/td>\n<\/tr>\n<tr>\n<td>Korekcja zniekszta\u0142ce\u0144 trapezowych<\/td>\n<td>+\/-40\u00b0 w\u00a0poziomie (r\u0119cznie) \/ +\/-40\u00b0 w\u00a0pionie (r\u0119cznie)<\/td>\n<\/tr>\n<tr>\n<td>Wsp\u00f3\u0142czynnik projekcji<\/td>\n<td>w zale\u017cno\u015bci od wyboru obiektywu<\/td>\n<\/tr>\n<tr>\n<td>Odleg\u0142o\u015b\u0107 projekcji [m]<\/td>\n<td>2 \u2013 50<\/td>\n<\/tr>\n<tr>\n<td>Wielko\u015b\u0107 (przek\u0105tna) ekranu [cm] \/ [cale]<\/td>\n<td>254 \/ 100&#8243; &#8211; 2\u00a0540 \/ 1\u00a0000&#8243;<\/td>\n<\/tr>\n<tr>\n<td>Zoom<\/td>\n<td>Motorized<\/td>\n<\/tr>\n<tr>\n<td>Regulacja ogniskowej<\/td>\n<td>Mechaniczny<\/td>\n<\/tr>\n<tr>\n<td>Obs\u0142ugiwane rozdzielczo\u015bci<\/td>\n<td>\n<div class=\"productSpecRes productSpecRes--columns\">1080i\/50\/60; 1080p\/24\/25\/30\/50\/60; 1920 x 1200 (WUXGA); 2048 x 1080 (2K); 2560 x 1600 (WQXGA); 3840 x 2160 (UHD); 4096 x 2160 (4K); 480i\/50; 480p\/60; 576i\/50; 576p\/50; 640 x 480 (VGA); 720p\/50\/60<\/div>\n<\/td>\n<\/tr>\n<\/tbody>\n<\/table>\n<\/dd>\n<dt class=\"js-accordion__toggle accordion__toggle\">MO\u017bLIWO\u015aCI POD\u0141\u0104CZANIA<\/dt>\n<dd class=\"js-accordion__content\">\n<table class=\"datalist datalist--divided-inset\">\n<tbody>\n<tr>\n<td>Cyfrowe<\/td>\n<td>Wej\u015bcie: 1 x HDBaseT; 2 x DisplayPort; 2 x HDMI\u2122 z\u00a0obs\u0142ug\u0105 HDCP; 4 x 3G-SDI<\/td>\n<\/tr>\n<tr>\n<td>Control<\/td>\n<td>Wej\u015bcie: 1 x 9-pinowe D-Sub (RS-232), Ethernet<\/td>\n<\/tr>\n<tr>\n<td>Slot opcji<\/td>\n<td>Wej\u015bcie: 1 gniazd(a) na opcjonalne modu\u0142y OPS<\/td>\n<\/tr>\n<tr>\n<td>LAN<\/td>\n<td>1 x RJ45<\/td>\n<\/tr>\n<tr>\n<td>USB<\/td>\n<td>1 x Type A (USB 2.0 high speed)<\/td>\n<\/tr>\n<tr>\n<td>Video<\/td>\n<td>NTSC; NTSC 4,43; PAL; PAL-M; PAL-N; PAL60; SECAM<\/td>\n<\/tr>\n<\/tbody>\n<\/table>\n<\/dd>\n<dt class=\"js-accordion__toggle accordion__toggle\">FUNKCJE PILOTA<\/dt>\n<dd class=\"js-accordion__content\">\n<table class=\"datalist datalist--divided-inset\">\n<tbody>\n<tr>\n<td>Wej\u015bcie:<\/td>\n<td>1 x 3.5 mm Stereo Mini Jack<\/td>\n<\/tr>\n<tr>\n<td>Funkcje pilota<\/td>\n<td>Automatyczne dostosowanie geometrii obrazu; Bezpo\u015bredni wyb\u00f3r wej\u015bcia sygna\u0142u; Bezpo\u015brednie informacje; Funkcja PBP\/POP; Funkcja przys\u0142ony; Help-function; Korekcja efektu trapezowego; Korekcja geometryczna; Mo\u017cliwo\u015b\u0107 regulacji ostro\u015bci, powi\u0119kszenia obrazu oraz przesuni\u0119cia obiektywu (lens shift); Nawigacja (g\u00f3ra, d\u00f3\u0142, lewy, prawy); Numer ID; Obraz testowy; Pe\u0142na kontrola soczewek; PIP Function; Power (On-OFF); Sterowanie trybem ECO; Sterowanie wej\u015bciami; Wyb\u00f3r ID; Wyciszenie AV; W\u0142\u0105czanie\/wy\u0142\u0105czanie na ekranie; Zatrzymanie obrazu<\/td>\n<\/tr>\n<\/tbody>\n<\/table>\n<\/dd>\n<dt class=\"js-accordion__toggle accordion__toggle\">PARAMETRY ELEKTRYCZNE<\/dt>\n<dd class=\"js-accordion__content\">\n<table class=\"datalist datalist--divided-inset\">\n<tbody>\n<tr>\n<td>Zasilanie<\/td>\n<td>200-240 V AC; 50 &#8211; 60 Hz<\/td>\n<\/tr>\n<tr>\n<td>Pob\u00f3r mocy [W]<\/td>\n<td>4705 Normal Mode<\/td>\n<\/tr>\n<\/tbody>\n<\/table>\n<\/dd>\n<dt class=\"js-accordion__toggle accordion__toggle\">PARAMETRY MECHANICZNE<\/dt>\n<dd class=\"js-accordion__content\">\n<table class=\"datalist datalist--divided-inset\">\n<tbody>\n<tr>\n<td>Wymiary [mm]<\/td>\n<td>697 x 455 x 1\u00a0180 (bez n\u00f3\u017cek i obiektywu)<\/td>\n<\/tr>\n<tr>\n<td>Waga [kg]<\/td>\n<td>169<\/td>\n<\/tr>\n<tr>\n<td>Poziom szumu [dB (A)]<\/td>\n<td>53 \/ 55 (Eco \/ Normal)<\/td>\n<\/tr>\n<tr>\n<td>Wersje kolorystyczne<\/td>\n<td>Czarny<\/td>\n<\/tr>\n<\/tbody>\n<\/table>\n<\/dd>\n<dt class=\"js-accordion__toggle accordion__toggle\">WARUNKI OTOCZENIA<\/dt>\n<dd class=\"js-accordion__content\">\n<table class=\"datalist datalist--divided-inset\">\n<tbody>\n<tr>\n<td>Temperatura otoczenia podczes pracy [\u00b0C]<\/td>\n<td>0 do 40<\/td>\n<\/tr>\n<tr>\n<td>Wilgotno\u015b\u0107 otoczenia podczas pracy [%]<\/td>\n<td>10 do 85 non-condensing<\/td>\n<\/tr>\n<tr>\n<td>Temperatura przy przechowywaniu [\u00b0C]<\/td>\n<td>-10 do 50<\/td>\n<\/tr>\n<tr>\n<td>Wilgotno\u015b\u0107 przy przechowywaniu [%]<\/td>\n<td>10 do 85 non-condensing<\/td>\n<\/tr>\n<\/tbody>\n<\/table>\n<\/dd>\n<dt class=\"js-accordion__toggle accordion__toggle\">ERGONOMIA<\/dt>\n<dd class=\"js-accordion__content\">\n<table class=\"datalist datalist--divided-inset\">\n<tbody>\n<tr>\n<td>Bezpiecze\u0144stwo i ergonomia<\/td>\n<td>CE; ErP; RoHS; T\u00fcV GS<\/td>\n<\/tr>\n<\/tbody>\n<\/table>\n<\/dd>\n<dt class=\"js-accordion__toggle accordion__toggle\">DODATKOWE FUNKCJE<\/dt>\n<dd class=\"js-accordion__content\">\n<table class=\"datalist datalist--divided-inset\">\n<tbody>\n<tr>\n<td>Cechy Specjalne<\/td>\n<td>Funkcja zegara; Funkcja \u0142\u0105czenia kraw\u0119dzi (Edge Blending); HDBaseT; Interfejsy 4K\/60\u00a0Hz; kontrola przez RS232; Korekcja geometryczna; LAN; Lens Shift (vertical 0.55 max\/0.55 max, horizontal \u00b1 0.22 max.); Mo\u017cliwo\u015b\u0107 wy\u015bwietlania obraz\u00f3w 3D; Plansza kontrolna; Przetwarzanie w\u00a0technologii CQP (obraz o\u00a0jako\u015bci kinowej) zapewniaj\u0105ce najlepsz\u0105 jako\u015b\u0107 obrazu; Regulacja \u017ar\u00f3d\u0142a \u015bwiat\u0142a; Sterowanie przez sie\u0107 LAN; Swobodnie wychylany; Ustawienie w\u00a0orientacji pionowej<\/td>\n<\/tr>\n<\/tbody>\n<\/table>\n<\/dd>\n<dt class=\"js-accordion__toggle accordion__toggle\">FUNKCJE EKO<\/dt>\n<dd class=\"js-accordion__content\">\n<table class=\"datalist datalist--divided-inset\">\n<tbody>\n<tr>\n<td>Wydajno\u015b\u0107 energetyczna<\/td>\n<td>Laserowe \u017ar\u00f3d\u0142o \u015bwiat\u0142a<\/td>\n<\/tr>\n<tr>\n<td>Normy ekologiczne<\/td>\n<td>Zgodno\u015b\u0107 z ErP<\/td>\n<\/tr>\n<\/tbody>\n<\/table>\n<\/dd>\n<dt class=\"js-accordion__toggle accordion__toggle\">GWARANCJA<\/dt>\n<dd class=\"js-accordion__content\">\n<table class=\"datalist datalist--divided-inset\">\n<tbody>\n<tr>\n<td>Na projektor<\/td>\n<td>Serwis w ca\u0142ej Europie przez 3 lata<\/td>\n<\/tr>\n<tr>\n<td>\u0179r\u00f3d\u0142o \u015bwiat\u0142a<\/td>\n<td>3 lat lub 10000 h ( w zale\u017cno\u015bci od tego, co nast\u0105pi wcze\u015bniej)<\/td>\n<\/tr>\n<\/tbody>\n<\/table>\n<\/dd>\n<dt class=\"js-accordion__toggle accordion__toggle\">WYPOSA\u017bENIE DODATKOWE<\/dt>\n<dd class=\"js-accordion__content\">\n<table class=\"datalist datalist--divided-inset\">\n<tbody>\n<tr>\n<td>Obiektywu:<\/td>\n<td>L2K-10F1 (0.9:1); L2K-30ZM (2.71-3.89:1); L2K-43ZM1 (3.7-5.3:1); L2K-55ZM1 (4.8-7.4:1); L4K-11ZM (1.24-1.72:1); L4K-15ZM (1.52-2.1:1); L4K-20ZM (1.98-3.4:1)<\/td>\n<\/tr>\n<\/tbody>\n<\/table>\n<\/dd>\n<\/dl>\n","protected":false},"excerpt":{"rendered":"<div class=\"columns medium-6 product-features\">\n<table class=\"datalist datalist--divided-fullwidth\">\n<tbody>\n<tr>\n<td>Typ<\/td>\n<td>DLP<\/td>\n<\/tr>\n<tr>\n<td>Jasno\u015b\u0107 [AL]<\/td>\n<td>35000<\/td>\n<\/tr>\n<tr>\n<td>Rozdzielczo\u015b\u0107<\/td>\n<td>4096 x 2160<\/td>\n<\/tr>\n<tr>\n<td>\u0179r\u00f3d\u0142o \u015bwiat\u0142a<\/td>\n<td>Laser<\/td>\n<\/tr>\n<tr>\n<td>\u017bywotno\u015b\u0107 \u017ar\u00f3d\u0142a \u015bwiat\u0142a [godz]<\/td>\n<td>20000<\/td>\n<\/tr>\n<tr>\n<td>Masa [kg]<\/td>\n<td>169<\/td>\n<\/tr>\n<tr>\n<td>Kod produktu<\/td>\n<td>60004622<\/td>\n<\/tr>\n<\/tbody>\n<\/table>\n<\/div>\n","protected":false},"featured_media":716,"template":"","meta":{"inline_featured_image":false,"neve_meta_sidebar":"","neve_meta_container":"","neve_meta_enable_content_width":"off","neve_meta_content_width":100,"neve_meta_title_alignment":"","neve_meta_author_avatar":"","neve_post_elements_order":"","neve_meta_disable_header":"","neve_meta_disable_footer":"","neve_meta_disable_title":""},"pwb-brand":[28],"product_cat":[31],"product_tag":[],"yoast_head":"<!-- This site is optimized with the Yoast SEO plugin v22.6 - https:\/\/yoast.com\/wordpress\/plugins\/seo\/ -->\n<title>NEC PH3501QL - Projektor - Monitory Komercyjne Monitory komercyjne<\/title>\n<meta name=\"robots\" content=\"index, follow, max-snippet:-1, max-image-preview:large, max-video-preview:-1\" \/>\n<link rel=\"canonical\" href=\"https:\/\/monitorykomercyjne.pl\/index.php\/produkt\/nec-ph3501ql-projektor\/\" \/>\n<meta property=\"og:locale\" content=\"pl_PL\" \/>\n<meta property=\"og:type\" content=\"article\" \/>\n<meta property=\"og:title\" content=\"NEC PH3501QL - Projektor - Monitory Komercyjne Monitory komercyjne\" \/>\n<meta property=\"og:description\" content=\"Typ DLP   Jasno\u015b\u0107 [AL] 35000   Rozdzielczo\u015b\u0107 4096 x 2160   \u0179r\u00f3d\u0142o \u015bwiat\u0142a Laser   \u017bywotno\u015b\u0107 \u017ar\u00f3d\u0142a \u015bwiat\u0142a [godz] 20000   Masa [kg] 169   Kod produktu 60004622\" \/>\n<meta property=\"og:url\" content=\"https:\/\/monitorykomercyjne.pl\/index.php\/produkt\/nec-ph3501ql-projektor\/\" \/>\n<meta property=\"og:site_name\" content=\"Monitory Komercyjne\" \/>\n<meta property=\"article:modified_time\" content=\"2024-05-09T07:39:45+00:00\" \/>\n<meta property=\"og:image\" content=\"https:\/\/monitorykomercyjne.pl\/wp-content\/uploads\/2024\/03\/NEC-PH3501QL1.jpg\" \/>\n\t<meta property=\"og:image:width\" content=\"1600\" \/>\n\t<meta property=\"og:image:height\" content=\"1200\" \/>\n\t<meta property=\"og:image:type\" content=\"image\/jpeg\" \/>\n<meta name=\"twitter:card\" content=\"summary_large_image\" \/>\n<meta name=\"twitter:label1\" content=\"Szacowany czas czytania\" \/>\n\t<meta name=\"twitter:data1\" content=\"5 minut\" \/>\n<script type=\"application\/ld+json\" class=\"yoast-schema-graph\">{\"@context\":\"https:\/\/schema.org\",\"@graph\":[{\"@type\":\"WebPage\",\"@id\":\"https:\/\/monitorykomercyjne.pl\/index.php\/produkt\/nec-ph3501ql-projektor\/\",\"url\":\"https:\/\/monitorykomercyjne.pl\/index.php\/produkt\/nec-ph3501ql-projektor\/\",\"name\":\"NEC PH3501QL - Projektor - Monitory Komercyjne Monitory komercyjne\",\"isPartOf\":{\"@id\":\"https:\/\/monitorykomercyjne.pl\/#website\"},\"primaryImageOfPage\":{\"@id\":\"https:\/\/monitorykomercyjne.pl\/index.php\/produkt\/nec-ph3501ql-projektor\/#primaryimage\"},\"image\":{\"@id\":\"https:\/\/monitorykomercyjne.pl\/index.php\/produkt\/nec-ph3501ql-projektor\/#primaryimage\"},\"thumbnailUrl\":\"https:\/\/monitorykomercyjne.pl\/wp-content\/uploads\/2024\/03\/NEC-PH3501QL1.jpg\",\"datePublished\":\"2024-03-06T08:01:55+00:00\",\"dateModified\":\"2024-05-09T07:39:45+00:00\",\"breadcrumb\":{\"@id\":\"https:\/\/monitorykomercyjne.pl\/index.php\/produkt\/nec-ph3501ql-projektor\/#breadcrumb\"},\"inLanguage\":\"pl-PL\",\"potentialAction\":[{\"@type\":\"ReadAction\",\"target\":[\"https:\/\/monitorykomercyjne.pl\/index.php\/produkt\/nec-ph3501ql-projektor\/\"]}]},{\"@type\":\"ImageObject\",\"inLanguage\":\"pl-PL\",\"@id\":\"https:\/\/monitorykomercyjne.pl\/index.php\/produkt\/nec-ph3501ql-projektor\/#primaryimage\",\"url\":\"https:\/\/monitorykomercyjne.pl\/wp-content\/uploads\/2024\/03\/NEC-PH3501QL1.jpg\",\"contentUrl\":\"https:\/\/monitorykomercyjne.pl\/wp-content\/uploads\/2024\/03\/NEC-PH3501QL1.jpg\",\"width\":1600,\"height\":1200},{\"@type\":\"BreadcrumbList\",\"@id\":\"https:\/\/monitorykomercyjne.pl\/index.php\/produkt\/nec-ph3501ql-projektor\/#breadcrumb\",\"itemListElement\":[{\"@type\":\"ListItem\",\"position\":1,\"name\":\"Strona g\u0142\u00f3wna\",\"item\":\"https:\/\/monitorykomercyjne.pl\/\"},{\"@type\":\"ListItem\",\"position\":2,\"name\":\"Produkty\",\"item\":\"https:\/\/monitorykomercyjne.pl\/index.php\/produkty\/\"},{\"@type\":\"ListItem\",\"position\":3,\"name\":\"NEC PH3501QL &#8211; Projektor\"}]},{\"@type\":\"WebSite\",\"@id\":\"https:\/\/monitorykomercyjne.pl\/#website\",\"url\":\"https:\/\/monitorykomercyjne.pl\/\",\"name\":\"Monitory Komercyjne\",\"description\":\"\",\"potentialAction\":[{\"@type\":\"SearchAction\",\"target\":{\"@type\":\"EntryPoint\",\"urlTemplate\":\"https:\/\/monitorykomercyjne.pl\/?s={search_term_string}\"},\"query-input\":\"required name=search_term_string\"}],\"inLanguage\":\"pl-PL\"}]}<\/script>\n<!-- \/ Yoast SEO plugin. -->","yoast_head_json":{"title":"NEC PH3501QL - Projektor - Monitory Komercyjne Monitory komercyjne","robots":{"index":"index","follow":"follow","max-snippet":"max-snippet:-1","max-image-preview":"max-image-preview:large","max-video-preview":"max-video-preview:-1"},"canonical":"https:\/\/monitorykomercyjne.pl\/index.php\/produkt\/nec-ph3501ql-projektor\/","og_locale":"pl_PL","og_type":"article","og_title":"NEC PH3501QL - Projektor - Monitory Komercyjne Monitory komercyjne","og_description":"Typ DLP   Jasno\u015b\u0107 [AL] 35000   Rozdzielczo\u015b\u0107 4096 x 2160   \u0179r\u00f3d\u0142o \u015bwiat\u0142a Laser   \u017bywotno\u015b\u0107 \u017ar\u00f3d\u0142a \u015bwiat\u0142a [godz] 20000   Masa [kg] 169   Kod produktu 60004622","og_url":"https:\/\/monitorykomercyjne.pl\/index.php\/produkt\/nec-ph3501ql-projektor\/","og_site_name":"Monitory Komercyjne","article_modified_time":"2024-05-09T07:39:45+00:00","og_image":[{"width":1600,"height":1200,"url":"https:\/\/monitorykomercyjne.pl\/wp-content\/uploads\/2024\/03\/NEC-PH3501QL1.jpg","type":"image\/jpeg"}],"twitter_card":"summary_large_image","twitter_misc":{"Szacowany czas czytania":"5 minut"},"schema":{"@context":"https:\/\/schema.org","@graph":[{"@type":"WebPage","@id":"https:\/\/monitorykomercyjne.pl\/index.php\/produkt\/nec-ph3501ql-projektor\/","url":"https:\/\/monitorykomercyjne.pl\/index.php\/produkt\/nec-ph3501ql-projektor\/","name":"NEC PH3501QL - Projektor - Monitory Komercyjne Monitory komercyjne","isPartOf":{"@id":"https:\/\/monitorykomercyjne.pl\/#website"},"primaryImageOfPage":{"@id":"https:\/\/monitorykomercyjne.pl\/index.php\/produkt\/nec-ph3501ql-projektor\/#primaryimage"},"image":{"@id":"https:\/\/monitorykomercyjne.pl\/index.php\/produkt\/nec-ph3501ql-projektor\/#primaryimage"},"thumbnailUrl":"https:\/\/monitorykomercyjne.pl\/wp-content\/uploads\/2024\/03\/NEC-PH3501QL1.jpg","datePublished":"2024-03-06T08:01:55+00:00","dateModified":"2024-05-09T07:39:45+00:00","breadcrumb":{"@id":"https:\/\/monitorykomercyjne.pl\/index.php\/produkt\/nec-ph3501ql-projektor\/#breadcrumb"},"inLanguage":"pl-PL","potentialAction":[{"@type":"ReadAction","target":["https:\/\/monitorykomercyjne.pl\/index.php\/produkt\/nec-ph3501ql-projektor\/"]}]},{"@type":"ImageObject","inLanguage":"pl-PL","@id":"https:\/\/monitorykomercyjne.pl\/index.php\/produkt\/nec-ph3501ql-projektor\/#primaryimage","url":"https:\/\/monitorykomercyjne.pl\/wp-content\/uploads\/2024\/03\/NEC-PH3501QL1.jpg","contentUrl":"https:\/\/monitorykomercyjne.pl\/wp-content\/uploads\/2024\/03\/NEC-PH3501QL1.jpg","width":1600,"height":1200},{"@type":"BreadcrumbList","@id":"https:\/\/monitorykomercyjne.pl\/index.php\/produkt\/nec-ph3501ql-projektor\/#breadcrumb","itemListElement":[{"@type":"ListItem","position":1,"name":"Strona g\u0142\u00f3wna","item":"https:\/\/monitorykomercyjne.pl\/"},{"@type":"ListItem","position":2,"name":"Produkty","item":"https:\/\/monitorykomercyjne.pl\/index.php\/produkty\/"},{"@type":"ListItem","position":3,"name":"NEC PH3501QL &#8211; Projektor"}]},{"@type":"WebSite","@id":"https:\/\/monitorykomercyjne.pl\/#website","url":"https:\/\/monitorykomercyjne.pl\/","name":"Monitory Komercyjne","description":"","potentialAction":[{"@type":"SearchAction","target":{"@type":"EntryPoint","urlTemplate":"https:\/\/monitorykomercyjne.pl\/?s={search_term_string}"},"query-input":"required name=search_term_string"}],"inLanguage":"pl-PL"}]}},"brands":[{"id":28,"name":"SharpNEC","slug":"sharpnec"}],"_links":{"self":[{"href":"https:\/\/monitorykomercyjne.pl\/index.php\/wp-json\/wp\/v2\/product\/715"}],"collection":[{"href":"https:\/\/monitorykomercyjne.pl\/index.php\/wp-json\/wp\/v2\/product"}],"about":[{"href":"https:\/\/monitorykomercyjne.pl\/index.php\/wp-json\/wp\/v2\/types\/product"}],"wp:featuredmedia":[{"embeddable":true,"href":"https:\/\/monitorykomercyjne.pl\/index.php\/wp-json\/wp\/v2\/media\/716"}],"wp:attachment":[{"href":"https:\/\/monitorykomercyjne.pl\/index.php\/wp-json\/wp\/v2\/media?parent=715"}],"wp:term":[{"taxonomy":"pwb-brand","embeddable":true,"href":"https:\/\/monitorykomercyjne.pl\/index.php\/wp-json\/wp\/v2\/pwb-brand?post=715"},{"taxonomy":"product_cat","embeddable":true,"href":"https:\/\/monitorykomercyjne.pl\/index.php\/wp-json\/wp\/v2\/product_cat?post=715"},{"taxonomy":"product_tag","embeddable":true,"href":"https:\/\/monitorykomercyjne.pl\/index.php\/wp-json\/wp\/v2\/product_tag?post=715"}],"curies":[{"name":"wp","href":"https:\/\/api.w.org\/{rel}","templated":true}]}}