{"id":72,"date":"2024-02-21T09:57:30","date_gmt":"2024-02-21T08:57:30","guid":{"rendered":"https:\/\/monitorykomercyjne.pl\/?post_type=product&#038;p=72"},"modified":"2024-05-09T09:40:03","modified_gmt":"2024-05-09T07:40:03","slug":"pakiet-oprogramowania-dahua","status":"publish","type":"product","link":"https:\/\/monitorykomercyjne.pl\/index.php\/produkt\/pakiet-oprogramowania-dahua\/","title":{"rendered":"Pakiet oprogramowania Dahua"},"content":{"rendered":"<p>Pakiet oprogramowania Dahua zawiera:<\/p>\n<ul>\n<li>DeepHub Class &#8211; to cz\u0119\u015b\u0107\u00a0<strong>Dahua DeepHub Education Suite<\/strong>, zaprojektowana do interaktywnej nauki przy u\u017cyciu inteligentnej tablicy interaktywnej. Pozwala na przygotowywanie i prowadzenie zaj\u0119\u0107, tworzenie r\u00f3\u017cnorodnych szablon\u00f3w lekcji oraz interakcj\u0119 z uczniami zar\u00f3wno na zaj\u0119ciach stacjonarnych, jak i online. Dost\u0119pne narz\u0119dzia umo\u017cliwiaj\u0105 tworzenie w\u0142asnych materia\u0142\u00f3w dydaktycznych, a tak\u017ce synchronizacj\u0119 plik\u00f3w w chmurze.<\/li>\n<li>DeepHub Canvas &#8211; to cz\u0119\u015b\u0107 rozwi\u0105zania\u00a0<strong>Smart Classroom Solution<\/strong>\u00a0firmy Dahua. Pozwala na tworzenie dynamicznych i anga\u017cuj\u0105cych symulacji naukowych. Mo\u017cna korzysta\u0107 z r\u00f3\u017cnorodnych narz\u0119dzi, takich jak edycja, wstawianie obiekt\u00f3w czy tworzenie wykres\u00f3w.\u00a0Idealne do prowadzenia zaj\u0119\u0107 i prezentacji w klasie lub online.<\/li>\n<li>DeepHub Board &#8211; to oprogramowanie tablicy interaktywnej, kt\u00f3re umo\u017cliwia wsp\u00f3\u0142prac\u0119 online. Pozwala na pisanie i edycj\u0119 na tablicy w czasie rzeczywistym, a tak\u017ce obs\u0142uguje ponad 200 uczni\u00f3w i ponad 1000 widz\u00f3w jednocze\u015bnie.\u00a0Dzi\u0119ki temu narz\u0119dziu mo\u017cna tworzy\u0107 i udost\u0119pnia\u0107 r\u00f3\u017cnorodne tre\u015bci, a tak\u017ce prowadzi\u0107 seminaria i spotkania bez ogranicze\u0144 odleg\u0142o\u015bci.<\/li>\n<li>DeepHub MDM &#8211; to pot\u0119\u017cne oprogramowanie do zdalnego zarz\u0105dzania urz\u0105dzeniami. Obs\u0142uguje r\u00f3\u017cne systemy operacyjne (Windows, Android, iOS) oraz r\u00f3\u017cne urz\u0105dzenia (tablice interaktywne, tablety, komputery itp.). Pozwala na zdalny dost\u0119p do wszystkich urz\u0105dze\u0144, przesy\u0142anie plik\u00f3w, instalowanie aplikacji oraz stosowanie r\u00f3\u017cnych polityk bezpiecze\u0144stwa.\u00a0Jest to idealne narz\u0119dzie do zarz\u0105dzania infrastruktur\u0105 w szko\u0142ach i firmach.<\/li>\n<li>Broadcast &#8211; to technologia audio HD-over-Coax firmy Dahua. Pozwala na przesy\u0142anie wysokiej jako\u015bci d\u017awi\u0119ku w systemach monitoringu. Jest to pierwsza technologia na rynku HD-over-Coax, kt\u00f3ra umo\u017cliwia transmisj\u0119 d\u017awi\u0119ku przez kabel koncentryczny.\u00a0Dzi\u0119ki temu mo\u017cna osi\u0105gn\u0105\u0107 jako\u015b\u0107 d\u017awi\u0119ku na poziomie \u201cbroadcast\u201d, co stanowi wielowymiarowe rozwi\u0105zanie do monitoringu wideo.<\/li>\n<li>Cast<\/li>\n<\/ul>\n","protected":false},"excerpt":{"rendered":"<p>Pakiet oprogramowania Dahua zawiera:<\/p>\n<ul>\n<li>DeepHub Class<\/li>\n<li>DeepHub Canvas<\/li>\n<li>DeepHub Board<\/li>\n<li>DeepHub MDM<\/li>\n<li>Broadcast<\/li>\n<li>Cast<\/li>\n<\/ul>\n","protected":false},"featured_media":101,"template":"","meta":{"inline_featured_image":false,"neve_meta_sidebar":"","neve_meta_container":"","neve_meta_enable_content_width":"off","neve_meta_content_width":100,"neve_meta_title_alignment":"","neve_meta_author_avatar":"","neve_post_elements_order":"","neve_meta_disable_header":"","neve_meta_disable_footer":"","neve_meta_disable_title":""},"pwb-brand":[30],"product_cat":[19],"product_tag":[],"yoast_head":"<!-- This site is optimized with the Yoast SEO plugin v22.6 - https:\/\/yoast.com\/wordpress\/plugins\/seo\/ -->\n<title>Pakiet oprogramowania Dahua - Monitory Komercyjne Monitory komercyjne<\/title>\n<meta name=\"robots\" content=\"index, follow, max-snippet:-1, max-image-preview:large, max-video-preview:-1\" \/>\n<link rel=\"canonical\" href=\"https:\/\/monitorykomercyjne.pl\/index.php\/produkt\/pakiet-oprogramowania-dahua\/\" \/>\n<meta property=\"og:locale\" content=\"pl_PL\" \/>\n<meta property=\"og:type\" content=\"article\" \/>\n<meta property=\"og:title\" content=\"Pakiet oprogramowania Dahua - Monitory Komercyjne Monitory komercyjne\" \/>\n<meta property=\"og:description\" content=\"Pakiet oprogramowania Dahua zawiera:   DeepHub Class  DeepHub Canvas  DeepHub Board  DeepHub MDM  Broadcast  Cast\" \/>\n<meta property=\"og:url\" content=\"https:\/\/monitorykomercyjne.pl\/index.php\/produkt\/pakiet-oprogramowania-dahua\/\" \/>\n<meta property=\"og:site_name\" content=\"Monitory Komercyjne\" \/>\n<meta property=\"article:modified_time\" content=\"2024-05-09T07:40:03+00:00\" \/>\n<meta property=\"og:image\" content=\"https:\/\/monitorykomercyjne.pl\/wp-content\/uploads\/2024\/02\/deephub-canvas1.png\" \/>\n\t<meta property=\"og:image:width\" content=\"401\" \/>\n\t<meta property=\"og:image:height\" content=\"241\" \/>\n\t<meta property=\"og:image:type\" content=\"image\/png\" \/>\n<meta name=\"twitter:card\" content=\"summary_large_image\" \/>\n<meta name=\"twitter:label1\" content=\"Szacowany czas czytania\" \/>\n\t<meta name=\"twitter:data1\" content=\"2 minuty\" \/>\n<script type=\"application\/ld+json\" class=\"yoast-schema-graph\">{\"@context\":\"https:\/\/schema.org\",\"@graph\":[{\"@type\":\"WebPage\",\"@id\":\"https:\/\/monitorykomercyjne.pl\/index.php\/produkt\/pakiet-oprogramowania-dahua\/\",\"url\":\"https:\/\/monitorykomercyjne.pl\/index.php\/produkt\/pakiet-oprogramowania-dahua\/\",\"name\":\"Pakiet oprogramowania Dahua - Monitory Komercyjne Monitory komercyjne\",\"isPartOf\":{\"@id\":\"https:\/\/monitorykomercyjne.pl\/#website\"},\"primaryImageOfPage\":{\"@id\":\"https:\/\/monitorykomercyjne.pl\/index.php\/produkt\/pakiet-oprogramowania-dahua\/#primaryimage\"},\"image\":{\"@id\":\"https:\/\/monitorykomercyjne.pl\/index.php\/produkt\/pakiet-oprogramowania-dahua\/#primaryimage\"},\"thumbnailUrl\":\"https:\/\/monitorykomercyjne.pl\/wp-content\/uploads\/2024\/02\/deephub-canvas1.png\",\"datePublished\":\"2024-02-21T08:57:30+00:00\",\"dateModified\":\"2024-05-09T07:40:03+00:00\",\"breadcrumb\":{\"@id\":\"https:\/\/monitorykomercyjne.pl\/index.php\/produkt\/pakiet-oprogramowania-dahua\/#breadcrumb\"},\"inLanguage\":\"pl-PL\",\"potentialAction\":[{\"@type\":\"ReadAction\",\"target\":[\"https:\/\/monitorykomercyjne.pl\/index.php\/produkt\/pakiet-oprogramowania-dahua\/\"]}]},{\"@type\":\"ImageObject\",\"inLanguage\":\"pl-PL\",\"@id\":\"https:\/\/monitorykomercyjne.pl\/index.php\/produkt\/pakiet-oprogramowania-dahua\/#primaryimage\",\"url\":\"https:\/\/monitorykomercyjne.pl\/wp-content\/uploads\/2024\/02\/deephub-canvas1.png\",\"contentUrl\":\"https:\/\/monitorykomercyjne.pl\/wp-content\/uploads\/2024\/02\/deephub-canvas1.png\",\"width\":401,\"height\":241},{\"@type\":\"BreadcrumbList\",\"@id\":\"https:\/\/monitorykomercyjne.pl\/index.php\/produkt\/pakiet-oprogramowania-dahua\/#breadcrumb\",\"itemListElement\":[{\"@type\":\"ListItem\",\"position\":1,\"name\":\"Strona g\u0142\u00f3wna\",\"item\":\"https:\/\/monitorykomercyjne.pl\/\"},{\"@type\":\"ListItem\",\"position\":2,\"name\":\"Produkty\",\"item\":\"https:\/\/monitorykomercyjne.pl\/index.php\/produkty\/\"},{\"@type\":\"ListItem\",\"position\":3,\"name\":\"Pakiet oprogramowania Dahua\"}]},{\"@type\":\"WebSite\",\"@id\":\"https:\/\/monitorykomercyjne.pl\/#website\",\"url\":\"https:\/\/monitorykomercyjne.pl\/\",\"name\":\"Monitory Komercyjne\",\"description\":\"\",\"potentialAction\":[{\"@type\":\"SearchAction\",\"target\":{\"@type\":\"EntryPoint\",\"urlTemplate\":\"https:\/\/monitorykomercyjne.pl\/?s={search_term_string}\"},\"query-input\":\"required name=search_term_string\"}],\"inLanguage\":\"pl-PL\"}]}<\/script>\n<!-- \/ Yoast SEO plugin. -->","yoast_head_json":{"title":"Pakiet oprogramowania Dahua - Monitory Komercyjne Monitory komercyjne","robots":{"index":"index","follow":"follow","max-snippet":"max-snippet:-1","max-image-preview":"max-image-preview:large","max-video-preview":"max-video-preview:-1"},"canonical":"https:\/\/monitorykomercyjne.pl\/index.php\/produkt\/pakiet-oprogramowania-dahua\/","og_locale":"pl_PL","og_type":"article","og_title":"Pakiet oprogramowania Dahua - Monitory Komercyjne Monitory komercyjne","og_description":"Pakiet oprogramowania Dahua zawiera:   DeepHub Class  DeepHub Canvas  DeepHub Board  DeepHub MDM  Broadcast  Cast","og_url":"https:\/\/monitorykomercyjne.pl\/index.php\/produkt\/pakiet-oprogramowania-dahua\/","og_site_name":"Monitory Komercyjne","article_modified_time":"2024-05-09T07:40:03+00:00","og_image":[{"width":401,"height":241,"url":"https:\/\/monitorykomercyjne.pl\/wp-content\/uploads\/2024\/02\/deephub-canvas1.png","type":"image\/png"}],"twitter_card":"summary_large_image","twitter_misc":{"Szacowany czas czytania":"2 minuty"},"schema":{"@context":"https:\/\/schema.org","@graph":[{"@type":"WebPage","@id":"https:\/\/monitorykomercyjne.pl\/index.php\/produkt\/pakiet-oprogramowania-dahua\/","url":"https:\/\/monitorykomercyjne.pl\/index.php\/produkt\/pakiet-oprogramowania-dahua\/","name":"Pakiet oprogramowania Dahua - Monitory Komercyjne Monitory komercyjne","isPartOf":{"@id":"https:\/\/monitorykomercyjne.pl\/#website"},"primaryImageOfPage":{"@id":"https:\/\/monitorykomercyjne.pl\/index.php\/produkt\/pakiet-oprogramowania-dahua\/#primaryimage"},"image":{"@id":"https:\/\/monitorykomercyjne.pl\/index.php\/produkt\/pakiet-oprogramowania-dahua\/#primaryimage"},"thumbnailUrl":"https:\/\/monitorykomercyjne.pl\/wp-content\/uploads\/2024\/02\/deephub-canvas1.png","datePublished":"2024-02-21T08:57:30+00:00","dateModified":"2024-05-09T07:40:03+00:00","breadcrumb":{"@id":"https:\/\/monitorykomercyjne.pl\/index.php\/produkt\/pakiet-oprogramowania-dahua\/#breadcrumb"},"inLanguage":"pl-PL","potentialAction":[{"@type":"ReadAction","target":["https:\/\/monitorykomercyjne.pl\/index.php\/produkt\/pakiet-oprogramowania-dahua\/"]}]},{"@type":"ImageObject","inLanguage":"pl-PL","@id":"https:\/\/monitorykomercyjne.pl\/index.php\/produkt\/pakiet-oprogramowania-dahua\/#primaryimage","url":"https:\/\/monitorykomercyjne.pl\/wp-content\/uploads\/2024\/02\/deephub-canvas1.png","contentUrl":"https:\/\/monitorykomercyjne.pl\/wp-content\/uploads\/2024\/02\/deephub-canvas1.png","width":401,"height":241},{"@type":"BreadcrumbList","@id":"https:\/\/monitorykomercyjne.pl\/index.php\/produkt\/pakiet-oprogramowania-dahua\/#breadcrumb","itemListElement":[{"@type":"ListItem","position":1,"name":"Strona g\u0142\u00f3wna","item":"https:\/\/monitorykomercyjne.pl\/"},{"@type":"ListItem","position":2,"name":"Produkty","item":"https:\/\/monitorykomercyjne.pl\/index.php\/produkty\/"},{"@type":"ListItem","position":3,"name":"Pakiet oprogramowania Dahua"}]},{"@type":"WebSite","@id":"https:\/\/monitorykomercyjne.pl\/#website","url":"https:\/\/monitorykomercyjne.pl\/","name":"Monitory Komercyjne","description":"","potentialAction":[{"@type":"SearchAction","target":{"@type":"EntryPoint","urlTemplate":"https:\/\/monitorykomercyjne.pl\/?s={search_term_string}"},"query-input":"required name=search_term_string"}],"inLanguage":"pl-PL"}]}},"brands":[{"id":30,"name":"Dahua","slug":"dahua"}],"_links":{"self":[{"href":"https:\/\/monitorykomercyjne.pl\/index.php\/wp-json\/wp\/v2\/product\/72"}],"collection":[{"href":"https:\/\/monitorykomercyjne.pl\/index.php\/wp-json\/wp\/v2\/product"}],"about":[{"href":"https:\/\/monitorykomercyjne.pl\/index.php\/wp-json\/wp\/v2\/types\/product"}],"wp:featuredmedia":[{"embeddable":true,"href":"https:\/\/monitorykomercyjne.pl\/index.php\/wp-json\/wp\/v2\/media\/101"}],"wp:attachment":[{"href":"https:\/\/monitorykomercyjne.pl\/index.php\/wp-json\/wp\/v2\/media?parent=72"}],"wp:term":[{"taxonomy":"pwb-brand","embeddable":true,"href":"https:\/\/monitorykomercyjne.pl\/index.php\/wp-json\/wp\/v2\/pwb-brand?post=72"},{"taxonomy":"product_cat","embeddable":true,"href":"https:\/\/monitorykomercyjne.pl\/index.php\/wp-json\/wp\/v2\/product_cat?post=72"},{"taxonomy":"product_tag","embeddable":true,"href":"https:\/\/monitorykomercyjne.pl\/index.php\/wp-json\/wp\/v2\/product_tag?post=72"}],"curies":[{"name":"wp","href":"https:\/\/api.w.org\/{rel}","templated":true}]}}