{"id":75,"date":"2024-02-21T09:57:30","date_gmt":"2024-02-21T08:57:30","guid":{"rendered":"https:\/\/monitorykomercyjne.pl\/?post_type=product&#038;p=75"},"modified":"2024-05-09T09:40:03","modified_gmt":"2024-05-09T07:40:03","slug":"deephub-mdm-manager-urzadzen-dahua","status":"publish","type":"product","link":"https:\/\/monitorykomercyjne.pl\/index.php\/produkt\/deephub-mdm-manager-urzadzen-dahua\/","title":{"rendered":"DeepHub MDM &#8211; manager urz\u0105dze\u0144 DAHUA"},"content":{"rendered":"<p data-gtm-vis-recent-on-screen10552706_181=\"5391\" data-gtm-vis-first-on-screen10552706_181=\"5391\" data-gtm-vis-total-visible-time10552706_181=\"100\" data-gtm-vis-has-fired10552706_181=\"1\" data-gtm-vis-first-on-screen10552706_184=\"5420\" data-gtm-vis-first-on-screen10552706_192=\"5445\" data-gtm-vis-first-on-screen10552706_193=\"5462\" data-gtm-vis-first-on-screen10552706_194=\"5484\" data-gtm-vis-recent-on-screen10552706_195=\"5506\" data-gtm-vis-first-on-screen10552706_195=\"5506\" data-gtm-vis-total-visible-time10552706_195=\"100\" data-gtm-vis-has-fired10552706_195=\"1\" data-gtm-vis-first-on-screen10552706_196=\"5508\" data-gtm-vis-first-on-screen10552706_217=\"5524\" data-gtm-vis-recent-on-screen10552706_193=\"2256101\" data-gtm-vis-total-visible-time10552706_193=\"100\" data-gtm-vis-has-fired10552706_193=\"1\" data-gtm-vis-recent-on-screen10552706_194=\"2256110\" data-gtm-vis-total-visible-time10552706_194=\"100\" data-gtm-vis-has-fired10552706_194=\"1\" data-gtm-vis-recent-on-screen10552706_196=\"2256115\" data-gtm-vis-total-visible-time10552706_196=\"100\" data-gtm-vis-has-fired10552706_196=\"1\" data-gtm-vis-recent-on-screen10552706_217=\"2256120\" data-gtm-vis-total-visible-time10552706_217=\"100\" data-gtm-vis-has-fired10552706_217=\"1\" data-gtm-vis-recent-on-screen10552706_192=\"2256123\" data-gtm-vis-total-visible-time10552706_192=\"100\" data-gtm-vis-has-fired10552706_192=\"1\" data-gtm-vis-recent-on-screen10552706_184=\"2256126\" data-gtm-vis-total-visible-time10552706_184=\"100\" data-gtm-vis-has-fired10552706_184=\"1\"><span>Dahua DeepHub Device Management System to pot\u0119\u017cne oprogramowanie do zdalnego zarz\u0105dzania urz\u0105dzeniami, kt\u00f3re obs\u0142uguje r\u00f3\u017cne systemy operacyjne (Windows, Android, iOS) i urz\u0105dzenia (inteligentne tablice interaktywne, tablety, komputery itp.), spe\u0142niaj\u0105c r\u00f3\u017cnorodne potrzeby u\u017cytkownik\u00f3w. Dzi\u0119ki temu inteligentnemu systemowi administrator mo\u017ce nie tylko przegl\u0105da\u0107 informacje o urz\u0105dzeniu (nazwa ekranu, numer seryjny, system operacyjny, znaczniki itp.), ale tak\u017ce mo\u017ce wysy\u0142a\u0107 pliki lub instalowa\u0107 aplikacje na wszystkich lub wybranych urz\u0105dzeniach. Ponadto administrator mo\u017ce r\u00f3wnie\u017c zastosowa\u0107 r\u00f3\u017cne polityki (np. ograniczenia uprawnie\u0144) do urz\u0105dzenia, aby zapewni\u0107 jego bezpiecze\u0144stwo.<\/span><\/p>\n<ul>\n<li data-gtm-vis-has-fired10552706_181=\"1\" data-gtm-vis-first-on-screen10552706_184=\"5427\" data-gtm-vis-first-on-screen10552706_192=\"5448\" data-gtm-vis-first-on-screen10552706_193=\"5464\" data-gtm-vis-first-on-screen10552706_194=\"5486\" data-gtm-vis-has-fired10552706_195=\"1\" data-gtm-vis-first-on-screen10552706_196=\"5510\" data-gtm-vis-first-on-screen10552706_217=\"5525\" data-gtm-vis-recent-on-screen10552706_193=\"2256106\" data-gtm-vis-total-visible-time10552706_193=\"100\" data-gtm-vis-has-fired10552706_193=\"1\" data-gtm-vis-recent-on-screen10552706_194=\"2256112\" data-gtm-vis-total-visible-time10552706_194=\"100\" data-gtm-vis-has-fired10552706_194=\"1\" data-gtm-vis-recent-on-screen10552706_196=\"2256117\" data-gtm-vis-total-visible-time10552706_196=\"100\" data-gtm-vis-has-fired10552706_196=\"1\" data-gtm-vis-recent-on-screen10552706_217=\"2256121\" data-gtm-vis-total-visible-time10552706_217=\"100\" data-gtm-vis-has-fired10552706_217=\"1\" data-gtm-vis-recent-on-screen10552706_192=\"2256124\" data-gtm-vis-total-visible-time10552706_192=\"100\" data-gtm-vis-has-fired10552706_192=\"1\" data-gtm-vis-recent-on-screen10552706_184=\"2256127\" data-gtm-vis-total-visible-time10552706_184=\"100\" data-gtm-vis-has-fired10552706_184=\"1\"><span>Oferuje pe\u0142ny zdalny dost\u0119p do wszystkich urz\u0105dze\u0144.<\/span><\/li>\n<li data-gtm-vis-has-fired10552706_181=\"1\" data-gtm-vis-first-on-screen10552706_184=\"5432\" data-gtm-vis-first-on-screen10552706_192=\"5450\" data-gtm-vis-first-on-screen10552706_193=\"5465\" data-gtm-vis-first-on-screen10552706_194=\"5488\" data-gtm-vis-has-fired10552706_195=\"1\" data-gtm-vis-first-on-screen10552706_196=\"5513\" data-gtm-vis-first-on-screen10552706_217=\"5528\" data-gtm-vis-recent-on-screen10552706_193=\"2256108\" data-gtm-vis-total-visible-time10552706_193=\"100\" data-gtm-vis-has-fired10552706_193=\"1\" data-gtm-vis-recent-on-screen10552706_194=\"2256113\" data-gtm-vis-total-visible-time10552706_194=\"100\" data-gtm-vis-has-fired10552706_194=\"1\" data-gtm-vis-recent-on-screen10552706_196=\"2256119\" data-gtm-vis-total-visible-time10552706_196=\"100\" data-gtm-vis-has-fired10552706_196=\"1\" data-gtm-vis-recent-on-screen10552706_217=\"2256122\" data-gtm-vis-total-visible-time10552706_217=\"100\" data-gtm-vis-has-fired10552706_217=\"1\" data-gtm-vis-recent-on-screen10552706_192=\"2256125\" data-gtm-vis-total-visible-time10552706_192=\"100\" data-gtm-vis-has-fired10552706_192=\"1\" data-gtm-vis-recent-on-screen10552706_184=\"2256128\" data-gtm-vis-total-visible-time10552706_184=\"100\" data-gtm-vis-has-fired10552706_184=\"1\"><span>Zawiera informacje o urz\u0105dzeniach (nazwa, system operacyjny, ostatnio widziany, adres IP, u\u017cycie procesora, pami\u0119\u0107, pami\u0119\u0107, aplikacje i inne).<\/span><\/li>\n<li data-gtm-vis-has-fired10552706_181=\"1\" data-gtm-vis-first-on-screen10552706_184=\"5434\" data-gtm-vis-first-on-screen10552706_192=\"5454\" data-gtm-vis-first-on-screen10552706_193=\"5468\" data-gtm-vis-first-on-screen10552706_194=\"5492\" data-gtm-vis-has-fired10552706_195=\"1\" data-gtm-vis-first-on-screen10552706_196=\"5515\" data-gtm-vis-first-on-screen10552706_217=\"5530\" data-gtm-vis-recent-on-screen10552706_193=\"2256068\" data-gtm-vis-total-visible-time10552706_193=\"100\" data-gtm-vis-has-fired10552706_193=\"1\" data-gtm-vis-recent-on-screen10552706_194=\"2256074\" data-gtm-vis-total-visible-time10552706_194=\"100\" data-gtm-vis-has-fired10552706_194=\"1\" data-gtm-vis-recent-on-screen10552706_196=\"2256078\" data-gtm-vis-total-visible-time10552706_196=\"100\" data-gtm-vis-has-fired10552706_196=\"1\" data-gtm-vis-recent-on-screen10552706_217=\"2256085\" data-gtm-vis-total-visible-time10552706_217=\"100\" data-gtm-vis-has-fired10552706_217=\"1\" data-gtm-vis-recent-on-screen10552706_192=\"2256090\" data-gtm-vis-total-visible-time10552706_192=\"100\" data-gtm-vis-has-fired10552706_192=\"1\" data-gtm-vis-recent-on-screen10552706_184=\"2256094\" data-gtm-vis-total-visible-time10552706_184=\"100\" data-gtm-vis-has-fired10552706_184=\"1\"><span>Obs\u0142uguje wysy\u0142anie wiadomo\u015bci b\u0142yskawicznych lub zaplanowanych do wszystkich lub wybranych urz\u0105dze\u0144.<\/span><\/li>\n<li data-gtm-vis-has-fired10552706_181=\"1\" data-gtm-vis-first-on-screen10552706_184=\"5436\" data-gtm-vis-first-on-screen10552706_192=\"5456\" data-gtm-vis-first-on-screen10552706_193=\"5473\" data-gtm-vis-first-on-screen10552706_194=\"5494\" data-gtm-vis-has-fired10552706_195=\"1\" data-gtm-vis-first-on-screen10552706_196=\"5517\" data-gtm-vis-first-on-screen10552706_217=\"5531\" data-gtm-vis-recent-on-screen10552706_193=\"2256071\" data-gtm-vis-total-visible-time10552706_193=\"100\" data-gtm-vis-has-fired10552706_193=\"1\" data-gtm-vis-recent-on-screen10552706_194=\"2256076\" data-gtm-vis-total-visible-time10552706_194=\"100\" data-gtm-vis-has-fired10552706_194=\"1\" data-gtm-vis-recent-on-screen10552706_196=\"2256080\" data-gtm-vis-total-visible-time10552706_196=\"100\" data-gtm-vis-has-fired10552706_196=\"1\" data-gtm-vis-recent-on-screen10552706_217=\"2256087\" data-gtm-vis-total-visible-time10552706_217=\"100\" data-gtm-vis-has-fired10552706_217=\"1\" data-gtm-vis-recent-on-screen10552706_192=\"2256092\" data-gtm-vis-total-visible-time10552706_192=\"100\" data-gtm-vis-has-fired10552706_192=\"1\" data-gtm-vis-recent-on-screen10552706_184=\"2256096\" data-gtm-vis-total-visible-time10552706_184=\"100\" data-gtm-vis-has-fired10552706_184=\"1\"><span>Obs\u0142uguje tworzenie r\u00f3\u017cnych u\u017cytkownik\u00f3w na platformie i odpowiednie ustawianie ich odpowiednich uprawnie\u0144.<\/span><\/li>\n<li data-gtm-vis-has-fired10552706_181=\"1\" data-gtm-vis-first-on-screen10552706_184=\"5439\" data-gtm-vis-first-on-screen10552706_192=\"5457\" data-gtm-vis-first-on-screen10552706_193=\"5475\" data-gtm-vis-first-on-screen10552706_194=\"5496\" data-gtm-vis-has-fired10552706_195=\"1\" data-gtm-vis-first-on-screen10552706_196=\"5519\" data-gtm-vis-first-on-screen10552706_217=\"5532\" data-gtm-vis-recent-on-screen10552706_194=\"2076391\" data-gtm-vis-total-visible-time10552706_194=\"100\" data-gtm-vis-has-fired10552706_194=\"1\" data-gtm-vis-recent-on-screen10552706_196=\"2076393\" data-gtm-vis-total-visible-time10552706_196=\"100\" data-gtm-vis-has-fired10552706_196=\"1\" data-gtm-vis-recent-on-screen10552706_192=\"2076399\" data-gtm-vis-total-visible-time10552706_192=\"100\" data-gtm-vis-has-fired10552706_192=\"1\" data-gtm-vis-recent-on-screen10552706_217=\"2256016\" data-gtm-vis-total-visible-time10552706_217=\"100\" data-gtm-vis-has-fired10552706_217=\"1\" data-gtm-vis-recent-on-screen10552706_184=\"2256020\" data-gtm-vis-total-visible-time10552706_184=\"100\" data-gtm-vis-has-fired10552706_184=\"1\" data-gtm-vis-recent-on-screen10552706_193=\"2256050\" data-gtm-vis-total-visible-time10552706_193=\"100\" data-gtm-vis-has-fired10552706_193=\"1\"><span>Obs\u0142uguje dodawanie tag\u00f3w i grup dla r\u00f3\u017cnych urz\u0105dze\u0144, umo\u017cliwiaj\u0105c administratorowi stosowanie dzia\u0142a\u0144 na jednym urz\u0105dzeniu, grupach urz\u0105dze\u0144 lub wszystkich urz\u0105dzeniach.<\/span><\/li>\n<li data-gtm-vis-has-fired10552706_181=\"1\" data-gtm-vis-first-on-screen10552706_184=\"5441\" data-gtm-vis-first-on-screen10552706_192=\"5459\" data-gtm-vis-first-on-screen10552706_193=\"5476\" data-gtm-vis-first-on-screen10552706_194=\"5498\" data-gtm-vis-has-fired10552706_195=\"1\" data-gtm-vis-first-on-screen10552706_196=\"5521\" data-gtm-vis-first-on-screen10552706_217=\"5533\" data-gtm-vis-recent-on-screen10552706_184=\"2076287\" data-gtm-vis-total-visible-time10552706_184=\"100\" data-gtm-vis-has-fired10552706_184=\"1\" data-gtm-vis-recent-on-screen10552706_194=\"2076288\" data-gtm-vis-total-visible-time10552706_194=\"100\" data-gtm-vis-has-fired10552706_194=\"1\" data-gtm-vis-recent-on-screen10552706_196=\"2076289\" data-gtm-vis-total-visible-time10552706_196=\"100\" data-gtm-vis-has-fired10552706_196=\"1\" data-gtm-vis-recent-on-screen10552706_217=\"2076289\" data-gtm-vis-total-visible-time10552706_217=\"100\" data-gtm-vis-has-fired10552706_217=\"1\" data-gtm-vis-recent-on-screen10552706_192=\"2076291\" data-gtm-vis-total-visible-time10552706_192=\"100\" data-gtm-vis-has-fired10552706_192=\"1\" data-gtm-vis-recent-on-screen10552706_193=\"2076292\" data-gtm-vis-total-visible-time10552706_193=\"100\" data-gtm-vis-has-fired10552706_193=\"1\"><span>Obs\u0142uguje instalowanie i odinstalowywanie aplikacji na urz\u0105dzeniach.<\/span><\/li>\n<li data-gtm-vis-has-fired10552706_181=\"1\" data-gtm-vis-first-on-screen10552706_184=\"5443\" data-gtm-vis-first-on-screen10552706_192=\"5460\" data-gtm-vis-first-on-screen10552706_193=\"5482\" data-gtm-vis-first-on-screen10552706_194=\"5502\" data-gtm-vis-has-fired10552706_195=\"1\" data-gtm-vis-first-on-screen10552706_196=\"5522\" data-gtm-vis-first-on-screen10552706_217=\"5534\" data-gtm-vis-recent-on-screen10552706_194=\"2076281\" data-gtm-vis-total-visible-time10552706_194=\"100\" data-gtm-vis-has-fired10552706_194=\"1\" data-gtm-vis-recent-on-screen10552706_196=\"2076282\" data-gtm-vis-total-visible-time10552706_196=\"100\" data-gtm-vis-has-fired10552706_196=\"1\" data-gtm-vis-recent-on-screen10552706_217=\"2076284\" data-gtm-vis-total-visible-time10552706_217=\"100\" data-gtm-vis-has-fired10552706_217=\"1\" data-gtm-vis-recent-on-screen10552706_192=\"2076285\" data-gtm-vis-total-visible-time10552706_192=\"100\" data-gtm-vis-has-fired10552706_192=\"1\" data-gtm-vis-recent-on-screen10552706_184=\"2076286\" data-gtm-vis-total-visible-time10552706_184=\"100\" data-gtm-vis-has-fired10552706_184=\"1\" data-gtm-vis-recent-on-screen10552706_193=\"2076294\" data-gtm-vis-total-visible-time10552706_193=\"100\" data-gtm-vis-has-fired10552706_193=\"1\"><span>Obs\u0142uguje stosowanie i egzekwowanie r\u00f3\u017cnych zasad u\u017cytkowania na urz\u0105dzeniach.<\/span><\/li>\n<\/ul>\n","protected":false},"excerpt":{"rendered":"<p>Dahua DeepHub Device Management System to pot\u0119\u017cne oprogramowanie do zdalnego zarz\u0105dzania urz\u0105dzeniami, kt\u00f3re obs\u0142uguje r\u00f3\u017cne systemy operacyjne (Windows, Android, iOS) i urz\u0105dzenia (inteligentne tablice interaktywne, tablety, komputery itp.), spe\u0142niaj\u0105c r\u00f3\u017cnorodne potrzeby u\u017cytkownik\u00f3w. Dzi\u0119ki temu inteligentnemu systemowi administrator mo\u017ce nie tylko przegl\u0105da\u0107 informacje o urz\u0105dzeniu (nazwa ekranu, numer seryjny, system operacyjny, znaczniki itp.), ale tak\u017ce mo\u017ce wysy\u0142a\u0107 pliki lub instalowa\u0107 aplikacje na wszystkich lub wybranych urz\u0105dzeniach. Ponadto administrator mo\u017ce r\u00f3wnie\u017c zastosowa\u0107 r\u00f3\u017cne polityki (np. ograniczenia uprawnie\u0144) do urz\u0105dzenia, aby zapewni\u0107 jego bezpiecze\u0144stwo.<\/p>\n","protected":false},"featured_media":104,"template":"","meta":{"inline_featured_image":false,"neve_meta_sidebar":"","neve_meta_container":"","neve_meta_enable_content_width":"off","neve_meta_content_width":100,"neve_meta_title_alignment":"","neve_meta_author_avatar":"","neve_post_elements_order":"","neve_meta_disable_header":"","neve_meta_disable_footer":"","neve_meta_disable_title":""},"pwb-brand":[30],"product_cat":[19],"product_tag":[],"yoast_head":"<!-- This site is optimized with the Yoast SEO plugin v22.6 - https:\/\/yoast.com\/wordpress\/plugins\/seo\/ -->\n<title>DeepHub MDM - manager urz\u0105dze\u0144 DAHUA - Monitory Komercyjne Monitory komercyjne<\/title>\n<meta name=\"robots\" content=\"index, follow, max-snippet:-1, max-image-preview:large, max-video-preview:-1\" \/>\n<link rel=\"canonical\" href=\"https:\/\/monitorykomercyjne.pl\/index.php\/produkt\/deephub-mdm-manager-urzadzen-dahua\/\" \/>\n<meta property=\"og:locale\" content=\"pl_PL\" \/>\n<meta property=\"og:type\" content=\"article\" \/>\n<meta property=\"og:title\" content=\"DeepHub MDM - manager urz\u0105dze\u0144 DAHUA - Monitory Komercyjne Monitory komercyjne\" \/>\n<meta property=\"og:description\" content=\"Dahua DeepHub Device Management System to pot\u0119\u017cne oprogramowanie do zdalnego zarz\u0105dzania urz\u0105dzeniami, kt\u00f3re obs\u0142uguje r\u00f3\u017cne systemy operacyjne (Windows, Android, iOS) i urz\u0105dzenia (inteligentne tablice interaktywne, tablety, komputery itp.), spe\u0142niaj\u0105c r\u00f3\u017cnorodne potrzeby u\u017cytkownik\u00f3w. Dzi\u0119ki temu inteligentnemu systemowi administrator mo\u017ce nie tylko przegl\u0105da\u0107 informacje o urz\u0105dzeniu (nazwa ekranu, numer seryjny, system operacyjny, znaczniki itp.), ale tak\u017ce mo\u017ce wysy\u0142a\u0107 pliki lub instalowa\u0107 aplikacje na wszystkich lub wybranych urz\u0105dzeniach. Ponadto administrator mo\u017ce r\u00f3wnie\u017c zastosowa\u0107 r\u00f3\u017cne polityki (np. ograniczenia uprawnie\u0144) do urz\u0105dzenia, aby zapewni\u0107 jego bezpiecze\u0144stwo.\" \/>\n<meta property=\"og:url\" content=\"https:\/\/monitorykomercyjne.pl\/index.php\/produkt\/deephub-mdm-manager-urzadzen-dahua\/\" \/>\n<meta property=\"og:site_name\" content=\"Monitory Komercyjne\" \/>\n<meta property=\"article:modified_time\" content=\"2024-05-09T07:40:03+00:00\" \/>\n<meta property=\"og:image\" content=\"https:\/\/monitorykomercyjne.pl\/wp-content\/uploads\/2024\/02\/deephub_mdm1.png\" \/>\n\t<meta property=\"og:image:width\" content=\"1600\" \/>\n\t<meta property=\"og:image:height\" content=\"1600\" \/>\n\t<meta property=\"og:image:type\" content=\"image\/png\" \/>\n<meta name=\"twitter:card\" content=\"summary_large_image\" \/>\n<meta name=\"twitter:label1\" content=\"Szacowany czas czytania\" \/>\n\t<meta name=\"twitter:data1\" content=\"1 minuta\" \/>\n<script type=\"application\/ld+json\" class=\"yoast-schema-graph\">{\"@context\":\"https:\/\/schema.org\",\"@graph\":[{\"@type\":\"WebPage\",\"@id\":\"https:\/\/monitorykomercyjne.pl\/index.php\/produkt\/deephub-mdm-manager-urzadzen-dahua\/\",\"url\":\"https:\/\/monitorykomercyjne.pl\/index.php\/produkt\/deephub-mdm-manager-urzadzen-dahua\/\",\"name\":\"DeepHub MDM - manager urz\u0105dze\u0144 DAHUA - Monitory Komercyjne Monitory komercyjne\",\"isPartOf\":{\"@id\":\"https:\/\/monitorykomercyjne.pl\/#website\"},\"primaryImageOfPage\":{\"@id\":\"https:\/\/monitorykomercyjne.pl\/index.php\/produkt\/deephub-mdm-manager-urzadzen-dahua\/#primaryimage\"},\"image\":{\"@id\":\"https:\/\/monitorykomercyjne.pl\/index.php\/produkt\/deephub-mdm-manager-urzadzen-dahua\/#primaryimage\"},\"thumbnailUrl\":\"https:\/\/monitorykomercyjne.pl\/wp-content\/uploads\/2024\/02\/deephub_mdm1.png\",\"datePublished\":\"2024-02-21T08:57:30+00:00\",\"dateModified\":\"2024-05-09T07:40:03+00:00\",\"breadcrumb\":{\"@id\":\"https:\/\/monitorykomercyjne.pl\/index.php\/produkt\/deephub-mdm-manager-urzadzen-dahua\/#breadcrumb\"},\"inLanguage\":\"pl-PL\",\"potentialAction\":[{\"@type\":\"ReadAction\",\"target\":[\"https:\/\/monitorykomercyjne.pl\/index.php\/produkt\/deephub-mdm-manager-urzadzen-dahua\/\"]}]},{\"@type\":\"ImageObject\",\"inLanguage\":\"pl-PL\",\"@id\":\"https:\/\/monitorykomercyjne.pl\/index.php\/produkt\/deephub-mdm-manager-urzadzen-dahua\/#primaryimage\",\"url\":\"https:\/\/monitorykomercyjne.pl\/wp-content\/uploads\/2024\/02\/deephub_mdm1.png\",\"contentUrl\":\"https:\/\/monitorykomercyjne.pl\/wp-content\/uploads\/2024\/02\/deephub_mdm1.png\",\"width\":1600,\"height\":1600},{\"@type\":\"BreadcrumbList\",\"@id\":\"https:\/\/monitorykomercyjne.pl\/index.php\/produkt\/deephub-mdm-manager-urzadzen-dahua\/#breadcrumb\",\"itemListElement\":[{\"@type\":\"ListItem\",\"position\":1,\"name\":\"Strona g\u0142\u00f3wna\",\"item\":\"https:\/\/monitorykomercyjne.pl\/\"},{\"@type\":\"ListItem\",\"position\":2,\"name\":\"Produkty\",\"item\":\"https:\/\/monitorykomercyjne.pl\/index.php\/produkty\/\"},{\"@type\":\"ListItem\",\"position\":3,\"name\":\"DeepHub MDM &#8211; manager urz\u0105dze\u0144 DAHUA\"}]},{\"@type\":\"WebSite\",\"@id\":\"https:\/\/monitorykomercyjne.pl\/#website\",\"url\":\"https:\/\/monitorykomercyjne.pl\/\",\"name\":\"Monitory Komercyjne\",\"description\":\"\",\"potentialAction\":[{\"@type\":\"SearchAction\",\"target\":{\"@type\":\"EntryPoint\",\"urlTemplate\":\"https:\/\/monitorykomercyjne.pl\/?s={search_term_string}\"},\"query-input\":\"required name=search_term_string\"}],\"inLanguage\":\"pl-PL\"}]}<\/script>\n<!-- \/ Yoast SEO plugin. -->","yoast_head_json":{"title":"DeepHub MDM - manager urz\u0105dze\u0144 DAHUA - Monitory Komercyjne Monitory komercyjne","robots":{"index":"index","follow":"follow","max-snippet":"max-snippet:-1","max-image-preview":"max-image-preview:large","max-video-preview":"max-video-preview:-1"},"canonical":"https:\/\/monitorykomercyjne.pl\/index.php\/produkt\/deephub-mdm-manager-urzadzen-dahua\/","og_locale":"pl_PL","og_type":"article","og_title":"DeepHub MDM - manager urz\u0105dze\u0144 DAHUA - Monitory Komercyjne Monitory komercyjne","og_description":"Dahua DeepHub Device Management System to pot\u0119\u017cne oprogramowanie do zdalnego zarz\u0105dzania urz\u0105dzeniami, kt\u00f3re obs\u0142uguje r\u00f3\u017cne systemy operacyjne (Windows, Android, iOS) i urz\u0105dzenia (inteligentne tablice interaktywne, tablety, komputery itp.), spe\u0142niaj\u0105c r\u00f3\u017cnorodne potrzeby u\u017cytkownik\u00f3w. Dzi\u0119ki temu inteligentnemu systemowi administrator mo\u017ce nie tylko przegl\u0105da\u0107 informacje o urz\u0105dzeniu (nazwa ekranu, numer seryjny, system operacyjny, znaczniki itp.), ale tak\u017ce mo\u017ce wysy\u0142a\u0107 pliki lub instalowa\u0107 aplikacje na wszystkich lub wybranych urz\u0105dzeniach. Ponadto administrator mo\u017ce r\u00f3wnie\u017c zastosowa\u0107 r\u00f3\u017cne polityki (np. ograniczenia uprawnie\u0144) do urz\u0105dzenia, aby zapewni\u0107 jego bezpiecze\u0144stwo.","og_url":"https:\/\/monitorykomercyjne.pl\/index.php\/produkt\/deephub-mdm-manager-urzadzen-dahua\/","og_site_name":"Monitory Komercyjne","article_modified_time":"2024-05-09T07:40:03+00:00","og_image":[{"width":1600,"height":1600,"url":"https:\/\/monitorykomercyjne.pl\/wp-content\/uploads\/2024\/02\/deephub_mdm1.png","type":"image\/png"}],"twitter_card":"summary_large_image","twitter_misc":{"Szacowany czas czytania":"1 minuta"},"schema":{"@context":"https:\/\/schema.org","@graph":[{"@type":"WebPage","@id":"https:\/\/monitorykomercyjne.pl\/index.php\/produkt\/deephub-mdm-manager-urzadzen-dahua\/","url":"https:\/\/monitorykomercyjne.pl\/index.php\/produkt\/deephub-mdm-manager-urzadzen-dahua\/","name":"DeepHub MDM - manager urz\u0105dze\u0144 DAHUA - Monitory Komercyjne Monitory komercyjne","isPartOf":{"@id":"https:\/\/monitorykomercyjne.pl\/#website"},"primaryImageOfPage":{"@id":"https:\/\/monitorykomercyjne.pl\/index.php\/produkt\/deephub-mdm-manager-urzadzen-dahua\/#primaryimage"},"image":{"@id":"https:\/\/monitorykomercyjne.pl\/index.php\/produkt\/deephub-mdm-manager-urzadzen-dahua\/#primaryimage"},"thumbnailUrl":"https:\/\/monitorykomercyjne.pl\/wp-content\/uploads\/2024\/02\/deephub_mdm1.png","datePublished":"2024-02-21T08:57:30+00:00","dateModified":"2024-05-09T07:40:03+00:00","breadcrumb":{"@id":"https:\/\/monitorykomercyjne.pl\/index.php\/produkt\/deephub-mdm-manager-urzadzen-dahua\/#breadcrumb"},"inLanguage":"pl-PL","potentialAction":[{"@type":"ReadAction","target":["https:\/\/monitorykomercyjne.pl\/index.php\/produkt\/deephub-mdm-manager-urzadzen-dahua\/"]}]},{"@type":"ImageObject","inLanguage":"pl-PL","@id":"https:\/\/monitorykomercyjne.pl\/index.php\/produkt\/deephub-mdm-manager-urzadzen-dahua\/#primaryimage","url":"https:\/\/monitorykomercyjne.pl\/wp-content\/uploads\/2024\/02\/deephub_mdm1.png","contentUrl":"https:\/\/monitorykomercyjne.pl\/wp-content\/uploads\/2024\/02\/deephub_mdm1.png","width":1600,"height":1600},{"@type":"BreadcrumbList","@id":"https:\/\/monitorykomercyjne.pl\/index.php\/produkt\/deephub-mdm-manager-urzadzen-dahua\/#breadcrumb","itemListElement":[{"@type":"ListItem","position":1,"name":"Strona g\u0142\u00f3wna","item":"https:\/\/monitorykomercyjne.pl\/"},{"@type":"ListItem","position":2,"name":"Produkty","item":"https:\/\/monitorykomercyjne.pl\/index.php\/produkty\/"},{"@type":"ListItem","position":3,"name":"DeepHub MDM &#8211; manager urz\u0105dze\u0144 DAHUA"}]},{"@type":"WebSite","@id":"https:\/\/monitorykomercyjne.pl\/#website","url":"https:\/\/monitorykomercyjne.pl\/","name":"Monitory Komercyjne","description":"","potentialAction":[{"@type":"SearchAction","target":{"@type":"EntryPoint","urlTemplate":"https:\/\/monitorykomercyjne.pl\/?s={search_term_string}"},"query-input":"required name=search_term_string"}],"inLanguage":"pl-PL"}]}},"brands":[{"id":30,"name":"Dahua","slug":"dahua"}],"_links":{"self":[{"href":"https:\/\/monitorykomercyjne.pl\/index.php\/wp-json\/wp\/v2\/product\/75"}],"collection":[{"href":"https:\/\/monitorykomercyjne.pl\/index.php\/wp-json\/wp\/v2\/product"}],"about":[{"href":"https:\/\/monitorykomercyjne.pl\/index.php\/wp-json\/wp\/v2\/types\/product"}],"wp:featuredmedia":[{"embeddable":true,"href":"https:\/\/monitorykomercyjne.pl\/index.php\/wp-json\/wp\/v2\/media\/104"}],"wp:attachment":[{"href":"https:\/\/monitorykomercyjne.pl\/index.php\/wp-json\/wp\/v2\/media?parent=75"}],"wp:term":[{"taxonomy":"pwb-brand","embeddable":true,"href":"https:\/\/monitorykomercyjne.pl\/index.php\/wp-json\/wp\/v2\/pwb-brand?post=75"},{"taxonomy":"product_cat","embeddable":true,"href":"https:\/\/monitorykomercyjne.pl\/index.php\/wp-json\/wp\/v2\/product_cat?post=75"},{"taxonomy":"product_tag","embeddable":true,"href":"https:\/\/monitorykomercyjne.pl\/index.php\/wp-json\/wp\/v2\/product_tag?post=75"}],"curies":[{"name":"wp","href":"https:\/\/api.w.org\/{rel}","templated":true}]}}