{"id":750,"date":"2024-03-06T09:33:04","date_gmt":"2024-03-06T08:33:04","guid":{"rendered":"https:\/\/monitorykomercyjne.pl\/?post_type=product&#038;p=750"},"modified":"2024-05-09T09:39:44","modified_gmt":"2024-05-09T07:39:44","slug":"nec-nc2403ml-projektor-2","status":"publish","type":"product","link":"https:\/\/monitorykomercyjne.pl\/index.php\/produkt\/nec-nc2403ml-projektor-2\/","title":{"rendered":"NEC NC1843ML &#8211; Projektor"},"content":{"rendered":"<section id=\"overview\" class=\"row\">\n<div class=\"columns medium-6\">\n<p><!-- ossproductdescstart --><\/p>\n<p><b>Modu\u0142owe rozwi\u0105zania kinowej projekcji cyfrowej oferuj\u0105 wi\u0119cej elastyczno\u015bci <\/b><\/p>\n<p>Wsp\u00f3lne rozwi\u0105zanie firm Sharp i NEC w\u00a0zakresie modu\u0142owej projekcji kinowej \u2013 model NC1843ML oferuje wysok\u0105 elastyczno\u015b\u0107 stosowania oraz przygotowanie do zastosowa\u0144 przysz\u0142o\u015bci. Modu\u0142owa koncepcja umo\u017cliwia \u0142atw\u0105 modernizacj\u0119 urz\u0105dzenia z rozdzielczo\u015bci 2K do 4K. Wystarczy wymieni\u0107 g\u0142owic\u0119 projektora lub zwi\u0119kszy\u0107 jasno\u015b\u0107 robocz\u0105 poprzez zastosowanie jednego z\u00a0trzech modu\u0142\u00f3w \u015bwietlnych (18K, 20K lub 24K lumen\u00f3w). Poza g\u0142owic\u0105 2K, projektor NC1843ML wykorzystuje g\u0142owic\u0119 4K oraz modu\u0142 laserowy o jasno\u015bci 18K lumen\u00f3w.<\/p>\n<p>Urz\u0105dzenie NC1843ML bazuje na technologii laserowo-fosforowej tworz\u0105c obraz o\u00a0wyj\u0105tkowej jako\u015bci i bardzo naturalnych barwach przy niskich kosztach eksploatacji. Technologia lasera czerwono-niebieskiego generuje obraz niemal ca\u0142kowicie pozbawiony plamek, co pozwala na stosowanie ekran\u00f3w o wysokiej luminancji i osi\u0105ganie wy\u017cszych poziom\u00f3w jasno\u015bci, zw\u0142aszcza z my\u015bl\u0105 o\u00a0wy\u015bwietlaniu 3D.<\/p>\n<p>Modu\u0142owy charakter urz\u0105dzenia Sharp\/NEC daje nowe mo\u017cliwo\u015bci wynajmu konstrukcji. Jest to bardzo korzystne dla operator\u00f3w kin d\u0105\u017c\u0105cych do lepszego zarz\u0105dzania bud\u017cetem. Innowacyjne urz\u0105dzenie NC1843ML \u0142\u0105czy w sobie wymierne korzy\u015bci w postaci obni\u017cenia koszt\u00f3w eksploatacji i zwi\u0119kszenia efektywno\u015bci przy jednoczesnym zapewnieniu ponadprzeci\u0119tnych wra\u017ce\u0144 wizualnych widzom w \u015bredniej wielko\u015bci obiektach.<\/p>\n<p><!-- ossproductdescend --><\/p>\n<\/div>\n<div class=\"columns medium-6\">\n<h3>Korzy\u015bci<\/h3>\n<ul>\n<li><b>Modu\u0142owe \u017ar\u00f3d\u0142o \u015bwiat\u0142a<\/b> \u2013uzyskaj o\u015bwietlenie precyzyjnie spe\u0142niaj\u0105ce Twoje wymagania dzi\u0119ki wymiennym modu\u0142om \u015bwietlnym 24,500lm, 20,000lm and 18,000lm dostosowanym do r\u00f3\u017cnych poziom\u00f3w jasno\u015bci.<\/li>\n<li><b>Zoptymalizuj ponoszone koszty<\/b> \u2013Skorzystaj z nowych sposob\u00f3w finansowania, wynajmij silnik o\u015bwietlenia i p\u0142a\u0107 wy\u0142\u0105cznie za \u015bwiat\u0142o, kt\u00f3re wykorzystasz.<\/li>\n<li><b>Nak\u0142ady na konserwacj\u0119 bliskie zeru <\/b> \u2013bez koszt\u00f3w wymiany lamp, bez nak\u0142ad\u00f3w pracy w\u00a0zwi\u0105zku z\u00a0konserwacj\u0105, bez gromadzenia zapasu lamp &#8211; wszystko to dzi\u0119ki nowatorskiemu silnikowi o\u015bwietlenia laserowego.<\/li>\n<li><b>Ni\u017cszy ca\u0142kowity koszt posiadania <\/b> \u2013najwi\u0119ksza niezawodno\u015b\u0107, dzia\u0142anie bez prac konserwacyjnych, niskie zu\u017cycie energii oraz czas eksploatacji laserowego \u017ar\u00f3d\u0142a \u015bwiat\u0142a wynosz\u0105cy nawet 50000 godzin zdecydowanie zmniejszaj\u0105 og\u00f3lne koszty ponoszone przez w\u0142a\u015bciciela.<\/li>\n<li><b>Uszczelniony silnik optyczny<\/b> \u2013minimalizuje wnikanie py\u0142u, zapewniaj\u0105c jednolit\u0105 wydajno\u015b\u0107 bez konieczno\u015bci przeprowadzania specjalnych czynno\u015bci konserwacyjnych.<\/li>\n<\/ul>\n<\/div>\n<\/section>\n<dl id=\"speciList\" class=\"js-accordion\">\n<dt class=\"js-accordion__toggle accordion__toggle\">PARAMETRY OPTYCZNE<\/dt>\n<dd class=\"js-accordion__content\">\n<table class=\"datalist datalist--divided-inset\">\n<tbody>\n<tr>\n<td>Metoda projekcji<\/td>\n<td>3-chip 0.98\u201c DC4K DMD<\/td>\n<\/tr>\n<tr>\n<td>Rozmiar ekranu [m]<\/td>\n<td>maks. 19 w skali barw zgodna z DCI (ekran o luminancji 1,8)<\/td>\n<\/tr>\n<tr>\n<td>Jasno\u015b\u0107<\/td>\n<td>Maksymalnie 18000\u00a0lumen\u00f3w<\/td>\n<\/tr>\n<tr>\n<td>Wsp\u00f3\u0142czynnik kontrastu<\/td>\n<td>2000:1<\/td>\n<\/tr>\n<tr>\n<td>\u0179r\u00f3d\u0142o \u015bwiat\u0142a<\/td>\n<td>Laserowe \u017ar\u00f3d\u0142o \u015bwiat\u0142a, przewidywany czas eksploatacji: 50000 godz. <sup>1<\/sup><\/td>\n<\/tr>\n<tr>\n<td>Obiektyw<\/td>\n<td>Powi\u0119kszenie \/ ogniskowanie \/ przesuni\u0119cie: mechaniczny<br \/>\nInne: Zakres przesuniecia zale\u017cy od obiektywu<br \/>\nPodstawowe obiektywy: NC-60LS12Z:1.2-1.81:1; NC-60LS14Z:1.4-2.05:1; NC-60LS16Z:1.59-2.53:1; NC-60LS19Z:1.9-3.25:1; NC-60LS24Z:2.4-3.9:1; NC-60LS39Z:3.9-6.52:1<\/td>\n<\/tr>\n<tr>\n<td>Specyfikacja chipu DMD<\/td>\n<td>4096 x 2160<\/td>\n<\/tr>\n<tr>\n<td>Metoda ch\u0142odzenia<\/td>\n<td>System ch\u0142odzenia kr\u0105\u017c\u0105cym powietrzem<br \/>\nciecz: Ch\u0142odzenie wewn\u0119trzne, nie jest wymagany system ch\u0142odzenia (chiller)<\/td>\n<\/tr>\n<\/tbody>\n<\/table>\n<\/dd>\n<dt class=\"js-accordion__toggle accordion__toggle\">PROJEKTOR Z LICZNYMI OPCJAMI POD\u0141\u0104CZANIA<\/dt>\n<dd class=\"js-accordion__content\">\n<table class=\"datalist datalist--divided-inset\">\n<tbody>\n<tr>\n<td>Kontrola zewn\u0119trzna<\/td>\n<td>1 port\u00f3w USB (TypeA); 1 x D-Sub 9 pin (RS-232); 1 x GPIO (37-pinowe gniazdo \u017ce\u0144skie D-sub); 1 x GPIO (3D) (15-pinowe gniazdo \u017ce\u0144skie D-sub); 1 x RJ45 100Base-T<\/td>\n<\/tr>\n<\/tbody>\n<\/table>\n<\/dd>\n<dt class=\"js-accordion__toggle accordion__toggle\">WARUNKI OTOCZENIA<\/dt>\n<dd class=\"js-accordion__content\">\n<table class=\"datalist datalist--divided-inset\">\n<tbody>\n<tr>\n<td>Temperatura otoczenia przy pracy [\u00b0C]<\/td>\n<td>10 do 35<\/td>\n<\/tr>\n<tr>\n<td>Wilgodno\u015b\u0107 otoczenia [%]<\/td>\n<td>10 do 85 &#8211; non-condensing<\/td>\n<\/tr>\n<tr>\n<td>Temperatura przy przechowywaniu [\u00b0C]<\/td>\n<td>-10 do 50<\/td>\n<\/tr>\n<tr>\n<td>Wilgotno\u015b\u0107 przy przechowywaniu [%]<\/td>\n<td>10 do 85 &#8211; non-condensing<\/td>\n<\/tr>\n<\/tbody>\n<\/table>\n<\/dd>\n<dt class=\"js-accordion__toggle accordion__toggle\">PARAMETRY ELEKTRYCZNE<\/dt>\n<dd class=\"js-accordion__content\">\n<table class=\"datalist datalist--divided-inset\">\n<tbody>\n<tr>\n<td>Zasilanie<\/td>\n<td>Wbudowany zasilacz<br \/>\nJednostka zasilaj\u0105ca projektor: 200 do 240V AC, 50\/60Hz, jedna faza<\/td>\n<\/tr>\n<tr>\n<td>Znamionowy pr\u0105d na wej\u015bciu<\/td>\n<td>Projektor: 19,1 A przy 200 V \u2013 240 V<\/td>\n<\/tr>\n<tr>\n<td>Zu\u017cycie energii [W]<\/td>\n<td>3146 maks.<br \/>\nProjektor: 352<br \/>\nMoc modu\u0142u laserowego: 2794 typowo<\/td>\n<\/tr>\n<tr>\n<td>Rozproszenie ciep\u0142a (BTU)<\/td>\n<td>10735 maks.<\/td>\n<\/tr>\n<\/tbody>\n<\/table>\n<\/dd>\n<dt class=\"js-accordion__toggle accordion__toggle\">PARAMETRY MECHANICZNE<\/dt>\n<dd class=\"js-accordion__content\">\n<table class=\"datalist datalist--divided-inset\">\n<tbody>\n<tr>\n<td>Wymiary (S x W x G) [mm]<\/td>\n<td>697 x 509.5 x 1,095<\/td>\n<\/tr>\n<tr>\n<td>Waga [kg]<\/td>\n<td>144 (bez obiektywu)<br \/>\nG\u0142owica projektora: 153<\/td>\n<\/tr>\n<tr>\n<td>G\u0142o\u015bno\u015b\u0107 [dB (A)]<\/td>\n<td>&lt; 50<\/td>\n<\/tr>\n<\/tbody>\n<\/table>\n<\/dd>\n<dt class=\"js-accordion__toggle accordion__toggle\">DODATKOWE FUNKCJE<\/dt>\n<dd class=\"js-accordion__content\">\n<table class=\"datalist datalist--divided-inset\">\n<tbody>\n<tr>\n<td>Cechy Specjalne<\/td>\n<td>Kompaktowa konstrukcja; Metalowy filtr; Najnowsza technologia cyfrowa; Niskie koszty TCO; Py\u0142oszczelny silnik optyczny; System o\u015bwietlenia laserowego; Wbudowany IMS (IMS3000); Zmniejszone koszty<\/td>\n<\/tr>\n<\/tbody>\n<\/table>\n<\/dd>\n<dt class=\"js-accordion__toggle accordion__toggle\">FUNKCJE EKO<\/dt>\n<dd class=\"js-accordion__content\">\n<table class=\"datalist datalist--divided-inset\">\n<tbody>\n<tr>\n<td>Materia\u0142y ekologiczne<\/td>\n<td>Technologia laserowa zmniejsza zu\u017cycie energii i\u00a0ilo\u015b\u0107 wymaganych materia\u0142\u00f3w zamiennych<\/td>\n<\/tr>\n<\/tbody>\n<\/table>\n<\/dd>\n<dt class=\"js-accordion__toggle accordion__toggle\">INTERFEJSY: DOLBY IMS3000 (OPCJONALNE)<\/dt>\n<dd class=\"js-accordion__content\">\n<table class=\"datalist datalist--divided-inset\">\n<tbody>\n<tr>\n<td>Kontrola zewn\u0119trzna<\/td>\n<td>2 x RJ45 (4 GPI i 6 GPO); 3 x RJ45 Gigabit Ethernet<\/td>\n<\/tr>\n<tr>\n<td>Wej\u015bcia<\/td>\n<td>1 x USB typu 2.0; 2 x 3GSDI, dwukierunkowe (wej\u015bcie i wyj\u015bcie); 2 x USB typu 3.0; eSATA; HDMI<\/td>\n<\/tr>\n<tr>\n<td>Z\u0142\u0105cza wyj\u015b\u0107<\/td>\n<td>2 x RJ45 (16-kana\u0142owy d\u017awi\u0119k cyfrowy AES3-EBU)<\/td>\n<\/tr>\n<tr>\n<td>Dodatkowe Funkcje<\/td>\n<td>Obs\u0142uga HFR 3D (48 Hz\/oko, 60 Hz\/oko); Obs\u0142uga NAS; Wbudowana funkcja SMS; Wbudowany twardy dysk: 2 TB (DCP, RAID5)<\/td>\n<\/tr>\n<\/tbody>\n<\/table>\n<\/dd>\n<dt class=\"js-accordion__toggle accordion__toggle\">REGULATIONS<\/dt>\n<dd class=\"js-accordion__content\">\n<table class=\"datalist datalist--divided-inset\">\n<tbody>\n<tr>\n<td>Europa<\/td>\n<td>CE; DCI 1.2; EN55024; EN55032 Class A (Marking TUV,CE); EN61000-3-11; EN61000-3-12; EN61000-3-2; EN61000-3-3<\/td>\n<\/tr>\n<tr>\n<td>Rosja\/Bia\u0142oru\u015b\/Kazachstan<\/td>\n<td>EAC; EN55024 1998; EN55032 1998, Class A; EN61000-3-2; EN61000-3-3<\/td>\n<\/tr>\n<\/tbody>\n<\/table>\n<\/dd>\n<dt class=\"js-accordion__toggle accordion__toggle\">GWARANCJA<\/dt>\n<dd class=\"js-accordion__content\">\n<table class=\"datalist datalist--divided-inset\">\n<tbody>\n<tr>\n<td>Gwarancja<\/td>\n<td>2 rok, gwarancja na cz\u0119\u015bci<\/td>\n<\/tr>\n<tr>\n<td>\u0179r\u00f3d\u0142o \u015bwiat\u0142a<\/td>\n<td>2 lat lub 7500 h ( w zale\u017cno\u015bci od tego, co nast\u0105pi wcze\u015bniej)<\/td>\n<\/tr>\n<\/tbody>\n<\/table>\n<\/dd>\n<\/dl>\n","protected":false},"excerpt":{"rendered":"<div class=\"columns medium-6 product-features\">\n<table class=\"datalist datalist--divided-fullwidth\">\n<tbody>\n<tr>\n<td>Typ<\/td>\n<td>DLP<\/td>\n<\/tr>\n<tr>\n<td>Wspierane wymiary ekranu<\/td>\n<td>do 19 metr\u00f3w (62 st\u00f3p)<\/td>\n<\/tr>\n<tr>\n<td>Rozdzielczo\u015b\u0107<\/td>\n<td>4096 x 2160<\/td>\n<\/tr>\n<tr>\n<td>\u0179r\u00f3d\u0142o \u015bwiat\u0142a<\/td>\n<td>Laser i luminofor<\/td>\n<\/tr>\n<tr>\n<td>Components<\/td>\n<td>Projector Head NP-42HD (60005139),<br \/>\nLaser Light Source NP-18LU03 (100015658)<\/td>\n<\/tr>\n<\/tbody>\n<\/table>\n<\/div>\n","protected":false},"featured_media":744,"template":"","meta":{"inline_featured_image":false,"neve_meta_sidebar":"","neve_meta_container":"","neve_meta_enable_content_width":"off","neve_meta_content_width":100,"neve_meta_title_alignment":"","neve_meta_author_avatar":"","neve_post_elements_order":"","neve_meta_disable_header":"","neve_meta_disable_footer":"","neve_meta_disable_title":""},"pwb-brand":[28],"product_cat":[31],"product_tag":[],"yoast_head":"<!-- This site is optimized with the Yoast SEO plugin v22.6 - https:\/\/yoast.com\/wordpress\/plugins\/seo\/ -->\n<title>NEC NC1843ML - Projektor - Monitory Komercyjne Monitory komercyjne<\/title>\n<meta name=\"robots\" content=\"index, follow, max-snippet:-1, max-image-preview:large, max-video-preview:-1\" \/>\n<link rel=\"canonical\" href=\"https:\/\/monitorykomercyjne.pl\/index.php\/produkt\/nec-nc2403ml-projektor-2\/\" \/>\n<meta property=\"og:locale\" content=\"pl_PL\" \/>\n<meta property=\"og:type\" content=\"article\" \/>\n<meta property=\"og:title\" content=\"NEC NC1843ML - Projektor - Monitory Komercyjne Monitory komercyjne\" \/>\n<meta property=\"og:description\" content=\"Typ DLP   Wspierane wymiary ekranu do 19 metr\u00f3w (62 st\u00f3p)   Rozdzielczo\u015b\u0107 4096 x 2160   \u0179r\u00f3d\u0142o \u015bwiat\u0142a Laser i luminofor   Components Projector Head NP-42HD (60005139), Laser Light Source NP-18LU03 (100015658)\" \/>\n<meta property=\"og:url\" content=\"https:\/\/monitorykomercyjne.pl\/index.php\/produkt\/nec-nc2403ml-projektor-2\/\" \/>\n<meta property=\"og:site_name\" content=\"Monitory Komercyjne\" \/>\n<meta property=\"article:modified_time\" content=\"2024-05-09T07:39:44+00:00\" \/>\n<meta property=\"og:image\" content=\"https:\/\/monitorykomercyjne.pl\/wp-content\/uploads\/2024\/03\/NEC-NC1803ML2.jpg\" \/>\n\t<meta property=\"og:image:width\" content=\"1600\" \/>\n\t<meta property=\"og:image:height\" content=\"1200\" \/>\n\t<meta property=\"og:image:type\" content=\"image\/jpeg\" \/>\n<meta name=\"twitter:card\" content=\"summary_large_image\" \/>\n<meta name=\"twitter:label1\" content=\"Szacowany czas czytania\" \/>\n\t<meta name=\"twitter:data1\" content=\"4 minuty\" \/>\n<script type=\"application\/ld+json\" class=\"yoast-schema-graph\">{\"@context\":\"https:\/\/schema.org\",\"@graph\":[{\"@type\":\"WebPage\",\"@id\":\"https:\/\/monitorykomercyjne.pl\/index.php\/produkt\/nec-nc2403ml-projektor-2\/\",\"url\":\"https:\/\/monitorykomercyjne.pl\/index.php\/produkt\/nec-nc2403ml-projektor-2\/\",\"name\":\"NEC NC1843ML - Projektor - Monitory Komercyjne Monitory komercyjne\",\"isPartOf\":{\"@id\":\"https:\/\/monitorykomercyjne.pl\/#website\"},\"primaryImageOfPage\":{\"@id\":\"https:\/\/monitorykomercyjne.pl\/index.php\/produkt\/nec-nc2403ml-projektor-2\/#primaryimage\"},\"image\":{\"@id\":\"https:\/\/monitorykomercyjne.pl\/index.php\/produkt\/nec-nc2403ml-projektor-2\/#primaryimage\"},\"thumbnailUrl\":\"https:\/\/monitorykomercyjne.pl\/wp-content\/uploads\/2024\/03\/NEC-NC1803ML2.jpg\",\"datePublished\":\"2024-03-06T08:33:04+00:00\",\"dateModified\":\"2024-05-09T07:39:44+00:00\",\"breadcrumb\":{\"@id\":\"https:\/\/monitorykomercyjne.pl\/index.php\/produkt\/nec-nc2403ml-projektor-2\/#breadcrumb\"},\"inLanguage\":\"pl-PL\",\"potentialAction\":[{\"@type\":\"ReadAction\",\"target\":[\"https:\/\/monitorykomercyjne.pl\/index.php\/produkt\/nec-nc2403ml-projektor-2\/\"]}]},{\"@type\":\"ImageObject\",\"inLanguage\":\"pl-PL\",\"@id\":\"https:\/\/monitorykomercyjne.pl\/index.php\/produkt\/nec-nc2403ml-projektor-2\/#primaryimage\",\"url\":\"https:\/\/monitorykomercyjne.pl\/wp-content\/uploads\/2024\/03\/NEC-NC1803ML2.jpg\",\"contentUrl\":\"https:\/\/monitorykomercyjne.pl\/wp-content\/uploads\/2024\/03\/NEC-NC1803ML2.jpg\",\"width\":1600,\"height\":1200},{\"@type\":\"BreadcrumbList\",\"@id\":\"https:\/\/monitorykomercyjne.pl\/index.php\/produkt\/nec-nc2403ml-projektor-2\/#breadcrumb\",\"itemListElement\":[{\"@type\":\"ListItem\",\"position\":1,\"name\":\"Strona g\u0142\u00f3wna\",\"item\":\"https:\/\/monitorykomercyjne.pl\/\"},{\"@type\":\"ListItem\",\"position\":2,\"name\":\"Produkty\",\"item\":\"https:\/\/monitorykomercyjne.pl\/index.php\/produkty\/\"},{\"@type\":\"ListItem\",\"position\":3,\"name\":\"NEC NC1843ML &#8211; Projektor\"}]},{\"@type\":\"WebSite\",\"@id\":\"https:\/\/monitorykomercyjne.pl\/#website\",\"url\":\"https:\/\/monitorykomercyjne.pl\/\",\"name\":\"Monitory Komercyjne\",\"description\":\"\",\"potentialAction\":[{\"@type\":\"SearchAction\",\"target\":{\"@type\":\"EntryPoint\",\"urlTemplate\":\"https:\/\/monitorykomercyjne.pl\/?s={search_term_string}\"},\"query-input\":\"required name=search_term_string\"}],\"inLanguage\":\"pl-PL\"}]}<\/script>\n<!-- \/ Yoast SEO plugin. -->","yoast_head_json":{"title":"NEC NC1843ML - Projektor - Monitory Komercyjne Monitory komercyjne","robots":{"index":"index","follow":"follow","max-snippet":"max-snippet:-1","max-image-preview":"max-image-preview:large","max-video-preview":"max-video-preview:-1"},"canonical":"https:\/\/monitorykomercyjne.pl\/index.php\/produkt\/nec-nc2403ml-projektor-2\/","og_locale":"pl_PL","og_type":"article","og_title":"NEC NC1843ML - Projektor - Monitory Komercyjne Monitory komercyjne","og_description":"Typ DLP   Wspierane wymiary ekranu do 19 metr\u00f3w (62 st\u00f3p)   Rozdzielczo\u015b\u0107 4096 x 2160   \u0179r\u00f3d\u0142o \u015bwiat\u0142a Laser i luminofor   Components Projector Head NP-42HD (60005139), Laser Light Source NP-18LU03 (100015658)","og_url":"https:\/\/monitorykomercyjne.pl\/index.php\/produkt\/nec-nc2403ml-projektor-2\/","og_site_name":"Monitory Komercyjne","article_modified_time":"2024-05-09T07:39:44+00:00","og_image":[{"width":1600,"height":1200,"url":"https:\/\/monitorykomercyjne.pl\/wp-content\/uploads\/2024\/03\/NEC-NC1803ML2.jpg","type":"image\/jpeg"}],"twitter_card":"summary_large_image","twitter_misc":{"Szacowany czas czytania":"4 minuty"},"schema":{"@context":"https:\/\/schema.org","@graph":[{"@type":"WebPage","@id":"https:\/\/monitorykomercyjne.pl\/index.php\/produkt\/nec-nc2403ml-projektor-2\/","url":"https:\/\/monitorykomercyjne.pl\/index.php\/produkt\/nec-nc2403ml-projektor-2\/","name":"NEC NC1843ML - Projektor - Monitory Komercyjne Monitory komercyjne","isPartOf":{"@id":"https:\/\/monitorykomercyjne.pl\/#website"},"primaryImageOfPage":{"@id":"https:\/\/monitorykomercyjne.pl\/index.php\/produkt\/nec-nc2403ml-projektor-2\/#primaryimage"},"image":{"@id":"https:\/\/monitorykomercyjne.pl\/index.php\/produkt\/nec-nc2403ml-projektor-2\/#primaryimage"},"thumbnailUrl":"https:\/\/monitorykomercyjne.pl\/wp-content\/uploads\/2024\/03\/NEC-NC1803ML2.jpg","datePublished":"2024-03-06T08:33:04+00:00","dateModified":"2024-05-09T07:39:44+00:00","breadcrumb":{"@id":"https:\/\/monitorykomercyjne.pl\/index.php\/produkt\/nec-nc2403ml-projektor-2\/#breadcrumb"},"inLanguage":"pl-PL","potentialAction":[{"@type":"ReadAction","target":["https:\/\/monitorykomercyjne.pl\/index.php\/produkt\/nec-nc2403ml-projektor-2\/"]}]},{"@type":"ImageObject","inLanguage":"pl-PL","@id":"https:\/\/monitorykomercyjne.pl\/index.php\/produkt\/nec-nc2403ml-projektor-2\/#primaryimage","url":"https:\/\/monitorykomercyjne.pl\/wp-content\/uploads\/2024\/03\/NEC-NC1803ML2.jpg","contentUrl":"https:\/\/monitorykomercyjne.pl\/wp-content\/uploads\/2024\/03\/NEC-NC1803ML2.jpg","width":1600,"height":1200},{"@type":"BreadcrumbList","@id":"https:\/\/monitorykomercyjne.pl\/index.php\/produkt\/nec-nc2403ml-projektor-2\/#breadcrumb","itemListElement":[{"@type":"ListItem","position":1,"name":"Strona g\u0142\u00f3wna","item":"https:\/\/monitorykomercyjne.pl\/"},{"@type":"ListItem","position":2,"name":"Produkty","item":"https:\/\/monitorykomercyjne.pl\/index.php\/produkty\/"},{"@type":"ListItem","position":3,"name":"NEC NC1843ML &#8211; Projektor"}]},{"@type":"WebSite","@id":"https:\/\/monitorykomercyjne.pl\/#website","url":"https:\/\/monitorykomercyjne.pl\/","name":"Monitory Komercyjne","description":"","potentialAction":[{"@type":"SearchAction","target":{"@type":"EntryPoint","urlTemplate":"https:\/\/monitorykomercyjne.pl\/?s={search_term_string}"},"query-input":"required name=search_term_string"}],"inLanguage":"pl-PL"}]}},"brands":[{"id":28,"name":"SharpNEC","slug":"sharpnec"}],"_links":{"self":[{"href":"https:\/\/monitorykomercyjne.pl\/index.php\/wp-json\/wp\/v2\/product\/750"}],"collection":[{"href":"https:\/\/monitorykomercyjne.pl\/index.php\/wp-json\/wp\/v2\/product"}],"about":[{"href":"https:\/\/monitorykomercyjne.pl\/index.php\/wp-json\/wp\/v2\/types\/product"}],"wp:featuredmedia":[{"embeddable":true,"href":"https:\/\/monitorykomercyjne.pl\/index.php\/wp-json\/wp\/v2\/media\/744"}],"wp:attachment":[{"href":"https:\/\/monitorykomercyjne.pl\/index.php\/wp-json\/wp\/v2\/media?parent=750"}],"wp:term":[{"taxonomy":"pwb-brand","embeddable":true,"href":"https:\/\/monitorykomercyjne.pl\/index.php\/wp-json\/wp\/v2\/pwb-brand?post=750"},{"taxonomy":"product_cat","embeddable":true,"href":"https:\/\/monitorykomercyjne.pl\/index.php\/wp-json\/wp\/v2\/product_cat?post=750"},{"taxonomy":"product_tag","embeddable":true,"href":"https:\/\/monitorykomercyjne.pl\/index.php\/wp-json\/wp\/v2\/product_tag?post=750"}],"curies":[{"name":"wp","href":"https:\/\/api.w.org\/{rel}","templated":true}]}}