{"id":763,"date":"2024-03-06T09:49:35","date_gmt":"2024-03-06T08:49:35","guid":{"rendered":"https:\/\/monitorykomercyjne.pl\/?post_type=product&#038;p=763"},"modified":"2024-05-09T09:39:44","modified_gmt":"2024-05-09T07:39:44","slug":"nec-nc3541l-projektor","status":"publish","type":"product","link":"https:\/\/monitorykomercyjne.pl\/index.php\/produkt\/nec-nc3541l-projektor\/","title":{"rendered":"NEC NC3541L &#8211; Projektor"},"content":{"rendered":"<section id=\"overview\" class=\"row\">\n<div class=\"columns medium-6\">\n<p><!-- ossproductdescstart --><\/p>\n<p><b>Pierwszy projektor z\u00a0laserem czerwono-niebieskim na potrzeby ekran\u00f3w klasy premium i\u00a0ekran\u00f3w wielkoformatowych<\/b><\/p>\n<p>Pot\u0119\u017cnej mocy projektor NEC NC3541L 4K z\u00a0laserem czerwono-niebieskim daje kinom przewag\u0119 nad technologiami lasera i\u00a0luminoforu oraz laser\u00f3w RGB i\u00a0niesie zasadnicze korzy\u015bci w\u00a0zakresie koszt\u00f3w, sprawno\u015bci operacyjnej i\u00a0jako\u015bci obrazu imersyjnego. Zastosowanie \u017ar\u00f3d\u0142a \u015bwiat\u0142a w\u00a0postaci lasera czerwono-niebieskiego pozwala wykroczy\u0107 poza granice barw i\u00a0jasno\u015bci tradycyjnych kinowych system\u00f3w projekcyjnych wykorzystuj\u0105cych laser i\u00a0luminofor, gwarantuj\u0105c doskona\u0142\u0105 jako\u015b\u0107 obrazu o\u00a0wysokiej jednorodno\u015bci. Sprawny system przetwarzania \u015bwiat\u0142a wymaga niewielkich pocz\u0105tkowych nak\u0142ad\u00f3w finansowych w\u00a0por\u00f3wnaniu z\u00a0projektorami z\u00a0laserem RGB, a\u00a0dzi\u0119ki unikni\u0119ciu wymiany lamp i\u00a0filtr\u00f3w zapewnia ogromne oszcz\u0119dno\u015bci koszt\u00f3w operacyjnych w\u00a0por\u00f3wnaniu z\u00a0systemami projekcyjnymi na bazie rozwi\u0105za\u0144 ksenonowych. To pojedyncze rozwi\u0105zanie techniczne bez zewn\u0119trznych uk\u0142ad\u00f3w ch\u0142odzenia, \u017ar\u00f3de\u0142 \u015bwiat\u0142a i\u00a0konieczno\u015bci zapewnienia wentylacji wywiewnej przyczynia si\u0119 do \u0142atwego instalowania i jednocze\u015bnie zajmuje niewiele miejsca.<\/p>\n<p>Dzi\u0119ki wysokiej pocz\u0105tkowej jasno\u015bci na poziomie 35\u00a0tys. lumen\u00f3w projektor stanowi pierwszorz\u0119dne rozwi\u0105zanie dla wielkoformatowych ekran\u00f3w kinowych i\u00a0ekran\u00f3w klasy premium o\u00a0wielko\u015bci do 32\u00a0m. Idealnie sprawdza si\u0119 te\u017c na dodatkowych projekcjach pozakinowych, takich jak prezentacje firmowe i\u00a0imprezy gamingowe. Dzi\u0119ki temu operatorzy kinowi mog\u0105 zwi\u0119kszy\u0107 wykorzystanie sprz\u0119tu i\u00a0zmaksymalizowa\u0107 swoje dochody.<\/p>\n<p><!-- ossproductdescend --><\/p>\n<\/div>\n<div class=\"columns medium-6\">\n<h3>Korzy\u015bci<\/h3>\n<ul>\n<li><b>Ni\u017cszy ca\u0142kowity koszt posiadania <\/b> \u2013najwi\u0119ksza niezawodno\u015b\u0107, dzia\u0142anie bez prac konserwacyjnych, niskie zu\u017cycie energii oraz czas eksploatacji laserowego \u017ar\u00f3d\u0142a \u015bwiat\u0142a wynosz\u0105cy nawet 40000 godzin zdecydowanie zmniejszaj\u0105 og\u00f3lne koszty ponoszone przez w\u0142a\u015bciciela.<\/li>\n<li><b>Bogactwo zastosowa\u0144<\/b> \u2013jasno\u015b\u0107 mo\u017cna indywidualnie regulowa\u0107, tak aby uzyska\u0107 krystalicznie czysty obraz zar\u00f3wno przy odtwarzaniu film\u00f3w 2D, jak i\u00a03D.<\/li>\n<li><b>Niesamowita jasno\u015b\u0107<\/b> \u2013wysoka jasno\u015b\u0107 na wyj\u015bciu wynosz\u0105ca 35000\u00a0lumen\u00f3w pozwala uzyska\u0107 doskona\u0142y obraz na ekranach o\u00a0rozmiarze do 32\u00a0m.<\/li>\n<li><b>Znakomita jako\u015b\u0107 obrazu<\/b> \u2013pe\u0142na rozdzielczo\u015b\u0107 4K (4096 x 2160 pikseli), szerokie spektrum barw oraz jednorodny obraz o\u00a0jako\u015bci laserowej i\u00a0doskona\u0142ym kontra\u015bcie tworz\u0105 niepowtarzalne wra\u017cenie kina imersyjnego.<\/li>\n<li><b>Rozwi\u0105zanie systemowe<\/b> \u2013projektor stanowi uniwersalne urz\u0105dzenie \u0142atwe w\u00a0obs\u0142udze i\u00a0instalacji i\u00a0niewymagaj\u0105ce zewn\u0119trznego uk\u0142adu ch\u0142odzenia, zewn\u0119trznego laserowego \u017ar\u00f3d\u0142a \u015bwiat\u0142a czy zewn\u0119trznego systemu wentylacyjnego.<\/li>\n<\/ul>\n<\/div>\n<\/section>\n<dl id=\"speciList\" class=\"js-accordion\">\n<dt class=\"js-accordion__toggle accordion__toggle\">PARAMETRY OPTYCZNE<\/dt>\n<dd class=\"js-accordion__content\">\n<table class=\"datalist datalist--divided-inset\">\n<tbody>\n<tr>\n<td>Metoda projekcji<\/td>\n<td>3-chip 1.38\u201c DC4K DMD<\/td>\n<\/tr>\n<tr>\n<td>Rozmiar ekranu [m]<\/td>\n<td>do 32<\/td>\n<\/tr>\n<tr>\n<td>Jasno\u015b\u0107<\/td>\n<td>35000 lumen\u00f3w<\/td>\n<\/tr>\n<tr>\n<td>Wsp\u00f3\u0142czynnik kontrastu<\/td>\n<td>2000:1 (pe\u0142ne w\u0142\u0105czenie\/wy\u0142\u0105czenie)<\/td>\n<\/tr>\n<tr>\n<td>\u0179r\u00f3d\u0142o \u015bwiat\u0142a<\/td>\n<td>Konstrukcja bezlampowa; Laserowe \u017ar\u00f3d\u0142o \u015bwiat\u0142a, przewidywany czas eksploatacji: 40000 godz. <sup>1<\/sup><\/td>\n<\/tr>\n<tr>\n<td>Obiektyw<\/td>\n<td>Powi\u0119kszenie \/ ogniskowanie \/ przesuni\u0119cie: mechaniczny<br \/>\nPrzesuniecie: z nap\u0119dem poziomym\/pionowym<br \/>\nInne: Dowser (pryzsona \u015bwiat\u0142a); pami\u0119\u0107 ustawienia obiektywu (shift\/zoom\/focus); Zakres przesuniecia zale\u017cy od obiektywu<br \/>\nPodstawowe obiektywy: 1,13 do 1,66:1 zoom; 1,3 do 1,85:1 zoom; 1,45 do 2,17:1 zoom; 1,63 do 2,71:1 zoom; 1,95 do 3,26:1 zoom; 2,71 do 3,89:1 zoom<\/td>\n<\/tr>\n<tr>\n<td>Specyfikacja chipu DMD<\/td>\n<td>4096 x 2160<br \/>\nCzip: DLP 1,38&#8243;;<br \/>\nK\u0105t pochylenia [\u00b0]: 12<\/td>\n<\/tr>\n<tr>\n<td>Metoda ch\u0142odzenia<\/td>\n<td>ciecz: Ch\u0142odzenie wewn\u0119trzne, nie jest wymagany system ch\u0142odzenia (chiller)<\/td>\n<\/tr>\n<\/tbody>\n<\/table>\n<\/dd>\n<dt class=\"js-accordion__toggle accordion__toggle\">PROJEKTOR Z LICZNYMI OPCJAMI POD\u0141\u0104CZANIA<\/dt>\n<dd class=\"js-accordion__content\">\n<table class=\"datalist datalist--divided-inset\">\n<tbody>\n<tr>\n<td>Kontrola zewn\u0119trzna<\/td>\n<td>1 x GPIO (0-pinowe gniazdo \u017ce\u0144skie D-sub); 1 x GPIO (3D) (15-pinowe gniazdo \u017ce\u0144skie D-sub); 1 x RJ45 100Base-T<\/td>\n<\/tr>\n<\/tbody>\n<\/table>\n<\/dd>\n<dt class=\"js-accordion__toggle accordion__toggle\">IMS Z LICZNYMI OPCJAMI POD\u0141\u0104CZANIA<\/dt>\n<dd class=\"js-accordion__content\">\n<table class=\"datalist datalist--divided-inset\">\n<tbody>\n<tr>\n<td>Kontrola zewn\u0119trzna<\/td>\n<td>2 x RJ45 (4 GPI i 6 GPO); 2 x RJ45 Gigabit Ethernet<\/td>\n<\/tr>\n<tr>\n<td>Wej\u015bcia<\/td>\n<td>1 x USB typu 2.0; 2 x 3GSDI, dwukierunkowe (wej\u015bcie i\u00a0wyj\u015bcie); 2 x USB typu 3.0; eSATA; HDMI<\/td>\n<\/tr>\n<tr>\n<td>Z\u0142\u0105cza wyj\u015b\u0107<\/td>\n<td>2 x RJ45 (16-kana\u0142owy d\u017awi\u0119k cyfrowy AES3-EBU)<\/td>\n<\/tr>\n<tr>\n<td>Dodatkowe Funkcje<\/td>\n<td>Obs\u0142uga NAS; Wbudowana funkcja SMS; Wbudowany twardy dysk: 2 TB (DCP, RAID5)<\/td>\n<\/tr>\n<\/tbody>\n<\/table>\n<\/dd>\n<dt class=\"js-accordion__toggle accordion__toggle\">WARUNKI OTOCZENIA<\/dt>\n<dd class=\"js-accordion__content\">\n<table class=\"datalist datalist--divided-inset\">\n<tbody>\n<tr>\n<td>Temperatura otoczenia przy pracy [\u00b0C]<\/td>\n<td>10 do 35<\/td>\n<\/tr>\n<tr>\n<td>Wilgodno\u015b\u0107 otoczenia [%]<\/td>\n<td>10 do 80 &#8211; non-condensing<\/td>\n<\/tr>\n<tr>\n<td>Temperatura przy przechowywaniu [\u00b0C]<\/td>\n<td>-10 do 50<\/td>\n<\/tr>\n<\/tbody>\n<\/table>\n<\/dd>\n<dt class=\"js-accordion__toggle accordion__toggle\">PARAMETRY ELEKTRYCZNE<\/dt>\n<dd class=\"js-accordion__content\">\n<table class=\"datalist datalist--divided-inset\">\n<tbody>\n<tr>\n<td>Zasilanie<\/td>\n<td>Jednostka zasilaj\u0105ca projektor: 200 do 240V AC, 50\/60Hz, jedna faza<\/td>\n<\/tr>\n<tr>\n<td>Zu\u017cycie energii [W]<\/td>\n<td>4485 maks.<\/td>\n<\/tr>\n<tr>\n<td>Rozproszenie ciep\u0142a (BTU)<\/td>\n<td>15303 maks.<\/td>\n<\/tr>\n<\/tbody>\n<\/table>\n<\/dd>\n<dt class=\"js-accordion__toggle accordion__toggle\">PARAMETRY MECHANICZNE<\/dt>\n<dd class=\"js-accordion__content\">\n<table class=\"datalist datalist--divided-inset\">\n<tbody>\n<tr>\n<td>Wymiary (S x W x G) [mm]<\/td>\n<td>697 x 455 x 1,180<\/td>\n<\/tr>\n<tr>\n<td>Waga [kg]<\/td>\n<td>169 (bez obiektywu)<\/td>\n<\/tr>\n<tr>\n<td>G\u0142o\u015bno\u015b\u0107 [dB (A)]<\/td>\n<td>&lt; 55<\/td>\n<\/tr>\n<\/tbody>\n<\/table>\n<\/dd>\n<dt class=\"js-accordion__toggle accordion__toggle\">DODATKOWE FUNKCJE<\/dt>\n<dd class=\"js-accordion__content\">\n<table class=\"datalist datalist--divided-inset\">\n<tbody>\n<tr>\n<td>Cechy Specjalne<\/td>\n<td>Laserowe \u017ar\u00f3d\u0142o \u015bwiat\u0142a RB; Niskie koszty TCO; System o\u015bwietlenia laserowego; Szeroka gama barw \u015bwiat\u0142a laserowego; Wysoka rozdzielczo\u015b\u0107 4K<\/td>\n<\/tr>\n<\/tbody>\n<\/table>\n<\/dd>\n<dt class=\"js-accordion__toggle accordion__toggle\">FUNKCJE EKO<\/dt>\n<dd class=\"js-accordion__content\">\n<table class=\"datalist datalist--divided-inset\">\n<tbody>\n<tr>\n<td>Materia\u0142y ekologiczne<\/td>\n<td>Eliminacja odpad\u00f3w i powi\u0105zanych z nimi skutk\u00f3w dla sk\u0142adowisk zwi\u0105zanych z filmami 35 mm; Technologia laserowa zmniejsza zu\u017cycie energii i\u00a0ilo\u015b\u0107 wymaganych materia\u0142\u00f3w zamiennych<\/td>\n<\/tr>\n<\/tbody>\n<\/table>\n<\/dd>\n<dt class=\"js-accordion__toggle accordion__toggle\">REGULATIONS<\/dt>\n<dd class=\"js-accordion__content\">\n<table class=\"datalist datalist--divided-inset\">\n<tbody>\n<tr>\n<td>Europa<\/td>\n<td>EN 55022 1998, klasa A; EN55024; EN55024 1998; EN55032 Class A (Marking TUV,CE); EN60950-1; EN61000-3-2; EN61000-3-2\/-3-3; EN61000-3-3; IEC60825-1 Ed3 2014; IEC60950-1 \/ EN55022 Class A (Marking EAC); IEC62471-5 Ed1 2015; T\u00dcV-GS<\/td>\n<\/tr>\n<tr>\n<td>Rosja\/Bia\u0142oru\u015b\/Kazachstan<\/td>\n<td>EAC; IEC60825-1 Ed3 2014; IEC62471-5 Ed1 2015<\/td>\n<\/tr>\n<\/tbody>\n<\/table>\n<\/dd>\n<dt class=\"js-accordion__toggle accordion__toggle\">GWARANCJA<\/dt>\n<dd class=\"js-accordion__content\">\n<table class=\"datalist datalist--divided-inset\">\n<tbody>\n<tr>\n<td>Gwarancja<\/td>\n<td>2 rok, gwarancja na cz\u0119\u015bci<\/td>\n<\/tr>\n<tr>\n<td>\u0179r\u00f3d\u0142o \u015bwiat\u0142a<\/td>\n<td>2 lat lub 7500 h ( w zale\u017cno\u015bci od tego, co nast\u0105pi wcze\u015bniej)<\/td>\n<\/tr>\n<\/tbody>\n<\/table>\n<\/dd>\n<\/dl>\n","protected":false},"excerpt":{"rendered":"<div class=\"columns medium-6 product-features\">\n<table class=\"datalist datalist--divided-fullwidth\">\n<tbody>\n<tr>\n<td>Typ<\/td>\n<td>DLP<\/td>\n<\/tr>\n<tr>\n<td>Wspierane wymiary ekranu<\/td>\n<td>do 32 metr\u00f3w (104 st\u00f3p)<\/td>\n<\/tr>\n<tr>\n<td>Rozdzielczo\u015b\u0107<\/td>\n<td>4096 x 2160<\/td>\n<\/tr>\n<tr>\n<td>\u0179r\u00f3d\u0142o \u015bwiat\u0142a<\/td>\n<td>Laser czerwono-niebieski<\/td>\n<\/tr>\n<tr>\n<td>Kod produktu<\/td>\n<td>60004089<\/td>\n<\/tr>\n<\/tbody>\n<\/table>\n<\/div>\n","protected":false},"featured_media":744,"template":"","meta":{"inline_featured_image":false,"neve_meta_sidebar":"","neve_meta_container":"","neve_meta_enable_content_width":"off","neve_meta_content_width":100,"neve_meta_title_alignment":"","neve_meta_author_avatar":"","neve_post_elements_order":"","neve_meta_disable_header":"","neve_meta_disable_footer":"","neve_meta_disable_title":""},"pwb-brand":[28],"product_cat":[31],"product_tag":[],"yoast_head":"<!-- This site is optimized with the Yoast SEO plugin v22.6 - https:\/\/yoast.com\/wordpress\/plugins\/seo\/ -->\n<title>NEC NC3541L - Projektor - Monitory Komercyjne Monitory komercyjne<\/title>\n<meta name=\"robots\" content=\"index, follow, max-snippet:-1, max-image-preview:large, max-video-preview:-1\" \/>\n<link rel=\"canonical\" href=\"https:\/\/monitorykomercyjne.pl\/index.php\/produkt\/nec-nc3541l-projektor\/\" \/>\n<meta property=\"og:locale\" content=\"pl_PL\" \/>\n<meta property=\"og:type\" content=\"article\" \/>\n<meta property=\"og:title\" content=\"NEC NC3541L - Projektor - Monitory Komercyjne Monitory komercyjne\" \/>\n<meta property=\"og:description\" content=\"TypDLPWspierane wymiary ekranudo 32 metr\u00f3w (104 st\u00f3p)Rozdzielczo\u015b\u01074096 x 2160\u0179r\u00f3d\u0142o \u015bwiat\u0142aLaser czerwono-niebieskiKod produktu60004089\" \/>\n<meta property=\"og:url\" content=\"https:\/\/monitorykomercyjne.pl\/index.php\/produkt\/nec-nc3541l-projektor\/\" \/>\n<meta property=\"og:site_name\" content=\"Monitory Komercyjne\" \/>\n<meta property=\"article:modified_time\" content=\"2024-05-09T07:39:44+00:00\" \/>\n<meta property=\"og:image\" content=\"https:\/\/monitorykomercyjne.pl\/wp-content\/uploads\/2024\/03\/NEC-NC1803ML2.jpg\" \/>\n\t<meta property=\"og:image:width\" content=\"1600\" \/>\n\t<meta property=\"og:image:height\" content=\"1200\" \/>\n\t<meta property=\"og:image:type\" content=\"image\/jpeg\" \/>\n<meta name=\"twitter:card\" content=\"summary_large_image\" \/>\n<meta name=\"twitter:label1\" content=\"Szacowany czas czytania\" \/>\n\t<meta name=\"twitter:data1\" content=\"4 minuty\" \/>\n<script type=\"application\/ld+json\" class=\"yoast-schema-graph\">{\"@context\":\"https:\/\/schema.org\",\"@graph\":[{\"@type\":\"WebPage\",\"@id\":\"https:\/\/monitorykomercyjne.pl\/index.php\/produkt\/nec-nc3541l-projektor\/\",\"url\":\"https:\/\/monitorykomercyjne.pl\/index.php\/produkt\/nec-nc3541l-projektor\/\",\"name\":\"NEC NC3541L - Projektor - Monitory Komercyjne Monitory komercyjne\",\"isPartOf\":{\"@id\":\"https:\/\/monitorykomercyjne.pl\/#website\"},\"primaryImageOfPage\":{\"@id\":\"https:\/\/monitorykomercyjne.pl\/index.php\/produkt\/nec-nc3541l-projektor\/#primaryimage\"},\"image\":{\"@id\":\"https:\/\/monitorykomercyjne.pl\/index.php\/produkt\/nec-nc3541l-projektor\/#primaryimage\"},\"thumbnailUrl\":\"https:\/\/monitorykomercyjne.pl\/wp-content\/uploads\/2024\/03\/NEC-NC1803ML2.jpg\",\"datePublished\":\"2024-03-06T08:49:35+00:00\",\"dateModified\":\"2024-05-09T07:39:44+00:00\",\"breadcrumb\":{\"@id\":\"https:\/\/monitorykomercyjne.pl\/index.php\/produkt\/nec-nc3541l-projektor\/#breadcrumb\"},\"inLanguage\":\"pl-PL\",\"potentialAction\":[{\"@type\":\"ReadAction\",\"target\":[\"https:\/\/monitorykomercyjne.pl\/index.php\/produkt\/nec-nc3541l-projektor\/\"]}]},{\"@type\":\"ImageObject\",\"inLanguage\":\"pl-PL\",\"@id\":\"https:\/\/monitorykomercyjne.pl\/index.php\/produkt\/nec-nc3541l-projektor\/#primaryimage\",\"url\":\"https:\/\/monitorykomercyjne.pl\/wp-content\/uploads\/2024\/03\/NEC-NC1803ML2.jpg\",\"contentUrl\":\"https:\/\/monitorykomercyjne.pl\/wp-content\/uploads\/2024\/03\/NEC-NC1803ML2.jpg\",\"width\":1600,\"height\":1200},{\"@type\":\"BreadcrumbList\",\"@id\":\"https:\/\/monitorykomercyjne.pl\/index.php\/produkt\/nec-nc3541l-projektor\/#breadcrumb\",\"itemListElement\":[{\"@type\":\"ListItem\",\"position\":1,\"name\":\"Strona g\u0142\u00f3wna\",\"item\":\"https:\/\/monitorykomercyjne.pl\/\"},{\"@type\":\"ListItem\",\"position\":2,\"name\":\"Produkty\",\"item\":\"https:\/\/monitorykomercyjne.pl\/index.php\/produkty\/\"},{\"@type\":\"ListItem\",\"position\":3,\"name\":\"NEC NC3541L &#8211; Projektor\"}]},{\"@type\":\"WebSite\",\"@id\":\"https:\/\/monitorykomercyjne.pl\/#website\",\"url\":\"https:\/\/monitorykomercyjne.pl\/\",\"name\":\"Monitory Komercyjne\",\"description\":\"\",\"potentialAction\":[{\"@type\":\"SearchAction\",\"target\":{\"@type\":\"EntryPoint\",\"urlTemplate\":\"https:\/\/monitorykomercyjne.pl\/?s={search_term_string}\"},\"query-input\":\"required name=search_term_string\"}],\"inLanguage\":\"pl-PL\"}]}<\/script>\n<!-- \/ Yoast SEO plugin. -->","yoast_head_json":{"title":"NEC NC3541L - Projektor - Monitory Komercyjne Monitory komercyjne","robots":{"index":"index","follow":"follow","max-snippet":"max-snippet:-1","max-image-preview":"max-image-preview:large","max-video-preview":"max-video-preview:-1"},"canonical":"https:\/\/monitorykomercyjne.pl\/index.php\/produkt\/nec-nc3541l-projektor\/","og_locale":"pl_PL","og_type":"article","og_title":"NEC NC3541L - Projektor - Monitory Komercyjne Monitory komercyjne","og_description":"TypDLPWspierane wymiary ekranudo 32 metr\u00f3w (104 st\u00f3p)Rozdzielczo\u015b\u01074096 x 2160\u0179r\u00f3d\u0142o \u015bwiat\u0142aLaser czerwono-niebieskiKod produktu60004089","og_url":"https:\/\/monitorykomercyjne.pl\/index.php\/produkt\/nec-nc3541l-projektor\/","og_site_name":"Monitory Komercyjne","article_modified_time":"2024-05-09T07:39:44+00:00","og_image":[{"width":1600,"height":1200,"url":"https:\/\/monitorykomercyjne.pl\/wp-content\/uploads\/2024\/03\/NEC-NC1803ML2.jpg","type":"image\/jpeg"}],"twitter_card":"summary_large_image","twitter_misc":{"Szacowany czas czytania":"4 minuty"},"schema":{"@context":"https:\/\/schema.org","@graph":[{"@type":"WebPage","@id":"https:\/\/monitorykomercyjne.pl\/index.php\/produkt\/nec-nc3541l-projektor\/","url":"https:\/\/monitorykomercyjne.pl\/index.php\/produkt\/nec-nc3541l-projektor\/","name":"NEC NC3541L - Projektor - Monitory Komercyjne Monitory komercyjne","isPartOf":{"@id":"https:\/\/monitorykomercyjne.pl\/#website"},"primaryImageOfPage":{"@id":"https:\/\/monitorykomercyjne.pl\/index.php\/produkt\/nec-nc3541l-projektor\/#primaryimage"},"image":{"@id":"https:\/\/monitorykomercyjne.pl\/index.php\/produkt\/nec-nc3541l-projektor\/#primaryimage"},"thumbnailUrl":"https:\/\/monitorykomercyjne.pl\/wp-content\/uploads\/2024\/03\/NEC-NC1803ML2.jpg","datePublished":"2024-03-06T08:49:35+00:00","dateModified":"2024-05-09T07:39:44+00:00","breadcrumb":{"@id":"https:\/\/monitorykomercyjne.pl\/index.php\/produkt\/nec-nc3541l-projektor\/#breadcrumb"},"inLanguage":"pl-PL","potentialAction":[{"@type":"ReadAction","target":["https:\/\/monitorykomercyjne.pl\/index.php\/produkt\/nec-nc3541l-projektor\/"]}]},{"@type":"ImageObject","inLanguage":"pl-PL","@id":"https:\/\/monitorykomercyjne.pl\/index.php\/produkt\/nec-nc3541l-projektor\/#primaryimage","url":"https:\/\/monitorykomercyjne.pl\/wp-content\/uploads\/2024\/03\/NEC-NC1803ML2.jpg","contentUrl":"https:\/\/monitorykomercyjne.pl\/wp-content\/uploads\/2024\/03\/NEC-NC1803ML2.jpg","width":1600,"height":1200},{"@type":"BreadcrumbList","@id":"https:\/\/monitorykomercyjne.pl\/index.php\/produkt\/nec-nc3541l-projektor\/#breadcrumb","itemListElement":[{"@type":"ListItem","position":1,"name":"Strona g\u0142\u00f3wna","item":"https:\/\/monitorykomercyjne.pl\/"},{"@type":"ListItem","position":2,"name":"Produkty","item":"https:\/\/monitorykomercyjne.pl\/index.php\/produkty\/"},{"@type":"ListItem","position":3,"name":"NEC NC3541L &#8211; Projektor"}]},{"@type":"WebSite","@id":"https:\/\/monitorykomercyjne.pl\/#website","url":"https:\/\/monitorykomercyjne.pl\/","name":"Monitory Komercyjne","description":"","potentialAction":[{"@type":"SearchAction","target":{"@type":"EntryPoint","urlTemplate":"https:\/\/monitorykomercyjne.pl\/?s={search_term_string}"},"query-input":"required name=search_term_string"}],"inLanguage":"pl-PL"}]}},"brands":[{"id":28,"name":"SharpNEC","slug":"sharpnec"}],"_links":{"self":[{"href":"https:\/\/monitorykomercyjne.pl\/index.php\/wp-json\/wp\/v2\/product\/763"}],"collection":[{"href":"https:\/\/monitorykomercyjne.pl\/index.php\/wp-json\/wp\/v2\/product"}],"about":[{"href":"https:\/\/monitorykomercyjne.pl\/index.php\/wp-json\/wp\/v2\/types\/product"}],"wp:featuredmedia":[{"embeddable":true,"href":"https:\/\/monitorykomercyjne.pl\/index.php\/wp-json\/wp\/v2\/media\/744"}],"wp:attachment":[{"href":"https:\/\/monitorykomercyjne.pl\/index.php\/wp-json\/wp\/v2\/media?parent=763"}],"wp:term":[{"taxonomy":"pwb-brand","embeddable":true,"href":"https:\/\/monitorykomercyjne.pl\/index.php\/wp-json\/wp\/v2\/pwb-brand?post=763"},{"taxonomy":"product_cat","embeddable":true,"href":"https:\/\/monitorykomercyjne.pl\/index.php\/wp-json\/wp\/v2\/product_cat?post=763"},{"taxonomy":"product_tag","embeddable":true,"href":"https:\/\/monitorykomercyjne.pl\/index.php\/wp-json\/wp\/v2\/product_tag?post=763"}],"curies":[{"name":"wp","href":"https:\/\/api.w.org\/{rel}","templated":true}]}}