{"id":765,"date":"2024-03-06T10:04:12","date_gmt":"2024-03-06T09:04:12","guid":{"rendered":"https:\/\/monitorykomercyjne.pl\/?post_type=product&#038;p=765"},"modified":"2024-05-09T09:39:44","modified_gmt":"2024-05-09T07:39:44","slug":"nec-nc1000c-projektor","status":"publish","type":"product","link":"https:\/\/monitorykomercyjne.pl\/index.php\/produkt\/nec-nc1000c-projektor\/","title":{"rendered":"NEC NC1000C &#8211; Projektor"},"content":{"rendered":"<section id=\"overview\" class=\"row\">\n<div class=\"columns medium-6\">\n<p><!-- ossproductdescstart --><\/p>\n<p><b>Ma\u0142y ale pot\u0119\u017cny! Epickie kinowe wra\u017cenia na ekranach kin objazdowych i mniejszych sal kinowych<\/b><\/p>\n<p>Projektor NC1000C zosta\u0142 opracowany na potrzeby sal z mniejszymi ekranami lub ma\u0142ymi kabinami projekcyjnymi, gdzie zapewnia lepsze wra\u017cenia kinowe i doskona\u0142\u0105 jako\u015b\u0107 obrazu. Projektor zajmuje ma\u0142o miejsca i jest \u0142atwy w transporcie, przez co spe\u0142nia specyficzne wymagania kin objazdowych i sal bez kabin projekcyjnych. Uniwersalny zintegrowany serwer medi\u00f3w IMS (Integrated Media Server) skutecznie zmniejsza liczb\u0119 urz\u0105dze\u0144 peryferyjnych, co jest konieczne przy kompaktowych rozwi\u0105zaniach.<\/p>\n<p>Gwarancj\u0105 wyj\u0105tkowego odbioru film\u00f3w w\u00a0niesamowitej jako\u015bci obrazu jest wy\u015bwietlanie krystalicznego obrazu 2K zgodnego ze standardem DCI i w\u00a0naturalnych barwach dzi\u0119ki zastosowaniu kinowego silnika o\u015bwietlenia DLP i\u00a0obs\u0142udze obraz\u00f3w 3D. U\u017cytkownicy inwestuj\u0105 swoje \u015brodki w rozwi\u0105zanie, kt\u00f3re wystarczy im na bardzo d\u0142ugo, wymaga niskich nak\u0142ad\u00f3w na pocz\u0105tku i\u00a0podczas eksploatacji, jest obs\u0142ugiwane w spos\u00f3b przyjazny dla u\u017cytkownika i\u00a0potrzebuje minimalnego zakresu czynno\u015bci konserwacyjnych.<\/p>\n<p>Ten projektor to doskona\u0142e rozwi\u0105zanie na potrzeby ekran\u00f3w kinowych do 10\u00a0m w kinach studyjnych, kinach objazdowych, kinach na uczelniach i w budynkach u\u017cyteczno\u015bci publicznej.<\/p>\n<p><!-- ossproductdescend --><\/p>\n<\/div>\n<div class=\"columns medium-6\">\n<h3>Korzy\u015bci<\/h3>\n<ul>\n<li><b>Ni\u017cszy ca\u0142kowity koszt posiadania <\/b> \u2013\u0142atwa wymiana lampy, ni\u017cszy koszt lampy i proste serwisowanie. U\u017cytkownik zyskuje lepsz\u0105 jako\u015b\u0107 obrazu przy ni\u017cszym ca\u0142kowitym koszcie posiadania.<\/li>\n<li><b>Obraz inspiruj\u0105cy publiczno\u015b\u0107<\/b> \u2013idealna jako\u015b\u0107 kinowa w\u00a0rozdzielczo\u015bci 2K z DCI oraz precyzyjne przetwarzanie barw gwarantuj\u0105 najlepsze wra\u017cenia wizualne.<\/li>\n<li><b>Kompaktowe rozmiary, niewielka masa i\u00a0cicha praca<\/b> \u2013\u0142atwa instalacja w\u00a0ma\u0142ych kabinach projekcyjnych, prosty transport w\u00a0przypadku kin objazdowych, doskona\u0142e dostosowanie do potrzeb kin bez kabiny projekcyjnej.<\/li>\n<li><b>Wysoka elastyczno\u015b\u0107 <\/b> \u2013nie jest wymagany system wentylacyjny, dzi\u0119ki czemu projektor NC1000C mo\u017cna zainstalowa\u0107 na pod\u0142odze lub na suficie i wykorzystywa\u0107 do wszechstronnego odtwarzania materia\u0142\u00f3w.<\/li>\n<li><b>Uniwersalne rozwi\u0105zania<\/b> \u2013zintegrowany serwer medi\u00f3w IMS (Integrated Media Server) zapewnia najbardziej elastyczne zarz\u0105dzanie tre\u015bciami oraz udost\u0119pnia opcje pod\u0142\u0105cze\u0144 NAS i\u00a0pozyskiwania (ingestu) materia\u0142\u00f3w w\u00a0czasie rzeczywistym, jednocze\u015bnie zmniejszaj\u0105c liczb\u0119 wymaganych urz\u0105dze\u0144 peryferyjnych.<\/li>\n<\/ul>\n<\/div>\n<\/section>\n<dl id=\"speciList\" class=\"js-accordion\">\n<dt class=\"js-accordion__toggle accordion__toggle\">PARAMETRY OPTYCZNE<\/dt>\n<dd class=\"js-accordion__content\">\n<table class=\"datalist datalist--divided-inset\">\n<tbody>\n<tr>\n<td>Metoda projekcji<\/td>\n<td>Technologia Cinema\u00ae z 3 chipami<\/td>\n<\/tr>\n<tr>\n<td>Rozmiar ekranu [m]<\/td>\n<td>maks. 10,6 w skali barw zgodna z DCI (ekran o luminancji 1,8)<\/td>\n<\/tr>\n<tr>\n<td>Wsp\u00f3\u0142czynnik kontrastu<\/td>\n<td>1600:1<\/td>\n<\/tr>\n<tr>\n<td>\u0179r\u00f3d\u0142o \u015bwiat\u0142a<\/td>\n<td>400 W x 2 lampy NSH<\/td>\n<\/tr>\n<tr>\n<td>Obiektyw<\/td>\n<td>Powi\u0119kszenie \/ ogniskowanie \/ przesuni\u0119cie: mechaniczny<br \/>\nInne: Dowser (pryzsona \u015bwiat\u0142a); Zakres przesuniecia zale\u017cy od obiektywu<br \/>\nPodstawowe obiektywy: NP-9LS12ZM1: 1.2-1.72:1; NP-9LS13ZM1: 1.33-2.1:1; NP-9LS16ZM1: 1.62-2.7:1; NP-9LS20ZM1: 2.09-3.9:1<\/td>\n<\/tr>\n<tr>\n<td>Specyfikacja chipu DMD<\/td>\n<td>2048 x 1080<br \/>\nCzip: DLP 0,69&#8243;<\/td>\n<\/tr>\n<tr>\n<td>Metoda ch\u0142odzenia<\/td>\n<td>Ch\u0142odzenie powietrzem z zastosowaniem przeciwpy\u0142owego filtra elektrostatycznego<\/td>\n<\/tr>\n<\/tbody>\n<\/table>\n<\/dd>\n<dt class=\"js-accordion__toggle accordion__toggle\">PROJEKTOR Z LICZNYMI OPCJAMI POD\u0141\u0104CZANIA<\/dt>\n<dd class=\"js-accordion__content\">\n<table class=\"datalist datalist--divided-inset\">\n<tbody>\n<tr>\n<td>Kontrola zewn\u0119trzna<\/td>\n<td>1 x GPIO (37-pinowe gniazdo \u017ce\u0144skie D-sub); 1 x GPIO (3D) (15-pinowe gniazdo \u017ce\u0144skie D-sub); 1 x RJ45 Gigabit Ethernet<\/td>\n<\/tr>\n<\/tbody>\n<\/table>\n<\/dd>\n<dt class=\"js-accordion__toggle accordion__toggle\">WARUNKI OTOCZENIA<\/dt>\n<dd class=\"js-accordion__content\">\n<table class=\"datalist datalist--divided-inset\">\n<tbody>\n<tr>\n<td>Temperatura otoczenia przy pracy [\u00b0C]<\/td>\n<td>10 do 35<\/td>\n<\/tr>\n<tr>\n<td>Wilgodno\u015b\u0107 otoczenia [%]<\/td>\n<td>10 do 85 &#8211; non-condensing<\/td>\n<\/tr>\n<tr>\n<td>Temperatura przy przechowywaniu [\u00b0C]<\/td>\n<td>-10 do 50<\/td>\n<\/tr>\n<tr>\n<td>Wilgotno\u015b\u0107 przy przechowywaniu [%]<\/td>\n<td>5 do 95 &#8211; non-condensing<\/td>\n<\/tr>\n<\/tbody>\n<\/table>\n<\/dd>\n<dt class=\"js-accordion__toggle accordion__toggle\">PARAMETRY ELEKTRYCZNE<\/dt>\n<dd class=\"js-accordion__content\">\n<table class=\"datalist datalist--divided-inset\">\n<tbody>\n<tr>\n<td>Zasilanie<\/td>\n<td>Wbudowany zasilacz<br \/>\nJednostka zasilaj\u0105ca projektor: 200 do 240V AC, 50\/60Hz, jedna faza<\/td>\n<\/tr>\n<tr>\n<td>Zu\u017cycie energii [W]<\/td>\n<td>Podw\u00f3jna lampa: 1135 W; 200 &#8211; 240 V; 4.8 &#8211; 5.8 A<\/td>\n<\/tr>\n<\/tbody>\n<\/table>\n<\/dd>\n<dt class=\"js-accordion__toggle accordion__toggle\">PARAMETRY MECHANICZNE<\/dt>\n<dd class=\"js-accordion__content\">\n<table class=\"datalist datalist--divided-inset\">\n<tbody>\n<tr>\n<td>Wymiary (S x W x G) [mm]<\/td>\n<td>Projektor: 621 x 314 x 798<\/td>\n<\/tr>\n<tr>\n<td>IMS<\/td>\n<td>Pe\u0142ne wsparcie HFR 3D (48 Hz\/oko, 60 Hz\/oko); Wbudowana funkcja SMS; Zintegrowany serwer pami\u0119ci masowej: 2 TB RAID5<\/td>\n<\/tr>\n<tr>\n<td>Waga [kg]<\/td>\n<td>44 (bez obiektywu)<\/td>\n<\/tr>\n<tr>\n<td>G\u0142o\u015bno\u015b\u0107 [dB (A)]<\/td>\n<td>&lt; 48<\/td>\n<\/tr>\n<\/tbody>\n<\/table>\n<\/dd>\n<dt class=\"js-accordion__toggle accordion__toggle\">DODATKOWE FUNKCJE<\/dt>\n<dd class=\"js-accordion__content\">\n<table class=\"datalist datalist--divided-inset\">\n<tbody>\n<tr>\n<td>Cechy Specjalne<\/td>\n<td>Kompaktowa konstrukcja; Najnowsza technologia cyfrowa; Niezr\u00f3wnana jako\u015b\u0107; Niskie koszty TCO; System prostej obs\u0142ugi lamp; Wbudowana funkcja SMS; Wbudowany IMS (NP90MS02-4K); Zintegrowany serwer pami\u0119ci masowej: pojemno\u015b\u0107 netto 2 TB; Zmniejszone koszty<\/td>\n<\/tr>\n<\/tbody>\n<\/table>\n<\/dd>\n<dt class=\"js-accordion__toggle accordion__toggle\">FUNKCJE EKO<\/dt>\n<dd class=\"js-accordion__content\">\n<table class=\"datalist datalist--divided-inset\">\n<tbody>\n<tr>\n<td>Materia\u0142y ekologiczne<\/td>\n<td>Eliminacja odpad\u00f3w i powi\u0105zanych z nimi skutk\u00f3w dla sk\u0142adowisk zwi\u0105zanych z filmami 35 mm<\/td>\n<\/tr>\n<\/tbody>\n<\/table>\n<\/dd>\n<dt class=\"js-accordion__toggle accordion__toggle\">INTERFEJSY: DOLBY IMS3000 (OPCJONALNE)<\/dt>\n<dd class=\"js-accordion__content\">\n<table class=\"datalist datalist--divided-inset\">\n<tbody>\n<tr>\n<td>Kontrola zewn\u0119trzna<\/td>\n<td>2 x RJ45 (4 GPI i 6 GPO); 2 x RJ45 Gigabit Ethernet<\/td>\n<\/tr>\n<tr>\n<td>Wej\u015bcia<\/td>\n<td>2 x 3GSDI, dwukierunkowe (wej\u015bcie i wyj\u015bcie); 2 x USB typu 3.0; eSATA; HDMI<\/td>\n<\/tr>\n<tr>\n<td>Z\u0142\u0105cza wyj\u015b\u0107<\/td>\n<td>2 x RJ45 (16-kana\u0142owy d\u017awi\u0119k cyfrowy AES3-EBU)<\/td>\n<\/tr>\n<tr>\n<td>Dodatkowe Funkcje<\/td>\n<td>Obs\u0142uga HFR 3D (48 Hz\/oko, 60 Hz\/oko); Obs\u0142uga NAS; Play Ingest; Wbudowana funkcja SMS; Wbudowany twardy dysk: 2 TB (DCP, RAID5)<\/td>\n<\/tr>\n<\/tbody>\n<\/table>\n<\/dd>\n<dt class=\"js-accordion__toggle accordion__toggle\">REGULATIONS<\/dt>\n<dd class=\"js-accordion__content\">\n<table class=\"datalist datalist--divided-inset\">\n<tbody>\n<tr>\n<td>Europa<\/td>\n<td>CE; CE; EN 55022 1998, klasa A; EN55024; EN55024 1998; EN55032 Class A (Marking TUV,CE); EN60950-1; EN61000-3-11; EN61000-3-12; EN61000-3-2\/-3-3; GOST-R; IEC60950-1 \/ EN55022 Class A (Marking EAC); IEC62301; T\u00dcV-GS<\/td>\n<\/tr>\n<\/tbody>\n<\/table>\n<\/dd>\n<dt class=\"js-accordion__toggle accordion__toggle\">GWARANCJA<\/dt>\n<dd class=\"js-accordion__content\">\n<table class=\"datalist datalist--divided-inset\">\n<tbody>\n<tr>\n<td>Gwarancja<\/td>\n<td>2 rok, gwarancja na cz\u0119\u015bci<\/td>\n<\/tr>\n<tr>\n<td>\u0179r\u00f3d\u0142o \u015bwiat\u0142a<\/td>\n<td>1 lat lub 2500 h ( w zale\u017cno\u015bci od tego, co nast\u0105pi wcze\u015bniej)<\/td>\n<\/tr>\n<\/tbody>\n<\/table>\n<\/dd>\n<dt class=\"js-accordion__toggle accordion__toggle\">WYPOSA\u017bENIE DODATKOWE<\/dt>\n<dd class=\"js-accordion__content\">\n<table class=\"datalist datalist--divided-inset\">\n<tbody>\n<tr>\n<td>Dost\u0119pne akcesoria<\/td>\n<td>Filtr powietrza<\/td>\n<\/tr>\n<\/tbody>\n<\/table>\n<\/dd>\n<\/dl>\n","protected":false},"excerpt":{"rendered":"<div class=\"columns medium-6 product-features\">\n<table class=\"datalist datalist--divided-fullwidth\">\n<tbody>\n<tr>\n<td>Typ<\/td>\n<td>DLP<\/td>\n<\/tr>\n<tr>\n<td>Wspierane wymiary ekranu<\/td>\n<td>do 10,6 metr\u00f3w (34 st\u00f3p)<\/td>\n<\/tr>\n<tr>\n<td>Rozdzielczo\u015b\u0107<\/td>\n<td>2048 x 1080<\/td>\n<\/tr>\n<tr>\n<td>\u0179r\u00f3d\u0142o \u015bwiat\u0142a<\/td>\n<td>NSH Lampy<\/td>\n<\/tr>\n<tr>\n<td>Kod produktu<\/td>\n<td>60004093<\/td>\n<\/tr>\n<\/tbody>\n<\/table>\n<\/div>\n","protected":false},"featured_media":766,"template":"","meta":{"inline_featured_image":false,"neve_meta_sidebar":"","neve_meta_container":"","neve_meta_enable_content_width":"off","neve_meta_content_width":100,"neve_meta_title_alignment":"","neve_meta_author_avatar":"","neve_post_elements_order":"","neve_meta_disable_header":"","neve_meta_disable_footer":"","neve_meta_disable_title":""},"pwb-brand":[28],"product_cat":[31],"product_tag":[],"yoast_head":"<!-- This site is optimized with the Yoast SEO plugin v22.6 - https:\/\/yoast.com\/wordpress\/plugins\/seo\/ -->\n<title>NEC NC1000C - Projektor - Monitory Komercyjne Monitory komercyjne<\/title>\n<meta name=\"robots\" content=\"index, follow, max-snippet:-1, max-image-preview:large, max-video-preview:-1\" \/>\n<link rel=\"canonical\" href=\"https:\/\/monitorykomercyjne.pl\/index.php\/produkt\/nec-nc1000c-projektor\/\" \/>\n<meta property=\"og:locale\" content=\"pl_PL\" \/>\n<meta property=\"og:type\" content=\"article\" \/>\n<meta property=\"og:title\" content=\"NEC NC1000C - Projektor - Monitory Komercyjne Monitory komercyjne\" \/>\n<meta property=\"og:description\" content=\"TypDLPWspierane wymiary ekranudo 10,6 metr\u00f3w (34 st\u00f3p)Rozdzielczo\u015b\u01072048 x 1080\u0179r\u00f3d\u0142o \u015bwiat\u0142aNSH LampyKod produktu60004093\" \/>\n<meta property=\"og:url\" content=\"https:\/\/monitorykomercyjne.pl\/index.php\/produkt\/nec-nc1000c-projektor\/\" \/>\n<meta property=\"og:site_name\" content=\"Monitory Komercyjne\" \/>\n<meta property=\"article:modified_time\" content=\"2024-05-09T07:39:44+00:00\" \/>\n<meta property=\"og:image\" content=\"https:\/\/monitorykomercyjne.pl\/wp-content\/uploads\/2024\/03\/NEC-NC1000C2.jpg\" \/>\n\t<meta property=\"og:image:width\" content=\"1600\" \/>\n\t<meta property=\"og:image:height\" content=\"1200\" \/>\n\t<meta property=\"og:image:type\" content=\"image\/jpeg\" \/>\n<meta name=\"twitter:card\" content=\"summary_large_image\" \/>\n<meta name=\"twitter:label1\" content=\"Szacowany czas czytania\" \/>\n\t<meta name=\"twitter:data1\" content=\"4 minuty\" \/>\n<script type=\"application\/ld+json\" class=\"yoast-schema-graph\">{\"@context\":\"https:\/\/schema.org\",\"@graph\":[{\"@type\":\"WebPage\",\"@id\":\"https:\/\/monitorykomercyjne.pl\/index.php\/produkt\/nec-nc1000c-projektor\/\",\"url\":\"https:\/\/monitorykomercyjne.pl\/index.php\/produkt\/nec-nc1000c-projektor\/\",\"name\":\"NEC NC1000C - Projektor - Monitory Komercyjne Monitory komercyjne\",\"isPartOf\":{\"@id\":\"https:\/\/monitorykomercyjne.pl\/#website\"},\"primaryImageOfPage\":{\"@id\":\"https:\/\/monitorykomercyjne.pl\/index.php\/produkt\/nec-nc1000c-projektor\/#primaryimage\"},\"image\":{\"@id\":\"https:\/\/monitorykomercyjne.pl\/index.php\/produkt\/nec-nc1000c-projektor\/#primaryimage\"},\"thumbnailUrl\":\"https:\/\/monitorykomercyjne.pl\/wp-content\/uploads\/2024\/03\/NEC-NC1000C2.jpg\",\"datePublished\":\"2024-03-06T09:04:12+00:00\",\"dateModified\":\"2024-05-09T07:39:44+00:00\",\"breadcrumb\":{\"@id\":\"https:\/\/monitorykomercyjne.pl\/index.php\/produkt\/nec-nc1000c-projektor\/#breadcrumb\"},\"inLanguage\":\"pl-PL\",\"potentialAction\":[{\"@type\":\"ReadAction\",\"target\":[\"https:\/\/monitorykomercyjne.pl\/index.php\/produkt\/nec-nc1000c-projektor\/\"]}]},{\"@type\":\"ImageObject\",\"inLanguage\":\"pl-PL\",\"@id\":\"https:\/\/monitorykomercyjne.pl\/index.php\/produkt\/nec-nc1000c-projektor\/#primaryimage\",\"url\":\"https:\/\/monitorykomercyjne.pl\/wp-content\/uploads\/2024\/03\/NEC-NC1000C2.jpg\",\"contentUrl\":\"https:\/\/monitorykomercyjne.pl\/wp-content\/uploads\/2024\/03\/NEC-NC1000C2.jpg\",\"width\":1600,\"height\":1200},{\"@type\":\"BreadcrumbList\",\"@id\":\"https:\/\/monitorykomercyjne.pl\/index.php\/produkt\/nec-nc1000c-projektor\/#breadcrumb\",\"itemListElement\":[{\"@type\":\"ListItem\",\"position\":1,\"name\":\"Strona g\u0142\u00f3wna\",\"item\":\"https:\/\/monitorykomercyjne.pl\/\"},{\"@type\":\"ListItem\",\"position\":2,\"name\":\"Produkty\",\"item\":\"https:\/\/monitorykomercyjne.pl\/index.php\/produkty\/\"},{\"@type\":\"ListItem\",\"position\":3,\"name\":\"NEC NC1000C &#8211; Projektor\"}]},{\"@type\":\"WebSite\",\"@id\":\"https:\/\/monitorykomercyjne.pl\/#website\",\"url\":\"https:\/\/monitorykomercyjne.pl\/\",\"name\":\"Monitory Komercyjne\",\"description\":\"\",\"potentialAction\":[{\"@type\":\"SearchAction\",\"target\":{\"@type\":\"EntryPoint\",\"urlTemplate\":\"https:\/\/monitorykomercyjne.pl\/?s={search_term_string}\"},\"query-input\":\"required name=search_term_string\"}],\"inLanguage\":\"pl-PL\"}]}<\/script>\n<!-- \/ Yoast SEO plugin. -->","yoast_head_json":{"title":"NEC NC1000C - Projektor - Monitory Komercyjne Monitory komercyjne","robots":{"index":"index","follow":"follow","max-snippet":"max-snippet:-1","max-image-preview":"max-image-preview:large","max-video-preview":"max-video-preview:-1"},"canonical":"https:\/\/monitorykomercyjne.pl\/index.php\/produkt\/nec-nc1000c-projektor\/","og_locale":"pl_PL","og_type":"article","og_title":"NEC NC1000C - Projektor - Monitory Komercyjne Monitory komercyjne","og_description":"TypDLPWspierane wymiary ekranudo 10,6 metr\u00f3w (34 st\u00f3p)Rozdzielczo\u015b\u01072048 x 1080\u0179r\u00f3d\u0142o \u015bwiat\u0142aNSH LampyKod produktu60004093","og_url":"https:\/\/monitorykomercyjne.pl\/index.php\/produkt\/nec-nc1000c-projektor\/","og_site_name":"Monitory Komercyjne","article_modified_time":"2024-05-09T07:39:44+00:00","og_image":[{"width":1600,"height":1200,"url":"https:\/\/monitorykomercyjne.pl\/wp-content\/uploads\/2024\/03\/NEC-NC1000C2.jpg","type":"image\/jpeg"}],"twitter_card":"summary_large_image","twitter_misc":{"Szacowany czas czytania":"4 minuty"},"schema":{"@context":"https:\/\/schema.org","@graph":[{"@type":"WebPage","@id":"https:\/\/monitorykomercyjne.pl\/index.php\/produkt\/nec-nc1000c-projektor\/","url":"https:\/\/monitorykomercyjne.pl\/index.php\/produkt\/nec-nc1000c-projektor\/","name":"NEC NC1000C - Projektor - Monitory Komercyjne Monitory komercyjne","isPartOf":{"@id":"https:\/\/monitorykomercyjne.pl\/#website"},"primaryImageOfPage":{"@id":"https:\/\/monitorykomercyjne.pl\/index.php\/produkt\/nec-nc1000c-projektor\/#primaryimage"},"image":{"@id":"https:\/\/monitorykomercyjne.pl\/index.php\/produkt\/nec-nc1000c-projektor\/#primaryimage"},"thumbnailUrl":"https:\/\/monitorykomercyjne.pl\/wp-content\/uploads\/2024\/03\/NEC-NC1000C2.jpg","datePublished":"2024-03-06T09:04:12+00:00","dateModified":"2024-05-09T07:39:44+00:00","breadcrumb":{"@id":"https:\/\/monitorykomercyjne.pl\/index.php\/produkt\/nec-nc1000c-projektor\/#breadcrumb"},"inLanguage":"pl-PL","potentialAction":[{"@type":"ReadAction","target":["https:\/\/monitorykomercyjne.pl\/index.php\/produkt\/nec-nc1000c-projektor\/"]}]},{"@type":"ImageObject","inLanguage":"pl-PL","@id":"https:\/\/monitorykomercyjne.pl\/index.php\/produkt\/nec-nc1000c-projektor\/#primaryimage","url":"https:\/\/monitorykomercyjne.pl\/wp-content\/uploads\/2024\/03\/NEC-NC1000C2.jpg","contentUrl":"https:\/\/monitorykomercyjne.pl\/wp-content\/uploads\/2024\/03\/NEC-NC1000C2.jpg","width":1600,"height":1200},{"@type":"BreadcrumbList","@id":"https:\/\/monitorykomercyjne.pl\/index.php\/produkt\/nec-nc1000c-projektor\/#breadcrumb","itemListElement":[{"@type":"ListItem","position":1,"name":"Strona g\u0142\u00f3wna","item":"https:\/\/monitorykomercyjne.pl\/"},{"@type":"ListItem","position":2,"name":"Produkty","item":"https:\/\/monitorykomercyjne.pl\/index.php\/produkty\/"},{"@type":"ListItem","position":3,"name":"NEC NC1000C &#8211; Projektor"}]},{"@type":"WebSite","@id":"https:\/\/monitorykomercyjne.pl\/#website","url":"https:\/\/monitorykomercyjne.pl\/","name":"Monitory Komercyjne","description":"","potentialAction":[{"@type":"SearchAction","target":{"@type":"EntryPoint","urlTemplate":"https:\/\/monitorykomercyjne.pl\/?s={search_term_string}"},"query-input":"required name=search_term_string"}],"inLanguage":"pl-PL"}]}},"brands":[{"id":28,"name":"SharpNEC","slug":"sharpnec"}],"_links":{"self":[{"href":"https:\/\/monitorykomercyjne.pl\/index.php\/wp-json\/wp\/v2\/product\/765"}],"collection":[{"href":"https:\/\/monitorykomercyjne.pl\/index.php\/wp-json\/wp\/v2\/product"}],"about":[{"href":"https:\/\/monitorykomercyjne.pl\/index.php\/wp-json\/wp\/v2\/types\/product"}],"wp:featuredmedia":[{"embeddable":true,"href":"https:\/\/monitorykomercyjne.pl\/index.php\/wp-json\/wp\/v2\/media\/766"}],"wp:attachment":[{"href":"https:\/\/monitorykomercyjne.pl\/index.php\/wp-json\/wp\/v2\/media?parent=765"}],"wp:term":[{"taxonomy":"pwb-brand","embeddable":true,"href":"https:\/\/monitorykomercyjne.pl\/index.php\/wp-json\/wp\/v2\/pwb-brand?post=765"},{"taxonomy":"product_cat","embeddable":true,"href":"https:\/\/monitorykomercyjne.pl\/index.php\/wp-json\/wp\/v2\/product_cat?post=765"},{"taxonomy":"product_tag","embeddable":true,"href":"https:\/\/monitorykomercyjne.pl\/index.php\/wp-json\/wp\/v2\/product_tag?post=765"}],"curies":[{"name":"wp","href":"https:\/\/api.w.org\/{rel}","templated":true}]}}