{"id":769,"date":"2024-03-06T10:13:08","date_gmt":"2024-03-06T09:13:08","guid":{"rendered":"https:\/\/monitorykomercyjne.pl\/?post_type=product&#038;p=769"},"modified":"2024-05-09T09:39:44","modified_gmt":"2024-05-09T07:39:44","slug":"nec-nc3540ls-projektor","status":"publish","type":"product","link":"https:\/\/monitorykomercyjne.pl\/index.php\/produkt\/nec-nc3540ls-projektor\/","title":{"rendered":"NEC NC3540LS &#8211; Projektor"},"content":{"rendered":"<section id=\"overview\" class=\"row\">\n<div class=\"columns medium-6\">\n<p><!-- ossproductdescstart --><\/p>\n<p><b>Nowy poziom kinowych dozna\u0144 z\u00a0najwy\u017cszej p\u00f3\u0142ki<\/b><\/p>\n<p>Laserowy projektor NEC NC3540LS 4K RGB otwiera now\u0105 er\u0119 jako\u015bci projekcji kinowej. Wy\u015bwietlane obrazy t\u0119tni\u0105 \u017cyciem i\u00a0ol\u015bniewaj\u0105 w\u00a0nieosi\u0105galny wcze\u015bniej spos\u00f3b dzi\u0119ki znakomitej rozdzielczo\u015bci oraz barwom, kt\u00f3re po raz pierwszy w\u00a0historii system\u00f3w projekcji wykraczaj\u0105 poza barier\u0119 specyfikacji DCI i\u00a0Adobe RGB. Rozszerzona gama barw, dok\u0142adno\u015b\u0107 laserowego \u017ar\u00f3d\u0142a \u015bwiat\u0142a RGB i\u00a0bogactwo detali dzi\u0119ki rozdzielczo\u015bci 4K tworz\u0105 niezr\u00f3wnane kinowe doznania. Kina wyposa\u017cone w\u00a0najnowsz\u0105 technologi\u0119 laserowych \u017ar\u00f3de\u0142 \u015bwiat\u0142a korzystaj\u0105 z\u00a0wysokiej niezawodno\u015bci, ol\u015bniewaj\u0105 jako\u015bci\u0105 obrazu i\u00a0wykazuj\u0105 najwy\u017csze bezpiecze\u0144stwo operacyjne, co pozwala unika\u0107 okres\u00f3w przestoju.<\/p>\n<p>Ten projektor dzi\u0119ki wysokiej jasno\u015bci na wyj\u015bciu wynosz\u0105cej 35\u00a0000 lumen\u00f3w lub nawet 70\u00a0000 lumen\u00f3w, gdy w\u00a0celu zapewnienia niesamowitych wra\u017ce\u0144 3D dwa urz\u0105dzenia s\u0105 instalowane jedno na drugim, doskonale sprawdza si\u0119 na wi\u0119kszych i specjalnych ekranach kinowych, w\u00a0parkach rozrywki, w\u00a0wypo\u017cyczalniach i\u00a0firmach zajmuj\u0105cych si\u0119 instalacjami scenicznymi, w\u00a0zastosowaniach z\u00a0zakresu rzeczywisto\u015bci wirtualnej i\u00a0w\u00a0projektowaniu przemys\u0142owym.<\/p>\n<p><!-- ossproductdescend --><\/p>\n<\/div>\n<div class=\"columns medium-6\">\n<h3>Korzy\u015bci<\/h3>\n<ul>\n<li><b>Najlepsza jako\u015b\u0107 obrazu <\/b> \u2013pe\u0142na rozdzielczo\u015b\u0107 4K 4096 x 2160 oraz niezr\u00f3wnana przestrze\u0144 barw gwarantuj\u0105 niedo\u015bcignion\u0105 jako\u015b\u0107 obrazu do zastosowa\u0144 wymagaj\u0105cych najwy\u017cszej wyrazisto\u015bci &#8211; w\u00a0kinach, grafice czy nawet w\u00a0parkach tematycznych.<\/li>\n<li><b>Ni\u017cszy ca\u0142kowity koszt posiadania <\/b> \u2013najwi\u0119ksza niezawodno\u015b\u0107, dzia\u0142anie bez prac konserwacyjnych, niskie zu\u017cycie energii oraz czas eksploatacji laserowego \u017ar\u00f3d\u0142a \u015bwiat\u0142a wynosz\u0105cy nawet 30000 godzin zdecydowanie zmniejszaj\u0105 og\u00f3lne koszty ponoszone przez w\u0142a\u015bciciela.<\/li>\n<li><b>Elastyczna instalacja <\/b> \u2013ma\u0142a g\u0142owica projektora oraz \u017ar\u00f3d\u0142o \u015bwiat\u0142a pod\u0142\u0105czane przez \u015bwiat\u0142ow\u00f3d zapewniaj\u0105 wyj\u0105tkow\u0105 elastyczno\u015b\u0107.<\/li>\n<li><b>Niesamowita jasno\u015b\u0107<\/b> \u2013wysoka jasno\u015b\u0107 na wyj\u015bciu wynosz\u0105ca 35000\u00a0lumen\u00f3w pozwala uzyska\u0107 doskona\u0142y obraz na ekranach o\u00a0rozmiarze do 32\u00a0m.<\/li>\n<li><b>Bogactwo zastosowa\u0144<\/b> \u2013jasno\u015b\u0107 mo\u017cna indywidualnie regulowa\u0107, tak aby uzyska\u0107 krystalicznie czysty obraz zar\u00f3wno przy odtwarzaniu film\u00f3w 2D, jak i\u00a03D.<\/li>\n<\/ul>\n<\/div>\n<\/section>\n<dl id=\"speciList\" class=\"js-accordion\">\n<dt class=\"js-accordion__toggle accordion__toggle\">PARAMETRY OPTYCZNE<\/dt>\n<dd class=\"js-accordion__content\">\n<table class=\"datalist datalist--divided-inset\">\n<tbody>\n<tr>\n<td>Metoda projekcji<\/td>\n<td>Metoda odbi\u0107 \u015bwietlnych z 3 czipami DMD<\/td>\n<\/tr>\n<tr>\n<td>Rozmiar ekranu [m]<\/td>\n<td>maks. 28 w skali barw zgodna z DCI (ekran o luminancji 1,8)<\/td>\n<\/tr>\n<tr>\n<td>Jasno\u015b\u0107<\/td>\n<td>35000 lumen\u00f3w przy zastosowaniu jednego modu\u0142u \u017ar\u00f3d\u0142a laserowego<\/td>\n<\/tr>\n<tr>\n<td>Wsp\u00f3\u0142czynnik kontrastu<\/td>\n<td>2000:1 (pe\u0142ne w\u0142\u0105czenie\/wy\u0142\u0105czenie)<\/td>\n<\/tr>\n<tr>\n<td>\u0179r\u00f3d\u0142o \u015bwiat\u0142a<\/td>\n<td>Konstrukcja bezlampowa; Laserowe \u017ar\u00f3d\u0142o \u015bwiat\u0142a, przewidywany czas eksploatacji: 30000 godz. <sup>1<\/sup><\/td>\n<\/tr>\n<tr>\n<td>Obiektyw<\/td>\n<td>Powi\u0119kszenie \/ ogniskowanie \/ przesuni\u0119cie: mechaniczny<br \/>\nPrzesuniecie: z nap\u0119dem poziomym\/pionowym<br \/>\nInne: Dowser (pryzsona \u015bwiat\u0142a); pami\u0119\u0107 ustawienia obiektywu (shift\/zoom\/focus); Zakres przesuniecia zale\u017cy od obiektywu<br \/>\nPodstawowe obiektywy: 1,13 do 1,66:1 zoom; 1,3 do 1,85:1 zoom; 1,44 do 2,16:1 zoom; 1,63 do 2,71:1 zoom; 1,95 do 3,26:1 zoom; 2,71 do 3,89:1 zoom<\/td>\n<\/tr>\n<tr>\n<td>\u0179r\u00f3d\u0142o \u015bwiat\u0142a<\/td>\n<td>Zewn\u0119trzne laserowe \u017ar\u00f3d\u0142o \u015bwiat\u0142a pod\u0142\u0105czone \u015bwiat\u0142owodem o d\u0142ugo\u015bci 5 m<\/td>\n<\/tr>\n<tr>\n<td>Specyfikacja chipu DMD<\/td>\n<td>4096 x 2160<br \/>\nCzip: DLP 1,38&#8243;;<br \/>\nK\u0105t pochylenia [\u00b0]: 12<\/td>\n<\/tr>\n<tr>\n<td>Metoda ch\u0142odzenia<\/td>\n<td>ciecz: Ch\u0142odzenie wn\u0119trza urz\u0105dzenia powietrzem z\u00a0zastosowaniem przeciwpy\u0142owego filtra elektrostatycznego; Ch\u0142odzenie \u017ar\u00f3d\u0142a \u015bwiat\u0142a przez system ch\u0142odzenia (chiller)<\/td>\n<\/tr>\n<\/tbody>\n<\/table>\n<\/dd>\n<dt class=\"js-accordion__toggle accordion__toggle\">MO\u017bLIWO\u015aCI POD\u0141\u0104CZANIA<\/dt>\n<dd class=\"js-accordion__content\">\n<table class=\"datalist datalist--divided-inset\">\n<tbody>\n<tr>\n<td>Kontrola zewn\u0119trzna<\/td>\n<td>1 port\u00f3w USB (TypeA); 1 x D-Sub 37 pin (GPIO); 1 x D-Sub 15-pin (3D); 1 x D-Sub 9 pin (RS-232); 1 x D-Sub 9-pin; 1 x RJ45; 1 z\u0142\u0105czy zdalnego sterowania<\/td>\n<\/tr>\n<tr>\n<td>Wej\u015bcia<\/td>\n<td>1 x DVI-D (opcjonalnie); 3 x USB; 4 x 3GSDI (BNC) (opcjonalnie)<\/td>\n<\/tr>\n<\/tbody>\n<\/table>\n<\/dd>\n<dt class=\"js-accordion__toggle accordion__toggle\">IMS Z LICZNYMI OPCJAMI POD\u0141\u0104CZANIA<\/dt>\n<dd class=\"js-accordion__content\">\n<table class=\"datalist datalist--divided-inset\">\n<tbody>\n<tr>\n<td>Kontrola zewn\u0119trzna<\/td>\n<td>2 x RJ45 (4 GPI i 6 GPO); 2 x RJ45 Gigabit Ethernet<\/td>\n<\/tr>\n<tr>\n<td>Wej\u015bcia<\/td>\n<td>1 x USB typu 2.0; 2 x 3GSDI, dwukierunkowe (wej\u015bcie i\u00a0wyj\u015bcie); 2 x USB typu 3.0; eSATA; HDMI<\/td>\n<\/tr>\n<tr>\n<td>Z\u0142\u0105cza wyj\u015b\u0107<\/td>\n<td>2 x RJ45 (16-kana\u0142owy d\u017awi\u0119k cyfrowy AES3-EBU)<\/td>\n<\/tr>\n<tr>\n<td>Dodatkowe Funkcje<\/td>\n<td>Obs\u0142uga NAS; Wbudowana funkcja SMS; Wbudowany twardy dysk: 2 TB (DCP, RAID5)<\/td>\n<\/tr>\n<\/tbody>\n<\/table>\n<\/dd>\n<dt class=\"js-accordion__toggle accordion__toggle\">WARUNKI OTOCZENIA<\/dt>\n<dd class=\"js-accordion__content\">\n<table class=\"datalist datalist--divided-inset\">\n<tbody>\n<tr>\n<td>Temperatura otoczenia przy pracy [\u00b0C]<\/td>\n<td>10 do 35; Zalecane: 10-25<\/td>\n<\/tr>\n<tr>\n<td>Wilgodno\u015b\u0107 otoczenia [%]<\/td>\n<td>10 do 85 &#8211; non-condensing<\/td>\n<\/tr>\n<tr>\n<td>Temperatura przy przechowywaniu [\u00b0C]<\/td>\n<td>-10 do 50<\/td>\n<\/tr>\n<\/tbody>\n<\/table>\n<\/dd>\n<dt class=\"js-accordion__toggle accordion__toggle\">PARAMETRY ELEKTRYCZNE<\/dt>\n<dd class=\"js-accordion__content\">\n<table class=\"datalist datalist--divided-inset\">\n<tbody>\n<tr>\n<td>Zasilanie<\/td>\n<td>Jednostka zasilaj\u0105ca projektor: 200 do 240V AC, 50\/60Hz, jedna faza<\/td>\n<\/tr>\n<tr>\n<td>Zu\u017cycie energii [W]<\/td>\n<td>Projektor: 320<br \/>\nMoc modu\u0142u laserowego: 4500 typowo<\/td>\n<\/tr>\n<\/tbody>\n<\/table>\n<\/dd>\n<dt class=\"js-accordion__toggle accordion__toggle\">PARAMETRY MECHANICZNE<\/dt>\n<dd class=\"js-accordion__content\">\n<table class=\"datalist datalist--divided-inset\">\n<tbody>\n<tr>\n<td>Wymiary (S x W x G) [mm]<\/td>\n<td>Projektor: 666 x 364 x 737 (bez obiektywu)<br \/>\nModu\u0142 laserowy: 804 x 777 x 652<\/td>\n<\/tr>\n<tr>\n<td>Waga [kg]<\/td>\n<td>G\u0142owica projektora: 51<br \/>\nModu\u0142 laserowy: 150<\/td>\n<\/tr>\n<tr>\n<td>G\u0142o\u015bno\u015b\u0107 [dB (A)]<\/td>\n<td>&lt; 55<\/td>\n<\/tr>\n<\/tbody>\n<\/table>\n<\/dd>\n<dt class=\"js-accordion__toggle accordion__toggle\">DODATKOWE FUNKCJE<\/dt>\n<dd class=\"js-accordion__content\">\n<table class=\"datalist datalist--divided-inset\">\n<tbody>\n<tr>\n<td>Cechy Specjalne<\/td>\n<td>Elastyczna instalacja z\u00a0oddzielnym \u017ar\u00f3d\u0142em laserowym; Niskie koszty TCO; Oczekiwany czas eksploatacji bez wymiany lampy: nawet 30000\u00a0godz.; System o\u015bwietlenia laserowego; Szeroka gama barw \u015bwiat\u0142a laserowego; Wbudowany IMS (NP90MS02-4K); Wysoka rozdzielczo\u015b\u0107 4K<\/td>\n<\/tr>\n<\/tbody>\n<\/table>\n<\/dd>\n<dt class=\"js-accordion__toggle accordion__toggle\">FUNKCJE EKO<\/dt>\n<dd class=\"js-accordion__content\">\n<table class=\"datalist datalist--divided-inset\">\n<tbody>\n<tr>\n<td>Materia\u0142y ekologiczne<\/td>\n<td>Eliminacja odpad\u00f3w i powi\u0105zanych z nimi skutk\u00f3w dla sk\u0142adowisk zwi\u0105zanych z filmami 35 mm; Technologia laserowa zmniejsza zu\u017cycie energii i\u00a0ilo\u015b\u0107 wymaganych materia\u0142\u00f3w zamiennych<\/td>\n<\/tr>\n<\/tbody>\n<\/table>\n<\/dd>\n<dt class=\"js-accordion__toggle accordion__toggle\">REGULATIONS<\/dt>\n<dd class=\"js-accordion__content\">\n<table class=\"datalist datalist--divided-inset\">\n<tbody>\n<tr>\n<td>Europa<\/td>\n<td>EN 55022 1998, klasa A; EN55024; EN55024 1998; EN55032 Class A (Marking TUV,CE); EN60950-1; EN61000-3-2; EN61000-3-2\/-3-3; EN61000-3-3; IEC60950-1; IEC60950-1 \/ EN55022 Class A (Marking EAC)<\/td>\n<\/tr>\n<\/tbody>\n<\/table>\n<\/dd>\n<dt class=\"js-accordion__toggle accordion__toggle\">GWARANCJA<\/dt>\n<dd class=\"js-accordion__content\">\n<table class=\"datalist datalist--divided-inset\">\n<tbody>\n<tr>\n<td>Gwarancja<\/td>\n<td>2 rok, gwarancja na cz\u0119\u015bci<\/td>\n<\/tr>\n<\/tbody>\n<\/table>\n<\/dd>\n<dt class=\"js-accordion__toggle accordion__toggle\">ZEWN\u0118TRZNY SYSTEM CH\u0141ODZENIA<\/dt>\n<dd class=\"js-accordion__content\">\n<table class=\"datalist datalist--divided-inset\">\n<tbody>\n<tr>\n<td>Wymiary (szer. x wys. x g\u0142\u0119b.) [mm]<\/td>\n<td>377 x 592 x 976<\/td>\n<\/tr>\n<tr>\n<td>Waga [kg]<\/td>\n<td>67<\/td>\n<\/tr>\n<tr>\n<td>Wymagania dotycz\u0105ce zasilania<\/td>\n<td>200\u2013230\u00a0V, pr\u0105d jednofazowy, 7\u00a0A przy 230\u00a0V AC<\/td>\n<\/tr>\n<tr>\n<td>Zu\u017cycie energii [W]<\/td>\n<td>1550 typowo<\/td>\n<\/tr>\n<tr>\n<td>Poziom szum\u00f3w [dB(A)]<\/td>\n<td>&lt; 66<\/td>\n<\/tr>\n<\/tbody>\n<\/table>\n<\/dd>\n<dt class=\"js-accordion__toggle accordion__toggle\">WYPOSA\u017bENIE DODATKOWE<\/dt>\n<dd class=\"js-accordion__content\">\n<table class=\"datalist datalist--divided-inset\">\n<tbody>\n<tr>\n<td>Dost\u0119pne akcesoria<\/td>\n<td>Filtr powietrza; Opcjonalna karta wej\u015b\u0107 4K SIB<\/td>\n<\/tr>\n<\/tbody>\n<\/table>\n<\/dd>\n<\/dl>\n","protected":false},"excerpt":{"rendered":"<div class=\"columns medium-6 product-features\">\n<table class=\"datalist datalist--divided-fullwidth\">\n<tbody>\n<tr>\n<td>Typ<\/td>\n<td>DLP<\/td>\n<\/tr>\n<tr>\n<td>Wspierane wymiary ekranu<\/td>\n<td>do 28 metr\u00f3w (91 st\u00f3p)<\/td>\n<\/tr>\n<tr>\n<td>Rozdzielczo\u015b\u0107<\/td>\n<td>4096 x 2160<\/td>\n<\/tr>\n<tr>\n<td>\u0179r\u00f3d\u0142o \u015bwiat\u0142a<\/td>\n<td>Laser RGB<\/td>\n<\/tr>\n<tr>\n<td>Kod produktu<\/td>\n<td>60004087<\/td>\n<\/tr>\n<\/tbody>\n<\/table>\n<\/div>\n","protected":false},"featured_media":770,"template":"","meta":{"inline_featured_image":false,"neve_meta_sidebar":"","neve_meta_container":"","neve_meta_enable_content_width":"off","neve_meta_content_width":100,"neve_meta_title_alignment":"","neve_meta_author_avatar":"","neve_post_elements_order":"","neve_meta_disable_header":"","neve_meta_disable_footer":"","neve_meta_disable_title":""},"pwb-brand":[28],"product_cat":[31],"product_tag":[],"yoast_head":"<!-- This site is optimized with the Yoast SEO plugin v22.6 - https:\/\/yoast.com\/wordpress\/plugins\/seo\/ -->\n<title>NEC NC3540LS - Projektor - Monitory Komercyjne Monitory komercyjne<\/title>\n<meta name=\"robots\" content=\"index, follow, max-snippet:-1, max-image-preview:large, max-video-preview:-1\" \/>\n<link rel=\"canonical\" href=\"https:\/\/monitorykomercyjne.pl\/index.php\/produkt\/nec-nc3540ls-projektor\/\" \/>\n<meta property=\"og:locale\" content=\"pl_PL\" \/>\n<meta property=\"og:type\" content=\"article\" \/>\n<meta property=\"og:title\" content=\"NEC NC3540LS - Projektor - Monitory Komercyjne Monitory komercyjne\" \/>\n<meta property=\"og:description\" content=\"Typ DLP   Wspierane wymiary ekranu do 28 metr\u00f3w (91 st\u00f3p)   Rozdzielczo\u015b\u0107 4096 x 2160   \u0179r\u00f3d\u0142o \u015bwiat\u0142a Laser RGB   Kod produktu 60004087\" \/>\n<meta property=\"og:url\" content=\"https:\/\/monitorykomercyjne.pl\/index.php\/produkt\/nec-nc3540ls-projektor\/\" \/>\n<meta property=\"og:site_name\" content=\"Monitory Komercyjne\" \/>\n<meta property=\"article:modified_time\" content=\"2024-05-09T07:39:44+00:00\" \/>\n<meta property=\"og:image\" content=\"https:\/\/monitorykomercyjne.pl\/wp-content\/uploads\/2024\/03\/NEC-NC3540LS1.jpg\" \/>\n\t<meta property=\"og:image:width\" content=\"1600\" \/>\n\t<meta property=\"og:image:height\" content=\"1200\" \/>\n\t<meta property=\"og:image:type\" content=\"image\/jpeg\" \/>\n<meta name=\"twitter:card\" content=\"summary_large_image\" \/>\n<meta name=\"twitter:label1\" content=\"Szacowany czas czytania\" \/>\n\t<meta name=\"twitter:data1\" content=\"5 minut\" \/>\n<script type=\"application\/ld+json\" class=\"yoast-schema-graph\">{\"@context\":\"https:\/\/schema.org\",\"@graph\":[{\"@type\":\"WebPage\",\"@id\":\"https:\/\/monitorykomercyjne.pl\/index.php\/produkt\/nec-nc3540ls-projektor\/\",\"url\":\"https:\/\/monitorykomercyjne.pl\/index.php\/produkt\/nec-nc3540ls-projektor\/\",\"name\":\"NEC NC3540LS - Projektor - Monitory Komercyjne Monitory komercyjne\",\"isPartOf\":{\"@id\":\"https:\/\/monitorykomercyjne.pl\/#website\"},\"primaryImageOfPage\":{\"@id\":\"https:\/\/monitorykomercyjne.pl\/index.php\/produkt\/nec-nc3540ls-projektor\/#primaryimage\"},\"image\":{\"@id\":\"https:\/\/monitorykomercyjne.pl\/index.php\/produkt\/nec-nc3540ls-projektor\/#primaryimage\"},\"thumbnailUrl\":\"https:\/\/monitorykomercyjne.pl\/wp-content\/uploads\/2024\/03\/NEC-NC3540LS1.jpg\",\"datePublished\":\"2024-03-06T09:13:08+00:00\",\"dateModified\":\"2024-05-09T07:39:44+00:00\",\"breadcrumb\":{\"@id\":\"https:\/\/monitorykomercyjne.pl\/index.php\/produkt\/nec-nc3540ls-projektor\/#breadcrumb\"},\"inLanguage\":\"pl-PL\",\"potentialAction\":[{\"@type\":\"ReadAction\",\"target\":[\"https:\/\/monitorykomercyjne.pl\/index.php\/produkt\/nec-nc3540ls-projektor\/\"]}]},{\"@type\":\"ImageObject\",\"inLanguage\":\"pl-PL\",\"@id\":\"https:\/\/monitorykomercyjne.pl\/index.php\/produkt\/nec-nc3540ls-projektor\/#primaryimage\",\"url\":\"https:\/\/monitorykomercyjne.pl\/wp-content\/uploads\/2024\/03\/NEC-NC3540LS1.jpg\",\"contentUrl\":\"https:\/\/monitorykomercyjne.pl\/wp-content\/uploads\/2024\/03\/NEC-NC3540LS1.jpg\",\"width\":1600,\"height\":1200},{\"@type\":\"BreadcrumbList\",\"@id\":\"https:\/\/monitorykomercyjne.pl\/index.php\/produkt\/nec-nc3540ls-projektor\/#breadcrumb\",\"itemListElement\":[{\"@type\":\"ListItem\",\"position\":1,\"name\":\"Strona g\u0142\u00f3wna\",\"item\":\"https:\/\/monitorykomercyjne.pl\/\"},{\"@type\":\"ListItem\",\"position\":2,\"name\":\"Produkty\",\"item\":\"https:\/\/monitorykomercyjne.pl\/index.php\/produkty\/\"},{\"@type\":\"ListItem\",\"position\":3,\"name\":\"NEC NC3540LS &#8211; Projektor\"}]},{\"@type\":\"WebSite\",\"@id\":\"https:\/\/monitorykomercyjne.pl\/#website\",\"url\":\"https:\/\/monitorykomercyjne.pl\/\",\"name\":\"Monitory Komercyjne\",\"description\":\"\",\"potentialAction\":[{\"@type\":\"SearchAction\",\"target\":{\"@type\":\"EntryPoint\",\"urlTemplate\":\"https:\/\/monitorykomercyjne.pl\/?s={search_term_string}\"},\"query-input\":\"required name=search_term_string\"}],\"inLanguage\":\"pl-PL\"}]}<\/script>\n<!-- \/ Yoast SEO plugin. -->","yoast_head_json":{"title":"NEC NC3540LS - Projektor - Monitory Komercyjne Monitory komercyjne","robots":{"index":"index","follow":"follow","max-snippet":"max-snippet:-1","max-image-preview":"max-image-preview:large","max-video-preview":"max-video-preview:-1"},"canonical":"https:\/\/monitorykomercyjne.pl\/index.php\/produkt\/nec-nc3540ls-projektor\/","og_locale":"pl_PL","og_type":"article","og_title":"NEC NC3540LS - Projektor - Monitory Komercyjne Monitory komercyjne","og_description":"Typ DLP   Wspierane wymiary ekranu do 28 metr\u00f3w (91 st\u00f3p)   Rozdzielczo\u015b\u0107 4096 x 2160   \u0179r\u00f3d\u0142o \u015bwiat\u0142a Laser RGB   Kod produktu 60004087","og_url":"https:\/\/monitorykomercyjne.pl\/index.php\/produkt\/nec-nc3540ls-projektor\/","og_site_name":"Monitory Komercyjne","article_modified_time":"2024-05-09T07:39:44+00:00","og_image":[{"width":1600,"height":1200,"url":"https:\/\/monitorykomercyjne.pl\/wp-content\/uploads\/2024\/03\/NEC-NC3540LS1.jpg","type":"image\/jpeg"}],"twitter_card":"summary_large_image","twitter_misc":{"Szacowany czas czytania":"5 minut"},"schema":{"@context":"https:\/\/schema.org","@graph":[{"@type":"WebPage","@id":"https:\/\/monitorykomercyjne.pl\/index.php\/produkt\/nec-nc3540ls-projektor\/","url":"https:\/\/monitorykomercyjne.pl\/index.php\/produkt\/nec-nc3540ls-projektor\/","name":"NEC NC3540LS - Projektor - Monitory Komercyjne Monitory komercyjne","isPartOf":{"@id":"https:\/\/monitorykomercyjne.pl\/#website"},"primaryImageOfPage":{"@id":"https:\/\/monitorykomercyjne.pl\/index.php\/produkt\/nec-nc3540ls-projektor\/#primaryimage"},"image":{"@id":"https:\/\/monitorykomercyjne.pl\/index.php\/produkt\/nec-nc3540ls-projektor\/#primaryimage"},"thumbnailUrl":"https:\/\/monitorykomercyjne.pl\/wp-content\/uploads\/2024\/03\/NEC-NC3540LS1.jpg","datePublished":"2024-03-06T09:13:08+00:00","dateModified":"2024-05-09T07:39:44+00:00","breadcrumb":{"@id":"https:\/\/monitorykomercyjne.pl\/index.php\/produkt\/nec-nc3540ls-projektor\/#breadcrumb"},"inLanguage":"pl-PL","potentialAction":[{"@type":"ReadAction","target":["https:\/\/monitorykomercyjne.pl\/index.php\/produkt\/nec-nc3540ls-projektor\/"]}]},{"@type":"ImageObject","inLanguage":"pl-PL","@id":"https:\/\/monitorykomercyjne.pl\/index.php\/produkt\/nec-nc3540ls-projektor\/#primaryimage","url":"https:\/\/monitorykomercyjne.pl\/wp-content\/uploads\/2024\/03\/NEC-NC3540LS1.jpg","contentUrl":"https:\/\/monitorykomercyjne.pl\/wp-content\/uploads\/2024\/03\/NEC-NC3540LS1.jpg","width":1600,"height":1200},{"@type":"BreadcrumbList","@id":"https:\/\/monitorykomercyjne.pl\/index.php\/produkt\/nec-nc3540ls-projektor\/#breadcrumb","itemListElement":[{"@type":"ListItem","position":1,"name":"Strona g\u0142\u00f3wna","item":"https:\/\/monitorykomercyjne.pl\/"},{"@type":"ListItem","position":2,"name":"Produkty","item":"https:\/\/monitorykomercyjne.pl\/index.php\/produkty\/"},{"@type":"ListItem","position":3,"name":"NEC NC3540LS &#8211; Projektor"}]},{"@type":"WebSite","@id":"https:\/\/monitorykomercyjne.pl\/#website","url":"https:\/\/monitorykomercyjne.pl\/","name":"Monitory Komercyjne","description":"","potentialAction":[{"@type":"SearchAction","target":{"@type":"EntryPoint","urlTemplate":"https:\/\/monitorykomercyjne.pl\/?s={search_term_string}"},"query-input":"required name=search_term_string"}],"inLanguage":"pl-PL"}]}},"brands":[{"id":28,"name":"SharpNEC","slug":"sharpnec"}],"_links":{"self":[{"href":"https:\/\/monitorykomercyjne.pl\/index.php\/wp-json\/wp\/v2\/product\/769"}],"collection":[{"href":"https:\/\/monitorykomercyjne.pl\/index.php\/wp-json\/wp\/v2\/product"}],"about":[{"href":"https:\/\/monitorykomercyjne.pl\/index.php\/wp-json\/wp\/v2\/types\/product"}],"wp:featuredmedia":[{"embeddable":true,"href":"https:\/\/monitorykomercyjne.pl\/index.php\/wp-json\/wp\/v2\/media\/770"}],"wp:attachment":[{"href":"https:\/\/monitorykomercyjne.pl\/index.php\/wp-json\/wp\/v2\/media?parent=769"}],"wp:term":[{"taxonomy":"pwb-brand","embeddable":true,"href":"https:\/\/monitorykomercyjne.pl\/index.php\/wp-json\/wp\/v2\/pwb-brand?post=769"},{"taxonomy":"product_cat","embeddable":true,"href":"https:\/\/monitorykomercyjne.pl\/index.php\/wp-json\/wp\/v2\/product_cat?post=769"},{"taxonomy":"product_tag","embeddable":true,"href":"https:\/\/monitorykomercyjne.pl\/index.php\/wp-json\/wp\/v2\/product_tag?post=769"}],"curies":[{"name":"wp","href":"https:\/\/api.w.org\/{rel}","templated":true}]}}