{"id":86,"date":"2024-02-21T09:57:52","date_gmt":"2024-02-21T08:57:52","guid":{"rendered":"https:\/\/monitorykomercyjne.pl\/?post_type=product&#038;p=86"},"modified":"2024-05-09T09:40:02","modified_gmt":"2024-05-09T07:40:02","slug":"ds-d5abl-uchwyt-do-mobilnego-wyswietlacza-interaktywnego-55-65-cali-hikvision","status":"publish","type":"product","link":"https:\/\/monitorykomercyjne.pl\/index.php\/produkt\/ds-d5abl-uchwyt-do-mobilnego-wyswietlacza-interaktywnego-55-65-cali-hikvision\/","title":{"rendered":"DS-D5ABL &#8211; Uchwyt do mobilnego wy\u015bwietlacza interaktywnego 55\u201365 cali HIKVISION"},"content":{"rendered":"<p>&nbsp;<\/p>\n<ul class=\"tech-specs-items-description\" data-target=\"General\">\n<li class=\"tech-specs-items-description-list\"><span class=\"tech-specs-items-description__title\">Wymiary (Szer.*Wys.*G\u0142.): <\/span><span class=\"tech-specs-items-description__title-details\">968,2 mm * 559,4 mm * 60,9 mm<\/span><\/li>\n<li class=\"tech-specs-items-description-list\"><span class=\"tech-specs-items-description__title\">Wymiary Opakowania (Szer.*Wys.*G\u0142.): <\/span><span class=\"tech-specs-items-description__title-details\">1070 mm * 696 mm * 159 mm<\/span><\/li>\n<li class=\"tech-specs-items-description-list\"><span class=\"tech-specs-items-description__title\">Waga Brutto: <\/span><span class=\"tech-specs-items-description__title-details\">11,7 kg<\/span><\/li>\n<li class=\"tech-specs-items-description-list\"><span class=\"tech-specs-items-description__title\">Masa Brutto (Z Opakowaniem): <\/span><span class=\"tech-specs-items-description__title-details\">8,6 kg<\/span><\/li>\n<\/ul>\n<ul class=\"tech-specs-items-description\" data-target=\"Brackets\">\n<li class=\"tech-specs-items-description-list\"><span class=\"tech-specs-items-description__title\">Kolor: <\/span><span class=\"tech-specs-items-description__title-details\">Czarny<\/span><\/li>\n<li class=\"tech-specs-items-description-list\"><span class=\"tech-specs-items-description__title\">Materia\u0142: <\/span><span class=\"tech-specs-items-description__title-details\">SPCC Blacha walcowana na zimno<\/span><\/li>\n<li class=\"tech-specs-items-description-list\"><span class=\"tech-specs-items-description__title\">No\u015bno\u015b\u0107: <\/span><span class=\"tech-specs-items-description__title-details\">200 funt\u00f3w (90,9 kg)<\/span><\/li>\n<li class=\"tech-specs-items-description-list\"><span class=\"tech-specs-items-description__title\">Regulowana Wysoko\u015b\u0107: <\/span><span class=\"tech-specs-items-description__title-details\">1350 mm ~ 1650 mm<\/span><\/li>\n<li class=\"tech-specs-items-description-list\"><span class=\"tech-specs-items-description__title\">Odpowiedni Rozmiar: <\/span><span class=\"tech-specs-items-description__title-details\">55 ~ 80 cali<\/span><\/li>\n<li class=\"tech-specs-items-description-list\"><span class=\"tech-specs-items-description__title\">Odpowiedni Rozstaw Otwor\u00f3w (Wys. \u00d7 Pion.):<\/span>\n<p class=\"mb-p\">200\u00d7200 300\u00d7200 400\u00d7200 500\u00d7200 300\u00d7300<\/p>\n<p class=\"mb-p\">400\u00d7300 400\u00d7400 500\u00d7400 600\u00d7400 800\u00d7500<\/p>\n<\/li>\n<\/ul>\n","protected":false},"excerpt":{"rendered":"<p>Uchwyt mobilny, odpowiedni do wszystkich wy\u015bwietlaczy interaktywnych.<\/p>\n","protected":false},"featured_media":0,"template":"","meta":{"inline_featured_image":false,"neve_meta_sidebar":"","neve_meta_container":"","neve_meta_enable_content_width":"off","neve_meta_content_width":100,"neve_meta_title_alignment":"","neve_meta_author_avatar":"","neve_post_elements_order":"","neve_meta_disable_header":"","neve_meta_disable_footer":"","neve_meta_disable_title":""},"pwb-brand":[29],"product_cat":[18],"product_tag":[],"yoast_head":"<!-- This site is optimized with the Yoast SEO plugin v22.6 - https:\/\/yoast.com\/wordpress\/plugins\/seo\/ -->\n<title>DS-D5ABL - Uchwyt do mobilnego wy\u015bwietlacza interaktywnego 55\u201365 cali HIKVISION - Monitory Komercyjne Monitory komercyjne<\/title>\n<meta name=\"robots\" content=\"index, follow, max-snippet:-1, max-image-preview:large, max-video-preview:-1\" \/>\n<link rel=\"canonical\" href=\"https:\/\/monitorykomercyjne.pl\/index.php\/produkt\/ds-d5abl-uchwyt-do-mobilnego-wyswietlacza-interaktywnego-55-65-cali-hikvision\/\" \/>\n<meta property=\"og:locale\" content=\"pl_PL\" \/>\n<meta property=\"og:type\" content=\"article\" \/>\n<meta property=\"og:title\" content=\"DS-D5ABL - Uchwyt do mobilnego wy\u015bwietlacza interaktywnego 55\u201365 cali HIKVISION - Monitory Komercyjne Monitory komercyjne\" \/>\n<meta property=\"og:description\" content=\"Uchwyt mobilny, odpowiedni do wszystkich wy\u015bwietlaczy interaktywnych.\" \/>\n<meta property=\"og:url\" content=\"https:\/\/monitorykomercyjne.pl\/index.php\/produkt\/ds-d5abl-uchwyt-do-mobilnego-wyswietlacza-interaktywnego-55-65-cali-hikvision\/\" \/>\n<meta property=\"og:site_name\" content=\"Monitory Komercyjne\" \/>\n<meta property=\"article:modified_time\" content=\"2024-05-09T07:40:02+00:00\" \/>\n<meta name=\"twitter:card\" content=\"summary_large_image\" \/>\n<script type=\"application\/ld+json\" class=\"yoast-schema-graph\">{\"@context\":\"https:\/\/schema.org\",\"@graph\":[{\"@type\":\"WebPage\",\"@id\":\"https:\/\/monitorykomercyjne.pl\/index.php\/produkt\/ds-d5abl-uchwyt-do-mobilnego-wyswietlacza-interaktywnego-55-65-cali-hikvision\/\",\"url\":\"https:\/\/monitorykomercyjne.pl\/index.php\/produkt\/ds-d5abl-uchwyt-do-mobilnego-wyswietlacza-interaktywnego-55-65-cali-hikvision\/\",\"name\":\"DS-D5ABL - Uchwyt do mobilnego wy\u015bwietlacza interaktywnego 55\u201365 cali HIKVISION - Monitory Komercyjne Monitory komercyjne\",\"isPartOf\":{\"@id\":\"https:\/\/monitorykomercyjne.pl\/#website\"},\"datePublished\":\"2024-02-21T08:57:52+00:00\",\"dateModified\":\"2024-05-09T07:40:02+00:00\",\"breadcrumb\":{\"@id\":\"https:\/\/monitorykomercyjne.pl\/index.php\/produkt\/ds-d5abl-uchwyt-do-mobilnego-wyswietlacza-interaktywnego-55-65-cali-hikvision\/#breadcrumb\"},\"inLanguage\":\"pl-PL\",\"potentialAction\":[{\"@type\":\"ReadAction\",\"target\":[\"https:\/\/monitorykomercyjne.pl\/index.php\/produkt\/ds-d5abl-uchwyt-do-mobilnego-wyswietlacza-interaktywnego-55-65-cali-hikvision\/\"]}]},{\"@type\":\"BreadcrumbList\",\"@id\":\"https:\/\/monitorykomercyjne.pl\/index.php\/produkt\/ds-d5abl-uchwyt-do-mobilnego-wyswietlacza-interaktywnego-55-65-cali-hikvision\/#breadcrumb\",\"itemListElement\":[{\"@type\":\"ListItem\",\"position\":1,\"name\":\"Strona g\u0142\u00f3wna\",\"item\":\"https:\/\/monitorykomercyjne.pl\/\"},{\"@type\":\"ListItem\",\"position\":2,\"name\":\"Produkty\",\"item\":\"https:\/\/monitorykomercyjne.pl\/index.php\/produkty\/\"},{\"@type\":\"ListItem\",\"position\":3,\"name\":\"DS-D5ABL &#8211; Uchwyt do mobilnego wy\u015bwietlacza interaktywnego 55\u201365 cali HIKVISION\"}]},{\"@type\":\"WebSite\",\"@id\":\"https:\/\/monitorykomercyjne.pl\/#website\",\"url\":\"https:\/\/monitorykomercyjne.pl\/\",\"name\":\"Monitory Komercyjne\",\"description\":\"\",\"potentialAction\":[{\"@type\":\"SearchAction\",\"target\":{\"@type\":\"EntryPoint\",\"urlTemplate\":\"https:\/\/monitorykomercyjne.pl\/?s={search_term_string}\"},\"query-input\":\"required name=search_term_string\"}],\"inLanguage\":\"pl-PL\"}]}<\/script>\n<!-- \/ Yoast SEO plugin. -->","yoast_head_json":{"title":"DS-D5ABL - Uchwyt do mobilnego wy\u015bwietlacza interaktywnego 55\u201365 cali HIKVISION - Monitory Komercyjne Monitory komercyjne","robots":{"index":"index","follow":"follow","max-snippet":"max-snippet:-1","max-image-preview":"max-image-preview:large","max-video-preview":"max-video-preview:-1"},"canonical":"https:\/\/monitorykomercyjne.pl\/index.php\/produkt\/ds-d5abl-uchwyt-do-mobilnego-wyswietlacza-interaktywnego-55-65-cali-hikvision\/","og_locale":"pl_PL","og_type":"article","og_title":"DS-D5ABL - Uchwyt do mobilnego wy\u015bwietlacza interaktywnego 55\u201365 cali HIKVISION - Monitory Komercyjne Monitory komercyjne","og_description":"Uchwyt mobilny, odpowiedni do wszystkich wy\u015bwietlaczy interaktywnych.","og_url":"https:\/\/monitorykomercyjne.pl\/index.php\/produkt\/ds-d5abl-uchwyt-do-mobilnego-wyswietlacza-interaktywnego-55-65-cali-hikvision\/","og_site_name":"Monitory Komercyjne","article_modified_time":"2024-05-09T07:40:02+00:00","twitter_card":"summary_large_image","schema":{"@context":"https:\/\/schema.org","@graph":[{"@type":"WebPage","@id":"https:\/\/monitorykomercyjne.pl\/index.php\/produkt\/ds-d5abl-uchwyt-do-mobilnego-wyswietlacza-interaktywnego-55-65-cali-hikvision\/","url":"https:\/\/monitorykomercyjne.pl\/index.php\/produkt\/ds-d5abl-uchwyt-do-mobilnego-wyswietlacza-interaktywnego-55-65-cali-hikvision\/","name":"DS-D5ABL - Uchwyt do mobilnego wy\u015bwietlacza interaktywnego 55\u201365 cali HIKVISION - Monitory Komercyjne Monitory komercyjne","isPartOf":{"@id":"https:\/\/monitorykomercyjne.pl\/#website"},"datePublished":"2024-02-21T08:57:52+00:00","dateModified":"2024-05-09T07:40:02+00:00","breadcrumb":{"@id":"https:\/\/monitorykomercyjne.pl\/index.php\/produkt\/ds-d5abl-uchwyt-do-mobilnego-wyswietlacza-interaktywnego-55-65-cali-hikvision\/#breadcrumb"},"inLanguage":"pl-PL","potentialAction":[{"@type":"ReadAction","target":["https:\/\/monitorykomercyjne.pl\/index.php\/produkt\/ds-d5abl-uchwyt-do-mobilnego-wyswietlacza-interaktywnego-55-65-cali-hikvision\/"]}]},{"@type":"BreadcrumbList","@id":"https:\/\/monitorykomercyjne.pl\/index.php\/produkt\/ds-d5abl-uchwyt-do-mobilnego-wyswietlacza-interaktywnego-55-65-cali-hikvision\/#breadcrumb","itemListElement":[{"@type":"ListItem","position":1,"name":"Strona g\u0142\u00f3wna","item":"https:\/\/monitorykomercyjne.pl\/"},{"@type":"ListItem","position":2,"name":"Produkty","item":"https:\/\/monitorykomercyjne.pl\/index.php\/produkty\/"},{"@type":"ListItem","position":3,"name":"DS-D5ABL &#8211; Uchwyt do mobilnego wy\u015bwietlacza interaktywnego 55\u201365 cali HIKVISION"}]},{"@type":"WebSite","@id":"https:\/\/monitorykomercyjne.pl\/#website","url":"https:\/\/monitorykomercyjne.pl\/","name":"Monitory Komercyjne","description":"","potentialAction":[{"@type":"SearchAction","target":{"@type":"EntryPoint","urlTemplate":"https:\/\/monitorykomercyjne.pl\/?s={search_term_string}"},"query-input":"required name=search_term_string"}],"inLanguage":"pl-PL"}]}},"brands":[{"id":29,"name":"Hikvision","slug":"hikvision"}],"_links":{"self":[{"href":"https:\/\/monitorykomercyjne.pl\/index.php\/wp-json\/wp\/v2\/product\/86"}],"collection":[{"href":"https:\/\/monitorykomercyjne.pl\/index.php\/wp-json\/wp\/v2\/product"}],"about":[{"href":"https:\/\/monitorykomercyjne.pl\/index.php\/wp-json\/wp\/v2\/types\/product"}],"wp:attachment":[{"href":"https:\/\/monitorykomercyjne.pl\/index.php\/wp-json\/wp\/v2\/media?parent=86"}],"wp:term":[{"taxonomy":"pwb-brand","embeddable":true,"href":"https:\/\/monitorykomercyjne.pl\/index.php\/wp-json\/wp\/v2\/pwb-brand?post=86"},{"taxonomy":"product_cat","embeddable":true,"href":"https:\/\/monitorykomercyjne.pl\/index.php\/wp-json\/wp\/v2\/product_cat?post=86"},{"taxonomy":"product_tag","embeddable":true,"href":"https:\/\/monitorykomercyjne.pl\/index.php\/wp-json\/wp\/v2\/product_tag?post=86"}],"curies":[{"name":"wp","href":"https:\/\/api.w.org\/{rel}","templated":true}]}}