{"id":87,"date":"2024-02-21T09:57:52","date_gmt":"2024-02-21T08:57:52","guid":{"rendered":"https:\/\/monitorykomercyjne.pl\/?post_type=product&#038;p=87"},"modified":"2024-05-09T09:40:02","modified_gmt":"2024-05-09T07:40:02","slug":"ds-d5aw-q-wspornik-montowany-na-scianie-hikvision","status":"publish","type":"product","link":"https:\/\/monitorykomercyjne.pl\/index.php\/produkt\/ds-d5aw-q-wspornik-montowany-na-scianie-hikvision\/","title":{"rendered":"DS-D5AW\/Q &#8211; Wspornik montowany na \u015bcianie HIKVISION"},"content":{"rendered":"<p><span class=\"tech-specs-items-description__title\"><span>Waga: <\/span><\/span><span class=\"tech-specs-items-description__title-details\"><span>8 kg<br \/>\n<\/span><\/span><span class=\"tech-specs-items-description__title\"><span>Wygl\u0105d: <\/span><\/span><span class=\"tech-specs-items-description__title-details\"><span>Hikvision w kolorze czarnym<br \/>\n<\/span><\/span><span class=\"tech-specs-items-description__title\"><span>Materia\u0142: <\/span><\/span><span class=\"tech-specs-items-description__title-details\"><span>P\u0142yta stalowa walcowana na zimno (SPCC)<br \/>\n<\/span><\/span><span class=\"tech-specs-items-description__title\"><span>Wymiar (Szer. X Wys.): <\/span><\/span><span class=\"tech-specs-items-description__title-details\"><span>950 mm x 650 mm<\/span><\/span><\/p>\n","protected":false},"excerpt":{"rendered":"<p>Do monta\u017cu na \u015bcianie, odpowiedni do wszystkich wy\u015bwietlaczy interaktywnych<\/p>\n","protected":false},"featured_media":108,"template":"","meta":{"inline_featured_image":false,"neve_meta_sidebar":"","neve_meta_container":"","neve_meta_enable_content_width":"off","neve_meta_content_width":100,"neve_meta_title_alignment":"","neve_meta_author_avatar":"","neve_post_elements_order":"","neve_meta_disable_header":"","neve_meta_disable_footer":"","neve_meta_disable_title":""},"pwb-brand":[29],"product_cat":[18],"product_tag":[],"yoast_head":"<!-- This site is optimized with the Yoast SEO plugin v22.6 - https:\/\/yoast.com\/wordpress\/plugins\/seo\/ -->\n<title>DS-D5AW\/Q - Wspornik montowany na \u015bcianie HIKVISION - Monitory Komercyjne Monitory komercyjne<\/title>\n<meta name=\"robots\" content=\"index, follow, max-snippet:-1, max-image-preview:large, max-video-preview:-1\" \/>\n<link rel=\"canonical\" href=\"https:\/\/monitorykomercyjne.pl\/index.php\/produkt\/ds-d5aw-q-wspornik-montowany-na-scianie-hikvision\/\" \/>\n<meta property=\"og:locale\" content=\"pl_PL\" \/>\n<meta property=\"og:type\" content=\"article\" \/>\n<meta property=\"og:title\" content=\"DS-D5AW\/Q - Wspornik montowany na \u015bcianie HIKVISION - Monitory Komercyjne Monitory komercyjne\" \/>\n<meta property=\"og:description\" content=\"Do monta\u017cu na \u015bcianie, odpowiedni do wszystkich wy\u015bwietlaczy interaktywnych\" \/>\n<meta property=\"og:url\" content=\"https:\/\/monitorykomercyjne.pl\/index.php\/produkt\/ds-d5aw-q-wspornik-montowany-na-scianie-hikvision\/\" \/>\n<meta property=\"og:site_name\" content=\"Monitory Komercyjne\" \/>\n<meta property=\"article:modified_time\" content=\"2024-05-09T07:40:02+00:00\" \/>\n<meta property=\"og:image\" content=\"https:\/\/monitorykomercyjne.pl\/wp-content\/uploads\/2024\/02\/DS-D5AWQ1.jpg\" \/>\n\t<meta property=\"og:image:width\" content=\"800\" \/>\n\t<meta property=\"og:image:height\" content=\"321\" \/>\n\t<meta property=\"og:image:type\" content=\"image\/jpeg\" \/>\n<meta name=\"twitter:card\" content=\"summary_large_image\" \/>\n<script type=\"application\/ld+json\" class=\"yoast-schema-graph\">{\"@context\":\"https:\/\/schema.org\",\"@graph\":[{\"@type\":\"WebPage\",\"@id\":\"https:\/\/monitorykomercyjne.pl\/index.php\/produkt\/ds-d5aw-q-wspornik-montowany-na-scianie-hikvision\/\",\"url\":\"https:\/\/monitorykomercyjne.pl\/index.php\/produkt\/ds-d5aw-q-wspornik-montowany-na-scianie-hikvision\/\",\"name\":\"DS-D5AW\/Q - Wspornik montowany na \u015bcianie HIKVISION - Monitory Komercyjne Monitory komercyjne\",\"isPartOf\":{\"@id\":\"https:\/\/monitorykomercyjne.pl\/#website\"},\"primaryImageOfPage\":{\"@id\":\"https:\/\/monitorykomercyjne.pl\/index.php\/produkt\/ds-d5aw-q-wspornik-montowany-na-scianie-hikvision\/#primaryimage\"},\"image\":{\"@id\":\"https:\/\/monitorykomercyjne.pl\/index.php\/produkt\/ds-d5aw-q-wspornik-montowany-na-scianie-hikvision\/#primaryimage\"},\"thumbnailUrl\":\"https:\/\/monitorykomercyjne.pl\/wp-content\/uploads\/2024\/02\/DS-D5AWQ1.jpg\",\"datePublished\":\"2024-02-21T08:57:52+00:00\",\"dateModified\":\"2024-05-09T07:40:02+00:00\",\"breadcrumb\":{\"@id\":\"https:\/\/monitorykomercyjne.pl\/index.php\/produkt\/ds-d5aw-q-wspornik-montowany-na-scianie-hikvision\/#breadcrumb\"},\"inLanguage\":\"pl-PL\",\"potentialAction\":[{\"@type\":\"ReadAction\",\"target\":[\"https:\/\/monitorykomercyjne.pl\/index.php\/produkt\/ds-d5aw-q-wspornik-montowany-na-scianie-hikvision\/\"]}]},{\"@type\":\"ImageObject\",\"inLanguage\":\"pl-PL\",\"@id\":\"https:\/\/monitorykomercyjne.pl\/index.php\/produkt\/ds-d5aw-q-wspornik-montowany-na-scianie-hikvision\/#primaryimage\",\"url\":\"https:\/\/monitorykomercyjne.pl\/wp-content\/uploads\/2024\/02\/DS-D5AWQ1.jpg\",\"contentUrl\":\"https:\/\/monitorykomercyjne.pl\/wp-content\/uploads\/2024\/02\/DS-D5AWQ1.jpg\",\"width\":800,\"height\":321},{\"@type\":\"BreadcrumbList\",\"@id\":\"https:\/\/monitorykomercyjne.pl\/index.php\/produkt\/ds-d5aw-q-wspornik-montowany-na-scianie-hikvision\/#breadcrumb\",\"itemListElement\":[{\"@type\":\"ListItem\",\"position\":1,\"name\":\"Strona g\u0142\u00f3wna\",\"item\":\"https:\/\/monitorykomercyjne.pl\/\"},{\"@type\":\"ListItem\",\"position\":2,\"name\":\"Produkty\",\"item\":\"https:\/\/monitorykomercyjne.pl\/index.php\/produkty\/\"},{\"@type\":\"ListItem\",\"position\":3,\"name\":\"DS-D5AW\/Q &#8211; Wspornik montowany na \u015bcianie HIKVISION\"}]},{\"@type\":\"WebSite\",\"@id\":\"https:\/\/monitorykomercyjne.pl\/#website\",\"url\":\"https:\/\/monitorykomercyjne.pl\/\",\"name\":\"Monitory Komercyjne\",\"description\":\"\",\"potentialAction\":[{\"@type\":\"SearchAction\",\"target\":{\"@type\":\"EntryPoint\",\"urlTemplate\":\"https:\/\/monitorykomercyjne.pl\/?s={search_term_string}\"},\"query-input\":\"required name=search_term_string\"}],\"inLanguage\":\"pl-PL\"}]}<\/script>\n<!-- \/ Yoast SEO plugin. -->","yoast_head_json":{"title":"DS-D5AW\/Q - Wspornik montowany na \u015bcianie HIKVISION - Monitory Komercyjne Monitory komercyjne","robots":{"index":"index","follow":"follow","max-snippet":"max-snippet:-1","max-image-preview":"max-image-preview:large","max-video-preview":"max-video-preview:-1"},"canonical":"https:\/\/monitorykomercyjne.pl\/index.php\/produkt\/ds-d5aw-q-wspornik-montowany-na-scianie-hikvision\/","og_locale":"pl_PL","og_type":"article","og_title":"DS-D5AW\/Q - Wspornik montowany na \u015bcianie HIKVISION - Monitory Komercyjne Monitory komercyjne","og_description":"Do monta\u017cu na \u015bcianie, odpowiedni do wszystkich wy\u015bwietlaczy interaktywnych","og_url":"https:\/\/monitorykomercyjne.pl\/index.php\/produkt\/ds-d5aw-q-wspornik-montowany-na-scianie-hikvision\/","og_site_name":"Monitory Komercyjne","article_modified_time":"2024-05-09T07:40:02+00:00","og_image":[{"width":800,"height":321,"url":"https:\/\/monitorykomercyjne.pl\/wp-content\/uploads\/2024\/02\/DS-D5AWQ1.jpg","type":"image\/jpeg"}],"twitter_card":"summary_large_image","schema":{"@context":"https:\/\/schema.org","@graph":[{"@type":"WebPage","@id":"https:\/\/monitorykomercyjne.pl\/index.php\/produkt\/ds-d5aw-q-wspornik-montowany-na-scianie-hikvision\/","url":"https:\/\/monitorykomercyjne.pl\/index.php\/produkt\/ds-d5aw-q-wspornik-montowany-na-scianie-hikvision\/","name":"DS-D5AW\/Q - Wspornik montowany na \u015bcianie HIKVISION - Monitory Komercyjne Monitory komercyjne","isPartOf":{"@id":"https:\/\/monitorykomercyjne.pl\/#website"},"primaryImageOfPage":{"@id":"https:\/\/monitorykomercyjne.pl\/index.php\/produkt\/ds-d5aw-q-wspornik-montowany-na-scianie-hikvision\/#primaryimage"},"image":{"@id":"https:\/\/monitorykomercyjne.pl\/index.php\/produkt\/ds-d5aw-q-wspornik-montowany-na-scianie-hikvision\/#primaryimage"},"thumbnailUrl":"https:\/\/monitorykomercyjne.pl\/wp-content\/uploads\/2024\/02\/DS-D5AWQ1.jpg","datePublished":"2024-02-21T08:57:52+00:00","dateModified":"2024-05-09T07:40:02+00:00","breadcrumb":{"@id":"https:\/\/monitorykomercyjne.pl\/index.php\/produkt\/ds-d5aw-q-wspornik-montowany-na-scianie-hikvision\/#breadcrumb"},"inLanguage":"pl-PL","potentialAction":[{"@type":"ReadAction","target":["https:\/\/monitorykomercyjne.pl\/index.php\/produkt\/ds-d5aw-q-wspornik-montowany-na-scianie-hikvision\/"]}]},{"@type":"ImageObject","inLanguage":"pl-PL","@id":"https:\/\/monitorykomercyjne.pl\/index.php\/produkt\/ds-d5aw-q-wspornik-montowany-na-scianie-hikvision\/#primaryimage","url":"https:\/\/monitorykomercyjne.pl\/wp-content\/uploads\/2024\/02\/DS-D5AWQ1.jpg","contentUrl":"https:\/\/monitorykomercyjne.pl\/wp-content\/uploads\/2024\/02\/DS-D5AWQ1.jpg","width":800,"height":321},{"@type":"BreadcrumbList","@id":"https:\/\/monitorykomercyjne.pl\/index.php\/produkt\/ds-d5aw-q-wspornik-montowany-na-scianie-hikvision\/#breadcrumb","itemListElement":[{"@type":"ListItem","position":1,"name":"Strona g\u0142\u00f3wna","item":"https:\/\/monitorykomercyjne.pl\/"},{"@type":"ListItem","position":2,"name":"Produkty","item":"https:\/\/monitorykomercyjne.pl\/index.php\/produkty\/"},{"@type":"ListItem","position":3,"name":"DS-D5AW\/Q &#8211; Wspornik montowany na \u015bcianie HIKVISION"}]},{"@type":"WebSite","@id":"https:\/\/monitorykomercyjne.pl\/#website","url":"https:\/\/monitorykomercyjne.pl\/","name":"Monitory Komercyjne","description":"","potentialAction":[{"@type":"SearchAction","target":{"@type":"EntryPoint","urlTemplate":"https:\/\/monitorykomercyjne.pl\/?s={search_term_string}"},"query-input":"required name=search_term_string"}],"inLanguage":"pl-PL"}]}},"brands":[{"id":29,"name":"Hikvision","slug":"hikvision"}],"_links":{"self":[{"href":"https:\/\/monitorykomercyjne.pl\/index.php\/wp-json\/wp\/v2\/product\/87"}],"collection":[{"href":"https:\/\/monitorykomercyjne.pl\/index.php\/wp-json\/wp\/v2\/product"}],"about":[{"href":"https:\/\/monitorykomercyjne.pl\/index.php\/wp-json\/wp\/v2\/types\/product"}],"wp:featuredmedia":[{"embeddable":true,"href":"https:\/\/monitorykomercyjne.pl\/index.php\/wp-json\/wp\/v2\/media\/108"}],"wp:attachment":[{"href":"https:\/\/monitorykomercyjne.pl\/index.php\/wp-json\/wp\/v2\/media?parent=87"}],"wp:term":[{"taxonomy":"pwb-brand","embeddable":true,"href":"https:\/\/monitorykomercyjne.pl\/index.php\/wp-json\/wp\/v2\/pwb-brand?post=87"},{"taxonomy":"product_cat","embeddable":true,"href":"https:\/\/monitorykomercyjne.pl\/index.php\/wp-json\/wp\/v2\/product_cat?post=87"},{"taxonomy":"product_tag","embeddable":true,"href":"https:\/\/monitorykomercyjne.pl\/index.php\/wp-json\/wp\/v2\/product_tag?post=87"}],"curies":[{"name":"wp","href":"https:\/\/api.w.org\/{rel}","templated":true}]}}